{"id":20886,"date":"2025-10-14T14:03:19","date_gmt":"2025-10-14T14:03:19","guid":{"rendered":"https:\/\/www.ghostysky.com\/?post_type=product&#038;p=20886"},"modified":"2025-10-15T10:18:45","modified_gmt":"2025-10-15T10:18:45","slug":"dji-terra-standard-dji-modify-flagship-permanent","status":"publish","type":"product","link":"https:\/\/www.ghostysky.com\/pt\/product\/dji-terra-standard-dji-modify-flagship-permanent\/","title":{"rendered":"DJI Terra Standard + DJI Modify Flagship Permanent"},"content":{"rendered":"<h3>1. <span class=\"citation-120 citation-end-120\">DJI Terra Standard (Licen\u00e7a Permanente)<\/span><\/h3>\n<p><span class=\"citation-119 citation-end-119\">O DJI Terra \u00e9 o principal software de modelagem e mapeamento 3D que converte dados capturados por drones em ativos digitais precisos.<\/span> <span class=\"citation-118\">O <\/span><b><span class=\"citation-118\">Padr\u00e3o Permanente<\/span><\/b><span class=\"citation-118 citation-end-118\"> a licen\u00e7a oferece acesso perp\u00e9tuo a recursos essenciais de n\u00edvel profissional:<\/span><\/p>\n<ul>\n<li><b>Fotogrametria 2D e 3D:<\/b><span class=\"citation-117 citation-end-117\"> Gere rapidamente ortomosaicos 2D de alta resolu\u00e7\u00e3o, nuvens de pontos e modelos 3D de alta precis\u00e3o a partir de imagens de drones.<\/span><\/li>\n<li><b><span class=\"citation-116\">LiDAR e processamento multiespectral:<\/span><\/b><span class=\"citation-116 citation-end-116\"> Processa dados do DJI Zenmuse LiDAR e sensores multiespectrais para criar nuvens de pontos precisas, mapas 2D e mapas de \u00edndice de vegeta\u00e7\u00e3o (como NDVI\/NDRE) para agricultura e pesquisa.<\/span><\/li>\n<li><b><span class=\"citation-115\">Reconstru\u00e7\u00e3o de \u00faltima gera\u00e7\u00e3o:<\/span><\/b><span class=\"citation-115\"> Apresenta tecnologias avan\u00e7adas de reconstru\u00e7\u00e3o, incluindo <\/span><b><span class=\"citation-115\">Espalhamento Gaussiano 3D<\/span><\/b><span class=\"citation-115 citation-end-115\">, para gerar modelos 3D excepcionalmente realistas com alta fidelidade visual, restaurando com precis\u00e3o detalhes finos, objetos transparentes e reflexos.<\/span><\/li>\n<li><b>Planejamento da Miss\u00e3o:<\/b><span class=\"citation-114 citation-end-114\"> Inclui ferramentas para planejamento automatizado de trajet\u00f3ria de voo (waypoints, \u00e1rea, obl\u00edqua, miss\u00f5es de corredor) para garantir a captura ideal de dados.<\/span><\/li>\n<li><b><span class=\"citation-113\">Acesso Permanente:<\/span><\/b><span class=\"citation-113 citation-end-113\"> A licen\u00e7a \u00e9 permanente, garantindo a voc\u00ea propriedade e uso perp\u00e9tuos dos recursos do software.<\/span><\/li>\n<\/ul>\n<h3>2. DJI Modify Flagship (Licen\u00e7a Permanente)<\/h3>\n<p><span class=\"citation-112 citation-end-112\">O DJI Modify \u00e9 um software complementar inteligente para refinar e polir os modelos criados no DJI Terra.<\/span> <span class=\"citation-111\">O <\/span><b><span class=\"citation-111\">Flagship Permanent<\/span><\/b><span class=\"citation-111 citation-end-111\"> A licen\u00e7a fornece um conjunto completo de ferramentas de edi\u00e7\u00e3o avan\u00e7adas assistidas por IA com uma compra \u00fanica:<\/span><\/p>\n<ul>\n<li><b>Fluxo de trabalho cont\u00ednuo:<\/b><span class=\"citation-110 citation-end-110\"> Funciona em conjunto com o DJI Terra, permitindo o lan\u00e7amento com apenas um clique de um projeto Terra para um fluxo de trabalho eficiente do modelo \u00e0 edi\u00e7\u00e3o.<\/span><\/li>\n<li><b>Reparo de malha inteligente:<\/b> Usa algoritmos inteligentes para identificar e reparar rapidamente defeitos comuns em malhas 3D, incluindo:\n<ul>\n<li><b><span class=\"citation-109\">Remo\u00e7\u00e3o de pe\u00e7as flutuantes:<\/span><\/b><span class=\"citation-109 citation-end-109\"> Limpe facilmente geometrias dispersas ou suspensas.<\/span><\/li>\n<li><b>Preenchimento de buracos:<\/b><span class=\"citation-108 citation-end-108\"> Corrige automaticamente lacunas e buracos na malha.<\/span><\/li>\n<li><b>Achatamento:<\/b><span class=\"citation-107 citation-end-107\"> Detecte e alise superf\u00edcies (como remover carros ou placas) para limpar a textura e a superf\u00edcie do modelo.<\/span><\/li>\n<li><b>Reparo de superf\u00edcie de \u00e1gua:<\/b> Cria de forma inteligente superf\u00edcies de \u00e1gua suaves e realistas.<\/li>\n<\/ul>\n<\/li>\n<li><b>Edi\u00e7\u00e3o avan\u00e7ada de nuvem de pontos:<\/b><span class=\"citation-106 citation-end-106\"> Inclui ferramentas poderosas para suaviza\u00e7\u00e3o de nuvem de pontos, redu\u00e7\u00e3o de ru\u00eddo, redu\u00e7\u00e3o de amostragem e gera\u00e7\u00e3o automatizada de terreno.<\/span><\/li>\n<li><b><span class=\"citation-105\">Reparo de textura:<\/span><\/b><span class=\"citation-105 citation-end-105\"> Ferramentas avan\u00e7adas como \u201cApagar\u201d e \u201cClonar\u201d para corrigir e mesclar texturas no modelo sem problemas.<\/span><\/li>\n<li><b><span class=\"citation-104\">Acesso Permanente:<\/span><\/b><span class=\"citation-104 citation-end-104\"> Esta \u00e9 uma licen\u00e7a permanente, que fornece acesso ilimitado e perp\u00e9tuo a todos os recursos do Flagship sem taxas de assinatura anual.<\/span><\/li>\n<\/ul>\n<h3>Principais benef\u00edcios do pacote<\/h3>\n<ul>\n<li><b><span class=\"citation-103\">Solu\u00e7\u00e3o de ponta a ponta:<\/span><\/b><span class=\"citation-103 citation-end-103\"> Oferece uma plataforma unificada e completa para aquisi\u00e7\u00e3o, processamento, reconstru\u00e7\u00e3o e refinamento profissional de dados, eliminando a necessidade de software fragmentado de terceiros.<\/span><\/li>\n<li><b><span class=\"citation-102\">Qualidade Profissional:<\/span><\/b><span class=\"citation-102 citation-end-102\"> Forne\u00e7a mapas 2D altamente precisos e modelos 3D impressionantes e fotorrealistas gra\u00e7as \u00e0 integra\u00e7\u00e3o de fotogrametria avan\u00e7ada, processamento LiDAR e Gaussian Splatting.<\/span><\/li>\n<li><b>Efici\u00eancia:<\/b><span class=\"citation-101 citation-end-101\"> Reduz significativamente o tempo de p\u00f3s-processamento com os recursos inteligentes de reparo com um clique do DJI Modify, acelerando a entrega do projeto.<\/span><\/li>\n<li><b><span class=\"citation-100\">Propriedade perp\u00e9tua:<\/span><\/b><span class=\"citation-100 citation-end-100\"> As licen\u00e7as permanentes fornecem valor de longo prazo e uso irrestrito do software, protegendo seu investimento.<\/span><\/li>\n<\/ul>","protected":false},"excerpt":{"rendered":"<p>Este pacote abrangente fornece uma solu\u00e7\u00e3o completa para levantamento a\u00e9reo, modelagem 3D e p\u00f3s-processamento, combinando recursos b\u00e1sicos de reconstru\u00e7\u00e3o com ferramentas avan\u00e7adas de edi\u00e7\u00e3o permanente para profissionais em levantamento, mapeamento, constru\u00e7\u00e3o e infraestrutura.<\/p>","protected":false},"featured_media":19353,"comment_status":"open","ping_status":"closed","template":"","meta":[],"product_brand":[1031],"product_cat":[37,939],"product_tag":[42,1032],"class_list":{"0":"post-20886","1":"product","2":"type-product","3":"status-publish","4":"has-post-thumbnail","6":"product_brand-dji","7":"product_cat-dji","8":"product_cat-software-dji","9":"product_tag-dji","10":"product_tag-dji-terra","12":"first","13":"onbackorder","14":"taxable","15":"shipping-taxable","16":"purchasable","17":"product-type-simple"},"yoast_head":"<!-- This site is optimized with the Yoast SEO plugin v27.1.1 - https:\/\/yoast.com\/product\/yoast-seo-wordpress\/ -->\n<title>DJI Terra Standard + DJI Modify Flagship Permanent - Ghostysky<\/title>\n<meta name=\"description\" content=\"This comprehensive package provides an end-to-end solution for aerial surveying, 3D modeling, and post-processing, combining core reconstruction capabilities with advanced, permanent editing tools for professionals in surveying, mapping, construction, and infrastructure.\" \/>\n<meta name=\"robots\" content=\"index, follow, max-snippet:-1, max-image-preview:large, max-video-preview:-1\" \/>\n<link rel=\"canonical\" href=\"https:\/\/www.ghostysky.com\/pt\/produto-2\/dji-terra-standard-dji-modify-flagship-permanent\/\" \/>\n<meta property=\"og:locale\" content=\"pt_PT\" \/>\n<meta property=\"og:type\" content=\"article\" \/>\n<meta property=\"og:title\" content=\"DJI Terra Standard + DJI Modify Flagship Permanent - Ghostysky\" \/>\n<meta property=\"og:description\" content=\"This comprehensive package provides an end-to-end solution for aerial surveying, 3D modeling, and post-processing, combining core reconstruction capabilities with advanced, permanent editing tools for professionals in surveying, mapping, construction, and infrastructure.\" \/>\n<meta property=\"og:url\" content=\"https:\/\/www.ghostysky.com\/pt\/produto-2\/dji-terra-standard-dji-modify-flagship-permanent\/\" \/>\n<meta property=\"og:site_name\" content=\"Ghostysky\" \/>\n<meta property=\"article:publisher\" content=\"https:\/\/www.facebook.com\/people\/Ghostysky\/100057676170234\/\" \/>\n<meta property=\"article:modified_time\" content=\"2025-10-15T10:18:45+00:00\" \/>\n<meta property=\"og:image\" content=\"https:\/\/www.ghostysky.com\/wp-content\/uploads\/2024\/05\/GH_dji-terra-pro-overseas-perpetual-1.jpg\" \/>\n\t<meta property=\"og:image:width\" content=\"800\" \/>\n\t<meta property=\"og:image:height\" content=\"644\" \/>\n\t<meta property=\"og:image:type\" content=\"image\/jpeg\" \/>\n<meta name=\"twitter:card\" content=\"summary_large_image\" \/>\n<meta name=\"twitter:site\" content=\"@Gh0stysky\" \/>\n<meta name=\"twitter:label1\" content=\"Tempo estimado de leitura\" \/>\n\t<meta name=\"twitter:data1\" content=\"2 minutos\" \/>\n<script type=\"application\/ld+json\" class=\"yoast-schema-graph\">{\"@context\":\"https:\/\/schema.org\",\"@graph\":[{\"@type\":\"WebPage\",\"@id\":\"https:\/\/www.ghostysky.com\/product\/dji-terra-standard-dji-modify-flagship-permanent\/\",\"url\":\"https:\/\/www.ghostysky.com\/product\/dji-terra-standard-dji-modify-flagship-permanent\/\",\"name\":\"DJI Terra Standard + DJI Modify Flagship Permanent - Ghostysky\",\"isPartOf\":{\"@id\":\"https:\/\/www.ghostysky.com\/#website\"},\"primaryImageOfPage\":{\"@id\":\"https:\/\/www.ghostysky.com\/product\/dji-terra-standard-dji-modify-flagship-permanent\/#primaryimage\"},\"image\":{\"@id\":\"https:\/\/www.ghostysky.com\/product\/dji-terra-standard-dji-modify-flagship-permanent\/#primaryimage\"},\"thumbnailUrl\":\"https:\/\/www.ghostysky.com\/wp-content\/uploads\/2024\/05\/GH_dji-terra-pro-overseas-perpetual-1.jpg\",\"datePublished\":\"2025-10-14T14:03:19+00:00\",\"dateModified\":\"2025-10-15T10:18:45+00:00\",\"description\":\"This comprehensive package provides an end-to-end solution for aerial surveying, 3D modeling, and post-processing, combining core reconstruction capabilities with advanced, permanent editing tools for professionals in surveying, mapping, construction, and infrastructure.\",\"breadcrumb\":{\"@id\":\"https:\/\/www.ghostysky.com\/product\/dji-terra-standard-dji-modify-flagship-permanent\/#breadcrumb\"},\"inLanguage\":\"pt-PT\",\"potentialAction\":[{\"@type\":\"ReadAction\",\"target\":[\"https:\/\/www.ghostysky.com\/product\/dji-terra-standard-dji-modify-flagship-permanent\/\"]}]},{\"@type\":\"ImageObject\",\"inLanguage\":\"pt-PT\",\"@id\":\"https:\/\/www.ghostysky.com\/product\/dji-terra-standard-dji-modify-flagship-permanent\/#primaryimage\",\"url\":\"https:\/\/www.ghostysky.com\/wp-content\/uploads\/2024\/05\/GH_dji-terra-pro-overseas-perpetual-1.jpg\",\"contentUrl\":\"https:\/\/www.ghostysky.com\/wp-content\/uploads\/2024\/05\/GH_dji-terra-pro-overseas-perpetual-1.jpg\",\"width\":800,\"height\":644},{\"@type\":\"BreadcrumbList\",\"@id\":\"https:\/\/www.ghostysky.com\/product\/dji-terra-standard-dji-modify-flagship-permanent\/#breadcrumb\",\"itemListElement\":[{\"@type\":\"ListItem\",\"position\":1,\"name\":\"Home\",\"item\":\"https:\/\/www.ghostysky.com\/\"},{\"@type\":\"ListItem\",\"position\":2,\"name\":\"Shop\",\"item\":\"https:\/\/www.ghostysky.com\/shop\/\"},{\"@type\":\"ListItem\",\"position\":3,\"name\":\"DJI Terra Standard + DJI Modify Flagship Permanent\"}]},{\"@type\":\"WebSite\",\"@id\":\"https:\/\/www.ghostysky.com\/#website\",\"url\":\"https:\/\/www.ghostysky.com\/\",\"name\":\"Ghostysky\",\"description\":\"Delivering professional drones and services\",\"publisher\":{\"@id\":\"https:\/\/www.ghostysky.com\/#organization\"},\"potentialAction\":[{\"@type\":\"SearchAction\",\"target\":{\"@type\":\"EntryPoint\",\"urlTemplate\":\"https:\/\/www.ghostysky.com\/?s={search_term_string}\"},\"query-input\":{\"@type\":\"PropertyValueSpecification\",\"valueRequired\":true,\"valueName\":\"search_term_string\"}}],\"inLanguage\":\"pt-PT\"},{\"@type\":\"Organization\",\"@id\":\"https:\/\/www.ghostysky.com\/#organization\",\"name\":\"Ghostysky\",\"url\":\"https:\/\/www.ghostysky.com\/\",\"logo\":{\"@type\":\"ImageObject\",\"inLanguage\":\"pt-PT\",\"@id\":\"https:\/\/www.ghostysky.com\/#\/schema\/logo\/image\/\",\"url\":\"https:\/\/www.ghostysky.com\/wp-content\/uploads\/2020\/06\/cropped-ghostyskylogo_text_white2.png\",\"contentUrl\":\"https:\/\/www.ghostysky.com\/wp-content\/uploads\/2020\/06\/cropped-ghostyskylogo_text_white2.png\",\"width\":169,\"height\":56,\"caption\":\"Ghostysky\"},\"image\":{\"@id\":\"https:\/\/www.ghostysky.com\/#\/schema\/logo\/image\/\"},\"sameAs\":[\"https:\/\/www.facebook.com\/people\/Ghostysky\/100057676170234\/\",\"https:\/\/x.com\/Gh0stysky\",\"https:\/\/www.linkedin.com\/company\/34739653\",\"https:\/\/www.instagram.com\/gh0stysky\"]}]}<\/script>\n<!-- \/ Yoast SEO plugin. -->","yoast_head_json":{"title":"DJI Terra Standard + DJI Modify Flagship Permanente - Ghostysky","description":"Este pacote abrangente fornece uma solu\u00e7\u00e3o completa para levantamento a\u00e9reo, modelagem 3D e p\u00f3s-processamento, combinando recursos b\u00e1sicos de reconstru\u00e7\u00e3o com ferramentas avan\u00e7adas de edi\u00e7\u00e3o permanente para profissionais em levantamento, mapeamento, constru\u00e7\u00e3o e infraestrutura.","robots":{"index":"index","follow":"follow","max-snippet":"max-snippet:-1","max-image-preview":"max-image-preview:large","max-video-preview":"max-video-preview:-1"},"canonical":"https:\/\/www.ghostysky.com\/pt\/produto-2\/dji-terra-standard-dji-modify-flagship-permanent\/","og_locale":"pt_PT","og_type":"article","og_title":"DJI Terra Standard + DJI Modify Flagship Permanent - Ghostysky","og_description":"This comprehensive package provides an end-to-end solution for aerial surveying, 3D modeling, and post-processing, combining core reconstruction capabilities with advanced, permanent editing tools for professionals in surveying, mapping, construction, and infrastructure.","og_url":"https:\/\/www.ghostysky.com\/pt\/produto-2\/dji-terra-standard-dji-modify-flagship-permanent\/","og_site_name":"Ghostysky","article_publisher":"https:\/\/www.facebook.com\/people\/Ghostysky\/100057676170234\/","article_modified_time":"2025-10-15T10:18:45+00:00","og_image":[{"width":800,"height":644,"url":"https:\/\/www.ghostysky.com\/wp-content\/uploads\/2024\/05\/GH_dji-terra-pro-overseas-perpetual-1.jpg","type":"image\/jpeg"}],"twitter_card":"summary_large_image","twitter_site":"@Gh0stysky","twitter_misc":{"Tempo estimado de leitura":"2 minutos"},"schema":{"@context":"https:\/\/schema.org","@graph":[{"@type":"WebPage","@id":"https:\/\/www.ghostysky.com\/product\/dji-terra-standard-dji-modify-flagship-permanent\/","url":"https:\/\/www.ghostysky.com\/product\/dji-terra-standard-dji-modify-flagship-permanent\/","name":"DJI Terra Standard + DJI Modify Flagship Permanente - Ghostysky","isPartOf":{"@id":"https:\/\/www.ghostysky.com\/#website"},"primaryImageOfPage":{"@id":"https:\/\/www.ghostysky.com\/product\/dji-terra-standard-dji-modify-flagship-permanent\/#primaryimage"},"image":{"@id":"https:\/\/www.ghostysky.com\/product\/dji-terra-standard-dji-modify-flagship-permanent\/#primaryimage"},"thumbnailUrl":"https:\/\/www.ghostysky.com\/wp-content\/uploads\/2024\/05\/GH_dji-terra-pro-overseas-perpetual-1.jpg","datePublished":"2025-10-14T14:03:19+00:00","dateModified":"2025-10-15T10:18:45+00:00","description":"Este pacote abrangente fornece uma solu\u00e7\u00e3o completa para levantamento a\u00e9reo, modelagem 3D e p\u00f3s-processamento, combinando recursos b\u00e1sicos de reconstru\u00e7\u00e3o com ferramentas avan\u00e7adas de edi\u00e7\u00e3o permanente para profissionais em levantamento, mapeamento, constru\u00e7\u00e3o e infraestrutura.","breadcrumb":{"@id":"https:\/\/www.ghostysky.com\/product\/dji-terra-standard-dji-modify-flagship-permanent\/#breadcrumb"},"inLanguage":"pt-PT","potentialAction":[{"@type":"ReadAction","target":["https:\/\/www.ghostysky.com\/product\/dji-terra-standard-dji-modify-flagship-permanent\/"]}]},{"@type":"ImageObject","inLanguage":"pt-PT","@id":"https:\/\/www.ghostysky.com\/product\/dji-terra-standard-dji-modify-flagship-permanent\/#primaryimage","url":"https:\/\/www.ghostysky.com\/wp-content\/uploads\/2024\/05\/GH_dji-terra-pro-overseas-perpetual-1.jpg","contentUrl":"https:\/\/www.ghostysky.com\/wp-content\/uploads\/2024\/05\/GH_dji-terra-pro-overseas-perpetual-1.jpg","width":800,"height":644},{"@type":"BreadcrumbList","@id":"https:\/\/www.ghostysky.com\/product\/dji-terra-standard-dji-modify-flagship-permanent\/#breadcrumb","itemListElement":[{"@type":"ListItem","position":1,"name":"Home","item":"https:\/\/www.ghostysky.com\/"},{"@type":"ListItem","position":2,"name":"Shop","item":"https:\/\/www.ghostysky.com\/shop\/"},{"@type":"ListItem","position":3,"name":"DJI Terra Standard + DJI Modify Flagship Permanent"}]},{"@type":"WebSite","@id":"https:\/\/www.ghostysky.com\/#website","url":"https:\/\/www.ghostysky.com\/","name":"Ghostysky","description":"Fornecendo drones e servi\u00e7os profissionais","publisher":{"@id":"https:\/\/www.ghostysky.com\/#organization"},"potentialAction":[{"@type":"SearchAction","target":{"@type":"EntryPoint","urlTemplate":"https:\/\/www.ghostysky.com\/?s={search_term_string}"},"query-input":{"@type":"PropertyValueSpecification","valueRequired":true,"valueName":"search_term_string"}}],"inLanguage":"pt-PT"},{"@type":"Organization","@id":"https:\/\/www.ghostysky.com\/#organization","name":"Ghostysky","url":"https:\/\/www.ghostysky.com\/","logo":{"@type":"ImageObject","inLanguage":"pt-PT","@id":"https:\/\/www.ghostysky.com\/#\/schema\/logo\/image\/","url":"https:\/\/www.ghostysky.com\/wp-content\/uploads\/2020\/06\/cropped-ghostyskylogo_text_white2.png","contentUrl":"https:\/\/www.ghostysky.com\/wp-content\/uploads\/2020\/06\/cropped-ghostyskylogo_text_white2.png","width":169,"height":56,"caption":"Ghostysky"},"image":{"@id":"https:\/\/www.ghostysky.com\/#\/schema\/logo\/image\/"},"sameAs":["https:\/\/www.facebook.com\/people\/Ghostysky\/100057676170234\/","https:\/\/x.com\/Gh0stysky","https:\/\/www.linkedin.com\/company\/34739653","https:\/\/www.instagram.com\/gh0stysky"]}]}},"_links":{"self":[{"href":"https:\/\/www.ghostysky.com\/pt\/wp-json\/wp\/v2\/product\/20886","targetHints":{"allow":["GET"]}}],"collection":[{"href":"https:\/\/www.ghostysky.com\/pt\/wp-json\/wp\/v2\/product"}],"about":[{"href":"https:\/\/www.ghostysky.com\/pt\/wp-json\/wp\/v2\/types\/product"}],"replies":[{"embeddable":true,"href":"https:\/\/www.ghostysky.com\/pt\/wp-json\/wp\/v2\/comments?post=20886"}],"wp:featuredmedia":[{"embeddable":true,"href":"https:\/\/www.ghostysky.com\/pt\/wp-json\/wp\/v2\/media\/19353"}],"wp:attachment":[{"href":"https:\/\/www.ghostysky.com\/pt\/wp-json\/wp\/v2\/media?parent=20886"}],"wp:term":[{"taxonomy":"product_brand","embeddable":true,"href":"https:\/\/www.ghostysky.com\/pt\/wp-json\/wp\/v2\/product_brand?post=20886"},{"taxonomy":"product_cat","embeddable":true,"href":"https:\/\/www.ghostysky.com\/pt\/wp-json\/wp\/v2\/product_cat?post=20886"},{"taxonomy":"product_tag","embeddable":true,"href":"https:\/\/www.ghostysky.com\/pt\/wp-json\/wp\/v2\/product_tag?post=20886"}],"curies":[{"name":"wp","href":"https:\/\/api.w.org\/{rel}","templated":true}]}}