{"id":20888,"date":"2025-10-14T14:12:22","date_gmt":"2025-10-14T14:12:22","guid":{"rendered":"https:\/\/www.ghostysky.com\/?post_type=product&#038;p=20888"},"modified":"2025-10-15T10:18:15","modified_gmt":"2025-10-15T10:18:15","slug":"dji-terra-standard-to-flagship-version-upgrade-package-online","status":"publish","type":"product","link":"https:\/\/www.ghostysky.com\/pt\/product\/dji-terra-standard-to-flagship-version-upgrade-package-online\/","title":{"rendered":"Pacote de atualiza\u00e7\u00e3o da vers\u00e3o padr\u00e3o para a principal do DJI Terra (online)"},"content":{"rendered":"<h3>Principais recursos de atualiza\u00e7\u00e3o para o carro-chefe<\/h3>\n<p><span class=\"citation-145 citation-end-145\">A atualiza\u00e7\u00e3o transforma sua licen\u00e7a Standard adicionando ferramentas poderosas otimizadas para aplica\u00e7\u00f5es industriais e de infraestrutura avan\u00e7adas:<\/span><\/p>\n<ul>\n<li><b>Espalhamento Gaussiano 3D:<\/b><span class=\"citation-144 citation-end-144\"> Gere modelos 3D ultraprecisos e altamente fotorrealistas a partir de imagens de drones de forma r\u00e1pida e eficiente.<\/span> <span class=\"citation-143 citation-end-143\">Esta tecnologia de ponta se destaca na restaura\u00e7\u00e3o precisa de cenas complexas, incluindo estruturas finas, objetos transparentes\/reflexivos e vegeta\u00e7\u00e3o densa.<\/span><\/li>\n<li><b><span class=\"citation-142\">Fus\u00e3o LiDAR + Fotogrametria:<\/span><\/b><span class=\"citation-142 citation-end-142\"> Integre perfeitamente dados de luz vis\u00edvel com nuvens de pontos capturadas pelos sensores DJI Zenmuse LiDAR (como o L2) para criar nuvens de pontos 3D e modelos de malha ricos e altamente precisos.<\/span><\/li>\n<li><b>Ferramentas de eletricidade e infraestrutura:<\/b><span class=\"citation-141 citation-end-141\"> Obtenha acesso a fluxos de trabalho especializados e um m\u00f3dulo dedicado para inspe\u00e7\u00e3o detalhada e mapeamento de linhas de energia, corredores de transmiss\u00e3o e outras infraestruturas cr\u00edticas.<\/span><\/li>\n<li><b>Gerenciamento de v\u00e1rios dispositivos (recurso principal):<\/b><span class=\"citation-140 citation-end-140\"> Embora a vers\u00e3o Standard normalmente esteja vinculada a um \u00fanico dispositivo, a vers\u00e3o Flagship pode oferecer suporte para vincula\u00e7\u00e3o a mais dispositivos (verifique os termos de licen\u00e7a espec\u00edficos, pois algumas vers\u00f5es Flagship oferecem suporte a at\u00e9 10 dispositivos).<\/span><\/li>\n<\/ul>\n<h3>Resumo do produto<\/h3>\n<ul>\n<li><b>Produto:<\/b><span class=\"citation-139 citation-end-139\"> Pacote de atualiza\u00e7\u00e3o da vers\u00e3o padr\u00e3o para a principal do DJI Terra (online)<\/span><\/li>\n<li><b><span class=\"citation-138\">Prop\u00f3sito:<\/span><\/b><span class=\"citation-138 citation-end-138\"> Eleva uma licen\u00e7a DJI Terra Standard existente para a vers\u00e3o Flagship repleta de recursos.<\/span><\/li>\n<li><b><span class=\"citation-137\">Ativa\u00e7\u00e3o:<\/span><\/b><span class=\"citation-137 citation-end-137\"> Autoriza\u00e7\u00e3o on-line necess\u00e1ria para gerenciamento e uso de licen\u00e7as.<\/span><\/li>\n<li><b>Usu\u00e1rio alvo:<\/b><span class=\"citation-136 citation-end-136\"> Profissionais corporativos, top\u00f3grafos e engenheiros que precisam de reconstru\u00e7\u00e3o 3D da mais alta fidelidade, ferramentas especializadas de inspe\u00e7\u00e3o de infraestrutura e recursos avan\u00e7ados de processamento de dados.<\/span><\/li>\n<\/ul>\n<p><span class=\"citation-135 citation-end-135\">Em ess\u00eancia, este pacote \u00e9 a ponte profissional para o mapeamento de \u00faltima gera\u00e7\u00e3o, fornecendo tecnologia avan\u00e7ada para lidar com os projetos mais exigentes em topografia, constru\u00e7\u00e3o, energia e modelagem de infraestrutura.<\/span><\/p>","protected":false},"excerpt":{"rendered":"<p><span class=\"citation-147\">O <\/span><b><span class=\"citation-147\">Pacote de atualiza\u00e7\u00e3o da vers\u00e3o padr\u00e3o para a principal do DJI Terra (online)<\/span><\/b><span class=\"citation-147 citation-end-147\"> \u00e9 uma atualiza\u00e7\u00e3o de licen\u00e7a de software projetada para usu\u00e1rios com uma licen\u00e7a DJI Terra Standard existente que desejam desbloquear todos os recursos avan\u00e7ados da vers\u00e3o Flagship.<\/span><\/p>\n<p><span class=\"citation-146 citation-end-146\">Esta atualiza\u00e7\u00e3o somente online fornece acesso ao n\u00edvel mais alto do software profissional de modelagem e mapeamento 3D da DJI, simplificando fluxos de trabalho complexos de levantamento a\u00e9reo.<\/span><\/p>","protected":false},"featured_media":19353,"comment_status":"open","ping_status":"closed","template":"","meta":[],"product_brand":[1031],"product_cat":[37,29,939],"product_tag":[42,1032],"class_list":{"0":"post-20888","1":"product","2":"type-product","3":"status-publish","4":"has-post-thumbnail","6":"product_brand-dji","7":"product_cat-dji","8":"product_cat-drones","9":"product_cat-software-dji","10":"product_tag-dji","11":"product_tag-dji-terra","13":"first","14":"onbackorder","15":"taxable","16":"shipping-taxable","17":"product-type-simple"},"yoast_head":"<!-- This site is optimized with the Yoast SEO plugin v27.1.1 - https:\/\/yoast.com\/product\/yoast-seo-wordpress\/ -->\n<title>DJI Terra Standard to Flagship Version Upgrade Package (Online) - Ghostysky<\/title>\n<meta name=\"description\" content=\"The DJI Terra Standard to Flagship Version Upgrade Package (Online) is a software license upgrade designed for users with an existing DJI Terra Standard license who wish to unlock the full, advanced features of the Flagship version.This online-only upgrade provides access to the highest tier of DJI&#039;s professional 3D modeling and mapping software, streamlining complex aerial surveying workflows.\" \/>\n<meta name=\"robots\" content=\"index, follow, max-snippet:-1, max-image-preview:large, max-video-preview:-1\" \/>\n<link rel=\"canonical\" href=\"https:\/\/www.ghostysky.com\/pt\/produto-2\/dji-terra-standard-to-flagship-version-upgrade-package-online\/\" \/>\n<meta property=\"og:locale\" content=\"pt_PT\" \/>\n<meta property=\"og:type\" content=\"article\" \/>\n<meta property=\"og:title\" content=\"DJI Terra Standard to Flagship Version Upgrade Package (Online) - Ghostysky\" \/>\n<meta property=\"og:description\" content=\"The DJI Terra Standard to Flagship Version Upgrade Package (Online) is a software license upgrade designed for users with an existing DJI Terra Standard license who wish to unlock the full, advanced features of the Flagship version.This online-only upgrade provides access to the highest tier of DJI&#039;s professional 3D modeling and mapping software, streamlining complex aerial surveying workflows.\" \/>\n<meta property=\"og:url\" content=\"https:\/\/www.ghostysky.com\/pt\/produto-2\/dji-terra-standard-to-flagship-version-upgrade-package-online\/\" \/>\n<meta property=\"og:site_name\" content=\"Ghostysky\" \/>\n<meta property=\"article:publisher\" content=\"https:\/\/www.facebook.com\/people\/Ghostysky\/100057676170234\/\" \/>\n<meta property=\"article:modified_time\" content=\"2025-10-15T10:18:15+00:00\" \/>\n<meta property=\"og:image\" content=\"https:\/\/www.ghostysky.com\/wp-content\/uploads\/2024\/05\/GH_dji-terra-pro-overseas-perpetual-1.jpg\" \/>\n\t<meta property=\"og:image:width\" content=\"800\" \/>\n\t<meta property=\"og:image:height\" content=\"644\" \/>\n\t<meta property=\"og:image:type\" content=\"image\/jpeg\" \/>\n<meta name=\"twitter:card\" content=\"summary_large_image\" \/>\n<meta name=\"twitter:site\" content=\"@Gh0stysky\" \/>\n<meta name=\"twitter:label1\" content=\"Tempo estimado de leitura\" \/>\n\t<meta name=\"twitter:data1\" content=\"2 minutos\" \/>\n<script type=\"application\/ld+json\" class=\"yoast-schema-graph\">{\"@context\":\"https:\/\/schema.org\",\"@graph\":[{\"@type\":\"WebPage\",\"@id\":\"https:\/\/www.ghostysky.com\/product\/dji-terra-standard-to-flagship-version-upgrade-package-online\/\",\"url\":\"https:\/\/www.ghostysky.com\/product\/dji-terra-standard-to-flagship-version-upgrade-package-online\/\",\"name\":\"DJI Terra Standard to Flagship Version Upgrade Package (Online) - Ghostysky\",\"isPartOf\":{\"@id\":\"https:\/\/www.ghostysky.com\/#website\"},\"primaryImageOfPage\":{\"@id\":\"https:\/\/www.ghostysky.com\/product\/dji-terra-standard-to-flagship-version-upgrade-package-online\/#primaryimage\"},\"image\":{\"@id\":\"https:\/\/www.ghostysky.com\/product\/dji-terra-standard-to-flagship-version-upgrade-package-online\/#primaryimage\"},\"thumbnailUrl\":\"https:\/\/www.ghostysky.com\/wp-content\/uploads\/2024\/05\/GH_dji-terra-pro-overseas-perpetual-1.jpg\",\"datePublished\":\"2025-10-14T14:12:22+00:00\",\"dateModified\":\"2025-10-15T10:18:15+00:00\",\"description\":\"The DJI Terra Standard to Flagship Version Upgrade Package (Online) is a software license upgrade designed for users with an existing DJI Terra Standard license who wish to unlock the full, advanced features of the Flagship version.This online-only upgrade provides access to the highest tier of DJI's professional 3D modeling and mapping software, streamlining complex aerial surveying workflows.\",\"breadcrumb\":{\"@id\":\"https:\/\/www.ghostysky.com\/product\/dji-terra-standard-to-flagship-version-upgrade-package-online\/#breadcrumb\"},\"inLanguage\":\"pt-PT\",\"potentialAction\":[{\"@type\":\"ReadAction\",\"target\":[\"https:\/\/www.ghostysky.com\/product\/dji-terra-standard-to-flagship-version-upgrade-package-online\/\"]}]},{\"@type\":\"ImageObject\",\"inLanguage\":\"pt-PT\",\"@id\":\"https:\/\/www.ghostysky.com\/product\/dji-terra-standard-to-flagship-version-upgrade-package-online\/#primaryimage\",\"url\":\"https:\/\/www.ghostysky.com\/wp-content\/uploads\/2024\/05\/GH_dji-terra-pro-overseas-perpetual-1.jpg\",\"contentUrl\":\"https:\/\/www.ghostysky.com\/wp-content\/uploads\/2024\/05\/GH_dji-terra-pro-overseas-perpetual-1.jpg\",\"width\":800,\"height\":644},{\"@type\":\"BreadcrumbList\",\"@id\":\"https:\/\/www.ghostysky.com\/product\/dji-terra-standard-to-flagship-version-upgrade-package-online\/#breadcrumb\",\"itemListElement\":[{\"@type\":\"ListItem\",\"position\":1,\"name\":\"Home\",\"item\":\"https:\/\/www.ghostysky.com\/\"},{\"@type\":\"ListItem\",\"position\":2,\"name\":\"Shop\",\"item\":\"https:\/\/www.ghostysky.com\/shop\/\"},{\"@type\":\"ListItem\",\"position\":3,\"name\":\"DJI Terra Standard to Flagship Version Upgrade Package (Online)\"}]},{\"@type\":\"WebSite\",\"@id\":\"https:\/\/www.ghostysky.com\/#website\",\"url\":\"https:\/\/www.ghostysky.com\/\",\"name\":\"Ghostysky\",\"description\":\"Delivering professional drones and services\",\"publisher\":{\"@id\":\"https:\/\/www.ghostysky.com\/#organization\"},\"potentialAction\":[{\"@type\":\"SearchAction\",\"target\":{\"@type\":\"EntryPoint\",\"urlTemplate\":\"https:\/\/www.ghostysky.com\/?s={search_term_string}\"},\"query-input\":{\"@type\":\"PropertyValueSpecification\",\"valueRequired\":true,\"valueName\":\"search_term_string\"}}],\"inLanguage\":\"pt-PT\"},{\"@type\":\"Organization\",\"@id\":\"https:\/\/www.ghostysky.com\/#organization\",\"name\":\"Ghostysky\",\"url\":\"https:\/\/www.ghostysky.com\/\",\"logo\":{\"@type\":\"ImageObject\",\"inLanguage\":\"pt-PT\",\"@id\":\"https:\/\/www.ghostysky.com\/#\/schema\/logo\/image\/\",\"url\":\"https:\/\/www.ghostysky.com\/wp-content\/uploads\/2020\/06\/cropped-ghostyskylogo_text_white2.png\",\"contentUrl\":\"https:\/\/www.ghostysky.com\/wp-content\/uploads\/2020\/06\/cropped-ghostyskylogo_text_white2.png\",\"width\":169,\"height\":56,\"caption\":\"Ghostysky\"},\"image\":{\"@id\":\"https:\/\/www.ghostysky.com\/#\/schema\/logo\/image\/\"},\"sameAs\":[\"https:\/\/www.facebook.com\/people\/Ghostysky\/100057676170234\/\",\"https:\/\/x.com\/Gh0stysky\",\"https:\/\/www.linkedin.com\/company\/34739653\",\"https:\/\/www.instagram.com\/gh0stysky\"]}]}<\/script>\n<!-- \/ Yoast SEO plugin. -->","yoast_head_json":{"title":"Pacote de atualiza\u00e7\u00e3o da vers\u00e3o padr\u00e3o para a principal do DJI Terra (online) - Ghostysky","description":"O pacote de atualiza\u00e7\u00e3o da vers\u00e3o DJI Terra Standard para a vers\u00e3o Flagship (online) \u00e9 uma atualiza\u00e7\u00e3o de licen\u00e7a de software projetada para usu\u00e1rios com uma licen\u00e7a DJI Terra Standard existente que desejam desbloquear todos os recursos avan\u00e7ados da vers\u00e3o Flagship. Esta atualiza\u00e7\u00e3o, somente online, fornece acesso ao n\u00edvel mais alto do software profissional de modelagem e mapeamento 3D da DJI, simplificando fluxos de trabalho complexos de levantamento a\u00e9reo.","robots":{"index":"index","follow":"follow","max-snippet":"max-snippet:-1","max-image-preview":"max-image-preview:large","max-video-preview":"max-video-preview:-1"},"canonical":"https:\/\/www.ghostysky.com\/pt\/produto-2\/dji-terra-standard-to-flagship-version-upgrade-package-online\/","og_locale":"pt_PT","og_type":"article","og_title":"DJI Terra Standard to Flagship Version Upgrade Package (Online) - Ghostysky","og_description":"The DJI Terra Standard to Flagship Version Upgrade Package (Online) is a software license upgrade designed for users with an existing DJI Terra Standard license who wish to unlock the full, advanced features of the Flagship version.This online-only upgrade provides access to the highest tier of DJI's professional 3D modeling and mapping software, streamlining complex aerial surveying workflows.","og_url":"https:\/\/www.ghostysky.com\/pt\/produto-2\/dji-terra-standard-to-flagship-version-upgrade-package-online\/","og_site_name":"Ghostysky","article_publisher":"https:\/\/www.facebook.com\/people\/Ghostysky\/100057676170234\/","article_modified_time":"2025-10-15T10:18:15+00:00","og_image":[{"width":800,"height":644,"url":"https:\/\/www.ghostysky.com\/wp-content\/uploads\/2024\/05\/GH_dji-terra-pro-overseas-perpetual-1.jpg","type":"image\/jpeg"}],"twitter_card":"summary_large_image","twitter_site":"@Gh0stysky","twitter_misc":{"Tempo estimado de leitura":"2 minutos"},"schema":{"@context":"https:\/\/schema.org","@graph":[{"@type":"WebPage","@id":"https:\/\/www.ghostysky.com\/product\/dji-terra-standard-to-flagship-version-upgrade-package-online\/","url":"https:\/\/www.ghostysky.com\/product\/dji-terra-standard-to-flagship-version-upgrade-package-online\/","name":"Pacote de atualiza\u00e7\u00e3o da vers\u00e3o padr\u00e3o para a principal do DJI Terra (online) - Ghostysky","isPartOf":{"@id":"https:\/\/www.ghostysky.com\/#website"},"primaryImageOfPage":{"@id":"https:\/\/www.ghostysky.com\/product\/dji-terra-standard-to-flagship-version-upgrade-package-online\/#primaryimage"},"image":{"@id":"https:\/\/www.ghostysky.com\/product\/dji-terra-standard-to-flagship-version-upgrade-package-online\/#primaryimage"},"thumbnailUrl":"https:\/\/www.ghostysky.com\/wp-content\/uploads\/2024\/05\/GH_dji-terra-pro-overseas-perpetual-1.jpg","datePublished":"2025-10-14T14:12:22+00:00","dateModified":"2025-10-15T10:18:15+00:00","description":"O pacote de atualiza\u00e7\u00e3o da vers\u00e3o DJI Terra Standard para a vers\u00e3o Flagship (online) \u00e9 uma atualiza\u00e7\u00e3o de licen\u00e7a de software projetada para usu\u00e1rios com uma licen\u00e7a DJI Terra Standard existente que desejam desbloquear todos os recursos avan\u00e7ados da vers\u00e3o Flagship. Esta atualiza\u00e7\u00e3o, somente online, fornece acesso ao n\u00edvel mais alto do software profissional de modelagem e mapeamento 3D da DJI, simplificando fluxos de trabalho complexos de levantamento a\u00e9reo.","breadcrumb":{"@id":"https:\/\/www.ghostysky.com\/product\/dji-terra-standard-to-flagship-version-upgrade-package-online\/#breadcrumb"},"inLanguage":"pt-PT","potentialAction":[{"@type":"ReadAction","target":["https:\/\/www.ghostysky.com\/product\/dji-terra-standard-to-flagship-version-upgrade-package-online\/"]}]},{"@type":"ImageObject","inLanguage":"pt-PT","@id":"https:\/\/www.ghostysky.com\/product\/dji-terra-standard-to-flagship-version-upgrade-package-online\/#primaryimage","url":"https:\/\/www.ghostysky.com\/wp-content\/uploads\/2024\/05\/GH_dji-terra-pro-overseas-perpetual-1.jpg","contentUrl":"https:\/\/www.ghostysky.com\/wp-content\/uploads\/2024\/05\/GH_dji-terra-pro-overseas-perpetual-1.jpg","width":800,"height":644},{"@type":"BreadcrumbList","@id":"https:\/\/www.ghostysky.com\/product\/dji-terra-standard-to-flagship-version-upgrade-package-online\/#breadcrumb","itemListElement":[{"@type":"ListItem","position":1,"name":"Home","item":"https:\/\/www.ghostysky.com\/"},{"@type":"ListItem","position":2,"name":"Shop","item":"https:\/\/www.ghostysky.com\/shop\/"},{"@type":"ListItem","position":3,"name":"DJI Terra Standard to Flagship Version Upgrade Package (Online)"}]},{"@type":"WebSite","@id":"https:\/\/www.ghostysky.com\/#website","url":"https:\/\/www.ghostysky.com\/","name":"Ghostysky","description":"Fornecendo drones e servi\u00e7os profissionais","publisher":{"@id":"https:\/\/www.ghostysky.com\/#organization"},"potentialAction":[{"@type":"SearchAction","target":{"@type":"EntryPoint","urlTemplate":"https:\/\/www.ghostysky.com\/?s={search_term_string}"},"query-input":{"@type":"PropertyValueSpecification","valueRequired":true,"valueName":"search_term_string"}}],"inLanguage":"pt-PT"},{"@type":"Organization","@id":"https:\/\/www.ghostysky.com\/#organization","name":"Ghostysky","url":"https:\/\/www.ghostysky.com\/","logo":{"@type":"ImageObject","inLanguage":"pt-PT","@id":"https:\/\/www.ghostysky.com\/#\/schema\/logo\/image\/","url":"https:\/\/www.ghostysky.com\/wp-content\/uploads\/2020\/06\/cropped-ghostyskylogo_text_white2.png","contentUrl":"https:\/\/www.ghostysky.com\/wp-content\/uploads\/2020\/06\/cropped-ghostyskylogo_text_white2.png","width":169,"height":56,"caption":"Ghostysky"},"image":{"@id":"https:\/\/www.ghostysky.com\/#\/schema\/logo\/image\/"},"sameAs":["https:\/\/www.facebook.com\/people\/Ghostysky\/100057676170234\/","https:\/\/x.com\/Gh0stysky","https:\/\/www.linkedin.com\/company\/34739653","https:\/\/www.instagram.com\/gh0stysky"]}]}},"_links":{"self":[{"href":"https:\/\/www.ghostysky.com\/pt\/wp-json\/wp\/v2\/product\/20888","targetHints":{"allow":["GET"]}}],"collection":[{"href":"https:\/\/www.ghostysky.com\/pt\/wp-json\/wp\/v2\/product"}],"about":[{"href":"https:\/\/www.ghostysky.com\/pt\/wp-json\/wp\/v2\/types\/product"}],"replies":[{"embeddable":true,"href":"https:\/\/www.ghostysky.com\/pt\/wp-json\/wp\/v2\/comments?post=20888"}],"wp:featuredmedia":[{"embeddable":true,"href":"https:\/\/www.ghostysky.com\/pt\/wp-json\/wp\/v2\/media\/19353"}],"wp:attachment":[{"href":"https:\/\/www.ghostysky.com\/pt\/wp-json\/wp\/v2\/media?parent=20888"}],"wp:term":[{"taxonomy":"product_brand","embeddable":true,"href":"https:\/\/www.ghostysky.com\/pt\/wp-json\/wp\/v2\/product_brand?post=20888"},{"taxonomy":"product_cat","embeddable":true,"href":"https:\/\/www.ghostysky.com\/pt\/wp-json\/wp\/v2\/product_cat?post=20888"},{"taxonomy":"product_tag","embeddable":true,"href":"https:\/\/www.ghostysky.com\/pt\/wp-json\/wp\/v2\/product_tag?post=20888"}],"curies":[{"name":"wp","href":"https:\/\/api.w.org\/{rel}","templated":true}]}}