{"id":20890,"date":"2025-10-14T14:55:55","date_gmt":"2025-10-14T14:55:55","guid":{"rendered":"https:\/\/www.ghostysky.com\/?post_type=product&#038;p=20890"},"modified":"2025-10-15T10:17:01","modified_gmt":"2025-10-15T10:17:01","slug":"dji-terra-standard-permanent-offline","status":"publish","type":"product","link":"https:\/\/www.ghostysky.com\/pt\/product\/dji-terra-standard-permanent-offline\/","title":{"rendered":"DJI Terra Standard Permanente (Offline)"},"content":{"rendered":"<h3>Principais recursos e benef\u00edcios:<\/h3>\n<ul>\n<li><b><span class=\"citation-187\">Propriedade Permanente:<\/span><\/b><span class=\"citation-187\"> Esta \u00e9 uma compra \u00fanica que garante uma <\/span><b><span class=\"citation-187\">permanente<\/span><\/b><span class=\"citation-187 citation-end-187\"> licen\u00e7a para o software, proporcionando valor a longo prazo e eliminando taxas de assinatura recorrentes.<\/span><\/li>\n<li><b><span class=\"citation-186\">Funcionalidade offline:<\/span><\/b><span class=\"citation-186\"> Uma vez que a licen\u00e7a \u00e9 inicialmente ativada (por meio de um processo de troca \u00fanica) e vinculada a um \u00fanico computador, todas as fun\u00e7\u00f5es de mapeamento e modelagem de teclas podem ser usadas <\/span><b><span class=\"citation-186\">sem uma conex\u00e3o cont\u00ednua com a internet<\/span><\/b><span class=\"citation-186 citation-end-186\">.<\/span><\/li>\n<li><b>Reconstru\u00e7\u00e3o 2D de alta precis\u00e3o:<\/b> Gere produtos 2D de alta resolu\u00e7\u00e3o, incluindo:\n<ul>\n<li><span class=\"citation-185 citation-end-185\">Mapas Ortofotogr\u00e1ficos Digitais (DOM)<\/span><\/li>\n<li><span class=\"citation-184 citation-end-184\">Modelos Digitais de Superf\u00edcie (MSD)<\/span><\/li>\n<\/ul>\n<\/li>\n<li><b><span class=\"citation-183\">Reconstru\u00e7\u00e3o 3D de alta precis\u00e3o:<\/span><\/b><span class=\"citation-183 citation-end-183\"> Crie rapidamente sa\u00eddas 3D detalhadas a partir de imagens de luz vis\u00edvel:<\/span>\n<ul>\n<li>Modelos de malha 3D (modelos texturizados de edif\u00edcios, terrenos e infraestrutura)<\/li>\n<\/ul>\n<\/li>\n<li><b>Processamento de nuvem de pontos LiDAR:<\/b><span class=\"citation-182 citation-end-182\"> Utilize dados coletados dos sistemas Zenmuse LiDAR da DJI (por exemplo, L2, P1) para gerar nuvens de pontos, mapas 2D e modelos 3D altamente precisos.<\/span><\/li>\n<li><b><span class=\"citation-181\">Reconstru\u00e7\u00e3o multiespectral:<\/span><\/b><span class=\"citation-181 citation-end-181\"> Processe dados multiespectrais (de drones como Mavic 3M, Phantom 4 Multispectral) para gerar mapas de \u00edndice de vegeta\u00e7\u00e3o (NDVI, NDRE) e mapas de reflet\u00e2ncia para an\u00e1lise agr\u00edcola detalhada.<\/span><\/li>\n<li><b><span class=\"citation-180\">Integra\u00e7\u00e3o perfeita de hardware:<\/span><\/b><span class=\"citation-180 citation-end-180\"> Funciona de forma coesa com uma variedade de drones e cargas \u00fateis DJI Enterprise, oferecendo uma solu\u00e7\u00e3o unificada de hardware e software para aquisi\u00e7\u00e3o e processamento eficientes de dados.<\/span><\/li>\n<li><b>Encaderna\u00e7\u00e3o de dispositivo \u00fanico:<\/b><span class=\"citation-179 citation-end-179\"> A licen\u00e7a est\u00e1 vinculada a um \u00fanico computador, e uma solicita\u00e7\u00e3o para desvincular e mover a licen\u00e7a normalmente \u00e9 permitida uma vez por ano civil.<\/span>\n<div class=\"source-inline-chip-container ng-star-inserted\"><\/div>\n<\/li>\n<\/ul>\n<hr \/>\n<p><b><span class=\"citation-178 interactive-span-hovered\">Observa\u00e7\u00e3o sobre limita\u00e7\u00f5es offline:<\/span><\/b><span class=\"citation-178 citation-end-178 interactive-span-hovered\"> Embora os principais recursos de reconstru\u00e7\u00e3o sejam totalmente funcionais offline, alguns recursos dependentes da nuvem \u2014 como desbloqueio de Zonas GEO, carregamento de mapas e pesquisa de localiza\u00e7\u00e3o \u2014 n\u00e3o est\u00e3o dispon\u00edveis no modo offline.<\/span><\/p>","protected":false},"excerpt":{"rendered":"<p><span class=\"citation-189\">O <\/span><b><span class=\"citation-189\">DJI Terra Standard Permanente (Offline)<\/span><\/b><span class=\"citation-189 citation-end-189\"> A licen\u00e7a \u00e9 uma solu\u00e7\u00e3o de software de modelagem e mapeamento 3D de n\u00edvel profissional, projetada para usu\u00e1rios que exigem uma solu\u00e7\u00e3o robusta e de longo prazo com seguran\u00e7a garantida e independ\u00eancia operacional de uma conex\u00e3o com a internet.<\/span><\/p>\n<p><span class=\"citation-188 citation-end-188\">Este produto \u00e9 a escolha ideal para profissionais de topografia, constru\u00e7\u00e3o, agricultura e inspe\u00e7\u00e3o de infraestrutura que operam em locais remotos, instala\u00e7\u00f5es seguras ou ambientes desafiadores onde o acesso cont\u00ednuo \u00e0 Internet n\u00e3o est\u00e1 dispon\u00edvel ou \u00e9 restrito.<\/span><\/p>","protected":false},"featured_media":19353,"comment_status":"open","ping_status":"closed","template":"","meta":[],"product_brand":[1031],"product_cat":[37,29,939],"product_tag":[42,1032],"class_list":{"0":"post-20890","1":"product","2":"type-product","3":"status-publish","4":"has-post-thumbnail","6":"product_brand-dji","7":"product_cat-dji","8":"product_cat-drones","9":"product_cat-software-dji","10":"product_tag-dji","11":"product_tag-dji-terra","13":"first","14":"onbackorder","15":"taxable","16":"shipping-taxable","17":"purchasable","18":"product-type-simple"},"yoast_head":"<!-- This site is optimized with the Yoast SEO plugin v27.4 - https:\/\/yoast.com\/product\/yoast-seo-wordpress\/ -->\n<title>DJI Terra Standard Permanent (Offline) - Ghostysky<\/title>\n<meta name=\"description\" content=\"The DJI Terra Standard Permanent (Offline) license is a professional-grade 3D modeling and mapping software solution designed for users who require a robust, long-term solution with guaranteed security and operational independence from an internet connection.This product is an ideal choice for professionals in surveying, construction, agriculture, and infrastructure inspection operating in remote locations, secure facilities, or challenging environments where continuous internet access is unavailable or restricted.\" \/>\n<meta name=\"robots\" content=\"index, follow, max-snippet:-1, max-image-preview:large, max-video-preview:-1\" \/>\n<link rel=\"canonical\" href=\"https:\/\/www.ghostysky.com\/pt\/produto-2\/dji-terra-standard-permanent-offline\/\" \/>\n<meta property=\"og:locale\" content=\"pt_PT\" \/>\n<meta property=\"og:type\" content=\"article\" \/>\n<meta property=\"og:title\" content=\"DJI Terra Standard Permanent (Offline) - Ghostysky\" \/>\n<meta property=\"og:description\" content=\"The DJI Terra Standard Permanent (Offline) license is a professional-grade 3D modeling and mapping software solution designed for users who require a robust, long-term solution with guaranteed security and operational independence from an internet connection.This product is an ideal choice for professionals in surveying, construction, agriculture, and infrastructure inspection operating in remote locations, secure facilities, or challenging environments where continuous internet access is unavailable or restricted.\" \/>\n<meta property=\"og:url\" content=\"https:\/\/www.ghostysky.com\/pt\/produto-2\/dji-terra-standard-permanent-offline\/\" \/>\n<meta property=\"og:site_name\" content=\"Ghostysky\" \/>\n<meta property=\"article:publisher\" content=\"https:\/\/www.facebook.com\/people\/Ghostysky\/100057676170234\/\" \/>\n<meta property=\"article:modified_time\" content=\"2025-10-15T10:17:01+00:00\" \/>\n<meta property=\"og:image\" content=\"https:\/\/www.ghostysky.com\/wp-content\/uploads\/2024\/05\/GH_dji-terra-pro-overseas-perpetual-1.jpg\" \/>\n\t<meta property=\"og:image:width\" content=\"800\" \/>\n\t<meta property=\"og:image:height\" content=\"644\" \/>\n\t<meta property=\"og:image:type\" content=\"image\/jpeg\" \/>\n<meta name=\"twitter:card\" content=\"summary_large_image\" \/>\n<meta name=\"twitter:site\" content=\"@Gh0stysky\" \/>\n<meta name=\"twitter:label1\" content=\"Tempo estimado de leitura\" \/>\n\t<meta name=\"twitter:data1\" content=\"2 minutos\" \/>\n<script type=\"application\/ld+json\" class=\"yoast-schema-graph\">{\"@context\":\"https:\\\/\\\/schema.org\",\"@graph\":[{\"@type\":\"WebPage\",\"@id\":\"https:\\\/\\\/www.ghostysky.com\\\/product\\\/dji-terra-standard-permanent-offline\\\/\",\"url\":\"https:\\\/\\\/www.ghostysky.com\\\/product\\\/dji-terra-standard-permanent-offline\\\/\",\"name\":\"DJI Terra Standard Permanent (Offline) - Ghostysky\",\"isPartOf\":{\"@id\":\"https:\\\/\\\/www.ghostysky.com\\\/#website\"},\"primaryImageOfPage\":{\"@id\":\"https:\\\/\\\/www.ghostysky.com\\\/product\\\/dji-terra-standard-permanent-offline\\\/#primaryimage\"},\"image\":{\"@id\":\"https:\\\/\\\/www.ghostysky.com\\\/product\\\/dji-terra-standard-permanent-offline\\\/#primaryimage\"},\"thumbnailUrl\":\"https:\\\/\\\/www.ghostysky.com\\\/wp-content\\\/uploads\\\/2024\\\/05\\\/GH_dji-terra-pro-overseas-perpetual-1.jpg\",\"datePublished\":\"2025-10-14T14:55:55+00:00\",\"dateModified\":\"2025-10-15T10:17:01+00:00\",\"description\":\"The DJI Terra Standard Permanent (Offline) license is a professional-grade 3D modeling and mapping software solution designed for users who require a robust, long-term solution with guaranteed security and operational independence from an internet connection.This product is an ideal choice for professionals in surveying, construction, agriculture, and infrastructure inspection operating in remote locations, secure facilities, or challenging environments where continuous internet access is unavailable or restricted.\",\"breadcrumb\":{\"@id\":\"https:\\\/\\\/www.ghostysky.com\\\/product\\\/dji-terra-standard-permanent-offline\\\/#breadcrumb\"},\"inLanguage\":\"pt-PT\",\"potentialAction\":[{\"@type\":\"ReadAction\",\"target\":[\"https:\\\/\\\/www.ghostysky.com\\\/product\\\/dji-terra-standard-permanent-offline\\\/\"]}]},{\"@type\":\"ImageObject\",\"inLanguage\":\"pt-PT\",\"@id\":\"https:\\\/\\\/www.ghostysky.com\\\/product\\\/dji-terra-standard-permanent-offline\\\/#primaryimage\",\"url\":\"https:\\\/\\\/www.ghostysky.com\\\/wp-content\\\/uploads\\\/2024\\\/05\\\/GH_dji-terra-pro-overseas-perpetual-1.jpg\",\"contentUrl\":\"https:\\\/\\\/www.ghostysky.com\\\/wp-content\\\/uploads\\\/2024\\\/05\\\/GH_dji-terra-pro-overseas-perpetual-1.jpg\",\"width\":800,\"height\":644},{\"@type\":\"BreadcrumbList\",\"@id\":\"https:\\\/\\\/www.ghostysky.com\\\/product\\\/dji-terra-standard-permanent-offline\\\/#breadcrumb\",\"itemListElement\":[{\"@type\":\"ListItem\",\"position\":1,\"name\":\"Home\",\"item\":\"https:\\\/\\\/www.ghostysky.com\\\/\"},{\"@type\":\"ListItem\",\"position\":2,\"name\":\"Shop\",\"item\":\"https:\\\/\\\/www.ghostysky.com\\\/shop\\\/\"},{\"@type\":\"ListItem\",\"position\":3,\"name\":\"DJI Terra Standard Permanent (Offline)\"}]},{\"@type\":\"WebSite\",\"@id\":\"https:\\\/\\\/www.ghostysky.com\\\/#website\",\"url\":\"https:\\\/\\\/www.ghostysky.com\\\/\",\"name\":\"Ghostysky\",\"description\":\"Delivering professional drones and robotics solutions\",\"publisher\":{\"@id\":\"https:\\\/\\\/www.ghostysky.com\\\/#organization\"},\"potentialAction\":[{\"@type\":\"SearchAction\",\"target\":{\"@type\":\"EntryPoint\",\"urlTemplate\":\"https:\\\/\\\/www.ghostysky.com\\\/?s={search_term_string}\"},\"query-input\":{\"@type\":\"PropertyValueSpecification\",\"valueRequired\":true,\"valueName\":\"search_term_string\"}}],\"inLanguage\":\"pt-PT\"},{\"@type\":\"Organization\",\"@id\":\"https:\\\/\\\/www.ghostysky.com\\\/#organization\",\"name\":\"Ghostysky\",\"url\":\"https:\\\/\\\/www.ghostysky.com\\\/\",\"logo\":{\"@type\":\"ImageObject\",\"inLanguage\":\"pt-PT\",\"@id\":\"https:\\\/\\\/www.ghostysky.com\\\/#\\\/schema\\\/logo\\\/image\\\/\",\"url\":\"https:\\\/\\\/www.ghostysky.com\\\/wp-content\\\/uploads\\\/2020\\\/06\\\/cropped-ghostyskylogo_text_white2.png\",\"contentUrl\":\"https:\\\/\\\/www.ghostysky.com\\\/wp-content\\\/uploads\\\/2020\\\/06\\\/cropped-ghostyskylogo_text_white2.png\",\"width\":169,\"height\":56,\"caption\":\"Ghostysky\"},\"image\":{\"@id\":\"https:\\\/\\\/www.ghostysky.com\\\/#\\\/schema\\\/logo\\\/image\\\/\"},\"sameAs\":[\"https:\\\/\\\/www.facebook.com\\\/people\\\/Ghostysky\\\/100057676170234\\\/\",\"https:\\\/\\\/x.com\\\/Gh0stysky\",\"https:\\\/\\\/www.linkedin.com\\\/company\\\/34739653\",\"https:\\\/\\\/www.instagram.com\\\/gh0stysky\"]}]}<\/script>\n<!-- \/ Yoast SEO plugin. -->","yoast_head_json":{"title":"DJI Terra Standard Permanente (Offline) - Ghostysky","description":"A licen\u00e7a DJI Terra Standard Permanent (Offline) \u00e9 uma solu\u00e7\u00e3o de software de modelagem e mapeamento 3D de n\u00edvel profissional, projetada para usu\u00e1rios que exigem uma solu\u00e7\u00e3o robusta e de longo prazo com seguran\u00e7a garantida e independ\u00eancia operacional de uma conex\u00e3o com a internet. Este produto \u00e9 a escolha ideal para profissionais de topografia, constru\u00e7\u00e3o, agricultura e inspe\u00e7\u00e3o de infraestrutura que operam em locais remotos, instala\u00e7\u00f5es seguras ou ambientes desafiadores onde o acesso cont\u00ednuo \u00e0 internet n\u00e3o est\u00e1 dispon\u00edvel ou \u00e9 restrito.","robots":{"index":"index","follow":"follow","max-snippet":"max-snippet:-1","max-image-preview":"max-image-preview:large","max-video-preview":"max-video-preview:-1"},"canonical":"https:\/\/www.ghostysky.com\/pt\/produto-2\/dji-terra-standard-permanent-offline\/","og_locale":"pt_PT","og_type":"article","og_title":"DJI Terra Standard Permanent (Offline) - Ghostysky","og_description":"The DJI Terra Standard Permanent (Offline) license is a professional-grade 3D modeling and mapping software solution designed for users who require a robust, long-term solution with guaranteed security and operational independence from an internet connection.This product is an ideal choice for professionals in surveying, construction, agriculture, and infrastructure inspection operating in remote locations, secure facilities, or challenging environments where continuous internet access is unavailable or restricted.","og_url":"https:\/\/www.ghostysky.com\/pt\/produto-2\/dji-terra-standard-permanent-offline\/","og_site_name":"Ghostysky","article_publisher":"https:\/\/www.facebook.com\/people\/Ghostysky\/100057676170234\/","article_modified_time":"2025-10-15T10:17:01+00:00","og_image":[{"width":800,"height":644,"url":"https:\/\/www.ghostysky.com\/wp-content\/uploads\/2024\/05\/GH_dji-terra-pro-overseas-perpetual-1.jpg","type":"image\/jpeg"}],"twitter_card":"summary_large_image","twitter_site":"@Gh0stysky","twitter_misc":{"Tempo estimado de leitura":"2 minutos"},"schema":{"@context":"https:\/\/schema.org","@graph":[{"@type":"WebPage","@id":"https:\/\/www.ghostysky.com\/product\/dji-terra-standard-permanent-offline\/","url":"https:\/\/www.ghostysky.com\/product\/dji-terra-standard-permanent-offline\/","name":"DJI Terra Standard Permanente (Offline) - Ghostysky","isPartOf":{"@id":"https:\/\/www.ghostysky.com\/#website"},"primaryImageOfPage":{"@id":"https:\/\/www.ghostysky.com\/product\/dji-terra-standard-permanent-offline\/#primaryimage"},"image":{"@id":"https:\/\/www.ghostysky.com\/product\/dji-terra-standard-permanent-offline\/#primaryimage"},"thumbnailUrl":"https:\/\/www.ghostysky.com\/wp-content\/uploads\/2024\/05\/GH_dji-terra-pro-overseas-perpetual-1.jpg","datePublished":"2025-10-14T14:55:55+00:00","dateModified":"2025-10-15T10:17:01+00:00","description":"A licen\u00e7a DJI Terra Standard Permanent (Offline) \u00e9 uma solu\u00e7\u00e3o de software de modelagem e mapeamento 3D de n\u00edvel profissional, projetada para usu\u00e1rios que exigem uma solu\u00e7\u00e3o robusta e de longo prazo com seguran\u00e7a garantida e independ\u00eancia operacional de uma conex\u00e3o com a internet. Este produto \u00e9 a escolha ideal para profissionais de topografia, constru\u00e7\u00e3o, agricultura e inspe\u00e7\u00e3o de infraestrutura que operam em locais remotos, instala\u00e7\u00f5es seguras ou ambientes desafiadores onde o acesso cont\u00ednuo \u00e0 internet n\u00e3o est\u00e1 dispon\u00edvel ou \u00e9 restrito.","breadcrumb":{"@id":"https:\/\/www.ghostysky.com\/product\/dji-terra-standard-permanent-offline\/#breadcrumb"},"inLanguage":"pt-PT","potentialAction":[{"@type":"ReadAction","target":["https:\/\/www.ghostysky.com\/product\/dji-terra-standard-permanent-offline\/"]}]},{"@type":"ImageObject","inLanguage":"pt-PT","@id":"https:\/\/www.ghostysky.com\/product\/dji-terra-standard-permanent-offline\/#primaryimage","url":"https:\/\/www.ghostysky.com\/wp-content\/uploads\/2024\/05\/GH_dji-terra-pro-overseas-perpetual-1.jpg","contentUrl":"https:\/\/www.ghostysky.com\/wp-content\/uploads\/2024\/05\/GH_dji-terra-pro-overseas-perpetual-1.jpg","width":800,"height":644},{"@type":"BreadcrumbList","@id":"https:\/\/www.ghostysky.com\/product\/dji-terra-standard-permanent-offline\/#breadcrumb","itemListElement":[{"@type":"ListItem","position":1,"name":"Home","item":"https:\/\/www.ghostysky.com\/"},{"@type":"ListItem","position":2,"name":"Shop","item":"https:\/\/www.ghostysky.com\/shop\/"},{"@type":"ListItem","position":3,"name":"DJI Terra Standard Permanent (Offline)"}]},{"@type":"WebSite","@id":"https:\/\/www.ghostysky.com\/#website","url":"https:\/\/www.ghostysky.com\/","name":"Ghostysky","description":"Fornecendo solu\u00e7\u00f5es profissionais em drones e rob\u00f3tica.","publisher":{"@id":"https:\/\/www.ghostysky.com\/#organization"},"potentialAction":[{"@type":"SearchAction","target":{"@type":"EntryPoint","urlTemplate":"https:\/\/www.ghostysky.com\/?s={search_term_string}"},"query-input":{"@type":"PropertyValueSpecification","valueRequired":true,"valueName":"search_term_string"}}],"inLanguage":"pt-PT"},{"@type":"Organization","@id":"https:\/\/www.ghostysky.com\/#organization","name":"Ghostysky","url":"https:\/\/www.ghostysky.com\/","logo":{"@type":"ImageObject","inLanguage":"pt-PT","@id":"https:\/\/www.ghostysky.com\/#\/schema\/logo\/image\/","url":"https:\/\/www.ghostysky.com\/wp-content\/uploads\/2020\/06\/cropped-ghostyskylogo_text_white2.png","contentUrl":"https:\/\/www.ghostysky.com\/wp-content\/uploads\/2020\/06\/cropped-ghostyskylogo_text_white2.png","width":169,"height":56,"caption":"Ghostysky"},"image":{"@id":"https:\/\/www.ghostysky.com\/#\/schema\/logo\/image\/"},"sameAs":["https:\/\/www.facebook.com\/people\/Ghostysky\/100057676170234\/","https:\/\/x.com\/Gh0stysky","https:\/\/www.linkedin.com\/company\/34739653","https:\/\/www.instagram.com\/gh0stysky"]}]}},"_links":{"self":[{"href":"https:\/\/www.ghostysky.com\/pt\/wp-json\/wp\/v2\/product\/20890","targetHints":{"allow":["GET"]}}],"collection":[{"href":"https:\/\/www.ghostysky.com\/pt\/wp-json\/wp\/v2\/product"}],"about":[{"href":"https:\/\/www.ghostysky.com\/pt\/wp-json\/wp\/v2\/types\/product"}],"replies":[{"embeddable":true,"href":"https:\/\/www.ghostysky.com\/pt\/wp-json\/wp\/v2\/comments?post=20890"}],"version-history":[{"count":0,"href":"https:\/\/www.ghostysky.com\/pt\/wp-json\/wp\/v2\/product\/20890\/revisions"}],"wp:featuredmedia":[{"embeddable":true,"href":"https:\/\/www.ghostysky.com\/pt\/wp-json\/wp\/v2\/media\/19353"}],"wp:attachment":[{"href":"https:\/\/www.ghostysky.com\/pt\/wp-json\/wp\/v2\/media?parent=20890"}],"wp:term":[{"taxonomy":"product_brand","embeddable":true,"href":"https:\/\/www.ghostysky.com\/pt\/wp-json\/wp\/v2\/product_brand?post=20890"},{"taxonomy":"product_cat","embeddable":true,"href":"https:\/\/www.ghostysky.com\/pt\/wp-json\/wp\/v2\/product_cat?post=20890"},{"taxonomy":"product_tag","embeddable":true,"href":"https:\/\/www.ghostysky.com\/pt\/wp-json\/wp\/v2\/product_tag?post=20890"}],"curies":[{"name":"wp","href":"https:\/\/api.w.org\/{rel}","templated":true}]}}