{"id":20891,"date":"2025-10-14T14:59:33","date_gmt":"2025-10-14T14:59:33","guid":{"rendered":"https:\/\/www.ghostysky.com\/?post_type=product&#038;p=20891"},"modified":"2025-10-15T10:16:25","modified_gmt":"2025-10-15T10:16:25","slug":"dji-terra-standard-permanent","status":"publish","type":"product","link":"https:\/\/www.ghostysky.com\/pt\/product\/dji-terra-standard-permanent\/","title":{"rendered":"DJI Terra Standard Permanent"},"content":{"rendered":"<h3><b>Principais caracter\u00edsticas da Licen\u00e7a Permanente Padr\u00e3o<\/b><\/h3>\n<ul>\n<li><b><span class=\"citation-219\">Propriedade Permanente:<\/span><\/b><span class=\"citation-219 citation-end-219\"> Ao contr\u00e1rio dos modelos de assinatura, esta \u00e9 uma compra \u00fanica que garante o uso vital\u00edcio do software em um \u00fanico dispositivo, eliminando taxas recorrentes.<\/span><\/li>\n<li><b><span class=\"citation-218\">Reconstru\u00e7\u00e3o 2D de alta precis\u00e3o:<\/span><\/b><span class=\"citation-218 citation-end-218\"> Gere rapidamente mapas ortofotogr\u00e1ficos digitais verdadeiros (TDOM) de alta resolu\u00e7\u00e3o, modelos digitais de superf\u00edcie (DSM) e outras sa\u00eddas 2D a partir de imagens de luz vis\u00edvel.<\/span><\/li>\n<li><b><span class=\"citation-217\">Reconstru\u00e7\u00e3o de malha 3D:<\/span><\/b><span class=\"citation-217 citation-end-217\"> Crie modelos 3D detalhados de edif\u00edcios, terrenos e infraestrutura a partir de fotos a\u00e9reas usando fotogrametria.<\/span><\/li>\n<li><b>Processamento de nuvem de pontos LiDAR:<\/b><span class=\"citation-216 citation-end-216\"> Suporta processamento e integra\u00e7\u00e3o de dados de sensores DJI Zenmuse LiDAR (como L1 ou L2) para produzir nuvens de pontos precisas, mapas 2D e modelos 3D.<\/span><\/li>\n<li><b><span class=\"citation-215\">Reconstru\u00e7\u00e3o multiespectral:<\/span><\/b><span class=\"citation-215 citation-end-215\"> Processe dados multiespectrais de drones DJI compat\u00edveis (por exemplo, Mavic 3 Multispectral) para gerar mapas de \u00edndice de vegeta\u00e7\u00e3o (NDVI, NDRE) para an\u00e1lise e pesquisa agr\u00edcola.<\/span><\/li>\n<li><b><span class=\"citation-214\">Integra\u00e7\u00e3o perfeita de hardware:<\/span><\/b><span class=\"citation-214 citation-end-214\"> Funciona de forma coesa com uma variedade de drones e cargas \u00fateis DJI Enterprise, fornecendo uma solu\u00e7\u00e3o eficiente e unificada, desde a aquisi\u00e7\u00e3o de dados at\u00e9 a sa\u00edda final.<\/span><\/li>\n<li><b>Sa\u00edda de dados flex\u00edvel:<\/b><span class=\"citation-213 citation-end-213\"> Exporte dados reconstru\u00eddos em formatos padr\u00e3o da ind\u00fastria (por exemplo, TIFF, LAS, PLY, OBJ, B3DM) para f\u00e1cil compatibilidade com software GIS e CAD externo.<\/span><\/li>\n<li><b>Modos de autoriza\u00e7\u00e3o:<\/b><span class=\"citation-212\"> Suporta ambos <\/span><b><span class=\"citation-212\">On-line<\/span><\/b><span class=\"citation-212\"> e <\/span><b><span class=\"citation-212\">Off-line<\/span><\/b><span class=\"citation-212 citation-end-212\"> modos de autoriza\u00e7\u00e3o para uso flex\u00edvel em v\u00e1rios ambientes de trabalho.<\/span><\/li>\n<\/ul>\n<h3><b>Casos de Uso<\/b><\/h3>\n<p>A vers\u00e3o Standard Permanent \u00e9 uma ferramenta vers\u00e1til para criar ativos digitais para:<\/p>\n<ul>\n<li><b>Topografia e Mapeamento:<\/b><span class=\"citation-211 citation-end-211\"> Gera\u00e7\u00e3o de mapas de n\u00edvel de levantamento e modelos digitais de terreno.<\/span><\/li>\n<li><b><span class=\"citation-210\">Constru\u00e7\u00e3o:<\/span><\/b><span class=\"citation-210 citation-end-210\"> Monitoramento do progresso do local e medi\u00e7\u00f5es volum\u00e9tricas.<\/span><\/li>\n<li><b><span class=\"citation-209\">Inspe\u00e7\u00e3o de Infraestrutura:<\/span><\/b><span class=\"citation-209 citation-end-209\"> Cria\u00e7\u00e3o de modelos para gest\u00e3o detalhada de ativos.<\/span><\/li>\n<li><b><span class=\"citation-208\">Agricultura:<\/span><\/b><span class=\"citation-208 citation-end-208\"> Analisando a sa\u00fade das culturas e criando mapas de prescri\u00e7\u00e3o.<\/span>\n<div class=\"source-inline-chip-container ng-star-inserted\"><\/div>\n<\/li>\n<\/ul>\n<p><b>Nota sobre as vers\u00f5es:<\/b><\/p>\n<p><span class=\"citation-207\">Embora a vers\u00e3o Standard seja uma solu\u00e7\u00e3o robusta, recursos avan\u00e7ados como <\/span><b><span class=\"citation-207\">Espalhamento Gaussiano 3D<\/span><\/b><span class=\"citation-207\"> para modelos fotorrealistas e <\/span><b><span class=\"citation-207\">Computa\u00e7\u00e3o em Cluster<\/span><\/b><span class=\"citation-207\"> para projetos massivos s\u00e3o normalmente exclusivos para o n\u00edvel superior <\/span><b><span class=\"citation-207\">Carro-chefe da DJI Terra<\/span><\/b><span class=\"citation-207 citation-end-207\"> vers\u00e3o.<\/span> <span class=\"citation-206 citation-end-206\">A licen\u00e7a Standard fornece todas as funcionalidades b\u00e1sicas necess\u00e1rias para fotogrametria profissional e processamento de dados LiDAR.<\/span><\/p>","protected":false},"excerpt":{"rendered":"<p><span class=\"\">O <\/span><b class=\"\">DJI Terra Standard Permanent<\/b><span class=\"\"> a licen\u00e7a \u00e9 de n\u00edvel profissional,<\/span><span class=\"\"> solu\u00e7\u00e3o de software de compra \u00fanica para transformar dados capturados por drones em mapas 2D e modelos 3D altamente precisos.<\/span><span class=\"\"> Ele fornece perp\u00e9tuo,<\/span><span class=\"\"> acesso ilimitado aos recursos essenciais de mapeamento e reconstru\u00e7\u00e3o do DJI Terra,<\/span><span class=\"\"> tornando-o um investimento ideal de longo prazo para profissionais em topografia,<\/span><span class=\"\"> constru\u00e7\u00e3o,<\/span><span class=\"\"> infraestrutura,<\/span><span class=\"\"> e agricultura.<\/span><\/p>","protected":false},"featured_media":19353,"comment_status":"open","ping_status":"closed","template":"","meta":[],"product_brand":[1031],"product_cat":[29,939],"product_tag":[42,1032],"class_list":{"0":"post-20891","1":"product","2":"type-product","3":"status-publish","4":"has-post-thumbnail","6":"product_brand-dji","7":"product_cat-drones","8":"product_cat-software-dji","9":"product_tag-dji","10":"product_tag-dji-terra","12":"first","13":"onbackorder","14":"taxable","15":"shipping-taxable","16":"purchasable","17":"product-type-simple"},"yoast_head":"<!-- This site is optimized with the Yoast SEO plugin v27.1.1 - https:\/\/yoast.com\/product\/yoast-seo-wordpress\/ -->\n<title>DJI Terra Standard Permanent - Ghostysky<\/title>\n<meta name=\"description\" content=\"The DJI Terra Standard Permanent license is a professional-grade, one-time purchase software solution for transforming drone-captured data into highly accurate 2D maps and 3D models. It provides perpetual, unlimited access to DJI Terra&#039;s essential mapping and reconstruction features, making it an ideal long-term investment for professionals in surveying, construction, infrastructure, and agriculture.\" \/>\n<meta name=\"robots\" content=\"index, follow, max-snippet:-1, max-image-preview:large, max-video-preview:-1\" \/>\n<link rel=\"canonical\" href=\"https:\/\/www.ghostysky.com\/pt\/produto-2\/dji-terra-standard-permanent\/\" \/>\n<meta property=\"og:locale\" content=\"pt_PT\" \/>\n<meta property=\"og:type\" content=\"article\" \/>\n<meta property=\"og:title\" content=\"DJI Terra Standard Permanent - Ghostysky\" \/>\n<meta property=\"og:description\" content=\"The DJI Terra Standard Permanent license is a professional-grade, one-time purchase software solution for transforming drone-captured data into highly accurate 2D maps and 3D models. It provides perpetual, unlimited access to DJI Terra&#039;s essential mapping and reconstruction features, making it an ideal long-term investment for professionals in surveying, construction, infrastructure, and agriculture.\" \/>\n<meta property=\"og:url\" content=\"https:\/\/www.ghostysky.com\/pt\/produto-2\/dji-terra-standard-permanent\/\" \/>\n<meta property=\"og:site_name\" content=\"Ghostysky\" \/>\n<meta property=\"article:publisher\" content=\"https:\/\/www.facebook.com\/people\/Ghostysky\/100057676170234\/\" \/>\n<meta property=\"article:modified_time\" content=\"2025-10-15T10:16:25+00:00\" \/>\n<meta property=\"og:image\" content=\"https:\/\/www.ghostysky.com\/wp-content\/uploads\/2024\/05\/GH_dji-terra-pro-overseas-perpetual-1.jpg\" \/>\n\t<meta property=\"og:image:width\" content=\"800\" \/>\n\t<meta property=\"og:image:height\" content=\"644\" \/>\n\t<meta property=\"og:image:type\" content=\"image\/jpeg\" \/>\n<meta name=\"twitter:card\" content=\"summary_large_image\" \/>\n<meta name=\"twitter:site\" content=\"@Gh0stysky\" \/>\n<meta name=\"twitter:label1\" content=\"Tempo estimado de leitura\" \/>\n\t<meta name=\"twitter:data1\" content=\"2 minutos\" \/>\n<script type=\"application\/ld+json\" class=\"yoast-schema-graph\">{\"@context\":\"https:\/\/schema.org\",\"@graph\":[{\"@type\":\"WebPage\",\"@id\":\"https:\/\/www.ghostysky.com\/product\/dji-terra-standard-permanent\/\",\"url\":\"https:\/\/www.ghostysky.com\/product\/dji-terra-standard-permanent\/\",\"name\":\"DJI Terra Standard Permanent - Ghostysky\",\"isPartOf\":{\"@id\":\"https:\/\/www.ghostysky.com\/#website\"},\"primaryImageOfPage\":{\"@id\":\"https:\/\/www.ghostysky.com\/product\/dji-terra-standard-permanent\/#primaryimage\"},\"image\":{\"@id\":\"https:\/\/www.ghostysky.com\/product\/dji-terra-standard-permanent\/#primaryimage\"},\"thumbnailUrl\":\"https:\/\/www.ghostysky.com\/wp-content\/uploads\/2024\/05\/GH_dji-terra-pro-overseas-perpetual-1.jpg\",\"datePublished\":\"2025-10-14T14:59:33+00:00\",\"dateModified\":\"2025-10-15T10:16:25+00:00\",\"description\":\"The DJI Terra Standard Permanent license is a professional-grade, one-time purchase software solution for transforming drone-captured data into highly accurate 2D maps and 3D models. It provides perpetual, unlimited access to DJI Terra's essential mapping and reconstruction features, making it an ideal long-term investment for professionals in surveying, construction, infrastructure, and agriculture.\",\"breadcrumb\":{\"@id\":\"https:\/\/www.ghostysky.com\/product\/dji-terra-standard-permanent\/#breadcrumb\"},\"inLanguage\":\"pt-PT\",\"potentialAction\":[{\"@type\":\"ReadAction\",\"target\":[\"https:\/\/www.ghostysky.com\/product\/dji-terra-standard-permanent\/\"]}]},{\"@type\":\"ImageObject\",\"inLanguage\":\"pt-PT\",\"@id\":\"https:\/\/www.ghostysky.com\/product\/dji-terra-standard-permanent\/#primaryimage\",\"url\":\"https:\/\/www.ghostysky.com\/wp-content\/uploads\/2024\/05\/GH_dji-terra-pro-overseas-perpetual-1.jpg\",\"contentUrl\":\"https:\/\/www.ghostysky.com\/wp-content\/uploads\/2024\/05\/GH_dji-terra-pro-overseas-perpetual-1.jpg\",\"width\":800,\"height\":644},{\"@type\":\"BreadcrumbList\",\"@id\":\"https:\/\/www.ghostysky.com\/product\/dji-terra-standard-permanent\/#breadcrumb\",\"itemListElement\":[{\"@type\":\"ListItem\",\"position\":1,\"name\":\"Home\",\"item\":\"https:\/\/www.ghostysky.com\/\"},{\"@type\":\"ListItem\",\"position\":2,\"name\":\"Shop\",\"item\":\"https:\/\/www.ghostysky.com\/shop\/\"},{\"@type\":\"ListItem\",\"position\":3,\"name\":\"DJI Terra Standard Permanent\"}]},{\"@type\":\"WebSite\",\"@id\":\"https:\/\/www.ghostysky.com\/#website\",\"url\":\"https:\/\/www.ghostysky.com\/\",\"name\":\"Ghostysky\",\"description\":\"Delivering professional drones and services\",\"publisher\":{\"@id\":\"https:\/\/www.ghostysky.com\/#organization\"},\"potentialAction\":[{\"@type\":\"SearchAction\",\"target\":{\"@type\":\"EntryPoint\",\"urlTemplate\":\"https:\/\/www.ghostysky.com\/?s={search_term_string}\"},\"query-input\":{\"@type\":\"PropertyValueSpecification\",\"valueRequired\":true,\"valueName\":\"search_term_string\"}}],\"inLanguage\":\"pt-PT\"},{\"@type\":\"Organization\",\"@id\":\"https:\/\/www.ghostysky.com\/#organization\",\"name\":\"Ghostysky\",\"url\":\"https:\/\/www.ghostysky.com\/\",\"logo\":{\"@type\":\"ImageObject\",\"inLanguage\":\"pt-PT\",\"@id\":\"https:\/\/www.ghostysky.com\/#\/schema\/logo\/image\/\",\"url\":\"https:\/\/www.ghostysky.com\/wp-content\/uploads\/2020\/06\/cropped-ghostyskylogo_text_white2.png\",\"contentUrl\":\"https:\/\/www.ghostysky.com\/wp-content\/uploads\/2020\/06\/cropped-ghostyskylogo_text_white2.png\",\"width\":169,\"height\":56,\"caption\":\"Ghostysky\"},\"image\":{\"@id\":\"https:\/\/www.ghostysky.com\/#\/schema\/logo\/image\/\"},\"sameAs\":[\"https:\/\/www.facebook.com\/people\/Ghostysky\/100057676170234\/\",\"https:\/\/x.com\/Gh0stysky\",\"https:\/\/www.linkedin.com\/company\/34739653\",\"https:\/\/www.instagram.com\/gh0stysky\"]}]}<\/script>\n<!-- \/ Yoast SEO plugin. -->","yoast_head_json":{"title":"DJI Terra Standard Permanente - Ghostysky","description":"A licen\u00e7a DJI Terra Standard Permanent \u00e9 uma solu\u00e7\u00e3o de software profissional, de compra \u00fanica, para transformar dados capturados por drones em mapas 2D e modelos 3D de alta precis\u00e3o. Ela oferece acesso perp\u00e9tuo e ilimitado aos recursos essenciais de mapeamento e reconstru\u00e7\u00e3o do DJI Terra, tornando-se um investimento de longo prazo ideal para profissionais de topografia, constru\u00e7\u00e3o, infraestrutura e agricultura.","robots":{"index":"index","follow":"follow","max-snippet":"max-snippet:-1","max-image-preview":"max-image-preview:large","max-video-preview":"max-video-preview:-1"},"canonical":"https:\/\/www.ghostysky.com\/pt\/produto-2\/dji-terra-standard-permanent\/","og_locale":"pt_PT","og_type":"article","og_title":"DJI Terra Standard Permanent - Ghostysky","og_description":"The DJI Terra Standard Permanent license is a professional-grade, one-time purchase software solution for transforming drone-captured data into highly accurate 2D maps and 3D models. It provides perpetual, unlimited access to DJI Terra's essential mapping and reconstruction features, making it an ideal long-term investment for professionals in surveying, construction, infrastructure, and agriculture.","og_url":"https:\/\/www.ghostysky.com\/pt\/produto-2\/dji-terra-standard-permanent\/","og_site_name":"Ghostysky","article_publisher":"https:\/\/www.facebook.com\/people\/Ghostysky\/100057676170234\/","article_modified_time":"2025-10-15T10:16:25+00:00","og_image":[{"width":800,"height":644,"url":"https:\/\/www.ghostysky.com\/wp-content\/uploads\/2024\/05\/GH_dji-terra-pro-overseas-perpetual-1.jpg","type":"image\/jpeg"}],"twitter_card":"summary_large_image","twitter_site":"@Gh0stysky","twitter_misc":{"Tempo estimado de leitura":"2 minutos"},"schema":{"@context":"https:\/\/schema.org","@graph":[{"@type":"WebPage","@id":"https:\/\/www.ghostysky.com\/product\/dji-terra-standard-permanent\/","url":"https:\/\/www.ghostysky.com\/product\/dji-terra-standard-permanent\/","name":"DJI Terra Standard Permanente - Ghostysky","isPartOf":{"@id":"https:\/\/www.ghostysky.com\/#website"},"primaryImageOfPage":{"@id":"https:\/\/www.ghostysky.com\/product\/dji-terra-standard-permanent\/#primaryimage"},"image":{"@id":"https:\/\/www.ghostysky.com\/product\/dji-terra-standard-permanent\/#primaryimage"},"thumbnailUrl":"https:\/\/www.ghostysky.com\/wp-content\/uploads\/2024\/05\/GH_dji-terra-pro-overseas-perpetual-1.jpg","datePublished":"2025-10-14T14:59:33+00:00","dateModified":"2025-10-15T10:16:25+00:00","description":"A licen\u00e7a DJI Terra Standard Permanent \u00e9 uma solu\u00e7\u00e3o de software profissional, de compra \u00fanica, para transformar dados capturados por drones em mapas 2D e modelos 3D de alta precis\u00e3o. Ela oferece acesso perp\u00e9tuo e ilimitado aos recursos essenciais de mapeamento e reconstru\u00e7\u00e3o do DJI Terra, tornando-se um investimento de longo prazo ideal para profissionais de topografia, constru\u00e7\u00e3o, infraestrutura e agricultura.","breadcrumb":{"@id":"https:\/\/www.ghostysky.com\/product\/dji-terra-standard-permanent\/#breadcrumb"},"inLanguage":"pt-PT","potentialAction":[{"@type":"ReadAction","target":["https:\/\/www.ghostysky.com\/product\/dji-terra-standard-permanent\/"]}]},{"@type":"ImageObject","inLanguage":"pt-PT","@id":"https:\/\/www.ghostysky.com\/product\/dji-terra-standard-permanent\/#primaryimage","url":"https:\/\/www.ghostysky.com\/wp-content\/uploads\/2024\/05\/GH_dji-terra-pro-overseas-perpetual-1.jpg","contentUrl":"https:\/\/www.ghostysky.com\/wp-content\/uploads\/2024\/05\/GH_dji-terra-pro-overseas-perpetual-1.jpg","width":800,"height":644},{"@type":"BreadcrumbList","@id":"https:\/\/www.ghostysky.com\/product\/dji-terra-standard-permanent\/#breadcrumb","itemListElement":[{"@type":"ListItem","position":1,"name":"Home","item":"https:\/\/www.ghostysky.com\/"},{"@type":"ListItem","position":2,"name":"Shop","item":"https:\/\/www.ghostysky.com\/shop\/"},{"@type":"ListItem","position":3,"name":"DJI Terra Standard Permanent"}]},{"@type":"WebSite","@id":"https:\/\/www.ghostysky.com\/#website","url":"https:\/\/www.ghostysky.com\/","name":"Ghostysky","description":"Fornecendo drones e servi\u00e7os profissionais","publisher":{"@id":"https:\/\/www.ghostysky.com\/#organization"},"potentialAction":[{"@type":"SearchAction","target":{"@type":"EntryPoint","urlTemplate":"https:\/\/www.ghostysky.com\/?s={search_term_string}"},"query-input":{"@type":"PropertyValueSpecification","valueRequired":true,"valueName":"search_term_string"}}],"inLanguage":"pt-PT"},{"@type":"Organization","@id":"https:\/\/www.ghostysky.com\/#organization","name":"Ghostysky","url":"https:\/\/www.ghostysky.com\/","logo":{"@type":"ImageObject","inLanguage":"pt-PT","@id":"https:\/\/www.ghostysky.com\/#\/schema\/logo\/image\/","url":"https:\/\/www.ghostysky.com\/wp-content\/uploads\/2020\/06\/cropped-ghostyskylogo_text_white2.png","contentUrl":"https:\/\/www.ghostysky.com\/wp-content\/uploads\/2020\/06\/cropped-ghostyskylogo_text_white2.png","width":169,"height":56,"caption":"Ghostysky"},"image":{"@id":"https:\/\/www.ghostysky.com\/#\/schema\/logo\/image\/"},"sameAs":["https:\/\/www.facebook.com\/people\/Ghostysky\/100057676170234\/","https:\/\/x.com\/Gh0stysky","https:\/\/www.linkedin.com\/company\/34739653","https:\/\/www.instagram.com\/gh0stysky"]}]}},"_links":{"self":[{"href":"https:\/\/www.ghostysky.com\/pt\/wp-json\/wp\/v2\/product\/20891","targetHints":{"allow":["GET"]}}],"collection":[{"href":"https:\/\/www.ghostysky.com\/pt\/wp-json\/wp\/v2\/product"}],"about":[{"href":"https:\/\/www.ghostysky.com\/pt\/wp-json\/wp\/v2\/types\/product"}],"replies":[{"embeddable":true,"href":"https:\/\/www.ghostysky.com\/pt\/wp-json\/wp\/v2\/comments?post=20891"}],"wp:featuredmedia":[{"embeddable":true,"href":"https:\/\/www.ghostysky.com\/pt\/wp-json\/wp\/v2\/media\/19353"}],"wp:attachment":[{"href":"https:\/\/www.ghostysky.com\/pt\/wp-json\/wp\/v2\/media?parent=20891"}],"wp:term":[{"taxonomy":"product_brand","embeddable":true,"href":"https:\/\/www.ghostysky.com\/pt\/wp-json\/wp\/v2\/product_brand?post=20891"},{"taxonomy":"product_cat","embeddable":true,"href":"https:\/\/www.ghostysky.com\/pt\/wp-json\/wp\/v2\/product_cat?post=20891"},{"taxonomy":"product_tag","embeddable":true,"href":"https:\/\/www.ghostysky.com\/pt\/wp-json\/wp\/v2\/product_tag?post=20891"}],"curies":[{"name":"wp","href":"https:\/\/api.w.org\/{rel}","templated":true}]}}