{"id":20892,"date":"2025-10-14T15:12:11","date_gmt":"2025-10-14T15:12:11","guid":{"rendered":"https:\/\/www.ghostysky.com\/?post_type=product&#038;p=20892"},"modified":"2025-10-15T10:15:57","modified_gmt":"2025-10-15T10:15:57","slug":"dji-terra-edu-permanent-10-control-devices","status":"publish","type":"product","link":"https:\/\/www.ghostysky.com\/pt\/product\/dji-terra-edu-permanent-10-control-devices\/","title":{"rendered":"DJI Terra Edu Permanent - 10 Dispositivos de Controle"},"content":{"rendered":"<h3><b>Destaques do produto<\/b><\/h3>\n<ul>\n<li><b><span class=\"citation-244\">Licen\u00e7a Educacional Permanente:<\/span><\/b><span class=\"citation-244 citation-end-244\"> Uma licen\u00e7a permanente adaptada para uso acad\u00eamico, fornecendo acesso ilimitado para a institui\u00e7\u00e3o.<\/span><\/li>\n<li><b><span class=\"citation-243\">10 Dispositivos de Controle:<\/span><\/b><span class=\"citation-243 citation-end-243\"> Permite que o software seja usado em at\u00e9 10 dispositivos separados, tornando-o uma solu\u00e7\u00e3o ideal para instru\u00e7\u00e3o em sala de aula, ambientes de laborat\u00f3rio e equipes de pesquisa.<\/span><\/li>\n<li><b>Modelagem e mapeamento 3D abrangentes:<\/b><span class=\"citation-242\"> DJI Terra \u00e9 um software robusto que utiliza fotogrametria e tecnologias de reconstru\u00e7\u00e3o de \u00faltima gera\u00e7\u00e3o, incluindo <\/span><b><span class=\"citation-242\">Espalhamento Gaussiano 3D<\/span><\/b><span class=\"citation-242 citation-end-242\">, para transformar ambientes do mundo real capturados por drones DJI em ativos digitais de alta precis\u00e3o.<\/span><\/li>\n<\/ul>\n<h3><b>Principais recursos e capacidades<\/b><\/h3>\n<ul>\n<li><b>Reconstru\u00e7\u00e3o de alta precis\u00e3o:<\/b>\n<ul>\n<li><b><span class=\"citation-241\">Fotogrametria:<\/span><\/b><span class=\"citation-241\"> Gera rapidamente alta precis\u00e3o <\/span><b><span class=\"citation-241\">Mapas Ortofotogr\u00e1ficos 2D<\/span><\/b><span class=\"citation-241\"> (TDOM) e detalhado <\/span><b><span class=\"citation-241\">Modelos 3D<\/span><\/b><span class=\"citation-241 citation-end-241\"> (incluindo nuvens de pontos e DSMs) a partir de imagens de luz vis\u00edvel.<\/span><\/li>\n<li><b>Splatting Gaussiano 3D (recurso principal):<\/b><span class=\"citation-240 citation-end-240\"> Gera rapidamente modelos 3D incrivelmente detalhados e realistas com representa\u00e7\u00e3o aprimorada de elementos complexos, como estruturas finas e vegeta\u00e7\u00e3o.<\/span><\/li>\n<\/ul>\n<\/li>\n<li><b><span class=\"citation-239\">Reconstru\u00e7\u00e3o LiDAR:<\/span><\/b><span class=\"citation-239 citation-end-239\"> Oferece suporte \u00e0 integra\u00e7\u00e3o e ao processamento profundos de dados coletados por cargas \u00fateis DJI LiDAR (por exemplo, Zenmuse L2) para gerar nuvens de pontos em cores reais e modelos de malha 3D altamente precisos.<\/span><\/li>\n<li><b><span class=\"citation-238\">Reconstru\u00e7\u00e3o multiespectral:<\/span><\/b><span class=\"citation-238\"> Aproveita dados multiespectrais de drones compat\u00edveis (por exemplo, DJI Mavic 3 Multispectral) para gerar mapas de \u00edndice de vegeta\u00e7\u00e3o como <\/span><b><span class=\"citation-238\">NDVI<\/span><\/b><span class=\"citation-238\"> e <\/span><b><span class=\"citation-238\">NDRE<\/span><\/b><span class=\"citation-238 citation-end-238\"> para pesquisa em agricultura e sensoriamento remoto.<\/span><\/li>\n<li><b><span class=\"citation-237\">Integra\u00e7\u00e3o perfeita de hardware e software:<\/span><\/b><span class=\"citation-237 citation-end-237\"> Projetado para funcionar perfeitamente com uma variedade de drones e cargas \u00fateis DJI Enterprise (por exemplo, s\u00e9rie Matrice, Zenmuse P1, Zenmuse L2), simplificando todo o fluxo de trabalho de levantamento a\u00e9reo.<\/span><\/li>\n<li><b><span class=\"citation-236\">Ferramentas de an\u00e1lise de dados:<\/span><\/b><span class=\"citation-236 citation-end-236\"> Fornece ferramentas para f\u00e1cil medi\u00e7\u00e3o de coordenadas, dist\u00e2ncias, \u00e1reas e volumes dentro dos modelos reconstru\u00eddos.<\/span><\/li>\n<li><b>Flexibilidade de autoriza\u00e7\u00e3o:<\/b><span class=\"citation-235 citation-end-235\"> Suporta modos de autoriza\u00e7\u00e3o online e offline.<\/span><\/li>\n<\/ul>\n<p><span class=\"citation-234\">Este pacote \u00e9 uma solu\u00e7\u00e3o completa, permitindo que estudantes e pesquisadores dominem as mais recentes t\u00e9cnicas de mapeamento e an\u00e1lise espacial por drones para diversas aplica\u00e7\u00f5es, incluindo <\/span><b><span class=\"citation-234 citation-end-234\">Topografia e mapeamento, planejamento de cidades inteligentes, agricultura, silvicultura e inspe\u00e7\u00e3o de infraestrutura.<\/span><\/b><\/p>","protected":false},"excerpt":{"rendered":"<p>O DJI Terra Edu Permanent \u2013 10 Control Devices \u00e9 uma licen\u00e7a de software especializada projetada para fornecer a institui\u00e7\u00f5es educacionais, como universidades, faculdades e centros de pesquisa, uma ferramenta poderosa para levantamento a\u00e9reo, mapeamento e modelagem 3D.<\/p>","protected":false},"featured_media":19353,"comment_status":"open","ping_status":"closed","template":"","meta":[],"product_brand":[1031],"product_cat":[29,939],"product_tag":[42,1032],"class_list":{"0":"post-20892","1":"product","2":"type-product","3":"status-publish","4":"has-post-thumbnail","6":"product_brand-dji","7":"product_cat-drones","8":"product_cat-software-dji","9":"product_tag-dji","10":"product_tag-dji-terra","12":"first","13":"onbackorder","14":"taxable","15":"shipping-taxable","16":"product-type-simple"},"yoast_head":"<!-- This site is optimized with the Yoast SEO plugin v27.1.1 - https:\/\/yoast.com\/product\/yoast-seo-wordpress\/ -->\n<title>DJI Terra Edu Permanent- 10 Control Devices - Ghostysky<\/title>\n<meta name=\"description\" content=\"The DJI Terra Edu Permanent - 10 Control Devices is a specialized software license designed to provide educational institutions, such as universities, colleges, and research centers, with a powerful tool for aerial surveying, mapping, and 3D modeling.\" \/>\n<meta name=\"robots\" content=\"index, follow, max-snippet:-1, max-image-preview:large, max-video-preview:-1\" \/>\n<link rel=\"canonical\" href=\"https:\/\/www.ghostysky.com\/pt\/produto-2\/dji-terra-edu-permanent-10-control-devices\/\" \/>\n<meta property=\"og:locale\" content=\"pt_PT\" \/>\n<meta property=\"og:type\" content=\"article\" \/>\n<meta property=\"og:title\" content=\"DJI Terra Edu Permanent- 10 Control Devices - Ghostysky\" \/>\n<meta property=\"og:description\" content=\"The DJI Terra Edu Permanent - 10 Control Devices is a specialized software license designed to provide educational institutions, such as universities, colleges, and research centers, with a powerful tool for aerial surveying, mapping, and 3D modeling.\" \/>\n<meta property=\"og:url\" content=\"https:\/\/www.ghostysky.com\/pt\/produto-2\/dji-terra-edu-permanent-10-control-devices\/\" \/>\n<meta property=\"og:site_name\" content=\"Ghostysky\" \/>\n<meta property=\"article:publisher\" content=\"https:\/\/www.facebook.com\/people\/Ghostysky\/100057676170234\/\" \/>\n<meta property=\"article:modified_time\" content=\"2025-10-15T10:15:57+00:00\" \/>\n<meta property=\"og:image\" content=\"https:\/\/www.ghostysky.com\/wp-content\/uploads\/2024\/05\/GH_dji-terra-pro-overseas-perpetual-1.jpg\" \/>\n\t<meta property=\"og:image:width\" content=\"800\" \/>\n\t<meta property=\"og:image:height\" content=\"644\" \/>\n\t<meta property=\"og:image:type\" content=\"image\/jpeg\" \/>\n<meta name=\"twitter:card\" content=\"summary_large_image\" \/>\n<meta name=\"twitter:site\" content=\"@Gh0stysky\" \/>\n<meta name=\"twitter:label1\" content=\"Tempo estimado de leitura\" \/>\n\t<meta name=\"twitter:data1\" content=\"2 minutos\" \/>\n<script type=\"application\/ld+json\" class=\"yoast-schema-graph\">{\"@context\":\"https:\/\/schema.org\",\"@graph\":[{\"@type\":\"WebPage\",\"@id\":\"https:\/\/www.ghostysky.com\/product\/dji-terra-edu-permanent-10-control-devices\/\",\"url\":\"https:\/\/www.ghostysky.com\/product\/dji-terra-edu-permanent-10-control-devices\/\",\"name\":\"DJI Terra Edu Permanent- 10 Control Devices - Ghostysky\",\"isPartOf\":{\"@id\":\"https:\/\/www.ghostysky.com\/#website\"},\"primaryImageOfPage\":{\"@id\":\"https:\/\/www.ghostysky.com\/product\/dji-terra-edu-permanent-10-control-devices\/#primaryimage\"},\"image\":{\"@id\":\"https:\/\/www.ghostysky.com\/product\/dji-terra-edu-permanent-10-control-devices\/#primaryimage\"},\"thumbnailUrl\":\"https:\/\/www.ghostysky.com\/wp-content\/uploads\/2024\/05\/GH_dji-terra-pro-overseas-perpetual-1.jpg\",\"datePublished\":\"2025-10-14T15:12:11+00:00\",\"dateModified\":\"2025-10-15T10:15:57+00:00\",\"description\":\"The DJI Terra Edu Permanent - 10 Control Devices is a specialized software license designed to provide educational institutions, such as universities, colleges, and research centers, with a powerful tool for aerial surveying, mapping, and 3D modeling.\",\"breadcrumb\":{\"@id\":\"https:\/\/www.ghostysky.com\/product\/dji-terra-edu-permanent-10-control-devices\/#breadcrumb\"},\"inLanguage\":\"pt-PT\",\"potentialAction\":[{\"@type\":\"ReadAction\",\"target\":[\"https:\/\/www.ghostysky.com\/product\/dji-terra-edu-permanent-10-control-devices\/\"]}]},{\"@type\":\"ImageObject\",\"inLanguage\":\"pt-PT\",\"@id\":\"https:\/\/www.ghostysky.com\/product\/dji-terra-edu-permanent-10-control-devices\/#primaryimage\",\"url\":\"https:\/\/www.ghostysky.com\/wp-content\/uploads\/2024\/05\/GH_dji-terra-pro-overseas-perpetual-1.jpg\",\"contentUrl\":\"https:\/\/www.ghostysky.com\/wp-content\/uploads\/2024\/05\/GH_dji-terra-pro-overseas-perpetual-1.jpg\",\"width\":800,\"height\":644},{\"@type\":\"BreadcrumbList\",\"@id\":\"https:\/\/www.ghostysky.com\/product\/dji-terra-edu-permanent-10-control-devices\/#breadcrumb\",\"itemListElement\":[{\"@type\":\"ListItem\",\"position\":1,\"name\":\"Home\",\"item\":\"https:\/\/www.ghostysky.com\/\"},{\"@type\":\"ListItem\",\"position\":2,\"name\":\"Shop\",\"item\":\"https:\/\/www.ghostysky.com\/shop\/\"},{\"@type\":\"ListItem\",\"position\":3,\"name\":\"DJI Terra Edu Permanent- 10 Control Devices\"}]},{\"@type\":\"WebSite\",\"@id\":\"https:\/\/www.ghostysky.com\/#website\",\"url\":\"https:\/\/www.ghostysky.com\/\",\"name\":\"Ghostysky\",\"description\":\"Delivering professional drones and services\",\"publisher\":{\"@id\":\"https:\/\/www.ghostysky.com\/#organization\"},\"potentialAction\":[{\"@type\":\"SearchAction\",\"target\":{\"@type\":\"EntryPoint\",\"urlTemplate\":\"https:\/\/www.ghostysky.com\/?s={search_term_string}\"},\"query-input\":{\"@type\":\"PropertyValueSpecification\",\"valueRequired\":true,\"valueName\":\"search_term_string\"}}],\"inLanguage\":\"pt-PT\"},{\"@type\":\"Organization\",\"@id\":\"https:\/\/www.ghostysky.com\/#organization\",\"name\":\"Ghostysky\",\"url\":\"https:\/\/www.ghostysky.com\/\",\"logo\":{\"@type\":\"ImageObject\",\"inLanguage\":\"pt-PT\",\"@id\":\"https:\/\/www.ghostysky.com\/#\/schema\/logo\/image\/\",\"url\":\"https:\/\/www.ghostysky.com\/wp-content\/uploads\/2020\/06\/cropped-ghostyskylogo_text_white2.png\",\"contentUrl\":\"https:\/\/www.ghostysky.com\/wp-content\/uploads\/2020\/06\/cropped-ghostyskylogo_text_white2.png\",\"width\":169,\"height\":56,\"caption\":\"Ghostysky\"},\"image\":{\"@id\":\"https:\/\/www.ghostysky.com\/#\/schema\/logo\/image\/\"},\"sameAs\":[\"https:\/\/www.facebook.com\/people\/Ghostysky\/100057676170234\/\",\"https:\/\/x.com\/Gh0stysky\",\"https:\/\/www.linkedin.com\/company\/34739653\",\"https:\/\/www.instagram.com\/gh0stysky\"]}]}<\/script>\n<!-- \/ Yoast SEO plugin. -->","yoast_head_json":{"title":"DJI Terra Edu Permanent - 10 Dispositivos de Controle - Ghostysky","description":"O DJI Terra Edu Permanent - 10 Control Devices \u00e9 uma licen\u00e7a de software especializada projetada para fornecer \u00e0s institui\u00e7\u00f5es educacionais, como universidades, faculdades e centros de pesquisa, uma ferramenta poderosa para levantamento a\u00e9reo, mapeamento e modelagem 3D.","robots":{"index":"index","follow":"follow","max-snippet":"max-snippet:-1","max-image-preview":"max-image-preview:large","max-video-preview":"max-video-preview:-1"},"canonical":"https:\/\/www.ghostysky.com\/pt\/produto-2\/dji-terra-edu-permanent-10-control-devices\/","og_locale":"pt_PT","og_type":"article","og_title":"DJI Terra Edu Permanent- 10 Control Devices - Ghostysky","og_description":"The DJI Terra Edu Permanent - 10 Control Devices is a specialized software license designed to provide educational institutions, such as universities, colleges, and research centers, with a powerful tool for aerial surveying, mapping, and 3D modeling.","og_url":"https:\/\/www.ghostysky.com\/pt\/produto-2\/dji-terra-edu-permanent-10-control-devices\/","og_site_name":"Ghostysky","article_publisher":"https:\/\/www.facebook.com\/people\/Ghostysky\/100057676170234\/","article_modified_time":"2025-10-15T10:15:57+00:00","og_image":[{"width":800,"height":644,"url":"https:\/\/www.ghostysky.com\/wp-content\/uploads\/2024\/05\/GH_dji-terra-pro-overseas-perpetual-1.jpg","type":"image\/jpeg"}],"twitter_card":"summary_large_image","twitter_site":"@Gh0stysky","twitter_misc":{"Tempo estimado de leitura":"2 minutos"},"schema":{"@context":"https:\/\/schema.org","@graph":[{"@type":"WebPage","@id":"https:\/\/www.ghostysky.com\/product\/dji-terra-edu-permanent-10-control-devices\/","url":"https:\/\/www.ghostysky.com\/product\/dji-terra-edu-permanent-10-control-devices\/","name":"DJI Terra Edu Permanent - 10 Dispositivos de Controle - Ghostysky","isPartOf":{"@id":"https:\/\/www.ghostysky.com\/#website"},"primaryImageOfPage":{"@id":"https:\/\/www.ghostysky.com\/product\/dji-terra-edu-permanent-10-control-devices\/#primaryimage"},"image":{"@id":"https:\/\/www.ghostysky.com\/product\/dji-terra-edu-permanent-10-control-devices\/#primaryimage"},"thumbnailUrl":"https:\/\/www.ghostysky.com\/wp-content\/uploads\/2024\/05\/GH_dji-terra-pro-overseas-perpetual-1.jpg","datePublished":"2025-10-14T15:12:11+00:00","dateModified":"2025-10-15T10:15:57+00:00","description":"O DJI Terra Edu Permanent - 10 Control Devices \u00e9 uma licen\u00e7a de software especializada projetada para fornecer \u00e0s institui\u00e7\u00f5es educacionais, como universidades, faculdades e centros de pesquisa, uma ferramenta poderosa para levantamento a\u00e9reo, mapeamento e modelagem 3D.","breadcrumb":{"@id":"https:\/\/www.ghostysky.com\/product\/dji-terra-edu-permanent-10-control-devices\/#breadcrumb"},"inLanguage":"pt-PT","potentialAction":[{"@type":"ReadAction","target":["https:\/\/www.ghostysky.com\/product\/dji-terra-edu-permanent-10-control-devices\/"]}]},{"@type":"ImageObject","inLanguage":"pt-PT","@id":"https:\/\/www.ghostysky.com\/product\/dji-terra-edu-permanent-10-control-devices\/#primaryimage","url":"https:\/\/www.ghostysky.com\/wp-content\/uploads\/2024\/05\/GH_dji-terra-pro-overseas-perpetual-1.jpg","contentUrl":"https:\/\/www.ghostysky.com\/wp-content\/uploads\/2024\/05\/GH_dji-terra-pro-overseas-perpetual-1.jpg","width":800,"height":644},{"@type":"BreadcrumbList","@id":"https:\/\/www.ghostysky.com\/product\/dji-terra-edu-permanent-10-control-devices\/#breadcrumb","itemListElement":[{"@type":"ListItem","position":1,"name":"Home","item":"https:\/\/www.ghostysky.com\/"},{"@type":"ListItem","position":2,"name":"Shop","item":"https:\/\/www.ghostysky.com\/shop\/"},{"@type":"ListItem","position":3,"name":"DJI Terra Edu Permanent- 10 Control Devices"}]},{"@type":"WebSite","@id":"https:\/\/www.ghostysky.com\/#website","url":"https:\/\/www.ghostysky.com\/","name":"Ghostysky","description":"Fornecendo drones e servi\u00e7os profissionais","publisher":{"@id":"https:\/\/www.ghostysky.com\/#organization"},"potentialAction":[{"@type":"SearchAction","target":{"@type":"EntryPoint","urlTemplate":"https:\/\/www.ghostysky.com\/?s={search_term_string}"},"query-input":{"@type":"PropertyValueSpecification","valueRequired":true,"valueName":"search_term_string"}}],"inLanguage":"pt-PT"},{"@type":"Organization","@id":"https:\/\/www.ghostysky.com\/#organization","name":"Ghostysky","url":"https:\/\/www.ghostysky.com\/","logo":{"@type":"ImageObject","inLanguage":"pt-PT","@id":"https:\/\/www.ghostysky.com\/#\/schema\/logo\/image\/","url":"https:\/\/www.ghostysky.com\/wp-content\/uploads\/2020\/06\/cropped-ghostyskylogo_text_white2.png","contentUrl":"https:\/\/www.ghostysky.com\/wp-content\/uploads\/2020\/06\/cropped-ghostyskylogo_text_white2.png","width":169,"height":56,"caption":"Ghostysky"},"image":{"@id":"https:\/\/www.ghostysky.com\/#\/schema\/logo\/image\/"},"sameAs":["https:\/\/www.facebook.com\/people\/Ghostysky\/100057676170234\/","https:\/\/x.com\/Gh0stysky","https:\/\/www.linkedin.com\/company\/34739653","https:\/\/www.instagram.com\/gh0stysky"]}]}},"_links":{"self":[{"href":"https:\/\/www.ghostysky.com\/pt\/wp-json\/wp\/v2\/product\/20892","targetHints":{"allow":["GET"]}}],"collection":[{"href":"https:\/\/www.ghostysky.com\/pt\/wp-json\/wp\/v2\/product"}],"about":[{"href":"https:\/\/www.ghostysky.com\/pt\/wp-json\/wp\/v2\/types\/product"}],"replies":[{"embeddable":true,"href":"https:\/\/www.ghostysky.com\/pt\/wp-json\/wp\/v2\/comments?post=20892"}],"wp:featuredmedia":[{"embeddable":true,"href":"https:\/\/www.ghostysky.com\/pt\/wp-json\/wp\/v2\/media\/19353"}],"wp:attachment":[{"href":"https:\/\/www.ghostysky.com\/pt\/wp-json\/wp\/v2\/media?parent=20892"}],"wp:term":[{"taxonomy":"product_brand","embeddable":true,"href":"https:\/\/www.ghostysky.com\/pt\/wp-json\/wp\/v2\/product_brand?post=20892"},{"taxonomy":"product_cat","embeddable":true,"href":"https:\/\/www.ghostysky.com\/pt\/wp-json\/wp\/v2\/product_cat?post=20892"},{"taxonomy":"product_tag","embeddable":true,"href":"https:\/\/www.ghostysky.com\/pt\/wp-json\/wp\/v2\/product_tag?post=20892"}],"curies":[{"name":"wp","href":"https:\/\/api.w.org\/{rel}","templated":true}]}}