{"id":20893,"date":"2025-10-14T15:16:28","date_gmt":"2025-10-14T15:16:28","guid":{"rendered":"https:\/\/www.ghostysky.com\/?post_type=product&#038;p=20893"},"modified":"2025-10-15T10:15:25","modified_gmt":"2025-10-15T10:15:25","slug":"dji-terra-flagship-1-year","status":"publish","type":"product","link":"https:\/\/www.ghostysky.com\/pt\/product\/dji-terra-flagship-1-year\/","title":{"rendered":"DJI Terra Flagship 1 ano"},"content":{"rendered":"<p><b>Principais recursos da licen\u00e7a principal de 1 ano:<\/b><\/p>\n<ul>\n<li><b>Modelagem 3D de n\u00edvel superior com splatting gaussiano:<\/b><span class=\"citation-275\"> Gere de forma impressionante <\/span><b><span class=\"citation-275\">modelos 3D fotorrealistas<\/span><\/b><span class=\"citation-275 citation-end-275\"> de forma r\u00e1pida e eficiente.<\/span> <span class=\"citation-274 citation-end-274\">O Gaussian Splatting fornece detalhes excepcionais e restaura\u00e7\u00e3o precisa de cenas complexas, incluindo estruturas complexas, vidro, objetos reflexivos e vegeta\u00e7\u00e3o densa.<\/span><\/li>\n<li><b>Capacidades abrangentes de reconstru\u00e7\u00e3o:<\/b>\n<ul>\n<li><b><span class=\"citation-273\">Reconstru\u00e7\u00e3o de mapa 2D:<\/span><\/b><span class=\"citation-273 citation-end-273\"> Crie ortomosaicos de alta precis\u00e3o para cen\u00e1rios de campo\/\u00e1rvores frut\u00edferas e urbanos.<\/span><\/li>\n<li><b><span class=\"citation-272\">Reconstru\u00e7\u00e3o de modelo de malha 3D:<\/span><\/b><span class=\"citation-272 citation-end-272\"> Produza rapidamente modelos de malha 3D de alta fidelidade a partir de imagens de luz vis\u00edvel.<\/span><\/li>\n<li><b><span class=\"citation-271\">Reconstru\u00e7\u00e3o de Nuvem de Pontos LiDAR:<\/span><\/b><span class=\"citation-271 citation-end-271\"> Processe e combine dados de sensores DJI LiDAR (como o Zenmuse L2) e imagens de luz vis\u00edvel para nuvens de pontos e modelos altamente precisos, essenciais para infraestruturas complexas.<\/span><\/li>\n<\/ul>\n<\/li>\n<li><b>Ferramentas Industriais Especializadas:<\/b>\n<ul>\n<li><b><span class=\"citation-270\">M\u00f3dulo de Aplica\u00e7\u00e3o de Eletricidade:<\/span><\/b><span class=\"citation-270 citation-end-270\"> Ferramentas e fluxos de trabalho dedicados para inspe\u00e7\u00e3o, modelagem e an\u00e1lise de linhas de energia e corredores de transmiss\u00e3o.<\/span><\/li>\n<li><b><span class=\"citation-269\">Reconstru\u00e7\u00e3o multiespectral 2D:<\/span><\/b><span class=\"citation-269 citation-end-269\"> Gere mapas de \u00edndice de vegeta\u00e7\u00e3o (NDVI, NDRE) e mapas de prescri\u00e7\u00e3o a partir de dados de drones multiespectrais para agricultura de precis\u00e3o.<\/span><\/li>\n<\/ul>\n<\/li>\n<li><b>Recursos avan\u00e7ados para profissionais:<\/b>\n<ul>\n<li><b>Resultado do terreno:<\/b><span class=\"citation-268 citation-end-268\"> Gere modelos digitais de terreno (DTM) detalhados para an\u00e1lise precisa da superf\u00edcie.<\/span><\/li>\n<li><b>Edi\u00e7\u00e3o de modelo de malha 3D e edi\u00e7\u00e3o de nuvem de pontos:<\/b><span class=\"citation-267 citation-end-267\"> Integre-se perfeitamente ao DJI Modify para polir e p\u00f3s-processar seus modelos com ferramentas para filtragem de ru\u00eddo, suaviza\u00e7\u00e3o e redu\u00e7\u00e3o de amostragem.<\/span><\/li>\n<li><b><span class=\"citation-266\">Autoriza\u00e7\u00e3o Online e Offline:<\/span><\/b><span class=\"citation-266 citation-end-266\"> Mantenha a flexibilidade operacional, independentemente de ter uma conex\u00e3o constante com a internet ou de estar trabalhando em locais remotos.<\/span><\/li>\n<\/ul>\n<\/li>\n<li><b>Fluxo de trabalho integrado:<\/b><span class=\"citation-265 citation-end-265\"> O DJI Terra fornece uma solu\u00e7\u00e3o unificada de hardware e software, funcionando perfeitamente com drones DJI Enterprise (como a s\u00e9rie Matrice, Zenmuse P1, Zenmuse L2) para otimizar a aquisi\u00e7\u00e3o, o processamento e a aplica\u00e7\u00e3o de dados.<\/span><\/li>\n<\/ul>\n<p>O <b>Licen\u00e7a de 1 ano do DJI Terra Flagship<\/b> \u00e9 a ferramenta definitiva para profissionais que exigem o mais alto n\u00edvel de detalhes, precis\u00e3o e funcionalidade avan\u00e7ada para seus projetos de levantamento a\u00e9reo e g\u00eameos digitais. <span class=\"citation-264 citation-end-264\">Inclui atualiza\u00e7\u00f5es de software gratuitas para a vers\u00e3o mais recente durante o per\u00edodo de validade de 1 ano.<\/span><\/p>\n<div class=\"source-inline-chip-container ng-star-inserted\"><\/div>\n<hr \/>\n<p><b>Detalhes da licen\u00e7a:<\/b><\/p>\n<ul>\n<li><b><span class=\"citation-263\">Validade:<\/span><\/b><span class=\"citation-263 citation-end-263\"> 1 ano<\/span><\/li>\n<li><b>Autoriza\u00e7\u00e3o:<\/b> Suporte online e offline<\/li>\n<li><b>Liga\u00e7\u00e3o do dispositivo:<\/b><span class=\"citation-262 citation-end-262\"> Normalmente vinculado a um \u00fanico dispositivo<\/span><\/li>\n<\/ul>","protected":false},"excerpt":{"rendered":"<p><b>Software avan\u00e7ado de mapeamento e reconstru\u00e7\u00e3o 3D com splatting gaussiano e suporte a LiDAR<\/b><\/p>\n<p><span class=\"citation-277 interactive-span-hovered\">Libere todo o poder dos dados do seu drone com o <\/span><b><span class=\"citation-277 interactive-span-hovered\">Licen\u00e7a de 1 ano do DJI Terra Flagship<\/span><\/b><span class=\"citation-277 citation-end-277 interactive-span-hovered\">, a edi\u00e7\u00e3o mais abrangente do software profissional de reconstru\u00e7\u00e3o 2D e 3D da DJI.<\/span> <span class=\"citation-276 citation-end-276\">Projetada para aplica\u00e7\u00f5es exigentes em topografia, constru\u00e7\u00e3o, servi\u00e7os p\u00fablicos e infraestrutura, a vers\u00e3o Flagship inclui todos os recursos padr\u00e3o, al\u00e9m de ferramentas avan\u00e7adas exclusivas para desempenho e precis\u00e3o superiores.<\/span><\/p>","protected":false},"featured_media":19353,"comment_status":"open","ping_status":"closed","template":"","meta":[],"product_brand":[1031],"product_cat":[37,29,939],"product_tag":[42,1032],"class_list":{"0":"post-20893","1":"product","2":"type-product","3":"status-publish","4":"has-post-thumbnail","6":"product_brand-dji","7":"product_cat-dji","8":"product_cat-drones","9":"product_cat-software-dji","10":"product_tag-dji","11":"product_tag-dji-terra","13":"first","14":"onbackorder","15":"taxable","16":"shipping-taxable","17":"purchasable","18":"product-type-simple"},"yoast_head":"<!-- This site is optimized with the Yoast SEO plugin v27.4 - https:\/\/yoast.com\/product\/yoast-seo-wordpress\/ -->\n<title>DJI Terra Flagship 1 Year - Ghostysky<\/title>\n<meta name=\"description\" content=\"Advanced 3D Mapping and Reconstruction Software with Gaussian Splatting and LiDAR SupportUnleash the full power of your drone data with the DJI Terra Flagship 1-Year License, the most comprehensive edition of DJI&#039;s professional 2D and 3D reconstruction software. Designed for demanding applications in surveying, construction, utilities, and infrastructure, the Flagship version includes all Standard features plus exclusive advanced tools for superior performance and accuracy.\" \/>\n<meta name=\"robots\" content=\"index, follow, max-snippet:-1, max-image-preview:large, max-video-preview:-1\" \/>\n<link rel=\"canonical\" href=\"https:\/\/www.ghostysky.com\/pt\/produto-2\/dji-terra-flagship-1-year\/\" \/>\n<meta property=\"og:locale\" content=\"pt_PT\" \/>\n<meta property=\"og:type\" content=\"article\" \/>\n<meta property=\"og:title\" content=\"DJI Terra Flagship 1 Year - Ghostysky\" \/>\n<meta property=\"og:description\" content=\"Advanced 3D Mapping and Reconstruction Software with Gaussian Splatting and LiDAR SupportUnleash the full power of your drone data with the DJI Terra Flagship 1-Year License, the most comprehensive edition of DJI&#039;s professional 2D and 3D reconstruction software. Designed for demanding applications in surveying, construction, utilities, and infrastructure, the Flagship version includes all Standard features plus exclusive advanced tools for superior performance and accuracy.\" \/>\n<meta property=\"og:url\" content=\"https:\/\/www.ghostysky.com\/pt\/produto-2\/dji-terra-flagship-1-year\/\" \/>\n<meta property=\"og:site_name\" content=\"Ghostysky\" \/>\n<meta property=\"article:publisher\" content=\"https:\/\/www.facebook.com\/people\/Ghostysky\/100057676170234\/\" \/>\n<meta property=\"article:modified_time\" content=\"2025-10-15T10:15:25+00:00\" \/>\n<meta property=\"og:image\" content=\"https:\/\/www.ghostysky.com\/wp-content\/uploads\/2024\/05\/GH_dji-terra-pro-overseas-perpetual-1.jpg\" \/>\n\t<meta property=\"og:image:width\" content=\"800\" \/>\n\t<meta property=\"og:image:height\" content=\"644\" \/>\n\t<meta property=\"og:image:type\" content=\"image\/jpeg\" \/>\n<meta name=\"twitter:card\" content=\"summary_large_image\" \/>\n<meta name=\"twitter:site\" content=\"@Gh0stysky\" \/>\n<meta name=\"twitter:label1\" content=\"Tempo estimado de leitura\" \/>\n\t<meta name=\"twitter:data1\" content=\"2 minutos\" \/>\n<script type=\"application\/ld+json\" class=\"yoast-schema-graph\">{\"@context\":\"https:\\\/\\\/schema.org\",\"@graph\":[{\"@type\":\"WebPage\",\"@id\":\"https:\\\/\\\/www.ghostysky.com\\\/product\\\/dji-terra-flagship-1-year\\\/\",\"url\":\"https:\\\/\\\/www.ghostysky.com\\\/product\\\/dji-terra-flagship-1-year\\\/\",\"name\":\"DJI Terra Flagship 1 Year - Ghostysky\",\"isPartOf\":{\"@id\":\"https:\\\/\\\/www.ghostysky.com\\\/#website\"},\"primaryImageOfPage\":{\"@id\":\"https:\\\/\\\/www.ghostysky.com\\\/product\\\/dji-terra-flagship-1-year\\\/#primaryimage\"},\"image\":{\"@id\":\"https:\\\/\\\/www.ghostysky.com\\\/product\\\/dji-terra-flagship-1-year\\\/#primaryimage\"},\"thumbnailUrl\":\"https:\\\/\\\/www.ghostysky.com\\\/wp-content\\\/uploads\\\/2024\\\/05\\\/GH_dji-terra-pro-overseas-perpetual-1.jpg\",\"datePublished\":\"2025-10-14T15:16:28+00:00\",\"dateModified\":\"2025-10-15T10:15:25+00:00\",\"description\":\"Advanced 3D Mapping and Reconstruction Software with Gaussian Splatting and LiDAR SupportUnleash the full power of your drone data with the DJI Terra Flagship 1-Year License, the most comprehensive edition of DJI's professional 2D and 3D reconstruction software. Designed for demanding applications in surveying, construction, utilities, and infrastructure, the Flagship version includes all Standard features plus exclusive advanced tools for superior performance and accuracy.\",\"breadcrumb\":{\"@id\":\"https:\\\/\\\/www.ghostysky.com\\\/product\\\/dji-terra-flagship-1-year\\\/#breadcrumb\"},\"inLanguage\":\"pt-PT\",\"potentialAction\":[{\"@type\":\"ReadAction\",\"target\":[\"https:\\\/\\\/www.ghostysky.com\\\/product\\\/dji-terra-flagship-1-year\\\/\"]}]},{\"@type\":\"ImageObject\",\"inLanguage\":\"pt-PT\",\"@id\":\"https:\\\/\\\/www.ghostysky.com\\\/product\\\/dji-terra-flagship-1-year\\\/#primaryimage\",\"url\":\"https:\\\/\\\/www.ghostysky.com\\\/wp-content\\\/uploads\\\/2024\\\/05\\\/GH_dji-terra-pro-overseas-perpetual-1.jpg\",\"contentUrl\":\"https:\\\/\\\/www.ghostysky.com\\\/wp-content\\\/uploads\\\/2024\\\/05\\\/GH_dji-terra-pro-overseas-perpetual-1.jpg\",\"width\":800,\"height\":644},{\"@type\":\"BreadcrumbList\",\"@id\":\"https:\\\/\\\/www.ghostysky.com\\\/product\\\/dji-terra-flagship-1-year\\\/#breadcrumb\",\"itemListElement\":[{\"@type\":\"ListItem\",\"position\":1,\"name\":\"Home\",\"item\":\"https:\\\/\\\/www.ghostysky.com\\\/\"},{\"@type\":\"ListItem\",\"position\":2,\"name\":\"Shop\",\"item\":\"https:\\\/\\\/www.ghostysky.com\\\/shop\\\/\"},{\"@type\":\"ListItem\",\"position\":3,\"name\":\"DJI Terra Flagship 1 Year\"}]},{\"@type\":\"WebSite\",\"@id\":\"https:\\\/\\\/www.ghostysky.com\\\/#website\",\"url\":\"https:\\\/\\\/www.ghostysky.com\\\/\",\"name\":\"Ghostysky\",\"description\":\"Delivering professional drones and services\",\"publisher\":{\"@id\":\"https:\\\/\\\/www.ghostysky.com\\\/#organization\"},\"potentialAction\":[{\"@type\":\"SearchAction\",\"target\":{\"@type\":\"EntryPoint\",\"urlTemplate\":\"https:\\\/\\\/www.ghostysky.com\\\/?s={search_term_string}\"},\"query-input\":{\"@type\":\"PropertyValueSpecification\",\"valueRequired\":true,\"valueName\":\"search_term_string\"}}],\"inLanguage\":\"pt-PT\"},{\"@type\":\"Organization\",\"@id\":\"https:\\\/\\\/www.ghostysky.com\\\/#organization\",\"name\":\"Ghostysky\",\"url\":\"https:\\\/\\\/www.ghostysky.com\\\/\",\"logo\":{\"@type\":\"ImageObject\",\"inLanguage\":\"pt-PT\",\"@id\":\"https:\\\/\\\/www.ghostysky.com\\\/#\\\/schema\\\/logo\\\/image\\\/\",\"url\":\"https:\\\/\\\/www.ghostysky.com\\\/wp-content\\\/uploads\\\/2020\\\/06\\\/cropped-ghostyskylogo_text_white2.png\",\"contentUrl\":\"https:\\\/\\\/www.ghostysky.com\\\/wp-content\\\/uploads\\\/2020\\\/06\\\/cropped-ghostyskylogo_text_white2.png\",\"width\":169,\"height\":56,\"caption\":\"Ghostysky\"},\"image\":{\"@id\":\"https:\\\/\\\/www.ghostysky.com\\\/#\\\/schema\\\/logo\\\/image\\\/\"},\"sameAs\":[\"https:\\\/\\\/www.facebook.com\\\/people\\\/Ghostysky\\\/100057676170234\\\/\",\"https:\\\/\\\/x.com\\\/Gh0stysky\",\"https:\\\/\\\/www.linkedin.com\\\/company\\\/34739653\",\"https:\\\/\\\/www.instagram.com\\\/gh0stysky\"]}]}<\/script>\n<!-- \/ Yoast SEO plugin. -->","yoast_head_json":{"title":"DJI Terra Flagship 1 ano - Ghostysky","description":"Software avan\u00e7ado de mapeamento e reconstru\u00e7\u00e3o 3D com suporte a splatting gaussiano e LiDAR. Libere todo o poder dos dados do seu drone com a licen\u00e7a de 1 ano do DJI Terra Flagship, a edi\u00e7\u00e3o mais completa do software profissional de reconstru\u00e7\u00e3o 2D e 3D da DJI. Projetada para aplica\u00e7\u00f5es exigentes em topografia, constru\u00e7\u00e3o, servi\u00e7os p\u00fablicos e infraestrutura, a vers\u00e3o Flagship inclui todos os recursos padr\u00e3o, al\u00e9m de ferramentas avan\u00e7adas exclusivas para desempenho e precis\u00e3o superiores.","robots":{"index":"index","follow":"follow","max-snippet":"max-snippet:-1","max-image-preview":"max-image-preview:large","max-video-preview":"max-video-preview:-1"},"canonical":"https:\/\/www.ghostysky.com\/pt\/produto-2\/dji-terra-flagship-1-year\/","og_locale":"pt_PT","og_type":"article","og_title":"DJI Terra Flagship 1 Year - Ghostysky","og_description":"Advanced 3D Mapping and Reconstruction Software with Gaussian Splatting and LiDAR SupportUnleash the full power of your drone data with the DJI Terra Flagship 1-Year License, the most comprehensive edition of DJI's professional 2D and 3D reconstruction software. Designed for demanding applications in surveying, construction, utilities, and infrastructure, the Flagship version includes all Standard features plus exclusive advanced tools for superior performance and accuracy.","og_url":"https:\/\/www.ghostysky.com\/pt\/produto-2\/dji-terra-flagship-1-year\/","og_site_name":"Ghostysky","article_publisher":"https:\/\/www.facebook.com\/people\/Ghostysky\/100057676170234\/","article_modified_time":"2025-10-15T10:15:25+00:00","og_image":[{"width":800,"height":644,"url":"https:\/\/www.ghostysky.com\/wp-content\/uploads\/2024\/05\/GH_dji-terra-pro-overseas-perpetual-1.jpg","type":"image\/jpeg"}],"twitter_card":"summary_large_image","twitter_site":"@Gh0stysky","twitter_misc":{"Tempo estimado de leitura":"2 minutos"},"schema":{"@context":"https:\/\/schema.org","@graph":[{"@type":"WebPage","@id":"https:\/\/www.ghostysky.com\/product\/dji-terra-flagship-1-year\/","url":"https:\/\/www.ghostysky.com\/product\/dji-terra-flagship-1-year\/","name":"DJI Terra Flagship 1 ano - Ghostysky","isPartOf":{"@id":"https:\/\/www.ghostysky.com\/#website"},"primaryImageOfPage":{"@id":"https:\/\/www.ghostysky.com\/product\/dji-terra-flagship-1-year\/#primaryimage"},"image":{"@id":"https:\/\/www.ghostysky.com\/product\/dji-terra-flagship-1-year\/#primaryimage"},"thumbnailUrl":"https:\/\/www.ghostysky.com\/wp-content\/uploads\/2024\/05\/GH_dji-terra-pro-overseas-perpetual-1.jpg","datePublished":"2025-10-14T15:16:28+00:00","dateModified":"2025-10-15T10:15:25+00:00","description":"Software avan\u00e7ado de mapeamento e reconstru\u00e7\u00e3o 3D com suporte a splatting gaussiano e LiDAR. Libere todo o poder dos dados do seu drone com a licen\u00e7a de 1 ano do DJI Terra Flagship, a edi\u00e7\u00e3o mais completa do software profissional de reconstru\u00e7\u00e3o 2D e 3D da DJI. Projetada para aplica\u00e7\u00f5es exigentes em topografia, constru\u00e7\u00e3o, servi\u00e7os p\u00fablicos e infraestrutura, a vers\u00e3o Flagship inclui todos os recursos padr\u00e3o, al\u00e9m de ferramentas avan\u00e7adas exclusivas para desempenho e precis\u00e3o superiores.","breadcrumb":{"@id":"https:\/\/www.ghostysky.com\/product\/dji-terra-flagship-1-year\/#breadcrumb"},"inLanguage":"pt-PT","potentialAction":[{"@type":"ReadAction","target":["https:\/\/www.ghostysky.com\/product\/dji-terra-flagship-1-year\/"]}]},{"@type":"ImageObject","inLanguage":"pt-PT","@id":"https:\/\/www.ghostysky.com\/product\/dji-terra-flagship-1-year\/#primaryimage","url":"https:\/\/www.ghostysky.com\/wp-content\/uploads\/2024\/05\/GH_dji-terra-pro-overseas-perpetual-1.jpg","contentUrl":"https:\/\/www.ghostysky.com\/wp-content\/uploads\/2024\/05\/GH_dji-terra-pro-overseas-perpetual-1.jpg","width":800,"height":644},{"@type":"BreadcrumbList","@id":"https:\/\/www.ghostysky.com\/product\/dji-terra-flagship-1-year\/#breadcrumb","itemListElement":[{"@type":"ListItem","position":1,"name":"Home","item":"https:\/\/www.ghostysky.com\/"},{"@type":"ListItem","position":2,"name":"Shop","item":"https:\/\/www.ghostysky.com\/shop\/"},{"@type":"ListItem","position":3,"name":"DJI Terra Flagship 1 Year"}]},{"@type":"WebSite","@id":"https:\/\/www.ghostysky.com\/#website","url":"https:\/\/www.ghostysky.com\/","name":"Ghostysky","description":"Fornecendo drones e servi\u00e7os profissionais","publisher":{"@id":"https:\/\/www.ghostysky.com\/#organization"},"potentialAction":[{"@type":"SearchAction","target":{"@type":"EntryPoint","urlTemplate":"https:\/\/www.ghostysky.com\/?s={search_term_string}"},"query-input":{"@type":"PropertyValueSpecification","valueRequired":true,"valueName":"search_term_string"}}],"inLanguage":"pt-PT"},{"@type":"Organization","@id":"https:\/\/www.ghostysky.com\/#organization","name":"Ghostysky","url":"https:\/\/www.ghostysky.com\/","logo":{"@type":"ImageObject","inLanguage":"pt-PT","@id":"https:\/\/www.ghostysky.com\/#\/schema\/logo\/image\/","url":"https:\/\/www.ghostysky.com\/wp-content\/uploads\/2020\/06\/cropped-ghostyskylogo_text_white2.png","contentUrl":"https:\/\/www.ghostysky.com\/wp-content\/uploads\/2020\/06\/cropped-ghostyskylogo_text_white2.png","width":169,"height":56,"caption":"Ghostysky"},"image":{"@id":"https:\/\/www.ghostysky.com\/#\/schema\/logo\/image\/"},"sameAs":["https:\/\/www.facebook.com\/people\/Ghostysky\/100057676170234\/","https:\/\/x.com\/Gh0stysky","https:\/\/www.linkedin.com\/company\/34739653","https:\/\/www.instagram.com\/gh0stysky"]}]}},"_links":{"self":[{"href":"https:\/\/www.ghostysky.com\/pt\/wp-json\/wp\/v2\/product\/20893","targetHints":{"allow":["GET"]}}],"collection":[{"href":"https:\/\/www.ghostysky.com\/pt\/wp-json\/wp\/v2\/product"}],"about":[{"href":"https:\/\/www.ghostysky.com\/pt\/wp-json\/wp\/v2\/types\/product"}],"replies":[{"embeddable":true,"href":"https:\/\/www.ghostysky.com\/pt\/wp-json\/wp\/v2\/comments?post=20893"}],"version-history":[{"count":0,"href":"https:\/\/www.ghostysky.com\/pt\/wp-json\/wp\/v2\/product\/20893\/revisions"}],"wp:featuredmedia":[{"embeddable":true,"href":"https:\/\/www.ghostysky.com\/pt\/wp-json\/wp\/v2\/media\/19353"}],"wp:attachment":[{"href":"https:\/\/www.ghostysky.com\/pt\/wp-json\/wp\/v2\/media?parent=20893"}],"wp:term":[{"taxonomy":"product_brand","embeddable":true,"href":"https:\/\/www.ghostysky.com\/pt\/wp-json\/wp\/v2\/product_brand?post=20893"},{"taxonomy":"product_cat","embeddable":true,"href":"https:\/\/www.ghostysky.com\/pt\/wp-json\/wp\/v2\/product_cat?post=20893"},{"taxonomy":"product_tag","embeddable":true,"href":"https:\/\/www.ghostysky.com\/pt\/wp-json\/wp\/v2\/product_tag?post=20893"}],"curies":[{"name":"wp","href":"https:\/\/api.w.org\/{rel}","templated":true}]}}