{"id":20895,"date":"2025-10-14T15:19:43","date_gmt":"2025-10-14T15:19:43","guid":{"rendered":"https:\/\/www.ghostysky.com\/?post_type=product&#038;p=20895"},"modified":"2025-10-15T10:14:47","modified_gmt":"2025-10-15T10:14:47","slug":"dji-modify-flagship-permanent","status":"publish","type":"product","link":"https:\/\/www.ghostysky.com\/pt\/product\/dji-modify-flagship-permanent\/","title":{"rendered":"DJI Modify Flagship Permanent"},"content":{"rendered":"<h3>Principais recursos da licen\u00e7a permanente principal do DJI Modify<\/h3>\n<ul>\n<li><b>Licen\u00e7a Permanente:<\/b><span class=\"citation-306\"> Oferece um <\/span><b><span class=\"citation-306\">compra \u00fanica<\/span><\/b><span class=\"citation-306 citation-end-306\"> para uso perp\u00e9tuo e sem expira\u00e7\u00e3o do software.<\/span><\/li>\n<li><b><span class=\"citation-305\">Caracter\u00edsticas principais:<\/span><\/b><span class=\"citation-305 citation-end-305\"> Fornece acesso \u00e0s ferramentas mais avan\u00e7adas para edi\u00e7\u00e3o de malha 3D e nuvem de pontos.<\/span><\/li>\n<li><b><span class=\"citation-304\">Integra\u00e7\u00e3o perfeita com o DJI Terra:<\/span><\/b><span class=\"citation-304 citation-end-304\"> Funciona em um fluxo de trabalho eficiente e completo com o DJI Terra, permitindo que voc\u00ea inicie o Modify diretamente de um projeto Terra para p\u00f3s-processamento.<\/span><\/li>\n<li><b>Reparo de malha 3D inteligente:<\/b>\n<ul>\n<li><b><span class=\"citation-303\">Reparo de defeitos com um clique:<\/span><\/b><span class=\"citation-303\"> Identifica e repara com precis\u00e3o defeitos comuns de malha 3D, como <\/span><b><span class=\"citation-303\">objetos flutuantes<\/span><\/b><span class=\"citation-303\">, <\/span><b><span class=\"citation-303\">buracos<\/span><\/b><span class=\"citation-303\">, e <\/span><b><span class=\"citation-303\">ve\u00edculos<\/span><\/b><span class=\"citation-303 citation-end-303\"> com um \u00fanico clique.<\/span><\/li>\n<li><b>Reparo de textura:<\/b><span class=\"citation-302 citation-end-302\"> Inclui ferramentas como \u201cApagar\u201d e \u201cClonar\u201d para reparar texturas de forma r\u00e1pida e aut\u00eantica, garantindo um modelo final realista.<\/span><\/li>\n<li><b>Achatamento de superf\u00edcie:<\/b><span class=\"citation-301 citation-end-301\"> Nivele superf\u00edcies de forma eficiente, como ve\u00edculos ou terrenos irregulares.<\/span><\/li>\n<li><b>Reparo de superf\u00edcie de \u00e1gua:<\/b> Desenhe e repare facilmente superf\u00edcies de \u00e1gua, otimizando o efeito visual de cenas aqu\u00e1ticas.<\/li>\n<\/ul>\n<\/li>\n<li><b>Edi\u00e7\u00e3o eficiente de nuvem de pontos 3D:<\/b>\n<ul>\n<li><b><span class=\"citation-300\">Classifica\u00e7\u00e3o de Nuvem de Pontos:<\/span><\/b><span class=\"citation-300 citation-end-300\"> Suporta classifica\u00e7\u00e3o r\u00e1pida de categorias de nuvem de pontos (por exemplo, solo, vegeta\u00e7\u00e3o, edif\u00edcios) com ajuste de um clique.<\/span><\/li>\n<li><b><span class=\"citation-299\">Ferramentas de processamento:<\/span><\/b><span class=\"citation-299\"> Os recursos incluem <\/span><b><span class=\"citation-299\">alisamento<\/span><\/b><span class=\"citation-299\">, <\/span><b><span class=\"citation-299\">redu\u00e7\u00e3o de ru\u00eddo<\/span><\/b><span class=\"citation-299\">, e <\/span><b><span class=\"citation-299\">redu\u00e7\u00e3o da amostragem<\/span><\/b><span class=\"citation-299 citation-end-299\"> para melhorar a qualidade geral da nuvem de pontos e gerenciar a densidade de dados.<\/span><\/li>\n<li><b><span class=\"citation-298\">Gera\u00e7\u00e3o de resultados de terreno:<\/span><\/b><span class=\"citation-298 citation-end-298\"> Gera automaticamente resultados de terreno a partir de nuvens de pontos classificadas.<\/span>\n<div class=\"source-inline-chip-container ng-star-inserted\"><\/div>\n<\/li>\n<\/ul>\n<\/li>\n<li><b>Experi\u00eancia do usu\u00e1rio simplificada:<\/b><span class=\"citation-297 citation-end-297\"> Desenvolvido para simplicidade e efici\u00eancia com uma interface intuitiva, reduzindo a carga de trabalho manual e a curva de aprendizado.<\/span><\/li>\n<li><b>Entrega flex\u00edvel:<\/b><span class=\"citation-296\"> Suporta importa\u00e7\u00e3o e exporta\u00e7\u00e3o r\u00e1pidas de v\u00e1rios formatos padr\u00e3o da ind\u00fastria, incluindo <\/span><b><span class=\"citation-296\">PLY, OBJ, B3DM<\/span><\/b><span class=\"citation-296\"> para malhas, e <\/span><b><span class=\"citation-296\">LAS, PNTS, PLY, PCD, S3MB<\/span><\/b><span class=\"citation-296 citation-end-296\"> para nuvens de pontos.<\/span><\/li>\n<li><b><span class=\"citation-295\">Compartilhamento de nuvem:<\/span><\/b><span class=\"citation-295 citation-end-295\"> Os modelos de malha 3D processados podem ser rapidamente compartilhados na nuvem para f\u00e1cil visualiza\u00e7\u00e3o on-line via web ou dispositivos m\u00f3veis.<\/span>\n<div class=\"source-inline-chip-container ng-star-inserted\"><\/div>\n<\/li>\n<\/ul>\n<p><span class=\"citation-294\">Em resumo, o <\/span><b><span class=\"citation-294\">DJI Modify Flagship Permanent<\/span><\/b><span class=\"citation-294 citation-end-294\"> A licen\u00e7a oferece aos profissionais um conjunto de ferramentas poderoso, inteligente e permanente para transformar dados brutos de modelagem a\u00e9rea em ativos 3D polidos, de alta qualidade e prontos para uso.<\/span><\/p>","protected":false},"excerpt":{"rendered":"<p><span class=\"citation-309\">O <\/span><b><span class=\"citation-309\">DJI Modify Flagship Permanent<\/span><\/b><span class=\"citation-309\"> \u00e9 a compra \u00fanica, licen\u00e7a perp\u00e9tua para o primeiro software de edi\u00e7\u00e3o de modelos 3D inteligente da DJI, <\/span><b><span class=\"citation-309\">Modificar DJI<\/span><\/b><span class=\"citation-309 citation-end-309\">.<\/span><\/p>\n<p><span class=\"citation-308\">Ele foi projetado para ser o companheiro essencial para p\u00f3s-processamento e refinamento de modelos 3D e nuvens de pontos gerados pelo software de mapeamento da DJI, <\/span><b><span class=\"citation-308\">DJI Terra<\/span><\/b><span class=\"citation-308 citation-end-308\">.<\/span> <span class=\"citation-307 citation-end-307\">A licen\u00e7a Flagship Permanent oferece uma solu\u00e7\u00e3o abrangente e profissional para usu\u00e1rios em topografia, mapeamento, arquitetura, seguran\u00e7a p\u00fablica e outras aplica\u00e7\u00f5es empresariais.<\/span><\/p>","protected":false},"featured_media":19353,"comment_status":"open","ping_status":"closed","template":"","meta":[],"product_brand":[1031],"product_cat":[37,29,939],"product_tag":[42,1032],"class_list":{"0":"post-20895","1":"product","2":"type-product","3":"status-publish","4":"has-post-thumbnail","6":"product_brand-dji","7":"product_cat-dji","8":"product_cat-drones","9":"product_cat-software-dji","10":"product_tag-dji","11":"product_tag-dji-terra","13":"first","14":"onbackorder","15":"taxable","16":"shipping-taxable","17":"purchasable","18":"product-type-simple"},"yoast_head":"<!-- This site is optimized with the Yoast SEO plugin v27.4 - https:\/\/yoast.com\/product\/yoast-seo-wordpress\/ -->\n<title>DJI Modify Flagship Permanent - Ghostysky<\/title>\n<meta name=\"description\" content=\"The DJI Modify Flagship Permanent is the one-time purchase, perpetual license for DJI&#039;s first intelligent 3D model editing software, DJI Modify.It is designed to be the essential companion for post-processing and refining the 3D models and point clouds generated by DJI&#039;s mapping software, DJI Terra. The Flagship Permanent license provides a comprehensive, professional solution for users in surveying, mapping, architecture, public safety, and other enterprise applications.\" \/>\n<meta name=\"robots\" content=\"index, follow, max-snippet:-1, max-image-preview:large, max-video-preview:-1\" \/>\n<link rel=\"canonical\" href=\"https:\/\/www.ghostysky.com\/pt\/produto-2\/dji-modify-flagship-permanent\/\" \/>\n<meta property=\"og:locale\" content=\"pt_PT\" \/>\n<meta property=\"og:type\" content=\"article\" \/>\n<meta property=\"og:title\" content=\"DJI Modify Flagship Permanent - Ghostysky\" \/>\n<meta property=\"og:description\" content=\"The DJI Modify Flagship Permanent is the one-time purchase, perpetual license for DJI&#039;s first intelligent 3D model editing software, DJI Modify.It is designed to be the essential companion for post-processing and refining the 3D models and point clouds generated by DJI&#039;s mapping software, DJI Terra. The Flagship Permanent license provides a comprehensive, professional solution for users in surveying, mapping, architecture, public safety, and other enterprise applications.\" \/>\n<meta property=\"og:url\" content=\"https:\/\/www.ghostysky.com\/pt\/produto-2\/dji-modify-flagship-permanent\/\" \/>\n<meta property=\"og:site_name\" content=\"Ghostysky\" \/>\n<meta property=\"article:publisher\" content=\"https:\/\/www.facebook.com\/people\/Ghostysky\/100057676170234\/\" \/>\n<meta property=\"article:modified_time\" content=\"2025-10-15T10:14:47+00:00\" \/>\n<meta property=\"og:image\" content=\"https:\/\/www.ghostysky.com\/wp-content\/uploads\/2024\/05\/GH_dji-terra-pro-overseas-perpetual-1.jpg\" \/>\n\t<meta property=\"og:image:width\" content=\"800\" \/>\n\t<meta property=\"og:image:height\" content=\"644\" \/>\n\t<meta property=\"og:image:type\" content=\"image\/jpeg\" \/>\n<meta name=\"twitter:card\" content=\"summary_large_image\" \/>\n<meta name=\"twitter:site\" content=\"@Gh0stysky\" \/>\n<meta name=\"twitter:label1\" content=\"Tempo estimado de leitura\" \/>\n\t<meta name=\"twitter:data1\" content=\"2 minutos\" \/>\n<script type=\"application\/ld+json\" class=\"yoast-schema-graph\">{\"@context\":\"https:\\\/\\\/schema.org\",\"@graph\":[{\"@type\":\"WebPage\",\"@id\":\"https:\\\/\\\/www.ghostysky.com\\\/product\\\/dji-modify-flagship-permanent\\\/\",\"url\":\"https:\\\/\\\/www.ghostysky.com\\\/product\\\/dji-modify-flagship-permanent\\\/\",\"name\":\"DJI Modify Flagship Permanent - Ghostysky\",\"isPartOf\":{\"@id\":\"https:\\\/\\\/www.ghostysky.com\\\/#website\"},\"primaryImageOfPage\":{\"@id\":\"https:\\\/\\\/www.ghostysky.com\\\/product\\\/dji-modify-flagship-permanent\\\/#primaryimage\"},\"image\":{\"@id\":\"https:\\\/\\\/www.ghostysky.com\\\/product\\\/dji-modify-flagship-permanent\\\/#primaryimage\"},\"thumbnailUrl\":\"https:\\\/\\\/www.ghostysky.com\\\/wp-content\\\/uploads\\\/2024\\\/05\\\/GH_dji-terra-pro-overseas-perpetual-1.jpg\",\"datePublished\":\"2025-10-14T15:19:43+00:00\",\"dateModified\":\"2025-10-15T10:14:47+00:00\",\"description\":\"The DJI Modify Flagship Permanent is the one-time purchase, perpetual license for DJI's first intelligent 3D model editing software, DJI Modify.It is designed to be the essential companion for post-processing and refining the 3D models and point clouds generated by DJI's mapping software, DJI Terra. The Flagship Permanent license provides a comprehensive, professional solution for users in surveying, mapping, architecture, public safety, and other enterprise applications.\",\"breadcrumb\":{\"@id\":\"https:\\\/\\\/www.ghostysky.com\\\/product\\\/dji-modify-flagship-permanent\\\/#breadcrumb\"},\"inLanguage\":\"pt-PT\",\"potentialAction\":[{\"@type\":\"ReadAction\",\"target\":[\"https:\\\/\\\/www.ghostysky.com\\\/product\\\/dji-modify-flagship-permanent\\\/\"]}]},{\"@type\":\"ImageObject\",\"inLanguage\":\"pt-PT\",\"@id\":\"https:\\\/\\\/www.ghostysky.com\\\/product\\\/dji-modify-flagship-permanent\\\/#primaryimage\",\"url\":\"https:\\\/\\\/www.ghostysky.com\\\/wp-content\\\/uploads\\\/2024\\\/05\\\/GH_dji-terra-pro-overseas-perpetual-1.jpg\",\"contentUrl\":\"https:\\\/\\\/www.ghostysky.com\\\/wp-content\\\/uploads\\\/2024\\\/05\\\/GH_dji-terra-pro-overseas-perpetual-1.jpg\",\"width\":800,\"height\":644},{\"@type\":\"BreadcrumbList\",\"@id\":\"https:\\\/\\\/www.ghostysky.com\\\/product\\\/dji-modify-flagship-permanent\\\/#breadcrumb\",\"itemListElement\":[{\"@type\":\"ListItem\",\"position\":1,\"name\":\"Home\",\"item\":\"https:\\\/\\\/www.ghostysky.com\\\/\"},{\"@type\":\"ListItem\",\"position\":2,\"name\":\"Shop\",\"item\":\"https:\\\/\\\/www.ghostysky.com\\\/shop\\\/\"},{\"@type\":\"ListItem\",\"position\":3,\"name\":\"DJI Modify Flagship Permanent\"}]},{\"@type\":\"WebSite\",\"@id\":\"https:\\\/\\\/www.ghostysky.com\\\/#website\",\"url\":\"https:\\\/\\\/www.ghostysky.com\\\/\",\"name\":\"Ghostysky\",\"description\":\"Delivering professional drones and robotics solutions\",\"publisher\":{\"@id\":\"https:\\\/\\\/www.ghostysky.com\\\/#organization\"},\"potentialAction\":[{\"@type\":\"SearchAction\",\"target\":{\"@type\":\"EntryPoint\",\"urlTemplate\":\"https:\\\/\\\/www.ghostysky.com\\\/?s={search_term_string}\"},\"query-input\":{\"@type\":\"PropertyValueSpecification\",\"valueRequired\":true,\"valueName\":\"search_term_string\"}}],\"inLanguage\":\"pt-PT\"},{\"@type\":\"Organization\",\"@id\":\"https:\\\/\\\/www.ghostysky.com\\\/#organization\",\"name\":\"Ghostysky\",\"url\":\"https:\\\/\\\/www.ghostysky.com\\\/\",\"logo\":{\"@type\":\"ImageObject\",\"inLanguage\":\"pt-PT\",\"@id\":\"https:\\\/\\\/www.ghostysky.com\\\/#\\\/schema\\\/logo\\\/image\\\/\",\"url\":\"https:\\\/\\\/www.ghostysky.com\\\/wp-content\\\/uploads\\\/2020\\\/06\\\/cropped-ghostyskylogo_text_white2.png\",\"contentUrl\":\"https:\\\/\\\/www.ghostysky.com\\\/wp-content\\\/uploads\\\/2020\\\/06\\\/cropped-ghostyskylogo_text_white2.png\",\"width\":169,\"height\":56,\"caption\":\"Ghostysky\"},\"image\":{\"@id\":\"https:\\\/\\\/www.ghostysky.com\\\/#\\\/schema\\\/logo\\\/image\\\/\"},\"sameAs\":[\"https:\\\/\\\/www.facebook.com\\\/people\\\/Ghostysky\\\/100057676170234\\\/\",\"https:\\\/\\\/x.com\\\/Gh0stysky\",\"https:\\\/\\\/www.linkedin.com\\\/company\\\/34739653\",\"https:\\\/\\\/www.instagram.com\\\/gh0stysky\"]}]}<\/script>\n<!-- \/ Yoast SEO plugin. -->","yoast_head_json":{"title":"DJI Modify Flagship Permanente - Ghostysky","description":"O DJI Modify Flagship Permanent \u00e9 uma licen\u00e7a perp\u00e9tua de compra \u00fanica para o primeiro software inteligente de edi\u00e7\u00e3o de modelos 3D da DJI, o DJI Modify. Ele foi projetado para ser o companheiro essencial para o p\u00f3s-processamento e o refinamento de modelos 3D e nuvens de pontos gerados pelo software de mapeamento da DJI, o DJI Terra. A licen\u00e7a Flagship Permanent oferece uma solu\u00e7\u00e3o abrangente e profissional para usu\u00e1rios em topografia, mapeamento, arquitetura, seguran\u00e7a p\u00fablica e outras aplica\u00e7\u00f5es empresariais.","robots":{"index":"index","follow":"follow","max-snippet":"max-snippet:-1","max-image-preview":"max-image-preview:large","max-video-preview":"max-video-preview:-1"},"canonical":"https:\/\/www.ghostysky.com\/pt\/produto-2\/dji-modify-flagship-permanent\/","og_locale":"pt_PT","og_type":"article","og_title":"DJI Modify Flagship Permanent - Ghostysky","og_description":"The DJI Modify Flagship Permanent is the one-time purchase, perpetual license for DJI's first intelligent 3D model editing software, DJI Modify.It is designed to be the essential companion for post-processing and refining the 3D models and point clouds generated by DJI's mapping software, DJI Terra. The Flagship Permanent license provides a comprehensive, professional solution for users in surveying, mapping, architecture, public safety, and other enterprise applications.","og_url":"https:\/\/www.ghostysky.com\/pt\/produto-2\/dji-modify-flagship-permanent\/","og_site_name":"Ghostysky","article_publisher":"https:\/\/www.facebook.com\/people\/Ghostysky\/100057676170234\/","article_modified_time":"2025-10-15T10:14:47+00:00","og_image":[{"width":800,"height":644,"url":"https:\/\/www.ghostysky.com\/wp-content\/uploads\/2024\/05\/GH_dji-terra-pro-overseas-perpetual-1.jpg","type":"image\/jpeg"}],"twitter_card":"summary_large_image","twitter_site":"@Gh0stysky","twitter_misc":{"Tempo estimado de leitura":"2 minutos"},"schema":{"@context":"https:\/\/schema.org","@graph":[{"@type":"WebPage","@id":"https:\/\/www.ghostysky.com\/product\/dji-modify-flagship-permanent\/","url":"https:\/\/www.ghostysky.com\/product\/dji-modify-flagship-permanent\/","name":"DJI Modify Flagship Permanente - Ghostysky","isPartOf":{"@id":"https:\/\/www.ghostysky.com\/#website"},"primaryImageOfPage":{"@id":"https:\/\/www.ghostysky.com\/product\/dji-modify-flagship-permanent\/#primaryimage"},"image":{"@id":"https:\/\/www.ghostysky.com\/product\/dji-modify-flagship-permanent\/#primaryimage"},"thumbnailUrl":"https:\/\/www.ghostysky.com\/wp-content\/uploads\/2024\/05\/GH_dji-terra-pro-overseas-perpetual-1.jpg","datePublished":"2025-10-14T15:19:43+00:00","dateModified":"2025-10-15T10:14:47+00:00","description":"O DJI Modify Flagship Permanent \u00e9 uma licen\u00e7a perp\u00e9tua de compra \u00fanica para o primeiro software inteligente de edi\u00e7\u00e3o de modelos 3D da DJI, o DJI Modify. Ele foi projetado para ser o companheiro essencial para o p\u00f3s-processamento e o refinamento de modelos 3D e nuvens de pontos gerados pelo software de mapeamento da DJI, o DJI Terra. A licen\u00e7a Flagship Permanent oferece uma solu\u00e7\u00e3o abrangente e profissional para usu\u00e1rios em topografia, mapeamento, arquitetura, seguran\u00e7a p\u00fablica e outras aplica\u00e7\u00f5es empresariais.","breadcrumb":{"@id":"https:\/\/www.ghostysky.com\/product\/dji-modify-flagship-permanent\/#breadcrumb"},"inLanguage":"pt-PT","potentialAction":[{"@type":"ReadAction","target":["https:\/\/www.ghostysky.com\/product\/dji-modify-flagship-permanent\/"]}]},{"@type":"ImageObject","inLanguage":"pt-PT","@id":"https:\/\/www.ghostysky.com\/product\/dji-modify-flagship-permanent\/#primaryimage","url":"https:\/\/www.ghostysky.com\/wp-content\/uploads\/2024\/05\/GH_dji-terra-pro-overseas-perpetual-1.jpg","contentUrl":"https:\/\/www.ghostysky.com\/wp-content\/uploads\/2024\/05\/GH_dji-terra-pro-overseas-perpetual-1.jpg","width":800,"height":644},{"@type":"BreadcrumbList","@id":"https:\/\/www.ghostysky.com\/product\/dji-modify-flagship-permanent\/#breadcrumb","itemListElement":[{"@type":"ListItem","position":1,"name":"Home","item":"https:\/\/www.ghostysky.com\/"},{"@type":"ListItem","position":2,"name":"Shop","item":"https:\/\/www.ghostysky.com\/shop\/"},{"@type":"ListItem","position":3,"name":"DJI Modify Flagship Permanent"}]},{"@type":"WebSite","@id":"https:\/\/www.ghostysky.com\/#website","url":"https:\/\/www.ghostysky.com\/","name":"Ghostysky","description":"Fornecendo solu\u00e7\u00f5es profissionais em drones e rob\u00f3tica.","publisher":{"@id":"https:\/\/www.ghostysky.com\/#organization"},"potentialAction":[{"@type":"SearchAction","target":{"@type":"EntryPoint","urlTemplate":"https:\/\/www.ghostysky.com\/?s={search_term_string}"},"query-input":{"@type":"PropertyValueSpecification","valueRequired":true,"valueName":"search_term_string"}}],"inLanguage":"pt-PT"},{"@type":"Organization","@id":"https:\/\/www.ghostysky.com\/#organization","name":"Ghostysky","url":"https:\/\/www.ghostysky.com\/","logo":{"@type":"ImageObject","inLanguage":"pt-PT","@id":"https:\/\/www.ghostysky.com\/#\/schema\/logo\/image\/","url":"https:\/\/www.ghostysky.com\/wp-content\/uploads\/2020\/06\/cropped-ghostyskylogo_text_white2.png","contentUrl":"https:\/\/www.ghostysky.com\/wp-content\/uploads\/2020\/06\/cropped-ghostyskylogo_text_white2.png","width":169,"height":56,"caption":"Ghostysky"},"image":{"@id":"https:\/\/www.ghostysky.com\/#\/schema\/logo\/image\/"},"sameAs":["https:\/\/www.facebook.com\/people\/Ghostysky\/100057676170234\/","https:\/\/x.com\/Gh0stysky","https:\/\/www.linkedin.com\/company\/34739653","https:\/\/www.instagram.com\/gh0stysky"]}]}},"_links":{"self":[{"href":"https:\/\/www.ghostysky.com\/pt\/wp-json\/wp\/v2\/product\/20895","targetHints":{"allow":["GET"]}}],"collection":[{"href":"https:\/\/www.ghostysky.com\/pt\/wp-json\/wp\/v2\/product"}],"about":[{"href":"https:\/\/www.ghostysky.com\/pt\/wp-json\/wp\/v2\/types\/product"}],"replies":[{"embeddable":true,"href":"https:\/\/www.ghostysky.com\/pt\/wp-json\/wp\/v2\/comments?post=20895"}],"version-history":[{"count":0,"href":"https:\/\/www.ghostysky.com\/pt\/wp-json\/wp\/v2\/product\/20895\/revisions"}],"wp:featuredmedia":[{"embeddable":true,"href":"https:\/\/www.ghostysky.com\/pt\/wp-json\/wp\/v2\/media\/19353"}],"wp:attachment":[{"href":"https:\/\/www.ghostysky.com\/pt\/wp-json\/wp\/v2\/media?parent=20895"}],"wp:term":[{"taxonomy":"product_brand","embeddable":true,"href":"https:\/\/www.ghostysky.com\/pt\/wp-json\/wp\/v2\/product_brand?post=20895"},{"taxonomy":"product_cat","embeddable":true,"href":"https:\/\/www.ghostysky.com\/pt\/wp-json\/wp\/v2\/product_cat?post=20895"},{"taxonomy":"product_tag","embeddable":true,"href":"https:\/\/www.ghostysky.com\/pt\/wp-json\/wp\/v2\/product_tag?post=20895"}],"curies":[{"name":"wp","href":"https:\/\/api.w.org\/{rel}","templated":true}]}}