{"id":20896,"date":"2025-10-14T15:34:57","date_gmt":"2025-10-14T15:34:57","guid":{"rendered":"https:\/\/www.ghostysky.com\/?post_type=product&#038;p=20896"},"modified":"2025-10-15T10:14:18","modified_gmt":"2025-10-15T10:14:18","slug":"dji-terra-standard-1-year-offline","status":"publish","type":"product","link":"https:\/\/www.ghostysky.com\/pt\/product\/dji-terra-standard-1-year-offline\/","title":{"rendered":"DJI Terra Standard 1 ano (offline)"},"content":{"rendered":"<h3><b>Principais recursos da vers\u00e3o padr\u00e3o<\/b><\/h3>\n<ul>\n<li><b>Reconstru\u00e7\u00e3o de Mapa 2D (Ortofotos):<\/b><span class=\"citation-331 citation-end-331\"> Gere mapas ortomosaicos 2D georreferenciados de alta resolu\u00e7\u00e3o a partir de imagens de drones, ideais para medi\u00e7\u00f5es detalhadas, inspe\u00e7\u00f5es e planejamento.<\/span><\/li>\n<li><b><span class=\"citation-330\">Reconstru\u00e7\u00e3o de malha 3D:<\/span><\/b><span class=\"citation-330 citation-end-330\"> Crie modelos 3D altamente detalhados de edif\u00edcios, terrenos e infraestrutura a partir de fotos de luz vis\u00edvel usando fotogrametria avan\u00e7ada.<\/span><\/li>\n<li><b><span class=\"citation-329\">Reconstru\u00e7\u00e3o de Nuvem de Pontos LiDAR:<\/span><\/b><span class=\"citation-329 citation-end-329\"> Processe e integre dados das cargas \u00fateis LiDAR Zenmuse s\u00e9rie L da DJI para produzir nuvens de pontos precisas, mapas 2D e modelos 3D.<\/span><\/li>\n<li><b><span class=\"citation-328\">Reconstru\u00e7\u00e3o multiespectral:<\/span><\/b><span class=\"citation-328 citation-end-328\"> Analise dados multiespectrais de drones como o Mavic 3M para gerar mapas de \u00edndice de vegeta\u00e7\u00e3o (por exemplo, NDVI, NDRE) para aplica\u00e7\u00f5es agr\u00edcolas e ambientais.<\/span><\/li>\n<li><b>Resultado do terreno:<\/b><span class=\"citation-327 citation-end-327\"> Gerar Modelos Digitais de Superf\u00edcie (MDS) e Modelos Digitais de Eleva\u00e7\u00e3o (MDE).<\/span><\/li>\n<\/ul>\n<h3><b>Vantagens da licen\u00e7a offline<\/b><\/h3>\n<ul>\n<li><b><span class=\"citation-326\">Funcionalidade offline por 1 ano:<\/span><\/b><span class=\"citation-326 citation-end-326\"> Depois que a licen\u00e7a \u00e9 ativada e vinculada a uma \u00fanica esta\u00e7\u00e3o de trabalho usando o processo de troca offline, todos os recursos pagos do Standard ficam totalmente operacionais por 12 meses, sem exigir uma conex\u00e3o cont\u00ednua com a Internet.<\/span><\/li>\n<li><b>Ideal para locais seguros\/remotos:<\/b> Perfeito para governo, defesa, minera\u00e7\u00e3o, inspe\u00e7\u00e3o de infraestrutura ou qualquer projeto onde a conectividade seja limitada, restrita ou sens\u00edvel.<\/li>\n<li><b>Encaderna\u00e7\u00e3o de dispositivo \u00fanico:<\/b><span class=\"citation-325 citation-end-325\"> A licen\u00e7a \u00e9 vinculada com seguran\u00e7a a um computador, com uma solicita\u00e7\u00e3o de desvincula\u00e7\u00e3o normalmente permitida por ano civil para altera\u00e7\u00f5es de hardware.<\/span><\/li>\n<\/ul>\n<p><b>Integra\u00e7\u00e3o perfeita do fluxo de trabalho:<\/b><\/p>\n<p><span class=\"citation-324 citation-end-324\">O DJI Terra Standard foi projetado para integrar-se perfeitamente a uma ampla gama de drones e cargas \u00fateis DJI Enterprise, oferecendo uma solu\u00e7\u00e3o unificada e eficiente de ponta a ponta para aquisi\u00e7\u00e3o, processamento e aplica\u00e7\u00e3o de dados em setores como topografia, constru\u00e7\u00e3o, energia e agricultura.<\/span><\/p>\n<div class=\"source-inline-chip-container ng-star-inserted\"><\/div>\n<hr \/>\n<p><b><span class=\"citation-323\">Observa\u00e7\u00e3o sobre limita\u00e7\u00f5es offline:<\/span><\/b><span class=\"citation-323 citation-end-323\"> Embora os principais recursos de mapeamento e modelagem sejam totalmente funcionais offline, certos recursos dependentes online \u2014 como desbloquear zonas GEO, pesquisa de mapas e algumas fun\u00e7\u00f5es de controle de miss\u00e3o \u2014 n\u00e3o est\u00e3o dispon\u00edveis no modo offline.<\/span> <span class=\"citation-322\">O recurso avan\u00e7ado de <\/span><b><span class=\"citation-322\">Splatting Gaussiano<\/span><\/b><span class=\"citation-322\"> \u00e9 <\/span><i><span class=\"citation-322\">n\u00e3o<\/span><\/i><span class=\"citation-322 citation-end-322\"> inclu\u00eddo na vers\u00e3o Standard; est\u00e1 dispon\u00edvel nas vers\u00f5es Flagship e Cluster.<\/span><\/p>","protected":false},"excerpt":{"rendered":"<p><b>Software profissional de mapeamento e modelagem a\u00e9rea para ambientes de trabalho seguros e remotos<\/b><\/p>\n<p><span class=\"citation-333\">O <\/span><b><span class=\"citation-333\">DJI Terra Standard 1 ano (offline)<\/span><\/b><span class=\"citation-333 citation-end-333\"> A licen\u00e7a fornece aos usu\u00e1rios profissionais uma solu\u00e7\u00e3o robusta e de alta precis\u00e3o de mapeamento e levantamento a\u00e9reo, projetada especificamente para ambientes sem acesso confi\u00e1vel ou cont\u00ednuo \u00e0 internet, como opera\u00e7\u00f5es de campo remotas ou instala\u00e7\u00f5es seguras.<\/span> <span class=\"citation-332 citation-end-332\">Esta licen\u00e7a de um ano para um \u00fanico dispositivo garante m\u00e1xima autonomia e seguran\u00e7a de dados, permitindo que todas as fun\u00e7\u00f5es principais sejam utilizadas em modo offline ap\u00f3s uma autoriza\u00e7\u00e3o inicial.<\/span><\/p>","protected":false},"featured_media":19353,"comment_status":"open","ping_status":"closed","template":"","meta":[],"product_brand":[1031],"product_cat":[37,29,939],"product_tag":[42,1032],"class_list":{"0":"post-20896","1":"product","2":"type-product","3":"status-publish","4":"has-post-thumbnail","6":"product_brand-dji","7":"product_cat-dji","8":"product_cat-drones","9":"product_cat-software-dji","10":"product_tag-dji","11":"product_tag-dji-terra","13":"first","14":"onbackorder","15":"taxable","16":"shipping-taxable","17":"purchasable","18":"product-type-simple"},"yoast_head":"<!-- This site is optimized with the Yoast SEO plugin v27.1.1 - https:\/\/yoast.com\/product\/yoast-seo-wordpress\/ -->\n<title>DJI Terra Standard 1 Year (Offline) - Ghostysky<\/title>\n<meta name=\"description\" content=\"Professional Aerial Mapping and Modeling Software for Secure and Remote Work EnvironmentsThe DJI Terra Standard 1-Year (Offline) license provides professional users with a robust, high-precision aerial surveying and mapping solution designed specifically for environments without reliable or continuous internet access, such as remote field operations or secure facilities. This one-year, single-device license ensures maximum autonomy and data security by enabling all core functions to be utilized in an offline mode after an initial authorization.\" \/>\n<meta name=\"robots\" content=\"index, follow, max-snippet:-1, max-image-preview:large, max-video-preview:-1\" \/>\n<link rel=\"canonical\" href=\"https:\/\/www.ghostysky.com\/pt\/produto-2\/dji-terra-standard-1-year-offline\/\" \/>\n<meta property=\"og:locale\" content=\"pt_PT\" \/>\n<meta property=\"og:type\" content=\"article\" \/>\n<meta property=\"og:title\" content=\"DJI Terra Standard 1 Year (Offline) - Ghostysky\" \/>\n<meta property=\"og:description\" content=\"Professional Aerial Mapping and Modeling Software for Secure and Remote Work EnvironmentsThe DJI Terra Standard 1-Year (Offline) license provides professional users with a robust, high-precision aerial surveying and mapping solution designed specifically for environments without reliable or continuous internet access, such as remote field operations or secure facilities. This one-year, single-device license ensures maximum autonomy and data security by enabling all core functions to be utilized in an offline mode after an initial authorization.\" \/>\n<meta property=\"og:url\" content=\"https:\/\/www.ghostysky.com\/pt\/produto-2\/dji-terra-standard-1-year-offline\/\" \/>\n<meta property=\"og:site_name\" content=\"Ghostysky\" \/>\n<meta property=\"article:publisher\" content=\"https:\/\/www.facebook.com\/people\/Ghostysky\/100057676170234\/\" \/>\n<meta property=\"article:modified_time\" content=\"2025-10-15T10:14:18+00:00\" \/>\n<meta property=\"og:image\" content=\"https:\/\/www.ghostysky.com\/wp-content\/uploads\/2024\/05\/GH_dji-terra-pro-overseas-perpetual-1.jpg\" \/>\n\t<meta property=\"og:image:width\" content=\"800\" \/>\n\t<meta property=\"og:image:height\" content=\"644\" \/>\n\t<meta property=\"og:image:type\" content=\"image\/jpeg\" \/>\n<meta name=\"twitter:card\" content=\"summary_large_image\" \/>\n<meta name=\"twitter:site\" content=\"@Gh0stysky\" \/>\n<meta name=\"twitter:label1\" content=\"Tempo estimado de leitura\" \/>\n\t<meta name=\"twitter:data1\" content=\"2 minutos\" \/>\n<script type=\"application\/ld+json\" class=\"yoast-schema-graph\">{\"@context\":\"https:\/\/schema.org\",\"@graph\":[{\"@type\":\"WebPage\",\"@id\":\"https:\/\/www.ghostysky.com\/product\/dji-terra-standard-1-year-offline\/\",\"url\":\"https:\/\/www.ghostysky.com\/product\/dji-terra-standard-1-year-offline\/\",\"name\":\"DJI Terra Standard 1 Year (Offline) - Ghostysky\",\"isPartOf\":{\"@id\":\"https:\/\/www.ghostysky.com\/#website\"},\"primaryImageOfPage\":{\"@id\":\"https:\/\/www.ghostysky.com\/product\/dji-terra-standard-1-year-offline\/#primaryimage\"},\"image\":{\"@id\":\"https:\/\/www.ghostysky.com\/product\/dji-terra-standard-1-year-offline\/#primaryimage\"},\"thumbnailUrl\":\"https:\/\/www.ghostysky.com\/wp-content\/uploads\/2024\/05\/GH_dji-terra-pro-overseas-perpetual-1.jpg\",\"datePublished\":\"2025-10-14T15:34:57+00:00\",\"dateModified\":\"2025-10-15T10:14:18+00:00\",\"description\":\"Professional Aerial Mapping and Modeling Software for Secure and Remote Work EnvironmentsThe DJI Terra Standard 1-Year (Offline) license provides professional users with a robust, high-precision aerial surveying and mapping solution designed specifically for environments without reliable or continuous internet access, such as remote field operations or secure facilities. This one-year, single-device license ensures maximum autonomy and data security by enabling all core functions to be utilized in an offline mode after an initial authorization.\",\"breadcrumb\":{\"@id\":\"https:\/\/www.ghostysky.com\/product\/dji-terra-standard-1-year-offline\/#breadcrumb\"},\"inLanguage\":\"pt-PT\",\"potentialAction\":[{\"@type\":\"ReadAction\",\"target\":[\"https:\/\/www.ghostysky.com\/product\/dji-terra-standard-1-year-offline\/\"]}]},{\"@type\":\"ImageObject\",\"inLanguage\":\"pt-PT\",\"@id\":\"https:\/\/www.ghostysky.com\/product\/dji-terra-standard-1-year-offline\/#primaryimage\",\"url\":\"https:\/\/www.ghostysky.com\/wp-content\/uploads\/2024\/05\/GH_dji-terra-pro-overseas-perpetual-1.jpg\",\"contentUrl\":\"https:\/\/www.ghostysky.com\/wp-content\/uploads\/2024\/05\/GH_dji-terra-pro-overseas-perpetual-1.jpg\",\"width\":800,\"height\":644},{\"@type\":\"BreadcrumbList\",\"@id\":\"https:\/\/www.ghostysky.com\/product\/dji-terra-standard-1-year-offline\/#breadcrumb\",\"itemListElement\":[{\"@type\":\"ListItem\",\"position\":1,\"name\":\"Home\",\"item\":\"https:\/\/www.ghostysky.com\/\"},{\"@type\":\"ListItem\",\"position\":2,\"name\":\"Shop\",\"item\":\"https:\/\/www.ghostysky.com\/shop\/\"},{\"@type\":\"ListItem\",\"position\":3,\"name\":\"DJI Terra Standard 1 Year (Offline)\"}]},{\"@type\":\"WebSite\",\"@id\":\"https:\/\/www.ghostysky.com\/#website\",\"url\":\"https:\/\/www.ghostysky.com\/\",\"name\":\"Ghostysky\",\"description\":\"Delivering professional drones and services\",\"publisher\":{\"@id\":\"https:\/\/www.ghostysky.com\/#organization\"},\"potentialAction\":[{\"@type\":\"SearchAction\",\"target\":{\"@type\":\"EntryPoint\",\"urlTemplate\":\"https:\/\/www.ghostysky.com\/?s={search_term_string}\"},\"query-input\":{\"@type\":\"PropertyValueSpecification\",\"valueRequired\":true,\"valueName\":\"search_term_string\"}}],\"inLanguage\":\"pt-PT\"},{\"@type\":\"Organization\",\"@id\":\"https:\/\/www.ghostysky.com\/#organization\",\"name\":\"Ghostysky\",\"url\":\"https:\/\/www.ghostysky.com\/\",\"logo\":{\"@type\":\"ImageObject\",\"inLanguage\":\"pt-PT\",\"@id\":\"https:\/\/www.ghostysky.com\/#\/schema\/logo\/image\/\",\"url\":\"https:\/\/www.ghostysky.com\/wp-content\/uploads\/2020\/06\/cropped-ghostyskylogo_text_white2.png\",\"contentUrl\":\"https:\/\/www.ghostysky.com\/wp-content\/uploads\/2020\/06\/cropped-ghostyskylogo_text_white2.png\",\"width\":169,\"height\":56,\"caption\":\"Ghostysky\"},\"image\":{\"@id\":\"https:\/\/www.ghostysky.com\/#\/schema\/logo\/image\/\"},\"sameAs\":[\"https:\/\/www.facebook.com\/people\/Ghostysky\/100057676170234\/\",\"https:\/\/x.com\/Gh0stysky\",\"https:\/\/www.linkedin.com\/company\/34739653\",\"https:\/\/www.instagram.com\/gh0stysky\"]}]}<\/script>\n<!-- \/ Yoast SEO plugin. -->","yoast_head_json":{"title":"DJI Terra Standard 1 ano (offline) - Ghostysky","description":"Software profissional de mapeamento e modelagem a\u00e9rea para ambientes de trabalho remotos e seguros. A licen\u00e7a DJI Terra Standard de 1 ano (offline) oferece aos usu\u00e1rios profissionais uma solu\u00e7\u00e3o robusta e de alta precis\u00e3o para mapeamento e levantamento a\u00e9reo, projetada especificamente para ambientes sem acesso confi\u00e1vel ou cont\u00ednuo \u00e0 internet, como opera\u00e7\u00f5es de campo remotas ou instala\u00e7\u00f5es seguras. Esta licen\u00e7a de um ano para um \u00fanico dispositivo garante m\u00e1xima autonomia e seguran\u00e7a de dados, permitindo que todas as fun\u00e7\u00f5es principais sejam utilizadas offline ap\u00f3s uma autoriza\u00e7\u00e3o inicial.","robots":{"index":"index","follow":"follow","max-snippet":"max-snippet:-1","max-image-preview":"max-image-preview:large","max-video-preview":"max-video-preview:-1"},"canonical":"https:\/\/www.ghostysky.com\/pt\/produto-2\/dji-terra-standard-1-year-offline\/","og_locale":"pt_PT","og_type":"article","og_title":"DJI Terra Standard 1 Year (Offline) - Ghostysky","og_description":"Professional Aerial Mapping and Modeling Software for Secure and Remote Work EnvironmentsThe DJI Terra Standard 1-Year (Offline) license provides professional users with a robust, high-precision aerial surveying and mapping solution designed specifically for environments without reliable or continuous internet access, such as remote field operations or secure facilities. This one-year, single-device license ensures maximum autonomy and data security by enabling all core functions to be utilized in an offline mode after an initial authorization.","og_url":"https:\/\/www.ghostysky.com\/pt\/produto-2\/dji-terra-standard-1-year-offline\/","og_site_name":"Ghostysky","article_publisher":"https:\/\/www.facebook.com\/people\/Ghostysky\/100057676170234\/","article_modified_time":"2025-10-15T10:14:18+00:00","og_image":[{"width":800,"height":644,"url":"https:\/\/www.ghostysky.com\/wp-content\/uploads\/2024\/05\/GH_dji-terra-pro-overseas-perpetual-1.jpg","type":"image\/jpeg"}],"twitter_card":"summary_large_image","twitter_site":"@Gh0stysky","twitter_misc":{"Tempo estimado de leitura":"2 minutos"},"schema":{"@context":"https:\/\/schema.org","@graph":[{"@type":"WebPage","@id":"https:\/\/www.ghostysky.com\/product\/dji-terra-standard-1-year-offline\/","url":"https:\/\/www.ghostysky.com\/product\/dji-terra-standard-1-year-offline\/","name":"DJI Terra Standard 1 ano (offline) - Ghostysky","isPartOf":{"@id":"https:\/\/www.ghostysky.com\/#website"},"primaryImageOfPage":{"@id":"https:\/\/www.ghostysky.com\/product\/dji-terra-standard-1-year-offline\/#primaryimage"},"image":{"@id":"https:\/\/www.ghostysky.com\/product\/dji-terra-standard-1-year-offline\/#primaryimage"},"thumbnailUrl":"https:\/\/www.ghostysky.com\/wp-content\/uploads\/2024\/05\/GH_dji-terra-pro-overseas-perpetual-1.jpg","datePublished":"2025-10-14T15:34:57+00:00","dateModified":"2025-10-15T10:14:18+00:00","description":"Software profissional de mapeamento e modelagem a\u00e9rea para ambientes de trabalho remotos e seguros. A licen\u00e7a DJI Terra Standard de 1 ano (offline) oferece aos usu\u00e1rios profissionais uma solu\u00e7\u00e3o robusta e de alta precis\u00e3o para mapeamento e levantamento a\u00e9reo, projetada especificamente para ambientes sem acesso confi\u00e1vel ou cont\u00ednuo \u00e0 internet, como opera\u00e7\u00f5es de campo remotas ou instala\u00e7\u00f5es seguras. Esta licen\u00e7a de um ano para um \u00fanico dispositivo garante m\u00e1xima autonomia e seguran\u00e7a de dados, permitindo que todas as fun\u00e7\u00f5es principais sejam utilizadas offline ap\u00f3s uma autoriza\u00e7\u00e3o inicial.","breadcrumb":{"@id":"https:\/\/www.ghostysky.com\/product\/dji-terra-standard-1-year-offline\/#breadcrumb"},"inLanguage":"pt-PT","potentialAction":[{"@type":"ReadAction","target":["https:\/\/www.ghostysky.com\/product\/dji-terra-standard-1-year-offline\/"]}]},{"@type":"ImageObject","inLanguage":"pt-PT","@id":"https:\/\/www.ghostysky.com\/product\/dji-terra-standard-1-year-offline\/#primaryimage","url":"https:\/\/www.ghostysky.com\/wp-content\/uploads\/2024\/05\/GH_dji-terra-pro-overseas-perpetual-1.jpg","contentUrl":"https:\/\/www.ghostysky.com\/wp-content\/uploads\/2024\/05\/GH_dji-terra-pro-overseas-perpetual-1.jpg","width":800,"height":644},{"@type":"BreadcrumbList","@id":"https:\/\/www.ghostysky.com\/product\/dji-terra-standard-1-year-offline\/#breadcrumb","itemListElement":[{"@type":"ListItem","position":1,"name":"Home","item":"https:\/\/www.ghostysky.com\/"},{"@type":"ListItem","position":2,"name":"Shop","item":"https:\/\/www.ghostysky.com\/shop\/"},{"@type":"ListItem","position":3,"name":"DJI Terra Standard 1 Year (Offline)"}]},{"@type":"WebSite","@id":"https:\/\/www.ghostysky.com\/#website","url":"https:\/\/www.ghostysky.com\/","name":"Ghostysky","description":"Fornecendo drones e servi\u00e7os profissionais","publisher":{"@id":"https:\/\/www.ghostysky.com\/#organization"},"potentialAction":[{"@type":"SearchAction","target":{"@type":"EntryPoint","urlTemplate":"https:\/\/www.ghostysky.com\/?s={search_term_string}"},"query-input":{"@type":"PropertyValueSpecification","valueRequired":true,"valueName":"search_term_string"}}],"inLanguage":"pt-PT"},{"@type":"Organization","@id":"https:\/\/www.ghostysky.com\/#organization","name":"Ghostysky","url":"https:\/\/www.ghostysky.com\/","logo":{"@type":"ImageObject","inLanguage":"pt-PT","@id":"https:\/\/www.ghostysky.com\/#\/schema\/logo\/image\/","url":"https:\/\/www.ghostysky.com\/wp-content\/uploads\/2020\/06\/cropped-ghostyskylogo_text_white2.png","contentUrl":"https:\/\/www.ghostysky.com\/wp-content\/uploads\/2020\/06\/cropped-ghostyskylogo_text_white2.png","width":169,"height":56,"caption":"Ghostysky"},"image":{"@id":"https:\/\/www.ghostysky.com\/#\/schema\/logo\/image\/"},"sameAs":["https:\/\/www.facebook.com\/people\/Ghostysky\/100057676170234\/","https:\/\/x.com\/Gh0stysky","https:\/\/www.linkedin.com\/company\/34739653","https:\/\/www.instagram.com\/gh0stysky"]}]}},"_links":{"self":[{"href":"https:\/\/www.ghostysky.com\/pt\/wp-json\/wp\/v2\/product\/20896","targetHints":{"allow":["GET"]}}],"collection":[{"href":"https:\/\/www.ghostysky.com\/pt\/wp-json\/wp\/v2\/product"}],"about":[{"href":"https:\/\/www.ghostysky.com\/pt\/wp-json\/wp\/v2\/types\/product"}],"replies":[{"embeddable":true,"href":"https:\/\/www.ghostysky.com\/pt\/wp-json\/wp\/v2\/comments?post=20896"}],"wp:featuredmedia":[{"embeddable":true,"href":"https:\/\/www.ghostysky.com\/pt\/wp-json\/wp\/v2\/media\/19353"}],"wp:attachment":[{"href":"https:\/\/www.ghostysky.com\/pt\/wp-json\/wp\/v2\/media?parent=20896"}],"wp:term":[{"taxonomy":"product_brand","embeddable":true,"href":"https:\/\/www.ghostysky.com\/pt\/wp-json\/wp\/v2\/product_brand?post=20896"},{"taxonomy":"product_cat","embeddable":true,"href":"https:\/\/www.ghostysky.com\/pt\/wp-json\/wp\/v2\/product_cat?post=20896"},{"taxonomy":"product_tag","embeddable":true,"href":"https:\/\/www.ghostysky.com\/pt\/wp-json\/wp\/v2\/product_tag?post=20896"}],"curies":[{"name":"wp","href":"https:\/\/api.w.org\/{rel}","templated":true}]}}