{"id":20897,"date":"2025-10-14T15:41:07","date_gmt":"2025-10-14T15:41:07","guid":{"rendered":"https:\/\/www.ghostysky.com\/?post_type=product&#038;p=20897"},"modified":"2025-10-15T10:13:45","modified_gmt":"2025-10-15T10:13:45","slug":"dji-terra-standard-1-year","status":"publish","type":"product","link":"https:\/\/www.ghostysky.com\/pt\/product\/dji-terra-standard-1-year\/","title":{"rendered":"DJI Terra Standard 1 ano"},"content":{"rendered":"<h3><b>Principais recursos da vers\u00e3o padr\u00e3o<\/b><\/h3>\n<ul>\n<li><b><span class=\"citation-359\">Mapa 2D e Reconstru\u00e7\u00e3o Ortomosaica:<\/span><\/b><span class=\"citation-359 citation-end-359\"> Gere rapidamente mapas ortomosaicos 2D de alta resolu\u00e7\u00e3o e precis\u00e3o centim\u00e9trica, al\u00e9m de Modelos Digitais de Superf\u00edcie (DSM) a partir de imagens de luz vis\u00edvel.<\/span><\/li>\n<li><b><span class=\"citation-358\">Reconstru\u00e7\u00e3o de modelo de malha 3D:<\/span><\/b><span class=\"citation-358 citation-end-358\"> Crie modelos de malha 3D detalhados e realistas de estruturas e ambientes usando tecnologia avan\u00e7ada de fotogrametria.<\/span><\/li>\n<li><b>Processamento de nuvem de pontos LiDAR:<\/b><span class=\"citation-357 citation-end-357\"> Integre-se totalmente aos sistemas DJI Zenmuse LiDAR (como L1\/L2) para processar dados de nuvem de pontos, fundi-los com imagens de luz vis\u00edvel e gerar sa\u00eddas 2D\/3D precisas e pontos de solo.<\/span><\/li>\n<li><b><span class=\"citation-356\">Reconstru\u00e7\u00e3o multiespectral:<\/span><\/b><span class=\"citation-356\"> Processar dados de drones multiespectrais (por exemplo, DJI Mavic 3 Multispectral) para gerar mapas de \u00edndice de vegeta\u00e7\u00e3o como <\/span><b><span class=\"citation-356\">NDVI<\/span><\/b><span class=\"citation-356\"> e <\/span><b><span class=\"citation-356\">NDRE<\/span><\/b><span class=\"citation-356 citation-end-356\"> para an\u00e1lise de sa\u00fade agr\u00edcola e pesquisa de sensoriamento remoto.<\/span><\/li>\n<li><b><span class=\"citation-355\">Planejamento da Miss\u00e3o:<\/span><\/b><span class=\"citation-355\"> Planeje rotas de voo automatizadas e eficientes com v\u00e1rios tipos de miss\u00e3o, incluindo <\/span><b><span class=\"citation-355\">\u00c1rea<\/span><\/b><span class=\"citation-355\">, <\/span><b><span class=\"citation-355\">Ponto de passagem<\/span><\/b><span class=\"citation-355\">, e <\/span><b><span class=\"citation-355\">Obl\u00edquo<\/span><\/b><span class=\"citation-355 citation-end-355\"> miss\u00f5es.<\/span><\/li>\n<li><b>Ferramentas de an\u00e1lise de dados:<\/b><span class=\"citation-354 citation-end-354\"> Utilize ferramentas de an\u00e1lise f\u00e1ceis de usar para obter v\u00e1rias medi\u00e7\u00f5es, incluindo dist\u00e2ncia linear, \u00e1rea de superf\u00edcie e estimativas volum\u00e9tricas.<\/span><\/li>\n<li><b>Suporte ao Sistema de Coordenadas:<\/b><span class=\"citation-353 citation-end-353\"> Suporta mais de 8.500 sistemas de coordenadas principais e o uso de Pontos de Controle de Solo (GCPs) para maior precis\u00e3o absoluta.<\/span><\/li>\n<li><b><span class=\"citation-352\">Integra\u00e7\u00e3o:<\/span><\/b><span class=\"citation-352\"> Conecta-se perfeitamente com drones DJI Enterprise e oferece suporte \u00e0 integra\u00e7\u00e3o com <\/span><b><span class=\"citation-352\">Modificar DJI<\/span><\/b><span class=\"citation-352 citation-end-352\"> software para edi\u00e7\u00e3o de modelos de p\u00f3s-processamento.<\/span>\n<div class=\"source-inline-chip-container ng-star-inserted\"><\/div>\n<\/li>\n<\/ul>\n<p><b>Detalhes da licen\u00e7a:<\/b><\/p>\n<ul>\n<li><b><span class=\"citation-351\">Dura\u00e7\u00e3o:<\/span><\/b><span class=\"citation-351 citation-end-351\"> 1 ano (Assinatura anual).<\/span><\/li>\n<li><b>Liga\u00e7\u00e3o do dispositivo:<\/b><span class=\"citation-350 citation-end-350\"> Normalmente vinculado a um \u00fanico computador.<\/span><\/li>\n<li><b><span class=\"citation-349\">Autoriza\u00e7\u00e3o:<\/span><\/b><span class=\"citation-349\"> Suporta ambos <\/span><b><span class=\"citation-349\">On-line<\/span><\/b><span class=\"citation-349\"> e <\/span><b><span class=\"citation-349\">Off-line<\/span><\/b><span class=\"citation-349 citation-end-349\"> op\u00e7\u00f5es de autoriza\u00e7\u00e3o (a vers\u00e3o offline \u00e9 ideal para ambientes de campo seguros ou remotos com acesso limitado ou inexistente \u00e0 Internet).<\/span>\n<div class=\"source-inline-chip-container ng-star-inserted\"><\/div>\n<\/li>\n<\/ul>\n<p><b><span class=\"citation-348\">DJI Terra Standard 1 ano<\/span><\/b><span class=\"citation-348 citation-end-348\"> \u00e9 uma ferramenta essencial para profissionais que buscam um fluxo de trabalho unificado, eficiente e altamente preciso para aquisi\u00e7\u00e3o, processamento e aplica\u00e7\u00e3o de dados a\u00e9reos.<\/span><\/p>","protected":false},"excerpt":{"rendered":"<p><span class=\"\">O <\/span><b class=\"\">DJI Terra Standard 1 ano<\/b><span class=\"\"> \u00e9 um profissional,<\/span><span class=\"\"> licen\u00e7a anual de software projetada para transformar dados capturados por drones em dados precisos,<\/span><span class=\"\"> ativos digitais acion\u00e1veis.<\/span><span class=\"\"> Ele fornece uma solu\u00e7\u00e3o abrangente para levantamento a\u00e9reo,<\/span><span class=\"\"> mapeamento,<\/span><span class=\"\"> constru\u00e7\u00e3o,<\/span><span class=\"\"> inspe\u00e7\u00e3o de infraestrutura,<\/span><span class=\"\"> e agricultura.<\/span><\/p>","protected":false},"featured_media":19353,"comment_status":"open","ping_status":"closed","template":"","meta":[],"product_brand":[1031],"product_cat":[37,29,939],"product_tag":[],"class_list":{"0":"post-20897","1":"product","2":"type-product","3":"status-publish","4":"has-post-thumbnail","6":"product_brand-dji","7":"product_cat-dji","8":"product_cat-drones","9":"product_cat-software-dji","11":"first","12":"onbackorder","13":"taxable","14":"shipping-taxable","15":"purchasable","16":"product-type-simple"},"yoast_head":"<!-- This site is optimized with the Yoast SEO plugin v27.4 - https:\/\/yoast.com\/product\/yoast-seo-wordpress\/ -->\n<title>DJI Terra Standard 1 Year - Ghostysky<\/title>\n<meta name=\"description\" content=\"The DJI Terra Standard 1 Year is a professional, annual software license designed to transform drone-captured data into precise, actionable digital assets. It provides a comprehensive solution for aerial surveying, mapping, construction, infrastructure inspection, and agriculture.\" \/>\n<meta name=\"robots\" content=\"index, follow, max-snippet:-1, max-image-preview:large, max-video-preview:-1\" \/>\n<link rel=\"canonical\" href=\"https:\/\/www.ghostysky.com\/pt\/produto-2\/dji-terra-standard-1-year\/\" \/>\n<meta property=\"og:locale\" content=\"pt_PT\" \/>\n<meta property=\"og:type\" content=\"article\" \/>\n<meta property=\"og:title\" content=\"DJI Terra Standard 1 Year - Ghostysky\" \/>\n<meta property=\"og:description\" content=\"The DJI Terra Standard 1 Year is a professional, annual software license designed to transform drone-captured data into precise, actionable digital assets. It provides a comprehensive solution for aerial surveying, mapping, construction, infrastructure inspection, and agriculture.\" \/>\n<meta property=\"og:url\" content=\"https:\/\/www.ghostysky.com\/pt\/produto-2\/dji-terra-standard-1-year\/\" \/>\n<meta property=\"og:site_name\" content=\"Ghostysky\" \/>\n<meta property=\"article:publisher\" content=\"https:\/\/www.facebook.com\/people\/Ghostysky\/100057676170234\/\" \/>\n<meta property=\"article:modified_time\" content=\"2025-10-15T10:13:45+00:00\" \/>\n<meta property=\"og:image\" content=\"https:\/\/www.ghostysky.com\/wp-content\/uploads\/2024\/05\/GH_dji-terra-pro-overseas-perpetual-1.jpg\" \/>\n\t<meta property=\"og:image:width\" content=\"800\" \/>\n\t<meta property=\"og:image:height\" content=\"644\" \/>\n\t<meta property=\"og:image:type\" content=\"image\/jpeg\" \/>\n<meta name=\"twitter:card\" content=\"summary_large_image\" \/>\n<meta name=\"twitter:site\" content=\"@Gh0stysky\" \/>\n<meta name=\"twitter:label1\" content=\"Tempo estimado de leitura\" \/>\n\t<meta name=\"twitter:data1\" content=\"2 minutos\" \/>\n<script type=\"application\/ld+json\" class=\"yoast-schema-graph\">{\"@context\":\"https:\\\/\\\/schema.org\",\"@graph\":[{\"@type\":\"WebPage\",\"@id\":\"https:\\\/\\\/www.ghostysky.com\\\/product\\\/dji-terra-standard-1-year\\\/\",\"url\":\"https:\\\/\\\/www.ghostysky.com\\\/product\\\/dji-terra-standard-1-year\\\/\",\"name\":\"DJI Terra Standard 1 Year - Ghostysky\",\"isPartOf\":{\"@id\":\"https:\\\/\\\/www.ghostysky.com\\\/#website\"},\"primaryImageOfPage\":{\"@id\":\"https:\\\/\\\/www.ghostysky.com\\\/product\\\/dji-terra-standard-1-year\\\/#primaryimage\"},\"image\":{\"@id\":\"https:\\\/\\\/www.ghostysky.com\\\/product\\\/dji-terra-standard-1-year\\\/#primaryimage\"},\"thumbnailUrl\":\"https:\\\/\\\/www.ghostysky.com\\\/wp-content\\\/uploads\\\/2024\\\/05\\\/GH_dji-terra-pro-overseas-perpetual-1.jpg\",\"datePublished\":\"2025-10-14T15:41:07+00:00\",\"dateModified\":\"2025-10-15T10:13:45+00:00\",\"description\":\"The DJI Terra Standard 1 Year is a professional, annual software license designed to transform drone-captured data into precise, actionable digital assets. It provides a comprehensive solution for aerial surveying, mapping, construction, infrastructure inspection, and agriculture.\",\"breadcrumb\":{\"@id\":\"https:\\\/\\\/www.ghostysky.com\\\/product\\\/dji-terra-standard-1-year\\\/#breadcrumb\"},\"inLanguage\":\"pt-PT\",\"potentialAction\":[{\"@type\":\"ReadAction\",\"target\":[\"https:\\\/\\\/www.ghostysky.com\\\/product\\\/dji-terra-standard-1-year\\\/\"]}]},{\"@type\":\"ImageObject\",\"inLanguage\":\"pt-PT\",\"@id\":\"https:\\\/\\\/www.ghostysky.com\\\/product\\\/dji-terra-standard-1-year\\\/#primaryimage\",\"url\":\"https:\\\/\\\/www.ghostysky.com\\\/wp-content\\\/uploads\\\/2024\\\/05\\\/GH_dji-terra-pro-overseas-perpetual-1.jpg\",\"contentUrl\":\"https:\\\/\\\/www.ghostysky.com\\\/wp-content\\\/uploads\\\/2024\\\/05\\\/GH_dji-terra-pro-overseas-perpetual-1.jpg\",\"width\":800,\"height\":644},{\"@type\":\"BreadcrumbList\",\"@id\":\"https:\\\/\\\/www.ghostysky.com\\\/product\\\/dji-terra-standard-1-year\\\/#breadcrumb\",\"itemListElement\":[{\"@type\":\"ListItem\",\"position\":1,\"name\":\"Home\",\"item\":\"https:\\\/\\\/www.ghostysky.com\\\/\"},{\"@type\":\"ListItem\",\"position\":2,\"name\":\"Shop\",\"item\":\"https:\\\/\\\/www.ghostysky.com\\\/shop\\\/\"},{\"@type\":\"ListItem\",\"position\":3,\"name\":\"DJI Terra Standard 1 Year\"}]},{\"@type\":\"WebSite\",\"@id\":\"https:\\\/\\\/www.ghostysky.com\\\/#website\",\"url\":\"https:\\\/\\\/www.ghostysky.com\\\/\",\"name\":\"Ghostysky\",\"description\":\"Delivering professional drones and robotics solutions\",\"publisher\":{\"@id\":\"https:\\\/\\\/www.ghostysky.com\\\/#organization\"},\"potentialAction\":[{\"@type\":\"SearchAction\",\"target\":{\"@type\":\"EntryPoint\",\"urlTemplate\":\"https:\\\/\\\/www.ghostysky.com\\\/?s={search_term_string}\"},\"query-input\":{\"@type\":\"PropertyValueSpecification\",\"valueRequired\":true,\"valueName\":\"search_term_string\"}}],\"inLanguage\":\"pt-PT\"},{\"@type\":\"Organization\",\"@id\":\"https:\\\/\\\/www.ghostysky.com\\\/#organization\",\"name\":\"Ghostysky\",\"url\":\"https:\\\/\\\/www.ghostysky.com\\\/\",\"logo\":{\"@type\":\"ImageObject\",\"inLanguage\":\"pt-PT\",\"@id\":\"https:\\\/\\\/www.ghostysky.com\\\/#\\\/schema\\\/logo\\\/image\\\/\",\"url\":\"https:\\\/\\\/www.ghostysky.com\\\/wp-content\\\/uploads\\\/2020\\\/06\\\/cropped-ghostyskylogo_text_white2.png\",\"contentUrl\":\"https:\\\/\\\/www.ghostysky.com\\\/wp-content\\\/uploads\\\/2020\\\/06\\\/cropped-ghostyskylogo_text_white2.png\",\"width\":169,\"height\":56,\"caption\":\"Ghostysky\"},\"image\":{\"@id\":\"https:\\\/\\\/www.ghostysky.com\\\/#\\\/schema\\\/logo\\\/image\\\/\"},\"sameAs\":[\"https:\\\/\\\/www.facebook.com\\\/people\\\/Ghostysky\\\/100057676170234\\\/\",\"https:\\\/\\\/x.com\\\/Gh0stysky\",\"https:\\\/\\\/www.linkedin.com\\\/company\\\/34739653\",\"https:\\\/\\\/www.instagram.com\\\/gh0stysky\"]}]}<\/script>\n<!-- \/ Yoast SEO plugin. -->","yoast_head_json":{"title":"DJI Terra Standard 1 ano - Ghostysky","description":"A licen\u00e7a DJI Terra Standard de 1 ano \u00e9 uma licen\u00e7a profissional anual de software projetada para transformar dados capturados por drones em ativos digitais precisos e acion\u00e1veis. Ela oferece uma solu\u00e7\u00e3o abrangente para levantamento a\u00e9reo, mapeamento, constru\u00e7\u00e3o, inspe\u00e7\u00e3o de infraestrutura e agricultura.","robots":{"index":"index","follow":"follow","max-snippet":"max-snippet:-1","max-image-preview":"max-image-preview:large","max-video-preview":"max-video-preview:-1"},"canonical":"https:\/\/www.ghostysky.com\/pt\/produto-2\/dji-terra-standard-1-year\/","og_locale":"pt_PT","og_type":"article","og_title":"DJI Terra Standard 1 Year - Ghostysky","og_description":"The DJI Terra Standard 1 Year is a professional, annual software license designed to transform drone-captured data into precise, actionable digital assets. It provides a comprehensive solution for aerial surveying, mapping, construction, infrastructure inspection, and agriculture.","og_url":"https:\/\/www.ghostysky.com\/pt\/produto-2\/dji-terra-standard-1-year\/","og_site_name":"Ghostysky","article_publisher":"https:\/\/www.facebook.com\/people\/Ghostysky\/100057676170234\/","article_modified_time":"2025-10-15T10:13:45+00:00","og_image":[{"width":800,"height":644,"url":"https:\/\/www.ghostysky.com\/wp-content\/uploads\/2024\/05\/GH_dji-terra-pro-overseas-perpetual-1.jpg","type":"image\/jpeg"}],"twitter_card":"summary_large_image","twitter_site":"@Gh0stysky","twitter_misc":{"Tempo estimado de leitura":"2 minutos"},"schema":{"@context":"https:\/\/schema.org","@graph":[{"@type":"WebPage","@id":"https:\/\/www.ghostysky.com\/product\/dji-terra-standard-1-year\/","url":"https:\/\/www.ghostysky.com\/product\/dji-terra-standard-1-year\/","name":"DJI Terra Standard 1 ano - Ghostysky","isPartOf":{"@id":"https:\/\/www.ghostysky.com\/#website"},"primaryImageOfPage":{"@id":"https:\/\/www.ghostysky.com\/product\/dji-terra-standard-1-year\/#primaryimage"},"image":{"@id":"https:\/\/www.ghostysky.com\/product\/dji-terra-standard-1-year\/#primaryimage"},"thumbnailUrl":"https:\/\/www.ghostysky.com\/wp-content\/uploads\/2024\/05\/GH_dji-terra-pro-overseas-perpetual-1.jpg","datePublished":"2025-10-14T15:41:07+00:00","dateModified":"2025-10-15T10:13:45+00:00","description":"A licen\u00e7a DJI Terra Standard de 1 ano \u00e9 uma licen\u00e7a profissional anual de software projetada para transformar dados capturados por drones em ativos digitais precisos e acion\u00e1veis. Ela oferece uma solu\u00e7\u00e3o abrangente para levantamento a\u00e9reo, mapeamento, constru\u00e7\u00e3o, inspe\u00e7\u00e3o de infraestrutura e agricultura.","breadcrumb":{"@id":"https:\/\/www.ghostysky.com\/product\/dji-terra-standard-1-year\/#breadcrumb"},"inLanguage":"pt-PT","potentialAction":[{"@type":"ReadAction","target":["https:\/\/www.ghostysky.com\/product\/dji-terra-standard-1-year\/"]}]},{"@type":"ImageObject","inLanguage":"pt-PT","@id":"https:\/\/www.ghostysky.com\/product\/dji-terra-standard-1-year\/#primaryimage","url":"https:\/\/www.ghostysky.com\/wp-content\/uploads\/2024\/05\/GH_dji-terra-pro-overseas-perpetual-1.jpg","contentUrl":"https:\/\/www.ghostysky.com\/wp-content\/uploads\/2024\/05\/GH_dji-terra-pro-overseas-perpetual-1.jpg","width":800,"height":644},{"@type":"BreadcrumbList","@id":"https:\/\/www.ghostysky.com\/product\/dji-terra-standard-1-year\/#breadcrumb","itemListElement":[{"@type":"ListItem","position":1,"name":"Home","item":"https:\/\/www.ghostysky.com\/"},{"@type":"ListItem","position":2,"name":"Shop","item":"https:\/\/www.ghostysky.com\/shop\/"},{"@type":"ListItem","position":3,"name":"DJI Terra Standard 1 Year"}]},{"@type":"WebSite","@id":"https:\/\/www.ghostysky.com\/#website","url":"https:\/\/www.ghostysky.com\/","name":"Ghostysky","description":"Fornecendo solu\u00e7\u00f5es profissionais em drones e rob\u00f3tica.","publisher":{"@id":"https:\/\/www.ghostysky.com\/#organization"},"potentialAction":[{"@type":"SearchAction","target":{"@type":"EntryPoint","urlTemplate":"https:\/\/www.ghostysky.com\/?s={search_term_string}"},"query-input":{"@type":"PropertyValueSpecification","valueRequired":true,"valueName":"search_term_string"}}],"inLanguage":"pt-PT"},{"@type":"Organization","@id":"https:\/\/www.ghostysky.com\/#organization","name":"Ghostysky","url":"https:\/\/www.ghostysky.com\/","logo":{"@type":"ImageObject","inLanguage":"pt-PT","@id":"https:\/\/www.ghostysky.com\/#\/schema\/logo\/image\/","url":"https:\/\/www.ghostysky.com\/wp-content\/uploads\/2020\/06\/cropped-ghostyskylogo_text_white2.png","contentUrl":"https:\/\/www.ghostysky.com\/wp-content\/uploads\/2020\/06\/cropped-ghostyskylogo_text_white2.png","width":169,"height":56,"caption":"Ghostysky"},"image":{"@id":"https:\/\/www.ghostysky.com\/#\/schema\/logo\/image\/"},"sameAs":["https:\/\/www.facebook.com\/people\/Ghostysky\/100057676170234\/","https:\/\/x.com\/Gh0stysky","https:\/\/www.linkedin.com\/company\/34739653","https:\/\/www.instagram.com\/gh0stysky"]}]}},"_links":{"self":[{"href":"https:\/\/www.ghostysky.com\/pt\/wp-json\/wp\/v2\/product\/20897","targetHints":{"allow":["GET"]}}],"collection":[{"href":"https:\/\/www.ghostysky.com\/pt\/wp-json\/wp\/v2\/product"}],"about":[{"href":"https:\/\/www.ghostysky.com\/pt\/wp-json\/wp\/v2\/types\/product"}],"replies":[{"embeddable":true,"href":"https:\/\/www.ghostysky.com\/pt\/wp-json\/wp\/v2\/comments?post=20897"}],"version-history":[{"count":0,"href":"https:\/\/www.ghostysky.com\/pt\/wp-json\/wp\/v2\/product\/20897\/revisions"}],"wp:featuredmedia":[{"embeddable":true,"href":"https:\/\/www.ghostysky.com\/pt\/wp-json\/wp\/v2\/media\/19353"}],"wp:attachment":[{"href":"https:\/\/www.ghostysky.com\/pt\/wp-json\/wp\/v2\/media?parent=20897"}],"wp:term":[{"taxonomy":"product_brand","embeddable":true,"href":"https:\/\/www.ghostysky.com\/pt\/wp-json\/wp\/v2\/product_brand?post=20897"},{"taxonomy":"product_cat","embeddable":true,"href":"https:\/\/www.ghostysky.com\/pt\/wp-json\/wp\/v2\/product_cat?post=20897"},{"taxonomy":"product_tag","embeddable":true,"href":"https:\/\/www.ghostysky.com\/pt\/wp-json\/wp\/v2\/product_tag?post=20897"}],"curies":[{"name":"wp","href":"https:\/\/api.w.org\/{rel}","templated":true}]}}