{"id":21012,"date":"2025-10-15T10:34:23","date_gmt":"2025-10-15T10:34:23","guid":{"rendered":"https:\/\/www.ghostysky.com\/?post_type=product&#038;p=21012"},"modified":"2026-01-10T09:19:17","modified_gmt":"2026-01-10T09:19:17","slug":"agilex-scout-2-0","status":"publish","type":"product","link":"https:\/\/www.ghostysky.com\/pt\/product\/agilex-scout-2-0\/","title":{"rendered":"Agilex Scout 2.0"},"content":{"rendered":"<div id=\"chat-history\" class=\"chat-history-scroll-container\">\n<div id=\"64c00dc25f2b5435\" class=\"conversation-container message-actions-hover-boundary ng-star-inserted\">\n<div>\n<div class=\"response-container ng-tns-c1359467799-25 response-container-with-gpi ng-star-inserted response-container-has-multiple-responses\" data-hveid=\"1\">\n<div class=\"presented-response-container ng-tns-c1359467799-25\">\n<div class=\"response-container-content ng-tns-c1359467799-25\">\n<div class=\"response-content ng-tns-c1359467799-25\">\n<div id=\"model-response-message-contentr_64c00dc25f2b5435\" class=\"markdown markdown-main-panel stronger enable-updated-hr-color\" dir=\"ltr\">\n<h3><b>Principais recursos e destaques<\/b><\/h3>\n<ul>\n<li><b><span class=\"citation-60\">Mobilidade robusta em todos os terrenos:<\/span><\/b><span class=\"citation-60\"> Apresenta um <\/span><b><span class=\"citation-60\">Tra\u00e7\u00e3o nas quatro rodas (4WD)<\/span><\/b><span class=\"citation-60\"> sistema e <\/span><b><span class=\"citation-60\">suspens\u00e3o independente<\/span><\/b><span class=\"citation-60 citation-end-60\"> para garantir movimento est\u00e1vel e capaz em ambientes internos e externos, incluindo terrenos acidentados ou irregulares.<\/span> <span class=\"citation-59 citation-end-59\">Ele pode gerenciar inclina\u00e7\u00f5es de at\u00e9 <\/span><b><span class=\"math-inline\"><span class=\"katex\"><span class=\"katex-html\" aria-hidden=\"true\"><span class=\"base\"><span class=\"mord\">3<\/span><span class=\"mord\">0<span class=\"msupsub\"><span class=\"vlist-t\"><span class=\"vlist-r\"><span class=\"vlist\"><span class=\"\"><span class=\"sizing reset-size6 size3 mtight\"><span class=\"mbin mtight\">\u2218<\/span><\/span><\/span><\/span><\/span><\/span><\/span><\/span><\/span><\/span><\/span><\/span><\/b><span class=\"citation-58 citation-end-58\">.<\/span><\/li>\n<li><b><span class=\"citation-57\">Compacto e de alto desempenho:<\/span><\/b><span class=\"citation-57\"> Apesar do seu corpo relativamente compacto, o Scout 2.0 ostenta uma substancial <\/span><b><span class=\"citation-57\">Carga \u00fatil m\u00e1xima de 50 kg (110 lb)<\/span><\/b><span class=\"citation-57\"> capacidade e uma velocidade m\u00e1xima de at\u00e9 <\/span><b><span class=\"citation-57\">1,5 m\/s<\/span><\/b><span class=\"citation-57 citation-end-57\">.<\/span><\/li>\n<li><b>Projetado para desenvolvimento:<\/b><span class=\"citation-56\"> \u00c9 uma base m\u00f3vel de n\u00edvel profissional com uma <\/span><b><span class=\"citation-56\">padr\u00e3o de comunica\u00e7\u00e3o de c\u00f3digo aberto<\/span><\/b><span class=\"citation-56\"> e apoio total ao desenvolvimento secund\u00e1rio atrav\u00e9s <\/span><b><span class=\"citation-56\">ROS (Sistema Operacional de Rob\u00f4s)<\/span><\/b><span class=\"citation-56 citation-end-56\">.<\/span> <span class=\"citation-55\">A comunica\u00e7\u00e3o \u00e9 facilitada atrav\u00e9s de <\/span><b><span class=\"citation-55\">Barramento CAN<\/span><\/b><span class=\"citation-55\"> e <\/span><b><span class=\"citation-55\">Interfaces seriais RS-232<\/span><\/b><span class=\"citation-55 citation-end-55\">.<\/span><\/li>\n<li><b><span class=\"citation-54\">Ampla personaliza\u00e7\u00e3o:<\/span><\/b><span class=\"citation-54 citation-end-54\"> A plataforma \u00e9 equipada com interfaces de montagem padr\u00e3o (como trilhos deslizantes ou placas de expans\u00e3o) para f\u00e1cil integra\u00e7\u00e3o de sensores, componentes e pacotes de hardware modulares, como LiDAR, c\u00e2meras de profundidade, m\u00f3dulos GPS\/IMU e manipuladores rob\u00f3ticos.<\/span><\/li>\n<li><b>Resili\u00eancia Industrial:<\/b><span class=\"citation-53\"> Constru\u00eddo com um chassi dur\u00e1vel, ele apresenta um upgrade <\/span><b><span class=\"citation-53\">sistema de resfriamento circulante<\/span><\/b><span class=\"citation-53 citation-end-53\"> para manter o desempenho ideal durante opera\u00e7\u00f5es de alta intensidade em todas as condi\u00e7\u00f5es clim\u00e1ticas.<\/span> <span class=\"citation-52\">A classifica\u00e7\u00e3o padr\u00e3o de prote\u00e7\u00e3o de entrada (IP) \u00e9 <\/span><b><span class=\"citation-52\">IP22<\/span><\/b><span class=\"citation-52\">, com op\u00e7\u00f5es de personaliza\u00e7\u00e3o at\u00e9 <\/span><b><span class=\"citation-52\">IP64<\/span><\/b><span class=\"citation-52 citation-end-52\">.<\/span><\/li>\n<li><b>Dire\u00e7\u00e3o flex\u00edvel:<\/b><span class=\"citation-51\"> Utiliza <\/span><b><span class=\"citation-51\">dire\u00e7\u00e3o diferencial nas quatro rodas<\/span><\/b><span class=\"citation-51\"> que permite uma <\/span><b><span class=\"citation-51\">raio de giro m\u00ednimo de 0 metros<\/span><\/b><span class=\"citation-51 citation-end-51\"> (curvatura no local), permitindo manobrabilidade excepcional em espa\u00e7os apertados.<\/span><\/li>\n<\/ul>\n<p><span class=\"citation-50\">O Agilex Scout 2.0 serve como uma base ideal para o desenvolvimento de solu\u00e7\u00f5es em \u00e1reas como <\/span><b><span class=\"citation-50 citation-end-50\">inspe\u00e7\u00e3o aut\u00f4noma, transporte de materiais, patrulhamento de seguran\u00e7a, detec\u00e7\u00e3o ambiental e pesquisa acad\u00eamica avan\u00e7ada.<\/span><\/b><\/p>\n<\/div>\n<\/div>\n<\/div>\n<\/div>\n<\/div>\n<\/div>\n<\/div>\n<\/div>\n<div class=\"input-area-container ng-tns-c1742710069-2 ng-trigger ng-trigger-inputAreaAnimation ng-star-inserted\">\n<div class=\"contextual-actions-container ng-tns-c1742710069-2 ng-star-inserted\">\n<div class=\"container hidden\"><\/div>\n<\/div>\n<div class=\"input-area ng-tns-c1646704378-7 with-toolbox-drawer\" data-node-type=\"input-area\">\n<div class=\"text-input-field ng-tns-c1646704378-7 with-toolbox-drawer height-expanded-past-single-line\">\n<div class=\"text-input-field_textarea-wrapper ng-tns-c1646704378-7\">\n<div class=\"text-input-field-main-area ng-tns-c1646704378-7\">\n<div class=\"text-input-field_textarea-inner ng-tns-c1646704378-7\">\n<div class=\"ql-editor textarea new-input-ui ql-blank\" role=\"textbox\" contenteditable=\"true\" data-gramm=\"false\" aria-multiline=\"true\" aria-label=\"Introduza um comando aqui\" data-placeholder=\"Pe\u00e7a ao Gemini\"><\/div>\n<\/div>\n<\/div>\n<\/div>\n<\/div>\n<\/div>\n<\/div>","protected":false},"excerpt":{"rendered":"<p><span class=\"\">O <\/span><b class=\"\">Agilex Scout 2.0<\/b><span class=\"\"> \u00e9 um robusto e vers\u00e1til <\/span><b class=\"\">Ve\u00edculo Terrestre N\u00e3o Tripulado (UGV)<\/b><span class=\"\"> plataforma projetada para pesquisa em rob\u00f3tica,<\/span><span class=\"\"> educa\u00e7\u00e3o,<\/span><span class=\"\"> e diversas aplica\u00e7\u00f5es industriais.<\/span><\/p>","protected":false},"featured_media":21013,"comment_status":"open","ping_status":"closed","template":"","meta":[],"product_brand":[1046],"product_cat":[1043,1044,1042,1037],"product_tag":[1047,1049,1048],"class_list":{"0":"post-21012","1":"product","2":"type-product","3":"status-publish","4":"has-post-thumbnail","6":"product_brand-agilex","7":"product_cat-agilex","8":"product_cat-agilex-robots","9":"product_cat-chassis","10":"product_cat-robotics","11":"product_tag-agilex","12":"product_tag-agliex-chassis","13":"product_tag-scout-2-0","15":"first","16":"onbackorder","17":"taxable","18":"shipping-taxable","19":"product-type-simple"},"yoast_head":"<!-- This site is optimized with the Yoast SEO plugin v27.4 - https:\/\/yoast.com\/product\/yoast-seo-wordpress\/ -->\n<title>Agilex Scout 2.0 - Ghostysky<\/title>\n<meta name=\"description\" content=\"The AgileX 2.0 series offers versatile, robust, and highly customizable Unmanned Ground Vehicles (UGVs) engineered for modern robotics research, industrial inspection, logistics, and autonomous driving applications. Built for both indoor and challenging outdoor environments, these platforms provide a reliable foundation for rapid secondary development and system integration.\" \/>\n<meta name=\"robots\" content=\"index, follow, max-snippet:-1, max-image-preview:large, max-video-preview:-1\" \/>\n<link rel=\"canonical\" href=\"https:\/\/www.ghostysky.com\/pt\/produto-2\/agilex-scout-2-0\/\" \/>\n<meta property=\"og:locale\" content=\"pt_PT\" \/>\n<meta property=\"og:type\" content=\"article\" \/>\n<meta property=\"og:title\" content=\"Agilex Scout 2.0 - Ghostysky\" \/>\n<meta property=\"og:description\" content=\"The AgileX 2.0 series offers versatile, robust, and highly customizable Unmanned Ground Vehicles (UGVs) engineered for modern robotics research, industrial inspection, logistics, and autonomous driving applications. Built for both indoor and challenging outdoor environments, these platforms provide a reliable foundation for rapid secondary development and system integration.\" \/>\n<meta property=\"og:url\" content=\"https:\/\/www.ghostysky.com\/pt\/produto-2\/agilex-scout-2-0\/\" \/>\n<meta property=\"og:site_name\" content=\"Ghostysky\" \/>\n<meta property=\"article:publisher\" content=\"https:\/\/www.facebook.com\/people\/Ghostysky\/100057676170234\/\" \/>\n<meta property=\"article:modified_time\" content=\"2026-01-10T09:19:17+00:00\" \/>\n<meta property=\"og:image\" content=\"https:\/\/www.ghostysky.com\/wp-content\/uploads\/2025\/10\/GH_Agilex_Scout2.0_1.jpg\" \/>\n\t<meta property=\"og:image:width\" content=\"800\" \/>\n\t<meta property=\"og:image:height\" content=\"800\" \/>\n\t<meta property=\"og:image:type\" content=\"image\/jpeg\" \/>\n<meta name=\"twitter:card\" content=\"summary_large_image\" \/>\n<meta name=\"twitter:site\" content=\"@Gh0stysky\" \/>\n<meta name=\"twitter:label1\" content=\"Tempo estimado de leitura\" \/>\n\t<meta name=\"twitter:data1\" content=\"2 minutos\" \/>\n<script type=\"application\/ld+json\" class=\"yoast-schema-graph\">{\"@context\":\"https:\\\/\\\/schema.org\",\"@graph\":[{\"@type\":\"WebPage\",\"@id\":\"https:\\\/\\\/www.ghostysky.com\\\/product\\\/agilex-scout-2-0\\\/\",\"url\":\"https:\\\/\\\/www.ghostysky.com\\\/product\\\/agilex-scout-2-0\\\/\",\"name\":\"Agilex Scout 2.0 - Ghostysky\",\"isPartOf\":{\"@id\":\"https:\\\/\\\/www.ghostysky.com\\\/#website\"},\"primaryImageOfPage\":{\"@id\":\"https:\\\/\\\/www.ghostysky.com\\\/product\\\/agilex-scout-2-0\\\/#primaryimage\"},\"image\":{\"@id\":\"https:\\\/\\\/www.ghostysky.com\\\/product\\\/agilex-scout-2-0\\\/#primaryimage\"},\"thumbnailUrl\":\"https:\\\/\\\/www.ghostysky.com\\\/wp-content\\\/uploads\\\/2025\\\/10\\\/GH_Agilex_Scout2.0_1.jpg\",\"datePublished\":\"2025-10-15T10:34:23+00:00\",\"dateModified\":\"2026-01-10T09:19:17+00:00\",\"description\":\"The AgileX 2.0 series offers versatile, robust, and highly customizable Unmanned Ground Vehicles (UGVs) engineered for modern robotics research, industrial inspection, logistics, and autonomous driving applications. Built for both indoor and challenging outdoor environments, these platforms provide a reliable foundation for rapid secondary development and system integration.\",\"breadcrumb\":{\"@id\":\"https:\\\/\\\/www.ghostysky.com\\\/product\\\/agilex-scout-2-0\\\/#breadcrumb\"},\"inLanguage\":\"pt-PT\",\"potentialAction\":[{\"@type\":\"ReadAction\",\"target\":[\"https:\\\/\\\/www.ghostysky.com\\\/product\\\/agilex-scout-2-0\\\/\"]}]},{\"@type\":\"ImageObject\",\"inLanguage\":\"pt-PT\",\"@id\":\"https:\\\/\\\/www.ghostysky.com\\\/product\\\/agilex-scout-2-0\\\/#primaryimage\",\"url\":\"https:\\\/\\\/www.ghostysky.com\\\/wp-content\\\/uploads\\\/2025\\\/10\\\/GH_Agilex_Scout2.0_1.jpg\",\"contentUrl\":\"https:\\\/\\\/www.ghostysky.com\\\/wp-content\\\/uploads\\\/2025\\\/10\\\/GH_Agilex_Scout2.0_1.jpg\",\"width\":800,\"height\":800,\"caption\":\"Created with GIMP\"},{\"@type\":\"BreadcrumbList\",\"@id\":\"https:\\\/\\\/www.ghostysky.com\\\/product\\\/agilex-scout-2-0\\\/#breadcrumb\",\"itemListElement\":[{\"@type\":\"ListItem\",\"position\":1,\"name\":\"Home\",\"item\":\"https:\\\/\\\/www.ghostysky.com\\\/\"},{\"@type\":\"ListItem\",\"position\":2,\"name\":\"Shop\",\"item\":\"https:\\\/\\\/www.ghostysky.com\\\/shop\\\/\"},{\"@type\":\"ListItem\",\"position\":3,\"name\":\"Agilex Scout 2.0\"}]},{\"@type\":\"WebSite\",\"@id\":\"https:\\\/\\\/www.ghostysky.com\\\/#website\",\"url\":\"https:\\\/\\\/www.ghostysky.com\\\/\",\"name\":\"Ghostysky\",\"description\":\"Delivering professional drones and robotics solutions\",\"publisher\":{\"@id\":\"https:\\\/\\\/www.ghostysky.com\\\/#organization\"},\"potentialAction\":[{\"@type\":\"SearchAction\",\"target\":{\"@type\":\"EntryPoint\",\"urlTemplate\":\"https:\\\/\\\/www.ghostysky.com\\\/?s={search_term_string}\"},\"query-input\":{\"@type\":\"PropertyValueSpecification\",\"valueRequired\":true,\"valueName\":\"search_term_string\"}}],\"inLanguage\":\"pt-PT\"},{\"@type\":\"Organization\",\"@id\":\"https:\\\/\\\/www.ghostysky.com\\\/#organization\",\"name\":\"Ghostysky\",\"url\":\"https:\\\/\\\/www.ghostysky.com\\\/\",\"logo\":{\"@type\":\"ImageObject\",\"inLanguage\":\"pt-PT\",\"@id\":\"https:\\\/\\\/www.ghostysky.com\\\/#\\\/schema\\\/logo\\\/image\\\/\",\"url\":\"https:\\\/\\\/www.ghostysky.com\\\/wp-content\\\/uploads\\\/2020\\\/06\\\/cropped-ghostyskylogo_text_white2.png\",\"contentUrl\":\"https:\\\/\\\/www.ghostysky.com\\\/wp-content\\\/uploads\\\/2020\\\/06\\\/cropped-ghostyskylogo_text_white2.png\",\"width\":169,\"height\":56,\"caption\":\"Ghostysky\"},\"image\":{\"@id\":\"https:\\\/\\\/www.ghostysky.com\\\/#\\\/schema\\\/logo\\\/image\\\/\"},\"sameAs\":[\"https:\\\/\\\/www.facebook.com\\\/people\\\/Ghostysky\\\/100057676170234\\\/\",\"https:\\\/\\\/x.com\\\/Gh0stysky\",\"https:\\\/\\\/www.linkedin.com\\\/company\\\/34739653\",\"https:\\\/\\\/www.instagram.com\\\/gh0stysky\"]}]}<\/script>\n<!-- \/ Yoast SEO plugin. -->","yoast_head_json":{"title":"Agilex Scout 2.0 - Ghostysky","description":"A s\u00e9rie AgileX 2.0 oferece Ve\u00edculos Terrestres N\u00e3o Tripulados (UGVs) vers\u00e1teis, robustos e altamente personaliz\u00e1veis, projetados para aplica\u00e7\u00f5es modernas de pesquisa em rob\u00f3tica, inspe\u00e7\u00e3o industrial, log\u00edstica e dire\u00e7\u00e3o aut\u00f4noma. Desenvolvidos para ambientes internos e externos desafiadores, essas plataformas fornecem uma base confi\u00e1vel para r\u00e1pido desenvolvimento secund\u00e1rio e integra\u00e7\u00e3o de sistemas.","robots":{"index":"index","follow":"follow","max-snippet":"max-snippet:-1","max-image-preview":"max-image-preview:large","max-video-preview":"max-video-preview:-1"},"canonical":"https:\/\/www.ghostysky.com\/pt\/produto-2\/agilex-scout-2-0\/","og_locale":"pt_PT","og_type":"article","og_title":"Agilex Scout 2.0 - Ghostysky","og_description":"The AgileX 2.0 series offers versatile, robust, and highly customizable Unmanned Ground Vehicles (UGVs) engineered for modern robotics research, industrial inspection, logistics, and autonomous driving applications. Built for both indoor and challenging outdoor environments, these platforms provide a reliable foundation for rapid secondary development and system integration.","og_url":"https:\/\/www.ghostysky.com\/pt\/produto-2\/agilex-scout-2-0\/","og_site_name":"Ghostysky","article_publisher":"https:\/\/www.facebook.com\/people\/Ghostysky\/100057676170234\/","article_modified_time":"2026-01-10T09:19:17+00:00","og_image":[{"width":800,"height":800,"url":"https:\/\/www.ghostysky.com\/wp-content\/uploads\/2025\/10\/GH_Agilex_Scout2.0_1.jpg","type":"image\/jpeg"}],"twitter_card":"summary_large_image","twitter_site":"@Gh0stysky","twitter_misc":{"Tempo estimado de leitura":"2 minutos"},"schema":{"@context":"https:\/\/schema.org","@graph":[{"@type":"WebPage","@id":"https:\/\/www.ghostysky.com\/product\/agilex-scout-2-0\/","url":"https:\/\/www.ghostysky.com\/product\/agilex-scout-2-0\/","name":"Agilex Scout 2.0 - Ghostysky","isPartOf":{"@id":"https:\/\/www.ghostysky.com\/#website"},"primaryImageOfPage":{"@id":"https:\/\/www.ghostysky.com\/product\/agilex-scout-2-0\/#primaryimage"},"image":{"@id":"https:\/\/www.ghostysky.com\/product\/agilex-scout-2-0\/#primaryimage"},"thumbnailUrl":"https:\/\/www.ghostysky.com\/wp-content\/uploads\/2025\/10\/GH_Agilex_Scout2.0_1.jpg","datePublished":"2025-10-15T10:34:23+00:00","dateModified":"2026-01-10T09:19:17+00:00","description":"A s\u00e9rie AgileX 2.0 oferece Ve\u00edculos Terrestres N\u00e3o Tripulados (UGVs) vers\u00e1teis, robustos e altamente personaliz\u00e1veis, projetados para aplica\u00e7\u00f5es modernas de pesquisa em rob\u00f3tica, inspe\u00e7\u00e3o industrial, log\u00edstica e dire\u00e7\u00e3o aut\u00f4noma. Desenvolvidos para ambientes internos e externos desafiadores, essas plataformas fornecem uma base confi\u00e1vel para r\u00e1pido desenvolvimento secund\u00e1rio e integra\u00e7\u00e3o de sistemas.","breadcrumb":{"@id":"https:\/\/www.ghostysky.com\/product\/agilex-scout-2-0\/#breadcrumb"},"inLanguage":"pt-PT","potentialAction":[{"@type":"ReadAction","target":["https:\/\/www.ghostysky.com\/product\/agilex-scout-2-0\/"]}]},{"@type":"ImageObject","inLanguage":"pt-PT","@id":"https:\/\/www.ghostysky.com\/product\/agilex-scout-2-0\/#primaryimage","url":"https:\/\/www.ghostysky.com\/wp-content\/uploads\/2025\/10\/GH_Agilex_Scout2.0_1.jpg","contentUrl":"https:\/\/www.ghostysky.com\/wp-content\/uploads\/2025\/10\/GH_Agilex_Scout2.0_1.jpg","width":800,"height":800,"caption":"Created with GIMP"},{"@type":"BreadcrumbList","@id":"https:\/\/www.ghostysky.com\/product\/agilex-scout-2-0\/#breadcrumb","itemListElement":[{"@type":"ListItem","position":1,"name":"Home","item":"https:\/\/www.ghostysky.com\/"},{"@type":"ListItem","position":2,"name":"Shop","item":"https:\/\/www.ghostysky.com\/shop\/"},{"@type":"ListItem","position":3,"name":"Agilex Scout 2.0"}]},{"@type":"WebSite","@id":"https:\/\/www.ghostysky.com\/#website","url":"https:\/\/www.ghostysky.com\/","name":"Ghostysky","description":"Fornecendo solu\u00e7\u00f5es profissionais em drones e rob\u00f3tica.","publisher":{"@id":"https:\/\/www.ghostysky.com\/#organization"},"potentialAction":[{"@type":"SearchAction","target":{"@type":"EntryPoint","urlTemplate":"https:\/\/www.ghostysky.com\/?s={search_term_string}"},"query-input":{"@type":"PropertyValueSpecification","valueRequired":true,"valueName":"search_term_string"}}],"inLanguage":"pt-PT"},{"@type":"Organization","@id":"https:\/\/www.ghostysky.com\/#organization","name":"Ghostysky","url":"https:\/\/www.ghostysky.com\/","logo":{"@type":"ImageObject","inLanguage":"pt-PT","@id":"https:\/\/www.ghostysky.com\/#\/schema\/logo\/image\/","url":"https:\/\/www.ghostysky.com\/wp-content\/uploads\/2020\/06\/cropped-ghostyskylogo_text_white2.png","contentUrl":"https:\/\/www.ghostysky.com\/wp-content\/uploads\/2020\/06\/cropped-ghostyskylogo_text_white2.png","width":169,"height":56,"caption":"Ghostysky"},"image":{"@id":"https:\/\/www.ghostysky.com\/#\/schema\/logo\/image\/"},"sameAs":["https:\/\/www.facebook.com\/people\/Ghostysky\/100057676170234\/","https:\/\/x.com\/Gh0stysky","https:\/\/www.linkedin.com\/company\/34739653","https:\/\/www.instagram.com\/gh0stysky"]}]}},"_links":{"self":[{"href":"https:\/\/www.ghostysky.com\/pt\/wp-json\/wp\/v2\/product\/21012","targetHints":{"allow":["GET"]}}],"collection":[{"href":"https:\/\/www.ghostysky.com\/pt\/wp-json\/wp\/v2\/product"}],"about":[{"href":"https:\/\/www.ghostysky.com\/pt\/wp-json\/wp\/v2\/types\/product"}],"replies":[{"embeddable":true,"href":"https:\/\/www.ghostysky.com\/pt\/wp-json\/wp\/v2\/comments?post=21012"}],"version-history":[{"count":0,"href":"https:\/\/www.ghostysky.com\/pt\/wp-json\/wp\/v2\/product\/21012\/revisions"}],"wp:featuredmedia":[{"embeddable":true,"href":"https:\/\/www.ghostysky.com\/pt\/wp-json\/wp\/v2\/media\/21013"}],"wp:attachment":[{"href":"https:\/\/www.ghostysky.com\/pt\/wp-json\/wp\/v2\/media?parent=21012"}],"wp:term":[{"taxonomy":"product_brand","embeddable":true,"href":"https:\/\/www.ghostysky.com\/pt\/wp-json\/wp\/v2\/product_brand?post=21012"},{"taxonomy":"product_cat","embeddable":true,"href":"https:\/\/www.ghostysky.com\/pt\/wp-json\/wp\/v2\/product_cat?post=21012"},{"taxonomy":"product_tag","embeddable":true,"href":"https:\/\/www.ghostysky.com\/pt\/wp-json\/wp\/v2\/product_tag?post=21012"}],"curies":[{"name":"wp","href":"https:\/\/api.w.org\/{rel}","templated":true}]}}