{"id":21016,"date":"2025-10-15T10:44:05","date_gmt":"2025-10-15T10:44:05","guid":{"rendered":"https:\/\/www.ghostysky.com\/?post_type=product&#038;p=21016"},"modified":"2026-01-10T09:58:47","modified_gmt":"2026-01-10T09:58:47","slug":"agilex-scout-mini-standard-wheel","status":"publish","type":"product","link":"https:\/\/www.ghostysky.com\/pt\/product\/agilex-scout-mini-standard-wheel\/","title":{"rendered":"Agilex Scout Mini (Roda Padr\u00e3o)"},"content":{"rendered":"<h3><b>Caracter\u00edsticas principais<\/b><\/h3>\n<ul>\n<li><b>Alta velocidade e agilidade em todos os terrenos:<\/b>\n<ul>\n<li><span class=\"citation-106\">Apresenta um <\/span><b><span class=\"citation-106\">tra\u00e7\u00e3o diferencial nas quatro rodas<\/span><\/b><span class=\"citation-106 citation-end-106\"> sistema.<\/span><\/li>\n<li><span class=\"citation-105\">Equipado com <\/span><b><span class=\"citation-105\">suspens\u00e3o independente<\/span><\/b><span class=\"citation-105 citation-end-105\"> (geralmente com bra\u00e7o duplo) para uma travessia suave em terrenos irregulares.<\/span><\/li>\n<li><span class=\"citation-104\">Capaz de atingir uma alta velocidade de at\u00e9 <\/span><b><span class=\"citation-104\">10 km\/h<\/span><\/b><span class=\"citation-104 citation-end-104\"> (3 m\/s).<\/span><\/li>\n<li><span class=\"citation-103\">Excelente capacidade de escalada, suportando declives de at\u00e9 <\/span><b><span class=\"citation-103\">30 graus<\/span><\/b><span class=\"citation-103 citation-end-103\">.<\/span><\/li>\n<li><b><span class=\"citation-102\">Raio de giro zero<\/span><\/b><span class=\"citation-102 citation-end-102\"> (pode girar no lugar) para alta manobrabilidade em espa\u00e7os apertados.<\/span><\/li>\n<\/ul>\n<\/li>\n<li><b>Design robusto e compacto:<\/b>\n<ul>\n<li>Ocupa pouco espa\u00e7o (aprox. <span class=\"math-inline\"><span class=\"katex\"><span class=\"katex-html\" aria-hidden=\"true\"><span class=\"base\"><span class=\"mord\">612<\/span><span class=\"mord text\"><span class=\"mord\">mil\u00edmetros<\/span><\/span><span class=\"mbin\">\u00d7<\/span><\/span><span class=\"base\"><span class=\"mord\">580<\/span><span class=\"mord text\"><span class=\"mord\">mil\u00edmetros<\/span><\/span><span class=\"mbin\">\u00d7<\/span><\/span><span class=\"base\"><span class=\"mord\">245<\/span><span class=\"mord text\"><span class=\"mord\">mil\u00edmetros<\/span><\/span><\/span><\/span><\/span><\/span><span class=\"citation-101 citation-end-101\">) e leve para implanta\u00e7\u00e3o r\u00e1pida.<\/span><\/li>\n<li><span class=\"citation-100 citation-end-100\">Constru\u00eddo com um chassi dur\u00e1vel (classifica\u00e7\u00e3o IP22 para prote\u00e7\u00e3o contra poeira\/\u00e1gua), adequado para ambientes internos e externos.<\/span><\/li>\n<\/ul>\n<\/li>\n<li><b>Plataforma Aberta para Desenvolvimento:<\/b>\n<ul>\n<li><span class=\"citation-99 citation-end-99\">Ideal para experimentos cient\u00edficos de ponta, educa\u00e7\u00e3o e pesquisa em rob\u00f3tica.<\/span><\/li>\n<li><span class=\"citation-98\">Suporta totalmente <\/span><b><span class=\"citation-98\">ROS (Sistema Operacional de Rob\u00f4s)<\/span><\/b><span class=\"citation-98 citation-end-98\"> e fornece um SDK de c\u00f3digo aberto e recursos de software para desenvolvimento secund\u00e1rio.<\/span><\/li>\n<li><span class=\"citation-97\">Comunica\u00e7\u00e3o via <\/span><b><span class=\"citation-97\">Barramento CAN padr\u00e3o<\/span><\/b><span class=\"citation-97 citation-end-97\"> e porta serial RS-232.<\/span><\/li>\n<li><span class=\"citation-96\">Recursos <\/span><b><span class=\"citation-96\">trilhos de alum\u00ednio com ranhura em T<\/span><\/b><span class=\"citation-96 citation-end-96\"> e aberturas pr\u00e9-posicionadas para montagem f\u00e1cil e segura de cargas personalizadas, como LiDAR, c\u00e2meras, GPS, IMUs ou controladores industriais.<\/span><\/li>\n<\/ul>\n<\/li>\n<li><b>Especifica\u00e7\u00f5es de desempenho (roda padr\u00e3o):<\/b>\n<ul>\n<li><b><span class=\"citation-95\">Carga \u00fatil m\u00e1xima:<\/span><\/b> <span class=\"math-inline\"><span class=\"katex\"><span class=\"katex-html\" aria-hidden=\"true\"><span class=\"base\"><span class=\"mord\">10<\/span><span class=\"mord text\"><span class=\"mord\">kg<\/span><\/span><\/span><\/span><\/span><\/span><\/li>\n<li><b><span class=\"citation-94\">Velocidade m\u00e1xima:<\/span><\/b> <span class=\"math-inline\"><span class=\"katex\"><span class=\"katex-html\" aria-hidden=\"true\"><span class=\"base\"><span class=\"mrel\">\u2264<\/span><\/span><span class=\"base\"><span class=\"mord\">10<\/span><span class=\"mord text\"><span class=\"mord\">km\/h<\/span><\/span><\/span><\/span><\/span><\/span><span class=\"citation-93 citation-end-93\"> (ou <\/span><span class=\"math-inline\"><span class=\"katex\"><span class=\"katex-html\" aria-hidden=\"true\"><span class=\"base\"><span class=\"mrel\">\u223c<\/span><\/span><span class=\"base\"><span class=\"mord\">3<\/span><span class=\"mord text\"><span class=\"mord\">EM<\/span><\/span><\/span><\/span><\/span><\/span><span class=\"citation-92 citation-end-92\">)<\/span><\/li>\n<li><b><span class=\"citation-91\">\u00c2ngulo de escalada:<\/span><\/b> <span class=\"math-inline\"><span class=\"katex\"><span class=\"katex-html\" aria-hidden=\"true\"><span class=\"base\"><span class=\"mrel\">\u2264<\/span><\/span><span class=\"base\"><span class=\"mord\">3<\/span><span class=\"mord\">0<span class=\"msupsub\"><span class=\"vlist-t\"><span class=\"vlist-r\"><span class=\"vlist\"><span class=\"\"><span class=\"sizing reset-size6 size3 mtight\"><span class=\"mbin mtight\">\u2218<\/span><\/span><\/span><\/span><\/span><\/span><\/span><\/span><\/span><\/span><\/span><\/span><\/li>\n<li><b>Bateria:<\/b> <span class=\"math-inline\"><span class=\"katex\"><span class=\"katex-html\" aria-hidden=\"true\"><span class=\"base\"><span class=\"mord\">24<\/span><span class=\"mord text\"><span class=\"mord\">V<\/span><\/span><span class=\"mord\">\/15<\/span><span class=\"mord text\"><span class=\"mord\">Ah<\/span><\/span><\/span><\/span><\/span><\/span><span class=\"citation-89 citation-end-89\"> \u00cdons de l\u00edtio, com alcance de at\u00e9 <\/span><span class=\"math-inline\"><span class=\"katex\"><span class=\"katex-html\" aria-hidden=\"true\"><span class=\"base\"><span class=\"mord\">10<\/span><span class=\"mord text\"><span class=\"mord\">quil\u00f4metros<\/span><\/span><\/span><\/span><\/span><\/span><span class=\"citation-88 citation-end-88\"> (descarregado).<\/span><\/li>\n<li><b><span class=\"citation-87\">Motores:<\/span><\/b> <span class=\"math-inline\"><span class=\"katex\"><span class=\"katex-html\" aria-hidden=\"true\"><span class=\"base\"><span class=\"mord\">4<\/span><span class=\"mbin\">\u00d7<\/span><\/span><span class=\"base\"><span class=\"mord\">150<\/span><span class=\"mord text\"><span class=\"mord\">C<\/span><\/span><\/span><\/span><\/span><\/span><span class=\"citation-86 citation-end-86\"> Motores CC sem escovas.<\/span><\/li>\n<\/ul>\n<\/li>\n<\/ul>\n<p><span class=\"citation-85 citation-end-85\">O Agilex Scout Mini fornece aos pesquisadores, desenvolvedores e engenheiros um chassi poderoso, flex\u00edvel e robusto para se concentrarem no desenvolvimento de algoritmos e na integra\u00e7\u00e3o de sistemas, em vez do controle do ve\u00edculo.<\/span><\/p>","protected":false},"excerpt":{"rendered":"<p>O Agilex Scout Mini (Roda Padr\u00e3o) \u00e9 um Ve\u00edculo Terrestre N\u00e3o Tripulado (UGV) compacto, de alta velocidade e todo-terreno, projetado como uma plataforma vers\u00e1til de pesquisa e desenvolvimento m\u00f3vel.<\/p>","protected":false},"featured_media":21017,"comment_status":"open","ping_status":"closed","template":"","meta":[],"product_brand":[1046],"product_cat":[1043,1044,1042,1037],"product_tag":[1047,1050,1052,1051],"class_list":{"0":"post-21016","1":"product","2":"type-product","3":"status-publish","4":"has-post-thumbnail","6":"product_brand-agilex","7":"product_cat-agilex","8":"product_cat-agilex-robots","9":"product_cat-chassis","10":"product_cat-robotics","11":"product_tag-agilex","12":"product_tag-agilex-chasis","13":"product_tag-agilex-robots","14":"product_tag-agilex-scout-mini-standard-wheel","16":"first","17":"onbackorder","18":"taxable","19":"shipping-taxable","20":"purchasable","21":"product-type-simple"},"yoast_head":"<!-- This site is optimized with the Yoast SEO plugin v27.1.1 - https:\/\/yoast.com\/product\/yoast-seo-wordpress\/ -->\n<title>Agilex Scout Mini (Standard Wheel) - Ghostysky<\/title>\n<meta name=\"description\" content=\"The Agilex Scout Mini (Standard Wheel) is a compact, high-speed, all-terrain Unmanned Ground Vehicle (UGV) designed as a versatile mobile research and development platform.\" \/>\n<meta name=\"robots\" content=\"index, follow, max-snippet:-1, max-image-preview:large, max-video-preview:-1\" \/>\n<link rel=\"canonical\" href=\"https:\/\/www.ghostysky.com\/pt\/produto-2\/agilex-scout-mini-standard-wheel\/\" \/>\n<meta property=\"og:locale\" content=\"pt_PT\" \/>\n<meta property=\"og:type\" content=\"article\" \/>\n<meta property=\"og:title\" content=\"Agilex Scout Mini (Standard Wheel) - Ghostysky\" \/>\n<meta property=\"og:description\" content=\"The Agilex Scout Mini (Standard Wheel) is a compact, high-speed, all-terrain Unmanned Ground Vehicle (UGV) designed as a versatile mobile research and development platform.\" \/>\n<meta property=\"og:url\" content=\"https:\/\/www.ghostysky.com\/pt\/produto-2\/agilex-scout-mini-standard-wheel\/\" \/>\n<meta property=\"og:site_name\" content=\"Ghostysky\" \/>\n<meta property=\"article:publisher\" content=\"https:\/\/www.facebook.com\/people\/Ghostysky\/100057676170234\/\" \/>\n<meta property=\"article:modified_time\" content=\"2026-01-10T09:58:47+00:00\" \/>\n<meta property=\"og:image\" content=\"https:\/\/www.ghostysky.com\/wp-content\/uploads\/2025\/10\/GH_Agilex_ScoutMini_SW_4.jpg\" \/>\n\t<meta property=\"og:image:width\" content=\"650\" \/>\n\t<meta property=\"og:image:height\" content=\"650\" \/>\n\t<meta property=\"og:image:type\" content=\"image\/jpeg\" \/>\n<meta name=\"twitter:card\" content=\"summary_large_image\" \/>\n<meta name=\"twitter:site\" content=\"@Gh0stysky\" \/>\n<meta name=\"twitter:label1\" content=\"Tempo estimado de leitura\" \/>\n\t<meta name=\"twitter:data1\" content=\"2 minutos\" \/>\n<script type=\"application\/ld+json\" class=\"yoast-schema-graph\">{\"@context\":\"https:\/\/schema.org\",\"@graph\":[{\"@type\":\"WebPage\",\"@id\":\"https:\/\/www.ghostysky.com\/product\/agilex-scout-mini-standard-wheel\/\",\"url\":\"https:\/\/www.ghostysky.com\/product\/agilex-scout-mini-standard-wheel\/\",\"name\":\"Agilex Scout Mini (Standard Wheel) - Ghostysky\",\"isPartOf\":{\"@id\":\"https:\/\/www.ghostysky.com\/#website\"},\"primaryImageOfPage\":{\"@id\":\"https:\/\/www.ghostysky.com\/product\/agilex-scout-mini-standard-wheel\/#primaryimage\"},\"image\":{\"@id\":\"https:\/\/www.ghostysky.com\/product\/agilex-scout-mini-standard-wheel\/#primaryimage\"},\"thumbnailUrl\":\"https:\/\/www.ghostysky.com\/wp-content\/uploads\/2025\/10\/GH_Agilex_ScoutMini_SW_4.jpg\",\"datePublished\":\"2025-10-15T10:44:05+00:00\",\"dateModified\":\"2026-01-10T09:58:47+00:00\",\"description\":\"The Agilex Scout Mini (Standard Wheel) is a compact, high-speed, all-terrain Unmanned Ground Vehicle (UGV) designed as a versatile mobile research and development platform.\",\"breadcrumb\":{\"@id\":\"https:\/\/www.ghostysky.com\/product\/agilex-scout-mini-standard-wheel\/#breadcrumb\"},\"inLanguage\":\"pt-PT\",\"potentialAction\":[{\"@type\":\"ReadAction\",\"target\":[\"https:\/\/www.ghostysky.com\/product\/agilex-scout-mini-standard-wheel\/\"]}]},{\"@type\":\"ImageObject\",\"inLanguage\":\"pt-PT\",\"@id\":\"https:\/\/www.ghostysky.com\/product\/agilex-scout-mini-standard-wheel\/#primaryimage\",\"url\":\"https:\/\/www.ghostysky.com\/wp-content\/uploads\/2025\/10\/GH_Agilex_ScoutMini_SW_4.jpg\",\"contentUrl\":\"https:\/\/www.ghostysky.com\/wp-content\/uploads\/2025\/10\/GH_Agilex_ScoutMini_SW_4.jpg\",\"width\":650,\"height\":650},{\"@type\":\"BreadcrumbList\",\"@id\":\"https:\/\/www.ghostysky.com\/product\/agilex-scout-mini-standard-wheel\/#breadcrumb\",\"itemListElement\":[{\"@type\":\"ListItem\",\"position\":1,\"name\":\"Home\",\"item\":\"https:\/\/www.ghostysky.com\/\"},{\"@type\":\"ListItem\",\"position\":2,\"name\":\"Shop\",\"item\":\"https:\/\/www.ghostysky.com\/shop\/\"},{\"@type\":\"ListItem\",\"position\":3,\"name\":\"Agilex Scout Mini (Standard Wheel)\"}]},{\"@type\":\"WebSite\",\"@id\":\"https:\/\/www.ghostysky.com\/#website\",\"url\":\"https:\/\/www.ghostysky.com\/\",\"name\":\"Ghostysky\",\"description\":\"Delivering professional drones and services\",\"publisher\":{\"@id\":\"https:\/\/www.ghostysky.com\/#organization\"},\"potentialAction\":[{\"@type\":\"SearchAction\",\"target\":{\"@type\":\"EntryPoint\",\"urlTemplate\":\"https:\/\/www.ghostysky.com\/?s={search_term_string}\"},\"query-input\":{\"@type\":\"PropertyValueSpecification\",\"valueRequired\":true,\"valueName\":\"search_term_string\"}}],\"inLanguage\":\"pt-PT\"},{\"@type\":\"Organization\",\"@id\":\"https:\/\/www.ghostysky.com\/#organization\",\"name\":\"Ghostysky\",\"url\":\"https:\/\/www.ghostysky.com\/\",\"logo\":{\"@type\":\"ImageObject\",\"inLanguage\":\"pt-PT\",\"@id\":\"https:\/\/www.ghostysky.com\/#\/schema\/logo\/image\/\",\"url\":\"https:\/\/www.ghostysky.com\/wp-content\/uploads\/2020\/06\/cropped-ghostyskylogo_text_white2.png\",\"contentUrl\":\"https:\/\/www.ghostysky.com\/wp-content\/uploads\/2020\/06\/cropped-ghostyskylogo_text_white2.png\",\"width\":169,\"height\":56,\"caption\":\"Ghostysky\"},\"image\":{\"@id\":\"https:\/\/www.ghostysky.com\/#\/schema\/logo\/image\/\"},\"sameAs\":[\"https:\/\/www.facebook.com\/people\/Ghostysky\/100057676170234\/\",\"https:\/\/x.com\/Gh0stysky\",\"https:\/\/www.linkedin.com\/company\/34739653\",\"https:\/\/www.instagram.com\/gh0stysky\"]}]}<\/script>\n<!-- \/ Yoast SEO plugin. -->","yoast_head_json":{"title":"Agilex Scout Mini (Roda Padr\u00e3o) - Ghostysky","description":"O Agilex Scout Mini (Roda Padr\u00e3o) \u00e9 um Ve\u00edculo Terrestre N\u00e3o Tripulado (UGV) compacto, de alta velocidade e todo-terreno, projetado como uma plataforma vers\u00e1til de pesquisa e desenvolvimento m\u00f3vel.","robots":{"index":"index","follow":"follow","max-snippet":"max-snippet:-1","max-image-preview":"max-image-preview:large","max-video-preview":"max-video-preview:-1"},"canonical":"https:\/\/www.ghostysky.com\/pt\/produto-2\/agilex-scout-mini-standard-wheel\/","og_locale":"pt_PT","og_type":"article","og_title":"Agilex Scout Mini (Standard Wheel) - Ghostysky","og_description":"The Agilex Scout Mini (Standard Wheel) is a compact, high-speed, all-terrain Unmanned Ground Vehicle (UGV) designed as a versatile mobile research and development platform.","og_url":"https:\/\/www.ghostysky.com\/pt\/produto-2\/agilex-scout-mini-standard-wheel\/","og_site_name":"Ghostysky","article_publisher":"https:\/\/www.facebook.com\/people\/Ghostysky\/100057676170234\/","article_modified_time":"2026-01-10T09:58:47+00:00","og_image":[{"width":650,"height":650,"url":"https:\/\/www.ghostysky.com\/wp-content\/uploads\/2025\/10\/GH_Agilex_ScoutMini_SW_4.jpg","type":"image\/jpeg"}],"twitter_card":"summary_large_image","twitter_site":"@Gh0stysky","twitter_misc":{"Tempo estimado de leitura":"2 minutos"},"schema":{"@context":"https:\/\/schema.org","@graph":[{"@type":"WebPage","@id":"https:\/\/www.ghostysky.com\/product\/agilex-scout-mini-standard-wheel\/","url":"https:\/\/www.ghostysky.com\/product\/agilex-scout-mini-standard-wheel\/","name":"Agilex Scout Mini (Roda Padr\u00e3o) - Ghostysky","isPartOf":{"@id":"https:\/\/www.ghostysky.com\/#website"},"primaryImageOfPage":{"@id":"https:\/\/www.ghostysky.com\/product\/agilex-scout-mini-standard-wheel\/#primaryimage"},"image":{"@id":"https:\/\/www.ghostysky.com\/product\/agilex-scout-mini-standard-wheel\/#primaryimage"},"thumbnailUrl":"https:\/\/www.ghostysky.com\/wp-content\/uploads\/2025\/10\/GH_Agilex_ScoutMini_SW_4.jpg","datePublished":"2025-10-15T10:44:05+00:00","dateModified":"2026-01-10T09:58:47+00:00","description":"O Agilex Scout Mini (Roda Padr\u00e3o) \u00e9 um Ve\u00edculo Terrestre N\u00e3o Tripulado (UGV) compacto, de alta velocidade e todo-terreno, projetado como uma plataforma vers\u00e1til de pesquisa e desenvolvimento m\u00f3vel.","breadcrumb":{"@id":"https:\/\/www.ghostysky.com\/product\/agilex-scout-mini-standard-wheel\/#breadcrumb"},"inLanguage":"pt-PT","potentialAction":[{"@type":"ReadAction","target":["https:\/\/www.ghostysky.com\/product\/agilex-scout-mini-standard-wheel\/"]}]},{"@type":"ImageObject","inLanguage":"pt-PT","@id":"https:\/\/www.ghostysky.com\/product\/agilex-scout-mini-standard-wheel\/#primaryimage","url":"https:\/\/www.ghostysky.com\/wp-content\/uploads\/2025\/10\/GH_Agilex_ScoutMini_SW_4.jpg","contentUrl":"https:\/\/www.ghostysky.com\/wp-content\/uploads\/2025\/10\/GH_Agilex_ScoutMini_SW_4.jpg","width":650,"height":650},{"@type":"BreadcrumbList","@id":"https:\/\/www.ghostysky.com\/product\/agilex-scout-mini-standard-wheel\/#breadcrumb","itemListElement":[{"@type":"ListItem","position":1,"name":"Home","item":"https:\/\/www.ghostysky.com\/"},{"@type":"ListItem","position":2,"name":"Shop","item":"https:\/\/www.ghostysky.com\/shop\/"},{"@type":"ListItem","position":3,"name":"Agilex Scout Mini (Standard Wheel)"}]},{"@type":"WebSite","@id":"https:\/\/www.ghostysky.com\/#website","url":"https:\/\/www.ghostysky.com\/","name":"Ghostysky","description":"Fornecendo drones e servi\u00e7os profissionais","publisher":{"@id":"https:\/\/www.ghostysky.com\/#organization"},"potentialAction":[{"@type":"SearchAction","target":{"@type":"EntryPoint","urlTemplate":"https:\/\/www.ghostysky.com\/?s={search_term_string}"},"query-input":{"@type":"PropertyValueSpecification","valueRequired":true,"valueName":"search_term_string"}}],"inLanguage":"pt-PT"},{"@type":"Organization","@id":"https:\/\/www.ghostysky.com\/#organization","name":"Ghostysky","url":"https:\/\/www.ghostysky.com\/","logo":{"@type":"ImageObject","inLanguage":"pt-PT","@id":"https:\/\/www.ghostysky.com\/#\/schema\/logo\/image\/","url":"https:\/\/www.ghostysky.com\/wp-content\/uploads\/2020\/06\/cropped-ghostyskylogo_text_white2.png","contentUrl":"https:\/\/www.ghostysky.com\/wp-content\/uploads\/2020\/06\/cropped-ghostyskylogo_text_white2.png","width":169,"height":56,"caption":"Ghostysky"},"image":{"@id":"https:\/\/www.ghostysky.com\/#\/schema\/logo\/image\/"},"sameAs":["https:\/\/www.facebook.com\/people\/Ghostysky\/100057676170234\/","https:\/\/x.com\/Gh0stysky","https:\/\/www.linkedin.com\/company\/34739653","https:\/\/www.instagram.com\/gh0stysky"]}]}},"_links":{"self":[{"href":"https:\/\/www.ghostysky.com\/pt\/wp-json\/wp\/v2\/product\/21016","targetHints":{"allow":["GET"]}}],"collection":[{"href":"https:\/\/www.ghostysky.com\/pt\/wp-json\/wp\/v2\/product"}],"about":[{"href":"https:\/\/www.ghostysky.com\/pt\/wp-json\/wp\/v2\/types\/product"}],"replies":[{"embeddable":true,"href":"https:\/\/www.ghostysky.com\/pt\/wp-json\/wp\/v2\/comments?post=21016"}],"wp:featuredmedia":[{"embeddable":true,"href":"https:\/\/www.ghostysky.com\/pt\/wp-json\/wp\/v2\/media\/21017"}],"wp:attachment":[{"href":"https:\/\/www.ghostysky.com\/pt\/wp-json\/wp\/v2\/media?parent=21016"}],"wp:term":[{"taxonomy":"product_brand","embeddable":true,"href":"https:\/\/www.ghostysky.com\/pt\/wp-json\/wp\/v2\/product_brand?post=21016"},{"taxonomy":"product_cat","embeddable":true,"href":"https:\/\/www.ghostysky.com\/pt\/wp-json\/wp\/v2\/product_cat?post=21016"},{"taxonomy":"product_tag","embeddable":true,"href":"https:\/\/www.ghostysky.com\/pt\/wp-json\/wp\/v2\/product_tag?post=21016"}],"curies":[{"name":"wp","href":"https:\/\/api.w.org\/{rel}","templated":true}]}}