{"id":21022,"date":"2025-10-15T11:20:55","date_gmt":"2025-10-15T11:20:55","guid":{"rendered":"https:\/\/www.ghostysky.com\/?post_type=product&#038;p=21022"},"modified":"2026-02-23T13:20:37","modified_gmt":"2026-02-23T13:20:37","slug":"agilex-piper","status":"publish","type":"product","link":"https:\/\/www.ghostysky.com\/pt\/product\/agilex-piper\/","title":{"rendered":"Agilex Piper"},"content":{"rendered":"<p><b><span class=\"citation-144 citation-end-144\">O Agilex PiPER \u00e9 um bra\u00e7o rob\u00f3tico potente, por\u00e9m leve, de 6 graus de liberdade que combina agilidade, precis\u00e3o e compatibilidade com c\u00f3digo aberto para acelerar a inova\u00e7\u00e3o no desenvolvimento de rob\u00f3tica e automa\u00e7\u00e3o de servi\u00e7os leves.<\/span><\/b><\/p>\n<p><span class=\"citation-143 citation-end-143\">O PiPER foi desenvolvido para ser vers\u00e1til, com um design compacto e f\u00e1cil de usar que o torna f\u00e1cil de integrar em laborat\u00f3rios, salas de aula e v\u00e1rios ambientes comerciais.<\/span><\/p>\n<h4><b>Principais recursos e especifica\u00e7\u00f5es<\/b><\/h4>\n<ul>\n<li><b><span class=\"citation-142\">Graus de Liberdade (GDL):<\/span><\/b><span class=\"citation-142 citation-end-142\"> 6, oferecendo flexibilidade operacional completa para movimentos complexos.<\/span><\/li>\n<li><b><span class=\"citation-141\">Leve e compacto:<\/span><\/b><span class=\"citation-141\"> Pesando apenas <\/span><b><span class=\"citation-141\">4,2 kg<\/span><\/b><span class=\"citation-141 citation-end-141\">, o PiPER \u00e9 altamente port\u00e1til e f\u00e1cil de montar.<\/span><\/li>\n<li><b>Capacidade de carga \u00fatil:<\/b><span class=\"citation-140\"> Suporta um est\u00e1bulo <\/span><b><span class=\"citation-140\">1,5 kg<\/span><\/b><span class=\"citation-140 citation-end-140\"> carga \u00fatil.<\/span><\/li>\n<li><b>Precis\u00e3o e alcance:<\/b>\n<ul>\n<li><b>Repetibilidade:<\/b> <span class=\"math-inline\"><span class=\"katex\"><span class=\"katex-html\" aria-hidden=\"true\"><span class=\"base\"><span class=\"mord\">\u00b1<\/span><span class=\"mord\">0.1<\/span><span class=\"mord text\"><span class=\"mord\">\u00a0mil\u00edmetros<\/span><\/span><\/span><\/span><\/span><\/span><span class=\"citation-138 citation-end-138\">, garantindo opera\u00e7\u00f5es precisas e consistentes para tarefas delicadas.<\/span><\/li>\n<li><b>Alcan\u00e7ar:<\/b> <span class=\"math-inline\"><span class=\"katex\"><span class=\"katex-html\" aria-hidden=\"true\"><span class=\"base\"><span class=\"mord\">626<\/span><span class=\"mord text\"><span class=\"mord\">\u00a0mil\u00edmetros<\/span><\/span><\/span><\/span><\/span><\/span> raio de trabalho.<\/li>\n<\/ul>\n<\/li>\n<li><b>Controle e programa\u00e7\u00e3o vers\u00e1teis:<\/b>\n<ul>\n<li><b>Suporte de c\u00f3digo aberto:<\/b><span class=\"citation-137\"> Totalmente compat\u00edvel com <\/span><b><span class=\"citation-137\">ROS 1 e ROS 2<\/span><\/b><span class=\"citation-137 citation-end-137\">, oferecendo m\u00e1xima flexibilidade para desenvolvedores.<\/span><\/li>\n<li><b>M\u00e9todos de programa\u00e7\u00e3o:<\/b><span class=\"citation-136\"> Suportes <\/span><b><span class=\"citation-136\">Ensino de Drag<\/span><\/b><span class=\"citation-136\"> (orienta\u00e7\u00e3o f\u00edsica intuitiva), <\/span><b><span class=\"citation-136\">Planejamento de trajet\u00f3ria offline<\/span><\/b><span class=\"citation-136\">, <\/span><b><span class=\"citation-136\">Controle de API<\/span><\/b><span class=\"citation-136 citation-end-136\"> (por exemplo, API Python) e controle baseado em PC.<\/span><\/li>\n<\/ul>\n<\/li>\n<li><b><span class=\"citation-135\">Design Integrado:<\/span><\/b><span class=\"citation-135 citation-end-135\"> Possui seis motores articulados integrados para controle suave e preciso, al\u00e9m de um controlador totalmente integrado.<\/span><\/li>\n<li><b><span class=\"citation-134\">Constru\u00e7\u00e3o robusta:<\/span><\/b><span class=\"citation-134 citation-end-134\"> Constru\u00eddo com um corpo de liga de alum\u00ednio e inv\u00f3lucro de pol\u00edmero, projetado para operar de forma confi\u00e1vel em ambientes desafiadores com temperaturas que variam de <\/span><span class=\"math-inline\"><span class=\"katex\"><span class=\"katex-html\" aria-hidden=\"true\"><span class=\"base\"><span class=\"mord\">\u2212<\/span><span class=\"mord\">2<\/span><span class=\"mord\">0<span class=\"msupsub\"><span class=\"vlist-t\"><span class=\"vlist-r\"><span class=\"vlist\"><span class=\"\"><span class=\"sizing reset-size6 size3 mtight\"><span class=\"mbin mtight\">\u2218<\/span><\/span><\/span><\/span><\/span><\/span><\/span><\/span><span class=\"mord text\"><span class=\"mord\">C<\/span><\/span><\/span><\/span><\/span><\/span><span class=\"citation-133 citation-end-133\"> para <\/span><span class=\"math-inline\"><span class=\"katex\"><span class=\"katex-html\" aria-hidden=\"true\"><span class=\"base\"><span class=\"mord\">5<\/span><span class=\"mord\">0<span class=\"msupsub\"><span class=\"vlist-t\"><span class=\"vlist-r\"><span class=\"vlist\"><span class=\"\"><span class=\"sizing reset-size6 size3 mtight\"><span class=\"mbin mtight\">\u2218<\/span><\/span><\/span><\/span><\/span><\/span><\/span><\/span><span class=\"mord text\"><span class=\"mord\">C<\/span><\/span><\/span><\/span><\/span><\/span><span class=\"citation-132 citation-end-132\">.<\/span><\/li>\n<\/ul>\n<h4><b>Aplica\u00e7\u00f5es ideais<\/b><\/h4>\n<ul>\n<li><b><span class=\"citation-131\">Educa\u00e7\u00e3o e Pesquisa:<\/span><\/b><span class=\"citation-131 citation-end-131\"> Perfeito para institui\u00e7\u00f5es acad\u00eamicas e laborat\u00f3rios com foco em rob\u00f3tica, IA e intelig\u00eancia incorporada para coleta de dados do mundo real.<\/span><\/li>\n<li><b><span class=\"citation-130\">Automa\u00e7\u00e3o Industrial:<\/span><\/b><span class=\"citation-130 citation-end-130\"> Adequado para tarefas leves, como montagem, classifica\u00e7\u00e3o, controle de qualidade e opera\u00e7\u00f5es de coleta e coloca\u00e7\u00e3o.<\/span><\/li>\n<li><b><span class=\"citation-129\">Desenvolvimento de Rob\u00f3tica:<\/span><\/b><span class=\"citation-129 citation-end-129\"> Fornece uma plataforma flex\u00edvel e de c\u00f3digo aberto para desenvolver e testar aplicativos rob\u00f3ticos avan\u00e7ados.<\/span><\/li>\n<li><b><span class=\"citation-128\">Outros campos:<\/span><\/b><span class=\"citation-128 citation-end-128\"> Aplic\u00e1vel na opera\u00e7\u00e3o de equipamentos m\u00e9dicos, automa\u00e7\u00e3o de laborat\u00f3rio e muito mais.<\/span><\/li>\n<\/ul>\n<p><span class=\"citation-127 citation-end-127\">O Agilex PiPER \u00e9 a solu\u00e7\u00e3o b\u00e1sica de alto desempenho para usu\u00e1rios que buscam aproveitar o poder da rob\u00f3tica avan\u00e7ada sem a complexidade e o custo de bra\u00e7os industriais maiores.<\/span><\/p>","protected":false},"excerpt":{"rendered":"<p><span class=\"citation-145\">O Agilex PiPER \u00e9 um bra\u00e7o rob\u00f3tico compacto e vers\u00e1til de 6 graus de liberdade (DOF), projetado para fornecer alta precis\u00e3o e controle confi\u00e1vel para uma ampla gama de aplica\u00e7\u00f5es em <\/span><b><span class=\"citation-145\">pesquisa, educa\u00e7\u00e3o e automa\u00e7\u00e3o industrial leve<\/span><\/b><span class=\"citation-145 citation-end-145\">.<\/span><\/p>","protected":false},"featured_media":21027,"comment_status":"open","ping_status":"closed","template":"","meta":[],"product_brand":[1046],"product_cat":[1043,1045,1042,1037],"product_tag":[1047,1054,1053],"class_list":{"0":"post-21022","1":"product","2":"type-product","3":"status-publish","4":"has-post-thumbnail","6":"product_brand-agilex","7":"product_cat-agilex","8":"product_cat-agilex-accessories","9":"product_cat-chassis","10":"product_cat-robotics","11":"product_tag-agilex","12":"product_tag-agilex-accessories","13":"product_tag-agilex-piper","15":"first","16":"onbackorder","17":"taxable","18":"shipping-taxable","19":"product-type-simple"},"yoast_head":"<!-- This site is optimized with the Yoast SEO plugin v27.4 - https:\/\/yoast.com\/product\/yoast-seo-wordpress\/ -->\n<title>Agilex Piper - Ghostysky<\/title>\n<meta name=\"robots\" content=\"index, follow, max-snippet:-1, max-image-preview:large, max-video-preview:-1\" \/>\n<link rel=\"canonical\" href=\"https:\/\/www.ghostysky.com\/pt\/produto-2\/agilex-piper\/\" \/>\n<meta property=\"og:locale\" content=\"pt_PT\" \/>\n<meta property=\"og:type\" content=\"article\" \/>\n<meta property=\"og:title\" content=\"Agilex Piper - Ghostysky\" \/>\n<meta property=\"og:description\" content=\"The Agilex PiPER is a compact and versatile 6-degree-of-freedom (DOF) robotic arm, designed to provide high precision and reliable control for a wide array of applications in research, education, and light industrial automation.\" \/>\n<meta property=\"og:url\" content=\"https:\/\/www.ghostysky.com\/pt\/produto-2\/agilex-piper\/\" \/>\n<meta property=\"og:site_name\" content=\"Ghostysky\" \/>\n<meta property=\"article:publisher\" content=\"https:\/\/www.facebook.com\/people\/Ghostysky\/100057676170234\/\" \/>\n<meta property=\"article:modified_time\" content=\"2026-02-23T13:20:37+00:00\" \/>\n<meta property=\"og:image\" content=\"https:\/\/www.ghostysky.com\/wp-content\/uploads\/2025\/10\/GH_Agilex-piper_3.webp\" \/>\n\t<meta property=\"og:image:width\" content=\"550\" \/>\n\t<meta property=\"og:image:height\" content=\"550\" \/>\n\t<meta property=\"og:image:type\" content=\"image\/webp\" \/>\n<meta name=\"twitter:card\" content=\"summary_large_image\" \/>\n<meta name=\"twitter:site\" content=\"@Gh0stysky\" \/>\n<meta name=\"twitter:label1\" content=\"Tempo estimado de leitura\" \/>\n\t<meta name=\"twitter:data1\" content=\"2 minutos\" \/>\n<script type=\"application\/ld+json\" class=\"yoast-schema-graph\">{\"@context\":\"https:\\\/\\\/schema.org\",\"@graph\":[{\"@type\":\"WebPage\",\"@id\":\"https:\\\/\\\/www.ghostysky.com\\\/product\\\/agilex-piper\\\/\",\"url\":\"https:\\\/\\\/www.ghostysky.com\\\/product\\\/agilex-piper\\\/\",\"name\":\"Agilex Piper - Ghostysky\",\"isPartOf\":{\"@id\":\"https:\\\/\\\/www.ghostysky.com\\\/#website\"},\"primaryImageOfPage\":{\"@id\":\"https:\\\/\\\/www.ghostysky.com\\\/product\\\/agilex-piper\\\/#primaryimage\"},\"image\":{\"@id\":\"https:\\\/\\\/www.ghostysky.com\\\/product\\\/agilex-piper\\\/#primaryimage\"},\"thumbnailUrl\":\"https:\\\/\\\/www.ghostysky.com\\\/wp-content\\\/uploads\\\/2025\\\/10\\\/GH_Agilex-piper_3.webp\",\"datePublished\":\"2025-10-15T11:20:55+00:00\",\"dateModified\":\"2026-02-23T13:20:37+00:00\",\"breadcrumb\":{\"@id\":\"https:\\\/\\\/www.ghostysky.com\\\/product\\\/agilex-piper\\\/#breadcrumb\"},\"inLanguage\":\"pt-PT\",\"potentialAction\":[{\"@type\":\"ReadAction\",\"target\":[\"https:\\\/\\\/www.ghostysky.com\\\/product\\\/agilex-piper\\\/\"]}]},{\"@type\":\"ImageObject\",\"inLanguage\":\"pt-PT\",\"@id\":\"https:\\\/\\\/www.ghostysky.com\\\/product\\\/agilex-piper\\\/#primaryimage\",\"url\":\"https:\\\/\\\/www.ghostysky.com\\\/wp-content\\\/uploads\\\/2025\\\/10\\\/GH_Agilex-piper_3.webp\",\"contentUrl\":\"https:\\\/\\\/www.ghostysky.com\\\/wp-content\\\/uploads\\\/2025\\\/10\\\/GH_Agilex-piper_3.webp\",\"width\":550,\"height\":550},{\"@type\":\"BreadcrumbList\",\"@id\":\"https:\\\/\\\/www.ghostysky.com\\\/product\\\/agilex-piper\\\/#breadcrumb\",\"itemListElement\":[{\"@type\":\"ListItem\",\"position\":1,\"name\":\"Home\",\"item\":\"https:\\\/\\\/www.ghostysky.com\\\/\"},{\"@type\":\"ListItem\",\"position\":2,\"name\":\"Shop\",\"item\":\"https:\\\/\\\/www.ghostysky.com\\\/shop\\\/\"},{\"@type\":\"ListItem\",\"position\":3,\"name\":\"Agilex Piper\"}]},{\"@type\":\"WebSite\",\"@id\":\"https:\\\/\\\/www.ghostysky.com\\\/#website\",\"url\":\"https:\\\/\\\/www.ghostysky.com\\\/\",\"name\":\"Ghostysky\",\"description\":\"Delivering professional drones and services\",\"publisher\":{\"@id\":\"https:\\\/\\\/www.ghostysky.com\\\/#organization\"},\"potentialAction\":[{\"@type\":\"SearchAction\",\"target\":{\"@type\":\"EntryPoint\",\"urlTemplate\":\"https:\\\/\\\/www.ghostysky.com\\\/?s={search_term_string}\"},\"query-input\":{\"@type\":\"PropertyValueSpecification\",\"valueRequired\":true,\"valueName\":\"search_term_string\"}}],\"inLanguage\":\"pt-PT\"},{\"@type\":\"Organization\",\"@id\":\"https:\\\/\\\/www.ghostysky.com\\\/#organization\",\"name\":\"Ghostysky\",\"url\":\"https:\\\/\\\/www.ghostysky.com\\\/\",\"logo\":{\"@type\":\"ImageObject\",\"inLanguage\":\"pt-PT\",\"@id\":\"https:\\\/\\\/www.ghostysky.com\\\/#\\\/schema\\\/logo\\\/image\\\/\",\"url\":\"https:\\\/\\\/www.ghostysky.com\\\/wp-content\\\/uploads\\\/2020\\\/06\\\/cropped-ghostyskylogo_text_white2.png\",\"contentUrl\":\"https:\\\/\\\/www.ghostysky.com\\\/wp-content\\\/uploads\\\/2020\\\/06\\\/cropped-ghostyskylogo_text_white2.png\",\"width\":169,\"height\":56,\"caption\":\"Ghostysky\"},\"image\":{\"@id\":\"https:\\\/\\\/www.ghostysky.com\\\/#\\\/schema\\\/logo\\\/image\\\/\"},\"sameAs\":[\"https:\\\/\\\/www.facebook.com\\\/people\\\/Ghostysky\\\/100057676170234\\\/\",\"https:\\\/\\\/x.com\\\/Gh0stysky\",\"https:\\\/\\\/www.linkedin.com\\\/company\\\/34739653\",\"https:\\\/\\\/www.instagram.com\\\/gh0stysky\"]}]}<\/script>\n<!-- \/ Yoast SEO plugin. -->","yoast_head_json":{"title":"Agilex Piper - Ghostysky","robots":{"index":"index","follow":"follow","max-snippet":"max-snippet:-1","max-image-preview":"max-image-preview:large","max-video-preview":"max-video-preview:-1"},"canonical":"https:\/\/www.ghostysky.com\/pt\/produto-2\/agilex-piper\/","og_locale":"pt_PT","og_type":"article","og_title":"Agilex Piper - Ghostysky","og_description":"The Agilex PiPER is a compact and versatile 6-degree-of-freedom (DOF) robotic arm, designed to provide high precision and reliable control for a wide array of applications in research, education, and light industrial automation.","og_url":"https:\/\/www.ghostysky.com\/pt\/produto-2\/agilex-piper\/","og_site_name":"Ghostysky","article_publisher":"https:\/\/www.facebook.com\/people\/Ghostysky\/100057676170234\/","article_modified_time":"2026-02-23T13:20:37+00:00","og_image":[{"width":550,"height":550,"url":"https:\/\/www.ghostysky.com\/wp-content\/uploads\/2025\/10\/GH_Agilex-piper_3.webp","type":"image\/webp"}],"twitter_card":"summary_large_image","twitter_site":"@Gh0stysky","twitter_misc":{"Tempo estimado de leitura":"2 minutos"},"schema":{"@context":"https:\/\/schema.org","@graph":[{"@type":"WebPage","@id":"https:\/\/www.ghostysky.com\/product\/agilex-piper\/","url":"https:\/\/www.ghostysky.com\/product\/agilex-piper\/","name":"Agilex Piper - Ghostysky","isPartOf":{"@id":"https:\/\/www.ghostysky.com\/#website"},"primaryImageOfPage":{"@id":"https:\/\/www.ghostysky.com\/product\/agilex-piper\/#primaryimage"},"image":{"@id":"https:\/\/www.ghostysky.com\/product\/agilex-piper\/#primaryimage"},"thumbnailUrl":"https:\/\/www.ghostysky.com\/wp-content\/uploads\/2025\/10\/GH_Agilex-piper_3.webp","datePublished":"2025-10-15T11:20:55+00:00","dateModified":"2026-02-23T13:20:37+00:00","breadcrumb":{"@id":"https:\/\/www.ghostysky.com\/product\/agilex-piper\/#breadcrumb"},"inLanguage":"pt-PT","potentialAction":[{"@type":"ReadAction","target":["https:\/\/www.ghostysky.com\/product\/agilex-piper\/"]}]},{"@type":"ImageObject","inLanguage":"pt-PT","@id":"https:\/\/www.ghostysky.com\/product\/agilex-piper\/#primaryimage","url":"https:\/\/www.ghostysky.com\/wp-content\/uploads\/2025\/10\/GH_Agilex-piper_3.webp","contentUrl":"https:\/\/www.ghostysky.com\/wp-content\/uploads\/2025\/10\/GH_Agilex-piper_3.webp","width":550,"height":550},{"@type":"BreadcrumbList","@id":"https:\/\/www.ghostysky.com\/product\/agilex-piper\/#breadcrumb","itemListElement":[{"@type":"ListItem","position":1,"name":"Home","item":"https:\/\/www.ghostysky.com\/"},{"@type":"ListItem","position":2,"name":"Shop","item":"https:\/\/www.ghostysky.com\/shop\/"},{"@type":"ListItem","position":3,"name":"Agilex Piper"}]},{"@type":"WebSite","@id":"https:\/\/www.ghostysky.com\/#website","url":"https:\/\/www.ghostysky.com\/","name":"Ghostysky","description":"Fornecendo drones e servi\u00e7os profissionais","publisher":{"@id":"https:\/\/www.ghostysky.com\/#organization"},"potentialAction":[{"@type":"SearchAction","target":{"@type":"EntryPoint","urlTemplate":"https:\/\/www.ghostysky.com\/?s={search_term_string}"},"query-input":{"@type":"PropertyValueSpecification","valueRequired":true,"valueName":"search_term_string"}}],"inLanguage":"pt-PT"},{"@type":"Organization","@id":"https:\/\/www.ghostysky.com\/#organization","name":"Ghostysky","url":"https:\/\/www.ghostysky.com\/","logo":{"@type":"ImageObject","inLanguage":"pt-PT","@id":"https:\/\/www.ghostysky.com\/#\/schema\/logo\/image\/","url":"https:\/\/www.ghostysky.com\/wp-content\/uploads\/2020\/06\/cropped-ghostyskylogo_text_white2.png","contentUrl":"https:\/\/www.ghostysky.com\/wp-content\/uploads\/2020\/06\/cropped-ghostyskylogo_text_white2.png","width":169,"height":56,"caption":"Ghostysky"},"image":{"@id":"https:\/\/www.ghostysky.com\/#\/schema\/logo\/image\/"},"sameAs":["https:\/\/www.facebook.com\/people\/Ghostysky\/100057676170234\/","https:\/\/x.com\/Gh0stysky","https:\/\/www.linkedin.com\/company\/34739653","https:\/\/www.instagram.com\/gh0stysky"]}]}},"_links":{"self":[{"href":"https:\/\/www.ghostysky.com\/pt\/wp-json\/wp\/v2\/product\/21022","targetHints":{"allow":["GET"]}}],"collection":[{"href":"https:\/\/www.ghostysky.com\/pt\/wp-json\/wp\/v2\/product"}],"about":[{"href":"https:\/\/www.ghostysky.com\/pt\/wp-json\/wp\/v2\/types\/product"}],"replies":[{"embeddable":true,"href":"https:\/\/www.ghostysky.com\/pt\/wp-json\/wp\/v2\/comments?post=21022"}],"version-history":[{"count":0,"href":"https:\/\/www.ghostysky.com\/pt\/wp-json\/wp\/v2\/product\/21022\/revisions"}],"wp:featuredmedia":[{"embeddable":true,"href":"https:\/\/www.ghostysky.com\/pt\/wp-json\/wp\/v2\/media\/21027"}],"wp:attachment":[{"href":"https:\/\/www.ghostysky.com\/pt\/wp-json\/wp\/v2\/media?parent=21022"}],"wp:term":[{"taxonomy":"product_brand","embeddable":true,"href":"https:\/\/www.ghostysky.com\/pt\/wp-json\/wp\/v2\/product_brand?post=21022"},{"taxonomy":"product_cat","embeddable":true,"href":"https:\/\/www.ghostysky.com\/pt\/wp-json\/wp\/v2\/product_cat?post=21022"},{"taxonomy":"product_tag","embeddable":true,"href":"https:\/\/www.ghostysky.com\/pt\/wp-json\/wp\/v2\/product_tag?post=21022"}],"curies":[{"name":"wp","href":"https:\/\/api.w.org\/{rel}","templated":true}]}}