{"id":21042,"date":"2025-10-15T11:43:06","date_gmt":"2025-10-15T11:43:06","guid":{"rendered":"https:\/\/www.ghostysky.com\/?post_type=product&#038;p=21042"},"modified":"2026-01-10T09:18:58","modified_gmt":"2026-01-10T09:18:58","slug":"agilex-hunter-2-0","status":"publish","type":"product","link":"https:\/\/www.ghostysky.com\/pt\/product\/agilex-hunter-2-0\/","title":{"rendered":"Agilex Hunter 2.0"},"content":{"rendered":"<p><b>Caracter\u00edsticas principais:<\/b><\/p>\n<ul>\n<li><b>Alta capacidade de carga \u00fatil:<\/b><span class=\"citation-177\"> Suporta uma carga \u00fatil substancial de at\u00e9 <\/span><b><span class=\"citation-177\">150 kg (330 libras)<\/span><\/b><span class=\"citation-177 citation-end-177\">, permitindo transporte eficiente e integra\u00e7\u00e3o de equipamentos pesados.<\/span><\/li>\n<li><b><span class=\"citation-176\">Transmiss\u00e3o e suspens\u00e3o robustas:<\/span><\/b><span class=\"citation-176\"> Utiliza <\/span><b><span class=\"citation-176\">dire\u00e7\u00e3o Ackermann de roda dianteira<\/span><\/b><span class=\"citation-176\"> e um <\/span><b><span class=\"citation-176\">sistema de suspens\u00e3o de balancim<\/span><\/b><span class=\"citation-176 citation-end-176\"> para navegar por obst\u00e1culos rodovi\u00e1rios comuns, como lombadas e inclina\u00e7\u00f5es de at\u00e9 <\/span><span class=\"math-inline\"><span class=\"katex\"><span class=\"katex-html\" aria-hidden=\"true\"><span class=\"base\"><span class=\"mord\">1<\/span><span class=\"mord\">0<span class=\"msupsub\"><span class=\"vlist-t\"><span class=\"vlist-r\"><span class=\"vlist\"><span class=\"\"><span class=\"sizing reset-size6 size3 mtight\"><span class=\"mbin mtight\">\u2218<\/span><\/span><\/span><\/span><\/span><\/span><\/span><\/span><\/span><\/span><\/span><\/span><span class=\"citation-175 citation-end-175\">, minimizando o desgaste dos pneus.<\/span> <span class=\"citation-174\">\u00c9 impulsionado por poderosos <\/span><b><span class=\"citation-174\">servo motores duplos de 400 W<\/span><\/b><span class=\"citation-174 citation-end-174\">.<\/span><\/li>\n<li><b>Excelente resist\u00eancia:<\/b><span class=\"citation-173 citation-end-173\"> O padr\u00e3o <\/span><span class=\"math-inline\"><span class=\"katex\"><span class=\"katex-html\" aria-hidden=\"true\"><span class=\"base\"><span class=\"mord\">24<\/span><span class=\"mord mathnormal\">V<\/span><span class=\"mord\">30<\/span><span class=\"mord mathnormal\">UMA<\/span><span class=\"mord mathnormal\">h<\/span><\/span><\/span><\/span><\/span><span class=\"citation-172\"> a bateria fornece uma faixa sem carga de <\/span><b><span class=\"citation-172\">22 km (13,6 milhas)<\/span><\/b><span class=\"citation-172\">, que pode ser estendido at\u00e9 <\/span><b><span class=\"citation-172\">40 km (24,9 milhas)<\/span><\/b><span class=\"citation-172 citation-end-172\"> com um opcional <\/span><span class=\"math-inline\"><span class=\"katex\"><span class=\"katex-html\" aria-hidden=\"true\"><span class=\"base\"><span class=\"mord\">24<\/span><span class=\"mord mathnormal\">V<\/span><span class=\"mord\">60<\/span><span class=\"mord mathnormal\">UMA<\/span><span class=\"mord mathnormal\">h<\/span><\/span><\/span><\/span><\/span><span class=\"citation-171 citation-end-171\"> atualiza\u00e7\u00e3o da bateria.<\/span> <span class=\"citation-170 citation-end-170\">O compartimento de bateria revolucion\u00e1rio permite uma substitui\u00e7\u00e3o r\u00e1pida.<\/span><\/li>\n<li><b>Estacionamento seguro com desligamento autom\u00e1tico:<\/b><span class=\"citation-169 citation-end-169\"> Um sistema especialmente projetado garante estacionamento confi\u00e1vel e est\u00e1vel, mesmo em declives, bloqueando as rodas em caso de perda de pot\u00eancia ou mau funcionamento<\/span><\/li>\n<li><b>Desenvolvimento Secund\u00e1rio R\u00e1pido:<\/b><span class=\"citation-168\"> Apresenta um <\/span><b><span class=\"citation-168\">Interface de barramento CAN<\/span><\/b><span class=\"citation-168\"> e inclui c\u00f3digo aberto <\/span><b><span class=\"citation-168\">Pacotes C++ e ROS<\/span><\/b><span class=\"citation-168 citation-end-168\"> (Sistema Operacional de Rob\u00f3tica) para facilitar o r\u00e1pido desenvolvimento e integra\u00e7\u00e3o.<\/span> <span class=\"citation-167\">O topo da plataforma est\u00e1 equipado com <\/span><b><span class=\"citation-167\">trilhos de alum\u00ednio com ranhura em T<\/span><\/b><span class=\"citation-167 citation-end-167\"> para montagem f\u00e1cil e segura de sensores, plataformas de computa\u00e7\u00e3o e outros equipamentos externos.<\/span><\/li>\n<li><b>Desempenho personaliz\u00e1vel:<\/b><span class=\"citation-166 citation-end-166\"> A velocidade m\u00e1xima padr\u00e3o \u00e9 <\/span><span class=\"math-inline\"><span class=\"katex\"><span class=\"katex-html\" aria-hidden=\"true\"><span class=\"base\"><span class=\"mord\">6<\/span><span class=\"mord mathnormal\">quil\u00f4metros<\/span><span class=\"mord\">\/<\/span><span class=\"mord mathnormal\">h<\/span><\/span><\/span><\/span><\/span><span class=\"citation-165 citation-end-165\">, com a op\u00e7\u00e3o de personaliz\u00e1-lo e atualiz\u00e1-lo at\u00e9 <\/span><b><span class=\"math-inline\"><span class=\"katex\"><span class=\"katex-html\" aria-hidden=\"true\"><span class=\"base\"><span class=\"mord\">10<\/span><span class=\"mord mathnormal\">quil\u00f4metros<\/span><span class=\"mord\">\/<\/span><span class=\"mord mathnormal\">h<\/span><\/span><\/span><\/span><\/span><\/b><span class=\"citation-164 citation-end-164\"> para atender a diversas aplica\u00e7\u00f5es industriais e de dire\u00e7\u00e3o aut\u00f4noma.<\/span><\/li>\n<\/ul>\n<p><span class=\"citation-163\">O Hunter 2.0 \u00e9 uma plataforma vers\u00e1til perfeitamente adequada para aplica\u00e7\u00f5es em <\/span><b><span class=\"citation-163 citation-end-163\">inspe\u00e7\u00e3o aut\u00f4noma, log\u00edstica\/transporte de materiais, patrulha de seguran\u00e7a, pesquisa acad\u00eamica e governo\/servi\u00e7o p\u00fablico.<\/span><\/b><\/p>","protected":false},"excerpt":{"rendered":"<p><span class=\"citation-179\">O <\/span><b><span class=\"citation-179\">Agilex Hunter 2.0<\/span><\/b><span class=\"citation-179\"> \u00e9 um Ve\u00edculo Terrestre N\u00e3o Tripulado (UGV) robusto e de peso m\u00e9dio, projetado para <\/span><b><span class=\"citation-179\">cen\u00e1rios de dire\u00e7\u00e3o aut\u00f4noma de baixa velocidade<\/span><\/b><span class=\"citation-179 citation-end-179\"> que exigem alta capacidade de carga, resist\u00eancia superior e excelente adaptabilidade.<\/span><\/p>\n<p><span class=\"citation-178\">Constru\u00eddo sobre um <\/span><b><span class=\"citation-178\">Modelo de dire\u00e7\u00e3o Ackermann<\/span><\/b><span class=\"citation-178\"> semelhante a um carro, este chassi de rob\u00f4 m\u00f3vel program\u00e1vel apresenta um design dur\u00e1vel, <\/span><b><span class=\"citation-178\">corpo todo em a\u00e7o<\/span><\/b><span class=\"citation-178 citation-end-178\"> e um sistema de energia avan\u00e7ado, tornando-o ideal para trabalhos de alta intensidade tanto em ambientes internos quanto externos, especialmente em estradas de concreto e asfalto.<\/span><\/p>","protected":false},"featured_media":21044,"comment_status":"open","ping_status":"closed","template":"","meta":[],"product_brand":[1046],"product_cat":[1043,1044,1042,1037],"product_tag":[1047,1055,1052,1056],"class_list":{"0":"post-21042","1":"product","2":"type-product","3":"status-publish","4":"has-post-thumbnail","6":"product_brand-agilex","7":"product_cat-agilex","8":"product_cat-agilex-robots","9":"product_cat-chassis","10":"product_cat-robotics","11":"product_tag-agilex","12":"product_tag-agilex-chassis","13":"product_tag-agilex-robots","14":"product_tag-hunter2-0","16":"first","17":"onbackorder","18":"taxable","19":"shipping-taxable","20":"product-type-simple"},"yoast_head":"<!-- This site is optimized with the Yoast SEO plugin v27.1.1 - https:\/\/yoast.com\/product\/yoast-seo-wordpress\/ -->\n<title>Agilex Hunter 2.0 - Ghostysky<\/title>\n<meta name=\"description\" content=\"The Agilex Hunter 2.0 is a robust, mid-weight Unmanned Ground Vehicle (UGV) engineered for low-speed autonomous driving scenarios that demand high payload capacity, superior endurance, and excellent adaptability.\" \/>\n<meta name=\"robots\" content=\"index, follow, max-snippet:-1, max-image-preview:large, max-video-preview:-1\" \/>\n<link rel=\"canonical\" href=\"https:\/\/www.ghostysky.com\/pt\/produto-2\/agilex-hunter-2-0\/\" \/>\n<meta property=\"og:locale\" content=\"pt_PT\" \/>\n<meta property=\"og:type\" content=\"article\" \/>\n<meta property=\"og:title\" content=\"Agilex Hunter 2.0 - Ghostysky\" \/>\n<meta property=\"og:description\" content=\"The Agilex Hunter 2.0 is a robust, mid-weight Unmanned Ground Vehicle (UGV) engineered for low-speed autonomous driving scenarios that demand high payload capacity, superior endurance, and excellent adaptability.\" \/>\n<meta property=\"og:url\" content=\"https:\/\/www.ghostysky.com\/pt\/produto-2\/agilex-hunter-2-0\/\" \/>\n<meta property=\"og:site_name\" content=\"Ghostysky\" \/>\n<meta property=\"article:publisher\" content=\"https:\/\/www.facebook.com\/people\/Ghostysky\/100057676170234\/\" \/>\n<meta property=\"article:modified_time\" content=\"2026-01-10T09:18:58+00:00\" \/>\n<meta property=\"og:image\" content=\"https:\/\/www.ghostysky.com\/wp-content\/uploads\/2025\/10\/GH_Agilex_Hunter2.0_1.webp\" \/>\n\t<meta property=\"og:image:width\" content=\"600\" \/>\n\t<meta property=\"og:image:height\" content=\"600\" \/>\n\t<meta property=\"og:image:type\" content=\"image\/webp\" \/>\n<meta name=\"twitter:card\" content=\"summary_large_image\" \/>\n<meta name=\"twitter:site\" content=\"@Gh0stysky\" \/>\n<meta name=\"twitter:label1\" content=\"Tempo estimado de leitura\" \/>\n\t<meta name=\"twitter:data1\" content=\"2 minutos\" \/>\n<script type=\"application\/ld+json\" class=\"yoast-schema-graph\">{\"@context\":\"https:\/\/schema.org\",\"@graph\":[{\"@type\":\"WebPage\",\"@id\":\"https:\/\/www.ghostysky.com\/product\/agilex-hunter-2-0\/\",\"url\":\"https:\/\/www.ghostysky.com\/product\/agilex-hunter-2-0\/\",\"name\":\"Agilex Hunter 2.0 - Ghostysky\",\"isPartOf\":{\"@id\":\"https:\/\/www.ghostysky.com\/#website\"},\"primaryImageOfPage\":{\"@id\":\"https:\/\/www.ghostysky.com\/product\/agilex-hunter-2-0\/#primaryimage\"},\"image\":{\"@id\":\"https:\/\/www.ghostysky.com\/product\/agilex-hunter-2-0\/#primaryimage\"},\"thumbnailUrl\":\"https:\/\/www.ghostysky.com\/wp-content\/uploads\/2025\/10\/GH_Agilex_Hunter2.0_1.webp\",\"datePublished\":\"2025-10-15T11:43:06+00:00\",\"dateModified\":\"2026-01-10T09:18:58+00:00\",\"description\":\"The Agilex Hunter 2.0 is a robust, mid-weight Unmanned Ground Vehicle (UGV) engineered for low-speed autonomous driving scenarios that demand high payload capacity, superior endurance, and excellent adaptability.\",\"breadcrumb\":{\"@id\":\"https:\/\/www.ghostysky.com\/product\/agilex-hunter-2-0\/#breadcrumb\"},\"inLanguage\":\"pt-PT\",\"potentialAction\":[{\"@type\":\"ReadAction\",\"target\":[\"https:\/\/www.ghostysky.com\/product\/agilex-hunter-2-0\/\"]}]},{\"@type\":\"ImageObject\",\"inLanguage\":\"pt-PT\",\"@id\":\"https:\/\/www.ghostysky.com\/product\/agilex-hunter-2-0\/#primaryimage\",\"url\":\"https:\/\/www.ghostysky.com\/wp-content\/uploads\/2025\/10\/GH_Agilex_Hunter2.0_1.webp\",\"contentUrl\":\"https:\/\/www.ghostysky.com\/wp-content\/uploads\/2025\/10\/GH_Agilex_Hunter2.0_1.webp\",\"width\":600,\"height\":600},{\"@type\":\"BreadcrumbList\",\"@id\":\"https:\/\/www.ghostysky.com\/product\/agilex-hunter-2-0\/#breadcrumb\",\"itemListElement\":[{\"@type\":\"ListItem\",\"position\":1,\"name\":\"Home\",\"item\":\"https:\/\/www.ghostysky.com\/\"},{\"@type\":\"ListItem\",\"position\":2,\"name\":\"Shop\",\"item\":\"https:\/\/www.ghostysky.com\/shop\/\"},{\"@type\":\"ListItem\",\"position\":3,\"name\":\"Agilex Hunter 2.0\"}]},{\"@type\":\"WebSite\",\"@id\":\"https:\/\/www.ghostysky.com\/#website\",\"url\":\"https:\/\/www.ghostysky.com\/\",\"name\":\"Ghostysky\",\"description\":\"Delivering professional drones and services\",\"publisher\":{\"@id\":\"https:\/\/www.ghostysky.com\/#organization\"},\"potentialAction\":[{\"@type\":\"SearchAction\",\"target\":{\"@type\":\"EntryPoint\",\"urlTemplate\":\"https:\/\/www.ghostysky.com\/?s={search_term_string}\"},\"query-input\":{\"@type\":\"PropertyValueSpecification\",\"valueRequired\":true,\"valueName\":\"search_term_string\"}}],\"inLanguage\":\"pt-PT\"},{\"@type\":\"Organization\",\"@id\":\"https:\/\/www.ghostysky.com\/#organization\",\"name\":\"Ghostysky\",\"url\":\"https:\/\/www.ghostysky.com\/\",\"logo\":{\"@type\":\"ImageObject\",\"inLanguage\":\"pt-PT\",\"@id\":\"https:\/\/www.ghostysky.com\/#\/schema\/logo\/image\/\",\"url\":\"https:\/\/www.ghostysky.com\/wp-content\/uploads\/2020\/06\/cropped-ghostyskylogo_text_white2.png\",\"contentUrl\":\"https:\/\/www.ghostysky.com\/wp-content\/uploads\/2020\/06\/cropped-ghostyskylogo_text_white2.png\",\"width\":169,\"height\":56,\"caption\":\"Ghostysky\"},\"image\":{\"@id\":\"https:\/\/www.ghostysky.com\/#\/schema\/logo\/image\/\"},\"sameAs\":[\"https:\/\/www.facebook.com\/people\/Ghostysky\/100057676170234\/\",\"https:\/\/x.com\/Gh0stysky\",\"https:\/\/www.linkedin.com\/company\/34739653\",\"https:\/\/www.instagram.com\/gh0stysky\"]}]}<\/script>\n<!-- \/ Yoast SEO plugin. -->","yoast_head_json":{"title":"Agilex Hunter 2.0 - Ghostysky","description":"O Agilex Hunter 2.0 \u00e9 um Ve\u00edculo Terrestre N\u00e3o Tripulado (UGV) robusto e de peso m\u00e9dio, projetado para cen\u00e1rios de dire\u00e7\u00e3o aut\u00f4noma de baixa velocidade que exigem alta capacidade de carga, resist\u00eancia superior e excelente adaptabilidade.","robots":{"index":"index","follow":"follow","max-snippet":"max-snippet:-1","max-image-preview":"max-image-preview:large","max-video-preview":"max-video-preview:-1"},"canonical":"https:\/\/www.ghostysky.com\/pt\/produto-2\/agilex-hunter-2-0\/","og_locale":"pt_PT","og_type":"article","og_title":"Agilex Hunter 2.0 - Ghostysky","og_description":"The Agilex Hunter 2.0 is a robust, mid-weight Unmanned Ground Vehicle (UGV) engineered for low-speed autonomous driving scenarios that demand high payload capacity, superior endurance, and excellent adaptability.","og_url":"https:\/\/www.ghostysky.com\/pt\/produto-2\/agilex-hunter-2-0\/","og_site_name":"Ghostysky","article_publisher":"https:\/\/www.facebook.com\/people\/Ghostysky\/100057676170234\/","article_modified_time":"2026-01-10T09:18:58+00:00","og_image":[{"width":600,"height":600,"url":"https:\/\/www.ghostysky.com\/wp-content\/uploads\/2025\/10\/GH_Agilex_Hunter2.0_1.webp","type":"image\/webp"}],"twitter_card":"summary_large_image","twitter_site":"@Gh0stysky","twitter_misc":{"Tempo estimado de leitura":"2 minutos"},"schema":{"@context":"https:\/\/schema.org","@graph":[{"@type":"WebPage","@id":"https:\/\/www.ghostysky.com\/product\/agilex-hunter-2-0\/","url":"https:\/\/www.ghostysky.com\/product\/agilex-hunter-2-0\/","name":"Agilex Hunter 2.0 - Ghostysky","isPartOf":{"@id":"https:\/\/www.ghostysky.com\/#website"},"primaryImageOfPage":{"@id":"https:\/\/www.ghostysky.com\/product\/agilex-hunter-2-0\/#primaryimage"},"image":{"@id":"https:\/\/www.ghostysky.com\/product\/agilex-hunter-2-0\/#primaryimage"},"thumbnailUrl":"https:\/\/www.ghostysky.com\/wp-content\/uploads\/2025\/10\/GH_Agilex_Hunter2.0_1.webp","datePublished":"2025-10-15T11:43:06+00:00","dateModified":"2026-01-10T09:18:58+00:00","description":"O Agilex Hunter 2.0 \u00e9 um Ve\u00edculo Terrestre N\u00e3o Tripulado (UGV) robusto e de peso m\u00e9dio, projetado para cen\u00e1rios de dire\u00e7\u00e3o aut\u00f4noma de baixa velocidade que exigem alta capacidade de carga, resist\u00eancia superior e excelente adaptabilidade.","breadcrumb":{"@id":"https:\/\/www.ghostysky.com\/product\/agilex-hunter-2-0\/#breadcrumb"},"inLanguage":"pt-PT","potentialAction":[{"@type":"ReadAction","target":["https:\/\/www.ghostysky.com\/product\/agilex-hunter-2-0\/"]}]},{"@type":"ImageObject","inLanguage":"pt-PT","@id":"https:\/\/www.ghostysky.com\/product\/agilex-hunter-2-0\/#primaryimage","url":"https:\/\/www.ghostysky.com\/wp-content\/uploads\/2025\/10\/GH_Agilex_Hunter2.0_1.webp","contentUrl":"https:\/\/www.ghostysky.com\/wp-content\/uploads\/2025\/10\/GH_Agilex_Hunter2.0_1.webp","width":600,"height":600},{"@type":"BreadcrumbList","@id":"https:\/\/www.ghostysky.com\/product\/agilex-hunter-2-0\/#breadcrumb","itemListElement":[{"@type":"ListItem","position":1,"name":"Home","item":"https:\/\/www.ghostysky.com\/"},{"@type":"ListItem","position":2,"name":"Shop","item":"https:\/\/www.ghostysky.com\/shop\/"},{"@type":"ListItem","position":3,"name":"Agilex Hunter 2.0"}]},{"@type":"WebSite","@id":"https:\/\/www.ghostysky.com\/#website","url":"https:\/\/www.ghostysky.com\/","name":"Ghostysky","description":"Fornecendo drones e servi\u00e7os profissionais","publisher":{"@id":"https:\/\/www.ghostysky.com\/#organization"},"potentialAction":[{"@type":"SearchAction","target":{"@type":"EntryPoint","urlTemplate":"https:\/\/www.ghostysky.com\/?s={search_term_string}"},"query-input":{"@type":"PropertyValueSpecification","valueRequired":true,"valueName":"search_term_string"}}],"inLanguage":"pt-PT"},{"@type":"Organization","@id":"https:\/\/www.ghostysky.com\/#organization","name":"Ghostysky","url":"https:\/\/www.ghostysky.com\/","logo":{"@type":"ImageObject","inLanguage":"pt-PT","@id":"https:\/\/www.ghostysky.com\/#\/schema\/logo\/image\/","url":"https:\/\/www.ghostysky.com\/wp-content\/uploads\/2020\/06\/cropped-ghostyskylogo_text_white2.png","contentUrl":"https:\/\/www.ghostysky.com\/wp-content\/uploads\/2020\/06\/cropped-ghostyskylogo_text_white2.png","width":169,"height":56,"caption":"Ghostysky"},"image":{"@id":"https:\/\/www.ghostysky.com\/#\/schema\/logo\/image\/"},"sameAs":["https:\/\/www.facebook.com\/people\/Ghostysky\/100057676170234\/","https:\/\/x.com\/Gh0stysky","https:\/\/www.linkedin.com\/company\/34739653","https:\/\/www.instagram.com\/gh0stysky"]}]}},"_links":{"self":[{"href":"https:\/\/www.ghostysky.com\/pt\/wp-json\/wp\/v2\/product\/21042","targetHints":{"allow":["GET"]}}],"collection":[{"href":"https:\/\/www.ghostysky.com\/pt\/wp-json\/wp\/v2\/product"}],"about":[{"href":"https:\/\/www.ghostysky.com\/pt\/wp-json\/wp\/v2\/types\/product"}],"replies":[{"embeddable":true,"href":"https:\/\/www.ghostysky.com\/pt\/wp-json\/wp\/v2\/comments?post=21042"}],"wp:featuredmedia":[{"embeddable":true,"href":"https:\/\/www.ghostysky.com\/pt\/wp-json\/wp\/v2\/media\/21044"}],"wp:attachment":[{"href":"https:\/\/www.ghostysky.com\/pt\/wp-json\/wp\/v2\/media?parent=21042"}],"wp:term":[{"taxonomy":"product_brand","embeddable":true,"href":"https:\/\/www.ghostysky.com\/pt\/wp-json\/wp\/v2\/product_brand?post=21042"},{"taxonomy":"product_cat","embeddable":true,"href":"https:\/\/www.ghostysky.com\/pt\/wp-json\/wp\/v2\/product_cat?post=21042"},{"taxonomy":"product_tag","embeddable":true,"href":"https:\/\/www.ghostysky.com\/pt\/wp-json\/wp\/v2\/product_tag?post=21042"}],"curies":[{"name":"wp","href":"https:\/\/api.w.org\/{rel}","templated":true}]}}