{"id":21064,"date":"2025-10-15T12:36:18","date_gmt":"2025-10-15T12:36:18","guid":{"rendered":"https:\/\/www.ghostysky.com\/?post_type=product&#038;p=21064"},"modified":"2026-01-10T09:56:58","modified_gmt":"2026-01-10T09:56:58","slug":"agilex-ranger","status":"publish","type":"product","link":"https:\/\/www.ghostysky.com\/pt\/product\/agilex-ranger\/","title":{"rendered":"Agilex Ranger"},"content":{"rendered":"<h3><b>Caracter\u00edsticas principais<\/b><\/h3>\n<ul>\n<li><b><span class=\"citation-261\">Mobilidade omnidirecional:<\/span><\/b><span class=\"citation-261\"> Apresenta um <\/span><b><span class=\"citation-261\">Raio de giro zero<\/span><\/b><span class=\"citation-261 citation-end-261\"> e um sofisticado sistema de suspens\u00e3o e tra\u00e7\u00e3o independente nas quatro rodas, permitindo movimentos flex\u00edveis e \u00e1geis em todas as dire\u00e7\u00f5es, mesmo em espa\u00e7os confinados.<\/span><\/li>\n<li><b>Alta capacidade de carga \u00fatil:<\/b><span class=\"citation-260\"> Constru\u00eddo para lidar com tarefas pesadas com uma substancial <\/span><b><span class=\"citation-260\">Capacidade de carga \u00fatil de 150 kg<\/span><\/b><span class=\"citation-260 citation-end-260\">, tornando-o ideal para transportar equipamentos pesados, sensores ou materiais<\/span><\/li>\n<li><b>Opera\u00e7\u00e3o robusta em ambientes internos e externos:<\/b> Com um <b>Classifica\u00e7\u00e3o de prote\u00e7\u00e3o IP55<\/b>, o Ranger \u00e9 \u00e0 prova de poeira e \u00e1gua, garantindo desempenho confi\u00e1vel em diversos ambientes, desde instala\u00e7\u00f5es de fabrica\u00e7\u00e3o e armaz\u00e9ns at\u00e9 canteiros de obras e locais agr\u00edcolas.<\/li>\n<li><b><span class=\"citation-259\">Modular e personaliz\u00e1vel:<\/span><\/b><span class=\"citation-259\"> Projetada para desenvolvimento secund\u00e1rio r\u00e1pido, a plataforma apresenta <\/span><b><span class=\"citation-259\">trilhos de alum\u00ednio com ranhura em T<\/span><\/b><span class=\"citation-259 citation-end-259\"> para f\u00e1cil integra\u00e7\u00e3o de m\u00f3dulos adicionais, sensores (LiDAR, c\u00e2meras, IMU) e estruturas de carga superior personalizadas.<\/span><\/li>\n<li><b>Compat\u00edvel com c\u00f3digo aberto e ROS:<\/b><span class=\"citation-258\"> Suportes <\/span><b><span class=\"citation-258\">ROS (Sistema Operacional de Rob\u00f4s)<\/span><\/b><span class=\"citation-258\"> e <\/span><b><span class=\"citation-258\">ROS 2<\/span><\/b><span class=\"citation-258\">, com SDKs de c\u00f3digo aberto e comunica\u00e7\u00e3o via <\/span><b><span class=\"citation-258\">Protocolo de barramento CAN<\/span><\/b><span class=\"citation-258 citation-end-258\">, facilitando a integra\u00e7\u00e3o perfeita e a programa\u00e7\u00e3o avan\u00e7ada.<\/span><\/li>\n<li><b>Sistema de bateria hot-swappable:<\/b><span class=\"citation-257\"> Utiliza um <\/span><b><span class=\"citation-257\">sistema de bateria de l\u00edtio intercambi\u00e1vel a quente<\/span><\/b><span class=\"citation-257\"> (com suporte para at\u00e9 4 baterias) para minimizar o tempo de inatividade e garantir opera\u00e7\u00e3o cont\u00ednua por um tempo de execu\u00e7\u00e3o prolongado de <\/span><b><span class=\"citation-257\">2 a 8 horas<\/span><\/b><span class=\"citation-257 citation-end-257\">.<\/span>\n<div class=\"source-inline-chip-container ng-star-inserted\"><\/div>\n<\/li>\n<\/ul>\n<h3><b>Especifica\u00e7\u00f5es T\u00e9cnicas (Aproximadas)<\/b><\/h3>\n<ul>\n<li><b><span class=\"citation-256\">Capacidade de carga \u00fatil:<\/span><\/b><span class=\"citation-256 citation-end-256\"> 150 kg<\/span><\/li>\n<li><b>Velocidade m\u00e1xima:<\/b><span class=\"citation-255 citation-end-255\"> At\u00e9 2,6 m\/s (aprox.<\/span> 9,36 km\/h)<\/li>\n<li><b>Capacidade de escalada:<\/b><span class=\"citation-254 citation-end-254\"> Inclina\u00e7\u00e3o de at\u00e9 10\u00b0<\/span><\/li>\n<li><b><span class=\"citation-253\">Desobstru\u00e7\u00e3o de obst\u00e1culos:<\/span><\/b><span class=\"citation-253 citation-end-253\"> 100 mil\u00edmetros<\/span><\/li>\n<li><b><span class=\"citation-252\">Prote\u00e7\u00e3o de entrada:<\/span><\/b><span class=\"citation-252 citation-end-252\"> IP55<\/span><\/li>\n<li><b>Tempo de execu\u00e7\u00e3o:<\/b><span class=\"citation-251 citation-end-251\"> 2\u20138 horas (dependendo da configura\u00e7\u00e3o e carga da bateria)<\/span><\/li>\n<li><b><span class=\"citation-250\">Raio de giro:<\/span><\/b><span class=\"citation-250 citation-end-250\"> 0 (Zero)<\/span>\n<div class=\"source-inline-chip-container ng-star-inserted\"><\/div>\n<\/li>\n<\/ul>\n<h3><b>Aplica\u00e7\u00f5es ideais<\/b><\/h3>\n<p><span class=\"citation-249 citation-end-249\">Automa\u00e7\u00e3o Industrial, Log\u00edstica e Gest\u00e3o de Armaz\u00e9ns, Pesquisa e Desenvolvimento, Inspe\u00e7\u00e3o e Vigil\u00e2ncia, Constru\u00e7\u00e3o e Agricultura.<\/span><\/p>","protected":false},"excerpt":{"rendered":"<p><span class=\"citation-263\">O <\/span><b><span class=\"citation-263\">AgileX Ranger<\/span><\/b><span class=\"citation-263 citation-end-263\"> \u00e9 um Ve\u00edculo Terrestre N\u00e3o Tripulado (UGV) robusto e altamente \u00e1gil, projetado para aplica\u00e7\u00f5es industriais, log\u00edsticas e de pesquisa exigentes.<\/span> <span class=\"citation-262 citation-end-262\">Como o maior e mais capaz UGV omnidirecional da AgileX Robotics, ele se destaca na navega\u00e7\u00e3o em ambientes internos e externos complexos, ao mesmo tempo em que transporta cargas \u00fateis substanciais.<\/span><\/p>","protected":false},"featured_media":21069,"comment_status":"open","ping_status":"closed","template":"","meta":[],"product_brand":[1046],"product_cat":[1043,1044,1042,1037],"product_tag":[1047,1055,1060,1059],"class_list":{"0":"post-21064","1":"product","2":"type-product","3":"status-publish","4":"has-post-thumbnail","6":"product_brand-agilex","7":"product_cat-agilex","8":"product_cat-agilex-robots","9":"product_cat-chassis","10":"product_cat-robotics","11":"product_tag-agilex","12":"product_tag-agilex-chassis","13":"product_tag-agilex-ranger","14":"product_tag-agilex-robot","16":"first","17":"onbackorder","18":"taxable","19":"shipping-taxable","20":"purchasable","21":"product-type-simple"},"yoast_head":"<!-- This site is optimized with the Yoast SEO plugin v27.1.1 - https:\/\/yoast.com\/product\/yoast-seo-wordpress\/ -->\n<title>Agilex Ranger - Ghostysky<\/title>\n<meta name=\"description\" content=\"The AgileX Ranger is a robust and highly agile Unmanned Ground Vehicle (UGV) designed for demanding industrial, logistics, and research applications. As AgileX Robotics&#039; largest and most capable omnidirectional UGV, it excels at navigating complex indoor and outdoor environments while transporting substantial payloads.\" \/>\n<meta name=\"robots\" content=\"index, follow, max-snippet:-1, max-image-preview:large, max-video-preview:-1\" \/>\n<link rel=\"canonical\" href=\"https:\/\/www.ghostysky.com\/pt\/produto-2\/agilex-ranger\/\" \/>\n<meta property=\"og:locale\" content=\"pt_PT\" \/>\n<meta property=\"og:type\" content=\"article\" \/>\n<meta property=\"og:title\" content=\"Agilex Ranger - Ghostysky\" \/>\n<meta property=\"og:description\" content=\"The AgileX Ranger is a robust and highly agile Unmanned Ground Vehicle (UGV) designed for demanding industrial, logistics, and research applications. As AgileX Robotics&#039; largest and most capable omnidirectional UGV, it excels at navigating complex indoor and outdoor environments while transporting substantial payloads.\" \/>\n<meta property=\"og:url\" content=\"https:\/\/www.ghostysky.com\/pt\/produto-2\/agilex-ranger\/\" \/>\n<meta property=\"og:site_name\" content=\"Ghostysky\" \/>\n<meta property=\"article:publisher\" content=\"https:\/\/www.facebook.com\/people\/Ghostysky\/100057676170234\/\" \/>\n<meta property=\"article:modified_time\" content=\"2026-01-10T09:56:58+00:00\" \/>\n<meta property=\"og:image\" content=\"https:\/\/www.ghostysky.com\/wp-content\/uploads\/2025\/10\/GH_AgilexRanger_1.webp\" \/>\n\t<meta property=\"og:image:width\" content=\"2400\" \/>\n\t<meta property=\"og:image:height\" content=\"2400\" \/>\n\t<meta property=\"og:image:type\" content=\"image\/webp\" \/>\n<meta name=\"twitter:card\" content=\"summary_large_image\" \/>\n<meta name=\"twitter:site\" content=\"@Gh0stysky\" \/>\n<meta name=\"twitter:label1\" content=\"Tempo estimado de leitura\" \/>\n\t<meta name=\"twitter:data1\" content=\"2 minutos\" \/>\n<script type=\"application\/ld+json\" class=\"yoast-schema-graph\">{\"@context\":\"https:\/\/schema.org\",\"@graph\":[{\"@type\":\"WebPage\",\"@id\":\"https:\/\/www.ghostysky.com\/product\/agilex-ranger\/\",\"url\":\"https:\/\/www.ghostysky.com\/product\/agilex-ranger\/\",\"name\":\"Agilex Ranger - Ghostysky\",\"isPartOf\":{\"@id\":\"https:\/\/www.ghostysky.com\/#website\"},\"primaryImageOfPage\":{\"@id\":\"https:\/\/www.ghostysky.com\/product\/agilex-ranger\/#primaryimage\"},\"image\":{\"@id\":\"https:\/\/www.ghostysky.com\/product\/agilex-ranger\/#primaryimage\"},\"thumbnailUrl\":\"https:\/\/www.ghostysky.com\/wp-content\/uploads\/2025\/10\/GH_AgilexRanger_1.webp\",\"datePublished\":\"2025-10-15T12:36:18+00:00\",\"dateModified\":\"2026-01-10T09:56:58+00:00\",\"description\":\"The AgileX Ranger is a robust and highly agile Unmanned Ground Vehicle (UGV) designed for demanding industrial, logistics, and research applications. As AgileX Robotics' largest and most capable omnidirectional UGV, it excels at navigating complex indoor and outdoor environments while transporting substantial payloads.\",\"breadcrumb\":{\"@id\":\"https:\/\/www.ghostysky.com\/product\/agilex-ranger\/#breadcrumb\"},\"inLanguage\":\"pt-PT\",\"potentialAction\":[{\"@type\":\"ReadAction\",\"target\":[\"https:\/\/www.ghostysky.com\/product\/agilex-ranger\/\"]}]},{\"@type\":\"ImageObject\",\"inLanguage\":\"pt-PT\",\"@id\":\"https:\/\/www.ghostysky.com\/product\/agilex-ranger\/#primaryimage\",\"url\":\"https:\/\/www.ghostysky.com\/wp-content\/uploads\/2025\/10\/GH_AgilexRanger_1.webp\",\"contentUrl\":\"https:\/\/www.ghostysky.com\/wp-content\/uploads\/2025\/10\/GH_AgilexRanger_1.webp\",\"width\":2400,\"height\":2400},{\"@type\":\"BreadcrumbList\",\"@id\":\"https:\/\/www.ghostysky.com\/product\/agilex-ranger\/#breadcrumb\",\"itemListElement\":[{\"@type\":\"ListItem\",\"position\":1,\"name\":\"Home\",\"item\":\"https:\/\/www.ghostysky.com\/\"},{\"@type\":\"ListItem\",\"position\":2,\"name\":\"Shop\",\"item\":\"https:\/\/www.ghostysky.com\/shop\/\"},{\"@type\":\"ListItem\",\"position\":3,\"name\":\"Agilex Ranger\"}]},{\"@type\":\"WebSite\",\"@id\":\"https:\/\/www.ghostysky.com\/#website\",\"url\":\"https:\/\/www.ghostysky.com\/\",\"name\":\"Ghostysky\",\"description\":\"Delivering professional drones and services\",\"publisher\":{\"@id\":\"https:\/\/www.ghostysky.com\/#organization\"},\"potentialAction\":[{\"@type\":\"SearchAction\",\"target\":{\"@type\":\"EntryPoint\",\"urlTemplate\":\"https:\/\/www.ghostysky.com\/?s={search_term_string}\"},\"query-input\":{\"@type\":\"PropertyValueSpecification\",\"valueRequired\":true,\"valueName\":\"search_term_string\"}}],\"inLanguage\":\"pt-PT\"},{\"@type\":\"Organization\",\"@id\":\"https:\/\/www.ghostysky.com\/#organization\",\"name\":\"Ghostysky\",\"url\":\"https:\/\/www.ghostysky.com\/\",\"logo\":{\"@type\":\"ImageObject\",\"inLanguage\":\"pt-PT\",\"@id\":\"https:\/\/www.ghostysky.com\/#\/schema\/logo\/image\/\",\"url\":\"https:\/\/www.ghostysky.com\/wp-content\/uploads\/2020\/06\/cropped-ghostyskylogo_text_white2.png\",\"contentUrl\":\"https:\/\/www.ghostysky.com\/wp-content\/uploads\/2020\/06\/cropped-ghostyskylogo_text_white2.png\",\"width\":169,\"height\":56,\"caption\":\"Ghostysky\"},\"image\":{\"@id\":\"https:\/\/www.ghostysky.com\/#\/schema\/logo\/image\/\"},\"sameAs\":[\"https:\/\/www.facebook.com\/people\/Ghostysky\/100057676170234\/\",\"https:\/\/x.com\/Gh0stysky\",\"https:\/\/www.linkedin.com\/company\/34739653\",\"https:\/\/www.instagram.com\/gh0stysky\"]}]}<\/script>\n<!-- \/ Yoast SEO plugin. -->","yoast_head_json":{"title":"Agilex Ranger - Ghostysky","description":"O AgileX Ranger \u00e9 um Ve\u00edculo Terrestre N\u00e3o Tripulado (UGV) robusto e altamente \u00e1gil, projetado para aplica\u00e7\u00f5es industriais, log\u00edsticas e de pesquisa exigentes. Sendo o maior e mais capaz UGV omnidirecional da AgileX Robotics, ele se destaca na navega\u00e7\u00e3o em ambientes internos e externos complexos, transportando cargas \u00fateis substanciais.","robots":{"index":"index","follow":"follow","max-snippet":"max-snippet:-1","max-image-preview":"max-image-preview:large","max-video-preview":"max-video-preview:-1"},"canonical":"https:\/\/www.ghostysky.com\/pt\/produto-2\/agilex-ranger\/","og_locale":"pt_PT","og_type":"article","og_title":"Agilex Ranger - Ghostysky","og_description":"The AgileX Ranger is a robust and highly agile Unmanned Ground Vehicle (UGV) designed for demanding industrial, logistics, and research applications. As AgileX Robotics' largest and most capable omnidirectional UGV, it excels at navigating complex indoor and outdoor environments while transporting substantial payloads.","og_url":"https:\/\/www.ghostysky.com\/pt\/produto-2\/agilex-ranger\/","og_site_name":"Ghostysky","article_publisher":"https:\/\/www.facebook.com\/people\/Ghostysky\/100057676170234\/","article_modified_time":"2026-01-10T09:56:58+00:00","og_image":[{"width":2400,"height":2400,"url":"https:\/\/www.ghostysky.com\/wp-content\/uploads\/2025\/10\/GH_AgilexRanger_1.webp","type":"image\/webp"}],"twitter_card":"summary_large_image","twitter_site":"@Gh0stysky","twitter_misc":{"Tempo estimado de leitura":"2 minutos"},"schema":{"@context":"https:\/\/schema.org","@graph":[{"@type":"WebPage","@id":"https:\/\/www.ghostysky.com\/product\/agilex-ranger\/","url":"https:\/\/www.ghostysky.com\/product\/agilex-ranger\/","name":"Agilex Ranger - Ghostysky","isPartOf":{"@id":"https:\/\/www.ghostysky.com\/#website"},"primaryImageOfPage":{"@id":"https:\/\/www.ghostysky.com\/product\/agilex-ranger\/#primaryimage"},"image":{"@id":"https:\/\/www.ghostysky.com\/product\/agilex-ranger\/#primaryimage"},"thumbnailUrl":"https:\/\/www.ghostysky.com\/wp-content\/uploads\/2025\/10\/GH_AgilexRanger_1.webp","datePublished":"2025-10-15T12:36:18+00:00","dateModified":"2026-01-10T09:56:58+00:00","description":"O AgileX Ranger \u00e9 um Ve\u00edculo Terrestre N\u00e3o Tripulado (UGV) robusto e altamente \u00e1gil, projetado para aplica\u00e7\u00f5es industriais, log\u00edsticas e de pesquisa exigentes. Sendo o maior e mais capaz UGV omnidirecional da AgileX Robotics, ele se destaca na navega\u00e7\u00e3o em ambientes internos e externos complexos, transportando cargas \u00fateis substanciais.","breadcrumb":{"@id":"https:\/\/www.ghostysky.com\/product\/agilex-ranger\/#breadcrumb"},"inLanguage":"pt-PT","potentialAction":[{"@type":"ReadAction","target":["https:\/\/www.ghostysky.com\/product\/agilex-ranger\/"]}]},{"@type":"ImageObject","inLanguage":"pt-PT","@id":"https:\/\/www.ghostysky.com\/product\/agilex-ranger\/#primaryimage","url":"https:\/\/www.ghostysky.com\/wp-content\/uploads\/2025\/10\/GH_AgilexRanger_1.webp","contentUrl":"https:\/\/www.ghostysky.com\/wp-content\/uploads\/2025\/10\/GH_AgilexRanger_1.webp","width":2400,"height":2400},{"@type":"BreadcrumbList","@id":"https:\/\/www.ghostysky.com\/product\/agilex-ranger\/#breadcrumb","itemListElement":[{"@type":"ListItem","position":1,"name":"Home","item":"https:\/\/www.ghostysky.com\/"},{"@type":"ListItem","position":2,"name":"Shop","item":"https:\/\/www.ghostysky.com\/shop\/"},{"@type":"ListItem","position":3,"name":"Agilex Ranger"}]},{"@type":"WebSite","@id":"https:\/\/www.ghostysky.com\/#website","url":"https:\/\/www.ghostysky.com\/","name":"Ghostysky","description":"Fornecendo drones e servi\u00e7os profissionais","publisher":{"@id":"https:\/\/www.ghostysky.com\/#organization"},"potentialAction":[{"@type":"SearchAction","target":{"@type":"EntryPoint","urlTemplate":"https:\/\/www.ghostysky.com\/?s={search_term_string}"},"query-input":{"@type":"PropertyValueSpecification","valueRequired":true,"valueName":"search_term_string"}}],"inLanguage":"pt-PT"},{"@type":"Organization","@id":"https:\/\/www.ghostysky.com\/#organization","name":"Ghostysky","url":"https:\/\/www.ghostysky.com\/","logo":{"@type":"ImageObject","inLanguage":"pt-PT","@id":"https:\/\/www.ghostysky.com\/#\/schema\/logo\/image\/","url":"https:\/\/www.ghostysky.com\/wp-content\/uploads\/2020\/06\/cropped-ghostyskylogo_text_white2.png","contentUrl":"https:\/\/www.ghostysky.com\/wp-content\/uploads\/2020\/06\/cropped-ghostyskylogo_text_white2.png","width":169,"height":56,"caption":"Ghostysky"},"image":{"@id":"https:\/\/www.ghostysky.com\/#\/schema\/logo\/image\/"},"sameAs":["https:\/\/www.facebook.com\/people\/Ghostysky\/100057676170234\/","https:\/\/x.com\/Gh0stysky","https:\/\/www.linkedin.com\/company\/34739653","https:\/\/www.instagram.com\/gh0stysky"]}]}},"_links":{"self":[{"href":"https:\/\/www.ghostysky.com\/pt\/wp-json\/wp\/v2\/product\/21064","targetHints":{"allow":["GET"]}}],"collection":[{"href":"https:\/\/www.ghostysky.com\/pt\/wp-json\/wp\/v2\/product"}],"about":[{"href":"https:\/\/www.ghostysky.com\/pt\/wp-json\/wp\/v2\/types\/product"}],"replies":[{"embeddable":true,"href":"https:\/\/www.ghostysky.com\/pt\/wp-json\/wp\/v2\/comments?post=21064"}],"wp:featuredmedia":[{"embeddable":true,"href":"https:\/\/www.ghostysky.com\/pt\/wp-json\/wp\/v2\/media\/21069"}],"wp:attachment":[{"href":"https:\/\/www.ghostysky.com\/pt\/wp-json\/wp\/v2\/media?parent=21064"}],"wp:term":[{"taxonomy":"product_brand","embeddable":true,"href":"https:\/\/www.ghostysky.com\/pt\/wp-json\/wp\/v2\/product_brand?post=21064"},{"taxonomy":"product_cat","embeddable":true,"href":"https:\/\/www.ghostysky.com\/pt\/wp-json\/wp\/v2\/product_cat?post=21064"},{"taxonomy":"product_tag","embeddable":true,"href":"https:\/\/www.ghostysky.com\/pt\/wp-json\/wp\/v2\/product_tag?post=21064"}],"curies":[{"name":"wp","href":"https:\/\/api.w.org\/{rel}","templated":true}]}}