{"id":21074,"date":"2025-10-15T12:42:40","date_gmt":"2025-10-15T12:42:40","guid":{"rendered":"https:\/\/www.ghostysky.com\/?post_type=product&#038;p=21074"},"modified":"2026-01-10T09:56:13","modified_gmt":"2026-01-10T09:56:13","slug":"agilex-ranger-mini-3-0","status":"publish","type":"product","link":"https:\/\/www.ghostysky.com\/pt\/product\/agilex-ranger-mini-3-0\/","title":{"rendered":"Agilex Ranger Mini 3.0"},"content":{"rendered":"<h3><b>Principais recursos e capacidades<\/b><\/h3>\n<ul>\n<li><b><span class=\"citation-305\">Mobilidade omnidirecional:<\/span><\/b><span class=\"citation-305 citation-end-305\"> Apresenta quatro modos de movimento (Spin, Traverse, Diagonal e Ackermann) e um <\/span><b><span class=\"math-inline\"><span class=\"katex\"><span class=\"katex-html\" aria-hidden=\"true\"><span class=\"base\"><span class=\"mord\">0<span class=\"msupsub\"><span class=\"vlist-t\"><span class=\"vlist-r\"><span class=\"vlist\"><span class=\"\"><span class=\"sizing reset-size6 size3 mtight\"><span class=\"mord mtight\">\u2218<\/span><\/span><\/span><\/span><\/span><\/span><\/span><\/span><\/span><\/span><\/span><\/span><span class=\"citation-304\"> raio de giro<\/span><\/b><span class=\"citation-304 citation-end-304\">, permitindo uma integra\u00e7\u00e3o perfeita <\/span><b><span class=\"math-inline\"><span class=\"katex\"><span class=\"katex-html\" aria-hidden=\"true\"><span class=\"base\"><span class=\"mord\">36<\/span><span class=\"mord\">0<span class=\"msupsub\"><span class=\"vlist-t\"><span class=\"vlist-r\"><span class=\"vlist\"><span class=\"\"><span class=\"sizing reset-size6 size3 mtight\"><span class=\"mord mtight\">\u2218<\/span><\/span><\/span><\/span><\/span><\/span><\/span><\/span><\/span><\/span><\/span><\/span><span class=\"citation-303\"> dire\u00e7\u00e3o in situ<\/span><\/b><span class=\"citation-303 citation-end-303\"> e navega\u00e7\u00e3o \u00e1gil em espa\u00e7os confinados.<\/span><\/li>\n<li><b><span class=\"citation-302\">Desempenho robusto:<\/span><\/b><span class=\"citation-302\"> Projetado para ambos <\/span><b><span class=\"citation-302\">interno e externo<\/span><\/b><span class=\"citation-302\"> opera\u00e7\u00e3o com um <\/span><b><span class=\"citation-302\">IP54<\/span><\/b><span class=\"citation-302 citation-end-302\"> classifica\u00e7\u00e3o de prote\u00e7\u00e3o contra poeira e \u00e1gua.<\/span> <span class=\"citation-301 citation-end-301\">O sistema de suspens\u00e3o independente nas quatro rodas garante excelente adaptabilidade ao solo e capacidade de subir <\/span><b><span class=\"math-inline\"><span class=\"katex\"><span class=\"katex-html\" aria-hidden=\"true\"><span class=\"base\"><span class=\"mord\">1<\/span><span class=\"mord\">5<span class=\"msupsub\"><span class=\"vlist-t\"><span class=\"vlist-r\"><span class=\"vlist\"><span class=\"\"><span class=\"sizing reset-size6 size3 mtight\"><span class=\"mord mtight\">\u2218<\/span><\/span><\/span><\/span><\/span><\/span><\/span><\/span><\/span><\/span><\/span><\/span><span class=\"citation-300\"> encostas<\/span><\/b><span class=\"citation-300 citation-end-300\"> (com carga \u00fatil total) com um <\/span><b><span class=\"math-inline\"><span class=\"katex\"><span class=\"katex-html\" aria-hidden=\"true\"><span class=\"base\"><span class=\"mord\">105<\/span><span class=\"mord text\"><span class=\"mord\">\u00a0mil\u00edmetros<\/span><\/span><\/span><\/span><\/span><\/span><span class=\"citation-299\"> dist\u00e2ncia ao solo<\/span><\/b><span class=\"citation-299 citation-end-299\">.<\/span><\/li>\n<li><b><span class=\"citation-298\">Alta capacidade de carga \u00fatil:<\/span><\/b><span class=\"citation-298 citation-end-298\"> Capaz de transportar uma carga \u00fatil substancial de at\u00e9 <\/span><b><span class=\"math-inline\"><span class=\"katex\"><span class=\"katex-html\" aria-hidden=\"true\"><span class=\"base\"><span class=\"mord\">100<\/span><span class=\"mord text\"><span class=\"mord\">\u00a0kg<\/span><\/span><\/span><\/span><\/span><\/span><\/b><span class=\"citation-297 citation-end-297\"> (algumas fontes indicam <\/span><span class=\"math-inline\"><span class=\"katex\"><span class=\"katex-html\" aria-hidden=\"true\"><span class=\"base\"><span class=\"mord\">120<\/span><span class=\"mord text\"><span class=\"mord\">\u00a0kg<\/span><\/span><\/span><\/span><\/span><\/span><span class=\"citation-296 citation-end-296\"> em movimento) mantendo uma velocidade m\u00e1xima de at\u00e9 <\/span><b><span class=\"math-inline\"><span class=\"katex\"><span class=\"katex-html\" aria-hidden=\"true\"><span class=\"base\"><span class=\"mord\">7.2<\/span><span class=\"mord text\"><span class=\"mord\">\u00a0km\/h<\/span><\/span><\/span><\/span><\/span><\/span><\/b><span class=\"citation-295 citation-end-295\">.<\/span><\/li>\n<li><b><span class=\"citation-294\">Opera\u00e7\u00e3o estendida e cont\u00ednua:<\/span><\/b><span class=\"citation-294 citation-end-294\"> Equipado com um <\/span><b><span class=\"math-inline\"><span class=\"katex\"><span class=\"katex-html\" aria-hidden=\"true\"><span class=\"base\"><span class=\"mord\">48<\/span><span class=\"mord text\"><span class=\"mord\">V\u00a0<\/span><\/span><span class=\"mord\">24<\/span><span class=\"mord text\"><span class=\"mord\">Ah<\/span><\/span><\/span><\/span><\/span><\/span><span class=\"citation-293\"> Bateria de l\u00edtio<\/span><\/b><span class=\"citation-293 citation-end-293\">, oferecendo um tempo de execu\u00e7\u00e3o de at\u00e9 <\/span><b><span class=\"math-inline\"><span class=\"katex\"><span class=\"katex-html\" aria-hidden=\"true\"><span class=\"base\"><span class=\"mord\">7<\/span><span class=\"mbin\">\u2212<\/span><\/span><span class=\"base\"><span class=\"mord\">8<\/span><\/span><\/span><\/span><\/span><span class=\"citation-292\"> horas<\/span><\/b><span class=\"citation-292 citation-end-292\"> e uma gama potencial de <\/span><span class=\"math-inline\"><span class=\"katex\"><span class=\"katex-html\" aria-hidden=\"true\"><span class=\"base\"><span class=\"mord\">35<\/span><span class=\"mord text\"><span class=\"mord\">\u00a0quil\u00f4metros<\/span><\/span><\/span><\/span><\/span><\/span><span class=\"citation-291 citation-end-291\">.<\/span> <span class=\"citation-290\">O <\/span><b><span class=\"citation-290\">design de bateria hot-swappable<\/span><\/b><span class=\"citation-290 citation-end-290\"> permite substitui\u00e7\u00e3o r\u00e1pida, minimizando o tempo de inatividade para tarefas cont\u00ednuas.<\/span><\/li>\n<li><b>Plataforma Aberta para Desenvolvimento:<\/b><span class=\"citation-289\"> Possui trilhos T-slot para f\u00e1cil montagem de sensores externos (Lidar, c\u00e2meras, etc.) e suporta <\/span><b><span class=\"citation-289\">Protocolo de barramento CAN<\/span><\/b><span class=\"citation-289 citation-end-289\"> para comunica\u00e7\u00e3o.<\/span> <span class=\"citation-288 citation-end-288\">A Agilex fornece um SDK de c\u00f3digo aberto e recursos de software (incluindo ROS1\/ROS2\/Python) para facilitar o desenvolvimento secund\u00e1rio e a personaliza\u00e7\u00e3o para v\u00e1rios projetos de pesquisa e comerciais.<\/span><\/li>\n<\/ul>\n<p>Com sua combina\u00e7\u00e3o de tamanho compacto (<span class=\"math-inline\"><span class=\"katex\"><span class=\"katex-html\" aria-hidden=\"true\"><span class=\"base\"><span class=\"mord text\"><span class=\"mord\">aprox.\u00a0<\/span><\/span><span class=\"mord\">720<\/span><span class=\"mbin\">\u00d7<\/span><\/span><span class=\"base\"><span class=\"mord\">500<\/span><span class=\"mbin\">\u00d7<\/span><\/span><span class=\"base\"><span class=\"mord\">345<\/span><span class=\"mord text\"><span class=\"mord\">\u00a0mil\u00edmetros<\/span><\/span><\/span><\/span><\/span><\/span><span class=\"citation-287 citation-end-287\">), design robusto e op\u00e7\u00f5es de movimento flex\u00edveis, o Ranger Mini 3.0 \u00e9 uma plataforma vers\u00e1til para tarefas como inspe\u00e7\u00e3o, vigil\u00e2ncia, automa\u00e7\u00e3o industrial e pesquisa avan\u00e7ada em rob\u00f3tica.<\/span><\/p>","protected":false},"excerpt":{"rendered":"<p><span class=\"citation-307\">O <\/span><b><span class=\"citation-307\">Agilex Ranger Mini 3.0<\/span><\/b><span class=\"citation-307\"> \u00e9 um chassi avan\u00e7ado e omnidirecional de Ve\u00edculo Terrestre N\u00e3o Tripulado (UGV) projetado especificamente para aplica\u00e7\u00f5es exigentes <\/span><b><span class=\"citation-307\">aplica\u00e7\u00f5es industriais e de P&amp;D<\/span><\/b><span class=\"citation-307 citation-end-307\">.<\/span><\/p>\n<p><span class=\"citation-306 citation-end-306\">Este rob\u00f4 m\u00f3vel representa uma itera\u00e7\u00e3o aprimorada da s\u00e9rie Ranger Mini, apresentando um corpo robusto todo em metal e dire\u00e7\u00e3o independente nas quatro rodas, o que proporciona manobrabilidade e estabilidade excepcionais em diversos ambientes.<\/span><\/p>","protected":false},"featured_media":21077,"comment_status":"open","ping_status":"closed","template":"","meta":[],"product_brand":[1046],"product_cat":[1043,1044,1042,1037],"product_tag":[1047,1055,1061,1052],"class_list":{"0":"post-21074","1":"product","2":"type-product","3":"status-publish","4":"has-post-thumbnail","6":"product_brand-agilex","7":"product_cat-agilex","8":"product_cat-agilex-robots","9":"product_cat-chassis","10":"product_cat-robotics","11":"product_tag-agilex","12":"product_tag-agilex-chassis","13":"product_tag-agilex-ranger-mini","14":"product_tag-agilex-robots","16":"first","17":"onbackorder","18":"taxable","19":"shipping-taxable","20":"purchasable","21":"product-type-simple"},"yoast_head":"<!-- This site is optimized with the Yoast SEO plugin v27.1.1 - https:\/\/yoast.com\/product\/yoast-seo-wordpress\/ -->\n<title>Agilex Ranger Mini 3.0 - Ghostysky<\/title>\n<meta name=\"description\" content=\"The Agilex Ranger Mini 3.0 is an advanced, omnidirectional Unmanned Ground Vehicle (UGV) chassis specifically engineered for demanding industrial and R&amp;D applications.This mobile robot represents an enhanced iteration of the Ranger Mini series, featuring a robust, all-metal body and four-wheel independent steering, which delivers exceptional maneuverability and stability in diverse environments.\" \/>\n<meta name=\"robots\" content=\"index, follow, max-snippet:-1, max-image-preview:large, max-video-preview:-1\" \/>\n<link rel=\"canonical\" href=\"https:\/\/www.ghostysky.com\/pt\/produto-2\/agilex-ranger-mini-3-0\/\" \/>\n<meta property=\"og:locale\" content=\"pt_PT\" \/>\n<meta property=\"og:type\" content=\"article\" \/>\n<meta property=\"og:title\" content=\"Agilex Ranger Mini 3.0 - Ghostysky\" \/>\n<meta property=\"og:description\" content=\"The Agilex Ranger Mini 3.0 is an advanced, omnidirectional Unmanned Ground Vehicle (UGV) chassis specifically engineered for demanding industrial and R&amp;D applications.This mobile robot represents an enhanced iteration of the Ranger Mini series, featuring a robust, all-metal body and four-wheel independent steering, which delivers exceptional maneuverability and stability in diverse environments.\" \/>\n<meta property=\"og:url\" content=\"https:\/\/www.ghostysky.com\/pt\/produto-2\/agilex-ranger-mini-3-0\/\" \/>\n<meta property=\"og:site_name\" content=\"Ghostysky\" \/>\n<meta property=\"article:publisher\" content=\"https:\/\/www.facebook.com\/people\/Ghostysky\/100057676170234\/\" \/>\n<meta property=\"article:modified_time\" content=\"2026-01-10T09:56:13+00:00\" \/>\n<meta property=\"og:image\" content=\"https:\/\/www.ghostysky.com\/wp-content\/uploads\/2025\/10\/GH_AgilexRangerMini3_1.webp\" \/>\n\t<meta property=\"og:image:width\" content=\"1920\" \/>\n\t<meta property=\"og:image:height\" content=\"1920\" \/>\n\t<meta property=\"og:image:type\" content=\"image\/webp\" \/>\n<meta name=\"twitter:card\" content=\"summary_large_image\" \/>\n<meta name=\"twitter:site\" content=\"@Gh0stysky\" \/>\n<meta name=\"twitter:label1\" content=\"Tempo estimado de leitura\" \/>\n\t<meta name=\"twitter:data1\" content=\"2 minutos\" \/>\n<script type=\"application\/ld+json\" class=\"yoast-schema-graph\">{\"@context\":\"https:\/\/schema.org\",\"@graph\":[{\"@type\":\"WebPage\",\"@id\":\"https:\/\/www.ghostysky.com\/product\/agilex-ranger-mini-3-0\/\",\"url\":\"https:\/\/www.ghostysky.com\/product\/agilex-ranger-mini-3-0\/\",\"name\":\"Agilex Ranger Mini 3.0 - Ghostysky\",\"isPartOf\":{\"@id\":\"https:\/\/www.ghostysky.com\/#website\"},\"primaryImageOfPage\":{\"@id\":\"https:\/\/www.ghostysky.com\/product\/agilex-ranger-mini-3-0\/#primaryimage\"},\"image\":{\"@id\":\"https:\/\/www.ghostysky.com\/product\/agilex-ranger-mini-3-0\/#primaryimage\"},\"thumbnailUrl\":\"https:\/\/www.ghostysky.com\/wp-content\/uploads\/2025\/10\/GH_AgilexRangerMini3_1.webp\",\"datePublished\":\"2025-10-15T12:42:40+00:00\",\"dateModified\":\"2026-01-10T09:56:13+00:00\",\"description\":\"The Agilex Ranger Mini 3.0 is an advanced, omnidirectional Unmanned Ground Vehicle (UGV) chassis specifically engineered for demanding industrial and R&D applications.This mobile robot represents an enhanced iteration of the Ranger Mini series, featuring a robust, all-metal body and four-wheel independent steering, which delivers exceptional maneuverability and stability in diverse environments.\",\"breadcrumb\":{\"@id\":\"https:\/\/www.ghostysky.com\/product\/agilex-ranger-mini-3-0\/#breadcrumb\"},\"inLanguage\":\"pt-PT\",\"potentialAction\":[{\"@type\":\"ReadAction\",\"target\":[\"https:\/\/www.ghostysky.com\/product\/agilex-ranger-mini-3-0\/\"]}]},{\"@type\":\"ImageObject\",\"inLanguage\":\"pt-PT\",\"@id\":\"https:\/\/www.ghostysky.com\/product\/agilex-ranger-mini-3-0\/#primaryimage\",\"url\":\"https:\/\/www.ghostysky.com\/wp-content\/uploads\/2025\/10\/GH_AgilexRangerMini3_1.webp\",\"contentUrl\":\"https:\/\/www.ghostysky.com\/wp-content\/uploads\/2025\/10\/GH_AgilexRangerMini3_1.webp\",\"width\":1920,\"height\":1920},{\"@type\":\"BreadcrumbList\",\"@id\":\"https:\/\/www.ghostysky.com\/product\/agilex-ranger-mini-3-0\/#breadcrumb\",\"itemListElement\":[{\"@type\":\"ListItem\",\"position\":1,\"name\":\"Home\",\"item\":\"https:\/\/www.ghostysky.com\/\"},{\"@type\":\"ListItem\",\"position\":2,\"name\":\"Shop\",\"item\":\"https:\/\/www.ghostysky.com\/shop\/\"},{\"@type\":\"ListItem\",\"position\":3,\"name\":\"Agilex Ranger Mini 3.0\"}]},{\"@type\":\"WebSite\",\"@id\":\"https:\/\/www.ghostysky.com\/#website\",\"url\":\"https:\/\/www.ghostysky.com\/\",\"name\":\"Ghostysky\",\"description\":\"Delivering professional drones and services\",\"publisher\":{\"@id\":\"https:\/\/www.ghostysky.com\/#organization\"},\"potentialAction\":[{\"@type\":\"SearchAction\",\"target\":{\"@type\":\"EntryPoint\",\"urlTemplate\":\"https:\/\/www.ghostysky.com\/?s={search_term_string}\"},\"query-input\":{\"@type\":\"PropertyValueSpecification\",\"valueRequired\":true,\"valueName\":\"search_term_string\"}}],\"inLanguage\":\"pt-PT\"},{\"@type\":\"Organization\",\"@id\":\"https:\/\/www.ghostysky.com\/#organization\",\"name\":\"Ghostysky\",\"url\":\"https:\/\/www.ghostysky.com\/\",\"logo\":{\"@type\":\"ImageObject\",\"inLanguage\":\"pt-PT\",\"@id\":\"https:\/\/www.ghostysky.com\/#\/schema\/logo\/image\/\",\"url\":\"https:\/\/www.ghostysky.com\/wp-content\/uploads\/2020\/06\/cropped-ghostyskylogo_text_white2.png\",\"contentUrl\":\"https:\/\/www.ghostysky.com\/wp-content\/uploads\/2020\/06\/cropped-ghostyskylogo_text_white2.png\",\"width\":169,\"height\":56,\"caption\":\"Ghostysky\"},\"image\":{\"@id\":\"https:\/\/www.ghostysky.com\/#\/schema\/logo\/image\/\"},\"sameAs\":[\"https:\/\/www.facebook.com\/people\/Ghostysky\/100057676170234\/\",\"https:\/\/x.com\/Gh0stysky\",\"https:\/\/www.linkedin.com\/company\/34739653\",\"https:\/\/www.instagram.com\/gh0stysky\"]}]}<\/script>\n<!-- \/ Yoast SEO plugin. -->","yoast_head_json":{"title":"Agilex Ranger Mini 3.0 - Ghostysky","description":"O Agilex Ranger Mini 3.0 \u00e9 um chassi avan\u00e7ado e omnidirecional de Ve\u00edculo Terrestre N\u00e3o Tripulado (UGV), projetado especificamente para aplica\u00e7\u00f5es industriais e de P&amp;D exigentes. Este rob\u00f4 m\u00f3vel representa uma itera\u00e7\u00e3o aprimorada da s\u00e9rie Ranger Mini, apresentando um corpo robusto todo em metal e dire\u00e7\u00e3o independente nas quatro rodas, o que proporciona manobrabilidade e estabilidade excepcionais em diversos ambientes.","robots":{"index":"index","follow":"follow","max-snippet":"max-snippet:-1","max-image-preview":"max-image-preview:large","max-video-preview":"max-video-preview:-1"},"canonical":"https:\/\/www.ghostysky.com\/pt\/produto-2\/agilex-ranger-mini-3-0\/","og_locale":"pt_PT","og_type":"article","og_title":"Agilex Ranger Mini 3.0 - Ghostysky","og_description":"The Agilex Ranger Mini 3.0 is an advanced, omnidirectional Unmanned Ground Vehicle (UGV) chassis specifically engineered for demanding industrial and R&D applications.This mobile robot represents an enhanced iteration of the Ranger Mini series, featuring a robust, all-metal body and four-wheel independent steering, which delivers exceptional maneuverability and stability in diverse environments.","og_url":"https:\/\/www.ghostysky.com\/pt\/produto-2\/agilex-ranger-mini-3-0\/","og_site_name":"Ghostysky","article_publisher":"https:\/\/www.facebook.com\/people\/Ghostysky\/100057676170234\/","article_modified_time":"2026-01-10T09:56:13+00:00","og_image":[{"width":1920,"height":1920,"url":"https:\/\/www.ghostysky.com\/wp-content\/uploads\/2025\/10\/GH_AgilexRangerMini3_1.webp","type":"image\/webp"}],"twitter_card":"summary_large_image","twitter_site":"@Gh0stysky","twitter_misc":{"Tempo estimado de leitura":"2 minutos"},"schema":{"@context":"https:\/\/schema.org","@graph":[{"@type":"WebPage","@id":"https:\/\/www.ghostysky.com\/product\/agilex-ranger-mini-3-0\/","url":"https:\/\/www.ghostysky.com\/product\/agilex-ranger-mini-3-0\/","name":"Agilex Ranger Mini 3.0 - Ghostysky","isPartOf":{"@id":"https:\/\/www.ghostysky.com\/#website"},"primaryImageOfPage":{"@id":"https:\/\/www.ghostysky.com\/product\/agilex-ranger-mini-3-0\/#primaryimage"},"image":{"@id":"https:\/\/www.ghostysky.com\/product\/agilex-ranger-mini-3-0\/#primaryimage"},"thumbnailUrl":"https:\/\/www.ghostysky.com\/wp-content\/uploads\/2025\/10\/GH_AgilexRangerMini3_1.webp","datePublished":"2025-10-15T12:42:40+00:00","dateModified":"2026-01-10T09:56:13+00:00","description":"O Agilex Ranger Mini 3.0 \u00e9 um chassi avan\u00e7ado e omnidirecional de Ve\u00edculo Terrestre N\u00e3o Tripulado (UGV), projetado especificamente para aplica\u00e7\u00f5es industriais e de P&amp;D exigentes. Este rob\u00f4 m\u00f3vel representa uma itera\u00e7\u00e3o aprimorada da s\u00e9rie Ranger Mini, apresentando um corpo robusto todo em metal e dire\u00e7\u00e3o independente nas quatro rodas, o que proporciona manobrabilidade e estabilidade excepcionais em diversos ambientes.","breadcrumb":{"@id":"https:\/\/www.ghostysky.com\/product\/agilex-ranger-mini-3-0\/#breadcrumb"},"inLanguage":"pt-PT","potentialAction":[{"@type":"ReadAction","target":["https:\/\/www.ghostysky.com\/product\/agilex-ranger-mini-3-0\/"]}]},{"@type":"ImageObject","inLanguage":"pt-PT","@id":"https:\/\/www.ghostysky.com\/product\/agilex-ranger-mini-3-0\/#primaryimage","url":"https:\/\/www.ghostysky.com\/wp-content\/uploads\/2025\/10\/GH_AgilexRangerMini3_1.webp","contentUrl":"https:\/\/www.ghostysky.com\/wp-content\/uploads\/2025\/10\/GH_AgilexRangerMini3_1.webp","width":1920,"height":1920},{"@type":"BreadcrumbList","@id":"https:\/\/www.ghostysky.com\/product\/agilex-ranger-mini-3-0\/#breadcrumb","itemListElement":[{"@type":"ListItem","position":1,"name":"Home","item":"https:\/\/www.ghostysky.com\/"},{"@type":"ListItem","position":2,"name":"Shop","item":"https:\/\/www.ghostysky.com\/shop\/"},{"@type":"ListItem","position":3,"name":"Agilex Ranger Mini 3.0"}]},{"@type":"WebSite","@id":"https:\/\/www.ghostysky.com\/#website","url":"https:\/\/www.ghostysky.com\/","name":"Ghostysky","description":"Fornecendo drones e servi\u00e7os profissionais","publisher":{"@id":"https:\/\/www.ghostysky.com\/#organization"},"potentialAction":[{"@type":"SearchAction","target":{"@type":"EntryPoint","urlTemplate":"https:\/\/www.ghostysky.com\/?s={search_term_string}"},"query-input":{"@type":"PropertyValueSpecification","valueRequired":true,"valueName":"search_term_string"}}],"inLanguage":"pt-PT"},{"@type":"Organization","@id":"https:\/\/www.ghostysky.com\/#organization","name":"Ghostysky","url":"https:\/\/www.ghostysky.com\/","logo":{"@type":"ImageObject","inLanguage":"pt-PT","@id":"https:\/\/www.ghostysky.com\/#\/schema\/logo\/image\/","url":"https:\/\/www.ghostysky.com\/wp-content\/uploads\/2020\/06\/cropped-ghostyskylogo_text_white2.png","contentUrl":"https:\/\/www.ghostysky.com\/wp-content\/uploads\/2020\/06\/cropped-ghostyskylogo_text_white2.png","width":169,"height":56,"caption":"Ghostysky"},"image":{"@id":"https:\/\/www.ghostysky.com\/#\/schema\/logo\/image\/"},"sameAs":["https:\/\/www.facebook.com\/people\/Ghostysky\/100057676170234\/","https:\/\/x.com\/Gh0stysky","https:\/\/www.linkedin.com\/company\/34739653","https:\/\/www.instagram.com\/gh0stysky"]}]}},"_links":{"self":[{"href":"https:\/\/www.ghostysky.com\/pt\/wp-json\/wp\/v2\/product\/21074","targetHints":{"allow":["GET"]}}],"collection":[{"href":"https:\/\/www.ghostysky.com\/pt\/wp-json\/wp\/v2\/product"}],"about":[{"href":"https:\/\/www.ghostysky.com\/pt\/wp-json\/wp\/v2\/types\/product"}],"replies":[{"embeddable":true,"href":"https:\/\/www.ghostysky.com\/pt\/wp-json\/wp\/v2\/comments?post=21074"}],"wp:featuredmedia":[{"embeddable":true,"href":"https:\/\/www.ghostysky.com\/pt\/wp-json\/wp\/v2\/media\/21077"}],"wp:attachment":[{"href":"https:\/\/www.ghostysky.com\/pt\/wp-json\/wp\/v2\/media?parent=21074"}],"wp:term":[{"taxonomy":"product_brand","embeddable":true,"href":"https:\/\/www.ghostysky.com\/pt\/wp-json\/wp\/v2\/product_brand?post=21074"},{"taxonomy":"product_cat","embeddable":true,"href":"https:\/\/www.ghostysky.com\/pt\/wp-json\/wp\/v2\/product_cat?post=21074"},{"taxonomy":"product_tag","embeddable":true,"href":"https:\/\/www.ghostysky.com\/pt\/wp-json\/wp\/v2\/product_tag?post=21074"}],"curies":[{"name":"wp","href":"https:\/\/api.w.org\/{rel}","templated":true}]}}