{"id":21078,"date":"2025-10-15T12:50:03","date_gmt":"2025-10-15T12:50:03","guid":{"rendered":"https:\/\/www.ghostysky.com\/?post_type=product&#038;p=21078"},"modified":"2025-10-15T12:50:28","modified_gmt":"2025-10-15T12:50:28","slug":"agilex-robotics-umr","status":"publish","type":"product","link":"https:\/\/www.ghostysky.com\/pt\/product\/agilex-robotics-umr\/","title":{"rendered":"AgileX Robotics UMR"},"content":{"rendered":"<h3><b>Caracter\u00edsticas principais<\/b><\/h3>\n<ul>\n<li><b><span class=\"citation-338\">Adaptabilidade Universal:<\/span><\/b><span class=\"citation-338 citation-end-338\"> Projetado para f\u00e1cil integra\u00e7\u00e3o com sistemas existentes e r\u00e1pida personaliza\u00e7\u00e3o.<\/span> Ele suporta APIs abertas e o m\u00f3dulo Navis Plus, tornando-o ideal para pesquisadores e engenheiros acelerarem o desenvolvimento.<\/li>\n<li><b><span class=\"citation-337\">Opera\u00e7\u00e3o robusta e em todos os ambientes:<\/span><\/b><span class=\"citation-337\"> Constru\u00eddo com materiais de n\u00edvel industrial e um <\/span><b><span class=\"citation-337\">Classifica\u00e7\u00e3o de prote\u00e7\u00e3o IP65<\/span><\/b><span class=\"citation-337 citation-end-337\"> para resist\u00eancia \u00e0 poeira e \u00e0 \u00e1gua.<\/span> <span class=\"citation-336 citation-end-336\">Ele pode operar consistentemente em uma ampla faixa de temperatura (normalmente -10\u00b0C a 40\u00b0C).<\/span> Seus quatro motores de cubo independentes permitem f\u00e1cil navega\u00e7\u00e3o em terrenos acidentados e espa\u00e7os apertados.<\/li>\n<li><b><span class=\"citation-335\">Navega\u00e7\u00e3o avan\u00e7ada:<\/span><\/b><span class=\"citation-335\"> Apresenta o integrado <\/span><b><span class=\"citation-335\">Sistema de navega\u00e7\u00e3o NAVIS<\/span><\/b><span class=\"citation-335 citation-end-335\"> para precis\u00e3o incompar\u00e1vel.<\/span>\n<ul>\n<li><b>Precis\u00e3o de posicionamento:<\/b> <span class=\"math-inline\"><span class=\"katex\"><span class=\"katex-html\" aria-hidden=\"true\"><span class=\"base\"><span class=\"mord\">\u00b1<\/span><span class=\"mord\">2<\/span><\/span><\/span><\/span><\/span><span class=\"citation-333 citation-end-333\"> cm.<\/span><\/li>\n<li><b><span class=\"citation-332\">Capacidade de mapeamento:<\/span><\/b><span class=\"citation-332 citation-end-332\"> Pode mapear \u00e1reas com mais de 2 milh\u00f5es de metros quadrados.<\/span><\/li>\n<li><b>Funcionalidade:<\/b><span class=\"citation-331 citation-end-331\"> Inclui planejamento inteligente de caminho e preven\u00e7\u00e3o de obst\u00e1culos para opera\u00e7\u00f5es suaves em ambientes din\u00e2micos.<\/span><\/li>\n<\/ul>\n<\/li>\n<li><b><span class=\"citation-330\">Design com foco na seguran\u00e7a:<\/span><\/b><span class=\"citation-330\"> Equipado com at\u00e9 <\/span><b><span class=\"citation-330\">15 sensores avan\u00e7ados<\/span><\/b><span class=\"citation-330 citation-end-330\"> para abrangente <\/span><span class=\"math-inline\"><span class=\"katex\"><span class=\"katex-html\" aria-hidden=\"true\"><span class=\"base\"><span class=\"mord\">36<\/span><span class=\"mord\">0<span class=\"msupsub\"><span class=\"vlist-t\"><span class=\"vlist-r\"><span class=\"vlist\"><span class=\"\"><span class=\"sizing reset-size6 size3 mtight\"><span class=\"mord mtight\">\u2218<\/span><\/span><\/span><\/span><\/span><\/span><\/span><\/span><\/span><\/span><\/span><\/span><span class=\"citation-329 citation-end-329\"> conscientiza\u00e7\u00e3o ambiental, permitindo trabalho colaborativo seguro ao lado de humanos em espa\u00e7os industriais movimentados.<\/span><\/li>\n<li><b>Especifica\u00e7\u00f5es de desempenho (t\u00edpicas):<\/b>\n<ul>\n<li><b>Carga \u00fatil:<\/b><span class=\"citation-328 citation-end-328\"> At\u00e9 80 kg.<\/span><\/li>\n<li><b>Velocidade m\u00e1xima:<\/b> 1,5 m\/s.<\/li>\n<li><b>Autonomia:<\/b><span class=\"citation-327 citation-end-327\"> At\u00e9 4 horas.<\/span><\/li>\n<li><b>Capacidade de escalada:<\/b> <span class=\"math-inline\"><span class=\"katex\"><span class=\"katex-html\" aria-hidden=\"true\"><span class=\"base\"><span class=\"mrel\">\u2264<\/span><\/span><span class=\"base\"><span class=\"mord\">2<\/span><span class=\"mord\">0<span class=\"msupsub\"><span class=\"vlist-t\"><span class=\"vlist-r\"><span class=\"vlist\"><span class=\"\"><span class=\"sizing reset-size6 size3 mtight\"><span class=\"mord mtight\">\u2218<\/span><\/span><\/span><\/span><\/span><\/span><\/span><\/span><\/span><\/span><\/span><\/span>.<\/li>\n<\/ul>\n<\/li>\n<\/ul>\n<p><span class=\"citation-326 citation-end-326\">A plataforma UMR \u00e9 uma escolha poderosa para aplica\u00e7\u00f5es em log\u00edstica, manufatura, pesquisa e desenvolvimento, entrega e diversas outras tarefas de automa\u00e7\u00e3o industrial.<\/span><\/p>","protected":false},"excerpt":{"rendered":"<p><span class=\"citation-339\">O <\/span><b><span class=\"citation-339\">AgileX Robotics UMR (Rob\u00f4 M\u00f3vel Universal)<\/span><\/b><span class=\"citation-339 citation-end-339\"> \u00e9 uma plataforma rob\u00f3tica industrial avan\u00e7ada e vers\u00e1til, projetada para ser uma solu\u00e7\u00e3o universal para v\u00e1rios cen\u00e1rios de automa\u00e7\u00e3o e pesquisa, destacando-se em ambientes internos e externos.<\/span><\/p>\n<div class=\"source-inline-chip-container ng-star-inserted\"><\/div>\n<p>&nbsp;<\/p>","protected":false},"featured_media":21084,"comment_status":"open","ping_status":"closed","template":"","meta":[],"product_brand":[1046],"product_cat":[1043,1044,1042,1037],"product_tag":[1047,1055,1052,1062],"class_list":{"0":"post-21078","1":"product","2":"type-product","3":"status-publish","4":"has-post-thumbnail","6":"product_brand-agilex","7":"product_cat-agilex","8":"product_cat-agilex-robots","9":"product_cat-chassis","10":"product_cat-robotics","11":"product_tag-agilex","12":"product_tag-agilex-chassis","13":"product_tag-agilex-robots","14":"product_tag-agilex-umr","16":"first","17":"onbackorder","18":"taxable","19":"shipping-taxable","20":"product-type-simple"},"yoast_head":"<!-- This site is optimized with the Yoast SEO plugin v27.4 - https:\/\/yoast.com\/product\/yoast-seo-wordpress\/ -->\n<title>AgileX Robotics UMR - Ghostysky<\/title>\n<meta name=\"description\" content=\"The AgileX Robotics UMR (Universal Mobile Robot) is an advanced, versatile industrial robotic platform engineered to be a universal solution for various automation and research scenarios, excelling in both indoor and outdoor environments.\" \/>\n<meta name=\"robots\" content=\"index, follow, max-snippet:-1, max-image-preview:large, max-video-preview:-1\" \/>\n<link rel=\"canonical\" href=\"https:\/\/www.ghostysky.com\/pt\/produto-2\/agilex-robotics-umr\/\" \/>\n<meta property=\"og:locale\" content=\"pt_PT\" \/>\n<meta property=\"og:type\" content=\"article\" \/>\n<meta property=\"og:title\" content=\"AgileX Robotics UMR - Ghostysky\" \/>\n<meta property=\"og:description\" content=\"The AgileX Robotics UMR (Universal Mobile Robot) is an advanced, versatile industrial robotic platform engineered to be a universal solution for various automation and research scenarios, excelling in both indoor and outdoor environments.\" \/>\n<meta property=\"og:url\" content=\"https:\/\/www.ghostysky.com\/pt\/produto-2\/agilex-robotics-umr\/\" \/>\n<meta property=\"og:site_name\" content=\"Ghostysky\" \/>\n<meta property=\"article:publisher\" content=\"https:\/\/www.facebook.com\/people\/Ghostysky\/100057676170234\/\" \/>\n<meta property=\"article:modified_time\" content=\"2025-10-15T12:50:28+00:00\" \/>\n<meta property=\"og:image\" content=\"https:\/\/www.ghostysky.com\/wp-content\/uploads\/2025\/10\/GH_Agilex_UMR.webp\" \/>\n\t<meta property=\"og:image:width\" content=\"1920\" \/>\n\t<meta property=\"og:image:height\" content=\"1920\" \/>\n\t<meta property=\"og:image:type\" content=\"image\/webp\" \/>\n<meta name=\"twitter:card\" content=\"summary_large_image\" \/>\n<meta name=\"twitter:site\" content=\"@Gh0stysky\" \/>\n<meta name=\"twitter:label1\" content=\"Tempo estimado de leitura\" \/>\n\t<meta name=\"twitter:data1\" content=\"2 minutos\" \/>\n<script type=\"application\/ld+json\" class=\"yoast-schema-graph\">{\"@context\":\"https:\\\/\\\/schema.org\",\"@graph\":[{\"@type\":\"WebPage\",\"@id\":\"https:\\\/\\\/www.ghostysky.com\\\/product\\\/agilex-robotics-umr\\\/\",\"url\":\"https:\\\/\\\/www.ghostysky.com\\\/product\\\/agilex-robotics-umr\\\/\",\"name\":\"AgileX Robotics UMR - Ghostysky\",\"isPartOf\":{\"@id\":\"https:\\\/\\\/www.ghostysky.com\\\/#website\"},\"primaryImageOfPage\":{\"@id\":\"https:\\\/\\\/www.ghostysky.com\\\/product\\\/agilex-robotics-umr\\\/#primaryimage\"},\"image\":{\"@id\":\"https:\\\/\\\/www.ghostysky.com\\\/product\\\/agilex-robotics-umr\\\/#primaryimage\"},\"thumbnailUrl\":\"https:\\\/\\\/www.ghostysky.com\\\/wp-content\\\/uploads\\\/2025\\\/10\\\/GH_Agilex_UMR.webp\",\"datePublished\":\"2025-10-15T12:50:03+00:00\",\"dateModified\":\"2025-10-15T12:50:28+00:00\",\"description\":\"The AgileX Robotics UMR (Universal Mobile Robot) is an advanced, versatile industrial robotic platform engineered to be a universal solution for various automation and research scenarios, excelling in both indoor and outdoor environments.\",\"breadcrumb\":{\"@id\":\"https:\\\/\\\/www.ghostysky.com\\\/product\\\/agilex-robotics-umr\\\/#breadcrumb\"},\"inLanguage\":\"pt-PT\",\"potentialAction\":[{\"@type\":\"ReadAction\",\"target\":[\"https:\\\/\\\/www.ghostysky.com\\\/product\\\/agilex-robotics-umr\\\/\"]}]},{\"@type\":\"ImageObject\",\"inLanguage\":\"pt-PT\",\"@id\":\"https:\\\/\\\/www.ghostysky.com\\\/product\\\/agilex-robotics-umr\\\/#primaryimage\",\"url\":\"https:\\\/\\\/www.ghostysky.com\\\/wp-content\\\/uploads\\\/2025\\\/10\\\/GH_Agilex_UMR.webp\",\"contentUrl\":\"https:\\\/\\\/www.ghostysky.com\\\/wp-content\\\/uploads\\\/2025\\\/10\\\/GH_Agilex_UMR.webp\",\"width\":1920,\"height\":1920},{\"@type\":\"BreadcrumbList\",\"@id\":\"https:\\\/\\\/www.ghostysky.com\\\/product\\\/agilex-robotics-umr\\\/#breadcrumb\",\"itemListElement\":[{\"@type\":\"ListItem\",\"position\":1,\"name\":\"Home\",\"item\":\"https:\\\/\\\/www.ghostysky.com\\\/\"},{\"@type\":\"ListItem\",\"position\":2,\"name\":\"Shop\",\"item\":\"https:\\\/\\\/www.ghostysky.com\\\/shop\\\/\"},{\"@type\":\"ListItem\",\"position\":3,\"name\":\"AgileX Robotics UMR\"}]},{\"@type\":\"WebSite\",\"@id\":\"https:\\\/\\\/www.ghostysky.com\\\/#website\",\"url\":\"https:\\\/\\\/www.ghostysky.com\\\/\",\"name\":\"Ghostysky\",\"description\":\"Delivering professional drones and robotics solutions\",\"publisher\":{\"@id\":\"https:\\\/\\\/www.ghostysky.com\\\/#organization\"},\"potentialAction\":[{\"@type\":\"SearchAction\",\"target\":{\"@type\":\"EntryPoint\",\"urlTemplate\":\"https:\\\/\\\/www.ghostysky.com\\\/?s={search_term_string}\"},\"query-input\":{\"@type\":\"PropertyValueSpecification\",\"valueRequired\":true,\"valueName\":\"search_term_string\"}}],\"inLanguage\":\"pt-PT\"},{\"@type\":\"Organization\",\"@id\":\"https:\\\/\\\/www.ghostysky.com\\\/#organization\",\"name\":\"Ghostysky\",\"url\":\"https:\\\/\\\/www.ghostysky.com\\\/\",\"logo\":{\"@type\":\"ImageObject\",\"inLanguage\":\"pt-PT\",\"@id\":\"https:\\\/\\\/www.ghostysky.com\\\/#\\\/schema\\\/logo\\\/image\\\/\",\"url\":\"https:\\\/\\\/www.ghostysky.com\\\/wp-content\\\/uploads\\\/2020\\\/06\\\/cropped-ghostyskylogo_text_white2.png\",\"contentUrl\":\"https:\\\/\\\/www.ghostysky.com\\\/wp-content\\\/uploads\\\/2020\\\/06\\\/cropped-ghostyskylogo_text_white2.png\",\"width\":169,\"height\":56,\"caption\":\"Ghostysky\"},\"image\":{\"@id\":\"https:\\\/\\\/www.ghostysky.com\\\/#\\\/schema\\\/logo\\\/image\\\/\"},\"sameAs\":[\"https:\\\/\\\/www.facebook.com\\\/people\\\/Ghostysky\\\/100057676170234\\\/\",\"https:\\\/\\\/x.com\\\/Gh0stysky\",\"https:\\\/\\\/www.linkedin.com\\\/company\\\/34739653\",\"https:\\\/\\\/www.instagram.com\\\/gh0stysky\"]}]}<\/script>\n<!-- \/ Yoast SEO plugin. -->","yoast_head_json":{"title":"AgileX Robotics UMR - Ghostysky","description":"O AgileX Robotics UMR (Universal Mobile Robot) \u00e9 uma plataforma rob\u00f3tica industrial avan\u00e7ada e vers\u00e1til, projetada para ser uma solu\u00e7\u00e3o universal para v\u00e1rios cen\u00e1rios de automa\u00e7\u00e3o e pesquisa, destacando-se em ambientes internos e externos.","robots":{"index":"index","follow":"follow","max-snippet":"max-snippet:-1","max-image-preview":"max-image-preview:large","max-video-preview":"max-video-preview:-1"},"canonical":"https:\/\/www.ghostysky.com\/pt\/produto-2\/agilex-robotics-umr\/","og_locale":"pt_PT","og_type":"article","og_title":"AgileX Robotics UMR - Ghostysky","og_description":"The AgileX Robotics UMR (Universal Mobile Robot) is an advanced, versatile industrial robotic platform engineered to be a universal solution for various automation and research scenarios, excelling in both indoor and outdoor environments.","og_url":"https:\/\/www.ghostysky.com\/pt\/produto-2\/agilex-robotics-umr\/","og_site_name":"Ghostysky","article_publisher":"https:\/\/www.facebook.com\/people\/Ghostysky\/100057676170234\/","article_modified_time":"2025-10-15T12:50:28+00:00","og_image":[{"width":1920,"height":1920,"url":"https:\/\/www.ghostysky.com\/wp-content\/uploads\/2025\/10\/GH_Agilex_UMR.webp","type":"image\/webp"}],"twitter_card":"summary_large_image","twitter_site":"@Gh0stysky","twitter_misc":{"Tempo estimado de leitura":"2 minutos"},"schema":{"@context":"https:\/\/schema.org","@graph":[{"@type":"WebPage","@id":"https:\/\/www.ghostysky.com\/product\/agilex-robotics-umr\/","url":"https:\/\/www.ghostysky.com\/product\/agilex-robotics-umr\/","name":"AgileX Robotics UMR - Ghostysky","isPartOf":{"@id":"https:\/\/www.ghostysky.com\/#website"},"primaryImageOfPage":{"@id":"https:\/\/www.ghostysky.com\/product\/agilex-robotics-umr\/#primaryimage"},"image":{"@id":"https:\/\/www.ghostysky.com\/product\/agilex-robotics-umr\/#primaryimage"},"thumbnailUrl":"https:\/\/www.ghostysky.com\/wp-content\/uploads\/2025\/10\/GH_Agilex_UMR.webp","datePublished":"2025-10-15T12:50:03+00:00","dateModified":"2025-10-15T12:50:28+00:00","description":"O AgileX Robotics UMR (Universal Mobile Robot) \u00e9 uma plataforma rob\u00f3tica industrial avan\u00e7ada e vers\u00e1til, projetada para ser uma solu\u00e7\u00e3o universal para v\u00e1rios cen\u00e1rios de automa\u00e7\u00e3o e pesquisa, destacando-se em ambientes internos e externos.","breadcrumb":{"@id":"https:\/\/www.ghostysky.com\/product\/agilex-robotics-umr\/#breadcrumb"},"inLanguage":"pt-PT","potentialAction":[{"@type":"ReadAction","target":["https:\/\/www.ghostysky.com\/product\/agilex-robotics-umr\/"]}]},{"@type":"ImageObject","inLanguage":"pt-PT","@id":"https:\/\/www.ghostysky.com\/product\/agilex-robotics-umr\/#primaryimage","url":"https:\/\/www.ghostysky.com\/wp-content\/uploads\/2025\/10\/GH_Agilex_UMR.webp","contentUrl":"https:\/\/www.ghostysky.com\/wp-content\/uploads\/2025\/10\/GH_Agilex_UMR.webp","width":1920,"height":1920},{"@type":"BreadcrumbList","@id":"https:\/\/www.ghostysky.com\/product\/agilex-robotics-umr\/#breadcrumb","itemListElement":[{"@type":"ListItem","position":1,"name":"Home","item":"https:\/\/www.ghostysky.com\/"},{"@type":"ListItem","position":2,"name":"Shop","item":"https:\/\/www.ghostysky.com\/shop\/"},{"@type":"ListItem","position":3,"name":"AgileX Robotics UMR"}]},{"@type":"WebSite","@id":"https:\/\/www.ghostysky.com\/#website","url":"https:\/\/www.ghostysky.com\/","name":"Ghostysky","description":"Fornecendo solu\u00e7\u00f5es profissionais em drones e rob\u00f3tica.","publisher":{"@id":"https:\/\/www.ghostysky.com\/#organization"},"potentialAction":[{"@type":"SearchAction","target":{"@type":"EntryPoint","urlTemplate":"https:\/\/www.ghostysky.com\/?s={search_term_string}"},"query-input":{"@type":"PropertyValueSpecification","valueRequired":true,"valueName":"search_term_string"}}],"inLanguage":"pt-PT"},{"@type":"Organization","@id":"https:\/\/www.ghostysky.com\/#organization","name":"Ghostysky","url":"https:\/\/www.ghostysky.com\/","logo":{"@type":"ImageObject","inLanguage":"pt-PT","@id":"https:\/\/www.ghostysky.com\/#\/schema\/logo\/image\/","url":"https:\/\/www.ghostysky.com\/wp-content\/uploads\/2020\/06\/cropped-ghostyskylogo_text_white2.png","contentUrl":"https:\/\/www.ghostysky.com\/wp-content\/uploads\/2020\/06\/cropped-ghostyskylogo_text_white2.png","width":169,"height":56,"caption":"Ghostysky"},"image":{"@id":"https:\/\/www.ghostysky.com\/#\/schema\/logo\/image\/"},"sameAs":["https:\/\/www.facebook.com\/people\/Ghostysky\/100057676170234\/","https:\/\/x.com\/Gh0stysky","https:\/\/www.linkedin.com\/company\/34739653","https:\/\/www.instagram.com\/gh0stysky"]}]}},"_links":{"self":[{"href":"https:\/\/www.ghostysky.com\/pt\/wp-json\/wp\/v2\/product\/21078","targetHints":{"allow":["GET"]}}],"collection":[{"href":"https:\/\/www.ghostysky.com\/pt\/wp-json\/wp\/v2\/product"}],"about":[{"href":"https:\/\/www.ghostysky.com\/pt\/wp-json\/wp\/v2\/types\/product"}],"replies":[{"embeddable":true,"href":"https:\/\/www.ghostysky.com\/pt\/wp-json\/wp\/v2\/comments?post=21078"}],"version-history":[{"count":0,"href":"https:\/\/www.ghostysky.com\/pt\/wp-json\/wp\/v2\/product\/21078\/revisions"}],"wp:featuredmedia":[{"embeddable":true,"href":"https:\/\/www.ghostysky.com\/pt\/wp-json\/wp\/v2\/media\/21084"}],"wp:attachment":[{"href":"https:\/\/www.ghostysky.com\/pt\/wp-json\/wp\/v2\/media?parent=21078"}],"wp:term":[{"taxonomy":"product_brand","embeddable":true,"href":"https:\/\/www.ghostysky.com\/pt\/wp-json\/wp\/v2\/product_brand?post=21078"},{"taxonomy":"product_cat","embeddable":true,"href":"https:\/\/www.ghostysky.com\/pt\/wp-json\/wp\/v2\/product_cat?post=21078"},{"taxonomy":"product_tag","embeddable":true,"href":"https:\/\/www.ghostysky.com\/pt\/wp-json\/wp\/v2\/product_tag?post=21078"}],"curies":[{"name":"wp","href":"https:\/\/api.w.org\/{rel}","templated":true}]}}