{"id":21097,"date":"2025-10-15T13:49:11","date_gmt":"2025-10-15T13:49:11","guid":{"rendered":"https:\/\/www.ghostysky.com\/?post_type=product&#038;p=21097"},"modified":"2026-01-10T09:54:45","modified_gmt":"2026-01-10T09:54:45","slug":"agilex-bunker-mini-2-0","status":"publish","type":"product","link":"https:\/\/www.ghostysky.com\/pt\/product\/agilex-bunker-mini-2-0\/","title":{"rendered":"Agilex Bunker Mini 2.0"},"content":{"rendered":"<h3><b>Principais recursos e capacidades<\/b><\/h3>\n<ul>\n<li><b>Desempenho robusto em todos os terrenos:<\/b><span class=\"citation-402\"> Constru\u00eddo com um l\u00edder da ind\u00fastria <\/span><b><span class=\"citation-402\">Classifica\u00e7\u00e3o de prote\u00e7\u00e3o IP67<\/span><\/b><span class=\"citation-402 citation-end-402\">, o Bunker Mini 2.0 \u00e9 altamente resistente \u00e0 entrada de areia, poeira e \u00e1gua, o que o torna destemido em ambientes de trabalho extremos, como lama, \u00e1reas \u00famidas e encostas \u00edngremes.<\/span> <span class=\"citation-401 citation-end-401\">Possui um grau m\u00e1ximo de escalada de <\/span><span class=\"math-inline\"><span class=\"katex\"><span class=\"katex-html\" aria-hidden=\"true\"><span class=\"base\"><span class=\"mord\">3<\/span><span class=\"mord\">0<span class=\"msupsub\"><span class=\"vlist-t\"><span class=\"vlist-r\"><span class=\"vlist\"><span class=\"\"><span class=\"sizing reset-size6 size3 mtight\"><span class=\"mbin mtight\">\u2218<\/span><\/span><\/span><\/span><\/span><\/span><\/span><\/span><\/span><\/span><\/span><\/span><span class=\"citation-400 citation-end-400\"> (sem carga \u00fatil).<\/span><\/li>\n<li><b>Tamanho compacto, grande carga \u00fatil:<\/b> Apesar de seu tamanho reduzido (aprox. <span class=\"math-inline\"><span class=\"katex\"><span class=\"katex-html\" aria-hidden=\"true\"><span class=\"base\"><span class=\"mord\">660<\/span><span class=\"mbin\">\u00d7<\/span><\/span><span class=\"base\"><span class=\"mord\">584<\/span><span class=\"mbin\">\u00d7<\/span><\/span><span class=\"base\"><span class=\"mord\">340<\/span><\/span><\/span><\/span><\/span><span class=\"citation-399\"> mm), seu design robusto e modular permite uma substancial <\/span><b><span class=\"citation-399\">Capacidade de carga \u00fatil de 25 kg<\/span><\/b><span class=\"citation-399 citation-end-399\">.<\/span> <span class=\"citation-398 citation-end-398\">Isso permite que ele transporte facilmente v\u00e1rios equipamentos de inspe\u00e7\u00e3o, c\u00e2meras ou plataformas de manuseio e preens\u00e3o de bra\u00e7os rob\u00f3ticos.<\/span><\/li>\n<li><b>Manobrabilidade \u00e1gil:<\/b><span class=\"citation-397\"> Sua constru\u00e7\u00e3o rastreada e dire\u00e7\u00e3o diferencial permitem uma <\/span><b><span class=\"citation-397\">raio de giro zero<\/span><\/b><span class=\"citation-397 citation-end-397\">, permitindo que ele gire no lugar e navegue em espa\u00e7os extremamente apertados e confinados com agilidade superior.<\/span> <span class=\"citation-396 citation-end-396\">A velocidade m\u00e1xima \u00e9 de at\u00e9 <\/span><span class=\"math-inline\"><span class=\"katex\"><span class=\"katex-html\" aria-hidden=\"true\"><span class=\"base\"><span class=\"mord\">5.4<\/span><span class=\"mord text\"><span class=\"mord\">\u00a0km\/h<\/span><\/span><\/span><\/span><\/span><\/span><span class=\"citation-395 citation-end-395\"> ou <\/span><span class=\"math-inline\"><span class=\"katex\"><span class=\"katex-html\" aria-hidden=\"true\"><span class=\"base\"><span class=\"mord\">1.5<\/span><span class=\"mord text\"><span class=\"mord\">\u00a0EM<\/span><\/span><\/span><\/span><\/span><\/span><span class=\"citation-394 citation-end-394\">.<\/span><\/li>\n<li><b>Desenvolvimento Secund\u00e1rio R\u00e1pido:<\/b><span class=\"citation-393\"> A plataforma foi projetada com a ecologia de c\u00f3digo aberto em mente, oferecendo suporte <\/span><b><span class=\"citation-393\">ROS (ROS1\/ROS2)<\/span><\/b><span class=\"citation-393 citation-end-393\">, Python e simula\u00e7\u00e3o GAZEBO.<\/span> <span class=\"citation-392\">Possui um padr\u00e3o <\/span><b><span class=\"citation-392\">Interface de comunica\u00e7\u00e3o de barramento CAN<\/span><\/b><span class=\"citation-392 citation-end-392\"> e reserve aberturas de perfil padr\u00e3o (trilhos de alum\u00ednio com ranhuras em T) para montagem r\u00e1pida de sensores externos, c\u00e2meras, IMUs e sistemas de controle.<\/span><\/li>\n<li><b>Aplica\u00e7\u00f5es vers\u00e1teis:<\/b> O Bunker Mini 2.0 fornece uma plataforma m\u00f3vel ideal para o desenvolvimento de aplica\u00e7\u00f5es rob\u00f3ticas especiais, incluindo:\n<ul>\n<li><span class=\"citation-391 citation-end-391\">Levantamento e mapeamento de hidrovias<\/span><\/li>\n<li>Explora\u00e7\u00e3o mineral<\/li>\n<li>Inspe\u00e7\u00e3o de dutos e infraestrutura<\/li>\n<li><span class=\"citation-390 citation-end-390\">Seguran\u00e7a e vigil\u00e2ncia<\/span><\/li>\n<li>Resgate EOD (Descarte de Artilharia Explosiva)<\/li>\n<li><span class=\"citation-389 citation-end-389\">Filmagem e transporte especializado<\/span><\/li>\n<\/ul>\n<\/li>\n<\/ul>\n<p><span class=\"citation-388 citation-end-388\">Em ess\u00eancia, o Bunker Mini 2.0 serve como um chassi industrial flex\u00edvel e completo, equilibrando a necessidade de mobilidade entre pa\u00edses com a capacidade de operar em espa\u00e7os complexos e estreitos, tornando-o uma excelente solu\u00e7\u00e3o para desenvolvedores e pesquisadores.<\/span><\/p>","protected":false},"excerpt":{"rendered":"<p><span class=\"citation-403\">O AgileX <\/span><b><span class=\"citation-403\">Rob\u00f4 m\u00f3vel rastreado Bunker Mini 2.0<\/span><\/b><span class=\"citation-403 citation-end-403\"> \u00e9 um chassi compacto, por\u00e9m potente, de Ve\u00edculo Terrestre N\u00e3o Tripulado (UGV), projetado para navegar em ambientes desafiadores e estreitos, tanto internos quanto externos.<\/span><\/p>","protected":false},"featured_media":21100,"comment_status":"open","ping_status":"closed","template":"","meta":[],"product_brand":[1046],"product_cat":[1043,1044,1042,1037],"product_tag":[1047,1063,1055,1052],"class_list":{"0":"post-21097","1":"product","2":"type-product","3":"status-publish","4":"has-post-thumbnail","6":"product_brand-agilex","7":"product_cat-agilex","8":"product_cat-agilex-robots","9":"product_cat-chassis","10":"product_cat-robotics","11":"product_tag-agilex","12":"product_tag-agilex-bunker-mini-2-0","13":"product_tag-agilex-chassis","14":"product_tag-agilex-robots","16":"first","17":"onbackorder","18":"taxable","19":"shipping-taxable","20":"purchasable","21":"product-type-simple"},"yoast_head":"<!-- This site is optimized with the Yoast SEO plugin v27.1.1 - https:\/\/yoast.com\/product\/yoast-seo-wordpress\/ -->\n<title>Agilex Bunker Mini 2.0 - Ghostysky<\/title>\n<meta name=\"description\" content=\"The AgileX Bunker Mini 2.0 Mobile Tracked Robot is a compact yet powerful Unmanned Ground Vehicle (UGV) chassis designed to navigate challenging and narrow environments, both indoors and outdoors.\" \/>\n<meta name=\"robots\" content=\"index, follow, max-snippet:-1, max-image-preview:large, max-video-preview:-1\" \/>\n<link rel=\"canonical\" href=\"https:\/\/www.ghostysky.com\/pt\/produto-2\/agilex-bunker-mini-2-0\/\" \/>\n<meta property=\"og:locale\" content=\"pt_PT\" \/>\n<meta property=\"og:type\" content=\"article\" \/>\n<meta property=\"og:title\" content=\"Agilex Bunker Mini 2.0 - Ghostysky\" \/>\n<meta property=\"og:description\" content=\"The AgileX Bunker Mini 2.0 Mobile Tracked Robot is a compact yet powerful Unmanned Ground Vehicle (UGV) chassis designed to navigate challenging and narrow environments, both indoors and outdoors.\" \/>\n<meta property=\"og:url\" content=\"https:\/\/www.ghostysky.com\/pt\/produto-2\/agilex-bunker-mini-2-0\/\" \/>\n<meta property=\"og:site_name\" content=\"Ghostysky\" \/>\n<meta property=\"article:publisher\" content=\"https:\/\/www.facebook.com\/people\/Ghostysky\/100057676170234\/\" \/>\n<meta property=\"article:modified_time\" content=\"2026-01-10T09:54:45+00:00\" \/>\n<meta property=\"og:image\" content=\"https:\/\/www.ghostysky.com\/wp-content\/uploads\/2025\/10\/GH_AgilexBunkerMini2.0_1.webp\" \/>\n\t<meta property=\"og:image:width\" content=\"1920\" \/>\n\t<meta property=\"og:image:height\" content=\"1920\" \/>\n\t<meta property=\"og:image:type\" content=\"image\/webp\" \/>\n<meta name=\"twitter:card\" content=\"summary_large_image\" \/>\n<meta name=\"twitter:site\" content=\"@Gh0stysky\" \/>\n<meta name=\"twitter:label1\" content=\"Tempo estimado de leitura\" \/>\n\t<meta name=\"twitter:data1\" content=\"2 minutos\" \/>\n<script type=\"application\/ld+json\" class=\"yoast-schema-graph\">{\"@context\":\"https:\/\/schema.org\",\"@graph\":[{\"@type\":\"WebPage\",\"@id\":\"https:\/\/www.ghostysky.com\/product\/agilex-bunker-mini-2-0\/\",\"url\":\"https:\/\/www.ghostysky.com\/product\/agilex-bunker-mini-2-0\/\",\"name\":\"Agilex Bunker Mini 2.0 - Ghostysky\",\"isPartOf\":{\"@id\":\"https:\/\/www.ghostysky.com\/#website\"},\"primaryImageOfPage\":{\"@id\":\"https:\/\/www.ghostysky.com\/product\/agilex-bunker-mini-2-0\/#primaryimage\"},\"image\":{\"@id\":\"https:\/\/www.ghostysky.com\/product\/agilex-bunker-mini-2-0\/#primaryimage\"},\"thumbnailUrl\":\"https:\/\/www.ghostysky.com\/wp-content\/uploads\/2025\/10\/GH_AgilexBunkerMini2.0_1.webp\",\"datePublished\":\"2025-10-15T13:49:11+00:00\",\"dateModified\":\"2026-01-10T09:54:45+00:00\",\"description\":\"The AgileX Bunker Mini 2.0 Mobile Tracked Robot is a compact yet powerful Unmanned Ground Vehicle (UGV) chassis designed to navigate challenging and narrow environments, both indoors and outdoors.\",\"breadcrumb\":{\"@id\":\"https:\/\/www.ghostysky.com\/product\/agilex-bunker-mini-2-0\/#breadcrumb\"},\"inLanguage\":\"pt-PT\",\"potentialAction\":[{\"@type\":\"ReadAction\",\"target\":[\"https:\/\/www.ghostysky.com\/product\/agilex-bunker-mini-2-0\/\"]}]},{\"@type\":\"ImageObject\",\"inLanguage\":\"pt-PT\",\"@id\":\"https:\/\/www.ghostysky.com\/product\/agilex-bunker-mini-2-0\/#primaryimage\",\"url\":\"https:\/\/www.ghostysky.com\/wp-content\/uploads\/2025\/10\/GH_AgilexBunkerMini2.0_1.webp\",\"contentUrl\":\"https:\/\/www.ghostysky.com\/wp-content\/uploads\/2025\/10\/GH_AgilexBunkerMini2.0_1.webp\",\"width\":1920,\"height\":1920},{\"@type\":\"BreadcrumbList\",\"@id\":\"https:\/\/www.ghostysky.com\/product\/agilex-bunker-mini-2-0\/#breadcrumb\",\"itemListElement\":[{\"@type\":\"ListItem\",\"position\":1,\"name\":\"Home\",\"item\":\"https:\/\/www.ghostysky.com\/\"},{\"@type\":\"ListItem\",\"position\":2,\"name\":\"Shop\",\"item\":\"https:\/\/www.ghostysky.com\/shop\/\"},{\"@type\":\"ListItem\",\"position\":3,\"name\":\"Agilex Bunker Mini 2.0\"}]},{\"@type\":\"WebSite\",\"@id\":\"https:\/\/www.ghostysky.com\/#website\",\"url\":\"https:\/\/www.ghostysky.com\/\",\"name\":\"Ghostysky\",\"description\":\"Delivering professional drones and services\",\"publisher\":{\"@id\":\"https:\/\/www.ghostysky.com\/#organization\"},\"potentialAction\":[{\"@type\":\"SearchAction\",\"target\":{\"@type\":\"EntryPoint\",\"urlTemplate\":\"https:\/\/www.ghostysky.com\/?s={search_term_string}\"},\"query-input\":{\"@type\":\"PropertyValueSpecification\",\"valueRequired\":true,\"valueName\":\"search_term_string\"}}],\"inLanguage\":\"pt-PT\"},{\"@type\":\"Organization\",\"@id\":\"https:\/\/www.ghostysky.com\/#organization\",\"name\":\"Ghostysky\",\"url\":\"https:\/\/www.ghostysky.com\/\",\"logo\":{\"@type\":\"ImageObject\",\"inLanguage\":\"pt-PT\",\"@id\":\"https:\/\/www.ghostysky.com\/#\/schema\/logo\/image\/\",\"url\":\"https:\/\/www.ghostysky.com\/wp-content\/uploads\/2020\/06\/cropped-ghostyskylogo_text_white2.png\",\"contentUrl\":\"https:\/\/www.ghostysky.com\/wp-content\/uploads\/2020\/06\/cropped-ghostyskylogo_text_white2.png\",\"width\":169,\"height\":56,\"caption\":\"Ghostysky\"},\"image\":{\"@id\":\"https:\/\/www.ghostysky.com\/#\/schema\/logo\/image\/\"},\"sameAs\":[\"https:\/\/www.facebook.com\/people\/Ghostysky\/100057676170234\/\",\"https:\/\/x.com\/Gh0stysky\",\"https:\/\/www.linkedin.com\/company\/34739653\",\"https:\/\/www.instagram.com\/gh0stysky\"]}]}<\/script>\n<!-- \/ Yoast SEO plugin. -->","yoast_head_json":{"title":"Agilex Bunker Mini 2.0 - Ghostysky","description":"O rob\u00f4 m\u00f3vel sobre esteiras AgileX Bunker Mini 2.0 \u00e9 um chassi compacto, por\u00e9m potente, de ve\u00edculo terrestre n\u00e3o tripulado (UGV), projetado para navegar em ambientes desafiadores e estreitos, tanto internos quanto externos.","robots":{"index":"index","follow":"follow","max-snippet":"max-snippet:-1","max-image-preview":"max-image-preview:large","max-video-preview":"max-video-preview:-1"},"canonical":"https:\/\/www.ghostysky.com\/pt\/produto-2\/agilex-bunker-mini-2-0\/","og_locale":"pt_PT","og_type":"article","og_title":"Agilex Bunker Mini 2.0 - Ghostysky","og_description":"The AgileX Bunker Mini 2.0 Mobile Tracked Robot is a compact yet powerful Unmanned Ground Vehicle (UGV) chassis designed to navigate challenging and narrow environments, both indoors and outdoors.","og_url":"https:\/\/www.ghostysky.com\/pt\/produto-2\/agilex-bunker-mini-2-0\/","og_site_name":"Ghostysky","article_publisher":"https:\/\/www.facebook.com\/people\/Ghostysky\/100057676170234\/","article_modified_time":"2026-01-10T09:54:45+00:00","og_image":[{"width":1920,"height":1920,"url":"https:\/\/www.ghostysky.com\/wp-content\/uploads\/2025\/10\/GH_AgilexBunkerMini2.0_1.webp","type":"image\/webp"}],"twitter_card":"summary_large_image","twitter_site":"@Gh0stysky","twitter_misc":{"Tempo estimado de leitura":"2 minutos"},"schema":{"@context":"https:\/\/schema.org","@graph":[{"@type":"WebPage","@id":"https:\/\/www.ghostysky.com\/product\/agilex-bunker-mini-2-0\/","url":"https:\/\/www.ghostysky.com\/product\/agilex-bunker-mini-2-0\/","name":"Agilex Bunker Mini 2.0 - Ghostysky","isPartOf":{"@id":"https:\/\/www.ghostysky.com\/#website"},"primaryImageOfPage":{"@id":"https:\/\/www.ghostysky.com\/product\/agilex-bunker-mini-2-0\/#primaryimage"},"image":{"@id":"https:\/\/www.ghostysky.com\/product\/agilex-bunker-mini-2-0\/#primaryimage"},"thumbnailUrl":"https:\/\/www.ghostysky.com\/wp-content\/uploads\/2025\/10\/GH_AgilexBunkerMini2.0_1.webp","datePublished":"2025-10-15T13:49:11+00:00","dateModified":"2026-01-10T09:54:45+00:00","description":"O rob\u00f4 m\u00f3vel sobre esteiras AgileX Bunker Mini 2.0 \u00e9 um chassi compacto, por\u00e9m potente, de ve\u00edculo terrestre n\u00e3o tripulado (UGV), projetado para navegar em ambientes desafiadores e estreitos, tanto internos quanto externos.","breadcrumb":{"@id":"https:\/\/www.ghostysky.com\/product\/agilex-bunker-mini-2-0\/#breadcrumb"},"inLanguage":"pt-PT","potentialAction":[{"@type":"ReadAction","target":["https:\/\/www.ghostysky.com\/product\/agilex-bunker-mini-2-0\/"]}]},{"@type":"ImageObject","inLanguage":"pt-PT","@id":"https:\/\/www.ghostysky.com\/product\/agilex-bunker-mini-2-0\/#primaryimage","url":"https:\/\/www.ghostysky.com\/wp-content\/uploads\/2025\/10\/GH_AgilexBunkerMini2.0_1.webp","contentUrl":"https:\/\/www.ghostysky.com\/wp-content\/uploads\/2025\/10\/GH_AgilexBunkerMini2.0_1.webp","width":1920,"height":1920},{"@type":"BreadcrumbList","@id":"https:\/\/www.ghostysky.com\/product\/agilex-bunker-mini-2-0\/#breadcrumb","itemListElement":[{"@type":"ListItem","position":1,"name":"Home","item":"https:\/\/www.ghostysky.com\/"},{"@type":"ListItem","position":2,"name":"Shop","item":"https:\/\/www.ghostysky.com\/shop\/"},{"@type":"ListItem","position":3,"name":"Agilex Bunker Mini 2.0"}]},{"@type":"WebSite","@id":"https:\/\/www.ghostysky.com\/#website","url":"https:\/\/www.ghostysky.com\/","name":"Ghostysky","description":"Fornecendo drones e servi\u00e7os profissionais","publisher":{"@id":"https:\/\/www.ghostysky.com\/#organization"},"potentialAction":[{"@type":"SearchAction","target":{"@type":"EntryPoint","urlTemplate":"https:\/\/www.ghostysky.com\/?s={search_term_string}"},"query-input":{"@type":"PropertyValueSpecification","valueRequired":true,"valueName":"search_term_string"}}],"inLanguage":"pt-PT"},{"@type":"Organization","@id":"https:\/\/www.ghostysky.com\/#organization","name":"Ghostysky","url":"https:\/\/www.ghostysky.com\/","logo":{"@type":"ImageObject","inLanguage":"pt-PT","@id":"https:\/\/www.ghostysky.com\/#\/schema\/logo\/image\/","url":"https:\/\/www.ghostysky.com\/wp-content\/uploads\/2020\/06\/cropped-ghostyskylogo_text_white2.png","contentUrl":"https:\/\/www.ghostysky.com\/wp-content\/uploads\/2020\/06\/cropped-ghostyskylogo_text_white2.png","width":169,"height":56,"caption":"Ghostysky"},"image":{"@id":"https:\/\/www.ghostysky.com\/#\/schema\/logo\/image\/"},"sameAs":["https:\/\/www.facebook.com\/people\/Ghostysky\/100057676170234\/","https:\/\/x.com\/Gh0stysky","https:\/\/www.linkedin.com\/company\/34739653","https:\/\/www.instagram.com\/gh0stysky"]}]}},"_links":{"self":[{"href":"https:\/\/www.ghostysky.com\/pt\/wp-json\/wp\/v2\/product\/21097","targetHints":{"allow":["GET"]}}],"collection":[{"href":"https:\/\/www.ghostysky.com\/pt\/wp-json\/wp\/v2\/product"}],"about":[{"href":"https:\/\/www.ghostysky.com\/pt\/wp-json\/wp\/v2\/types\/product"}],"replies":[{"embeddable":true,"href":"https:\/\/www.ghostysky.com\/pt\/wp-json\/wp\/v2\/comments?post=21097"}],"wp:featuredmedia":[{"embeddable":true,"href":"https:\/\/www.ghostysky.com\/pt\/wp-json\/wp\/v2\/media\/21100"}],"wp:attachment":[{"href":"https:\/\/www.ghostysky.com\/pt\/wp-json\/wp\/v2\/media?parent=21097"}],"wp:term":[{"taxonomy":"product_brand","embeddable":true,"href":"https:\/\/www.ghostysky.com\/pt\/wp-json\/wp\/v2\/product_brand?post=21097"},{"taxonomy":"product_cat","embeddable":true,"href":"https:\/\/www.ghostysky.com\/pt\/wp-json\/wp\/v2\/product_cat?post=21097"},{"taxonomy":"product_tag","embeddable":true,"href":"https:\/\/www.ghostysky.com\/pt\/wp-json\/wp\/v2\/product_tag?post=21097"}],"curies":[{"name":"wp","href":"https:\/\/api.w.org\/{rel}","templated":true}]}}