{"id":21104,"date":"2025-10-15T14:00:56","date_gmt":"2025-10-15T14:00:56","guid":{"rendered":"https:\/\/www.ghostysky.com\/?post_type=product&#038;p=21104"},"modified":"2026-01-10T09:54:01","modified_gmt":"2026-01-10T09:54:01","slug":"agilex-bunker-pro","status":"publish","type":"product","link":"https:\/\/www.ghostysky.com\/pt\/product\/agilex-bunker-pro\/","title":{"rendered":"Agilex Bunker Pro"},"content":{"rendered":"<h3><b>Principais recursos e capacidades<\/b><\/h3>\n<ul>\n<li><b><span class=\"citation-425\">Mobilidade Off-Road Excepcional:<\/span><\/b><span class=\"citation-425 citation-end-425\"> Apresentando um sistema de suspens\u00e3o avan\u00e7ado multi-link com amortecedores refor\u00e7ados, o BUNKER PRO pode facilmente atravessar terrenos desafiadores, incluindo solos macios, encostas \u00edngremes (at\u00e9 <\/span><span class=\"math-inline\"><span class=\"katex\"><span class=\"katex-html\" aria-hidden=\"true\"><span class=\"base\"><span class=\"mord\">3<\/span><span class=\"mord\">0<span class=\"msupsub\"><span class=\"vlist-t\"><span class=\"vlist-r\"><span class=\"vlist\"><span class=\"\"><span class=\"sizing reset-size6 size3 mtight\"><span class=\"mbin mtight\">\u2218<\/span><\/span><\/span><\/span><\/span><\/span><\/span><\/span><\/span><\/span><\/span><\/span><span class=\"citation-424 citation-end-424\"> subir), escadas, pedras, lama e areia.<\/span> <span class=\"citation-423 citation-end-423\">Ele tamb\u00e9m tem um design anticolis\u00e3o exclusivo.<\/span><\/li>\n<li><b><span class=\"citation-422\">Alta prote\u00e7\u00e3o de entrada (IP67):<\/span><\/b><span class=\"citation-422 citation-end-422\"> A constru\u00e7\u00e3o robusta possui classifica\u00e7\u00e3o IP67, o que significa que \u00e9 completamente \u00e0 prova de poeira e protegida contra imers\u00e3o tempor\u00e1ria em \u00e1gua, garantindo uma opera\u00e7\u00e3o confi\u00e1vel em condi\u00e7\u00f5es adversas, \u00famidas ou empoeiradas.<\/span><\/li>\n<li><b><span class=\"citation-421\">Capacidade de carga \u00fatil pesada:<\/span><\/b><span class=\"citation-421\"> Com uma impressionante carga \u00fatil m\u00e1xima de <\/span><b><span class=\"citation-421\">120 kg<\/span><\/b><span class=\"citation-421 citation-end-421\">, a plataforma pode transportar com seguran\u00e7a uma ampla gama de sensores, instrumentos, bra\u00e7os rob\u00f3ticos ou materiais pesados para diversas aplica\u00e7\u00f5es.<\/span><\/li>\n<li><b>Manobrabilidade \u00e1gil:<\/b><span class=\"citation-420 citation-end-420\"> Equipado com dois servomotores potentes sem escovas, o BUNKER PRO oferece rota\u00e7\u00e3o cont\u00ednua no local, acionando suas esteiras em dire\u00e7\u00f5es opostas, permitindo manobras e posicionamento precisos em espa\u00e7os confinados.<\/span><\/li>\n<li><b><span class=\"citation-419\">Plataforma amig\u00e1vel ao desenvolvimento:<\/span><\/b><span class=\"citation-419\"> Ele fornece interfaces de hardware acess\u00edveis, principalmente um <\/span><b><span class=\"citation-419\">Protocolo de barramento CAN<\/span><\/b><span class=\"citation-419 citation-end-419\">, para f\u00e1cil integra\u00e7\u00e3o de dispositivos e sensores externos (como LiDAR, c\u00e2meras e GPS).<\/span><\/li>\n<li><b><span class=\"citation-418\">Ecossistema de software:<\/span><\/b><span class=\"citation-418\"> A plataforma \u00e9 altamente adequada para desenvolvimento secund\u00e1rio, oferecendo <\/span><b><span class=\"citation-418\">SDKs de c\u00f3digo aberto<\/span><\/b><span class=\"citation-418\"> e cheio <\/span><b><span class=\"citation-418\">Compatibilidade com ROS (Sistema Operacional de Rob\u00f4s)<\/span><\/b><span class=\"citation-418 citation-end-418\"> com pacotes C++ e ROS dispon\u00edveis para acelerar o desenvolvimento de algoritmos aut\u00f4nomos de navega\u00e7\u00e3o, inspe\u00e7\u00e3o e explora\u00e7\u00e3o.<\/span><\/li>\n<li><b><span class=\"citation-417\">Aplica\u00e7\u00f5es vers\u00e1teis:<\/span><\/b><span class=\"citation-417 citation-end-417\"> O BUNKER PRO \u00e9 uma excelente escolha para pesquisa e desenvolvimento, inspe\u00e7\u00f5es industriais, tarefas agr\u00edcolas, log\u00edstica, explora\u00e7\u00e3o de \u00e1reas de dif\u00edcil acesso e opera\u00e7\u00f5es de seguran\u00e7a ou resgate.<\/span>\n<div class=\"source-inline-chip-container ng-star-inserted\"><\/div>\n<\/li>\n<\/ul>\n<p><span class=\"citation-416 citation-end-416\">Em ess\u00eancia, o AgileX BUNKER PRO fornece uma plataforma m\u00f3vel robusta, poderosa e altamente personaliz\u00e1vel para pesquisadores e profissionais da ind\u00fastria que est\u00e3o expandindo os limites da rob\u00f3tica todo-terreno.<\/span><\/p>","protected":false},"excerpt":{"rendered":"<p><span class=\"citation-427\">O AgileX <\/span><b><span class=\"citation-427\">BUNKER PRO<\/span><\/b><span class=\"citation-427 citation-end-427\"> \u00e9 um chassi de ve\u00edculo terrestre n\u00e3o tripulado (UGV) de alta resist\u00eancia e esteiras, projetado como uma plataforma de desenvolvimento de rob\u00f4s m\u00f3veis de alta precis\u00e3o e acionamento por fio.<\/span> <span class=\"citation-426 citation-end-426\">Projetado para desempenho e confiabilidade off-road superiores, \u00e9 a base ideal para criar aplica\u00e7\u00f5es de rob\u00f4s aut\u00f4nomos nos ambientes mais exigentes.<\/span><\/p>","protected":false},"featured_media":21107,"comment_status":"open","ping_status":"closed","template":"","meta":[],"product_brand":[1046],"product_cat":[1043,1044,1042,1037],"product_tag":[1047,1055,1052,1064],"class_list":{"0":"post-21104","1":"product","2":"type-product","3":"status-publish","4":"has-post-thumbnail","6":"product_brand-agilex","7":"product_cat-agilex","8":"product_cat-agilex-robots","9":"product_cat-chassis","10":"product_cat-robotics","11":"product_tag-agilex","12":"product_tag-agilex-chassis","13":"product_tag-agilex-robots","14":"product_tag-bunker-pro","16":"first","17":"onbackorder","18":"taxable","19":"shipping-taxable","20":"purchasable","21":"product-type-simple"},"yoast_head":"<!-- This site is optimized with the Yoast SEO plugin v27.1.1 - https:\/\/yoast.com\/product\/yoast-seo-wordpress\/ -->\n<title>Agilex Bunker Pro - Ghostysky<\/title>\n<meta name=\"description\" content=\"The AgileX BUNKER PRO is a heavy-duty, tracked Unmanned Ground Vehicle (UGV) chassis engineered as a high-precision, drive-by-wire mobile robot development platform. Designed for superior off-road performance and reliability, it is the ideal foundation for creating autonomous robot applications in the most demanding environments.\" \/>\n<meta name=\"robots\" content=\"index, follow, max-snippet:-1, max-image-preview:large, max-video-preview:-1\" \/>\n<link rel=\"canonical\" href=\"https:\/\/www.ghostysky.com\/pt\/produto-2\/agilex-bunker-pro\/\" \/>\n<meta property=\"og:locale\" content=\"pt_PT\" \/>\n<meta property=\"og:type\" content=\"article\" \/>\n<meta property=\"og:title\" content=\"Agilex Bunker Pro - Ghostysky\" \/>\n<meta property=\"og:description\" content=\"The AgileX BUNKER PRO is a heavy-duty, tracked Unmanned Ground Vehicle (UGV) chassis engineered as a high-precision, drive-by-wire mobile robot development platform. Designed for superior off-road performance and reliability, it is the ideal foundation for creating autonomous robot applications in the most demanding environments.\" \/>\n<meta property=\"og:url\" content=\"https:\/\/www.ghostysky.com\/pt\/produto-2\/agilex-bunker-pro\/\" \/>\n<meta property=\"og:site_name\" content=\"Ghostysky\" \/>\n<meta property=\"article:publisher\" content=\"https:\/\/www.facebook.com\/people\/Ghostysky\/100057676170234\/\" \/>\n<meta property=\"article:modified_time\" content=\"2026-01-10T09:54:01+00:00\" \/>\n<meta property=\"og:image\" content=\"https:\/\/www.ghostysky.com\/wp-content\/uploads\/2025\/10\/GH_AgilexBunkerPro_1.webp\" \/>\n\t<meta property=\"og:image:width\" content=\"2400\" \/>\n\t<meta property=\"og:image:height\" content=\"2400\" \/>\n\t<meta property=\"og:image:type\" content=\"image\/webp\" \/>\n<meta name=\"twitter:card\" content=\"summary_large_image\" \/>\n<meta name=\"twitter:site\" content=\"@Gh0stysky\" \/>\n<meta name=\"twitter:label1\" content=\"Tempo estimado de leitura\" \/>\n\t<meta name=\"twitter:data1\" content=\"2 minutos\" \/>\n<script type=\"application\/ld+json\" class=\"yoast-schema-graph\">{\"@context\":\"https:\/\/schema.org\",\"@graph\":[{\"@type\":\"WebPage\",\"@id\":\"https:\/\/www.ghostysky.com\/product\/agilex-bunker-pro\/\",\"url\":\"https:\/\/www.ghostysky.com\/product\/agilex-bunker-pro\/\",\"name\":\"Agilex Bunker Pro - Ghostysky\",\"isPartOf\":{\"@id\":\"https:\/\/www.ghostysky.com\/#website\"},\"primaryImageOfPage\":{\"@id\":\"https:\/\/www.ghostysky.com\/product\/agilex-bunker-pro\/#primaryimage\"},\"image\":{\"@id\":\"https:\/\/www.ghostysky.com\/product\/agilex-bunker-pro\/#primaryimage\"},\"thumbnailUrl\":\"https:\/\/www.ghostysky.com\/wp-content\/uploads\/2025\/10\/GH_AgilexBunkerPro_1.webp\",\"datePublished\":\"2025-10-15T14:00:56+00:00\",\"dateModified\":\"2026-01-10T09:54:01+00:00\",\"description\":\"The AgileX BUNKER PRO is a heavy-duty, tracked Unmanned Ground Vehicle (UGV) chassis engineered as a high-precision, drive-by-wire mobile robot development platform. Designed for superior off-road performance and reliability, it is the ideal foundation for creating autonomous robot applications in the most demanding environments.\",\"breadcrumb\":{\"@id\":\"https:\/\/www.ghostysky.com\/product\/agilex-bunker-pro\/#breadcrumb\"},\"inLanguage\":\"pt-PT\",\"potentialAction\":[{\"@type\":\"ReadAction\",\"target\":[\"https:\/\/www.ghostysky.com\/product\/agilex-bunker-pro\/\"]}]},{\"@type\":\"ImageObject\",\"inLanguage\":\"pt-PT\",\"@id\":\"https:\/\/www.ghostysky.com\/product\/agilex-bunker-pro\/#primaryimage\",\"url\":\"https:\/\/www.ghostysky.com\/wp-content\/uploads\/2025\/10\/GH_AgilexBunkerPro_1.webp\",\"contentUrl\":\"https:\/\/www.ghostysky.com\/wp-content\/uploads\/2025\/10\/GH_AgilexBunkerPro_1.webp\",\"width\":2400,\"height\":2400},{\"@type\":\"BreadcrumbList\",\"@id\":\"https:\/\/www.ghostysky.com\/product\/agilex-bunker-pro\/#breadcrumb\",\"itemListElement\":[{\"@type\":\"ListItem\",\"position\":1,\"name\":\"Home\",\"item\":\"https:\/\/www.ghostysky.com\/\"},{\"@type\":\"ListItem\",\"position\":2,\"name\":\"Shop\",\"item\":\"https:\/\/www.ghostysky.com\/shop\/\"},{\"@type\":\"ListItem\",\"position\":3,\"name\":\"Agilex Bunker Pro\"}]},{\"@type\":\"WebSite\",\"@id\":\"https:\/\/www.ghostysky.com\/#website\",\"url\":\"https:\/\/www.ghostysky.com\/\",\"name\":\"Ghostysky\",\"description\":\"Delivering professional drones and services\",\"publisher\":{\"@id\":\"https:\/\/www.ghostysky.com\/#organization\"},\"potentialAction\":[{\"@type\":\"SearchAction\",\"target\":{\"@type\":\"EntryPoint\",\"urlTemplate\":\"https:\/\/www.ghostysky.com\/?s={search_term_string}\"},\"query-input\":{\"@type\":\"PropertyValueSpecification\",\"valueRequired\":true,\"valueName\":\"search_term_string\"}}],\"inLanguage\":\"pt-PT\"},{\"@type\":\"Organization\",\"@id\":\"https:\/\/www.ghostysky.com\/#organization\",\"name\":\"Ghostysky\",\"url\":\"https:\/\/www.ghostysky.com\/\",\"logo\":{\"@type\":\"ImageObject\",\"inLanguage\":\"pt-PT\",\"@id\":\"https:\/\/www.ghostysky.com\/#\/schema\/logo\/image\/\",\"url\":\"https:\/\/www.ghostysky.com\/wp-content\/uploads\/2020\/06\/cropped-ghostyskylogo_text_white2.png\",\"contentUrl\":\"https:\/\/www.ghostysky.com\/wp-content\/uploads\/2020\/06\/cropped-ghostyskylogo_text_white2.png\",\"width\":169,\"height\":56,\"caption\":\"Ghostysky\"},\"image\":{\"@id\":\"https:\/\/www.ghostysky.com\/#\/schema\/logo\/image\/\"},\"sameAs\":[\"https:\/\/www.facebook.com\/people\/Ghostysky\/100057676170234\/\",\"https:\/\/x.com\/Gh0stysky\",\"https:\/\/www.linkedin.com\/company\/34739653\",\"https:\/\/www.instagram.com\/gh0stysky\"]}]}<\/script>\n<!-- \/ Yoast SEO plugin. -->","yoast_head_json":{"title":"Agilex Bunker Pro - Ghostysky","description":"O AgileX BUNKER PRO \u00e9 um chassi de Ve\u00edculo Terrestre N\u00e3o Tripulado (UGV) de alta resist\u00eancia e esteiras, projetado como uma plataforma de desenvolvimento de rob\u00f4s m\u00f3veis de alta precis\u00e3o e acionamento por fio. Projetado para desempenho e confiabilidade off-road superiores, \u00e9 a base ideal para a cria\u00e7\u00e3o de aplica\u00e7\u00f5es de rob\u00f4s aut\u00f4nomos nos ambientes mais exigentes.","robots":{"index":"index","follow":"follow","max-snippet":"max-snippet:-1","max-image-preview":"max-image-preview:large","max-video-preview":"max-video-preview:-1"},"canonical":"https:\/\/www.ghostysky.com\/pt\/produto-2\/agilex-bunker-pro\/","og_locale":"pt_PT","og_type":"article","og_title":"Agilex Bunker Pro - Ghostysky","og_description":"The AgileX BUNKER PRO is a heavy-duty, tracked Unmanned Ground Vehicle (UGV) chassis engineered as a high-precision, drive-by-wire mobile robot development platform. Designed for superior off-road performance and reliability, it is the ideal foundation for creating autonomous robot applications in the most demanding environments.","og_url":"https:\/\/www.ghostysky.com\/pt\/produto-2\/agilex-bunker-pro\/","og_site_name":"Ghostysky","article_publisher":"https:\/\/www.facebook.com\/people\/Ghostysky\/100057676170234\/","article_modified_time":"2026-01-10T09:54:01+00:00","og_image":[{"width":2400,"height":2400,"url":"https:\/\/www.ghostysky.com\/wp-content\/uploads\/2025\/10\/GH_AgilexBunkerPro_1.webp","type":"image\/webp"}],"twitter_card":"summary_large_image","twitter_site":"@Gh0stysky","twitter_misc":{"Tempo estimado de leitura":"2 minutos"},"schema":{"@context":"https:\/\/schema.org","@graph":[{"@type":"WebPage","@id":"https:\/\/www.ghostysky.com\/product\/agilex-bunker-pro\/","url":"https:\/\/www.ghostysky.com\/product\/agilex-bunker-pro\/","name":"Agilex Bunker Pro - Ghostysky","isPartOf":{"@id":"https:\/\/www.ghostysky.com\/#website"},"primaryImageOfPage":{"@id":"https:\/\/www.ghostysky.com\/product\/agilex-bunker-pro\/#primaryimage"},"image":{"@id":"https:\/\/www.ghostysky.com\/product\/agilex-bunker-pro\/#primaryimage"},"thumbnailUrl":"https:\/\/www.ghostysky.com\/wp-content\/uploads\/2025\/10\/GH_AgilexBunkerPro_1.webp","datePublished":"2025-10-15T14:00:56+00:00","dateModified":"2026-01-10T09:54:01+00:00","description":"O AgileX BUNKER PRO \u00e9 um chassi de Ve\u00edculo Terrestre N\u00e3o Tripulado (UGV) de alta resist\u00eancia e esteiras, projetado como uma plataforma de desenvolvimento de rob\u00f4s m\u00f3veis de alta precis\u00e3o e acionamento por fio. Projetado para desempenho e confiabilidade off-road superiores, \u00e9 a base ideal para a cria\u00e7\u00e3o de aplica\u00e7\u00f5es de rob\u00f4s aut\u00f4nomos nos ambientes mais exigentes.","breadcrumb":{"@id":"https:\/\/www.ghostysky.com\/product\/agilex-bunker-pro\/#breadcrumb"},"inLanguage":"pt-PT","potentialAction":[{"@type":"ReadAction","target":["https:\/\/www.ghostysky.com\/product\/agilex-bunker-pro\/"]}]},{"@type":"ImageObject","inLanguage":"pt-PT","@id":"https:\/\/www.ghostysky.com\/product\/agilex-bunker-pro\/#primaryimage","url":"https:\/\/www.ghostysky.com\/wp-content\/uploads\/2025\/10\/GH_AgilexBunkerPro_1.webp","contentUrl":"https:\/\/www.ghostysky.com\/wp-content\/uploads\/2025\/10\/GH_AgilexBunkerPro_1.webp","width":2400,"height":2400},{"@type":"BreadcrumbList","@id":"https:\/\/www.ghostysky.com\/product\/agilex-bunker-pro\/#breadcrumb","itemListElement":[{"@type":"ListItem","position":1,"name":"Home","item":"https:\/\/www.ghostysky.com\/"},{"@type":"ListItem","position":2,"name":"Shop","item":"https:\/\/www.ghostysky.com\/shop\/"},{"@type":"ListItem","position":3,"name":"Agilex Bunker Pro"}]},{"@type":"WebSite","@id":"https:\/\/www.ghostysky.com\/#website","url":"https:\/\/www.ghostysky.com\/","name":"Ghostysky","description":"Fornecendo drones e servi\u00e7os profissionais","publisher":{"@id":"https:\/\/www.ghostysky.com\/#organization"},"potentialAction":[{"@type":"SearchAction","target":{"@type":"EntryPoint","urlTemplate":"https:\/\/www.ghostysky.com\/?s={search_term_string}"},"query-input":{"@type":"PropertyValueSpecification","valueRequired":true,"valueName":"search_term_string"}}],"inLanguage":"pt-PT"},{"@type":"Organization","@id":"https:\/\/www.ghostysky.com\/#organization","name":"Ghostysky","url":"https:\/\/www.ghostysky.com\/","logo":{"@type":"ImageObject","inLanguage":"pt-PT","@id":"https:\/\/www.ghostysky.com\/#\/schema\/logo\/image\/","url":"https:\/\/www.ghostysky.com\/wp-content\/uploads\/2020\/06\/cropped-ghostyskylogo_text_white2.png","contentUrl":"https:\/\/www.ghostysky.com\/wp-content\/uploads\/2020\/06\/cropped-ghostyskylogo_text_white2.png","width":169,"height":56,"caption":"Ghostysky"},"image":{"@id":"https:\/\/www.ghostysky.com\/#\/schema\/logo\/image\/"},"sameAs":["https:\/\/www.facebook.com\/people\/Ghostysky\/100057676170234\/","https:\/\/x.com\/Gh0stysky","https:\/\/www.linkedin.com\/company\/34739653","https:\/\/www.instagram.com\/gh0stysky"]}]}},"_links":{"self":[{"href":"https:\/\/www.ghostysky.com\/pt\/wp-json\/wp\/v2\/product\/21104","targetHints":{"allow":["GET"]}}],"collection":[{"href":"https:\/\/www.ghostysky.com\/pt\/wp-json\/wp\/v2\/product"}],"about":[{"href":"https:\/\/www.ghostysky.com\/pt\/wp-json\/wp\/v2\/types\/product"}],"replies":[{"embeddable":true,"href":"https:\/\/www.ghostysky.com\/pt\/wp-json\/wp\/v2\/comments?post=21104"}],"wp:featuredmedia":[{"embeddable":true,"href":"https:\/\/www.ghostysky.com\/pt\/wp-json\/wp\/v2\/media\/21107"}],"wp:attachment":[{"href":"https:\/\/www.ghostysky.com\/pt\/wp-json\/wp\/v2\/media?parent=21104"}],"wp:term":[{"taxonomy":"product_brand","embeddable":true,"href":"https:\/\/www.ghostysky.com\/pt\/wp-json\/wp\/v2\/product_brand?post=21104"},{"taxonomy":"product_cat","embeddable":true,"href":"https:\/\/www.ghostysky.com\/pt\/wp-json\/wp\/v2\/product_cat?post=21104"},{"taxonomy":"product_tag","embeddable":true,"href":"https:\/\/www.ghostysky.com\/pt\/wp-json\/wp\/v2\/product_tag?post=21104"}],"curies":[{"name":"wp","href":"https:\/\/api.w.org\/{rel}","templated":true}]}}