{"id":21119,"date":"2025-10-15T14:33:00","date_gmt":"2025-10-15T14:33:00","guid":{"rendered":"https:\/\/www.ghostysky.com\/?post_type=product&#038;p=21119"},"modified":"2026-01-10T09:35:28","modified_gmt":"2026-01-10T09:35:28","slug":"limo-pro-orin-nano","status":"publish","type":"product","link":"https:\/\/www.ghostysky.com\/pt\/product\/limo-pro-orin-nano\/","title":{"rendered":"LIMO Pro (Orin Nano)"},"content":{"rendered":"<h3><b>Caracter\u00edsticas principais<\/b><\/h3>\n<ul>\n<li><b>Computa\u00e7\u00e3o avan\u00e7ada de IA:<\/b><span class=\"citation-509\"> No seu cerne est\u00e1 o <\/span><b><span class=\"citation-509\">NVIDIA Jetson Orin Nano<\/span><\/b><span class=\"citation-509 citation-end-509\">, fornecendo recursos de computa\u00e7\u00e3o de ponta extremamente poderosos para fus\u00e3o de dados multissensores est\u00e1veis e de alta velocidade e tarefas complexas como SLAM (Localiza\u00e7\u00e3o e Mapeamento Simult\u00e2neos).<\/span><\/li>\n<li><b><span class=\"citation-508\">Su\u00edte Percep\u00e7\u00e3o Robusta:<\/span><\/b><span class=\"citation-508\"> Equipado com o <\/span><b><span class=\"citation-508\">EAI T-mini Pro LiDAR<\/span><\/b><span class=\"citation-508\"> e um <\/span><b><span class=\"citation-508\">C\u00e2mera de profundidade Orbbec DaBai<\/span><\/b><span class=\"citation-508 citation-end-508\">, o LIMO Pro oferece uma consci\u00eancia ambiental incompar\u00e1vel.<\/span> <span class=\"citation-507 citation-end-507\">Essa combina\u00e7\u00e3o de sensores permite mapeamento 3D preciso, localiza\u00e7\u00e3o aut\u00f4noma, planejamento de navega\u00e7\u00e3o, preven\u00e7\u00e3o din\u00e2mica de obst\u00e1culos e aplica\u00e7\u00f5es de reconhecimento visual.<\/span><\/li>\n<li><b>Dire\u00e7\u00e3o multimodal patenteada:<\/b><span class=\"citation-506\"> O design exclusivo oferece suporte <\/span><b><span class=\"citation-506\">quatro modos de dire\u00e7\u00e3o diferentes<\/span><\/b><span class=\"citation-506 citation-end-506\"> (Diferencial nas quatro rodas, Ackermann, Omnidirecional e Rastreado) por meio de configura\u00e7\u00f5es de rodas rapidamente intercambi\u00e1veis, oferecendo versatilidade e adaptabilidade excepcionais a diversos cen\u00e1rios e terrenos de pesquisa.<\/span><\/li>\n<li><b>Compatibilidade ROS\/ROS 2:<\/b><span class=\"citation-505\"> A plataforma suporta ambos <\/span><b><span class=\"citation-505\">ROS 1 (No\u00e9tico)<\/span><\/b><span class=\"citation-505\"> e <\/span><b><span class=\"citation-505\">ROS 2 (Foxy\/Humilde)<\/span><\/b><span class=\"citation-505 citation-end-505\">, garantindo integra\u00e7\u00e3o perfeita com estruturas de software de rob\u00f3tica populares e de c\u00f3digo aberto e um amplo ecossistema de ferramentas e pacotes.<\/span><\/li>\n<li><b>Resist\u00eancia estendida:<\/b><span class=\"citation-504\"> Apresentando um atualizado <\/span><b><span class=\"citation-504\">Bateria de 10 Ah 12 V<\/span><\/b><span class=\"citation-504\">, o LIMO Pro fornece at\u00e9 <\/span><b><span class=\"citation-504\">2,5 horas de trabalho cont\u00ednuo<\/span><\/b><span class=\"citation-504 citation-end-504\"> para pesquisa e experimenta\u00e7\u00e3o ininterruptas.<\/span><\/li>\n<li><b><span class=\"citation-503\">C\u00f3digo aberto e personaliz\u00e1vel:<\/span><\/b><span class=\"citation-503 citation-end-503\"> Projetado com uma estrutura escal\u00e1vel e modular, o LIMO Pro oferece amplo espa\u00e7o interno para expans\u00e3o e \u00e9 compat\u00edvel com as principais linguagens de programa\u00e7\u00e3o (Python, C++). \u00c9 uma plataforma ideal para desenvolver e testar aplica\u00e7\u00f5es rob\u00f3ticas personalizadas, incluindo dire\u00e7\u00e3o aut\u00f4noma, manipula\u00e7\u00e3o m\u00f3vel e sistemas multirrob\u00f4s.<\/span>\n<div class=\"source-inline-chip-container ng-star-inserted\"><\/div>\n<\/li>\n<\/ul>\n<p><span class=\"citation-502 citation-end-502\">O LIMO Pro (Orin Nano) \u00e9 a ferramenta definitiva, compacta e de alto desempenho para aprendizado pr\u00e1tico, educa\u00e7\u00e3o avan\u00e7ada e pesquisa profissional em rob\u00f3tica e intelig\u00eancia artificial.<\/span><\/p>","protected":false},"excerpt":{"rendered":"<p><span class=\"citation-510\">O <\/span><b><span class=\"citation-510\">LIMO Pro (Orin Nano)<\/span><\/b><span class=\"citation-510 citation-end-510\"> \u00e9 uma plataforma de rob\u00f3tica m\u00f3vel multimodal poderosa, projetada para estudantes, pesquisadores e desenvolvedores que est\u00e3o expandindo os limites da navega\u00e7\u00e3o aut\u00f4noma, IA e pesquisa em rob\u00f3tica.<\/span><\/p>","protected":false},"featured_media":21123,"comment_status":"open","ping_status":"closed","template":"","meta":[],"product_brand":[1046],"product_cat":[1043,1044,1042,1037],"product_tag":[1047,1067,1068],"class_list":{"0":"post-21119","1":"product","2":"type-product","3":"status-publish","4":"has-post-thumbnail","6":"product_brand-agilex","7":"product_cat-agilex","8":"product_cat-agilex-robots","9":"product_cat-chassis","10":"product_cat-robotics","11":"product_tag-agilex","12":"product_tag-agilex-limo-education","13":"product_tag-agilex-limo-pro","15":"first","16":"onbackorder","17":"taxable","18":"shipping-taxable","19":"purchasable","20":"product-type-simple"},"yoast_head":"<!-- This site is optimized with the Yoast SEO plugin v27.4 - https:\/\/yoast.com\/product\/yoast-seo-wordpress\/ -->\n<title>LIMO Pro (Orin Nano) - Ghostysky<\/title>\n<meta name=\"description\" content=\"The LIMO Pro (Orin Nano) is a powerful, multi-modal mobile robotics platform designed for students, researchers, and developers pushing the boundaries of autonomous navigation, AI, and robotics research.\" \/>\n<meta name=\"robots\" content=\"index, follow, max-snippet:-1, max-image-preview:large, max-video-preview:-1\" \/>\n<link rel=\"canonical\" href=\"https:\/\/www.ghostysky.com\/pt\/produto-2\/limo-pro-orin-nano\/\" \/>\n<meta property=\"og:locale\" content=\"pt_PT\" \/>\n<meta property=\"og:type\" content=\"article\" \/>\n<meta property=\"og:title\" content=\"LIMO Pro (Orin Nano) - Ghostysky\" \/>\n<meta property=\"og:description\" content=\"The LIMO Pro (Orin Nano) is a powerful, multi-modal mobile robotics platform designed for students, researchers, and developers pushing the boundaries of autonomous navigation, AI, and robotics research.\" \/>\n<meta property=\"og:url\" content=\"https:\/\/www.ghostysky.com\/pt\/produto-2\/limo-pro-orin-nano\/\" \/>\n<meta property=\"og:site_name\" content=\"Ghostysky\" \/>\n<meta property=\"article:publisher\" content=\"https:\/\/www.facebook.com\/people\/Ghostysky\/100057676170234\/\" \/>\n<meta property=\"article:modified_time\" content=\"2026-01-10T09:35:28+00:00\" \/>\n<meta property=\"og:image\" content=\"https:\/\/www.ghostysky.com\/wp-content\/uploads\/2025\/10\/GH_AgilexLimoPro_1.webp\" \/>\n\t<meta property=\"og:image:width\" content=\"2400\" \/>\n\t<meta property=\"og:image:height\" content=\"2400\" \/>\n\t<meta property=\"og:image:type\" content=\"image\/webp\" \/>\n<meta name=\"twitter:card\" content=\"summary_large_image\" \/>\n<meta name=\"twitter:site\" content=\"@Gh0stysky\" \/>\n<meta name=\"twitter:label1\" content=\"Tempo estimado de leitura\" \/>\n\t<meta name=\"twitter:data1\" content=\"2 minutos\" \/>\n<script type=\"application\/ld+json\" class=\"yoast-schema-graph\">{\"@context\":\"https:\\\/\\\/schema.org\",\"@graph\":[{\"@type\":\"WebPage\",\"@id\":\"https:\\\/\\\/www.ghostysky.com\\\/product\\\/limo-pro-orin-nano\\\/\",\"url\":\"https:\\\/\\\/www.ghostysky.com\\\/product\\\/limo-pro-orin-nano\\\/\",\"name\":\"LIMO Pro (Orin Nano) - Ghostysky\",\"isPartOf\":{\"@id\":\"https:\\\/\\\/www.ghostysky.com\\\/#website\"},\"primaryImageOfPage\":{\"@id\":\"https:\\\/\\\/www.ghostysky.com\\\/product\\\/limo-pro-orin-nano\\\/#primaryimage\"},\"image\":{\"@id\":\"https:\\\/\\\/www.ghostysky.com\\\/product\\\/limo-pro-orin-nano\\\/#primaryimage\"},\"thumbnailUrl\":\"https:\\\/\\\/www.ghostysky.com\\\/wp-content\\\/uploads\\\/2025\\\/10\\\/GH_AgilexLimoPro_1.webp\",\"datePublished\":\"2025-10-15T14:33:00+00:00\",\"dateModified\":\"2026-01-10T09:35:28+00:00\",\"description\":\"The LIMO Pro (Orin Nano) is a powerful, multi-modal mobile robotics platform designed for students, researchers, and developers pushing the boundaries of autonomous navigation, AI, and robotics research.\",\"breadcrumb\":{\"@id\":\"https:\\\/\\\/www.ghostysky.com\\\/product\\\/limo-pro-orin-nano\\\/#breadcrumb\"},\"inLanguage\":\"pt-PT\",\"potentialAction\":[{\"@type\":\"ReadAction\",\"target\":[\"https:\\\/\\\/www.ghostysky.com\\\/product\\\/limo-pro-orin-nano\\\/\"]}]},{\"@type\":\"ImageObject\",\"inLanguage\":\"pt-PT\",\"@id\":\"https:\\\/\\\/www.ghostysky.com\\\/product\\\/limo-pro-orin-nano\\\/#primaryimage\",\"url\":\"https:\\\/\\\/www.ghostysky.com\\\/wp-content\\\/uploads\\\/2025\\\/10\\\/GH_AgilexLimoPro_1.webp\",\"contentUrl\":\"https:\\\/\\\/www.ghostysky.com\\\/wp-content\\\/uploads\\\/2025\\\/10\\\/GH_AgilexLimoPro_1.webp\",\"width\":2400,\"height\":2400},{\"@type\":\"BreadcrumbList\",\"@id\":\"https:\\\/\\\/www.ghostysky.com\\\/product\\\/limo-pro-orin-nano\\\/#breadcrumb\",\"itemListElement\":[{\"@type\":\"ListItem\",\"position\":1,\"name\":\"Home\",\"item\":\"https:\\\/\\\/www.ghostysky.com\\\/\"},{\"@type\":\"ListItem\",\"position\":2,\"name\":\"Shop\",\"item\":\"https:\\\/\\\/www.ghostysky.com\\\/shop\\\/\"},{\"@type\":\"ListItem\",\"position\":3,\"name\":\"LIMO Pro (Orin Nano)\"}]},{\"@type\":\"WebSite\",\"@id\":\"https:\\\/\\\/www.ghostysky.com\\\/#website\",\"url\":\"https:\\\/\\\/www.ghostysky.com\\\/\",\"name\":\"Ghostysky\",\"description\":\"Delivering professional drones and robotics solutions\",\"publisher\":{\"@id\":\"https:\\\/\\\/www.ghostysky.com\\\/#organization\"},\"potentialAction\":[{\"@type\":\"SearchAction\",\"target\":{\"@type\":\"EntryPoint\",\"urlTemplate\":\"https:\\\/\\\/www.ghostysky.com\\\/?s={search_term_string}\"},\"query-input\":{\"@type\":\"PropertyValueSpecification\",\"valueRequired\":true,\"valueName\":\"search_term_string\"}}],\"inLanguage\":\"pt-PT\"},{\"@type\":\"Organization\",\"@id\":\"https:\\\/\\\/www.ghostysky.com\\\/#organization\",\"name\":\"Ghostysky\",\"url\":\"https:\\\/\\\/www.ghostysky.com\\\/\",\"logo\":{\"@type\":\"ImageObject\",\"inLanguage\":\"pt-PT\",\"@id\":\"https:\\\/\\\/www.ghostysky.com\\\/#\\\/schema\\\/logo\\\/image\\\/\",\"url\":\"https:\\\/\\\/www.ghostysky.com\\\/wp-content\\\/uploads\\\/2020\\\/06\\\/cropped-ghostyskylogo_text_white2.png\",\"contentUrl\":\"https:\\\/\\\/www.ghostysky.com\\\/wp-content\\\/uploads\\\/2020\\\/06\\\/cropped-ghostyskylogo_text_white2.png\",\"width\":169,\"height\":56,\"caption\":\"Ghostysky\"},\"image\":{\"@id\":\"https:\\\/\\\/www.ghostysky.com\\\/#\\\/schema\\\/logo\\\/image\\\/\"},\"sameAs\":[\"https:\\\/\\\/www.facebook.com\\\/people\\\/Ghostysky\\\/100057676170234\\\/\",\"https:\\\/\\\/x.com\\\/Gh0stysky\",\"https:\\\/\\\/www.linkedin.com\\\/company\\\/34739653\",\"https:\\\/\\\/www.instagram.com\\\/gh0stysky\"]}]}<\/script>\n<!-- \/ Yoast SEO plugin. -->","yoast_head_json":{"title":"LIMO Pro (Orin Nano) - Ghostysky","description":"O LIMO Pro (Orin Nano) \u00e9 uma plataforma rob\u00f3tica m\u00f3vel multimodal poderosa, projetada para estudantes, pesquisadores e desenvolvedores que est\u00e3o expandindo os limites da navega\u00e7\u00e3o aut\u00f4noma, IA e pesquisa em rob\u00f3tica.","robots":{"index":"index","follow":"follow","max-snippet":"max-snippet:-1","max-image-preview":"max-image-preview:large","max-video-preview":"max-video-preview:-1"},"canonical":"https:\/\/www.ghostysky.com\/pt\/produto-2\/limo-pro-orin-nano\/","og_locale":"pt_PT","og_type":"article","og_title":"LIMO Pro (Orin Nano) - Ghostysky","og_description":"The LIMO Pro (Orin Nano) is a powerful, multi-modal mobile robotics platform designed for students, researchers, and developers pushing the boundaries of autonomous navigation, AI, and robotics research.","og_url":"https:\/\/www.ghostysky.com\/pt\/produto-2\/limo-pro-orin-nano\/","og_site_name":"Ghostysky","article_publisher":"https:\/\/www.facebook.com\/people\/Ghostysky\/100057676170234\/","article_modified_time":"2026-01-10T09:35:28+00:00","og_image":[{"width":2400,"height":2400,"url":"https:\/\/www.ghostysky.com\/wp-content\/uploads\/2025\/10\/GH_AgilexLimoPro_1.webp","type":"image\/webp"}],"twitter_card":"summary_large_image","twitter_site":"@Gh0stysky","twitter_misc":{"Tempo estimado de leitura":"2 minutos"},"schema":{"@context":"https:\/\/schema.org","@graph":[{"@type":"WebPage","@id":"https:\/\/www.ghostysky.com\/product\/limo-pro-orin-nano\/","url":"https:\/\/www.ghostysky.com\/product\/limo-pro-orin-nano\/","name":"LIMO Pro (Orin Nano) - Ghostysky","isPartOf":{"@id":"https:\/\/www.ghostysky.com\/#website"},"primaryImageOfPage":{"@id":"https:\/\/www.ghostysky.com\/product\/limo-pro-orin-nano\/#primaryimage"},"image":{"@id":"https:\/\/www.ghostysky.com\/product\/limo-pro-orin-nano\/#primaryimage"},"thumbnailUrl":"https:\/\/www.ghostysky.com\/wp-content\/uploads\/2025\/10\/GH_AgilexLimoPro_1.webp","datePublished":"2025-10-15T14:33:00+00:00","dateModified":"2026-01-10T09:35:28+00:00","description":"O LIMO Pro (Orin Nano) \u00e9 uma plataforma rob\u00f3tica m\u00f3vel multimodal poderosa, projetada para estudantes, pesquisadores e desenvolvedores que est\u00e3o expandindo os limites da navega\u00e7\u00e3o aut\u00f4noma, IA e pesquisa em rob\u00f3tica.","breadcrumb":{"@id":"https:\/\/www.ghostysky.com\/product\/limo-pro-orin-nano\/#breadcrumb"},"inLanguage":"pt-PT","potentialAction":[{"@type":"ReadAction","target":["https:\/\/www.ghostysky.com\/product\/limo-pro-orin-nano\/"]}]},{"@type":"ImageObject","inLanguage":"pt-PT","@id":"https:\/\/www.ghostysky.com\/product\/limo-pro-orin-nano\/#primaryimage","url":"https:\/\/www.ghostysky.com\/wp-content\/uploads\/2025\/10\/GH_AgilexLimoPro_1.webp","contentUrl":"https:\/\/www.ghostysky.com\/wp-content\/uploads\/2025\/10\/GH_AgilexLimoPro_1.webp","width":2400,"height":2400},{"@type":"BreadcrumbList","@id":"https:\/\/www.ghostysky.com\/product\/limo-pro-orin-nano\/#breadcrumb","itemListElement":[{"@type":"ListItem","position":1,"name":"Home","item":"https:\/\/www.ghostysky.com\/"},{"@type":"ListItem","position":2,"name":"Shop","item":"https:\/\/www.ghostysky.com\/shop\/"},{"@type":"ListItem","position":3,"name":"LIMO Pro (Orin Nano)"}]},{"@type":"WebSite","@id":"https:\/\/www.ghostysky.com\/#website","url":"https:\/\/www.ghostysky.com\/","name":"Ghostysky","description":"Fornecendo solu\u00e7\u00f5es profissionais em drones e rob\u00f3tica.","publisher":{"@id":"https:\/\/www.ghostysky.com\/#organization"},"potentialAction":[{"@type":"SearchAction","target":{"@type":"EntryPoint","urlTemplate":"https:\/\/www.ghostysky.com\/?s={search_term_string}"},"query-input":{"@type":"PropertyValueSpecification","valueRequired":true,"valueName":"search_term_string"}}],"inLanguage":"pt-PT"},{"@type":"Organization","@id":"https:\/\/www.ghostysky.com\/#organization","name":"Ghostysky","url":"https:\/\/www.ghostysky.com\/","logo":{"@type":"ImageObject","inLanguage":"pt-PT","@id":"https:\/\/www.ghostysky.com\/#\/schema\/logo\/image\/","url":"https:\/\/www.ghostysky.com\/wp-content\/uploads\/2020\/06\/cropped-ghostyskylogo_text_white2.png","contentUrl":"https:\/\/www.ghostysky.com\/wp-content\/uploads\/2020\/06\/cropped-ghostyskylogo_text_white2.png","width":169,"height":56,"caption":"Ghostysky"},"image":{"@id":"https:\/\/www.ghostysky.com\/#\/schema\/logo\/image\/"},"sameAs":["https:\/\/www.facebook.com\/people\/Ghostysky\/100057676170234\/","https:\/\/x.com\/Gh0stysky","https:\/\/www.linkedin.com\/company\/34739653","https:\/\/www.instagram.com\/gh0stysky"]}]}},"_links":{"self":[{"href":"https:\/\/www.ghostysky.com\/pt\/wp-json\/wp\/v2\/product\/21119","targetHints":{"allow":["GET"]}}],"collection":[{"href":"https:\/\/www.ghostysky.com\/pt\/wp-json\/wp\/v2\/product"}],"about":[{"href":"https:\/\/www.ghostysky.com\/pt\/wp-json\/wp\/v2\/types\/product"}],"replies":[{"embeddable":true,"href":"https:\/\/www.ghostysky.com\/pt\/wp-json\/wp\/v2\/comments?post=21119"}],"version-history":[{"count":0,"href":"https:\/\/www.ghostysky.com\/pt\/wp-json\/wp\/v2\/product\/21119\/revisions"}],"wp:featuredmedia":[{"embeddable":true,"href":"https:\/\/www.ghostysky.com\/pt\/wp-json\/wp\/v2\/media\/21123"}],"wp:attachment":[{"href":"https:\/\/www.ghostysky.com\/pt\/wp-json\/wp\/v2\/media?parent=21119"}],"wp:term":[{"taxonomy":"product_brand","embeddable":true,"href":"https:\/\/www.ghostysky.com\/pt\/wp-json\/wp\/v2\/product_brand?post=21119"},{"taxonomy":"product_cat","embeddable":true,"href":"https:\/\/www.ghostysky.com\/pt\/wp-json\/wp\/v2\/product_cat?post=21119"},{"taxonomy":"product_tag","embeddable":true,"href":"https:\/\/www.ghostysky.com\/pt\/wp-json\/wp\/v2\/product_tag?post=21119"}],"curies":[{"name":"wp","href":"https:\/\/api.w.org\/{rel}","templated":true}]}}