{"id":21126,"date":"2025-10-15T14:43:34","date_gmt":"2025-10-15T14:43:34","guid":{"rendered":"https:\/\/www.ghostysky.com\/?post_type=product&#038;p=21126"},"modified":"2026-01-10T09:34:32","modified_gmt":"2026-01-10T09:34:32","slug":"agilex-limo-ros2-intel-nuc","status":"publish","type":"product","link":"https:\/\/www.ghostysky.com\/pt\/product\/agilex-limo-ros2-intel-nuc\/","title":{"rendered":"Agilex LIMO ROS2 (Intel NUC)"},"content":{"rendered":"<h3>Principais recursos e especifica\u00e7\u00f5es<\/h3>\n<h4>Computa\u00e7\u00e3o de alto desempenho<\/h4>\n<ul>\n<li><b>Processador:<\/b><span class=\"citation-543\"> Equipado com um <\/span><b><span class=\"citation-543\">Intel NUC i7<\/span><\/b><span class=\"citation-543\"> PC industrial, fornecendo recursos de computa\u00e7\u00e3o extremamente poderosos para estabilidade <\/span><b><span class=\"citation-543\">fus\u00e3o de dados multissensores<\/span><\/b><span class=\"citation-543\"> e complexo <\/span><b><span class=\"citation-543\">SLAM (Localiza\u00e7\u00e3o e Mapeamento Simult\u00e2neos)<\/span><\/b><span class=\"citation-543 citation-end-543\"> algoritmos.<\/span><\/li>\n<li><b><span class=\"citation-542\">Sistema operacional:<\/span><\/b><span class=\"citation-542\"> Corridas <\/span><b><span class=\"citation-542\">ROS 2 Humilde<\/span><\/b><span class=\"citation-542\"> sobre <\/span><b><span class=\"citation-542\">Ubuntu 22.04<\/span><\/b><span class=\"citation-542\">, oferecendo acesso total \u00e0s mais recentes bibliotecas e estruturas de c\u00f3digo aberto, incluindo <\/span><b><span class=\"citation-542\">Navega\u00e7\u00e3o2<\/span><\/b><span class=\"citation-542\"> para navega\u00e7\u00e3o de rob\u00f4s m\u00f3veis e <\/span><b><span class=\"citation-542\">MoveIt2<\/span><\/b><span class=\"citation-542 citation-end-542\"> para planejamento avan\u00e7ado de movimento de bra\u00e7o rob\u00f3tico.<\/span><\/li>\n<\/ul>\n<p>&nbsp;<\/p>\n<h4>Detec\u00e7\u00e3o e navega\u00e7\u00e3o precisas<\/h4>\n<ul>\n<li><b><span class=\"citation-541\">LiDAR:<\/span><\/b><span class=\"citation-541\"> Inclui um <\/span><b><span class=\"citation-541\">EAI T-mini Pro LiDAR<\/span><\/b><span class=\"citation-541\"> para <\/span><b><span class=\"citation-541\">Varredura ambiental de 360\u00b0<\/span><\/b><span class=\"citation-541 citation-end-541\"> para permitir mapeamento de alta precis\u00e3o e preven\u00e7\u00e3o din\u00e2mica de obst\u00e1culos.<\/span><\/li>\n<li><b><span class=\"citation-540\">C\u00e2mera de profundidade:<\/span><\/b><span class=\"citation-540\"> Apresenta um <\/span><b><span class=\"citation-540\">C\u00e2mera de profundidade Orbbec Dabai<\/span><\/b><span class=\"citation-540 citation-end-540\"> (RGB-D) para medi\u00e7\u00e3o precisa de dist\u00e2ncia e percep\u00e7\u00e3o ambiental aprimorada.<\/span><\/li>\n<li><b>Mostrar:<\/b><span class=\"citation-539\"> Integrado <\/span><b><span class=\"citation-539\">Tela sens\u00edvel ao toque de 7 polegadas<\/span><\/b><span class=\"citation-539 citation-end-539\"> para configura\u00e7\u00e3o e controle intuitivos.<\/span><\/li>\n<li><b><span class=\"citation-538\">IMU:<\/span><\/b><span class=\"citation-538 citation-end-538\"> Inclui uma Unidade de Medi\u00e7\u00e3o Inercial para detec\u00e7\u00e3o confi\u00e1vel de atitude e movimento.<\/span>\n<div class=\"source-inline-chip-container ng-star-inserted\"><\/div>\n<\/li>\n<\/ul>\n<h4>Mobilidade e Design Vers\u00e1teis<\/h4>\n<ul>\n<li><b>Dire\u00e7\u00e3o multimodal:<\/b><span class=\"citation-537\"> A plataforma m\u00f3vel LIMO \u00e9 altamente adapt\u00e1vel, suportando <\/span><b><span class=\"citation-537\">quatro modos de dire\u00e7\u00e3o<\/span><\/b><span class=\"citation-537 citation-end-537\"> com rodas intercambi\u00e1veis: Dire\u00e7\u00e3o Omni Wheel, Dire\u00e7\u00e3o sobre esteiras, Dire\u00e7\u00e3o diferencial nas quatro rodas e Dire\u00e7\u00e3o Ackermann.<\/span><\/li>\n<li><b>Carga \u00fatil e velocidade:<\/b><span class=\"citation-536\"> Suporta um <\/span><b><span class=\"citation-536\">Carga \u00fatil de 4 kg<\/span><\/b><span class=\"citation-536\"> e pode atingir uma velocidade m\u00e1xima de avan\u00e7o de <\/span><b><span class=\"citation-536\">1 m\/s<\/span><\/b><span class=\"citation-536 citation-end-536\">.<\/span><\/li>\n<li><b>Bateria:<\/b><span class=\"citation-535\"> Estendido <\/span><b><span class=\"citation-535\">Bateria de 10000mAh<\/span><\/b><span class=\"citation-535\"> fornece at\u00e9 <\/span><b><span class=\"citation-535\">2,5 horas de opera\u00e7\u00e3o cont\u00ednua<\/span><\/b><span class=\"citation-535 citation-end-535\">.<\/span><\/li>\n<li><b><span class=\"citation-534\">Durabilidade:<\/span><\/b><span class=\"citation-534 citation-end-534\"> Possui uma constru\u00e7\u00e3o de chassi robusta em chapa de alum\u00ednio com revestimento em p\u00f3.<\/span><\/li>\n<li><b><span class=\"citation-533\">Tamanho compacto:<\/span><\/b><span class=\"citation-533 citation-end-533\"> As dimens\u00f5es s\u00e3o aproximadamente <\/span><b><span class=\"math-inline\"><span class=\"katex\"><span class=\"katex-html\" aria-hidden=\"true\"><span class=\"base\"><span class=\"mord\">322<\/span><span class=\"mbin\">\u00d7<\/span><\/span><span class=\"base\"><span class=\"mord\">220<\/span><span class=\"mbin\">\u00d7<\/span><\/span><span class=\"base\"><span class=\"mord\">251<\/span><span class=\"mord text\"><span class=\"mord\">mil\u00edmetros<\/span><\/span><\/span><\/span><\/span><\/span><\/b><span class=\"citation-532 citation-end-532\">, tornando-o adequado para ambientes de laborat\u00f3rio internos.<\/span>\n<div class=\"source-inline-chip-container ng-star-inserted\"><\/div>\n<\/li>\n<\/ul>\n<hr \/>\n<p>&nbsp;<\/p>\n<h3>Aplica\u00e7\u00f5es ideais<\/h3>\n<p>O LIMO ROS2 (Intel NUC) \u00e9 uma plataforma ideal para:<\/p>\n<ul>\n<li><b><span class=\"citation-531\">Educa\u00e7\u00e3o em Rob\u00f3tica:<\/span><\/b><span class=\"citation-531 citation-end-531\"> Facilitando o aprendizado pr\u00e1tico em ROS 2, algoritmos de rob\u00f4s m\u00f3veis e desenvolvimento de IA para estudantes e educadores.<\/span><\/li>\n<li><b>Pesquisa e Desenvolvimento (P&amp;D):<\/b><span class=\"citation-530\"> Servindo como uma plataforma escal\u00e1vel e flex\u00edvel para desenvolver e testar aplicativos avan\u00e7ados como <\/span><b><span class=\"citation-530\">navega\u00e7\u00e3o aut\u00f4noma<\/span><\/b><span class=\"citation-530 citation-end-530\">, colabora\u00e7\u00e3o multi-rob\u00f4 (controle de enxame), detec\u00e7\u00e3o de objetos e reconhecimento visual.<\/span><\/li>\n<li><b>Prototipagem:<\/b> Fornecendo uma ferramenta de desenvolvimento r\u00e1pida e eficiente para projetos de prova de conceito em dire\u00e7\u00e3o aut\u00f4noma e ve\u00edculos terrestres n\u00e3o tripulados (UGVs).<\/li>\n<\/ul>\n<p><span class=\"citation-529\">O <\/span><b><span class=\"citation-529\">Agilex LIMO ROS2 (Intel NUC)<\/span><\/b><span class=\"citation-529\"> \u00e9 totalmente suportado por <\/span><b><span class=\"citation-529\">pacotes de c\u00f3digo aberto<\/span><\/b><span class=\"citation-529 citation-end-529\"> e \u00e9 compat\u00edvel com linguagens de programa\u00e7\u00e3o convencionais como Python e C++, tornando-se a ferramenta definitiva para desenvolvedores expandirem e implantarem seus aplicativos rob\u00f3ticos.<\/span><\/p>","protected":false},"excerpt":{"rendered":"<p><span class=\"\">O <\/span><b class=\"\">Agilex LIMO ROS2 (Intel NUC)<\/b><span class=\"\"> \u00e9 um vers\u00e1til e poderoso <\/span><b class=\"\">Rob\u00f4 M\u00f3vel Aut\u00f4nomo (AMR)<\/b><span class=\"\"> plataforma projetada especificamente para <\/span><b class=\"\">pesquisa, educa\u00e7\u00e3o e desenvolvimento em rob\u00f3tica<\/b><span class=\"\"> na \u00e1rea de sistemas aut\u00f4nomos.<\/span><span class=\"\"> Apresentando uma unidade de computa\u00e7\u00e3o avan\u00e7ada e um conjunto abrangente de sensores,<\/span><span class=\"\"> este rob\u00f4 de c\u00f3digo aberto \u00e9 uma ferramenta robusta para explorar aplica\u00e7\u00f5es ROS 2 de ponta.<\/span><\/p>","protected":false},"featured_media":21129,"comment_status":"open","ping_status":"closed","template":"","meta":[],"product_brand":[1046],"product_cat":[1044,1042,1037],"product_tag":[1047,1066,1067,1069],"class_list":{"0":"post-21126","1":"product","2":"type-product","3":"status-publish","4":"has-post-thumbnail","6":"product_brand-agilex","7":"product_cat-agilex-robots","8":"product_cat-chassis","9":"product_cat-robotics","10":"product_tag-agilex","11":"product_tag-agilex-limo","12":"product_tag-agilex-limo-education","13":"product_tag-agilex-limo-ros2","15":"first","16":"onbackorder","17":"taxable","18":"shipping-taxable","19":"purchasable","20":"product-type-simple"},"yoast_head":"<!-- This site is optimized with the Yoast SEO plugin v27.4 - https:\/\/yoast.com\/product\/yoast-seo-wordpress\/ -->\n<title>Agilex LIMO ROS2 (Intel NUC) - Ghostysky<\/title>\n<meta name=\"description\" content=\"The Agilex LIMO ROS2 (Intel NUC) is a versatile and powerful Autonomous Mobile Robot (AMR) platform specifically engineered for robotics research, education, and development in the field of autonomous systems. Featuring an advanced computing unit and comprehensive sensor suite, this open-source robot is a robust tool for exploring cutting-edge ROS 2 applications.\" \/>\n<meta name=\"robots\" content=\"index, follow, max-snippet:-1, max-image-preview:large, max-video-preview:-1\" \/>\n<link rel=\"canonical\" href=\"https:\/\/www.ghostysky.com\/pt\/produto-2\/agilex-limo-ros2-intel-nuc\/\" \/>\n<meta property=\"og:locale\" content=\"pt_PT\" \/>\n<meta property=\"og:type\" content=\"article\" \/>\n<meta property=\"og:title\" content=\"Agilex LIMO ROS2 (Intel NUC) - Ghostysky\" \/>\n<meta property=\"og:description\" content=\"The Agilex LIMO ROS2 (Intel NUC) is a versatile and powerful Autonomous Mobile Robot (AMR) platform specifically engineered for robotics research, education, and development in the field of autonomous systems. Featuring an advanced computing unit and comprehensive sensor suite, this open-source robot is a robust tool for exploring cutting-edge ROS 2 applications.\" \/>\n<meta property=\"og:url\" content=\"https:\/\/www.ghostysky.com\/pt\/produto-2\/agilex-limo-ros2-intel-nuc\/\" \/>\n<meta property=\"og:site_name\" content=\"Ghostysky\" \/>\n<meta property=\"article:publisher\" content=\"https:\/\/www.facebook.com\/people\/Ghostysky\/100057676170234\/\" \/>\n<meta property=\"article:modified_time\" content=\"2026-01-10T09:34:32+00:00\" \/>\n<meta property=\"og:image\" content=\"https:\/\/www.ghostysky.com\/wp-content\/uploads\/2025\/10\/GH_AgilexLimoRos2_1.webp\" \/>\n\t<meta property=\"og:image:width\" content=\"2400\" \/>\n\t<meta property=\"og:image:height\" content=\"2400\" \/>\n\t<meta property=\"og:image:type\" content=\"image\/webp\" \/>\n<meta name=\"twitter:card\" content=\"summary_large_image\" \/>\n<meta name=\"twitter:site\" content=\"@Gh0stysky\" \/>\n<meta name=\"twitter:label1\" content=\"Tempo estimado de leitura\" \/>\n\t<meta name=\"twitter:data1\" content=\"2 minutos\" \/>\n<script type=\"application\/ld+json\" class=\"yoast-schema-graph\">{\"@context\":\"https:\\\/\\\/schema.org\",\"@graph\":[{\"@type\":\"WebPage\",\"@id\":\"https:\\\/\\\/www.ghostysky.com\\\/product\\\/agilex-limo-ros2-intel-nuc\\\/\",\"url\":\"https:\\\/\\\/www.ghostysky.com\\\/product\\\/agilex-limo-ros2-intel-nuc\\\/\",\"name\":\"Agilex LIMO ROS2 (Intel NUC) - Ghostysky\",\"isPartOf\":{\"@id\":\"https:\\\/\\\/www.ghostysky.com\\\/#website\"},\"primaryImageOfPage\":{\"@id\":\"https:\\\/\\\/www.ghostysky.com\\\/product\\\/agilex-limo-ros2-intel-nuc\\\/#primaryimage\"},\"image\":{\"@id\":\"https:\\\/\\\/www.ghostysky.com\\\/product\\\/agilex-limo-ros2-intel-nuc\\\/#primaryimage\"},\"thumbnailUrl\":\"https:\\\/\\\/www.ghostysky.com\\\/wp-content\\\/uploads\\\/2025\\\/10\\\/GH_AgilexLimoRos2_1.webp\",\"datePublished\":\"2025-10-15T14:43:34+00:00\",\"dateModified\":\"2026-01-10T09:34:32+00:00\",\"description\":\"The Agilex LIMO ROS2 (Intel NUC) is a versatile and powerful Autonomous Mobile Robot (AMR) platform specifically engineered for robotics research, education, and development in the field of autonomous systems. Featuring an advanced computing unit and comprehensive sensor suite, this open-source robot is a robust tool for exploring cutting-edge ROS 2 applications.\",\"breadcrumb\":{\"@id\":\"https:\\\/\\\/www.ghostysky.com\\\/product\\\/agilex-limo-ros2-intel-nuc\\\/#breadcrumb\"},\"inLanguage\":\"pt-PT\",\"potentialAction\":[{\"@type\":\"ReadAction\",\"target\":[\"https:\\\/\\\/www.ghostysky.com\\\/product\\\/agilex-limo-ros2-intel-nuc\\\/\"]}]},{\"@type\":\"ImageObject\",\"inLanguage\":\"pt-PT\",\"@id\":\"https:\\\/\\\/www.ghostysky.com\\\/product\\\/agilex-limo-ros2-intel-nuc\\\/#primaryimage\",\"url\":\"https:\\\/\\\/www.ghostysky.com\\\/wp-content\\\/uploads\\\/2025\\\/10\\\/GH_AgilexLimoRos2_1.webp\",\"contentUrl\":\"https:\\\/\\\/www.ghostysky.com\\\/wp-content\\\/uploads\\\/2025\\\/10\\\/GH_AgilexLimoRos2_1.webp\",\"width\":2400,\"height\":2400},{\"@type\":\"BreadcrumbList\",\"@id\":\"https:\\\/\\\/www.ghostysky.com\\\/product\\\/agilex-limo-ros2-intel-nuc\\\/#breadcrumb\",\"itemListElement\":[{\"@type\":\"ListItem\",\"position\":1,\"name\":\"Home\",\"item\":\"https:\\\/\\\/www.ghostysky.com\\\/\"},{\"@type\":\"ListItem\",\"position\":2,\"name\":\"Shop\",\"item\":\"https:\\\/\\\/www.ghostysky.com\\\/shop\\\/\"},{\"@type\":\"ListItem\",\"position\":3,\"name\":\"Agilex LIMO ROS2 (Intel NUC)\"}]},{\"@type\":\"WebSite\",\"@id\":\"https:\\\/\\\/www.ghostysky.com\\\/#website\",\"url\":\"https:\\\/\\\/www.ghostysky.com\\\/\",\"name\":\"Ghostysky\",\"description\":\"Delivering professional drones and robotics solutions\",\"publisher\":{\"@id\":\"https:\\\/\\\/www.ghostysky.com\\\/#organization\"},\"potentialAction\":[{\"@type\":\"SearchAction\",\"target\":{\"@type\":\"EntryPoint\",\"urlTemplate\":\"https:\\\/\\\/www.ghostysky.com\\\/?s={search_term_string}\"},\"query-input\":{\"@type\":\"PropertyValueSpecification\",\"valueRequired\":true,\"valueName\":\"search_term_string\"}}],\"inLanguage\":\"pt-PT\"},{\"@type\":\"Organization\",\"@id\":\"https:\\\/\\\/www.ghostysky.com\\\/#organization\",\"name\":\"Ghostysky\",\"url\":\"https:\\\/\\\/www.ghostysky.com\\\/\",\"logo\":{\"@type\":\"ImageObject\",\"inLanguage\":\"pt-PT\",\"@id\":\"https:\\\/\\\/www.ghostysky.com\\\/#\\\/schema\\\/logo\\\/image\\\/\",\"url\":\"https:\\\/\\\/www.ghostysky.com\\\/wp-content\\\/uploads\\\/2020\\\/06\\\/cropped-ghostyskylogo_text_white2.png\",\"contentUrl\":\"https:\\\/\\\/www.ghostysky.com\\\/wp-content\\\/uploads\\\/2020\\\/06\\\/cropped-ghostyskylogo_text_white2.png\",\"width\":169,\"height\":56,\"caption\":\"Ghostysky\"},\"image\":{\"@id\":\"https:\\\/\\\/www.ghostysky.com\\\/#\\\/schema\\\/logo\\\/image\\\/\"},\"sameAs\":[\"https:\\\/\\\/www.facebook.com\\\/people\\\/Ghostysky\\\/100057676170234\\\/\",\"https:\\\/\\\/x.com\\\/Gh0stysky\",\"https:\\\/\\\/www.linkedin.com\\\/company\\\/34739653\",\"https:\\\/\\\/www.instagram.com\\\/gh0stysky\"]}]}<\/script>\n<!-- \/ Yoast SEO plugin. -->","yoast_head_json":{"title":"Agilex LIMO ROS2 (Intel NUC) - Ghostysky","description":"O Agilex LIMO ROS2 (Intel NUC) \u00e9 uma plataforma vers\u00e1til e potente de Rob\u00f4 M\u00f3vel Aut\u00f4nomo (AMR), projetada especificamente para pesquisa, educa\u00e7\u00e3o e desenvolvimento em rob\u00f3tica na \u00e1rea de sistemas aut\u00f4nomos. Com uma unidade de computa\u00e7\u00e3o avan\u00e7ada e um conjunto abrangente de sensores, este rob\u00f4 de c\u00f3digo aberto \u00e9 uma ferramenta robusta para explorar aplica\u00e7\u00f5es ROS 2 de ponta.","robots":{"index":"index","follow":"follow","max-snippet":"max-snippet:-1","max-image-preview":"max-image-preview:large","max-video-preview":"max-video-preview:-1"},"canonical":"https:\/\/www.ghostysky.com\/pt\/produto-2\/agilex-limo-ros2-intel-nuc\/","og_locale":"pt_PT","og_type":"article","og_title":"Agilex LIMO ROS2 (Intel NUC) - Ghostysky","og_description":"The Agilex LIMO ROS2 (Intel NUC) is a versatile and powerful Autonomous Mobile Robot (AMR) platform specifically engineered for robotics research, education, and development in the field of autonomous systems. Featuring an advanced computing unit and comprehensive sensor suite, this open-source robot is a robust tool for exploring cutting-edge ROS 2 applications.","og_url":"https:\/\/www.ghostysky.com\/pt\/produto-2\/agilex-limo-ros2-intel-nuc\/","og_site_name":"Ghostysky","article_publisher":"https:\/\/www.facebook.com\/people\/Ghostysky\/100057676170234\/","article_modified_time":"2026-01-10T09:34:32+00:00","og_image":[{"width":2400,"height":2400,"url":"https:\/\/www.ghostysky.com\/wp-content\/uploads\/2025\/10\/GH_AgilexLimoRos2_1.webp","type":"image\/webp"}],"twitter_card":"summary_large_image","twitter_site":"@Gh0stysky","twitter_misc":{"Tempo estimado de leitura":"2 minutos"},"schema":{"@context":"https:\/\/schema.org","@graph":[{"@type":"WebPage","@id":"https:\/\/www.ghostysky.com\/product\/agilex-limo-ros2-intel-nuc\/","url":"https:\/\/www.ghostysky.com\/product\/agilex-limo-ros2-intel-nuc\/","name":"Agilex LIMO ROS2 (Intel NUC) - Ghostysky","isPartOf":{"@id":"https:\/\/www.ghostysky.com\/#website"},"primaryImageOfPage":{"@id":"https:\/\/www.ghostysky.com\/product\/agilex-limo-ros2-intel-nuc\/#primaryimage"},"image":{"@id":"https:\/\/www.ghostysky.com\/product\/agilex-limo-ros2-intel-nuc\/#primaryimage"},"thumbnailUrl":"https:\/\/www.ghostysky.com\/wp-content\/uploads\/2025\/10\/GH_AgilexLimoRos2_1.webp","datePublished":"2025-10-15T14:43:34+00:00","dateModified":"2026-01-10T09:34:32+00:00","description":"O Agilex LIMO ROS2 (Intel NUC) \u00e9 uma plataforma vers\u00e1til e potente de Rob\u00f4 M\u00f3vel Aut\u00f4nomo (AMR), projetada especificamente para pesquisa, educa\u00e7\u00e3o e desenvolvimento em rob\u00f3tica na \u00e1rea de sistemas aut\u00f4nomos. Com uma unidade de computa\u00e7\u00e3o avan\u00e7ada e um conjunto abrangente de sensores, este rob\u00f4 de c\u00f3digo aberto \u00e9 uma ferramenta robusta para explorar aplica\u00e7\u00f5es ROS 2 de ponta.","breadcrumb":{"@id":"https:\/\/www.ghostysky.com\/product\/agilex-limo-ros2-intel-nuc\/#breadcrumb"},"inLanguage":"pt-PT","potentialAction":[{"@type":"ReadAction","target":["https:\/\/www.ghostysky.com\/product\/agilex-limo-ros2-intel-nuc\/"]}]},{"@type":"ImageObject","inLanguage":"pt-PT","@id":"https:\/\/www.ghostysky.com\/product\/agilex-limo-ros2-intel-nuc\/#primaryimage","url":"https:\/\/www.ghostysky.com\/wp-content\/uploads\/2025\/10\/GH_AgilexLimoRos2_1.webp","contentUrl":"https:\/\/www.ghostysky.com\/wp-content\/uploads\/2025\/10\/GH_AgilexLimoRos2_1.webp","width":2400,"height":2400},{"@type":"BreadcrumbList","@id":"https:\/\/www.ghostysky.com\/product\/agilex-limo-ros2-intel-nuc\/#breadcrumb","itemListElement":[{"@type":"ListItem","position":1,"name":"Home","item":"https:\/\/www.ghostysky.com\/"},{"@type":"ListItem","position":2,"name":"Shop","item":"https:\/\/www.ghostysky.com\/shop\/"},{"@type":"ListItem","position":3,"name":"Agilex LIMO ROS2 (Intel NUC)"}]},{"@type":"WebSite","@id":"https:\/\/www.ghostysky.com\/#website","url":"https:\/\/www.ghostysky.com\/","name":"Ghostysky","description":"Fornecendo solu\u00e7\u00f5es profissionais em drones e rob\u00f3tica.","publisher":{"@id":"https:\/\/www.ghostysky.com\/#organization"},"potentialAction":[{"@type":"SearchAction","target":{"@type":"EntryPoint","urlTemplate":"https:\/\/www.ghostysky.com\/?s={search_term_string}"},"query-input":{"@type":"PropertyValueSpecification","valueRequired":true,"valueName":"search_term_string"}}],"inLanguage":"pt-PT"},{"@type":"Organization","@id":"https:\/\/www.ghostysky.com\/#organization","name":"Ghostysky","url":"https:\/\/www.ghostysky.com\/","logo":{"@type":"ImageObject","inLanguage":"pt-PT","@id":"https:\/\/www.ghostysky.com\/#\/schema\/logo\/image\/","url":"https:\/\/www.ghostysky.com\/wp-content\/uploads\/2020\/06\/cropped-ghostyskylogo_text_white2.png","contentUrl":"https:\/\/www.ghostysky.com\/wp-content\/uploads\/2020\/06\/cropped-ghostyskylogo_text_white2.png","width":169,"height":56,"caption":"Ghostysky"},"image":{"@id":"https:\/\/www.ghostysky.com\/#\/schema\/logo\/image\/"},"sameAs":["https:\/\/www.facebook.com\/people\/Ghostysky\/100057676170234\/","https:\/\/x.com\/Gh0stysky","https:\/\/www.linkedin.com\/company\/34739653","https:\/\/www.instagram.com\/gh0stysky"]}]}},"_links":{"self":[{"href":"https:\/\/www.ghostysky.com\/pt\/wp-json\/wp\/v2\/product\/21126","targetHints":{"allow":["GET"]}}],"collection":[{"href":"https:\/\/www.ghostysky.com\/pt\/wp-json\/wp\/v2\/product"}],"about":[{"href":"https:\/\/www.ghostysky.com\/pt\/wp-json\/wp\/v2\/types\/product"}],"replies":[{"embeddable":true,"href":"https:\/\/www.ghostysky.com\/pt\/wp-json\/wp\/v2\/comments?post=21126"}],"version-history":[{"count":0,"href":"https:\/\/www.ghostysky.com\/pt\/wp-json\/wp\/v2\/product\/21126\/revisions"}],"wp:featuredmedia":[{"embeddable":true,"href":"https:\/\/www.ghostysky.com\/pt\/wp-json\/wp\/v2\/media\/21129"}],"wp:attachment":[{"href":"https:\/\/www.ghostysky.com\/pt\/wp-json\/wp\/v2\/media?parent=21126"}],"wp:term":[{"taxonomy":"product_brand","embeddable":true,"href":"https:\/\/www.ghostysky.com\/pt\/wp-json\/wp\/v2\/product_brand?post=21126"},{"taxonomy":"product_cat","embeddable":true,"href":"https:\/\/www.ghostysky.com\/pt\/wp-json\/wp\/v2\/product_cat?post=21126"},{"taxonomy":"product_tag","embeddable":true,"href":"https:\/\/www.ghostysky.com\/pt\/wp-json\/wp\/v2\/product_tag?post=21126"}],"curies":[{"name":"wp","href":"https:\/\/api.w.org\/{rel}","templated":true}]}}