{"id":21144,"date":"2025-10-15T15:43:05","date_gmt":"2025-10-15T15:43:05","guid":{"rendered":"https:\/\/www.ghostysky.com\/?post_type=product&#038;p=21144"},"modified":"2026-01-10T09:48:14","modified_gmt":"2026-01-10T09:48:14","slug":"agilex-cobot-s","status":"publish","type":"product","link":"https:\/\/www.ghostysky.com\/pt\/product\/agilex-cobot-s\/","title":{"rendered":"Agilex Cobot S"},"content":{"rendered":"<h3><b>Principais recursos e capacidades<\/b><\/h3>\n<ul>\n<li><b><span class=\"citation-598\">Ecossistema completo:<\/span><\/b><span class=\"citation-598\"> O Cobot S \u00e9 uma solu\u00e7\u00e3o completa de hardware e software constru\u00edda sobre a robusta <\/span><b><span class=\"citation-598\">ROS (Sistema Operacional de Rob\u00f4s)<\/span><\/b><span class=\"citation-598 citation-end-598\"> estrutura, altamente adequada para desenvolvimento de IA incorporada.<\/span><\/li>\n<li><b><span class=\"citation-597\">Plataforma m\u00f3vel:<\/span><\/b><span class=\"citation-597\"> Ele utiliza uma base m\u00f3vel est\u00e1vel com <\/span><b><span class=\"citation-597\">Navega\u00e7\u00e3o NAVIS<\/span><\/b><span class=\"citation-597 citation-end-597\"> para opera\u00e7\u00e3o aut\u00f4noma.<\/span>\n<ul>\n<li><b><span class=\"citation-596\">Navega\u00e7\u00e3o:<\/span><\/b><span class=\"citation-596 citation-end-596\"> Recursos como LiDAR SLAM e Visual SLAM permitem navega\u00e7\u00e3o aut\u00f4noma, mapeamento e preven\u00e7\u00e3o de obst\u00e1culos em ambientes complexos, din\u00e2micos e n\u00e3o estruturados.<\/span><\/li>\n<li><b>Velocidade:<\/b><span class=\"citation-595\"> Capaz de uma velocidade m\u00e1xima de <\/span><b><span class=\"citation-595\">1,6 m\/s<\/span><\/b><span class=\"citation-595 citation-end-595\">.<\/span><\/li>\n<li><b>Pot\u00eancia:<\/b><span class=\"citation-594\"> Equipado com um <\/span><b><span class=\"citation-594\">24V60A<\/span><\/b><span class=\"citation-594 citation-end-594\"> bateria.<\/span><\/li>\n<li><b>Dimens\u00f5es\/Peso:<\/b> Aprox. <b><span class=\"citation-593\">500 x 754 x 1504 mm<\/span><\/b><span class=\"citation-593\"> com um peso de <\/span><b><span class=\"citation-593\">100 kg<\/span><\/b><span class=\"citation-593 citation-end-593\">.<\/span><\/li>\n<\/ul>\n<\/li>\n<li><b><span class=\"citation-592\">Manipula\u00e7\u00e3o Flex\u00edvel:<\/span><\/b><span class=\"citation-592 citation-end-592\"> Inclui um bra\u00e7o rob\u00f3tico com v\u00e1rios graus de liberdade para manuseio vers\u00e1til.<\/span>\n<ul>\n<li><b><span class=\"citation-591\">Bra\u00e7o rob\u00f3tico:<\/span><\/b><span class=\"citation-591\"> UMA <\/span><b><span class=\"citation-591\">Manipulador RM75 de 7 graus de liberdade<\/span><\/b><span class=\"citation-591 citation-end-591\"> com MoveIt!<\/span> compatibilidade do sistema para planejamento avan\u00e7ado de movimento e execu\u00e7\u00e3o de tarefas complexas.<\/li>\n<li><b><span class=\"citation-590\">Garra:<\/span><\/b><span class=\"citation-590\"> Uma pin\u00e7a de dois dedos com uma carga \u00fatil m\u00e1xima de <\/span><b><span class=\"citation-590\">5 kg<\/span><\/b><span class=\"citation-590 citation-end-590\">.<\/span><\/li>\n<li><b><span class=\"citation-589\">Precis\u00e3o:<\/span><\/b><span class=\"citation-589 citation-end-589\"> Repetibilidade do bra\u00e7o de <\/span><b><span class=\"math-inline\"><span class=\"katex\"><span class=\"katex-html\" aria-hidden=\"true\"><span class=\"base\"><span class=\"mord\">\u00b1<\/span><span class=\"mord\">0.05<\/span><\/span><\/span><\/span><\/span><span class=\"citation-588\"> mil\u00edmetros<\/span><\/b><span class=\"citation-588 citation-end-588\">.<\/span><\/li>\n<li><b>Faixa de trabalho aprimorada:<\/b><span class=\"citation-587 citation-end-587\"> Apresenta um <\/span><span class=\"math-inline\"><span class=\"katex\"><span class=\"katex-html\" aria-hidden=\"true\"><span class=\"base\"><span class=\"mord\"><span class=\"mord mathbf\">36<\/span><span class=\"mord mathbf\">0<\/span><span class=\"msupsub\"><span class=\"vlist-t\"><span class=\"vlist-r\"><span class=\"vlist\"><span class=\"\"><span class=\"sizing reset-size6 size3 mtight\"><span class=\"mbin mtight\">\u2218<\/span><\/span><\/span><\/span><\/span><\/span><\/span><\/span><\/span><\/span><\/span><\/span><span class=\"citation-586 citation-end-586\"> fun\u00e7\u00e3o pan-tilt e rota\u00e7\u00e3o para um amplo campo de vis\u00e3o e alcance de trabalho.<\/span><\/li>\n<\/ul>\n<\/li>\n<li><b><span class=\"citation-585\">Percep\u00e7\u00e3o Avan\u00e7ada:<\/span><\/b><span class=\"citation-585 citation-end-585\"> Integrado com sensores de \u00faltima gera\u00e7\u00e3o para conscientiza\u00e7\u00e3o ambiental.<\/span>\n<ul>\n<li><span class=\"citation-584\">Inclui um <\/span><b><span class=\"citation-584\">computador industrial de alto desempenho<\/span><\/b><span class=\"citation-584\">, <\/span><b><span class=\"citation-584\">LiDAR<\/span><\/b><span class=\"citation-584\">, <\/span><b><span class=\"citation-584\">IMU<\/span><\/b><span class=\"citation-584\">, e um <\/span><b><span class=\"citation-584\">sistema de percep\u00e7\u00e3o visual<\/span><\/b><span class=\"citation-584 citation-end-584\"> (geralmente com uma c\u00e2mera de alta precis\u00e3o) para mapeamento 3D em tempo real e intera\u00e7\u00e3o inteligente.<\/span><\/li>\n<\/ul>\n<\/li>\n<li><b><span class=\"citation-583\">Plataforma de IA poderosa:<\/span><\/b><span class=\"citation-583 citation-end-583\"> A computa\u00e7\u00e3o de alto desempenho integrada permite executar algoritmos complexos de IA, dando suporte a aprendizado de m\u00e1quina, vis\u00e3o computacional e pesquisa de processamento de linguagem natural.<\/span><\/li>\n<li><b>Versatilidade:<\/b><span class=\"citation-582 citation-end-582\"> Seu design permite que ele se destaque em uma ampla variedade de tarefas, incluindo classifica\u00e7\u00e3o, carregamento, assist\u00eancia m\u00e9dica e outros trabalhos complexos de manipula\u00e7\u00e3o, adaptando-se dinamicamente ao seu ambiente por meio de aprendizado cont\u00ednuo.<\/span><\/li>\n<\/ul>","protected":false},"excerpt":{"rendered":"<p>O <strong>Agilex Cobot S<\/strong> \u00e9 um rob\u00f4 colaborativo m\u00f3vel abrangente e de alto desempenho, projetado como um banco de testes definitivo para pesquisa em rob\u00f3tica e Intelig\u00eancia Artificial (IA), educa\u00e7\u00e3o e desenvolvimento de aplica\u00e7\u00f5es comerciais.<\/p>\n<p><strong>Incluindo plataforma Bunker<\/strong><\/p>\n<ul>\n<li>Manipulador RM75<\/li>\n<li>YDLIDAR G4<\/li>\n<li>RS-Helios-16P<\/li>\n<li>Garra DH AG95<\/li>\n<li>Intel D435<\/li>\n<li>Computador industrial APQ<\/li>\n<li>Embale em caixa de madeira<\/li>\n<\/ul>","protected":false},"featured_media":21146,"comment_status":"open","ping_status":"closed","template":"","meta":[],"product_brand":[1046],"product_cat":[1043,1044,1042,1037],"product_tag":[1047,1055,1073,1052],"class_list":{"0":"post-21144","1":"product","2":"type-product","3":"status-publish","4":"has-post-thumbnail","6":"product_brand-agilex","7":"product_cat-agilex","8":"product_cat-agilex-robots","9":"product_cat-chassis","10":"product_cat-robotics","11":"product_tag-agilex","12":"product_tag-agilex-chassis","13":"product_tag-agilex-cobot-s","14":"product_tag-agilex-robots","16":"first","17":"onbackorder","18":"taxable","19":"shipping-taxable","20":"purchasable","21":"product-type-simple"},"yoast_head":"<!-- This site is optimized with the Yoast SEO plugin v27.1.1 - https:\/\/yoast.com\/product\/yoast-seo-wordpress\/ -->\n<title>Agilex Cobot S - Ghostysky<\/title>\n<meta name=\"description\" content=\"The Agilex Cobot S is a comprehensive, high-performance mobile collaborative robot designed as an ultimate testbed for robotics and Artificial Intelligence (AI) research, education, and commercial applications development.\" \/>\n<meta name=\"robots\" content=\"index, follow, max-snippet:-1, max-image-preview:large, max-video-preview:-1\" \/>\n<link rel=\"canonical\" href=\"https:\/\/www.ghostysky.com\/pt\/produto-2\/agilex-cobot-s\/\" \/>\n<meta property=\"og:locale\" content=\"pt_PT\" \/>\n<meta property=\"og:type\" content=\"article\" \/>\n<meta property=\"og:title\" content=\"Agilex Cobot S - Ghostysky\" \/>\n<meta property=\"og:description\" content=\"The Agilex Cobot S is a comprehensive, high-performance mobile collaborative robot designed as an ultimate testbed for robotics and Artificial Intelligence (AI) research, education, and commercial applications development.\" \/>\n<meta property=\"og:url\" content=\"https:\/\/www.ghostysky.com\/pt\/produto-2\/agilex-cobot-s\/\" \/>\n<meta property=\"og:site_name\" content=\"Ghostysky\" \/>\n<meta property=\"article:publisher\" content=\"https:\/\/www.facebook.com\/people\/Ghostysky\/100057676170234\/\" \/>\n<meta property=\"article:modified_time\" content=\"2026-01-10T09:48:14+00:00\" \/>\n<meta property=\"og:image\" content=\"https:\/\/www.ghostysky.com\/wp-content\/uploads\/2025\/10\/GH_AgilexCobot_S.webp\" \/>\n\t<meta property=\"og:image:width\" content=\"2400\" \/>\n\t<meta property=\"og:image:height\" content=\"2400\" \/>\n\t<meta property=\"og:image:type\" content=\"image\/webp\" \/>\n<meta name=\"twitter:card\" content=\"summary_large_image\" \/>\n<meta name=\"twitter:site\" content=\"@Gh0stysky\" \/>\n<meta name=\"twitter:label1\" content=\"Tempo estimado de leitura\" \/>\n\t<meta name=\"twitter:data1\" content=\"2 minutos\" \/>\n<script type=\"application\/ld+json\" class=\"yoast-schema-graph\">{\"@context\":\"https:\/\/schema.org\",\"@graph\":[{\"@type\":\"WebPage\",\"@id\":\"https:\/\/www.ghostysky.com\/product\/agilex-cobot-s\/\",\"url\":\"https:\/\/www.ghostysky.com\/product\/agilex-cobot-s\/\",\"name\":\"Agilex Cobot S - Ghostysky\",\"isPartOf\":{\"@id\":\"https:\/\/www.ghostysky.com\/#website\"},\"primaryImageOfPage\":{\"@id\":\"https:\/\/www.ghostysky.com\/product\/agilex-cobot-s\/#primaryimage\"},\"image\":{\"@id\":\"https:\/\/www.ghostysky.com\/product\/agilex-cobot-s\/#primaryimage\"},\"thumbnailUrl\":\"https:\/\/www.ghostysky.com\/wp-content\/uploads\/2025\/10\/GH_AgilexCobot_S.webp\",\"datePublished\":\"2025-10-15T15:43:05+00:00\",\"dateModified\":\"2026-01-10T09:48:14+00:00\",\"description\":\"The Agilex Cobot S is a comprehensive, high-performance mobile collaborative robot designed as an ultimate testbed for robotics and Artificial Intelligence (AI) research, education, and commercial applications development.\",\"breadcrumb\":{\"@id\":\"https:\/\/www.ghostysky.com\/product\/agilex-cobot-s\/#breadcrumb\"},\"inLanguage\":\"pt-PT\",\"potentialAction\":[{\"@type\":\"ReadAction\",\"target\":[\"https:\/\/www.ghostysky.com\/product\/agilex-cobot-s\/\"]}]},{\"@type\":\"ImageObject\",\"inLanguage\":\"pt-PT\",\"@id\":\"https:\/\/www.ghostysky.com\/product\/agilex-cobot-s\/#primaryimage\",\"url\":\"https:\/\/www.ghostysky.com\/wp-content\/uploads\/2025\/10\/GH_AgilexCobot_S.webp\",\"contentUrl\":\"https:\/\/www.ghostysky.com\/wp-content\/uploads\/2025\/10\/GH_AgilexCobot_S.webp\",\"width\":2400,\"height\":2400},{\"@type\":\"BreadcrumbList\",\"@id\":\"https:\/\/www.ghostysky.com\/product\/agilex-cobot-s\/#breadcrumb\",\"itemListElement\":[{\"@type\":\"ListItem\",\"position\":1,\"name\":\"Home\",\"item\":\"https:\/\/www.ghostysky.com\/\"},{\"@type\":\"ListItem\",\"position\":2,\"name\":\"Shop\",\"item\":\"https:\/\/www.ghostysky.com\/shop\/\"},{\"@type\":\"ListItem\",\"position\":3,\"name\":\"Agilex Cobot S\"}]},{\"@type\":\"WebSite\",\"@id\":\"https:\/\/www.ghostysky.com\/#website\",\"url\":\"https:\/\/www.ghostysky.com\/\",\"name\":\"Ghostysky\",\"description\":\"Delivering professional drones and services\",\"publisher\":{\"@id\":\"https:\/\/www.ghostysky.com\/#organization\"},\"potentialAction\":[{\"@type\":\"SearchAction\",\"target\":{\"@type\":\"EntryPoint\",\"urlTemplate\":\"https:\/\/www.ghostysky.com\/?s={search_term_string}\"},\"query-input\":{\"@type\":\"PropertyValueSpecification\",\"valueRequired\":true,\"valueName\":\"search_term_string\"}}],\"inLanguage\":\"pt-PT\"},{\"@type\":\"Organization\",\"@id\":\"https:\/\/www.ghostysky.com\/#organization\",\"name\":\"Ghostysky\",\"url\":\"https:\/\/www.ghostysky.com\/\",\"logo\":{\"@type\":\"ImageObject\",\"inLanguage\":\"pt-PT\",\"@id\":\"https:\/\/www.ghostysky.com\/#\/schema\/logo\/image\/\",\"url\":\"https:\/\/www.ghostysky.com\/wp-content\/uploads\/2020\/06\/cropped-ghostyskylogo_text_white2.png\",\"contentUrl\":\"https:\/\/www.ghostysky.com\/wp-content\/uploads\/2020\/06\/cropped-ghostyskylogo_text_white2.png\",\"width\":169,\"height\":56,\"caption\":\"Ghostysky\"},\"image\":{\"@id\":\"https:\/\/www.ghostysky.com\/#\/schema\/logo\/image\/\"},\"sameAs\":[\"https:\/\/www.facebook.com\/people\/Ghostysky\/100057676170234\/\",\"https:\/\/x.com\/Gh0stysky\",\"https:\/\/www.linkedin.com\/company\/34739653\",\"https:\/\/www.instagram.com\/gh0stysky\"]}]}<\/script>\n<!-- \/ Yoast SEO plugin. -->","yoast_head_json":{"title":"Agilex Cobot S - Ghostysky","description":"O Agilex Cobot S \u00e9 um rob\u00f4 colaborativo m\u00f3vel abrangente e de alto desempenho, projetado como um banco de testes definitivo para pesquisa em rob\u00f3tica e Intelig\u00eancia Artificial (IA), educa\u00e7\u00e3o e desenvolvimento de aplica\u00e7\u00f5es comerciais.","robots":{"index":"index","follow":"follow","max-snippet":"max-snippet:-1","max-image-preview":"max-image-preview:large","max-video-preview":"max-video-preview:-1"},"canonical":"https:\/\/www.ghostysky.com\/pt\/produto-2\/agilex-cobot-s\/","og_locale":"pt_PT","og_type":"article","og_title":"Agilex Cobot S - Ghostysky","og_description":"The Agilex Cobot S is a comprehensive, high-performance mobile collaborative robot designed as an ultimate testbed for robotics and Artificial Intelligence (AI) research, education, and commercial applications development.","og_url":"https:\/\/www.ghostysky.com\/pt\/produto-2\/agilex-cobot-s\/","og_site_name":"Ghostysky","article_publisher":"https:\/\/www.facebook.com\/people\/Ghostysky\/100057676170234\/","article_modified_time":"2026-01-10T09:48:14+00:00","og_image":[{"width":2400,"height":2400,"url":"https:\/\/www.ghostysky.com\/wp-content\/uploads\/2025\/10\/GH_AgilexCobot_S.webp","type":"image\/webp"}],"twitter_card":"summary_large_image","twitter_site":"@Gh0stysky","twitter_misc":{"Tempo estimado de leitura":"2 minutos"},"schema":{"@context":"https:\/\/schema.org","@graph":[{"@type":"WebPage","@id":"https:\/\/www.ghostysky.com\/product\/agilex-cobot-s\/","url":"https:\/\/www.ghostysky.com\/product\/agilex-cobot-s\/","name":"Agilex Cobot S - Ghostysky","isPartOf":{"@id":"https:\/\/www.ghostysky.com\/#website"},"primaryImageOfPage":{"@id":"https:\/\/www.ghostysky.com\/product\/agilex-cobot-s\/#primaryimage"},"image":{"@id":"https:\/\/www.ghostysky.com\/product\/agilex-cobot-s\/#primaryimage"},"thumbnailUrl":"https:\/\/www.ghostysky.com\/wp-content\/uploads\/2025\/10\/GH_AgilexCobot_S.webp","datePublished":"2025-10-15T15:43:05+00:00","dateModified":"2026-01-10T09:48:14+00:00","description":"O Agilex Cobot S \u00e9 um rob\u00f4 colaborativo m\u00f3vel abrangente e de alto desempenho, projetado como um banco de testes definitivo para pesquisa em rob\u00f3tica e Intelig\u00eancia Artificial (IA), educa\u00e7\u00e3o e desenvolvimento de aplica\u00e7\u00f5es comerciais.","breadcrumb":{"@id":"https:\/\/www.ghostysky.com\/product\/agilex-cobot-s\/#breadcrumb"},"inLanguage":"pt-PT","potentialAction":[{"@type":"ReadAction","target":["https:\/\/www.ghostysky.com\/product\/agilex-cobot-s\/"]}]},{"@type":"ImageObject","inLanguage":"pt-PT","@id":"https:\/\/www.ghostysky.com\/product\/agilex-cobot-s\/#primaryimage","url":"https:\/\/www.ghostysky.com\/wp-content\/uploads\/2025\/10\/GH_AgilexCobot_S.webp","contentUrl":"https:\/\/www.ghostysky.com\/wp-content\/uploads\/2025\/10\/GH_AgilexCobot_S.webp","width":2400,"height":2400},{"@type":"BreadcrumbList","@id":"https:\/\/www.ghostysky.com\/product\/agilex-cobot-s\/#breadcrumb","itemListElement":[{"@type":"ListItem","position":1,"name":"Home","item":"https:\/\/www.ghostysky.com\/"},{"@type":"ListItem","position":2,"name":"Shop","item":"https:\/\/www.ghostysky.com\/shop\/"},{"@type":"ListItem","position":3,"name":"Agilex Cobot S"}]},{"@type":"WebSite","@id":"https:\/\/www.ghostysky.com\/#website","url":"https:\/\/www.ghostysky.com\/","name":"Ghostysky","description":"Fornecendo drones e servi\u00e7os profissionais","publisher":{"@id":"https:\/\/www.ghostysky.com\/#organization"},"potentialAction":[{"@type":"SearchAction","target":{"@type":"EntryPoint","urlTemplate":"https:\/\/www.ghostysky.com\/?s={search_term_string}"},"query-input":{"@type":"PropertyValueSpecification","valueRequired":true,"valueName":"search_term_string"}}],"inLanguage":"pt-PT"},{"@type":"Organization","@id":"https:\/\/www.ghostysky.com\/#organization","name":"Ghostysky","url":"https:\/\/www.ghostysky.com\/","logo":{"@type":"ImageObject","inLanguage":"pt-PT","@id":"https:\/\/www.ghostysky.com\/#\/schema\/logo\/image\/","url":"https:\/\/www.ghostysky.com\/wp-content\/uploads\/2020\/06\/cropped-ghostyskylogo_text_white2.png","contentUrl":"https:\/\/www.ghostysky.com\/wp-content\/uploads\/2020\/06\/cropped-ghostyskylogo_text_white2.png","width":169,"height":56,"caption":"Ghostysky"},"image":{"@id":"https:\/\/www.ghostysky.com\/#\/schema\/logo\/image\/"},"sameAs":["https:\/\/www.facebook.com\/people\/Ghostysky\/100057676170234\/","https:\/\/x.com\/Gh0stysky","https:\/\/www.linkedin.com\/company\/34739653","https:\/\/www.instagram.com\/gh0stysky"]}]}},"_links":{"self":[{"href":"https:\/\/www.ghostysky.com\/pt\/wp-json\/wp\/v2\/product\/21144","targetHints":{"allow":["GET"]}}],"collection":[{"href":"https:\/\/www.ghostysky.com\/pt\/wp-json\/wp\/v2\/product"}],"about":[{"href":"https:\/\/www.ghostysky.com\/pt\/wp-json\/wp\/v2\/types\/product"}],"replies":[{"embeddable":true,"href":"https:\/\/www.ghostysky.com\/pt\/wp-json\/wp\/v2\/comments?post=21144"}],"wp:featuredmedia":[{"embeddable":true,"href":"https:\/\/www.ghostysky.com\/pt\/wp-json\/wp\/v2\/media\/21146"}],"wp:attachment":[{"href":"https:\/\/www.ghostysky.com\/pt\/wp-json\/wp\/v2\/media?parent=21144"}],"wp:term":[{"taxonomy":"product_brand","embeddable":true,"href":"https:\/\/www.ghostysky.com\/pt\/wp-json\/wp\/v2\/product_brand?post=21144"},{"taxonomy":"product_cat","embeddable":true,"href":"https:\/\/www.ghostysky.com\/pt\/wp-json\/wp\/v2\/product_cat?post=21144"},{"taxonomy":"product_tag","embeddable":true,"href":"https:\/\/www.ghostysky.com\/pt\/wp-json\/wp\/v2\/product_tag?post=21144"}],"curies":[{"name":"wp","href":"https:\/\/api.w.org\/{rel}","templated":true}]}}