{"id":21173,"date":"2025-10-16T03:21:04","date_gmt":"2025-10-16T03:21:04","guid":{"rendered":"https:\/\/www.ghostysky.com\/?post_type=product&#038;p=21173"},"modified":"2026-01-10T10:04:31","modified_gmt":"2026-01-10T10:04:31","slug":"agilex-autoware-open-source-autonomous-kit","status":"publish","type":"product","link":"https:\/\/www.ghostysky.com\/pt\/product\/agilex-autoware-open-source-autonomous-kit\/","title":{"rendered":"Kit aut\u00f4nomo de c\u00f3digo aberto Agilex Autoware"},"content":{"rendered":"<h3><b>Principais recursos e capacidades<\/b><\/h3>\n<ul>\n<li><b>Full-Stack e Integrado:<\/b><span class=\"citation-89\"> Combina hardware de sensor poderoso com o c\u00f3digo aberto <\/span><b><span class=\"citation-89\">Autoware<\/span><\/b><span class=\"citation-89\"> estrutura de software, constru\u00edda sobre <\/span><b><span class=\"citation-89\">Sistema Operacional de Rob\u00f4s (ROS)<\/span><\/b><span class=\"citation-89 citation-end-89\">.<sup class=\"superscript\" data-turn-source-index=\"3\">3<\/sup><\/span><\/li>\n<li><b><span class=\"citation-88\">Localiza\u00e7\u00e3o de alta precis\u00e3o:<\/span><\/b><span class=\"citation-88\"> Utiliza <\/span><b><span class=\"citation-88\">3D SLAM (Localiza\u00e7\u00e3o e Mapeamento Simult\u00e2neos)<\/span><\/b><span class=\"citation-88\"> tecnologia de localiza\u00e7\u00e3o, muitas vezes apresentando uma <\/span><b><span class=\"citation-88\">LiDAR multilinha<\/span><\/b><span class=\"citation-88 citation-end-88\"> (por exemplo, RoboSense RS-LiDAR-16) para <sup class=\"superscript\" data-turn-source-index=\"4\">4<\/sup><\/span><span class=\"math-inline\" data-math=\"\\pm 2 \\text{cm}\">$\\pm 2 \\texto{cm}$<\/span><span class=\"citation-87 citation-end-87\"> precis\u00e3o t\u00edpica e uma faixa de medi\u00e7\u00e3o de at\u00e9 <sup class=\"superscript\" data-turn-source-index=\"5\">5<\/sup><\/span><span class=\"math-inline\" data-math=\"150 \\text{m}\">$150 \\texto{m}$<\/span><span class=\"citation-86 citation-end-86\">.<sup class=\"superscript\" data-turn-source-index=\"6\">6<\/sup><\/span><\/li>\n<li><b>Adaptabilidade todo-terreno:<\/b><span class=\"citation-85\"> Integra-se perfeitamente com v\u00e1rios chassis de rob\u00f4s todo-terreno AgileX (como HUNTER, BUNKER, SCOUT, etc.), tornando-o adequado para ambos <\/span><b><span class=\"citation-85\">estrada urbana<\/span><\/b><span class=\"citation-85\"> e <\/span><b><span class=\"citation-85\">ambientes off-road<\/span><\/b><span class=\"citation-85 citation-end-85\">.<sup class=\"superscript\" data-turn-source-index=\"7\">7<\/sup><\/span><\/li>\n<li><b>Fun\u00e7\u00f5es aut\u00f4nomas essenciais:<\/b><span class=\"citation-84 citation-end-84\"> Suporta fun\u00e7\u00f5es cr\u00edticas essenciais para navega\u00e7\u00e3o aut\u00f4noma:<sup class=\"superscript\" data-turn-source-index=\"8\">8<\/sup><\/span>\n<ul>\n<li><span class=\"citation-83 citation-end-83\">Mapeamento de nuvem de pontos 3D<sup class=\"superscript\" data-turn-source-index=\"9\">9<\/sup><\/span><\/li>\n<li><span class=\"citation-82 citation-end-82\">Localiza\u00e7\u00e3o e navega\u00e7\u00e3o usando dados de nuvem de pontos 3D<sup class=\"superscript\" data-turn-source-index=\"10\">10<\/sup><\/span><\/li>\n<li>Planejamento de Caminho Aut\u00f4nomo com Preven\u00e7\u00e3o de Obst\u00e1culos<\/li>\n<li>Manobras avan\u00e7adas como estacionamento e mudan\u00e7as de faixa<\/li>\n<li><span class=\"citation-81 citation-end-81\">Edi\u00e7\u00e3o de mapas vetoriais (para linhas de faixa, faixas de pedestres, etc.)<sup class=\"superscript\" data-turn-source-index=\"11\">11<\/sup><\/span><\/li>\n<\/ul>\n<\/li>\n<li><b>C\u00f3digo aberto e extens\u00edvel:<\/b><span class=\"citation-80 citation-end-80\"> A arquitetura baseada em ROS permite f\u00e1cil integra\u00e7\u00e3o de bibliotecas existentes ou novas cargas \u00fateis e sensores (como m\u00f3dulos GPS, c\u00e2meras de profundidade, etc.) para aplica\u00e7\u00f5es personalizadas.<sup class=\"superscript\" data-turn-source-index=\"12\">12<\/sup><\/span><\/li>\n<li><b>Pronto para desenvolvimento:<\/b><span class=\"citation-79 citation-end-79\"> Inclui um poderoso sistema de controle industrial (por exemplo, CPU Intel i7) e n\u00f3s ROS pr\u00e9-instalados, permitindo que os usu\u00e1rios iniciem rapidamente a implanta\u00e7\u00e3o e a pesquisa de rob\u00f4s aut\u00f4nomos.<sup class=\"superscript\" data-turn-source-index=\"13\">13<\/sup><\/span><\/li>\n<\/ul>\n<p><b>Ideal para:<\/b><\/p>\n<ul>\n<li><span class=\"citation-78 citation-end-78\">Pesquisa acad\u00eamica e educa\u00e7\u00e3o em rob\u00f3tica e sistemas aut\u00f4nomos.<sup class=\"superscript\" data-turn-source-index=\"14\">14<\/sup><\/span><\/li>\n<li><span class=\"citation-77 citation-end-77\">Desenvolvedores da ind\u00fastria que buscam uma plataforma pronta para uso para prototipar e validar algoritmos de dire\u00e7\u00e3o aut\u00f4noma.<sup class=\"superscript\" data-turn-source-index=\"15\">15<\/sup><\/span><\/li>\n<li><span class=\"citation-76 citation-end-76\">Projetos que exigem opera\u00e7\u00e3o de ve\u00edculos controlados por fio via ROS.<sup class=\"superscript\" data-turn-source-index=\"16\">16<\/sup><\/span><\/li>\n<\/ul>","protected":false},"excerpt":{"rendered":"<p><span class=\"citation-91 citation-end-91\">O AgileX Autoware Open Source Autonomous Kit (tamb\u00e9m conhecido como AutoKit) \u00e9 uma solu\u00e7\u00e3o totalmente integrada, full-stack e econ\u00f4mica, projetada para pesquisa, desenvolvimento e educa\u00e7\u00e3o em dire\u00e7\u00e3o aut\u00f4noma.<\/span> <span class=\"citation-90 citation-end-90\">Ele fornece uma plataforma completa de hardware e software para desenvolver e verificar rapidamente algoritmos de dire\u00e7\u00e3o aut\u00f4noma em uma variedade de ambientes.<\/span><\/p>\n<p><strong>N\u00e3o incluindo plataforma N\u00e3o incluindo GPS<\/strong><br \/>\n<strong>Compat\u00edvel com HUNTER, HUNTER2.0, SCOUT2,0 e BUNKER<\/strong><br \/>\nEmbalar em caixa de madeira<\/p>","protected":false},"featured_media":21175,"comment_status":"open","ping_status":"closed","template":"","meta":[],"product_brand":[1046],"product_cat":[1043,1045,1042,1037],"product_tag":[1047,1054,1078],"class_list":{"0":"post-21173","1":"product","2":"type-product","3":"status-publish","4":"has-post-thumbnail","6":"product_brand-agilex","7":"product_cat-agilex","8":"product_cat-agilex-accessories","9":"product_cat-chassis","10":"product_cat-robotics","11":"product_tag-agilex","12":"product_tag-agilex-accessories","13":"product_tag-agilex-autoware-open-source-autonomous-kit","15":"first","16":"onbackorder","17":"taxable","18":"shipping-taxable","19":"purchasable","20":"product-type-simple"},"yoast_head":"<!-- This site is optimized with the Yoast SEO plugin v27.4 - https:\/\/yoast.com\/product\/yoast-seo-wordpress\/ -->\n<title>Agilex Autoware Open Source Autonomous Kit - Ghostysky<\/title>\n<meta name=\"description\" content=\"The AgileX Autoware Open Source Autonomous Kit (also known as AutoKit) is a fully integrated, full-stack, and cost-effective solution designed for autonomous driving research, development, and education. It provides a complete hardware and software platform for quickly developing and verifying autonomous driving algorithms in a variety of environments.\" \/>\n<meta name=\"robots\" content=\"index, follow, max-snippet:-1, max-image-preview:large, max-video-preview:-1\" \/>\n<link rel=\"canonical\" href=\"https:\/\/www.ghostysky.com\/pt\/produto-2\/agilex-autoware-open-source-autonomous-kit\/\" \/>\n<meta property=\"og:locale\" content=\"pt_PT\" \/>\n<meta property=\"og:type\" content=\"article\" \/>\n<meta property=\"og:title\" content=\"Agilex Autoware Open Source Autonomous Kit - Ghostysky\" \/>\n<meta property=\"og:description\" content=\"The AgileX Autoware Open Source Autonomous Kit (also known as AutoKit) is a fully integrated, full-stack, and cost-effective solution designed for autonomous driving research, development, and education. It provides a complete hardware and software platform for quickly developing and verifying autonomous driving algorithms in a variety of environments.\" \/>\n<meta property=\"og:url\" content=\"https:\/\/www.ghostysky.com\/pt\/produto-2\/agilex-autoware-open-source-autonomous-kit\/\" \/>\n<meta property=\"og:site_name\" content=\"Ghostysky\" \/>\n<meta property=\"article:publisher\" content=\"https:\/\/www.facebook.com\/people\/Ghostysky\/100057676170234\/\" \/>\n<meta property=\"article:modified_time\" content=\"2026-01-10T10:04:31+00:00\" \/>\n<meta property=\"og:image\" content=\"https:\/\/www.ghostysky.com\/wp-content\/uploads\/2025\/10\/GH_AgileAutowareKit_1.webp\" \/>\n\t<meta property=\"og:image:width\" content=\"551\" \/>\n\t<meta property=\"og:image:height\" content=\"535\" \/>\n\t<meta property=\"og:image:type\" content=\"image\/webp\" \/>\n<meta name=\"twitter:card\" content=\"summary_large_image\" \/>\n<meta name=\"twitter:site\" content=\"@Gh0stysky\" \/>\n<meta name=\"twitter:label1\" content=\"Tempo estimado de leitura\" \/>\n\t<meta name=\"twitter:data1\" content=\"2 minutos\" \/>\n<script type=\"application\/ld+json\" class=\"yoast-schema-graph\">{\"@context\":\"https:\\\/\\\/schema.org\",\"@graph\":[{\"@type\":\"WebPage\",\"@id\":\"https:\\\/\\\/www.ghostysky.com\\\/product\\\/agilex-autoware-open-source-autonomous-kit\\\/\",\"url\":\"https:\\\/\\\/www.ghostysky.com\\\/product\\\/agilex-autoware-open-source-autonomous-kit\\\/\",\"name\":\"Agilex Autoware Open Source Autonomous Kit - Ghostysky\",\"isPartOf\":{\"@id\":\"https:\\\/\\\/www.ghostysky.com\\\/#website\"},\"primaryImageOfPage\":{\"@id\":\"https:\\\/\\\/www.ghostysky.com\\\/product\\\/agilex-autoware-open-source-autonomous-kit\\\/#primaryimage\"},\"image\":{\"@id\":\"https:\\\/\\\/www.ghostysky.com\\\/product\\\/agilex-autoware-open-source-autonomous-kit\\\/#primaryimage\"},\"thumbnailUrl\":\"https:\\\/\\\/www.ghostysky.com\\\/wp-content\\\/uploads\\\/2025\\\/10\\\/GH_AgileAutowareKit_1.webp\",\"datePublished\":\"2025-10-16T03:21:04+00:00\",\"dateModified\":\"2026-01-10T10:04:31+00:00\",\"description\":\"The AgileX Autoware Open Source Autonomous Kit (also known as AutoKit) is a fully integrated, full-stack, and cost-effective solution designed for autonomous driving research, development, and education. It provides a complete hardware and software platform for quickly developing and verifying autonomous driving algorithms in a variety of environments.\",\"breadcrumb\":{\"@id\":\"https:\\\/\\\/www.ghostysky.com\\\/product\\\/agilex-autoware-open-source-autonomous-kit\\\/#breadcrumb\"},\"inLanguage\":\"pt-PT\",\"potentialAction\":[{\"@type\":\"ReadAction\",\"target\":[\"https:\\\/\\\/www.ghostysky.com\\\/product\\\/agilex-autoware-open-source-autonomous-kit\\\/\"]}]},{\"@type\":\"ImageObject\",\"inLanguage\":\"pt-PT\",\"@id\":\"https:\\\/\\\/www.ghostysky.com\\\/product\\\/agilex-autoware-open-source-autonomous-kit\\\/#primaryimage\",\"url\":\"https:\\\/\\\/www.ghostysky.com\\\/wp-content\\\/uploads\\\/2025\\\/10\\\/GH_AgileAutowareKit_1.webp\",\"contentUrl\":\"https:\\\/\\\/www.ghostysky.com\\\/wp-content\\\/uploads\\\/2025\\\/10\\\/GH_AgileAutowareKit_1.webp\",\"width\":551,\"height\":535},{\"@type\":\"BreadcrumbList\",\"@id\":\"https:\\\/\\\/www.ghostysky.com\\\/product\\\/agilex-autoware-open-source-autonomous-kit\\\/#breadcrumb\",\"itemListElement\":[{\"@type\":\"ListItem\",\"position\":1,\"name\":\"Home\",\"item\":\"https:\\\/\\\/www.ghostysky.com\\\/\"},{\"@type\":\"ListItem\",\"position\":2,\"name\":\"Shop\",\"item\":\"https:\\\/\\\/www.ghostysky.com\\\/shop\\\/\"},{\"@type\":\"ListItem\",\"position\":3,\"name\":\"Agilex Autoware Open Source Autonomous Kit\"}]},{\"@type\":\"WebSite\",\"@id\":\"https:\\\/\\\/www.ghostysky.com\\\/#website\",\"url\":\"https:\\\/\\\/www.ghostysky.com\\\/\",\"name\":\"Ghostysky\",\"description\":\"Delivering professional drones and services\",\"publisher\":{\"@id\":\"https:\\\/\\\/www.ghostysky.com\\\/#organization\"},\"potentialAction\":[{\"@type\":\"SearchAction\",\"target\":{\"@type\":\"EntryPoint\",\"urlTemplate\":\"https:\\\/\\\/www.ghostysky.com\\\/?s={search_term_string}\"},\"query-input\":{\"@type\":\"PropertyValueSpecification\",\"valueRequired\":true,\"valueName\":\"search_term_string\"}}],\"inLanguage\":\"pt-PT\"},{\"@type\":\"Organization\",\"@id\":\"https:\\\/\\\/www.ghostysky.com\\\/#organization\",\"name\":\"Ghostysky\",\"url\":\"https:\\\/\\\/www.ghostysky.com\\\/\",\"logo\":{\"@type\":\"ImageObject\",\"inLanguage\":\"pt-PT\",\"@id\":\"https:\\\/\\\/www.ghostysky.com\\\/#\\\/schema\\\/logo\\\/image\\\/\",\"url\":\"https:\\\/\\\/www.ghostysky.com\\\/wp-content\\\/uploads\\\/2020\\\/06\\\/cropped-ghostyskylogo_text_white2.png\",\"contentUrl\":\"https:\\\/\\\/www.ghostysky.com\\\/wp-content\\\/uploads\\\/2020\\\/06\\\/cropped-ghostyskylogo_text_white2.png\",\"width\":169,\"height\":56,\"caption\":\"Ghostysky\"},\"image\":{\"@id\":\"https:\\\/\\\/www.ghostysky.com\\\/#\\\/schema\\\/logo\\\/image\\\/\"},\"sameAs\":[\"https:\\\/\\\/www.facebook.com\\\/people\\\/Ghostysky\\\/100057676170234\\\/\",\"https:\\\/\\\/x.com\\\/Gh0stysky\",\"https:\\\/\\\/www.linkedin.com\\\/company\\\/34739653\",\"https:\\\/\\\/www.instagram.com\\\/gh0stysky\"]}]}<\/script>\n<!-- \/ Yoast SEO plugin. -->","yoast_head_json":{"title":"Kit aut\u00f4nomo de c\u00f3digo aberto Agilex Autoware - Ghostysky","description":"O AgileX Autoware Open Source Autonomous Kit (tamb\u00e9m conhecido como AutoKit) \u00e9 uma solu\u00e7\u00e3o totalmente integrada, full-stack e econ\u00f4mica, projetada para pesquisa, desenvolvimento e educa\u00e7\u00e3o em dire\u00e7\u00e3o aut\u00f4noma. Ele fornece uma plataforma completa de hardware e software para desenvolver e verificar rapidamente algoritmos de dire\u00e7\u00e3o aut\u00f4noma em diversos ambientes.","robots":{"index":"index","follow":"follow","max-snippet":"max-snippet:-1","max-image-preview":"max-image-preview:large","max-video-preview":"max-video-preview:-1"},"canonical":"https:\/\/www.ghostysky.com\/pt\/produto-2\/agilex-autoware-open-source-autonomous-kit\/","og_locale":"pt_PT","og_type":"article","og_title":"Agilex Autoware Open Source Autonomous Kit - Ghostysky","og_description":"The AgileX Autoware Open Source Autonomous Kit (also known as AutoKit) is a fully integrated, full-stack, and cost-effective solution designed for autonomous driving research, development, and education. It provides a complete hardware and software platform for quickly developing and verifying autonomous driving algorithms in a variety of environments.","og_url":"https:\/\/www.ghostysky.com\/pt\/produto-2\/agilex-autoware-open-source-autonomous-kit\/","og_site_name":"Ghostysky","article_publisher":"https:\/\/www.facebook.com\/people\/Ghostysky\/100057676170234\/","article_modified_time":"2026-01-10T10:04:31+00:00","og_image":[{"width":551,"height":535,"url":"https:\/\/www.ghostysky.com\/wp-content\/uploads\/2025\/10\/GH_AgileAutowareKit_1.webp","type":"image\/webp"}],"twitter_card":"summary_large_image","twitter_site":"@Gh0stysky","twitter_misc":{"Tempo estimado de leitura":"2 minutos"},"schema":{"@context":"https:\/\/schema.org","@graph":[{"@type":"WebPage","@id":"https:\/\/www.ghostysky.com\/product\/agilex-autoware-open-source-autonomous-kit\/","url":"https:\/\/www.ghostysky.com\/product\/agilex-autoware-open-source-autonomous-kit\/","name":"Kit aut\u00f4nomo de c\u00f3digo aberto Agilex Autoware - Ghostysky","isPartOf":{"@id":"https:\/\/www.ghostysky.com\/#website"},"primaryImageOfPage":{"@id":"https:\/\/www.ghostysky.com\/product\/agilex-autoware-open-source-autonomous-kit\/#primaryimage"},"image":{"@id":"https:\/\/www.ghostysky.com\/product\/agilex-autoware-open-source-autonomous-kit\/#primaryimage"},"thumbnailUrl":"https:\/\/www.ghostysky.com\/wp-content\/uploads\/2025\/10\/GH_AgileAutowareKit_1.webp","datePublished":"2025-10-16T03:21:04+00:00","dateModified":"2026-01-10T10:04:31+00:00","description":"O AgileX Autoware Open Source Autonomous Kit (tamb\u00e9m conhecido como AutoKit) \u00e9 uma solu\u00e7\u00e3o totalmente integrada, full-stack e econ\u00f4mica, projetada para pesquisa, desenvolvimento e educa\u00e7\u00e3o em dire\u00e7\u00e3o aut\u00f4noma. Ele fornece uma plataforma completa de hardware e software para desenvolver e verificar rapidamente algoritmos de dire\u00e7\u00e3o aut\u00f4noma em diversos ambientes.","breadcrumb":{"@id":"https:\/\/www.ghostysky.com\/product\/agilex-autoware-open-source-autonomous-kit\/#breadcrumb"},"inLanguage":"pt-PT","potentialAction":[{"@type":"ReadAction","target":["https:\/\/www.ghostysky.com\/product\/agilex-autoware-open-source-autonomous-kit\/"]}]},{"@type":"ImageObject","inLanguage":"pt-PT","@id":"https:\/\/www.ghostysky.com\/product\/agilex-autoware-open-source-autonomous-kit\/#primaryimage","url":"https:\/\/www.ghostysky.com\/wp-content\/uploads\/2025\/10\/GH_AgileAutowareKit_1.webp","contentUrl":"https:\/\/www.ghostysky.com\/wp-content\/uploads\/2025\/10\/GH_AgileAutowareKit_1.webp","width":551,"height":535},{"@type":"BreadcrumbList","@id":"https:\/\/www.ghostysky.com\/product\/agilex-autoware-open-source-autonomous-kit\/#breadcrumb","itemListElement":[{"@type":"ListItem","position":1,"name":"Home","item":"https:\/\/www.ghostysky.com\/"},{"@type":"ListItem","position":2,"name":"Shop","item":"https:\/\/www.ghostysky.com\/shop\/"},{"@type":"ListItem","position":3,"name":"Agilex Autoware Open Source Autonomous Kit"}]},{"@type":"WebSite","@id":"https:\/\/www.ghostysky.com\/#website","url":"https:\/\/www.ghostysky.com\/","name":"Ghostysky","description":"Fornecendo drones e servi\u00e7os profissionais","publisher":{"@id":"https:\/\/www.ghostysky.com\/#organization"},"potentialAction":[{"@type":"SearchAction","target":{"@type":"EntryPoint","urlTemplate":"https:\/\/www.ghostysky.com\/?s={search_term_string}"},"query-input":{"@type":"PropertyValueSpecification","valueRequired":true,"valueName":"search_term_string"}}],"inLanguage":"pt-PT"},{"@type":"Organization","@id":"https:\/\/www.ghostysky.com\/#organization","name":"Ghostysky","url":"https:\/\/www.ghostysky.com\/","logo":{"@type":"ImageObject","inLanguage":"pt-PT","@id":"https:\/\/www.ghostysky.com\/#\/schema\/logo\/image\/","url":"https:\/\/www.ghostysky.com\/wp-content\/uploads\/2020\/06\/cropped-ghostyskylogo_text_white2.png","contentUrl":"https:\/\/www.ghostysky.com\/wp-content\/uploads\/2020\/06\/cropped-ghostyskylogo_text_white2.png","width":169,"height":56,"caption":"Ghostysky"},"image":{"@id":"https:\/\/www.ghostysky.com\/#\/schema\/logo\/image\/"},"sameAs":["https:\/\/www.facebook.com\/people\/Ghostysky\/100057676170234\/","https:\/\/x.com\/Gh0stysky","https:\/\/www.linkedin.com\/company\/34739653","https:\/\/www.instagram.com\/gh0stysky"]}]}},"_links":{"self":[{"href":"https:\/\/www.ghostysky.com\/pt\/wp-json\/wp\/v2\/product\/21173","targetHints":{"allow":["GET"]}}],"collection":[{"href":"https:\/\/www.ghostysky.com\/pt\/wp-json\/wp\/v2\/product"}],"about":[{"href":"https:\/\/www.ghostysky.com\/pt\/wp-json\/wp\/v2\/types\/product"}],"replies":[{"embeddable":true,"href":"https:\/\/www.ghostysky.com\/pt\/wp-json\/wp\/v2\/comments?post=21173"}],"version-history":[{"count":0,"href":"https:\/\/www.ghostysky.com\/pt\/wp-json\/wp\/v2\/product\/21173\/revisions"}],"wp:featuredmedia":[{"embeddable":true,"href":"https:\/\/www.ghostysky.com\/pt\/wp-json\/wp\/v2\/media\/21175"}],"wp:attachment":[{"href":"https:\/\/www.ghostysky.com\/pt\/wp-json\/wp\/v2\/media?parent=21173"}],"wp:term":[{"taxonomy":"product_brand","embeddable":true,"href":"https:\/\/www.ghostysky.com\/pt\/wp-json\/wp\/v2\/product_brand?post=21173"},{"taxonomy":"product_cat","embeddable":true,"href":"https:\/\/www.ghostysky.com\/pt\/wp-json\/wp\/v2\/product_cat?post=21173"},{"taxonomy":"product_tag","embeddable":true,"href":"https:\/\/www.ghostysky.com\/pt\/wp-json\/wp\/v2\/product_tag?post=21173"}],"curies":[{"name":"wp","href":"https:\/\/api.w.org\/{rel}","templated":true}]}}