{"id":21176,"date":"2025-10-16T03:30:01","date_gmt":"2025-10-16T03:30:01","guid":{"rendered":"https:\/\/www.ghostysky.com\/?post_type=product&#038;p=21176"},"modified":"2026-01-10T10:04:00","modified_gmt":"2026-01-10T10:04:00","slug":"agilex-auto-kit-pro","status":"publish","type":"product","link":"https:\/\/www.ghostysky.com\/pt\/product\/agilex-auto-kit-pro\/","title":{"rendered":"Agilex Auto Kit Pro"},"content":{"rendered":"<div id=\"model-response-message-contentr_10995c785503e875\" class=\"markdown markdown-main-panel stronger enable-updated-hr-color\" dir=\"ltr\">\n<h3><b>Principais recursos e componentes (configura\u00e7\u00e3o t\u00edpica de n\u00edvel profissional)<\/b><\/h3>\n<ul>\n<li><b><span class=\"citation-103\">Pilha de software de c\u00f3digo aberto:<\/span><\/b><span class=\"citation-103\"> Com base em estruturas populares como <\/span><b><span class=\"citation-103\">Autoware<\/span><\/b><span class=\"citation-103\"> e totalmente compat\u00edvel com <\/span><b><span class=\"citation-103\">ROS<\/span><\/b><span class=\"citation-103 citation-end-103\"> (potencialmente vers\u00e3o ROS 2\/Foxy dependendo do modelo espec\u00edfico), permitindo o desenvolvimento cont\u00ednuo de aplica\u00e7\u00f5es de navega\u00e7\u00e3o, percep\u00e7\u00e3o e controle.<\/span><\/li>\n<li><b>Detec\u00e7\u00e3o de alto desempenho:<\/b> Possui um poderoso sistema de sensor de dire\u00e7\u00e3o aut\u00f4noma, que normalmente inclui:\n<ul>\n<li><b>LiDAR de alta linha:<\/b><span class=\"citation-102 citation-end-102\"> Como um LiDAR de 16 linhas (por exemplo, Velodyne VLP-16 ou similar) para mapeamento de ambiente de alta defini\u00e7\u00e3o de 360 graus e detec\u00e7\u00e3o de obst\u00e1culos.<\/span><\/li>\n<li><b><span class=\"citation-101\">C\u00e2mera de profundidade est\u00e9reo:<\/span><\/b><span class=\"citation-101\"> Como o <\/span><b><span class=\"citation-101\">Intel RealSense D435i<\/span><\/b><span class=\"citation-101 citation-end-101\"> para SLAM visual, percep\u00e7\u00e3o de profundidade e tarefas avan\u00e7adas de identidade visual.<\/span><\/li>\n<li><b>Computador de bordo (IPC):<\/b> Um PC industrial de alto desempenho (por exemplo, Intel i7\/i5 ou sistemas embarcados poderosos como NVIDIA Xavier\/Jetson) para lidar com tarefas de processamento exigentes.<\/li>\n<\/ul>\n<\/li>\n<li><b>Pronto para navega\u00e7\u00e3o aut\u00f4noma:<\/b> O kit \u00e9 uma solu\u00e7\u00e3o perfeita para implementar fun\u00e7\u00f5es como navega\u00e7\u00e3o autom\u00e1tica LiDAR multilinha, localiza\u00e7\u00e3o e mapeamento simult\u00e2neos (SLAM), preven\u00e7\u00e3o de obst\u00e1culos e planejamento de caminho (geralmente utilizando pacotes como <code>navega\u00e7\u00e3o2<\/code> e <code>mover_base<\/code>).<\/li>\n<li><b><span class=\"citation-100\">Compatibilidade do chassi:<\/span><\/b><span class=\"citation-100 citation-end-100\"> Projetado para ser facilmente integrado a uma variedade de plataformas de chassis de ve\u00edculos terrestres n\u00e3o tripulados (UGV) robustos da AgileX (por exemplo, Scout Mini, Scout 2.0, Hunter ou s\u00e9rie Bunker).<\/span><\/li>\n<li><b>Aplica\u00e7\u00f5es alvo:<\/b> Ideal para uma ampla gama de aplica\u00e7\u00f5es de alta complexidade e alta integra\u00e7\u00e3o, incluindo:\n<ul>\n<li><b>Pesquisa Acad\u00eamica e Educa\u00e7\u00e3o:<\/b> Fornecendo uma plataforma completa para estudos e projetos de n\u00edvel universit\u00e1rio em rob\u00f3tica e sistemas aut\u00f4nomos.<\/li>\n<li><b>Pr\u00e9-pesquisa de produto:<\/b> Prototipagem r\u00e1pida e desenvolvimento de ve\u00edculos aut\u00f4nomos especializados.<\/li>\n<li><b>Aplica\u00e7\u00f5es industriais:<\/b><span class=\"citation-99 citation-end-99\"> Desenvolvendo solu\u00e7\u00f5es para inspe\u00e7\u00e3o, levantamento, seguran\u00e7a, log\u00edstica e muito mais.<\/span><\/li>\n<\/ul>\n<\/li>\n<li><b><span class=\"citation-98\">Integra\u00e7\u00e3o total:<\/span><\/b><span class=\"citation-98 citation-end-98\"> Vem com ambientes Linux e ROS pr\u00e9-instalados, drivers de hardware necess\u00e1rios e montagem de sensor projetada metodicamente para posicionamento ideal e f\u00e1cil integra\u00e7\u00e3o.<\/span><\/li>\n<\/ul>\n<p>O <b>Kit Autom\u00e1tico AgileX Pro<\/b> \u00e9 sua ferramenta abrangente para liberar todo o potencial da tecnologia de dire\u00e7\u00e3o aut\u00f4noma, oferecendo uma plataforma sofisticada e integrada para pesquisadores e desenvolvedores passarem rapidamente do conceito \u00e0 implanta\u00e7\u00e3o.<\/p>\n<\/div>","protected":false},"excerpt":{"rendered":"<p>O <b>Kit Autom\u00e1tico AgileX Pro<\/b> \u00e9 um kit de desenvolvimento e educa\u00e7\u00e3o abrangente, completo e de alto desempenho, projetado para impulsionar sua pesquisa em dire\u00e7\u00e3o aut\u00f4noma e rob\u00f3tica avan\u00e7ada. Constru\u00eddo em torno de uma estrutura de c\u00f3digo aberto, como <b>Autoware<\/b>, e as <b>Sistema Operacional de Rob\u00f4s (ROS)<\/b>, este kit de n\u00edvel profissional fornece o hardware robusto e o software integrado necess\u00e1rios para construir, testar e verificar algoritmos complexos de dire\u00e7\u00e3o aut\u00f4noma.<\/p>\n<p><strong>N\u00e3o incluindo plataforma Incluindo GPS Incluindo c\u00e2mera infravermelha<\/strong><br \/>\n<strong>Compat\u00edvel com HUNTER, HUNTER2.0, SCOUT2,0 e BUNKER<\/strong><br \/>\nEmbale em caixa de madeira<\/p>","protected":false},"featured_media":21175,"comment_status":"open","ping_status":"closed","template":"","meta":[],"product_brand":[1046],"product_cat":[1043,1045,1042,1037],"product_tag":[1047,1054,1079],"class_list":{"0":"post-21176","1":"product","2":"type-product","3":"status-publish","4":"has-post-thumbnail","6":"product_brand-agilex","7":"product_cat-agilex","8":"product_cat-agilex-accessories","9":"product_cat-chassis","10":"product_cat-robotics","11":"product_tag-agilex","12":"product_tag-agilex-accessories","13":"product_tag-agilex-auto-kit-pro","15":"first","16":"onbackorder","17":"taxable","18":"shipping-taxable","19":"purchasable","20":"product-type-simple"},"yoast_head":"<!-- This site is optimized with the Yoast SEO plugin v27.1.1 - https:\/\/yoast.com\/product\/yoast-seo-wordpress\/ -->\n<title>Agilex Auto Kit Pro - Ghostysky<\/title>\n<meta name=\"description\" content=\"The AgileX Auto Kit Pro is a comprehensive, full-stack, and high-performance development and education kit designed to jumpstart your autonomous driving and advanced robotics research. Built around an open-source framework, such as Autoware, and the Robot Operating System (ROS), this professional-grade kit provides the robust hardware and integrated software necessary to build, test, and verify complex autonomous driving algorithms.\" \/>\n<meta name=\"robots\" content=\"index, follow, max-snippet:-1, max-image-preview:large, max-video-preview:-1\" \/>\n<link rel=\"canonical\" href=\"https:\/\/www.ghostysky.com\/pt\/produto-2\/agilex-auto-kit-pro\/\" \/>\n<meta property=\"og:locale\" content=\"pt_PT\" \/>\n<meta property=\"og:type\" content=\"article\" \/>\n<meta property=\"og:title\" content=\"Agilex Auto Kit Pro - Ghostysky\" \/>\n<meta property=\"og:description\" content=\"The AgileX Auto Kit Pro is a comprehensive, full-stack, and high-performance development and education kit designed to jumpstart your autonomous driving and advanced robotics research. Built around an open-source framework, such as Autoware, and the Robot Operating System (ROS), this professional-grade kit provides the robust hardware and integrated software necessary to build, test, and verify complex autonomous driving algorithms.\" \/>\n<meta property=\"og:url\" content=\"https:\/\/www.ghostysky.com\/pt\/produto-2\/agilex-auto-kit-pro\/\" \/>\n<meta property=\"og:site_name\" content=\"Ghostysky\" \/>\n<meta property=\"article:publisher\" content=\"https:\/\/www.facebook.com\/people\/Ghostysky\/100057676170234\/\" \/>\n<meta property=\"article:modified_time\" content=\"2026-01-10T10:04:00+00:00\" \/>\n<meta property=\"og:image\" content=\"https:\/\/www.ghostysky.com\/wp-content\/uploads\/2025\/10\/GH_AgileAutowareKit_1.webp\" \/>\n\t<meta property=\"og:image:width\" content=\"551\" \/>\n\t<meta property=\"og:image:height\" content=\"535\" \/>\n\t<meta property=\"og:image:type\" content=\"image\/webp\" \/>\n<meta name=\"twitter:card\" content=\"summary_large_image\" \/>\n<meta name=\"twitter:site\" content=\"@Gh0stysky\" \/>\n<meta name=\"twitter:label1\" content=\"Tempo estimado de leitura\" \/>\n\t<meta name=\"twitter:data1\" content=\"2 minutos\" \/>\n<script type=\"application\/ld+json\" class=\"yoast-schema-graph\">{\"@context\":\"https:\/\/schema.org\",\"@graph\":[{\"@type\":\"WebPage\",\"@id\":\"https:\/\/www.ghostysky.com\/product\/agilex-auto-kit-pro\/\",\"url\":\"https:\/\/www.ghostysky.com\/product\/agilex-auto-kit-pro\/\",\"name\":\"Agilex Auto Kit Pro - Ghostysky\",\"isPartOf\":{\"@id\":\"https:\/\/www.ghostysky.com\/#website\"},\"primaryImageOfPage\":{\"@id\":\"https:\/\/www.ghostysky.com\/product\/agilex-auto-kit-pro\/#primaryimage\"},\"image\":{\"@id\":\"https:\/\/www.ghostysky.com\/product\/agilex-auto-kit-pro\/#primaryimage\"},\"thumbnailUrl\":\"https:\/\/www.ghostysky.com\/wp-content\/uploads\/2025\/10\/GH_AgileAutowareKit_1.webp\",\"datePublished\":\"2025-10-16T03:30:01+00:00\",\"dateModified\":\"2026-01-10T10:04:00+00:00\",\"description\":\"The AgileX Auto Kit Pro is a comprehensive, full-stack, and high-performance development and education kit designed to jumpstart your autonomous driving and advanced robotics research. Built around an open-source framework, such as Autoware, and the Robot Operating System (ROS), this professional-grade kit provides the robust hardware and integrated software necessary to build, test, and verify complex autonomous driving algorithms.\",\"breadcrumb\":{\"@id\":\"https:\/\/www.ghostysky.com\/product\/agilex-auto-kit-pro\/#breadcrumb\"},\"inLanguage\":\"pt-PT\",\"potentialAction\":[{\"@type\":\"ReadAction\",\"target\":[\"https:\/\/www.ghostysky.com\/product\/agilex-auto-kit-pro\/\"]}]},{\"@type\":\"ImageObject\",\"inLanguage\":\"pt-PT\",\"@id\":\"https:\/\/www.ghostysky.com\/product\/agilex-auto-kit-pro\/#primaryimage\",\"url\":\"https:\/\/www.ghostysky.com\/wp-content\/uploads\/2025\/10\/GH_AgileAutowareKit_1.webp\",\"contentUrl\":\"https:\/\/www.ghostysky.com\/wp-content\/uploads\/2025\/10\/GH_AgileAutowareKit_1.webp\",\"width\":551,\"height\":535},{\"@type\":\"BreadcrumbList\",\"@id\":\"https:\/\/www.ghostysky.com\/product\/agilex-auto-kit-pro\/#breadcrumb\",\"itemListElement\":[{\"@type\":\"ListItem\",\"position\":1,\"name\":\"Home\",\"item\":\"https:\/\/www.ghostysky.com\/\"},{\"@type\":\"ListItem\",\"position\":2,\"name\":\"Shop\",\"item\":\"https:\/\/www.ghostysky.com\/shop\/\"},{\"@type\":\"ListItem\",\"position\":3,\"name\":\"Agilex Auto Kit Pro\"}]},{\"@type\":\"WebSite\",\"@id\":\"https:\/\/www.ghostysky.com\/#website\",\"url\":\"https:\/\/www.ghostysky.com\/\",\"name\":\"Ghostysky\",\"description\":\"Delivering professional drones and services\",\"publisher\":{\"@id\":\"https:\/\/www.ghostysky.com\/#organization\"},\"potentialAction\":[{\"@type\":\"SearchAction\",\"target\":{\"@type\":\"EntryPoint\",\"urlTemplate\":\"https:\/\/www.ghostysky.com\/?s={search_term_string}\"},\"query-input\":{\"@type\":\"PropertyValueSpecification\",\"valueRequired\":true,\"valueName\":\"search_term_string\"}}],\"inLanguage\":\"pt-PT\"},{\"@type\":\"Organization\",\"@id\":\"https:\/\/www.ghostysky.com\/#organization\",\"name\":\"Ghostysky\",\"url\":\"https:\/\/www.ghostysky.com\/\",\"logo\":{\"@type\":\"ImageObject\",\"inLanguage\":\"pt-PT\",\"@id\":\"https:\/\/www.ghostysky.com\/#\/schema\/logo\/image\/\",\"url\":\"https:\/\/www.ghostysky.com\/wp-content\/uploads\/2020\/06\/cropped-ghostyskylogo_text_white2.png\",\"contentUrl\":\"https:\/\/www.ghostysky.com\/wp-content\/uploads\/2020\/06\/cropped-ghostyskylogo_text_white2.png\",\"width\":169,\"height\":56,\"caption\":\"Ghostysky\"},\"image\":{\"@id\":\"https:\/\/www.ghostysky.com\/#\/schema\/logo\/image\/\"},\"sameAs\":[\"https:\/\/www.facebook.com\/people\/Ghostysky\/100057676170234\/\",\"https:\/\/x.com\/Gh0stysky\",\"https:\/\/www.linkedin.com\/company\/34739653\",\"https:\/\/www.instagram.com\/gh0stysky\"]}]}<\/script>\n<!-- \/ Yoast SEO plugin. -->","yoast_head_json":{"title":"Agilex Auto Kit Pro - Ghostysky","description":"O AgileX Auto Kit Pro \u00e9 um kit educacional e de desenvolvimento abrangente, completo e de alto desempenho, projetado para impulsionar sua pesquisa em dire\u00e7\u00e3o aut\u00f4noma e rob\u00f3tica avan\u00e7ada. Desenvolvido em torno de uma estrutura de c\u00f3digo aberto, como o Autoware e o Sistema Operacional de Rob\u00f4s (ROS), este kit de n\u00edvel profissional fornece o hardware robusto e o software integrado necess\u00e1rios para construir, testar e verificar algoritmos complexos de dire\u00e7\u00e3o aut\u00f4noma.","robots":{"index":"index","follow":"follow","max-snippet":"max-snippet:-1","max-image-preview":"max-image-preview:large","max-video-preview":"max-video-preview:-1"},"canonical":"https:\/\/www.ghostysky.com\/pt\/produto-2\/agilex-auto-kit-pro\/","og_locale":"pt_PT","og_type":"article","og_title":"Agilex Auto Kit Pro - Ghostysky","og_description":"The AgileX Auto Kit Pro is a comprehensive, full-stack, and high-performance development and education kit designed to jumpstart your autonomous driving and advanced robotics research. Built around an open-source framework, such as Autoware, and the Robot Operating System (ROS), this professional-grade kit provides the robust hardware and integrated software necessary to build, test, and verify complex autonomous driving algorithms.","og_url":"https:\/\/www.ghostysky.com\/pt\/produto-2\/agilex-auto-kit-pro\/","og_site_name":"Ghostysky","article_publisher":"https:\/\/www.facebook.com\/people\/Ghostysky\/100057676170234\/","article_modified_time":"2026-01-10T10:04:00+00:00","og_image":[{"width":551,"height":535,"url":"https:\/\/www.ghostysky.com\/wp-content\/uploads\/2025\/10\/GH_AgileAutowareKit_1.webp","type":"image\/webp"}],"twitter_card":"summary_large_image","twitter_site":"@Gh0stysky","twitter_misc":{"Tempo estimado de leitura":"2 minutos"},"schema":{"@context":"https:\/\/schema.org","@graph":[{"@type":"WebPage","@id":"https:\/\/www.ghostysky.com\/product\/agilex-auto-kit-pro\/","url":"https:\/\/www.ghostysky.com\/product\/agilex-auto-kit-pro\/","name":"Agilex Auto Kit Pro - Ghostysky","isPartOf":{"@id":"https:\/\/www.ghostysky.com\/#website"},"primaryImageOfPage":{"@id":"https:\/\/www.ghostysky.com\/product\/agilex-auto-kit-pro\/#primaryimage"},"image":{"@id":"https:\/\/www.ghostysky.com\/product\/agilex-auto-kit-pro\/#primaryimage"},"thumbnailUrl":"https:\/\/www.ghostysky.com\/wp-content\/uploads\/2025\/10\/GH_AgileAutowareKit_1.webp","datePublished":"2025-10-16T03:30:01+00:00","dateModified":"2026-01-10T10:04:00+00:00","description":"O AgileX Auto Kit Pro \u00e9 um kit educacional e de desenvolvimento abrangente, completo e de alto desempenho, projetado para impulsionar sua pesquisa em dire\u00e7\u00e3o aut\u00f4noma e rob\u00f3tica avan\u00e7ada. Desenvolvido em torno de uma estrutura de c\u00f3digo aberto, como o Autoware e o Sistema Operacional de Rob\u00f4s (ROS), este kit de n\u00edvel profissional fornece o hardware robusto e o software integrado necess\u00e1rios para construir, testar e verificar algoritmos complexos de dire\u00e7\u00e3o aut\u00f4noma.","breadcrumb":{"@id":"https:\/\/www.ghostysky.com\/product\/agilex-auto-kit-pro\/#breadcrumb"},"inLanguage":"pt-PT","potentialAction":[{"@type":"ReadAction","target":["https:\/\/www.ghostysky.com\/product\/agilex-auto-kit-pro\/"]}]},{"@type":"ImageObject","inLanguage":"pt-PT","@id":"https:\/\/www.ghostysky.com\/product\/agilex-auto-kit-pro\/#primaryimage","url":"https:\/\/www.ghostysky.com\/wp-content\/uploads\/2025\/10\/GH_AgileAutowareKit_1.webp","contentUrl":"https:\/\/www.ghostysky.com\/wp-content\/uploads\/2025\/10\/GH_AgileAutowareKit_1.webp","width":551,"height":535},{"@type":"BreadcrumbList","@id":"https:\/\/www.ghostysky.com\/product\/agilex-auto-kit-pro\/#breadcrumb","itemListElement":[{"@type":"ListItem","position":1,"name":"Home","item":"https:\/\/www.ghostysky.com\/"},{"@type":"ListItem","position":2,"name":"Shop","item":"https:\/\/www.ghostysky.com\/shop\/"},{"@type":"ListItem","position":3,"name":"Agilex Auto Kit Pro"}]},{"@type":"WebSite","@id":"https:\/\/www.ghostysky.com\/#website","url":"https:\/\/www.ghostysky.com\/","name":"Ghostysky","description":"Fornecendo drones e servi\u00e7os profissionais","publisher":{"@id":"https:\/\/www.ghostysky.com\/#organization"},"potentialAction":[{"@type":"SearchAction","target":{"@type":"EntryPoint","urlTemplate":"https:\/\/www.ghostysky.com\/?s={search_term_string}"},"query-input":{"@type":"PropertyValueSpecification","valueRequired":true,"valueName":"search_term_string"}}],"inLanguage":"pt-PT"},{"@type":"Organization","@id":"https:\/\/www.ghostysky.com\/#organization","name":"Ghostysky","url":"https:\/\/www.ghostysky.com\/","logo":{"@type":"ImageObject","inLanguage":"pt-PT","@id":"https:\/\/www.ghostysky.com\/#\/schema\/logo\/image\/","url":"https:\/\/www.ghostysky.com\/wp-content\/uploads\/2020\/06\/cropped-ghostyskylogo_text_white2.png","contentUrl":"https:\/\/www.ghostysky.com\/wp-content\/uploads\/2020\/06\/cropped-ghostyskylogo_text_white2.png","width":169,"height":56,"caption":"Ghostysky"},"image":{"@id":"https:\/\/www.ghostysky.com\/#\/schema\/logo\/image\/"},"sameAs":["https:\/\/www.facebook.com\/people\/Ghostysky\/100057676170234\/","https:\/\/x.com\/Gh0stysky","https:\/\/www.linkedin.com\/company\/34739653","https:\/\/www.instagram.com\/gh0stysky"]}]}},"_links":{"self":[{"href":"https:\/\/www.ghostysky.com\/pt\/wp-json\/wp\/v2\/product\/21176","targetHints":{"allow":["GET"]}}],"collection":[{"href":"https:\/\/www.ghostysky.com\/pt\/wp-json\/wp\/v2\/product"}],"about":[{"href":"https:\/\/www.ghostysky.com\/pt\/wp-json\/wp\/v2\/types\/product"}],"replies":[{"embeddable":true,"href":"https:\/\/www.ghostysky.com\/pt\/wp-json\/wp\/v2\/comments?post=21176"}],"wp:featuredmedia":[{"embeddable":true,"href":"https:\/\/www.ghostysky.com\/pt\/wp-json\/wp\/v2\/media\/21175"}],"wp:attachment":[{"href":"https:\/\/www.ghostysky.com\/pt\/wp-json\/wp\/v2\/media?parent=21176"}],"wp:term":[{"taxonomy":"product_brand","embeddable":true,"href":"https:\/\/www.ghostysky.com\/pt\/wp-json\/wp\/v2\/product_brand?post=21176"},{"taxonomy":"product_cat","embeddable":true,"href":"https:\/\/www.ghostysky.com\/pt\/wp-json\/wp\/v2\/product_cat?post=21176"},{"taxonomy":"product_tag","embeddable":true,"href":"https:\/\/www.ghostysky.com\/pt\/wp-json\/wp\/v2\/product_tag?post=21176"}],"curies":[{"name":"wp","href":"https:\/\/api.w.org\/{rel}","templated":true}]}}