{"id":21178,"date":"2025-10-16T03:37:02","date_gmt":"2025-10-16T03:37:02","guid":{"rendered":"https:\/\/www.ghostysky.com\/?post_type=product&#038;p=21178"},"modified":"2025-10-16T03:42:13","modified_gmt":"2025-10-16T03:42:13","slug":"agilex-navis-kit","status":"publish","type":"product","link":"https:\/\/www.ghostysky.com\/pt\/product\/agilex-navis-kit\/","title":{"rendered":"KIT Agilex NAVIS"},"content":{"rendered":"<h2>Principais recursos e capacidades<\/h2>\n<p><span class=\"citation-133 citation-end-133\">O sistema NAVIS oferece um conjunto abrangente de recursos focados em precis\u00e3o, flexibilidade e facilidade de integra\u00e7\u00e3o:<sup class=\"superscript\" data-turn-source-index=\"3\">3<\/sup><\/span><\/p>\n<ul>\n<li><b><span class=\"citation-132\">Percep\u00e7\u00e3o Ambiental Avan\u00e7ada:<\/span><\/b><span class=\"citation-132\"> Ele utiliza uma fus\u00e3o de v\u00e1rios sensores, normalmente <\/span><b><span class=\"citation-132\">LiDAR, IMU (Unidade de Medi\u00e7\u00e3o Inercial) e c\u00e2meras de profundidade<\/span><\/b><span class=\"citation-132 citation-end-132\">\u2014construir um mapa 3D preciso do ambiente, permitindo a reconstru\u00e7\u00e3o precisa da cena e a conscientiza\u00e7\u00e3o ambiental.<sup class=\"superscript\" data-turn-source-index=\"4\">4<\/sup><\/span><\/li>\n<li><b><span class=\"citation-131\">Navega\u00e7\u00e3o de alta precis\u00e3o:<\/span><\/b><span class=\"citation-131\"> Alcan\u00e7a alta precis\u00e3o com um <\/span><b><span class=\"citation-131 citation-end-131\">precis\u00e3o de posicionamento de <sup class=\"superscript\" data-turn-source-index=\"5\">5<\/sup><\/span><span class=\"math-inline\" data-math=\"\\pm 3\">$\\pm 3$<\/span><span class=\"citation-130\"> cm<\/span><\/b><span class=\"citation-130 citation-end-130\"> (ou \u00e0s vezes <sup class=\"superscript\" data-turn-source-index=\"6\">6<\/sup><\/span><span class=\"math-inline\" data-math=\"\\pm 8\">$\\pm 8$<\/span><span class=\"citation-129 citation-end-129\"> cm dependendo da vers\u00e3o\/configura\u00e7\u00e3o) e suporta uma grande \u00e1rea de mapeamento (at\u00e9 2 milh\u00f5es de metros quadrados).<sup class=\"superscript\" data-turn-source-index=\"7\">7<\/sup><\/span> <span class=\"citation-128\">Ele usa propriet\u00e1rio <\/span><b><span class=\"citation-128\">Fus\u00e3o de sensores LiDAR-IMU<\/span><\/b><span class=\"citation-128 citation-end-128\"> e suporta posicionamento assistido por RTK-GPS para cen\u00e1rios externos.<sup class=\"superscript\" data-turn-source-index=\"8\">8<\/sup><\/span><\/li>\n<li><b>Planejamento de caminho din\u00e2mico:<\/b><span class=\"citation-127\"> Habilita <\/span><b><span class=\"citation-127\">planejamento e ajuste de caminho em tempo real<\/span><\/b><span class=\"citation-127\">, avan\u00e7ado <\/span><b><span class=\"citation-127\">detec\u00e7\u00e3o e preven\u00e7\u00e3o de obst\u00e1culos<\/span><\/b><span class=\"citation-127 citation-end-127\">, e algoritmos inteligentes de tomada de decis\u00e3o para execu\u00e7\u00e3o flex\u00edvel de planos de a\u00e7\u00e3o em ambientes din\u00e2micos.<sup class=\"superscript\" data-turn-source-index=\"9\">9<\/sup><\/span><\/li>\n<li><b>Interface amig\u00e1vel (placa NAVIS):<\/b><span class=\"citation-126\"> Apresenta um <\/span><b><span class=\"citation-126\">interface de navega\u00e7\u00e3o 3D intuitiva<\/span><\/b><span class=\"citation-126\"> e um <\/span><b><span class=\"citation-126\">painel de dados personaliz\u00e1vel<\/span><\/b><span class=\"citation-126 citation-end-126\"> para insights em tempo real e an\u00e1lises instant\u00e2neas em dispositivos m\u00f3veis ou de mesa.<sup class=\"superscript\" data-turn-source-index=\"10\">10<\/sup><\/span> <span class=\"citation-125 citation-end-125\">Ele permite mapeamento com um clique e edi\u00e7\u00e3o de mapas em tempo real.<sup class=\"superscript\" data-turn-source-index=\"11\">11<\/sup><\/span><\/li>\n<li><b><span class=\"citation-124\">Sistema de gerenciamento de tarefas:<\/span><\/b><span class=\"citation-124 citation-end-124\"> Um sistema de controle de bordo gerencia todos os aspectos operacionais, incluindo navega\u00e7\u00e3o, planejamento de miss\u00e3o, configura\u00e7\u00e3o r\u00e1pida de tarefas e diagn\u00f3stico do sistema.<sup class=\"superscript\" data-turn-source-index=\"12\">12<\/sup><\/span><\/li>\n<li><b><span class=\"citation-123\">Integra\u00e7\u00e3o perfeita:<\/span><\/b><span class=\"citation-123\"> Projetado para f\u00e1cil integra\u00e7\u00e3o com rob\u00f4s industriais e AGVs, \u00e9 <\/span><b><span class=\"citation-123\">compat\u00edvel com todos os chassis AgileX Robotics<\/span><\/b><span class=\"citation-123\"> e fornece uma vis\u00e3o abrangente <\/span><b><span class=\"citation-123\">Compatibilidade com SDK, API e ROS\/ROS2<\/span><\/b><span class=\"citation-123 citation-end-123\"> para r\u00e1pida implanta\u00e7\u00e3o e desenvolvimento.<sup class=\"superscript\" data-turn-source-index=\"13\">13<\/sup><\/span><\/li>\n<li><b><span class=\"citation-122\">Seguran\u00e7a e Controle:<\/span><\/b><span class=\"citation-122\"> Oferece um <\/span><b><span class=\"citation-122\">sistema de feedback visual<\/span><\/b><span class=\"citation-122\"> para uma vis\u00e3o completa dos arredores e recursos do rob\u00f4 <\/span><b><span class=\"citation-122\">aquisi\u00e7\u00e3o remota sem complica\u00e7\u00f5es<\/span><\/b><span class=\"citation-122 citation-end-122\"> funcionalidade, permitindo interven\u00e7\u00e3o humana imediata quando necess\u00e1rio para garantir a seguran\u00e7a operacional.<sup class=\"superscript\" data-turn-source-index=\"14\">14<\/sup><\/span><\/li>\n<\/ul>\n<hr \/>\n<p>&nbsp;<\/p>\n<h2>Componentes do Sistema (Arquitetura NAVIS)<\/h2>\n<p><span class=\"citation-121 citation-end-121\">O sistema NAVIS \u00e9 composto por v\u00e1rios componentes principais que trabalham juntos para fornecer funcionalidade aut\u00f4noma:<sup class=\"superscript\" data-turn-source-index=\"15\">15<\/sup><\/span><\/p>\n<ol start=\"1\">\n<li><b>NAVIS Brain (C\u00e9rebro de Navega\u00e7\u00e3o):<\/b> A intelig\u00eancia central respons\u00e1vel pelo processamento de dados de sensores, mapeamento, planejamento de caminhos e tomada de decis\u00f5es aut\u00f4nomas.<\/li>\n<li><b>Ponte NAVIS (Ponte de Dados):<\/b> Gerencia o fluxo de dados entre os sensores, o c\u00e9rebro e o sistema de controle.<\/li>\n<li><b>Placa NAVIS (Sistema de Intera\u00e7\u00e3o Inteligente):<\/b> A interface de usu\u00e1rio multiplataforma que fornece visualiza\u00e7\u00e3o de dados, gerenciamento de mapas, gerenciamento de sistema de tarefas e permite monitoramento e controle remotos.<\/li>\n<li><b>Hardware de detec\u00e7\u00e3o integrado:<\/b><span class=\"citation-120 citation-end-120\"> Os sensores f\u00edsicos (LiDAR, IMU, c\u00e2meras) incorporados na plataforma m\u00f3vel para percep\u00e7\u00e3o e seguran\u00e7a.<\/span><\/li>\n<\/ol>","protected":false},"excerpt":{"rendered":"<p><span class=\"citation-135\">O <\/span><b><span class=\"citation-135\">Sistema de navega\u00e7\u00e3o aut\u00f4noma Agilex NAVIS<\/span><\/b><span class=\"citation-135\"> \u00e9 uma solu\u00e7\u00e3o profissional e completa projetada pela AgileX Robotics para permitir <\/span><b><span class=\"citation-135\">navega\u00e7\u00e3o aut\u00f4noma em n\u00edvel centim\u00e9trico<\/span><\/b><span class=\"citation-135 citation-end-135\"> para rob\u00f4s industriais e AGVs (Ve\u00edculos Guiados Automatizados) em ambientes semifechados e totalmente fechados, incluindo potenciais cen\u00e1rios de fus\u00e3o interna\/externa.<\/span><\/p>\n<p><span class=\"citation-134\">\u00c9 um sistema avan\u00e7ado integrado de software e hardware que fornece opera\u00e7\u00f5es de rob\u00f4s robustas e confi\u00e1veis para v\u00e1rias aplica\u00e7\u00f5es, como <\/span><b><span class=\"citation-134\">inspe\u00e7\u00e3o de seguran\u00e7a, automa\u00e7\u00e3o industrial, log\u00edstica e transporte<\/span><\/b><span class=\"citation-134 citation-end-134\">.<\/span><\/p>\n<p><strong>N\u00c3O incluindo plataforma<\/strong><\/p>\n<p>PADR\u00c3O:<\/p>\n<ul>\n<li>RS LiDAR multilinha<\/li>\n<li>IMU de nove eixos<\/li>\n<li>Computador pessoal industrial x86<\/li>\n<\/ul>\n<p>OPCIONAL:<\/p>\n<ul>\n<li>C\u00e2mera de profundidade<\/li>\n<li>GPS RTK<\/li>\n<\/ul>","protected":false},"featured_media":21180,"comment_status":"open","ping_status":"closed","template":"","meta":[],"product_brand":[1046],"product_cat":[1045,1042,1037],"product_tag":[1047,1054,1080],"class_list":{"0":"post-21178","1":"product","2":"type-product","3":"status-publish","4":"has-post-thumbnail","6":"product_brand-agilex","7":"product_cat-agilex-accessories","8":"product_cat-chassis","9":"product_cat-robotics","10":"product_tag-agilex","11":"product_tag-agilex-accessories","12":"product_tag-agilex-navis-kit","14":"first","15":"onbackorder","16":"taxable","17":"shipping-taxable","18":"product-type-simple"},"yoast_head":"<!-- This site is optimized with the Yoast SEO plugin v27.4 - https:\/\/yoast.com\/product\/yoast-seo-wordpress\/ -->\n<title>Agilex NAVIS KIT - Ghostysky<\/title>\n<meta name=\"description\" content=\"The Agilex NAVIS Autonomous Navigation System is a professional, full-stack solution designed by AgileX Robotics to enable centimeter-level autonomous navigation for industrial robots and AGVs (Automated Guided Vehicles) in semi-enclosed and fully enclosed environments, including potential indoor\/outdoor fusion scenarios.It is an advanced software and hardware integrated system that provides robust and reliable robot operations for various applications like security inspection, industrial automation, logistics, and transport.\" \/>\n<meta name=\"robots\" content=\"index, follow, max-snippet:-1, max-image-preview:large, max-video-preview:-1\" \/>\n<link rel=\"canonical\" href=\"https:\/\/www.ghostysky.com\/pt\/produto-2\/agilex-navis-kit\/\" \/>\n<meta property=\"og:locale\" content=\"pt_PT\" \/>\n<meta property=\"og:type\" content=\"article\" \/>\n<meta property=\"og:title\" content=\"Agilex NAVIS KIT - Ghostysky\" \/>\n<meta property=\"og:description\" content=\"The Agilex NAVIS Autonomous Navigation System is a professional, full-stack solution designed by AgileX Robotics to enable centimeter-level autonomous navigation for industrial robots and AGVs (Automated Guided Vehicles) in semi-enclosed and fully enclosed environments, including potential indoor\/outdoor fusion scenarios.It is an advanced software and hardware integrated system that provides robust and reliable robot operations for various applications like security inspection, industrial automation, logistics, and transport.\" \/>\n<meta property=\"og:url\" content=\"https:\/\/www.ghostysky.com\/pt\/produto-2\/agilex-navis-kit\/\" \/>\n<meta property=\"og:site_name\" content=\"Ghostysky\" \/>\n<meta property=\"article:publisher\" content=\"https:\/\/www.facebook.com\/people\/Ghostysky\/100057676170234\/\" \/>\n<meta property=\"article:modified_time\" content=\"2025-10-16T03:42:13+00:00\" \/>\n<meta property=\"og:image\" content=\"https:\/\/www.ghostysky.com\/wp-content\/uploads\/2025\/10\/GH_AgilexNAVIS_2.webp\" \/>\n\t<meta property=\"og:image:width\" content=\"2436\" \/>\n\t<meta property=\"og:image:height\" content=\"2437\" \/>\n\t<meta property=\"og:image:type\" content=\"image\/webp\" \/>\n<meta name=\"twitter:card\" content=\"summary_large_image\" \/>\n<meta name=\"twitter:site\" content=\"@Gh0stysky\" \/>\n<meta name=\"twitter:label1\" content=\"Tempo estimado de leitura\" \/>\n\t<meta name=\"twitter:data1\" content=\"2 minutos\" \/>\n<script type=\"application\/ld+json\" class=\"yoast-schema-graph\">{\"@context\":\"https:\\\/\\\/schema.org\",\"@graph\":[{\"@type\":\"WebPage\",\"@id\":\"https:\\\/\\\/www.ghostysky.com\\\/product\\\/agilex-navis-kit\\\/\",\"url\":\"https:\\\/\\\/www.ghostysky.com\\\/product\\\/agilex-navis-kit\\\/\",\"name\":\"Agilex NAVIS KIT - Ghostysky\",\"isPartOf\":{\"@id\":\"https:\\\/\\\/www.ghostysky.com\\\/#website\"},\"primaryImageOfPage\":{\"@id\":\"https:\\\/\\\/www.ghostysky.com\\\/product\\\/agilex-navis-kit\\\/#primaryimage\"},\"image\":{\"@id\":\"https:\\\/\\\/www.ghostysky.com\\\/product\\\/agilex-navis-kit\\\/#primaryimage\"},\"thumbnailUrl\":\"https:\\\/\\\/www.ghostysky.com\\\/wp-content\\\/uploads\\\/2025\\\/10\\\/GH_AgilexNAVIS_2.webp\",\"datePublished\":\"2025-10-16T03:37:02+00:00\",\"dateModified\":\"2025-10-16T03:42:13+00:00\",\"description\":\"The Agilex NAVIS Autonomous Navigation System is a professional, full-stack solution designed by AgileX Robotics to enable centimeter-level autonomous navigation for industrial robots and AGVs (Automated Guided Vehicles) in semi-enclosed and fully enclosed environments, including potential indoor\\\/outdoor fusion scenarios.It is an advanced software and hardware integrated system that provides robust and reliable robot operations for various applications like security inspection, industrial automation, logistics, and transport.\",\"breadcrumb\":{\"@id\":\"https:\\\/\\\/www.ghostysky.com\\\/product\\\/agilex-navis-kit\\\/#breadcrumb\"},\"inLanguage\":\"pt-PT\",\"potentialAction\":[{\"@type\":\"ReadAction\",\"target\":[\"https:\\\/\\\/www.ghostysky.com\\\/product\\\/agilex-navis-kit\\\/\"]}]},{\"@type\":\"ImageObject\",\"inLanguage\":\"pt-PT\",\"@id\":\"https:\\\/\\\/www.ghostysky.com\\\/product\\\/agilex-navis-kit\\\/#primaryimage\",\"url\":\"https:\\\/\\\/www.ghostysky.com\\\/wp-content\\\/uploads\\\/2025\\\/10\\\/GH_AgilexNAVIS_2.webp\",\"contentUrl\":\"https:\\\/\\\/www.ghostysky.com\\\/wp-content\\\/uploads\\\/2025\\\/10\\\/GH_AgilexNAVIS_2.webp\",\"width\":2436,\"height\":2437},{\"@type\":\"BreadcrumbList\",\"@id\":\"https:\\\/\\\/www.ghostysky.com\\\/product\\\/agilex-navis-kit\\\/#breadcrumb\",\"itemListElement\":[{\"@type\":\"ListItem\",\"position\":1,\"name\":\"Home\",\"item\":\"https:\\\/\\\/www.ghostysky.com\\\/\"},{\"@type\":\"ListItem\",\"position\":2,\"name\":\"Shop\",\"item\":\"https:\\\/\\\/www.ghostysky.com\\\/shop\\\/\"},{\"@type\":\"ListItem\",\"position\":3,\"name\":\"Agilex NAVIS KIT\"}]},{\"@type\":\"WebSite\",\"@id\":\"https:\\\/\\\/www.ghostysky.com\\\/#website\",\"url\":\"https:\\\/\\\/www.ghostysky.com\\\/\",\"name\":\"Ghostysky\",\"description\":\"Delivering professional drones and robotics solutions\",\"publisher\":{\"@id\":\"https:\\\/\\\/www.ghostysky.com\\\/#organization\"},\"potentialAction\":[{\"@type\":\"SearchAction\",\"target\":{\"@type\":\"EntryPoint\",\"urlTemplate\":\"https:\\\/\\\/www.ghostysky.com\\\/?s={search_term_string}\"},\"query-input\":{\"@type\":\"PropertyValueSpecification\",\"valueRequired\":true,\"valueName\":\"search_term_string\"}}],\"inLanguage\":\"pt-PT\"},{\"@type\":\"Organization\",\"@id\":\"https:\\\/\\\/www.ghostysky.com\\\/#organization\",\"name\":\"Ghostysky\",\"url\":\"https:\\\/\\\/www.ghostysky.com\\\/\",\"logo\":{\"@type\":\"ImageObject\",\"inLanguage\":\"pt-PT\",\"@id\":\"https:\\\/\\\/www.ghostysky.com\\\/#\\\/schema\\\/logo\\\/image\\\/\",\"url\":\"https:\\\/\\\/www.ghostysky.com\\\/wp-content\\\/uploads\\\/2020\\\/06\\\/cropped-ghostyskylogo_text_white2.png\",\"contentUrl\":\"https:\\\/\\\/www.ghostysky.com\\\/wp-content\\\/uploads\\\/2020\\\/06\\\/cropped-ghostyskylogo_text_white2.png\",\"width\":169,\"height\":56,\"caption\":\"Ghostysky\"},\"image\":{\"@id\":\"https:\\\/\\\/www.ghostysky.com\\\/#\\\/schema\\\/logo\\\/image\\\/\"},\"sameAs\":[\"https:\\\/\\\/www.facebook.com\\\/people\\\/Ghostysky\\\/100057676170234\\\/\",\"https:\\\/\\\/x.com\\\/Gh0stysky\",\"https:\\\/\\\/www.linkedin.com\\\/company\\\/34739653\",\"https:\\\/\\\/www.instagram.com\\\/gh0stysky\"]}]}<\/script>\n<!-- \/ Yoast SEO plugin. -->","yoast_head_json":{"title":"KIT Agilex NAVIS - Ghostysky","description":"O Sistema de Navega\u00e7\u00e3o Aut\u00f4noma Agilex NAVIS \u00e9 uma solu\u00e7\u00e3o profissional completa projetada pela AgileX Robotics para permitir navega\u00e7\u00e3o aut\u00f4noma em n\u00edvel de cent\u00edmetro para rob\u00f4s industriais e AGVs (Ve\u00edculos Guiados Automatizados) em ambientes semifechados e totalmente fechados, incluindo poss\u00edveis cen\u00e1rios de fus\u00e3o interna\/externa. \u00c9 um sistema avan\u00e7ado integrado de software e hardware que fornece opera\u00e7\u00f5es de rob\u00f4s robustas e confi\u00e1veis para diversas aplica\u00e7\u00f5es, como inspe\u00e7\u00e3o de seguran\u00e7a, automa\u00e7\u00e3o industrial, log\u00edstica e transporte.","robots":{"index":"index","follow":"follow","max-snippet":"max-snippet:-1","max-image-preview":"max-image-preview:large","max-video-preview":"max-video-preview:-1"},"canonical":"https:\/\/www.ghostysky.com\/pt\/produto-2\/agilex-navis-kit\/","og_locale":"pt_PT","og_type":"article","og_title":"Agilex NAVIS KIT - Ghostysky","og_description":"The Agilex NAVIS Autonomous Navigation System is a professional, full-stack solution designed by AgileX Robotics to enable centimeter-level autonomous navigation for industrial robots and AGVs (Automated Guided Vehicles) in semi-enclosed and fully enclosed environments, including potential indoor\/outdoor fusion scenarios.It is an advanced software and hardware integrated system that provides robust and reliable robot operations for various applications like security inspection, industrial automation, logistics, and transport.","og_url":"https:\/\/www.ghostysky.com\/pt\/produto-2\/agilex-navis-kit\/","og_site_name":"Ghostysky","article_publisher":"https:\/\/www.facebook.com\/people\/Ghostysky\/100057676170234\/","article_modified_time":"2025-10-16T03:42:13+00:00","og_image":[{"width":2436,"height":2437,"url":"https:\/\/www.ghostysky.com\/wp-content\/uploads\/2025\/10\/GH_AgilexNAVIS_2.webp","type":"image\/webp"}],"twitter_card":"summary_large_image","twitter_site":"@Gh0stysky","twitter_misc":{"Tempo estimado de leitura":"2 minutos"},"schema":{"@context":"https:\/\/schema.org","@graph":[{"@type":"WebPage","@id":"https:\/\/www.ghostysky.com\/product\/agilex-navis-kit\/","url":"https:\/\/www.ghostysky.com\/product\/agilex-navis-kit\/","name":"KIT Agilex NAVIS - Ghostysky","isPartOf":{"@id":"https:\/\/www.ghostysky.com\/#website"},"primaryImageOfPage":{"@id":"https:\/\/www.ghostysky.com\/product\/agilex-navis-kit\/#primaryimage"},"image":{"@id":"https:\/\/www.ghostysky.com\/product\/agilex-navis-kit\/#primaryimage"},"thumbnailUrl":"https:\/\/www.ghostysky.com\/wp-content\/uploads\/2025\/10\/GH_AgilexNAVIS_2.webp","datePublished":"2025-10-16T03:37:02+00:00","dateModified":"2025-10-16T03:42:13+00:00","description":"O Sistema de Navega\u00e7\u00e3o Aut\u00f4noma Agilex NAVIS \u00e9 uma solu\u00e7\u00e3o profissional completa projetada pela AgileX Robotics para permitir navega\u00e7\u00e3o aut\u00f4noma em n\u00edvel de cent\u00edmetro para rob\u00f4s industriais e AGVs (Ve\u00edculos Guiados Automatizados) em ambientes semifechados e totalmente fechados, incluindo poss\u00edveis cen\u00e1rios de fus\u00e3o interna\/externa. \u00c9 um sistema avan\u00e7ado integrado de software e hardware que fornece opera\u00e7\u00f5es de rob\u00f4s robustas e confi\u00e1veis para diversas aplica\u00e7\u00f5es, como inspe\u00e7\u00e3o de seguran\u00e7a, automa\u00e7\u00e3o industrial, log\u00edstica e transporte.","breadcrumb":{"@id":"https:\/\/www.ghostysky.com\/product\/agilex-navis-kit\/#breadcrumb"},"inLanguage":"pt-PT","potentialAction":[{"@type":"ReadAction","target":["https:\/\/www.ghostysky.com\/product\/agilex-navis-kit\/"]}]},{"@type":"ImageObject","inLanguage":"pt-PT","@id":"https:\/\/www.ghostysky.com\/product\/agilex-navis-kit\/#primaryimage","url":"https:\/\/www.ghostysky.com\/wp-content\/uploads\/2025\/10\/GH_AgilexNAVIS_2.webp","contentUrl":"https:\/\/www.ghostysky.com\/wp-content\/uploads\/2025\/10\/GH_AgilexNAVIS_2.webp","width":2436,"height":2437},{"@type":"BreadcrumbList","@id":"https:\/\/www.ghostysky.com\/product\/agilex-navis-kit\/#breadcrumb","itemListElement":[{"@type":"ListItem","position":1,"name":"Home","item":"https:\/\/www.ghostysky.com\/"},{"@type":"ListItem","position":2,"name":"Shop","item":"https:\/\/www.ghostysky.com\/shop\/"},{"@type":"ListItem","position":3,"name":"Agilex NAVIS KIT"}]},{"@type":"WebSite","@id":"https:\/\/www.ghostysky.com\/#website","url":"https:\/\/www.ghostysky.com\/","name":"Ghostysky","description":"Fornecendo solu\u00e7\u00f5es profissionais em drones e rob\u00f3tica.","publisher":{"@id":"https:\/\/www.ghostysky.com\/#organization"},"potentialAction":[{"@type":"SearchAction","target":{"@type":"EntryPoint","urlTemplate":"https:\/\/www.ghostysky.com\/?s={search_term_string}"},"query-input":{"@type":"PropertyValueSpecification","valueRequired":true,"valueName":"search_term_string"}}],"inLanguage":"pt-PT"},{"@type":"Organization","@id":"https:\/\/www.ghostysky.com\/#organization","name":"Ghostysky","url":"https:\/\/www.ghostysky.com\/","logo":{"@type":"ImageObject","inLanguage":"pt-PT","@id":"https:\/\/www.ghostysky.com\/#\/schema\/logo\/image\/","url":"https:\/\/www.ghostysky.com\/wp-content\/uploads\/2020\/06\/cropped-ghostyskylogo_text_white2.png","contentUrl":"https:\/\/www.ghostysky.com\/wp-content\/uploads\/2020\/06\/cropped-ghostyskylogo_text_white2.png","width":169,"height":56,"caption":"Ghostysky"},"image":{"@id":"https:\/\/www.ghostysky.com\/#\/schema\/logo\/image\/"},"sameAs":["https:\/\/www.facebook.com\/people\/Ghostysky\/100057676170234\/","https:\/\/x.com\/Gh0stysky","https:\/\/www.linkedin.com\/company\/34739653","https:\/\/www.instagram.com\/gh0stysky"]}]}},"_links":{"self":[{"href":"https:\/\/www.ghostysky.com\/pt\/wp-json\/wp\/v2\/product\/21178","targetHints":{"allow":["GET"]}}],"collection":[{"href":"https:\/\/www.ghostysky.com\/pt\/wp-json\/wp\/v2\/product"}],"about":[{"href":"https:\/\/www.ghostysky.com\/pt\/wp-json\/wp\/v2\/types\/product"}],"replies":[{"embeddable":true,"href":"https:\/\/www.ghostysky.com\/pt\/wp-json\/wp\/v2\/comments?post=21178"}],"version-history":[{"count":0,"href":"https:\/\/www.ghostysky.com\/pt\/wp-json\/wp\/v2\/product\/21178\/revisions"}],"wp:featuredmedia":[{"embeddable":true,"href":"https:\/\/www.ghostysky.com\/pt\/wp-json\/wp\/v2\/media\/21180"}],"wp:attachment":[{"href":"https:\/\/www.ghostysky.com\/pt\/wp-json\/wp\/v2\/media?parent=21178"}],"wp:term":[{"taxonomy":"product_brand","embeddable":true,"href":"https:\/\/www.ghostysky.com\/pt\/wp-json\/wp\/v2\/product_brand?post=21178"},{"taxonomy":"product_cat","embeddable":true,"href":"https:\/\/www.ghostysky.com\/pt\/wp-json\/wp\/v2\/product_cat?post=21178"},{"taxonomy":"product_tag","embeddable":true,"href":"https:\/\/www.ghostysky.com\/pt\/wp-json\/wp\/v2\/product_tag?post=21178"}],"curies":[{"name":"wp","href":"https:\/\/api.w.org\/{rel}","templated":true}]}}