{"id":21185,"date":"2025-10-16T03:49:21","date_gmt":"2025-10-16T03:49:21","guid":{"rendered":"https:\/\/www.ghostysky.com\/?post_type=product&#038;p=21185"},"modified":"2025-10-16T03:49:55","modified_gmt":"2025-10-16T03:49:55","slug":"agilex-pika-sense","status":"publish","type":"product","link":"https:\/\/www.ghostysky.com\/pt\/product\/agilex-pika-sense\/","title":{"rendered":"Agilex PiKA Sense"},"content":{"rendered":"<h3><b>Principais recursos e benef\u00edcios<\/b><\/h3>\n<ul>\n<li><b>Unidade Multissensor Port\u00e1til:<\/b><span class=\"citation-178\"> O <\/span><b><span class=\"citation-178\">Sentido PiKA<\/span><\/b><span class=\"citation-178 citation-end-178\"> \u00e9 leve (aprox.<sup class=\"superscript\" data-turn-source-index=\"2\">2<\/sup><\/span> <span class=\"citation-177 citation-end-177\">550g) e dispositivo port\u00e1til ergonomicamente projetado para opera\u00e7\u00e3o manual intuitiva e coleta de dados m\u00f3veis.<sup class=\"superscript\" data-turn-source-index=\"3\">3<\/sup><\/span><\/li>\n<li><b>Captura de dados de alta precis\u00e3o:<\/b><span class=\"citation-176 citation-end-176\"> Ele foi projetado para detec\u00e7\u00e3o ambiental multimodal precisa, fornecendo precis\u00e3o de posicionamento espacial em n\u00edvel milim\u00e9trico (at\u00e9 <sup class=\"superscript\" data-turn-source-index=\"4\">4<\/sup><\/span><span class=\"math-inline\" data-math=\"\\pm 1.5\\text{ mm}\">$\\pm 1,5\\texto{ mm}$<\/span><span class=\"citation-175 citation-end-175\">).<sup class=\"superscript\" data-turn-source-index=\"5\">5<\/sup><\/span><\/li>\n<li><b>Conjunto de sensores integrados:<\/b> A unidade captura dados ricos essenciais para treinamento de modelos de IA e manipula\u00e7\u00e3o rob\u00f3tica, incluindo:\n<ul>\n<li><b><span class=\"citation-174\">Imagens RGB:<\/span><\/b><span class=\"citation-174 citation-end-174\"> Contexto visual de alta qualidade.<sup class=\"superscript\" data-turn-source-index=\"6\">6<\/sup><\/span><\/li>\n<li><b><span class=\"citation-173\">Dados de profundidade:<\/span><\/b><span class=\"citation-173 citation-end-173\"> Coletados por meio de uma c\u00e2mera de profundidade binocular, oferecendo percep\u00e7\u00e3o espacial de alta precis\u00e3o (por exemplo, <sup class=\"superscript\" data-turn-source-index=\"7\">7<\/sup><\/span><span class=\"math-inline\" data-math=\"\\pm 2\\%\">$\\pm 2\\%$<\/span><span class=\"citation-172 citation-end-172\"> precis\u00e3o em <sup class=\"superscript\" data-turn-source-index=\"8\">8<\/sup><\/span><span class=\"math-inline\" data-math=\"50\\text{ cm}\">$50\\texto{ cm}$<\/span><span class=\"citation-171 citation-end-171\">).<sup class=\"superscript\" data-turn-source-index=\"9\">9<\/sup><\/span><\/li>\n<li><b><span class=\"citation-170\">C\u00e2mera grande angular:<\/span><\/b><span class=\"citation-170 citation-end-170\"> Oferece um amplo campo de vis\u00e3o (at\u00e9 <sup class=\"superscript\" data-turn-source-index=\"10\">10<\/sup><\/span><span class=\"math-inline\" data-math=\"200^\\circ\">$200^\\circ$<\/span><span class=\"citation-169 citation-end-169\"> FOV diagonal) para contexto ambiental abrangente.<sup class=\"superscript\" data-turn-source-index=\"11\">11<\/sup><\/span><\/li>\n<li><b><span class=\"citation-168\">Dados da IMU:<\/span><\/b><span class=\"citation-168 citation-end-168\"> Uma Unidade de Medi\u00e7\u00e3o Inercial (IMU) de 9 eixos para rastreamento preciso de movimento.<sup class=\"superscript\" data-turn-source-index=\"12\">12<\/sup><\/span><\/li>\n<\/ul>\n<\/li>\n<li><b><span class=\"citation-167\">Pronto para desenvolvimento:<\/span><\/b><span class=\"citation-167\"> Totalmente compat\u00edvel com <\/span><b><span class=\"citation-167\">ROS1<\/span><\/b><span class=\"citation-167\"> e <\/span><b><span class=\"citation-167\">ROS2<\/span><\/b><span class=\"citation-167 citation-end-167\">, apresentando um design plug-and-play que permite prototipagem r\u00e1pida e integra\u00e7\u00e3o perfeita em ambientes de desenvolvimento existentes.<sup class=\"superscript\" data-turn-source-index=\"13\">13<\/sup><\/span><\/li>\n<li><b><span class=\"citation-166\">Aplica\u00e7\u00e3o vers\u00e1til:<\/span><\/b><span class=\"citation-166 citation-end-166\"> Ideal para acelerar a aquisi\u00e7\u00e3o de dados, pesquisa em manipula\u00e7\u00e3o rob\u00f3tica, intera\u00e7\u00e3o humano-rob\u00f4 e implanta\u00e7\u00e3o em diversos cen\u00e1rios do mundo real (por exemplo, escrit\u00f3rios, resid\u00eancias, pesquisa de campo).<sup class=\"superscript\" data-turn-source-index=\"14\">14<\/sup><\/span><\/li>\n<li><b><span class=\"citation-165\">Parte do Sistema PiKA:<\/span><\/b><span class=\"citation-165\"> Embora poderoso por si s\u00f3, ele funciona em conjunto com o <\/span><b><span class=\"citation-165\">PiKA Gripper<\/span><\/b><span class=\"citation-165\"> (um efetor final rob\u00f3tico) e o <\/span><b><span class=\"citation-165\">Esta\u00e7\u00e3o PiKA<\/span><\/b><span class=\"citation-165 citation-end-165\"> (uma base de posicionamento de alta precis\u00e3o) para formar uma solu\u00e7\u00e3o completa, de calibra\u00e7\u00e3o zero e implanta\u00e7\u00e3o r\u00e1pida para pesquisadores e desenvolvedores.<sup class=\"superscript\" data-turn-source-index=\"15\">15<\/sup><\/span><\/li>\n<\/ul>\n<p>Em suma, o AgileX PiKA Sense \u00e9 sua ferramenta r\u00e1pida, leve e precisa para capturar o multimodal <span class=\"math-inline\" data-math=\"3\\text{D}\">$3\\texto{D}$<\/span> dados de sensores necess\u00e1rios para expandir os limites do desenvolvimento de IA incorporada e rob\u00f3tica.<\/p>","protected":false},"excerpt":{"rendered":"<p>O AgileX PiKA Sense \u00e9 uma unidade multissensor port\u00e1til de alto desempenho projetada como um componente central do sistema de coleta de dados AgileX PiKA para pesquisa de intelig\u00eancia incorporada e rob\u00f3tica.<\/p>\n<ul>\n<li>Garra manual<\/li>\n<li>Peso: 550g<\/li>\n<\/ul>","protected":false},"featured_media":21187,"comment_status":"open","ping_status":"closed","template":"","meta":[],"product_brand":[1046],"product_cat":[1043,1045,1042,1037],"product_tag":[1047,1054,1082],"class_list":{"0":"post-21185","1":"product","2":"type-product","3":"status-publish","4":"has-post-thumbnail","6":"product_brand-agilex","7":"product_cat-agilex","8":"product_cat-agilex-accessories","9":"product_cat-chassis","10":"product_cat-robotics","11":"product_tag-agilex","12":"product_tag-agilex-accessories","13":"product_tag-agilex-pika-sense","15":"first","16":"onbackorder","17":"taxable","18":"shipping-taxable","19":"purchasable","20":"product-type-simple"},"yoast_head":"<!-- This site is optimized with the Yoast SEO plugin v27.4 - https:\/\/yoast.com\/product\/yoast-seo-wordpress\/ -->\n<title>Agilex PiKA Sense - Ghostysky<\/title>\n<meta name=\"description\" content=\"The AgileX PiKA Sense is a high-performance, portable multi-sensor unit designed as a core component of the AgileX PiKA data collection system for embodied intelligence and robotics research.\" \/>\n<meta name=\"robots\" content=\"index, follow, max-snippet:-1, max-image-preview:large, max-video-preview:-1\" \/>\n<link rel=\"canonical\" href=\"https:\/\/www.ghostysky.com\/pt\/produto-2\/agilex-pika-sense\/\" \/>\n<meta property=\"og:locale\" content=\"pt_PT\" \/>\n<meta property=\"og:type\" content=\"article\" \/>\n<meta property=\"og:title\" content=\"Agilex PiKA Sense - Ghostysky\" \/>\n<meta property=\"og:description\" content=\"The AgileX PiKA Sense is a high-performance, portable multi-sensor unit designed as a core component of the AgileX PiKA data collection system for embodied intelligence and robotics research.\" \/>\n<meta property=\"og:url\" content=\"https:\/\/www.ghostysky.com\/pt\/produto-2\/agilex-pika-sense\/\" \/>\n<meta property=\"og:site_name\" content=\"Ghostysky\" \/>\n<meta property=\"article:publisher\" content=\"https:\/\/www.facebook.com\/people\/Ghostysky\/100057676170234\/\" \/>\n<meta property=\"article:modified_time\" content=\"2025-10-16T03:49:55+00:00\" \/>\n<meta property=\"og:image\" content=\"https:\/\/www.ghostysky.com\/wp-content\/uploads\/2025\/10\/GH_AgilexPikaSense_1.jpg\" \/>\n\t<meta property=\"og:image:width\" content=\"520\" \/>\n\t<meta property=\"og:image:height\" content=\"520\" \/>\n\t<meta property=\"og:image:type\" content=\"image\/jpeg\" \/>\n<meta name=\"twitter:card\" content=\"summary_large_image\" \/>\n<meta name=\"twitter:site\" content=\"@Gh0stysky\" \/>\n<meta name=\"twitter:label1\" content=\"Tempo estimado de leitura\" \/>\n\t<meta name=\"twitter:data1\" content=\"2 minutos\" \/>\n<script type=\"application\/ld+json\" class=\"yoast-schema-graph\">{\"@context\":\"https:\\\/\\\/schema.org\",\"@graph\":[{\"@type\":\"WebPage\",\"@id\":\"https:\\\/\\\/www.ghostysky.com\\\/product\\\/agilex-pika-sense\\\/\",\"url\":\"https:\\\/\\\/www.ghostysky.com\\\/product\\\/agilex-pika-sense\\\/\",\"name\":\"Agilex PiKA Sense - Ghostysky\",\"isPartOf\":{\"@id\":\"https:\\\/\\\/www.ghostysky.com\\\/#website\"},\"primaryImageOfPage\":{\"@id\":\"https:\\\/\\\/www.ghostysky.com\\\/product\\\/agilex-pika-sense\\\/#primaryimage\"},\"image\":{\"@id\":\"https:\\\/\\\/www.ghostysky.com\\\/product\\\/agilex-pika-sense\\\/#primaryimage\"},\"thumbnailUrl\":\"https:\\\/\\\/www.ghostysky.com\\\/wp-content\\\/uploads\\\/2025\\\/10\\\/GH_AgilexPikaSense_1.jpg\",\"datePublished\":\"2025-10-16T03:49:21+00:00\",\"dateModified\":\"2025-10-16T03:49:55+00:00\",\"description\":\"The AgileX PiKA Sense is a high-performance, portable multi-sensor unit designed as a core component of the AgileX PiKA data collection system for embodied intelligence and robotics research.\",\"breadcrumb\":{\"@id\":\"https:\\\/\\\/www.ghostysky.com\\\/product\\\/agilex-pika-sense\\\/#breadcrumb\"},\"inLanguage\":\"pt-PT\",\"potentialAction\":[{\"@type\":\"ReadAction\",\"target\":[\"https:\\\/\\\/www.ghostysky.com\\\/product\\\/agilex-pika-sense\\\/\"]}]},{\"@type\":\"ImageObject\",\"inLanguage\":\"pt-PT\",\"@id\":\"https:\\\/\\\/www.ghostysky.com\\\/product\\\/agilex-pika-sense\\\/#primaryimage\",\"url\":\"https:\\\/\\\/www.ghostysky.com\\\/wp-content\\\/uploads\\\/2025\\\/10\\\/GH_AgilexPikaSense_1.jpg\",\"contentUrl\":\"https:\\\/\\\/www.ghostysky.com\\\/wp-content\\\/uploads\\\/2025\\\/10\\\/GH_AgilexPikaSense_1.jpg\",\"width\":520,\"height\":520},{\"@type\":\"BreadcrumbList\",\"@id\":\"https:\\\/\\\/www.ghostysky.com\\\/product\\\/agilex-pika-sense\\\/#breadcrumb\",\"itemListElement\":[{\"@type\":\"ListItem\",\"position\":1,\"name\":\"Home\",\"item\":\"https:\\\/\\\/www.ghostysky.com\\\/\"},{\"@type\":\"ListItem\",\"position\":2,\"name\":\"Shop\",\"item\":\"https:\\\/\\\/www.ghostysky.com\\\/shop\\\/\"},{\"@type\":\"ListItem\",\"position\":3,\"name\":\"Agilex PiKA Sense\"}]},{\"@type\":\"WebSite\",\"@id\":\"https:\\\/\\\/www.ghostysky.com\\\/#website\",\"url\":\"https:\\\/\\\/www.ghostysky.com\\\/\",\"name\":\"Ghostysky\",\"description\":\"Delivering professional drones and services\",\"publisher\":{\"@id\":\"https:\\\/\\\/www.ghostysky.com\\\/#organization\"},\"potentialAction\":[{\"@type\":\"SearchAction\",\"target\":{\"@type\":\"EntryPoint\",\"urlTemplate\":\"https:\\\/\\\/www.ghostysky.com\\\/?s={search_term_string}\"},\"query-input\":{\"@type\":\"PropertyValueSpecification\",\"valueRequired\":true,\"valueName\":\"search_term_string\"}}],\"inLanguage\":\"pt-PT\"},{\"@type\":\"Organization\",\"@id\":\"https:\\\/\\\/www.ghostysky.com\\\/#organization\",\"name\":\"Ghostysky\",\"url\":\"https:\\\/\\\/www.ghostysky.com\\\/\",\"logo\":{\"@type\":\"ImageObject\",\"inLanguage\":\"pt-PT\",\"@id\":\"https:\\\/\\\/www.ghostysky.com\\\/#\\\/schema\\\/logo\\\/image\\\/\",\"url\":\"https:\\\/\\\/www.ghostysky.com\\\/wp-content\\\/uploads\\\/2020\\\/06\\\/cropped-ghostyskylogo_text_white2.png\",\"contentUrl\":\"https:\\\/\\\/www.ghostysky.com\\\/wp-content\\\/uploads\\\/2020\\\/06\\\/cropped-ghostyskylogo_text_white2.png\",\"width\":169,\"height\":56,\"caption\":\"Ghostysky\"},\"image\":{\"@id\":\"https:\\\/\\\/www.ghostysky.com\\\/#\\\/schema\\\/logo\\\/image\\\/\"},\"sameAs\":[\"https:\\\/\\\/www.facebook.com\\\/people\\\/Ghostysky\\\/100057676170234\\\/\",\"https:\\\/\\\/x.com\\\/Gh0stysky\",\"https:\\\/\\\/www.linkedin.com\\\/company\\\/34739653\",\"https:\\\/\\\/www.instagram.com\\\/gh0stysky\"]}]}<\/script>\n<!-- \/ Yoast SEO plugin. -->","yoast_head_json":{"title":"Agilex PiKA Sense - Ghostysky","description":"O AgileX PiKA Sense \u00e9 uma unidade multissensor port\u00e1til de alto desempenho projetada como um componente central do sistema de coleta de dados AgileX PiKA para pesquisa de intelig\u00eancia incorporada e rob\u00f3tica.","robots":{"index":"index","follow":"follow","max-snippet":"max-snippet:-1","max-image-preview":"max-image-preview:large","max-video-preview":"max-video-preview:-1"},"canonical":"https:\/\/www.ghostysky.com\/pt\/produto-2\/agilex-pika-sense\/","og_locale":"pt_PT","og_type":"article","og_title":"Agilex PiKA Sense - Ghostysky","og_description":"The AgileX PiKA Sense is a high-performance, portable multi-sensor unit designed as a core component of the AgileX PiKA data collection system for embodied intelligence and robotics research.","og_url":"https:\/\/www.ghostysky.com\/pt\/produto-2\/agilex-pika-sense\/","og_site_name":"Ghostysky","article_publisher":"https:\/\/www.facebook.com\/people\/Ghostysky\/100057676170234\/","article_modified_time":"2025-10-16T03:49:55+00:00","og_image":[{"width":520,"height":520,"url":"https:\/\/www.ghostysky.com\/wp-content\/uploads\/2025\/10\/GH_AgilexPikaSense_1.jpg","type":"image\/jpeg"}],"twitter_card":"summary_large_image","twitter_site":"@Gh0stysky","twitter_misc":{"Tempo estimado de leitura":"2 minutos"},"schema":{"@context":"https:\/\/schema.org","@graph":[{"@type":"WebPage","@id":"https:\/\/www.ghostysky.com\/product\/agilex-pika-sense\/","url":"https:\/\/www.ghostysky.com\/product\/agilex-pika-sense\/","name":"Agilex PiKA Sense - Ghostysky","isPartOf":{"@id":"https:\/\/www.ghostysky.com\/#website"},"primaryImageOfPage":{"@id":"https:\/\/www.ghostysky.com\/product\/agilex-pika-sense\/#primaryimage"},"image":{"@id":"https:\/\/www.ghostysky.com\/product\/agilex-pika-sense\/#primaryimage"},"thumbnailUrl":"https:\/\/www.ghostysky.com\/wp-content\/uploads\/2025\/10\/GH_AgilexPikaSense_1.jpg","datePublished":"2025-10-16T03:49:21+00:00","dateModified":"2025-10-16T03:49:55+00:00","description":"O AgileX PiKA Sense \u00e9 uma unidade multissensor port\u00e1til de alto desempenho projetada como um componente central do sistema de coleta de dados AgileX PiKA para pesquisa de intelig\u00eancia incorporada e rob\u00f3tica.","breadcrumb":{"@id":"https:\/\/www.ghostysky.com\/product\/agilex-pika-sense\/#breadcrumb"},"inLanguage":"pt-PT","potentialAction":[{"@type":"ReadAction","target":["https:\/\/www.ghostysky.com\/product\/agilex-pika-sense\/"]}]},{"@type":"ImageObject","inLanguage":"pt-PT","@id":"https:\/\/www.ghostysky.com\/product\/agilex-pika-sense\/#primaryimage","url":"https:\/\/www.ghostysky.com\/wp-content\/uploads\/2025\/10\/GH_AgilexPikaSense_1.jpg","contentUrl":"https:\/\/www.ghostysky.com\/wp-content\/uploads\/2025\/10\/GH_AgilexPikaSense_1.jpg","width":520,"height":520},{"@type":"BreadcrumbList","@id":"https:\/\/www.ghostysky.com\/product\/agilex-pika-sense\/#breadcrumb","itemListElement":[{"@type":"ListItem","position":1,"name":"Home","item":"https:\/\/www.ghostysky.com\/"},{"@type":"ListItem","position":2,"name":"Shop","item":"https:\/\/www.ghostysky.com\/shop\/"},{"@type":"ListItem","position":3,"name":"Agilex PiKA Sense"}]},{"@type":"WebSite","@id":"https:\/\/www.ghostysky.com\/#website","url":"https:\/\/www.ghostysky.com\/","name":"Ghostysky","description":"Fornecendo drones e servi\u00e7os profissionais","publisher":{"@id":"https:\/\/www.ghostysky.com\/#organization"},"potentialAction":[{"@type":"SearchAction","target":{"@type":"EntryPoint","urlTemplate":"https:\/\/www.ghostysky.com\/?s={search_term_string}"},"query-input":{"@type":"PropertyValueSpecification","valueRequired":true,"valueName":"search_term_string"}}],"inLanguage":"pt-PT"},{"@type":"Organization","@id":"https:\/\/www.ghostysky.com\/#organization","name":"Ghostysky","url":"https:\/\/www.ghostysky.com\/","logo":{"@type":"ImageObject","inLanguage":"pt-PT","@id":"https:\/\/www.ghostysky.com\/#\/schema\/logo\/image\/","url":"https:\/\/www.ghostysky.com\/wp-content\/uploads\/2020\/06\/cropped-ghostyskylogo_text_white2.png","contentUrl":"https:\/\/www.ghostysky.com\/wp-content\/uploads\/2020\/06\/cropped-ghostyskylogo_text_white2.png","width":169,"height":56,"caption":"Ghostysky"},"image":{"@id":"https:\/\/www.ghostysky.com\/#\/schema\/logo\/image\/"},"sameAs":["https:\/\/www.facebook.com\/people\/Ghostysky\/100057676170234\/","https:\/\/x.com\/Gh0stysky","https:\/\/www.linkedin.com\/company\/34739653","https:\/\/www.instagram.com\/gh0stysky"]}]}},"_links":{"self":[{"href":"https:\/\/www.ghostysky.com\/pt\/wp-json\/wp\/v2\/product\/21185","targetHints":{"allow":["GET"]}}],"collection":[{"href":"https:\/\/www.ghostysky.com\/pt\/wp-json\/wp\/v2\/product"}],"about":[{"href":"https:\/\/www.ghostysky.com\/pt\/wp-json\/wp\/v2\/types\/product"}],"replies":[{"embeddable":true,"href":"https:\/\/www.ghostysky.com\/pt\/wp-json\/wp\/v2\/comments?post=21185"}],"version-history":[{"count":0,"href":"https:\/\/www.ghostysky.com\/pt\/wp-json\/wp\/v2\/product\/21185\/revisions"}],"wp:featuredmedia":[{"embeddable":true,"href":"https:\/\/www.ghostysky.com\/pt\/wp-json\/wp\/v2\/media\/21187"}],"wp:attachment":[{"href":"https:\/\/www.ghostysky.com\/pt\/wp-json\/wp\/v2\/media?parent=21185"}],"wp:term":[{"taxonomy":"product_brand","embeddable":true,"href":"https:\/\/www.ghostysky.com\/pt\/wp-json\/wp\/v2\/product_brand?post=21185"},{"taxonomy":"product_cat","embeddable":true,"href":"https:\/\/www.ghostysky.com\/pt\/wp-json\/wp\/v2\/product_cat?post=21185"},{"taxonomy":"product_tag","embeddable":true,"href":"https:\/\/www.ghostysky.com\/pt\/wp-json\/wp\/v2\/product_tag?post=21185"}],"curies":[{"name":"wp","href":"https:\/\/api.w.org\/{rel}","templated":true}]}}