{"id":21202,"date":"2025-10-16T04:33:26","date_gmt":"2025-10-16T04:33:26","guid":{"rendered":"https:\/\/www.ghostysky.com\/?post_type=product&#038;p=21202"},"modified":"2026-02-01T10:41:38","modified_gmt":"2026-02-01T10:41:38","slug":"unitree-go2-air","status":"publish","type":"product","link":"https:\/\/www.ghostysky.com\/pt\/product\/unitree-go2-air\/","title":{"rendered":"Unitree GO2 Air"},"content":{"rendered":"<p><b>Caracter\u00edsticas principais:<\/b><\/p>\n<ul>\n<li><b><span class=\"citation-252\">Percep\u00e7\u00e3o Avan\u00e7ada:<\/span><\/b><span class=\"citation-252\"> \u00c9 equipado com o sistema desenvolvido pela pr\u00f3pria Unitree <\/span><b><span class=\"citation-252\">4D LiDAR L1<\/span><\/b><span class=\"citation-252 citation-end-252\"> sistema, fornecendo perto <sup class=\"superscript\" data-turn-source-index=\"2\">2<\/sup><\/span><span class=\"math-inline\" data-math=\"\\text{360}^{\\circ} \\times \\text{90}^{\\circ}\">$\\texto{360}^{\\circ} \\vezes \\texto{90}^{\\circ}$<\/span><span class=\"citation-251 citation-end-251\"> reconhecimento ultra-amplo hemisf\u00e9rico com pontos cegos m\u00ednimos.<sup class=\"superscript\" data-turn-source-index=\"3\">3<\/sup><\/span> <span class=\"citation-250 citation-end-250\">Isso permite excelente navega\u00e7\u00e3o em todos os terrenos e preven\u00e7\u00e3o de obst\u00e1culos.<sup class=\"superscript\" data-turn-source-index=\"4\">4<\/sup><\/span><\/li>\n<li><b><span class=\"citation-249\">Movimento \u00c1gil:<\/span><\/b><span class=\"citation-249 citation-end-249\"> Alimentado por 12 motores de junta de alum\u00ednio de alto torque, o GO2 Air exibe locomo\u00e7\u00e3o din\u00e2mica e est\u00e1vel, capaz de a\u00e7\u00f5es b\u00e1sicas, como correr, escalar, pular e v\u00e1rias poses.<sup class=\"superscript\" data-turn-source-index=\"5\">5<\/sup><\/span><\/li>\n<li><b>Modo de IA inteligente:<\/b><span class=\"citation-248 citation-end-248\"> O rob\u00f4 \u00e9 constru\u00eddo com recursos avan\u00e7ados de IA, permitindo que ele execute movimentos complexos, como capotamento adaptativo e escalada de obst\u00e1culos, al\u00e9m de oferecer suporte a detec\u00e7\u00e3o e preven\u00e7\u00e3o inteligentes.<sup class=\"superscript\" data-turn-source-index=\"6\">6<\/sup><\/span><\/li>\n<li><b><span class=\"citation-247\">Design dur\u00e1vel:<\/span><\/b><span class=\"citation-247 citation-end-247\"> Constru\u00eddo em liga de alum\u00ednio e pl\u00e1stico de engenharia de alta resist\u00eancia, o rob\u00f4 \u00e9 leve (aprox.<sup class=\"superscript\" data-turn-source-index=\"7\">7<\/sup><\/span> <span class=\"citation-246 citation-end-246\">15 kg com bateria) e ainda assim robusto.<sup class=\"superscript\" data-turn-source-index=\"8\">8<\/sup><\/span> <span class=\"citation-245 citation-end-245\">Possui resfriamento por tubo de calor articulado para desempenho ideal.<sup class=\"superscript\" data-turn-source-index=\"9\">9<\/sup><\/span><\/li>\n<li><b>Resist\u00eancia decente:<\/b><span class=\"citation-244 citation-end-244\"> Ele vem de f\u00e1brica com um <sup class=\"superscript\" data-turn-source-index=\"10\">10<\/sup><\/span><span class=\"math-inline\" data-math=\"\\text{8,000 mAh}\">$\\texto{8.000 mAh}$<\/span><span class=\"citation-243\"> bateria inteligente, oferecendo aproximadamente <\/span><b><span class=\"citation-243\">1-2 horas<\/span><\/b><span class=\"citation-243 citation-end-243\"> de opera\u00e7\u00e3o cont\u00ednua.<sup class=\"superscript\" data-turn-source-index=\"11\">11<\/sup><\/span><\/li>\n<li><b><span class=\"citation-242\">Conectividade:<\/span><\/b><span class=\"citation-242 citation-end-242\"> Os recursos incluem Wi-Fi 6 (banda dupla) e Bluetooth 5.2 para controle cont\u00ednuo e transmiss\u00e3o de dados por meio do aplicativo m\u00f3vel dedicado.<sup class=\"superscript\" data-turn-source-index=\"12\">12<\/sup><\/span><\/li>\n<li><b><span class=\"citation-241\">Controle amig\u00e1vel ao usu\u00e1rio:<\/span><\/b><span class=\"citation-241 citation-end-241\"> O controle \u00e9 gerenciado principalmente pelo aplicativo, que tamb\u00e9m oferece programa\u00e7\u00e3o gr\u00e1fica para f\u00e1cil personaliza\u00e7\u00e3o.<sup class=\"superscript\" data-turn-source-index=\"13\">13<\/sup><\/span><\/li>\n<\/ul>\n<p><b>Resumo das especifica\u00e7\u00f5es (aproximadas):<\/b><\/p>\n<ul>\n<li><b>Velocidade m\u00e1xima:<\/b><span class=\"citation-240 citation-end-240\"> At\u00e9 <sup class=\"superscript\" data-turn-source-index=\"14\">14<\/sup><\/span><span class=\"math-inline\" data-math=\"\\text{2.5 m\/s}\">$\\texto{2,5 m\/s}$<\/span><\/li>\n<li><b>Carga \u00fatil:<\/b><span class=\"citation-239 citation-end-239\"> Aproximadamente <sup class=\"superscript\" data-turn-source-index=\"15\">15<\/sup><\/span><span class=\"math-inline\" data-math=\"\\text{7 kg}\">$\\texto{7 kg}$<\/span><span class=\"citation-238 citation-end-238\"> (M\u00e1x. <sup class=\"superscript\" data-turn-source-index=\"16\">16<\/sup><\/span><span class=\"math-inline\" data-math=\"\\text{10 kg}\">$\\texto{10 kg}$<\/span><span class=\"citation-237 citation-end-237\">)<sup class=\"superscript\" data-turn-source-index=\"17\">17<\/sup><\/span><\/li>\n<li><b><span class=\"citation-236\">Dimens\u00f5es (em p\u00e9):<\/span><\/b><span class=\"citation-236 citation-end-236\"> <sup class=\"superscript\" data-turn-source-index=\"18\">18<\/sup><\/span><span class=\"math-inline\" data-math=\"\\text{70 cm} \\times \\text{31 cm} \\times \\text{40 cm}\">$\\texto{70 cm} \\vezes \\texto{31 cm} \\vezes \\texto{40 cm}$<\/span><\/li>\n<li><b><span class=\"citation-235\">\u00c2ngulo m\u00e1ximo de subida:<\/span><\/b><span class=\"citation-235 citation-end-235\"> <sup class=\"superscript\" data-turn-source-index=\"19\">19<\/sup><\/span><span class=\"math-inline\" data-math=\"\\text{30}^{\\circ}\">$\\texto{30}^{\\circ}$<\/span><\/li>\n<\/ul>\n<p><span class=\"citation-234 citation-end-234 interactive-span-hovered\">O GO2 Air est\u00e1 posicionado como um companheiro rob\u00f3tico e plataforma acess\u00edvel e de alto desempenho, disponibilizando tecnologia quadr\u00fapede avan\u00e7ada para uma ampla gama de aplica\u00e7\u00f5es civis, de pesquisa e educacionais.<sup class=\"superscript\" data-turn-source-index=\"20\">20<\/sup><\/span><\/p>","protected":false},"excerpt":{"rendered":"<p>O Unitree GO2 Air \u00e9 um c\u00e3o rob\u00f4 quadr\u00fapede compacto, inteligente e \u00e1gil, projetado como uma plataforma de n\u00edvel b\u00e1sico para entusiastas, educa\u00e7\u00e3o e aplica\u00e7\u00f5es leves.<\/p>","protected":false},"featured_media":21207,"comment_status":"open","ping_status":"closed","template":"","meta":[],"product_brand":[1087],"product_cat":[1039,1037,1085],"product_tag":[1088,1089,1090],"class_list":{"0":"post-21202","1":"product","2":"type-product","3":"status-publish","4":"has-post-thumbnail","6":"product_brand-unitree","7":"product_cat-quadruped","8":"product_cat-robotics","9":"product_cat-unitree-quad-robots","10":"product_tag-unitree","11":"product_tag-unitree-quadruped","12":"product_tag-unitree-quadruped-robots","14":"first","15":"onbackorder","16":"taxable","17":"shipping-taxable","18":"purchasable","19":"product-type-simple"},"yoast_head":"<!-- This site is optimized with the Yoast SEO plugin v27.4 - https:\/\/yoast.com\/product\/yoast-seo-wordpress\/ -->\n<title>Unitree GO2 Air - Ghostysky<\/title>\n<meta name=\"description\" content=\"The Unitree GO2 Air is a compact, intelligent, and agile quadruped robot dog designed as an entry-level platform for enthusiasts, education, and light applications.\" \/>\n<meta name=\"robots\" content=\"index, follow, max-snippet:-1, max-image-preview:large, max-video-preview:-1\" \/>\n<link rel=\"canonical\" href=\"https:\/\/www.ghostysky.com\/pt\/produto-2\/unitree-go2-air\/\" \/>\n<meta property=\"og:locale\" content=\"pt_PT\" \/>\n<meta property=\"og:type\" content=\"article\" \/>\n<meta property=\"og:title\" content=\"Unitree GO2 Air - Ghostysky\" \/>\n<meta property=\"og:description\" content=\"The Unitree GO2 Air is a compact, intelligent, and agile quadruped robot dog designed as an entry-level platform for enthusiasts, education, and light applications.\" \/>\n<meta property=\"og:url\" content=\"https:\/\/www.ghostysky.com\/pt\/produto-2\/unitree-go2-air\/\" \/>\n<meta property=\"og:site_name\" content=\"Ghostysky\" \/>\n<meta property=\"article:publisher\" content=\"https:\/\/www.facebook.com\/people\/Ghostysky\/100057676170234\/\" \/>\n<meta property=\"article:modified_time\" content=\"2026-02-01T10:41:38+00:00\" \/>\n<meta property=\"og:image\" content=\"https:\/\/www.ghostysky.com\/wp-content\/uploads\/2025\/10\/GH_Unitree_GO2_1.webp\" \/>\n\t<meta property=\"og:image:width\" content=\"800\" \/>\n\t<meta property=\"og:image:height\" content=\"800\" \/>\n\t<meta property=\"og:image:type\" content=\"image\/webp\" \/>\n<meta name=\"twitter:card\" content=\"summary_large_image\" \/>\n<meta name=\"twitter:site\" content=\"@Gh0stysky\" \/>\n<meta name=\"twitter:label1\" content=\"Tempo estimado de leitura\" \/>\n\t<meta name=\"twitter:data1\" content=\"2 minutos\" \/>\n<script type=\"application\/ld+json\" class=\"yoast-schema-graph\">{\"@context\":\"https:\\\/\\\/schema.org\",\"@graph\":[{\"@type\":\"WebPage\",\"@id\":\"https:\\\/\\\/www.ghostysky.com\\\/product\\\/unitree-go2-air\\\/\",\"url\":\"https:\\\/\\\/www.ghostysky.com\\\/product\\\/unitree-go2-air\\\/\",\"name\":\"Unitree GO2 Air - Ghostysky\",\"isPartOf\":{\"@id\":\"https:\\\/\\\/www.ghostysky.com\\\/#website\"},\"primaryImageOfPage\":{\"@id\":\"https:\\\/\\\/www.ghostysky.com\\\/product\\\/unitree-go2-air\\\/#primaryimage\"},\"image\":{\"@id\":\"https:\\\/\\\/www.ghostysky.com\\\/product\\\/unitree-go2-air\\\/#primaryimage\"},\"thumbnailUrl\":\"https:\\\/\\\/www.ghostysky.com\\\/wp-content\\\/uploads\\\/2025\\\/10\\\/GH_Unitree_GO2_1.webp\",\"datePublished\":\"2025-10-16T04:33:26+00:00\",\"dateModified\":\"2026-02-01T10:41:38+00:00\",\"description\":\"The Unitree GO2 Air is a compact, intelligent, and agile quadruped robot dog designed as an entry-level platform for enthusiasts, education, and light applications.\",\"breadcrumb\":{\"@id\":\"https:\\\/\\\/www.ghostysky.com\\\/product\\\/unitree-go2-air\\\/#breadcrumb\"},\"inLanguage\":\"pt-PT\",\"potentialAction\":[{\"@type\":\"ReadAction\",\"target\":[\"https:\\\/\\\/www.ghostysky.com\\\/product\\\/unitree-go2-air\\\/\"]}]},{\"@type\":\"ImageObject\",\"inLanguage\":\"pt-PT\",\"@id\":\"https:\\\/\\\/www.ghostysky.com\\\/product\\\/unitree-go2-air\\\/#primaryimage\",\"url\":\"https:\\\/\\\/www.ghostysky.com\\\/wp-content\\\/uploads\\\/2025\\\/10\\\/GH_Unitree_GO2_1.webp\",\"contentUrl\":\"https:\\\/\\\/www.ghostysky.com\\\/wp-content\\\/uploads\\\/2025\\\/10\\\/GH_Unitree_GO2_1.webp\",\"width\":800,\"height\":800},{\"@type\":\"BreadcrumbList\",\"@id\":\"https:\\\/\\\/www.ghostysky.com\\\/product\\\/unitree-go2-air\\\/#breadcrumb\",\"itemListElement\":[{\"@type\":\"ListItem\",\"position\":1,\"name\":\"Home\",\"item\":\"https:\\\/\\\/www.ghostysky.com\\\/\"},{\"@type\":\"ListItem\",\"position\":2,\"name\":\"Shop\",\"item\":\"https:\\\/\\\/www.ghostysky.com\\\/shop\\\/\"},{\"@type\":\"ListItem\",\"position\":3,\"name\":\"Unitree GO2 Air\"}]},{\"@type\":\"WebSite\",\"@id\":\"https:\\\/\\\/www.ghostysky.com\\\/#website\",\"url\":\"https:\\\/\\\/www.ghostysky.com\\\/\",\"name\":\"Ghostysky\",\"description\":\"Delivering professional drones and services\",\"publisher\":{\"@id\":\"https:\\\/\\\/www.ghostysky.com\\\/#organization\"},\"potentialAction\":[{\"@type\":\"SearchAction\",\"target\":{\"@type\":\"EntryPoint\",\"urlTemplate\":\"https:\\\/\\\/www.ghostysky.com\\\/?s={search_term_string}\"},\"query-input\":{\"@type\":\"PropertyValueSpecification\",\"valueRequired\":true,\"valueName\":\"search_term_string\"}}],\"inLanguage\":\"pt-PT\"},{\"@type\":\"Organization\",\"@id\":\"https:\\\/\\\/www.ghostysky.com\\\/#organization\",\"name\":\"Ghostysky\",\"url\":\"https:\\\/\\\/www.ghostysky.com\\\/\",\"logo\":{\"@type\":\"ImageObject\",\"inLanguage\":\"pt-PT\",\"@id\":\"https:\\\/\\\/www.ghostysky.com\\\/#\\\/schema\\\/logo\\\/image\\\/\",\"url\":\"https:\\\/\\\/www.ghostysky.com\\\/wp-content\\\/uploads\\\/2020\\\/06\\\/cropped-ghostyskylogo_text_white2.png\",\"contentUrl\":\"https:\\\/\\\/www.ghostysky.com\\\/wp-content\\\/uploads\\\/2020\\\/06\\\/cropped-ghostyskylogo_text_white2.png\",\"width\":169,\"height\":56,\"caption\":\"Ghostysky\"},\"image\":{\"@id\":\"https:\\\/\\\/www.ghostysky.com\\\/#\\\/schema\\\/logo\\\/image\\\/\"},\"sameAs\":[\"https:\\\/\\\/www.facebook.com\\\/people\\\/Ghostysky\\\/100057676170234\\\/\",\"https:\\\/\\\/x.com\\\/Gh0stysky\",\"https:\\\/\\\/www.linkedin.com\\\/company\\\/34739653\",\"https:\\\/\\\/www.instagram.com\\\/gh0stysky\"]}]}<\/script>\n<!-- \/ Yoast SEO plugin. -->","yoast_head_json":{"title":"Unitree GO2 Air - Ghostysky","description":"O Unitree GO2 Air \u00e9 um c\u00e3o rob\u00f4 quadr\u00fapede compacto, inteligente e \u00e1gil, projetado como uma plataforma de n\u00edvel b\u00e1sico para entusiastas, educa\u00e7\u00e3o e aplica\u00e7\u00f5es leves.","robots":{"index":"index","follow":"follow","max-snippet":"max-snippet:-1","max-image-preview":"max-image-preview:large","max-video-preview":"max-video-preview:-1"},"canonical":"https:\/\/www.ghostysky.com\/pt\/produto-2\/unitree-go2-air\/","og_locale":"pt_PT","og_type":"article","og_title":"Unitree GO2 Air - Ghostysky","og_description":"The Unitree GO2 Air is a compact, intelligent, and agile quadruped robot dog designed as an entry-level platform for enthusiasts, education, and light applications.","og_url":"https:\/\/www.ghostysky.com\/pt\/produto-2\/unitree-go2-air\/","og_site_name":"Ghostysky","article_publisher":"https:\/\/www.facebook.com\/people\/Ghostysky\/100057676170234\/","article_modified_time":"2026-02-01T10:41:38+00:00","og_image":[{"width":800,"height":800,"url":"https:\/\/www.ghostysky.com\/wp-content\/uploads\/2025\/10\/GH_Unitree_GO2_1.webp","type":"image\/webp"}],"twitter_card":"summary_large_image","twitter_site":"@Gh0stysky","twitter_misc":{"Tempo estimado de leitura":"2 minutos"},"schema":{"@context":"https:\/\/schema.org","@graph":[{"@type":"WebPage","@id":"https:\/\/www.ghostysky.com\/product\/unitree-go2-air\/","url":"https:\/\/www.ghostysky.com\/product\/unitree-go2-air\/","name":"Unitree GO2 Air - Ghostysky","isPartOf":{"@id":"https:\/\/www.ghostysky.com\/#website"},"primaryImageOfPage":{"@id":"https:\/\/www.ghostysky.com\/product\/unitree-go2-air\/#primaryimage"},"image":{"@id":"https:\/\/www.ghostysky.com\/product\/unitree-go2-air\/#primaryimage"},"thumbnailUrl":"https:\/\/www.ghostysky.com\/wp-content\/uploads\/2025\/10\/GH_Unitree_GO2_1.webp","datePublished":"2025-10-16T04:33:26+00:00","dateModified":"2026-02-01T10:41:38+00:00","description":"O Unitree GO2 Air \u00e9 um c\u00e3o rob\u00f4 quadr\u00fapede compacto, inteligente e \u00e1gil, projetado como uma plataforma de n\u00edvel b\u00e1sico para entusiastas, educa\u00e7\u00e3o e aplica\u00e7\u00f5es leves.","breadcrumb":{"@id":"https:\/\/www.ghostysky.com\/product\/unitree-go2-air\/#breadcrumb"},"inLanguage":"pt-PT","potentialAction":[{"@type":"ReadAction","target":["https:\/\/www.ghostysky.com\/product\/unitree-go2-air\/"]}]},{"@type":"ImageObject","inLanguage":"pt-PT","@id":"https:\/\/www.ghostysky.com\/product\/unitree-go2-air\/#primaryimage","url":"https:\/\/www.ghostysky.com\/wp-content\/uploads\/2025\/10\/GH_Unitree_GO2_1.webp","contentUrl":"https:\/\/www.ghostysky.com\/wp-content\/uploads\/2025\/10\/GH_Unitree_GO2_1.webp","width":800,"height":800},{"@type":"BreadcrumbList","@id":"https:\/\/www.ghostysky.com\/product\/unitree-go2-air\/#breadcrumb","itemListElement":[{"@type":"ListItem","position":1,"name":"Home","item":"https:\/\/www.ghostysky.com\/"},{"@type":"ListItem","position":2,"name":"Shop","item":"https:\/\/www.ghostysky.com\/shop\/"},{"@type":"ListItem","position":3,"name":"Unitree GO2 Air"}]},{"@type":"WebSite","@id":"https:\/\/www.ghostysky.com\/#website","url":"https:\/\/www.ghostysky.com\/","name":"Ghostysky","description":"Fornecendo drones e servi\u00e7os profissionais","publisher":{"@id":"https:\/\/www.ghostysky.com\/#organization"},"potentialAction":[{"@type":"SearchAction","target":{"@type":"EntryPoint","urlTemplate":"https:\/\/www.ghostysky.com\/?s={search_term_string}"},"query-input":{"@type":"PropertyValueSpecification","valueRequired":true,"valueName":"search_term_string"}}],"inLanguage":"pt-PT"},{"@type":"Organization","@id":"https:\/\/www.ghostysky.com\/#organization","name":"Ghostysky","url":"https:\/\/www.ghostysky.com\/","logo":{"@type":"ImageObject","inLanguage":"pt-PT","@id":"https:\/\/www.ghostysky.com\/#\/schema\/logo\/image\/","url":"https:\/\/www.ghostysky.com\/wp-content\/uploads\/2020\/06\/cropped-ghostyskylogo_text_white2.png","contentUrl":"https:\/\/www.ghostysky.com\/wp-content\/uploads\/2020\/06\/cropped-ghostyskylogo_text_white2.png","width":169,"height":56,"caption":"Ghostysky"},"image":{"@id":"https:\/\/www.ghostysky.com\/#\/schema\/logo\/image\/"},"sameAs":["https:\/\/www.facebook.com\/people\/Ghostysky\/100057676170234\/","https:\/\/x.com\/Gh0stysky","https:\/\/www.linkedin.com\/company\/34739653","https:\/\/www.instagram.com\/gh0stysky"]}]}},"_links":{"self":[{"href":"https:\/\/www.ghostysky.com\/pt\/wp-json\/wp\/v2\/product\/21202","targetHints":{"allow":["GET"]}}],"collection":[{"href":"https:\/\/www.ghostysky.com\/pt\/wp-json\/wp\/v2\/product"}],"about":[{"href":"https:\/\/www.ghostysky.com\/pt\/wp-json\/wp\/v2\/types\/product"}],"replies":[{"embeddable":true,"href":"https:\/\/www.ghostysky.com\/pt\/wp-json\/wp\/v2\/comments?post=21202"}],"version-history":[{"count":0,"href":"https:\/\/www.ghostysky.com\/pt\/wp-json\/wp\/v2\/product\/21202\/revisions"}],"wp:featuredmedia":[{"embeddable":true,"href":"https:\/\/www.ghostysky.com\/pt\/wp-json\/wp\/v2\/media\/21207"}],"wp:attachment":[{"href":"https:\/\/www.ghostysky.com\/pt\/wp-json\/wp\/v2\/media?parent=21202"}],"wp:term":[{"taxonomy":"product_brand","embeddable":true,"href":"https:\/\/www.ghostysky.com\/pt\/wp-json\/wp\/v2\/product_brand?post=21202"},{"taxonomy":"product_cat","embeddable":true,"href":"https:\/\/www.ghostysky.com\/pt\/wp-json\/wp\/v2\/product_cat?post=21202"},{"taxonomy":"product_tag","embeddable":true,"href":"https:\/\/www.ghostysky.com\/pt\/wp-json\/wp\/v2\/product_tag?post=21202"}],"curies":[{"name":"wp","href":"https:\/\/api.w.org\/{rel}","templated":true}]}}