{"id":21211,"date":"2025-10-16T04:44:11","date_gmt":"2025-10-16T04:44:11","guid":{"rendered":"https:\/\/www.ghostysky.com\/?post_type=product&#038;p=21211"},"modified":"2026-02-05T11:04:10","modified_gmt":"2026-02-05T11:04:10","slug":"unitree-go2-pro","status":"publish","type":"product","link":"https:\/\/www.ghostysky.com\/pt\/product\/unitree-go2-pro\/","title":{"rendered":"Unitree Go2 Pro"},"content":{"rendered":"<h3><b>Caracter\u00edsticas principais<\/b><\/h3>\n<ul>\n<li><b><span class=\"citation-291\">Revolucion\u00e1rio 4D LiDAR L1:<\/span><\/b><span class=\"citation-291 citation-end-291\"> Equipado com o LiDAR 4D desenvolvido pela Unitree, o Go2 Pro oferece uma experi\u00eancia not\u00e1vel <\/span><b><span class=\"math-inline\" data-math=\"360^\\circ \\times 90^\\circ\">360\u00ba x 90\u00ba<\/span><span class=\"citation-290\"> reconhecimento ultra-amplo hemisf\u00e9rico<\/span><\/b><span class=\"citation-290\"> com um ponto cego super pequeno e detec\u00e7\u00e3o a partir de apenas 0,05 m, permitindo precis\u00e3o <\/span><b><span class=\"citation-290\">navega\u00e7\u00e3o todo-o-terreno<\/span><\/b><span class=\"citation-290 citation-end-290\"> e evitar obst\u00e1culos.<\/span><\/li>\n<li><b>Mobilidade e velocidade aprimoradas:<\/b><span class=\"citation-289 citation-end-289\"> Acionado por 12 motores conjuntos potentes com um torque m\u00e1ximo de aproximadamente <\/span><b><span class=\"math-inline\" data-math=\"45\\text{ N}\\cdot\\text{m}\">45 Nm<\/span><\/b><span class=\"citation-288 citation-end-288\">, o rob\u00f4 pode atingir uma velocidade m\u00e1xima de at\u00e9 <\/span><b><span class=\"math-inline\" data-math=\"3.5\\text{ m\/s}\">3,5 m\/s <\/span><\/b><span class=\"citation-287 citation-end-287\">(<\/span><span class=\"math-inline\" data-math=\"12.6\\text{ km\/h}\">12,6 km\/h<\/span><span class=\"citation-286 citation-end-286\">.<\/span>\u00a0<span class=\"citation-285 citation-end-285\">Ele pode executar uma variedade de andaduras, poses e truques avan\u00e7ados, como pular, rolar adaptativamente e escalar obst\u00e1culos.<\/span><\/li>\n<li><b><span class=\"citation-284\">Sistema de acompanhamento lateral inteligente (ISS 2.0):<\/span><\/b><span class=\"citation-284 citation-end-284\"> Este sistema atualizado usa nova tecnologia de posicionamento e controle vetorial sem fio para melhorar a precis\u00e3o do posicionamento por <\/span><span class=\"math-inline\" data-math=\"50\\%\">50%<\/span><span class=\"citation-283\">\u00a0e estender o alcance do controle remoto, permitindo que o rob\u00f4 <\/span><b><span class=\"citation-283\">seguir inteligentemente<\/span><\/b><span class=\"citation-283 citation-end-283\"> seu operador em terrenos complexos com preven\u00e7\u00e3o otimizada de obst\u00e1culos.<\/span><\/li>\n<li><b><span class=\"citation-282\">Design robusto e modular:<\/span><\/b><span class=\"citation-282 citation-end-282\"> Constru\u00eddo em liga de alum\u00ednio e pl\u00e1sticos de engenharia de alta resist\u00eancia, o Go2 Pro \u00e9 dur\u00e1vel e suporta uma carga \u00fatil significativa de aproximadamente\u00a0<\/span><b><span class=\"math-inline\" data-math=\"8\\text{ kg}\">8 kg<\/span><\/b><span class=\"citation-281 citation-end-281\"> (limite <\/span><span class=\"math-inline\" data-math=\"\\sim 10\\text{ kg}\">10 kg<\/span><span class=\"citation-280 citation-end-280\">), tornando-o adequado para transportar sensores e equipamentos personalizados.<\/span><\/li>\n<li><b>IA e processamento avan\u00e7ados:<\/b><span class=\"citation-279\"> O rob\u00f4 utiliza um sistema de alto desempenho <\/span><b><span class=\"citation-279\">processador octa-core<\/span><\/b><span class=\"citation-279 citation-end-279\"> e se beneficia de amplo treinamento em simula\u00e7\u00e3o de IA.<sup class=\"superscript\" data-turn-source-index=\"15\">15<\/sup><\/span> <span class=\"citation-278\">Os recursos opcionais podem incluir <\/span><b><span class=\"citation-278\">Suporte ao modelo de linguagem GPT<\/span><\/b><span class=\"citation-278 citation-end-278\"> para intera\u00e7\u00e3o e comando de voz.<\/span><\/li>\n<li><b><span class=\"citation-277\">Conectividade e intera\u00e7\u00e3o estendidas:<\/span><\/b><span class=\"citation-277\"> Os recursos incluem <\/span><b><span class=\"citation-277\">Wi-Fi 6, Bluetooth 5.2, eSIM 4G integrado<\/span><\/b><span class=\"citation-277 citation-end-277\">, intera\u00e7\u00e3o por voz, intercomunicador de voz e reprodu\u00e7\u00e3o de m\u00fasica por meio de um alto-falante integrado.<\/span>\u00a0<span class=\"citation-276 citation-end-276\">Um aplicativo m\u00f3vel dedicado permite transmiss\u00e3o de imagens em HD, monitoramento em tempo real e programa\u00e7\u00e3o gr\u00e1fica.<\/span><\/li>\n<li><b>Mapeamento LiDAR 3D:<\/b><span class=\"citation-275 citation-end-275\"> Os usu\u00e1rios podem aproveitar o L1 LiDAR e o aplicativo para construir mapas de nuvem de pontos dentro de uma \u00e1rea e definir caminhos de movimento aut\u00f4nomos.<\/span><\/li>\n<\/ul>\n<p><span class=\"citation-274 citation-end-274\">O Unitree Go2 Pro \u00e9 uma plataforma ideal para desenvolvedores e pesquisadores de rob\u00f3tica que buscam um companheiro rob\u00f3tico de alto desempenho, \u00e1gil e rico em sensores, capaz de lidar com tarefas sofisticadas.<\/span><\/p>","protected":false},"excerpt":{"rendered":"<p><span class=\"citation-293\">O <\/span><b><span class=\"citation-293\">Unitree Go2 Pro<\/span><\/b><span class=\"citation-293\"> \u00e9 um rob\u00f4 quadr\u00fapede avan\u00e7ado e inteligente projetado para aplica\u00e7\u00f5es exigentes em <\/span><b><span class=\"citation-293\">pesquisa, ind\u00fastria, educa\u00e7\u00e3o e entretenimento<\/span><\/b><span class=\"citation-293 citation-end-293\">.<\/span> <span class=\"citation-292 citation-end-292\">Como uma evolu\u00e7\u00e3o da plataforma Go2, o modelo Pro oferece desempenho elevado, detec\u00e7\u00e3o superior e mobilidade aprimorada.<\/span><\/p>","protected":false},"featured_media":21207,"comment_status":"open","ping_status":"closed","template":"","meta":[],"product_brand":[1087],"product_cat":[1039,1037,1085],"product_tag":[1088,1091,1090],"class_list":{"0":"post-21211","1":"product","2":"type-product","3":"status-publish","4":"has-post-thumbnail","6":"product_brand-unitree","7":"product_cat-quadruped","8":"product_cat-robotics","9":"product_cat-unitree-quad-robots","10":"product_tag-unitree","11":"product_tag-unitree-quadru","12":"product_tag-unitree-quadruped-robots","14":"first","15":"onbackorder","16":"taxable","17":"shipping-taxable","18":"purchasable","19":"product-type-simple"},"yoast_head":"<!-- This site is optimized with the Yoast SEO plugin v27.4 - https:\/\/yoast.com\/product\/yoast-seo-wordpress\/ -->\n<title>Unitree Go2 Pro - Ghostysky<\/title>\n<meta name=\"description\" content=\"The Unitree Go2 Pro is an advanced and intelligent quadruped robot designed for demanding applications in research, industry, education, and entertainment. As an evolution of the Go2 platform, the Pro model offers elevated performance, superior sensing, and enhanced mobility.\" \/>\n<meta name=\"robots\" content=\"index, follow, max-snippet:-1, max-image-preview:large, max-video-preview:-1\" \/>\n<link rel=\"canonical\" href=\"https:\/\/www.ghostysky.com\/pt\/produto-2\/unitree-go2-pro\/\" \/>\n<meta property=\"og:locale\" content=\"pt_PT\" \/>\n<meta property=\"og:type\" content=\"article\" \/>\n<meta property=\"og:title\" content=\"Unitree Go2 Pro - Ghostysky\" \/>\n<meta property=\"og:description\" content=\"The Unitree Go2 Pro is an advanced and intelligent quadruped robot designed for demanding applications in research, industry, education, and entertainment. As an evolution of the Go2 platform, the Pro model offers elevated performance, superior sensing, and enhanced mobility.\" \/>\n<meta property=\"og:url\" content=\"https:\/\/www.ghostysky.com\/pt\/produto-2\/unitree-go2-pro\/\" \/>\n<meta property=\"og:site_name\" content=\"Ghostysky\" \/>\n<meta property=\"article:publisher\" content=\"https:\/\/www.facebook.com\/people\/Ghostysky\/100057676170234\/\" \/>\n<meta property=\"article:modified_time\" content=\"2026-02-05T11:04:10+00:00\" \/>\n<meta property=\"og:image\" content=\"https:\/\/www.ghostysky.com\/wp-content\/uploads\/2025\/10\/GH_Unitree_GO2_1.webp\" \/>\n\t<meta property=\"og:image:width\" content=\"800\" \/>\n\t<meta property=\"og:image:height\" content=\"800\" \/>\n\t<meta property=\"og:image:type\" content=\"image\/webp\" \/>\n<meta name=\"twitter:card\" content=\"summary_large_image\" \/>\n<meta name=\"twitter:site\" content=\"@Gh0stysky\" \/>\n<meta name=\"twitter:label1\" content=\"Tempo estimado de leitura\" \/>\n\t<meta name=\"twitter:data1\" content=\"2 minutos\" \/>\n<script type=\"application\/ld+json\" class=\"yoast-schema-graph\">{\"@context\":\"https:\\\/\\\/schema.org\",\"@graph\":[{\"@type\":\"WebPage\",\"@id\":\"https:\\\/\\\/www.ghostysky.com\\\/product\\\/unitree-go2-pro\\\/\",\"url\":\"https:\\\/\\\/www.ghostysky.com\\\/product\\\/unitree-go2-pro\\\/\",\"name\":\"Unitree Go2 Pro - Ghostysky\",\"isPartOf\":{\"@id\":\"https:\\\/\\\/www.ghostysky.com\\\/#website\"},\"primaryImageOfPage\":{\"@id\":\"https:\\\/\\\/www.ghostysky.com\\\/product\\\/unitree-go2-pro\\\/#primaryimage\"},\"image\":{\"@id\":\"https:\\\/\\\/www.ghostysky.com\\\/product\\\/unitree-go2-pro\\\/#primaryimage\"},\"thumbnailUrl\":\"https:\\\/\\\/www.ghostysky.com\\\/wp-content\\\/uploads\\\/2025\\\/10\\\/GH_Unitree_GO2_1.webp\",\"datePublished\":\"2025-10-16T04:44:11+00:00\",\"dateModified\":\"2026-02-05T11:04:10+00:00\",\"description\":\"The Unitree Go2 Pro is an advanced and intelligent quadruped robot designed for demanding applications in research, industry, education, and entertainment. As an evolution of the Go2 platform, the Pro model offers elevated performance, superior sensing, and enhanced mobility.\",\"breadcrumb\":{\"@id\":\"https:\\\/\\\/www.ghostysky.com\\\/product\\\/unitree-go2-pro\\\/#breadcrumb\"},\"inLanguage\":\"pt-PT\",\"potentialAction\":[{\"@type\":\"ReadAction\",\"target\":[\"https:\\\/\\\/www.ghostysky.com\\\/product\\\/unitree-go2-pro\\\/\"]}]},{\"@type\":\"ImageObject\",\"inLanguage\":\"pt-PT\",\"@id\":\"https:\\\/\\\/www.ghostysky.com\\\/product\\\/unitree-go2-pro\\\/#primaryimage\",\"url\":\"https:\\\/\\\/www.ghostysky.com\\\/wp-content\\\/uploads\\\/2025\\\/10\\\/GH_Unitree_GO2_1.webp\",\"contentUrl\":\"https:\\\/\\\/www.ghostysky.com\\\/wp-content\\\/uploads\\\/2025\\\/10\\\/GH_Unitree_GO2_1.webp\",\"width\":800,\"height\":800},{\"@type\":\"BreadcrumbList\",\"@id\":\"https:\\\/\\\/www.ghostysky.com\\\/product\\\/unitree-go2-pro\\\/#breadcrumb\",\"itemListElement\":[{\"@type\":\"ListItem\",\"position\":1,\"name\":\"Home\",\"item\":\"https:\\\/\\\/www.ghostysky.com\\\/\"},{\"@type\":\"ListItem\",\"position\":2,\"name\":\"Shop\",\"item\":\"https:\\\/\\\/www.ghostysky.com\\\/shop\\\/\"},{\"@type\":\"ListItem\",\"position\":3,\"name\":\"Unitree Go2 Pro\"}]},{\"@type\":\"WebSite\",\"@id\":\"https:\\\/\\\/www.ghostysky.com\\\/#website\",\"url\":\"https:\\\/\\\/www.ghostysky.com\\\/\",\"name\":\"Ghostysky\",\"description\":\"Delivering professional drones and robotics solutions\",\"publisher\":{\"@id\":\"https:\\\/\\\/www.ghostysky.com\\\/#organization\"},\"potentialAction\":[{\"@type\":\"SearchAction\",\"target\":{\"@type\":\"EntryPoint\",\"urlTemplate\":\"https:\\\/\\\/www.ghostysky.com\\\/?s={search_term_string}\"},\"query-input\":{\"@type\":\"PropertyValueSpecification\",\"valueRequired\":true,\"valueName\":\"search_term_string\"}}],\"inLanguage\":\"pt-PT\"},{\"@type\":\"Organization\",\"@id\":\"https:\\\/\\\/www.ghostysky.com\\\/#organization\",\"name\":\"Ghostysky\",\"url\":\"https:\\\/\\\/www.ghostysky.com\\\/\",\"logo\":{\"@type\":\"ImageObject\",\"inLanguage\":\"pt-PT\",\"@id\":\"https:\\\/\\\/www.ghostysky.com\\\/#\\\/schema\\\/logo\\\/image\\\/\",\"url\":\"https:\\\/\\\/www.ghostysky.com\\\/wp-content\\\/uploads\\\/2020\\\/06\\\/cropped-ghostyskylogo_text_white2.png\",\"contentUrl\":\"https:\\\/\\\/www.ghostysky.com\\\/wp-content\\\/uploads\\\/2020\\\/06\\\/cropped-ghostyskylogo_text_white2.png\",\"width\":169,\"height\":56,\"caption\":\"Ghostysky\"},\"image\":{\"@id\":\"https:\\\/\\\/www.ghostysky.com\\\/#\\\/schema\\\/logo\\\/image\\\/\"},\"sameAs\":[\"https:\\\/\\\/www.facebook.com\\\/people\\\/Ghostysky\\\/100057676170234\\\/\",\"https:\\\/\\\/x.com\\\/Gh0stysky\",\"https:\\\/\\\/www.linkedin.com\\\/company\\\/34739653\",\"https:\\\/\\\/www.instagram.com\\\/gh0stysky\"]}]}<\/script>\n<!-- \/ Yoast SEO plugin. -->","yoast_head_json":{"title":"Unitree Go2 Pro - Ghostysky","description":"O Unitree Go2 Pro \u00e9 um rob\u00f4 quadr\u00fapede avan\u00e7ado e inteligente, projetado para aplica\u00e7\u00f5es exigentes em pesquisa, ind\u00fastria, educa\u00e7\u00e3o e entretenimento. Como uma evolu\u00e7\u00e3o da plataforma Go2, o modelo Pro oferece desempenho elevado, detec\u00e7\u00e3o superior e mobilidade aprimorada.","robots":{"index":"index","follow":"follow","max-snippet":"max-snippet:-1","max-image-preview":"max-image-preview:large","max-video-preview":"max-video-preview:-1"},"canonical":"https:\/\/www.ghostysky.com\/pt\/produto-2\/unitree-go2-pro\/","og_locale":"pt_PT","og_type":"article","og_title":"Unitree Go2 Pro - Ghostysky","og_description":"The Unitree Go2 Pro is an advanced and intelligent quadruped robot designed for demanding applications in research, industry, education, and entertainment. As an evolution of the Go2 platform, the Pro model offers elevated performance, superior sensing, and enhanced mobility.","og_url":"https:\/\/www.ghostysky.com\/pt\/produto-2\/unitree-go2-pro\/","og_site_name":"Ghostysky","article_publisher":"https:\/\/www.facebook.com\/people\/Ghostysky\/100057676170234\/","article_modified_time":"2026-02-05T11:04:10+00:00","og_image":[{"width":800,"height":800,"url":"https:\/\/www.ghostysky.com\/wp-content\/uploads\/2025\/10\/GH_Unitree_GO2_1.webp","type":"image\/webp"}],"twitter_card":"summary_large_image","twitter_site":"@Gh0stysky","twitter_misc":{"Tempo estimado de leitura":"2 minutos"},"schema":{"@context":"https:\/\/schema.org","@graph":[{"@type":"WebPage","@id":"https:\/\/www.ghostysky.com\/product\/unitree-go2-pro\/","url":"https:\/\/www.ghostysky.com\/product\/unitree-go2-pro\/","name":"Unitree Go2 Pro - Ghostysky","isPartOf":{"@id":"https:\/\/www.ghostysky.com\/#website"},"primaryImageOfPage":{"@id":"https:\/\/www.ghostysky.com\/product\/unitree-go2-pro\/#primaryimage"},"image":{"@id":"https:\/\/www.ghostysky.com\/product\/unitree-go2-pro\/#primaryimage"},"thumbnailUrl":"https:\/\/www.ghostysky.com\/wp-content\/uploads\/2025\/10\/GH_Unitree_GO2_1.webp","datePublished":"2025-10-16T04:44:11+00:00","dateModified":"2026-02-05T11:04:10+00:00","description":"O Unitree Go2 Pro \u00e9 um rob\u00f4 quadr\u00fapede avan\u00e7ado e inteligente, projetado para aplica\u00e7\u00f5es exigentes em pesquisa, ind\u00fastria, educa\u00e7\u00e3o e entretenimento. Como uma evolu\u00e7\u00e3o da plataforma Go2, o modelo Pro oferece desempenho elevado, detec\u00e7\u00e3o superior e mobilidade aprimorada.","breadcrumb":{"@id":"https:\/\/www.ghostysky.com\/product\/unitree-go2-pro\/#breadcrumb"},"inLanguage":"pt-PT","potentialAction":[{"@type":"ReadAction","target":["https:\/\/www.ghostysky.com\/product\/unitree-go2-pro\/"]}]},{"@type":"ImageObject","inLanguage":"pt-PT","@id":"https:\/\/www.ghostysky.com\/product\/unitree-go2-pro\/#primaryimage","url":"https:\/\/www.ghostysky.com\/wp-content\/uploads\/2025\/10\/GH_Unitree_GO2_1.webp","contentUrl":"https:\/\/www.ghostysky.com\/wp-content\/uploads\/2025\/10\/GH_Unitree_GO2_1.webp","width":800,"height":800},{"@type":"BreadcrumbList","@id":"https:\/\/www.ghostysky.com\/product\/unitree-go2-pro\/#breadcrumb","itemListElement":[{"@type":"ListItem","position":1,"name":"Home","item":"https:\/\/www.ghostysky.com\/"},{"@type":"ListItem","position":2,"name":"Shop","item":"https:\/\/www.ghostysky.com\/shop\/"},{"@type":"ListItem","position":3,"name":"Unitree Go2 Pro"}]},{"@type":"WebSite","@id":"https:\/\/www.ghostysky.com\/#website","url":"https:\/\/www.ghostysky.com\/","name":"Ghostysky","description":"Fornecendo solu\u00e7\u00f5es profissionais em drones e rob\u00f3tica.","publisher":{"@id":"https:\/\/www.ghostysky.com\/#organization"},"potentialAction":[{"@type":"SearchAction","target":{"@type":"EntryPoint","urlTemplate":"https:\/\/www.ghostysky.com\/?s={search_term_string}"},"query-input":{"@type":"PropertyValueSpecification","valueRequired":true,"valueName":"search_term_string"}}],"inLanguage":"pt-PT"},{"@type":"Organization","@id":"https:\/\/www.ghostysky.com\/#organization","name":"Ghostysky","url":"https:\/\/www.ghostysky.com\/","logo":{"@type":"ImageObject","inLanguage":"pt-PT","@id":"https:\/\/www.ghostysky.com\/#\/schema\/logo\/image\/","url":"https:\/\/www.ghostysky.com\/wp-content\/uploads\/2020\/06\/cropped-ghostyskylogo_text_white2.png","contentUrl":"https:\/\/www.ghostysky.com\/wp-content\/uploads\/2020\/06\/cropped-ghostyskylogo_text_white2.png","width":169,"height":56,"caption":"Ghostysky"},"image":{"@id":"https:\/\/www.ghostysky.com\/#\/schema\/logo\/image\/"},"sameAs":["https:\/\/www.facebook.com\/people\/Ghostysky\/100057676170234\/","https:\/\/x.com\/Gh0stysky","https:\/\/www.linkedin.com\/company\/34739653","https:\/\/www.instagram.com\/gh0stysky"]}]}},"_links":{"self":[{"href":"https:\/\/www.ghostysky.com\/pt\/wp-json\/wp\/v2\/product\/21211","targetHints":{"allow":["GET"]}}],"collection":[{"href":"https:\/\/www.ghostysky.com\/pt\/wp-json\/wp\/v2\/product"}],"about":[{"href":"https:\/\/www.ghostysky.com\/pt\/wp-json\/wp\/v2\/types\/product"}],"replies":[{"embeddable":true,"href":"https:\/\/www.ghostysky.com\/pt\/wp-json\/wp\/v2\/comments?post=21211"}],"version-history":[{"count":0,"href":"https:\/\/www.ghostysky.com\/pt\/wp-json\/wp\/v2\/product\/21211\/revisions"}],"wp:featuredmedia":[{"embeddable":true,"href":"https:\/\/www.ghostysky.com\/pt\/wp-json\/wp\/v2\/media\/21207"}],"wp:attachment":[{"href":"https:\/\/www.ghostysky.com\/pt\/wp-json\/wp\/v2\/media?parent=21211"}],"wp:term":[{"taxonomy":"product_brand","embeddable":true,"href":"https:\/\/www.ghostysky.com\/pt\/wp-json\/wp\/v2\/product_brand?post=21211"},{"taxonomy":"product_cat","embeddable":true,"href":"https:\/\/www.ghostysky.com\/pt\/wp-json\/wp\/v2\/product_cat?post=21211"},{"taxonomy":"product_tag","embeddable":true,"href":"https:\/\/www.ghostysky.com\/pt\/wp-json\/wp\/v2\/product_tag?post=21211"}],"curies":[{"name":"wp","href":"https:\/\/api.w.org\/{rel}","templated":true}]}}