{"id":21218,"date":"2025-10-16T04:54:50","date_gmt":"2025-10-16T04:54:50","guid":{"rendered":"https:\/\/www.ghostysky.com\/?post_type=product&#038;p=21218"},"modified":"2026-04-13T14:17:39","modified_gmt":"2026-04-13T14:17:39","slug":"unitree-go2-edu-standard-40-tops-computing","status":"publish","type":"product","link":"https:\/\/www.ghostysky.com\/pt\/product\/unitree-go2-edu-standard-40-tops-computing\/","title":{"rendered":"Unitree Go2 EDU Standard (40 Tops computing)"},"content":{"rendered":"<h3>Caracter\u00edsticas principais<\/h3>\n<ul>\n<li><b>Computa\u00e7\u00e3o de IA poderosa:<\/b><span class=\"citation-321\"> Equipado com um <\/span><b><span class=\"citation-321\">M\u00f3dulo NVIDIA Jetson Orin Nano fornecendo 40 TOPS (Tera Opera\u00e7\u00f5es por Segundo)<\/span><\/b><span class=\"citation-321 citation-end-321\"> do poder de computa\u00e7\u00e3o da IA.<\/span> <span class=\"citation-320 citation-end-320\">Isso o torna ideal para pesquisas de IA introdut\u00f3rias a intermedi\u00e1rias, mecatr\u00f4nica b\u00e1sica e integra\u00e7\u00e3o de LiDAR.<\/span><\/li>\n<li><b>Plataforma de n\u00edvel de pesquisa:<\/b><span class=\"citation-319\"> Constru\u00eddo especificamente para <\/span><b><span class=\"citation-319\">desenvolvimento secund\u00e1rio<\/span><\/b><span class=\"citation-319\">, apresentando completo <\/span><b><span class=\"citation-319\">Acesso SDK\/API<\/span><\/b><span class=\"citation-319\"> (Python e C++) e compatibilidade com <\/span><b><span class=\"citation-319\">ROS (Sistema Operacional de Rob\u00f4s)<\/span><\/b><span class=\"citation-319\"> em um <\/span><b><span class=\"citation-319\">Arquitetura de sistema operacional duplo<\/span><\/b><span class=\"citation-319 citation-end-319\"> (Controle em tempo real e conscientiza\u00e7\u00e3o do ambiente), capacitando estudantes e pesquisadores.<\/span><\/li>\n<li><b><span class=\"citation-318\">Percep\u00e7\u00e3o Avan\u00e7ada:<\/span><\/b><span class=\"citation-318\"> Inclui o <\/span><b><span class=\"citation-318\">LiDAR 3D super grande angular<\/span><\/b><span class=\"citation-318\"> (muitas vezes a Unitree desenvolveu-se por conta pr\u00f3pria <\/span><b><span class=\"citation-318\">4D LiDAR L1<\/span><\/b><span class=\"citation-318 citation-end-318\">) para <\/span><span class=\"math-inline\" data-math=\"360^{\\circ} \\times 90^{\\circ}\">360\u00ba x 90\u00ba<\/span><span class=\"citation-317 citation-end-317\"> reconhecimento ultra-amplo, permitindo reconhecimento em todos os terrenos, mapeamento ambiental detalhado e preven\u00e7\u00e3o inteligente de obst\u00e1culos.<\/span> <span class=\"citation-316\">Ele tamb\u00e9m apresenta um <\/span><b><span class=\"citation-316\">C\u00e2mera grande angular HD<\/span><\/b><span class=\"citation-316\"> e <\/span><b><span class=\"citation-316\">Sensores de for\u00e7a do p\u00e9<\/span><\/b><span class=\"citation-316 citation-end-316\">.<\/span><\/li>\n<li><b>Mobilidade e desempenho aprimorados:<\/b>\n<ul>\n<li><b><span class=\"citation-315\">12 motores articulados de alto desempenho<\/span><\/b><span class=\"citation-315\"> com um torque articular m\u00e1ximo de aproximadamente <\/span><b><span class=\"citation-315\">45 Nm<\/span><\/b><span class=\"citation-315 citation-end-315\">, permitindo uma velocidade m\u00e1xima de corrida de at\u00e9 aproximadamente <\/span><b><span class=\"math-inline\" data-math=\"3.7 \\text{ m\/s}\">3,7 m\/s<\/span><\/b><span class=\"citation-314 citation-end-314\"> e a capacidade de realizar a\u00e7\u00f5es complexas como pular e escalar obst\u00e1culos de at\u00e9 <\/span><b><span class=\"math-inline\" data-math=\"16 \\text{ cm}\">16 cm<\/span><\/b><span class=\"citation-313 citation-end-313\">\u00a0alto.<\/span><\/li>\n<li><span class=\"citation-312\">Apresenta um <\/span><b><span class=\"citation-312\">Sistema de acompanhamento lateral inteligente (ISS 2.0)<\/span><\/b><span class=\"citation-312 citation-end-312\"> para rastreamento aut\u00f4nomo preciso e melhor preven\u00e7\u00e3o de obst\u00e1culos.<\/span><\/li>\n<\/ul>\n<\/li>\n<li><b>Resist\u00eancia estendida:<\/b><span class=\"citation-311\"> Vem de f\u00e1brica com o <\/span><b><span class=\"citation-311\">Bateria inteligente de longa dura\u00e7\u00e3o de 15.000 mAh<\/span><\/b><span class=\"citation-311\">, proporcionando um tempo de opera\u00e7\u00e3o de aproximadamente <\/span><b><span class=\"citation-311\">2\u20134 horas<\/span><\/b><span class=\"citation-311\">, junto com um <\/span><b><span class=\"citation-311\">carregador r\u00e1pido<\/span><\/b><span class=\"citation-311 citation-end-311\">.<\/span><\/li>\n<li><b><span class=\"citation-310\">Integra\u00e7\u00e3o Educacional:<\/span><\/b><span class=\"citation-310 citation-end-310\"> Projetado para sala de aula e laborat\u00f3rio, oferece suporte a uma variedade de linguagens de codifica\u00e7\u00e3o (Python, C++, codifica\u00e7\u00e3o em blocos) e oferece um curr\u00edculo pronto para uso por meio de parceiros como a DroneBlocks.<\/span><\/li>\n<\/ul>\n<p><span class=\"citation-309 citation-end-309\">O Go2 EDU Standard (40 TOPS) \u00e9 a principal escolha para universidades, laborat\u00f3rios de pesquisa e programas avan\u00e7ados do ensino m\u00e9dio que buscam uma plataforma robusta e preparada para o futuro, capaz de preencher a lacuna entre a imagina\u00e7\u00e3o e a aplica\u00e7\u00e3o pr\u00e1tica de IA e rob\u00f3tica.<\/span><\/p>","protected":false},"excerpt":{"rendered":"<p><span class=\"citation-323\">O <\/span><b><span class=\"citation-323\">Unitree Go2 EDU Standard (40 TOPS em computa\u00e7\u00e3o)<\/span><\/b><span class=\"citation-323 citation-end-323\"> \u00e9 um rob\u00f4 quadr\u00fapede inteligente e altamente avan\u00e7ado, projetado como uma plataforma vers\u00e1til para educa\u00e7\u00e3o, pesquisa e desenvolvimento de rob\u00f3tica de alto n\u00edvel.<\/span><\/p>\n<p><span class=\"citation-322 citation-end-322\">Este modelo \u00e9 um divisor de \u00e1guas para institui\u00e7\u00f5es e pesquisadores que buscam explorar IA, sistemas aut\u00f4nomos e mecatr\u00f4nica, oferecendo uma combina\u00e7\u00e3o excepcional de hardware sofisticado e acesso total \u00e0 programa\u00e7\u00e3o.<\/span><\/p>","protected":false},"featured_media":21221,"comment_status":"open","ping_status":"closed","template":"","meta":[],"product_brand":[1087],"product_cat":[1039,1037,1085],"product_tag":[1088,1089,1090],"class_list":{"0":"post-21218","1":"product","2":"type-product","3":"status-publish","4":"has-post-thumbnail","6":"product_brand-unitree","7":"product_cat-quadruped","8":"product_cat-robotics","9":"product_cat-unitree-quad-robots","10":"product_tag-unitree","11":"product_tag-unitree-quadruped","12":"product_tag-unitree-quadruped-robots","14":"first","15":"onbackorder","16":"taxable","17":"shipping-taxable","18":"purchasable","19":"product-type-simple"},"yoast_head":"<!-- This site is optimized with the Yoast SEO plugin v27.4 - https:\/\/yoast.com\/product\/yoast-seo-wordpress\/ -->\n<title>Unitree Go2 EDU Standard (40 Tops computing) - Ghostysky<\/title>\n<meta name=\"description\" content=\"The Unitree Go2 EDU Standard (40 TOPS computing) is a highly advanced, intelligent quadruped robot designed as a versatile platform for high-level robotics education, research, and development.This model is a game-changer for institutions and researchers looking to explore AI, autonomous systems, and mechatronics, offering an exceptional blend of sophisticated hardware and full programming access.\" \/>\n<meta name=\"robots\" content=\"index, follow, max-snippet:-1, max-image-preview:large, max-video-preview:-1\" \/>\n<link rel=\"canonical\" href=\"https:\/\/www.ghostysky.com\/pt\/produto-2\/unitree-go2-edu-standard-40-tops-computing\/\" \/>\n<meta property=\"og:locale\" content=\"pt_PT\" \/>\n<meta property=\"og:type\" content=\"article\" \/>\n<meta property=\"og:title\" content=\"Unitree Go2 EDU Standard (40 Tops computing) - Ghostysky\" \/>\n<meta property=\"og:description\" content=\"The Unitree Go2 EDU Standard (40 TOPS computing) is a highly advanced, intelligent quadruped robot designed as a versatile platform for high-level robotics education, research, and development.This model is a game-changer for institutions and researchers looking to explore AI, autonomous systems, and mechatronics, offering an exceptional blend of sophisticated hardware and full programming access.\" \/>\n<meta property=\"og:url\" content=\"https:\/\/www.ghostysky.com\/pt\/produto-2\/unitree-go2-edu-standard-40-tops-computing\/\" \/>\n<meta property=\"og:site_name\" content=\"Ghostysky\" \/>\n<meta property=\"article:publisher\" content=\"https:\/\/www.facebook.com\/people\/Ghostysky\/100057676170234\/\" \/>\n<meta property=\"article:modified_time\" content=\"2026-04-13T14:17:39+00:00\" \/>\n<meta property=\"og:image\" content=\"https:\/\/www.ghostysky.com\/wp-content\/uploads\/2025\/10\/GH_Unitree_GO2_EDU_1.webp\" \/>\n\t<meta property=\"og:image:width\" content=\"800\" \/>\n\t<meta property=\"og:image:height\" content=\"800\" \/>\n\t<meta property=\"og:image:type\" content=\"image\/webp\" \/>\n<meta name=\"twitter:card\" content=\"summary_large_image\" \/>\n<meta name=\"twitter:site\" content=\"@Gh0stysky\" \/>\n<meta name=\"twitter:label1\" content=\"Tempo estimado de leitura\" \/>\n\t<meta name=\"twitter:data1\" content=\"2 minutos\" \/>\n<script type=\"application\/ld+json\" class=\"yoast-schema-graph\">{\"@context\":\"https:\\\/\\\/schema.org\",\"@graph\":[{\"@type\":\"WebPage\",\"@id\":\"https:\\\/\\\/www.ghostysky.com\\\/product\\\/unitree-go2-edu-standard-40-tops-computing\\\/\",\"url\":\"https:\\\/\\\/www.ghostysky.com\\\/product\\\/unitree-go2-edu-standard-40-tops-computing\\\/\",\"name\":\"Unitree Go2 EDU Standard (40 Tops computing) - Ghostysky\",\"isPartOf\":{\"@id\":\"https:\\\/\\\/www.ghostysky.com\\\/#website\"},\"primaryImageOfPage\":{\"@id\":\"https:\\\/\\\/www.ghostysky.com\\\/product\\\/unitree-go2-edu-standard-40-tops-computing\\\/#primaryimage\"},\"image\":{\"@id\":\"https:\\\/\\\/www.ghostysky.com\\\/product\\\/unitree-go2-edu-standard-40-tops-computing\\\/#primaryimage\"},\"thumbnailUrl\":\"https:\\\/\\\/www.ghostysky.com\\\/wp-content\\\/uploads\\\/2025\\\/10\\\/GH_Unitree_GO2_EDU_1.webp\",\"datePublished\":\"2025-10-16T04:54:50+00:00\",\"dateModified\":\"2026-04-13T14:17:39+00:00\",\"description\":\"The Unitree Go2 EDU Standard (40 TOPS computing) is a highly advanced, intelligent quadruped robot designed as a versatile platform for high-level robotics education, research, and development.This model is a game-changer for institutions and researchers looking to explore AI, autonomous systems, and mechatronics, offering an exceptional blend of sophisticated hardware and full programming access.\",\"breadcrumb\":{\"@id\":\"https:\\\/\\\/www.ghostysky.com\\\/product\\\/unitree-go2-edu-standard-40-tops-computing\\\/#breadcrumb\"},\"inLanguage\":\"pt-PT\",\"potentialAction\":[{\"@type\":\"ReadAction\",\"target\":[\"https:\\\/\\\/www.ghostysky.com\\\/product\\\/unitree-go2-edu-standard-40-tops-computing\\\/\"]}]},{\"@type\":\"ImageObject\",\"inLanguage\":\"pt-PT\",\"@id\":\"https:\\\/\\\/www.ghostysky.com\\\/product\\\/unitree-go2-edu-standard-40-tops-computing\\\/#primaryimage\",\"url\":\"https:\\\/\\\/www.ghostysky.com\\\/wp-content\\\/uploads\\\/2025\\\/10\\\/GH_Unitree_GO2_EDU_1.webp\",\"contentUrl\":\"https:\\\/\\\/www.ghostysky.com\\\/wp-content\\\/uploads\\\/2025\\\/10\\\/GH_Unitree_GO2_EDU_1.webp\",\"width\":800,\"height\":800},{\"@type\":\"BreadcrumbList\",\"@id\":\"https:\\\/\\\/www.ghostysky.com\\\/product\\\/unitree-go2-edu-standard-40-tops-computing\\\/#breadcrumb\",\"itemListElement\":[{\"@type\":\"ListItem\",\"position\":1,\"name\":\"Home\",\"item\":\"https:\\\/\\\/www.ghostysky.com\\\/\"},{\"@type\":\"ListItem\",\"position\":2,\"name\":\"Shop\",\"item\":\"https:\\\/\\\/www.ghostysky.com\\\/shop\\\/\"},{\"@type\":\"ListItem\",\"position\":3,\"name\":\"Unitree Go2 EDU Standard (40 Tops computing)\"}]},{\"@type\":\"WebSite\",\"@id\":\"https:\\\/\\\/www.ghostysky.com\\\/#website\",\"url\":\"https:\\\/\\\/www.ghostysky.com\\\/\",\"name\":\"Ghostysky\",\"description\":\"Delivering professional drones and robotics solutions\",\"publisher\":{\"@id\":\"https:\\\/\\\/www.ghostysky.com\\\/#organization\"},\"potentialAction\":[{\"@type\":\"SearchAction\",\"target\":{\"@type\":\"EntryPoint\",\"urlTemplate\":\"https:\\\/\\\/www.ghostysky.com\\\/?s={search_term_string}\"},\"query-input\":{\"@type\":\"PropertyValueSpecification\",\"valueRequired\":true,\"valueName\":\"search_term_string\"}}],\"inLanguage\":\"pt-PT\"},{\"@type\":\"Organization\",\"@id\":\"https:\\\/\\\/www.ghostysky.com\\\/#organization\",\"name\":\"Ghostysky\",\"url\":\"https:\\\/\\\/www.ghostysky.com\\\/\",\"logo\":{\"@type\":\"ImageObject\",\"inLanguage\":\"pt-PT\",\"@id\":\"https:\\\/\\\/www.ghostysky.com\\\/#\\\/schema\\\/logo\\\/image\\\/\",\"url\":\"https:\\\/\\\/www.ghostysky.com\\\/wp-content\\\/uploads\\\/2020\\\/06\\\/cropped-ghostyskylogo_text_white2.png\",\"contentUrl\":\"https:\\\/\\\/www.ghostysky.com\\\/wp-content\\\/uploads\\\/2020\\\/06\\\/cropped-ghostyskylogo_text_white2.png\",\"width\":169,\"height\":56,\"caption\":\"Ghostysky\"},\"image\":{\"@id\":\"https:\\\/\\\/www.ghostysky.com\\\/#\\\/schema\\\/logo\\\/image\\\/\"},\"sameAs\":[\"https:\\\/\\\/www.facebook.com\\\/people\\\/Ghostysky\\\/100057676170234\\\/\",\"https:\\\/\\\/x.com\\\/Gh0stysky\",\"https:\\\/\\\/www.linkedin.com\\\/company\\\/34739653\",\"https:\\\/\\\/www.instagram.com\\\/gh0stysky\"]}]}<\/script>\n<!-- \/ Yoast SEO plugin. -->","yoast_head_json":{"title":"Unitree Go2 EDU Standard (40 Tops computing) - Ghostysky","description":"O Unitree Go2 EDU Standard (com capacidade computacional de 40 TOPS) \u00e9 um rob\u00f4 quadr\u00fapede altamente avan\u00e7ado e inteligente, projetado como uma plataforma vers\u00e1til para educa\u00e7\u00e3o, pesquisa e desenvolvimento em rob\u00f3tica de alto n\u00edvel. Este modelo representa uma mudan\u00e7a radical para institui\u00e7\u00f5es e pesquisadores que buscam explorar intelig\u00eancia artificial, sistemas aut\u00f4nomos e mecatr\u00f4nica, oferecendo uma combina\u00e7\u00e3o excepcional de hardware sofisticado e acesso completo \u00e0 programa\u00e7\u00e3o.","robots":{"index":"index","follow":"follow","max-snippet":"max-snippet:-1","max-image-preview":"max-image-preview:large","max-video-preview":"max-video-preview:-1"},"canonical":"https:\/\/www.ghostysky.com\/pt\/produto-2\/unitree-go2-edu-standard-40-tops-computing\/","og_locale":"pt_PT","og_type":"article","og_title":"Unitree Go2 EDU Standard (40 Tops computing) - Ghostysky","og_description":"The Unitree Go2 EDU Standard (40 TOPS computing) is a highly advanced, intelligent quadruped robot designed as a versatile platform for high-level robotics education, research, and development.This model is a game-changer for institutions and researchers looking to explore AI, autonomous systems, and mechatronics, offering an exceptional blend of sophisticated hardware and full programming access.","og_url":"https:\/\/www.ghostysky.com\/pt\/produto-2\/unitree-go2-edu-standard-40-tops-computing\/","og_site_name":"Ghostysky","article_publisher":"https:\/\/www.facebook.com\/people\/Ghostysky\/100057676170234\/","article_modified_time":"2026-04-13T14:17:39+00:00","og_image":[{"width":800,"height":800,"url":"https:\/\/www.ghostysky.com\/wp-content\/uploads\/2025\/10\/GH_Unitree_GO2_EDU_1.webp","type":"image\/webp"}],"twitter_card":"summary_large_image","twitter_site":"@Gh0stysky","twitter_misc":{"Tempo estimado de leitura":"2 minutos"},"schema":{"@context":"https:\/\/schema.org","@graph":[{"@type":"WebPage","@id":"https:\/\/www.ghostysky.com\/product\/unitree-go2-edu-standard-40-tops-computing\/","url":"https:\/\/www.ghostysky.com\/product\/unitree-go2-edu-standard-40-tops-computing\/","name":"Unitree Go2 EDU Standard (40 Tops computing) - Ghostysky","isPartOf":{"@id":"https:\/\/www.ghostysky.com\/#website"},"primaryImageOfPage":{"@id":"https:\/\/www.ghostysky.com\/product\/unitree-go2-edu-standard-40-tops-computing\/#primaryimage"},"image":{"@id":"https:\/\/www.ghostysky.com\/product\/unitree-go2-edu-standard-40-tops-computing\/#primaryimage"},"thumbnailUrl":"https:\/\/www.ghostysky.com\/wp-content\/uploads\/2025\/10\/GH_Unitree_GO2_EDU_1.webp","datePublished":"2025-10-16T04:54:50+00:00","dateModified":"2026-04-13T14:17:39+00:00","description":"O Unitree Go2 EDU Standard (com capacidade computacional de 40 TOPS) \u00e9 um rob\u00f4 quadr\u00fapede altamente avan\u00e7ado e inteligente, projetado como uma plataforma vers\u00e1til para educa\u00e7\u00e3o, pesquisa e desenvolvimento em rob\u00f3tica de alto n\u00edvel. Este modelo representa uma mudan\u00e7a radical para institui\u00e7\u00f5es e pesquisadores que buscam explorar intelig\u00eancia artificial, sistemas aut\u00f4nomos e mecatr\u00f4nica, oferecendo uma combina\u00e7\u00e3o excepcional de hardware sofisticado e acesso completo \u00e0 programa\u00e7\u00e3o.","breadcrumb":{"@id":"https:\/\/www.ghostysky.com\/product\/unitree-go2-edu-standard-40-tops-computing\/#breadcrumb"},"inLanguage":"pt-PT","potentialAction":[{"@type":"ReadAction","target":["https:\/\/www.ghostysky.com\/product\/unitree-go2-edu-standard-40-tops-computing\/"]}]},{"@type":"ImageObject","inLanguage":"pt-PT","@id":"https:\/\/www.ghostysky.com\/product\/unitree-go2-edu-standard-40-tops-computing\/#primaryimage","url":"https:\/\/www.ghostysky.com\/wp-content\/uploads\/2025\/10\/GH_Unitree_GO2_EDU_1.webp","contentUrl":"https:\/\/www.ghostysky.com\/wp-content\/uploads\/2025\/10\/GH_Unitree_GO2_EDU_1.webp","width":800,"height":800},{"@type":"BreadcrumbList","@id":"https:\/\/www.ghostysky.com\/product\/unitree-go2-edu-standard-40-tops-computing\/#breadcrumb","itemListElement":[{"@type":"ListItem","position":1,"name":"Home","item":"https:\/\/www.ghostysky.com\/"},{"@type":"ListItem","position":2,"name":"Shop","item":"https:\/\/www.ghostysky.com\/shop\/"},{"@type":"ListItem","position":3,"name":"Unitree Go2 EDU Standard (40 Tops computing)"}]},{"@type":"WebSite","@id":"https:\/\/www.ghostysky.com\/#website","url":"https:\/\/www.ghostysky.com\/","name":"Ghostysky","description":"Fornecendo solu\u00e7\u00f5es profissionais em drones e rob\u00f3tica.","publisher":{"@id":"https:\/\/www.ghostysky.com\/#organization"},"potentialAction":[{"@type":"SearchAction","target":{"@type":"EntryPoint","urlTemplate":"https:\/\/www.ghostysky.com\/?s={search_term_string}"},"query-input":{"@type":"PropertyValueSpecification","valueRequired":true,"valueName":"search_term_string"}}],"inLanguage":"pt-PT"},{"@type":"Organization","@id":"https:\/\/www.ghostysky.com\/#organization","name":"Ghostysky","url":"https:\/\/www.ghostysky.com\/","logo":{"@type":"ImageObject","inLanguage":"pt-PT","@id":"https:\/\/www.ghostysky.com\/#\/schema\/logo\/image\/","url":"https:\/\/www.ghostysky.com\/wp-content\/uploads\/2020\/06\/cropped-ghostyskylogo_text_white2.png","contentUrl":"https:\/\/www.ghostysky.com\/wp-content\/uploads\/2020\/06\/cropped-ghostyskylogo_text_white2.png","width":169,"height":56,"caption":"Ghostysky"},"image":{"@id":"https:\/\/www.ghostysky.com\/#\/schema\/logo\/image\/"},"sameAs":["https:\/\/www.facebook.com\/people\/Ghostysky\/100057676170234\/","https:\/\/x.com\/Gh0stysky","https:\/\/www.linkedin.com\/company\/34739653","https:\/\/www.instagram.com\/gh0stysky"]}]}},"_links":{"self":[{"href":"https:\/\/www.ghostysky.com\/pt\/wp-json\/wp\/v2\/product\/21218","targetHints":{"allow":["GET"]}}],"collection":[{"href":"https:\/\/www.ghostysky.com\/pt\/wp-json\/wp\/v2\/product"}],"about":[{"href":"https:\/\/www.ghostysky.com\/pt\/wp-json\/wp\/v2\/types\/product"}],"replies":[{"embeddable":true,"href":"https:\/\/www.ghostysky.com\/pt\/wp-json\/wp\/v2\/comments?post=21218"}],"version-history":[{"count":1,"href":"https:\/\/www.ghostysky.com\/pt\/wp-json\/wp\/v2\/product\/21218\/revisions"}],"predecessor-version":[{"id":25265,"href":"https:\/\/www.ghostysky.com\/pt\/wp-json\/wp\/v2\/product\/21218\/revisions\/25265"}],"wp:featuredmedia":[{"embeddable":true,"href":"https:\/\/www.ghostysky.com\/pt\/wp-json\/wp\/v2\/media\/21221"}],"wp:attachment":[{"href":"https:\/\/www.ghostysky.com\/pt\/wp-json\/wp\/v2\/media?parent=21218"}],"wp:term":[{"taxonomy":"product_brand","embeddable":true,"href":"https:\/\/www.ghostysky.com\/pt\/wp-json\/wp\/v2\/product_brand?post=21218"},{"taxonomy":"product_cat","embeddable":true,"href":"https:\/\/www.ghostysky.com\/pt\/wp-json\/wp\/v2\/product_cat?post=21218"},{"taxonomy":"product_tag","embeddable":true,"href":"https:\/\/www.ghostysky.com\/pt\/wp-json\/wp\/v2\/product_tag?post=21218"}],"curies":[{"name":"wp","href":"https:\/\/api.w.org\/{rel}","templated":true}]}}