{"id":21229,"date":"2025-10-16T05:16:29","date_gmt":"2025-10-16T05:16:29","guid":{"rendered":"https:\/\/www.ghostysky.com\/?post_type=product&#038;p=21229"},"modified":"2026-02-05T11:10:28","modified_gmt":"2026-02-05T11:10:28","slug":"unitree-go2-edu-plus-xt16-lidar","status":"publish","type":"product","link":"https:\/\/www.ghostysky.com\/pt\/product\/unitree-go2-edu-plus-xt16-lidar\/","title":{"rendered":"Unitree Go2 EDU Plus (XT16 LiDAR)"},"content":{"rendered":"<h3><b>Principais recursos e capacidades<\/b><\/h3>\n<ul>\n<li><b>Poder de computa\u00e7\u00e3o excepcional:<\/b><span class=\"citation-456\"> A vers\u00e3o EDU Plus est\u00e1 equipada com um potente <\/span><b><span class=\"citation-456\">100 TOPS (NVIDIA Orin NX)<\/span><\/b><span class=\"citation-456 citation-end-456\"> m\u00f3dulo de computa\u00e7\u00e3o, fornecendo recursos robustos de megacomputa\u00e7\u00e3o para algoritmos avan\u00e7ados de IA e tarefas computacionais complexas.<\/span><\/li>\n<li><b><span class=\"citation-455\">Hesai XT16 3D LiDAR:<\/span><\/b><span class=\"citation-455 citation-end-455\"> Esta configura\u00e7\u00e3o inclui o Hesai XT16 Spinning LiDAR de alta precis\u00e3o e m\u00e9dio alcance, que melhora significativamente a consci\u00eancia espacial do rob\u00f4.<\/span>\u00a0<span class=\"citation-454 citation-end-454\">Oferece um <\/span><b><span class=\"math-inline\" data-math=\"360^\\circ\">360\u00ba<\/span><span class=\"citation-453\"> horizontal<\/span><\/b><span class=\"citation-453 citation-end-453\"> e <\/span><b><span class=\"math-inline\" data-math=\"30^\\circ\">30\u00ba<\/span><span class=\"citation-452\"> vertical<\/span><\/b><span class=\"citation-452\"> Campo de vis\u00e3o (FoV) com uma faixa de detec\u00e7\u00e3o de <\/span><b><span class=\"citation-452\">0,05 m at\u00e9 120 m<\/span><\/b><span class=\"citation-452 citation-end-452\">, permitindo mapeamento ambiental altamente preciso e detec\u00e7\u00e3o de obst\u00e1culos.<\/span><\/li>\n<li><b><span class=\"citation-451\">Navega\u00e7\u00e3o e Percep\u00e7\u00e3o Avan\u00e7adas:<\/span><\/b><span class=\"citation-451\"> Al\u00e9m do XT16, ele apresenta o desenvolvimento pr\u00f3prio da Unitree <\/span><b><span class=\"citation-451\">4D LiDAR L1<\/span><\/b><span class=\"citation-451 citation-end-451\"> para <\/span><b><span class=\"math-inline\" data-math=\"360^\\circ \\times 90^\\circ\">360\u00ba x 90\u00ba<\/span><span class=\"citation-450\"> reconhecimento ultra-amplo e todo-terreno<\/span><\/b><span class=\"citation-450 citation-end-450\">, minimizando pontos cegos.<sup class=\"superscript\" data-turn-source-index=\"8\">8<\/sup><\/span> <span class=\"citation-449\">Esta configura\u00e7\u00e3o dual-LiDAR permite <\/span><b><span class=\"citation-449\">Mapeamento LiDAR 3D<\/span><\/b><span class=\"citation-449 citation-end-449\"> e a cria\u00e7\u00e3o de mapas detalhados de nuvens de pontos para definir caminhos de movimento aut\u00f4nomo.<\/span><\/li>\n<li><b><span class=\"citation-448\">Sistema de acompanhamento lateral inteligente (ISS 2.0):<\/span><\/b><span class=\"citation-448\"> A tecnologia de posicionamento vetorial sem fio atualizada melhora a precis\u00e3o do posicionamento por <\/span><b><span class=\"citation-448\">50%<\/span><\/b><span class=\"citation-448\"> e estende a dist\u00e2ncia do controle remoto al\u00e9m <\/span><b><span class=\"citation-448\">30 metros<\/span><\/b><span class=\"citation-448 citation-end-448\">, otimizando a preven\u00e7\u00e3o de obst\u00e1culos e a navega\u00e7\u00e3o est\u00e1vel em ambientes complexos.<\/span><\/li>\n<li><b>Desempenho de rob\u00f3tica de ponta:<\/b>\n<ul>\n<li><b>Velocidade:<\/b><span class=\"citation-447\"> Velocidade m\u00e1xima de corrida de aproximadamente <\/span><b><span class=\"citation-447\">3,7 m\/s<\/span><\/b><span class=\"citation-447 citation-end-447\"> (limite de at\u00e9 5 m\/s).<\/span><\/li>\n<li><b>Resist\u00eancia:<\/b><span class=\"citation-446\"> Apresenta um <\/span><b><span class=\"citation-446\">Bateria inteligente de ultra longa dura\u00e7\u00e3o de 15.000 mAh<\/span><\/b><span class=\"citation-446\"> fornecendo aproximadamente <\/span><b><span class=\"citation-446\">2-4 horas<\/span><\/b><span class=\"citation-446 citation-end-446\"> de opera\u00e7\u00e3o.<\/span><\/li>\n<li><b>Carga \u00fatil:<\/b><span class=\"citation-445 citation-end-445\"> Capaz de transportar uma carga \u00fatil cont\u00ednua de at\u00e9\u00a0<\/span><b><span class=\"math-inline\" data-math=\"\\approx 8\">aproximadamente 8<\/span><span class=\"citation-444 citation-end-444\"> kg (m\u00e1x. <\/span><span class=\"math-inline\" data-math=\"\\approx 12\">aproximadamente 12<\/span><span class=\"citation-443\">\u00a0kg)<\/span><\/b><span class=\"citation-443 citation-end-443\">.<\/span><\/li>\n<li><b>Agilidade:<\/b><span class=\"citation-442\"> Beneficia de um extenso treinamento de simula\u00e7\u00e3o de IA, permitindo-lhe realizar movimentos complexos e est\u00e1veis, como caminhar de cabe\u00e7a para baixo, rolar adapt\u00e1vel e escalar obst\u00e1culos de at\u00e9 <\/span><b><span class=\"citation-442\">16 cm<\/span><\/b><span class=\"citation-442 citation-end-442\"> alto.<\/span><\/li>\n<\/ul>\n<\/li>\n<li><b>Desenvolvimento e Conectividade:<\/b>\n<ul>\n<li><span class=\"citation-441\">Completo <\/span><b><span class=\"citation-441\">apoio ao desenvolvimento secund\u00e1rio<\/span><\/b><span class=\"citation-441\"> com compatibilidade para <\/span><b><span class=\"citation-441\">ROS, Python, C++,<\/span><\/b><span class=\"citation-441 citation-end-441\"> e programa\u00e7\u00e3o gr\u00e1fica.<\/span><\/li>\n<li><span class=\"citation-440\">Inclui um <\/span><b><span class=\"citation-440\">Esta\u00e7\u00e3o de ancoragem<\/span><\/b><span class=\"citation-440 citation-end-440\"> com portas de E\/S extras para expans\u00e3o.<\/span><\/li>\n<li><span class=\"citation-439\">A conectividade inclui <\/span><b><span class=\"citation-439\">Wi-Fi 6<\/span><\/b><span class=\"citation-439\">, <\/span><b><span class=\"citation-439\">Bluetooth 5.2<\/span><\/b><span class=\"citation-439\">, e um <\/span><b><span class=\"citation-439\">m\u00f3dulo 4G integrado<\/span><\/b><span class=\"citation-439 citation-end-439\"> para conex\u00f5es est\u00e1veis e monitoramento remoto em tempo real por meio de um aplicativo.<\/span><\/li>\n<li><span class=\"citation-438\">Suportes <\/span><b><span class=\"citation-438\">Atualiza\u00e7\u00f5es via r\u00e1dio (OTA)<\/span><\/b><span class=\"citation-438 citation-end-438\"> para melhorias cont\u00ednuas de software e desempenho.<\/span><\/li>\n<\/ul>\n<\/li>\n<\/ul>\n<p><span class=\"citation-437 citation-end-437\">Esta configura\u00e7\u00e3o \u00e9 uma ferramenta ideal para pesquisadores e estudantes que est\u00e3o expandindo os limites da navega\u00e7\u00e3o aut\u00f4noma, vis\u00e3o computacional e rob\u00f3tica de IA avan\u00e7ada.<\/span><\/p>","protected":false},"excerpt":{"rendered":"<p>O Unitree Go2 EDU Plus (XT16 LiDAR) \u00e9 um rob\u00f4 quadr\u00fapede inteligente de alto desempenho, projetado como a plataforma definitiva para pesquisa avan\u00e7ada, educa\u00e7\u00e3o em rob\u00f3tica e projetos de desenvolvimento complexos.<\/p>","protected":false},"featured_media":21221,"comment_status":"open","ping_status":"closed","template":"","meta":[],"product_brand":[1087],"product_cat":[1039,1037,1085],"product_tag":[1088,1092,1089,1090],"class_list":{"0":"post-21229","1":"product","2":"type-product","3":"status-publish","4":"has-post-thumbnail","6":"product_brand-unitree","7":"product_cat-quadruped","8":"product_cat-robotics","9":"product_cat-unitree-quad-robots","10":"product_tag-unitree","11":"product_tag-unitree-go2-series","12":"product_tag-unitree-quadruped","13":"product_tag-unitree-quadruped-robots","15":"first","16":"onbackorder","17":"taxable","18":"shipping-taxable","19":"purchasable","20":"product-type-simple"},"yoast_head":"<!-- This site is optimized with the Yoast SEO plugin v27.1.1 - https:\/\/yoast.com\/product\/yoast-seo-wordpress\/ -->\n<title>Unitree Go2 EDU Plus (XT16 LiDAR) - Ghostysky<\/title>\n<meta name=\"description\" content=\"The Unitree Go2 EDU Plus (XT16 LiDAR) is a high-performance, intelligent quadruped robot designed as the ultimate platform for advanced research, robotics education, and complex development projects.\" \/>\n<meta name=\"robots\" content=\"index, follow, max-snippet:-1, max-image-preview:large, max-video-preview:-1\" \/>\n<link rel=\"canonical\" href=\"https:\/\/www.ghostysky.com\/pt\/produto-2\/unitree-go2-edu-plus-xt16-lidar\/\" \/>\n<meta property=\"og:locale\" content=\"pt_PT\" \/>\n<meta property=\"og:type\" content=\"article\" \/>\n<meta property=\"og:title\" content=\"Unitree Go2 EDU Plus (XT16 LiDAR) - Ghostysky\" \/>\n<meta property=\"og:description\" content=\"The Unitree Go2 EDU Plus (XT16 LiDAR) is a high-performance, intelligent quadruped robot designed as the ultimate platform for advanced research, robotics education, and complex development projects.\" \/>\n<meta property=\"og:url\" content=\"https:\/\/www.ghostysky.com\/pt\/produto-2\/unitree-go2-edu-plus-xt16-lidar\/\" \/>\n<meta property=\"og:site_name\" content=\"Ghostysky\" \/>\n<meta property=\"article:publisher\" content=\"https:\/\/www.facebook.com\/people\/Ghostysky\/100057676170234\/\" \/>\n<meta property=\"article:modified_time\" content=\"2026-02-05T11:10:28+00:00\" \/>\n<meta property=\"og:image\" content=\"https:\/\/www.ghostysky.com\/wp-content\/uploads\/2025\/10\/GH_Unitree_GO2_EDU_1.webp\" \/>\n\t<meta property=\"og:image:width\" content=\"800\" \/>\n\t<meta property=\"og:image:height\" content=\"800\" \/>\n\t<meta property=\"og:image:type\" content=\"image\/webp\" \/>\n<meta name=\"twitter:card\" content=\"summary_large_image\" \/>\n<meta name=\"twitter:site\" content=\"@Gh0stysky\" \/>\n<meta name=\"twitter:label1\" content=\"Tempo estimado de leitura\" \/>\n\t<meta name=\"twitter:data1\" content=\"2 minutos\" \/>\n<script type=\"application\/ld+json\" class=\"yoast-schema-graph\">{\"@context\":\"https:\/\/schema.org\",\"@graph\":[{\"@type\":\"WebPage\",\"@id\":\"https:\/\/www.ghostysky.com\/product\/unitree-go2-edu-plus-xt16-lidar\/\",\"url\":\"https:\/\/www.ghostysky.com\/product\/unitree-go2-edu-plus-xt16-lidar\/\",\"name\":\"Unitree Go2 EDU Plus (XT16 LiDAR) - Ghostysky\",\"isPartOf\":{\"@id\":\"https:\/\/www.ghostysky.com\/#website\"},\"primaryImageOfPage\":{\"@id\":\"https:\/\/www.ghostysky.com\/product\/unitree-go2-edu-plus-xt16-lidar\/#primaryimage\"},\"image\":{\"@id\":\"https:\/\/www.ghostysky.com\/product\/unitree-go2-edu-plus-xt16-lidar\/#primaryimage\"},\"thumbnailUrl\":\"https:\/\/www.ghostysky.com\/wp-content\/uploads\/2025\/10\/GH_Unitree_GO2_EDU_1.webp\",\"datePublished\":\"2025-10-16T05:16:29+00:00\",\"dateModified\":\"2026-02-05T11:10:28+00:00\",\"description\":\"The Unitree Go2 EDU Plus (XT16 LiDAR) is a high-performance, intelligent quadruped robot designed as the ultimate platform for advanced research, robotics education, and complex development projects.\",\"breadcrumb\":{\"@id\":\"https:\/\/www.ghostysky.com\/product\/unitree-go2-edu-plus-xt16-lidar\/#breadcrumb\"},\"inLanguage\":\"pt-PT\",\"potentialAction\":[{\"@type\":\"ReadAction\",\"target\":[\"https:\/\/www.ghostysky.com\/product\/unitree-go2-edu-plus-xt16-lidar\/\"]}]},{\"@type\":\"ImageObject\",\"inLanguage\":\"pt-PT\",\"@id\":\"https:\/\/www.ghostysky.com\/product\/unitree-go2-edu-plus-xt16-lidar\/#primaryimage\",\"url\":\"https:\/\/www.ghostysky.com\/wp-content\/uploads\/2025\/10\/GH_Unitree_GO2_EDU_1.webp\",\"contentUrl\":\"https:\/\/www.ghostysky.com\/wp-content\/uploads\/2025\/10\/GH_Unitree_GO2_EDU_1.webp\",\"width\":800,\"height\":800},{\"@type\":\"BreadcrumbList\",\"@id\":\"https:\/\/www.ghostysky.com\/product\/unitree-go2-edu-plus-xt16-lidar\/#breadcrumb\",\"itemListElement\":[{\"@type\":\"ListItem\",\"position\":1,\"name\":\"Home\",\"item\":\"https:\/\/www.ghostysky.com\/\"},{\"@type\":\"ListItem\",\"position\":2,\"name\":\"Shop\",\"item\":\"https:\/\/www.ghostysky.com\/shop\/\"},{\"@type\":\"ListItem\",\"position\":3,\"name\":\"Unitree Go2 EDU Plus (XT16 LiDAR)\"}]},{\"@type\":\"WebSite\",\"@id\":\"https:\/\/www.ghostysky.com\/#website\",\"url\":\"https:\/\/www.ghostysky.com\/\",\"name\":\"Ghostysky\",\"description\":\"Delivering professional drones and services\",\"publisher\":{\"@id\":\"https:\/\/www.ghostysky.com\/#organization\"},\"potentialAction\":[{\"@type\":\"SearchAction\",\"target\":{\"@type\":\"EntryPoint\",\"urlTemplate\":\"https:\/\/www.ghostysky.com\/?s={search_term_string}\"},\"query-input\":{\"@type\":\"PropertyValueSpecification\",\"valueRequired\":true,\"valueName\":\"search_term_string\"}}],\"inLanguage\":\"pt-PT\"},{\"@type\":\"Organization\",\"@id\":\"https:\/\/www.ghostysky.com\/#organization\",\"name\":\"Ghostysky\",\"url\":\"https:\/\/www.ghostysky.com\/\",\"logo\":{\"@type\":\"ImageObject\",\"inLanguage\":\"pt-PT\",\"@id\":\"https:\/\/www.ghostysky.com\/#\/schema\/logo\/image\/\",\"url\":\"https:\/\/www.ghostysky.com\/wp-content\/uploads\/2020\/06\/cropped-ghostyskylogo_text_white2.png\",\"contentUrl\":\"https:\/\/www.ghostysky.com\/wp-content\/uploads\/2020\/06\/cropped-ghostyskylogo_text_white2.png\",\"width\":169,\"height\":56,\"caption\":\"Ghostysky\"},\"image\":{\"@id\":\"https:\/\/www.ghostysky.com\/#\/schema\/logo\/image\/\"},\"sameAs\":[\"https:\/\/www.facebook.com\/people\/Ghostysky\/100057676170234\/\",\"https:\/\/x.com\/Gh0stysky\",\"https:\/\/www.linkedin.com\/company\/34739653\",\"https:\/\/www.instagram.com\/gh0stysky\"]}]}<\/script>\n<!-- \/ Yoast SEO plugin. -->","yoast_head_json":{"title":"Unitree Go2 EDU Plus (XT16 LiDAR) - Ghostysky","description":"O Unitree Go2 EDU Plus (XT16 LiDAR) \u00e9 um rob\u00f4 quadr\u00fapede inteligente de alto desempenho, projetado como a plataforma definitiva para pesquisa avan\u00e7ada, educa\u00e7\u00e3o em rob\u00f3tica e projetos de desenvolvimento complexos.","robots":{"index":"index","follow":"follow","max-snippet":"max-snippet:-1","max-image-preview":"max-image-preview:large","max-video-preview":"max-video-preview:-1"},"canonical":"https:\/\/www.ghostysky.com\/pt\/produto-2\/unitree-go2-edu-plus-xt16-lidar\/","og_locale":"pt_PT","og_type":"article","og_title":"Unitree Go2 EDU Plus (XT16 LiDAR) - Ghostysky","og_description":"The Unitree Go2 EDU Plus (XT16 LiDAR) is a high-performance, intelligent quadruped robot designed as the ultimate platform for advanced research, robotics education, and complex development projects.","og_url":"https:\/\/www.ghostysky.com\/pt\/produto-2\/unitree-go2-edu-plus-xt16-lidar\/","og_site_name":"Ghostysky","article_publisher":"https:\/\/www.facebook.com\/people\/Ghostysky\/100057676170234\/","article_modified_time":"2026-02-05T11:10:28+00:00","og_image":[{"width":800,"height":800,"url":"https:\/\/www.ghostysky.com\/wp-content\/uploads\/2025\/10\/GH_Unitree_GO2_EDU_1.webp","type":"image\/webp"}],"twitter_card":"summary_large_image","twitter_site":"@Gh0stysky","twitter_misc":{"Tempo estimado de leitura":"2 minutos"},"schema":{"@context":"https:\/\/schema.org","@graph":[{"@type":"WebPage","@id":"https:\/\/www.ghostysky.com\/product\/unitree-go2-edu-plus-xt16-lidar\/","url":"https:\/\/www.ghostysky.com\/product\/unitree-go2-edu-plus-xt16-lidar\/","name":"Unitree Go2 EDU Plus (XT16 LiDAR) - Ghostysky","isPartOf":{"@id":"https:\/\/www.ghostysky.com\/#website"},"primaryImageOfPage":{"@id":"https:\/\/www.ghostysky.com\/product\/unitree-go2-edu-plus-xt16-lidar\/#primaryimage"},"image":{"@id":"https:\/\/www.ghostysky.com\/product\/unitree-go2-edu-plus-xt16-lidar\/#primaryimage"},"thumbnailUrl":"https:\/\/www.ghostysky.com\/wp-content\/uploads\/2025\/10\/GH_Unitree_GO2_EDU_1.webp","datePublished":"2025-10-16T05:16:29+00:00","dateModified":"2026-02-05T11:10:28+00:00","description":"O Unitree Go2 EDU Plus (XT16 LiDAR) \u00e9 um rob\u00f4 quadr\u00fapede inteligente de alto desempenho, projetado como a plataforma definitiva para pesquisa avan\u00e7ada, educa\u00e7\u00e3o em rob\u00f3tica e projetos de desenvolvimento complexos.","breadcrumb":{"@id":"https:\/\/www.ghostysky.com\/product\/unitree-go2-edu-plus-xt16-lidar\/#breadcrumb"},"inLanguage":"pt-PT","potentialAction":[{"@type":"ReadAction","target":["https:\/\/www.ghostysky.com\/product\/unitree-go2-edu-plus-xt16-lidar\/"]}]},{"@type":"ImageObject","inLanguage":"pt-PT","@id":"https:\/\/www.ghostysky.com\/product\/unitree-go2-edu-plus-xt16-lidar\/#primaryimage","url":"https:\/\/www.ghostysky.com\/wp-content\/uploads\/2025\/10\/GH_Unitree_GO2_EDU_1.webp","contentUrl":"https:\/\/www.ghostysky.com\/wp-content\/uploads\/2025\/10\/GH_Unitree_GO2_EDU_1.webp","width":800,"height":800},{"@type":"BreadcrumbList","@id":"https:\/\/www.ghostysky.com\/product\/unitree-go2-edu-plus-xt16-lidar\/#breadcrumb","itemListElement":[{"@type":"ListItem","position":1,"name":"Home","item":"https:\/\/www.ghostysky.com\/"},{"@type":"ListItem","position":2,"name":"Shop","item":"https:\/\/www.ghostysky.com\/shop\/"},{"@type":"ListItem","position":3,"name":"Unitree Go2 EDU Plus (XT16 LiDAR)"}]},{"@type":"WebSite","@id":"https:\/\/www.ghostysky.com\/#website","url":"https:\/\/www.ghostysky.com\/","name":"Ghostysky","description":"Fornecendo drones e servi\u00e7os profissionais","publisher":{"@id":"https:\/\/www.ghostysky.com\/#organization"},"potentialAction":[{"@type":"SearchAction","target":{"@type":"EntryPoint","urlTemplate":"https:\/\/www.ghostysky.com\/?s={search_term_string}"},"query-input":{"@type":"PropertyValueSpecification","valueRequired":true,"valueName":"search_term_string"}}],"inLanguage":"pt-PT"},{"@type":"Organization","@id":"https:\/\/www.ghostysky.com\/#organization","name":"Ghostysky","url":"https:\/\/www.ghostysky.com\/","logo":{"@type":"ImageObject","inLanguage":"pt-PT","@id":"https:\/\/www.ghostysky.com\/#\/schema\/logo\/image\/","url":"https:\/\/www.ghostysky.com\/wp-content\/uploads\/2020\/06\/cropped-ghostyskylogo_text_white2.png","contentUrl":"https:\/\/www.ghostysky.com\/wp-content\/uploads\/2020\/06\/cropped-ghostyskylogo_text_white2.png","width":169,"height":56,"caption":"Ghostysky"},"image":{"@id":"https:\/\/www.ghostysky.com\/#\/schema\/logo\/image\/"},"sameAs":["https:\/\/www.facebook.com\/people\/Ghostysky\/100057676170234\/","https:\/\/x.com\/Gh0stysky","https:\/\/www.linkedin.com\/company\/34739653","https:\/\/www.instagram.com\/gh0stysky"]}]}},"_links":{"self":[{"href":"https:\/\/www.ghostysky.com\/pt\/wp-json\/wp\/v2\/product\/21229","targetHints":{"allow":["GET"]}}],"collection":[{"href":"https:\/\/www.ghostysky.com\/pt\/wp-json\/wp\/v2\/product"}],"about":[{"href":"https:\/\/www.ghostysky.com\/pt\/wp-json\/wp\/v2\/types\/product"}],"replies":[{"embeddable":true,"href":"https:\/\/www.ghostysky.com\/pt\/wp-json\/wp\/v2\/comments?post=21229"}],"wp:featuredmedia":[{"embeddable":true,"href":"https:\/\/www.ghostysky.com\/pt\/wp-json\/wp\/v2\/media\/21221"}],"wp:attachment":[{"href":"https:\/\/www.ghostysky.com\/pt\/wp-json\/wp\/v2\/media?parent=21229"}],"wp:term":[{"taxonomy":"product_brand","embeddable":true,"href":"https:\/\/www.ghostysky.com\/pt\/wp-json\/wp\/v2\/product_brand?post=21229"},{"taxonomy":"product_cat","embeddable":true,"href":"https:\/\/www.ghostysky.com\/pt\/wp-json\/wp\/v2\/product_cat?post=21229"},{"taxonomy":"product_tag","embeddable":true,"href":"https:\/\/www.ghostysky.com\/pt\/wp-json\/wp\/v2\/product_tag?post=21229"}],"curies":[{"name":"wp","href":"https:\/\/api.w.org\/{rel}","templated":true}]}}