{"id":21230,"date":"2025-10-16T05:21:52","date_gmt":"2025-10-16T05:21:52","guid":{"rendered":"https:\/\/www.ghostysky.com\/?post_type=product&#038;p=21230"},"modified":"2026-02-06T14:27:18","modified_gmt":"2026-02-06T14:27:18","slug":"unitree-go2-w-smart-edition","status":"publish","type":"product","link":"https:\/\/www.ghostysky.com\/pt\/product\/unitree-go2-w-smart-edition\/","title":{"rendered":"Unitree Go2 W Smart Edition"},"content":{"rendered":"<h3><b>Principais recursos e destaques<\/b><\/h3>\n<ul>\n<li><b>Mobilidade H\u00edbrida:<\/b><span class=\"citation-499 citation-end-499\"> Equipado com pneus pneum\u00e1ticos de 7 polegadas em suas pernas, o Go2-W pode rolar rapidamente em superf\u00edcies lisas e travar suas rodas para alternar para um modo de caminhada tradicional para navegar em terrenos acidentados, subir escadas (at\u00e9 um <\/span><span class=\"math-inline\" data-math=\"35^\\circ\">35\u00ba <\/span><span class=\"citation-498 citation-end-498\">\u00e2ngulo e <\/span><span class=\"math-inline\" data-math=\"70 \\text{cm}\">70 cm<\/span><span class=\"citation-497 citation-end-497\">\u00a0altura de queda) e supera\u00e7\u00e3o de obst\u00e1culos.<\/span><\/li>\n<li><b>Detec\u00e7\u00e3o avan\u00e7ada:<\/b><span class=\"citation-496\"> A Smart Edition normalmente inclui um <\/span><b><span class=\"citation-496\">LiDAR 3D super grande angular<\/span><\/b><span class=\"citation-496 citation-end-496\"> (Light Detection and Ranging) para conscientiza\u00e7\u00e3o ambiental abrangente, detec\u00e7\u00e3o de obst\u00e1culos e capacidade de construir mapas de nuvem de pontos 3D.<\/span> <span class=\"citation-495\">Ele tamb\u00e9m apresenta um <\/span><b><span class=\"citation-495\">C\u00e2mera grande angular HD<\/span><\/b><span class=\"citation-495 citation-end-495\">.<\/span><\/li>\n<li><b>Desempenho e pot\u00eancia:<\/b><span class=\"citation-494 citation-end-494\"> Ele possui uma velocidade m\u00e1xima de at\u00e9 <\/span><span class=\"math-inline\" data-math=\"2.5 \\text{m\/s}\">2,5 m\/s<\/span><span class=\"citation-493 citation-end-493\"> (sobre <\/span><span class=\"math-inline\" data-math=\"5.6 \\text{mph}\">5,6 milhas por hora<\/span><span class=\"citation-492\">) e \u00e9 alimentado por um <\/span><b><span class=\"citation-492\">Bateria de longa dura\u00e7\u00e3o de 15.000 mAh<\/span><\/b><span class=\"citation-492 citation-end-492\">, oferecendo um tempo de opera\u00e7\u00e3o de aproximadamente <\/span><span class=\"math-inline\" data-math=\"1.5\">1.5<\/span><span class=\"citation-491 citation-end-491\"> para <\/span><span class=\"math-inline\" data-math=\"3\">3<\/span><span class=\"citation-490 citation-end-490\">\u00a0horas.<\/span>\u00a0<span class=\"citation-489 citation-end-489\">Tem uma capacidade de carga \u00fatil de cerca de <\/span><span class=\"math-inline\" data-math=\"3 \\text{kg}\">3kg<\/span><span class=\"citation-488 citation-end-488\"> (<\/span><span class=\"math-inline\" data-math=\"6.6 \\text{lb}\">6,6 libras<\/span><span class=\"citation-487 citation-end-487\">) e \u00e9 acionado por 16 motores de articula\u00e7\u00e3o de joelho de alum\u00ednio.<\/span><\/li>\n<li><b><span class=\"citation-486\">Intera\u00e7\u00e3o Inteligente:<\/span><\/b><span class=\"citation-486\"> O rob\u00f4 \u00e9 constru\u00eddo com algoritmos avan\u00e7ados de IA, incluindo um <\/span><b><span class=\"citation-486\">Sistema de acompanhamento lateral inteligente (ISS 2.0)<\/span><\/b><span class=\"citation-486\"> para melhor rastreamento e <\/span><b><span class=\"citation-486\">Funcionalidade de voz<\/span><\/b><span class=\"citation-486 citation-end-486\"> para comando e controle.<\/span><\/li>\n<li><b><span class=\"citation-485\">Conectividade:<\/span><\/b><span class=\"citation-485 citation-end-485\"> Os recursos incluem Wi-Fi 6, conectividade 4G e Bluetooth, al\u00e9m de suporte para controle remoto por meio de um aplicativo dedicado e um controlador manual.<sup class=\"superscript\" data-turn-source-index=\"17\">17<\/sup><\/span> <span class=\"citation-484\">O sistema tamb\u00e9m suporta <\/span><b><span class=\"citation-484\">Atualiza\u00e7\u00f5es OTA (Over-The-Air)<\/span><\/b><span class=\"citation-484 citation-end-484\"> para manter o software do rob\u00f4 em constante aprimoramento.<\/span><\/li>\n<\/ul>\n<p><b>Aplica\u00e7\u00f5es ideais:<\/b><\/p>\n<p>O Go2 W Smart Edition \u00e9 perfeito para:<\/p>\n<ul>\n<li><b><span class=\"citation-483\">Patrulhas e inspe\u00e7\u00f5es de seguran\u00e7a:<\/span><\/b><span class=\"citation-483 citation-end-483\"> Sua velocidade e capacidade em todos os terrenos o tornam excelente para monitorar grandes instala\u00e7\u00f5es, navegar em ambientes industriais complexos e realizar verifica\u00e7\u00f5es de seguran\u00e7a.<\/span><\/li>\n<li><b><span class=\"citation-482\">Pesquisa e Desenvolvimento (P&amp;D):<\/span><\/b><span class=\"citation-482 citation-end-482\"> A plataforma \u00e9 adequada para pesquisas avan\u00e7adas em rob\u00f3tica e IA.<\/span><\/li>\n<li><b><span class=\"citation-481\">Educa\u00e7\u00e3o:<\/span><\/b><span class=\"citation-481 citation-end-481\"> Ela serve como uma plataforma de ponta para estudos acad\u00eamicos e programas educacionais em rob\u00f3tica e intelig\u00eancia artificial.<\/span><\/li>\n<\/ul>\n<p><span class=\"citation-480 citation-end-480\">O Unitree Go2 W Smart Edition oferece um equil\u00edbrio entre velocidade, agilidade e intelig\u00eancia, tornando-o uma plataforma poderosa e vers\u00e1til para uso profissional e acad\u00eamico.<\/span><\/p>","protected":false},"excerpt":{"rendered":"<p><span class=\"citation-501\">O <\/span><b><span class=\"citation-501\">Unitree Go2 W Smart Edition<\/span><\/b><span class=\"citation-501 citation-end-501\"> \u00e9 um rob\u00f4 quadr\u00fapede com rodas altamente capaz, projetado para versatilidade em diversas aplica\u00e7\u00f5es, unindo a agilidade das pernas com a efici\u00eancia das rodas motorizadas.<\/span> <span class=\"citation-500 citation-end-500\">Esta vers\u00e3o \u201cW\u201d (com rodas) da popular s\u00e9rie Go2 \u00e9 otimizada para movimentos mais r\u00e1pidos em estradas e deslizamento mais suave em declives, mantendo capacidade excepcional para subir escadas e navegar em terrenos diversos.<\/span><\/p>","protected":false},"featured_media":21233,"comment_status":"open","ping_status":"closed","template":"","meta":[],"product_brand":[1087],"product_cat":[1039,1037,1085],"product_tag":[1088,1092,1089,1090],"class_list":{"0":"post-21230","1":"product","2":"type-product","3":"status-publish","4":"has-post-thumbnail","6":"product_brand-unitree","7":"product_cat-quadruped","8":"product_cat-robotics","9":"product_cat-unitree-quad-robots","10":"product_tag-unitree","11":"product_tag-unitree-go2-series","12":"product_tag-unitree-quadruped","13":"product_tag-unitree-quadruped-robots","15":"first","16":"onbackorder","17":"taxable","18":"shipping-taxable","19":"purchasable","20":"product-type-simple"},"yoast_head":"<!-- This site is optimized with the Yoast SEO plugin v27.1.1 - https:\/\/yoast.com\/product\/yoast-seo-wordpress\/ -->\n<title>Unitree Go2 W Smart Edition - Ghostysky<\/title>\n<meta name=\"description\" content=\"The Unitree Go2 W Smart Edition is a highly capable, wheeled quadruped robot designed for versatility across various applications, merging the agility of legs with the efficiency of motorized wheels. This &quot;W&quot; (Wheeled) version of the popular Go2 series is optimized for faster movement on roads and smoother gliding on slopes while maintaining exceptional capability for stair climbing and navigating diverse terrain.\" \/>\n<meta name=\"robots\" content=\"index, follow, max-snippet:-1, max-image-preview:large, max-video-preview:-1\" \/>\n<link rel=\"canonical\" href=\"https:\/\/www.ghostysky.com\/pt\/produto-2\/unitree-go2-w-smart-edition\/\" \/>\n<meta property=\"og:locale\" content=\"pt_PT\" \/>\n<meta property=\"og:type\" content=\"article\" \/>\n<meta property=\"og:title\" content=\"Unitree Go2 W Smart Edition - Ghostysky\" \/>\n<meta property=\"og:description\" content=\"The Unitree Go2 W Smart Edition is a highly capable, wheeled quadruped robot designed for versatility across various applications, merging the agility of legs with the efficiency of motorized wheels. This &quot;W&quot; (Wheeled) version of the popular Go2 series is optimized for faster movement on roads and smoother gliding on slopes while maintaining exceptional capability for stair climbing and navigating diverse terrain.\" \/>\n<meta property=\"og:url\" content=\"https:\/\/www.ghostysky.com\/pt\/produto-2\/unitree-go2-w-smart-edition\/\" \/>\n<meta property=\"og:site_name\" content=\"Ghostysky\" \/>\n<meta property=\"article:publisher\" content=\"https:\/\/www.facebook.com\/people\/Ghostysky\/100057676170234\/\" \/>\n<meta property=\"article:modified_time\" content=\"2026-02-06T14:27:18+00:00\" \/>\n<meta property=\"og:image\" content=\"https:\/\/www.ghostysky.com\/wp-content\/uploads\/2025\/10\/GH_Unitree_GO2_W_1.png\" \/>\n\t<meta property=\"og:image:width\" content=\"650\" \/>\n\t<meta property=\"og:image:height\" content=\"650\" \/>\n\t<meta property=\"og:image:type\" content=\"image\/png\" \/>\n<meta name=\"twitter:card\" content=\"summary_large_image\" \/>\n<meta name=\"twitter:site\" content=\"@Gh0stysky\" \/>\n<meta name=\"twitter:label1\" content=\"Tempo estimado de leitura\" \/>\n\t<meta name=\"twitter:data1\" content=\"2 minutos\" \/>\n<script type=\"application\/ld+json\" class=\"yoast-schema-graph\">{\"@context\":\"https:\/\/schema.org\",\"@graph\":[{\"@type\":\"WebPage\",\"@id\":\"https:\/\/www.ghostysky.com\/product\/unitree-go2-w-smart-edition\/\",\"url\":\"https:\/\/www.ghostysky.com\/product\/unitree-go2-w-smart-edition\/\",\"name\":\"Unitree Go2 W Smart Edition - Ghostysky\",\"isPartOf\":{\"@id\":\"https:\/\/www.ghostysky.com\/#website\"},\"primaryImageOfPage\":{\"@id\":\"https:\/\/www.ghostysky.com\/product\/unitree-go2-w-smart-edition\/#primaryimage\"},\"image\":{\"@id\":\"https:\/\/www.ghostysky.com\/product\/unitree-go2-w-smart-edition\/#primaryimage\"},\"thumbnailUrl\":\"https:\/\/www.ghostysky.com\/wp-content\/uploads\/2025\/10\/GH_Unitree_GO2_W_1.png\",\"datePublished\":\"2025-10-16T05:21:52+00:00\",\"dateModified\":\"2026-02-06T14:27:18+00:00\",\"description\":\"The Unitree Go2 W Smart Edition is a highly capable, wheeled quadruped robot designed for versatility across various applications, merging the agility of legs with the efficiency of motorized wheels. This \\\"W\\\" (Wheeled) version of the popular Go2 series is optimized for faster movement on roads and smoother gliding on slopes while maintaining exceptional capability for stair climbing and navigating diverse terrain.\",\"breadcrumb\":{\"@id\":\"https:\/\/www.ghostysky.com\/product\/unitree-go2-w-smart-edition\/#breadcrumb\"},\"inLanguage\":\"pt-PT\",\"potentialAction\":[{\"@type\":\"ReadAction\",\"target\":[\"https:\/\/www.ghostysky.com\/product\/unitree-go2-w-smart-edition\/\"]}]},{\"@type\":\"ImageObject\",\"inLanguage\":\"pt-PT\",\"@id\":\"https:\/\/www.ghostysky.com\/product\/unitree-go2-w-smart-edition\/#primaryimage\",\"url\":\"https:\/\/www.ghostysky.com\/wp-content\/uploads\/2025\/10\/GH_Unitree_GO2_W_1.png\",\"contentUrl\":\"https:\/\/www.ghostysky.com\/wp-content\/uploads\/2025\/10\/GH_Unitree_GO2_W_1.png\",\"width\":650,\"height\":650},{\"@type\":\"BreadcrumbList\",\"@id\":\"https:\/\/www.ghostysky.com\/product\/unitree-go2-w-smart-edition\/#breadcrumb\",\"itemListElement\":[{\"@type\":\"ListItem\",\"position\":1,\"name\":\"Home\",\"item\":\"https:\/\/www.ghostysky.com\/\"},{\"@type\":\"ListItem\",\"position\":2,\"name\":\"Shop\",\"item\":\"https:\/\/www.ghostysky.com\/shop\/\"},{\"@type\":\"ListItem\",\"position\":3,\"name\":\"Unitree Go2 W Smart Edition\"}]},{\"@type\":\"WebSite\",\"@id\":\"https:\/\/www.ghostysky.com\/#website\",\"url\":\"https:\/\/www.ghostysky.com\/\",\"name\":\"Ghostysky\",\"description\":\"Delivering professional drones and services\",\"publisher\":{\"@id\":\"https:\/\/www.ghostysky.com\/#organization\"},\"potentialAction\":[{\"@type\":\"SearchAction\",\"target\":{\"@type\":\"EntryPoint\",\"urlTemplate\":\"https:\/\/www.ghostysky.com\/?s={search_term_string}\"},\"query-input\":{\"@type\":\"PropertyValueSpecification\",\"valueRequired\":true,\"valueName\":\"search_term_string\"}}],\"inLanguage\":\"pt-PT\"},{\"@type\":\"Organization\",\"@id\":\"https:\/\/www.ghostysky.com\/#organization\",\"name\":\"Ghostysky\",\"url\":\"https:\/\/www.ghostysky.com\/\",\"logo\":{\"@type\":\"ImageObject\",\"inLanguage\":\"pt-PT\",\"@id\":\"https:\/\/www.ghostysky.com\/#\/schema\/logo\/image\/\",\"url\":\"https:\/\/www.ghostysky.com\/wp-content\/uploads\/2020\/06\/cropped-ghostyskylogo_text_white2.png\",\"contentUrl\":\"https:\/\/www.ghostysky.com\/wp-content\/uploads\/2020\/06\/cropped-ghostyskylogo_text_white2.png\",\"width\":169,\"height\":56,\"caption\":\"Ghostysky\"},\"image\":{\"@id\":\"https:\/\/www.ghostysky.com\/#\/schema\/logo\/image\/\"},\"sameAs\":[\"https:\/\/www.facebook.com\/people\/Ghostysky\/100057676170234\/\",\"https:\/\/x.com\/Gh0stysky\",\"https:\/\/www.linkedin.com\/company\/34739653\",\"https:\/\/www.instagram.com\/gh0stysky\"]}]}<\/script>\n<!-- \/ Yoast SEO plugin. -->","yoast_head_json":{"title":"Unitree Go2 W Smart Edition - Ghostysky","description":"O Unitree Go2 W Smart Edition \u00e9 um rob\u00f4 quadr\u00fapede com rodas altamente capaz, projetado para versatilidade em diversas aplica\u00e7\u00f5es, combinando a agilidade das pernas com a efici\u00eancia das rodas motorizadas. Esta vers\u00e3o &quot;W&quot; (com rodas) da popular s\u00e9rie Go2 \u00e9 otimizada para movimentos mais r\u00e1pidos em estradas e deslizamento mais suave em declives, mantendo capacidade excepcional para subir escadas e navegar em terrenos diversos.","robots":{"index":"index","follow":"follow","max-snippet":"max-snippet:-1","max-image-preview":"max-image-preview:large","max-video-preview":"max-video-preview:-1"},"canonical":"https:\/\/www.ghostysky.com\/pt\/produto-2\/unitree-go2-w-smart-edition\/","og_locale":"pt_PT","og_type":"article","og_title":"Unitree Go2 W Smart Edition - Ghostysky","og_description":"The Unitree Go2 W Smart Edition is a highly capable, wheeled quadruped robot designed for versatility across various applications, merging the agility of legs with the efficiency of motorized wheels. This \"W\" (Wheeled) version of the popular Go2 series is optimized for faster movement on roads and smoother gliding on slopes while maintaining exceptional capability for stair climbing and navigating diverse terrain.","og_url":"https:\/\/www.ghostysky.com\/pt\/produto-2\/unitree-go2-w-smart-edition\/","og_site_name":"Ghostysky","article_publisher":"https:\/\/www.facebook.com\/people\/Ghostysky\/100057676170234\/","article_modified_time":"2026-02-06T14:27:18+00:00","og_image":[{"width":650,"height":650,"url":"https:\/\/www.ghostysky.com\/wp-content\/uploads\/2025\/10\/GH_Unitree_GO2_W_1.png","type":"image\/png"}],"twitter_card":"summary_large_image","twitter_site":"@Gh0stysky","twitter_misc":{"Tempo estimado de leitura":"2 minutos"},"schema":{"@context":"https:\/\/schema.org","@graph":[{"@type":"WebPage","@id":"https:\/\/www.ghostysky.com\/product\/unitree-go2-w-smart-edition\/","url":"https:\/\/www.ghostysky.com\/product\/unitree-go2-w-smart-edition\/","name":"Unitree Go2 W Smart Edition - Ghostysky","isPartOf":{"@id":"https:\/\/www.ghostysky.com\/#website"},"primaryImageOfPage":{"@id":"https:\/\/www.ghostysky.com\/product\/unitree-go2-w-smart-edition\/#primaryimage"},"image":{"@id":"https:\/\/www.ghostysky.com\/product\/unitree-go2-w-smart-edition\/#primaryimage"},"thumbnailUrl":"https:\/\/www.ghostysky.com\/wp-content\/uploads\/2025\/10\/GH_Unitree_GO2_W_1.png","datePublished":"2025-10-16T05:21:52+00:00","dateModified":"2026-02-06T14:27:18+00:00","description":"O Unitree Go2 W Smart Edition \u00e9 um rob\u00f4 quadr\u00fapede com rodas altamente capaz, projetado para versatilidade em diversas aplica\u00e7\u00f5es, combinando a agilidade das pernas com a efici\u00eancia das rodas motorizadas. Esta vers\u00e3o &quot;W&quot; (com rodas) da popular s\u00e9rie Go2 \u00e9 otimizada para movimentos mais r\u00e1pidos em estradas e deslizamento mais suave em declives, mantendo capacidade excepcional para subir escadas e navegar em terrenos diversos.","breadcrumb":{"@id":"https:\/\/www.ghostysky.com\/product\/unitree-go2-w-smart-edition\/#breadcrumb"},"inLanguage":"pt-PT","potentialAction":[{"@type":"ReadAction","target":["https:\/\/www.ghostysky.com\/product\/unitree-go2-w-smart-edition\/"]}]},{"@type":"ImageObject","inLanguage":"pt-PT","@id":"https:\/\/www.ghostysky.com\/product\/unitree-go2-w-smart-edition\/#primaryimage","url":"https:\/\/www.ghostysky.com\/wp-content\/uploads\/2025\/10\/GH_Unitree_GO2_W_1.png","contentUrl":"https:\/\/www.ghostysky.com\/wp-content\/uploads\/2025\/10\/GH_Unitree_GO2_W_1.png","width":650,"height":650},{"@type":"BreadcrumbList","@id":"https:\/\/www.ghostysky.com\/product\/unitree-go2-w-smart-edition\/#breadcrumb","itemListElement":[{"@type":"ListItem","position":1,"name":"Home","item":"https:\/\/www.ghostysky.com\/"},{"@type":"ListItem","position":2,"name":"Shop","item":"https:\/\/www.ghostysky.com\/shop\/"},{"@type":"ListItem","position":3,"name":"Unitree Go2 W Smart Edition"}]},{"@type":"WebSite","@id":"https:\/\/www.ghostysky.com\/#website","url":"https:\/\/www.ghostysky.com\/","name":"Ghostysky","description":"Fornecendo drones e servi\u00e7os profissionais","publisher":{"@id":"https:\/\/www.ghostysky.com\/#organization"},"potentialAction":[{"@type":"SearchAction","target":{"@type":"EntryPoint","urlTemplate":"https:\/\/www.ghostysky.com\/?s={search_term_string}"},"query-input":{"@type":"PropertyValueSpecification","valueRequired":true,"valueName":"search_term_string"}}],"inLanguage":"pt-PT"},{"@type":"Organization","@id":"https:\/\/www.ghostysky.com\/#organization","name":"Ghostysky","url":"https:\/\/www.ghostysky.com\/","logo":{"@type":"ImageObject","inLanguage":"pt-PT","@id":"https:\/\/www.ghostysky.com\/#\/schema\/logo\/image\/","url":"https:\/\/www.ghostysky.com\/wp-content\/uploads\/2020\/06\/cropped-ghostyskylogo_text_white2.png","contentUrl":"https:\/\/www.ghostysky.com\/wp-content\/uploads\/2020\/06\/cropped-ghostyskylogo_text_white2.png","width":169,"height":56,"caption":"Ghostysky"},"image":{"@id":"https:\/\/www.ghostysky.com\/#\/schema\/logo\/image\/"},"sameAs":["https:\/\/www.facebook.com\/people\/Ghostysky\/100057676170234\/","https:\/\/x.com\/Gh0stysky","https:\/\/www.linkedin.com\/company\/34739653","https:\/\/www.instagram.com\/gh0stysky"]}]}},"_links":{"self":[{"href":"https:\/\/www.ghostysky.com\/pt\/wp-json\/wp\/v2\/product\/21230","targetHints":{"allow":["GET"]}}],"collection":[{"href":"https:\/\/www.ghostysky.com\/pt\/wp-json\/wp\/v2\/product"}],"about":[{"href":"https:\/\/www.ghostysky.com\/pt\/wp-json\/wp\/v2\/types\/product"}],"replies":[{"embeddable":true,"href":"https:\/\/www.ghostysky.com\/pt\/wp-json\/wp\/v2\/comments?post=21230"}],"wp:featuredmedia":[{"embeddable":true,"href":"https:\/\/www.ghostysky.com\/pt\/wp-json\/wp\/v2\/media\/21233"}],"wp:attachment":[{"href":"https:\/\/www.ghostysky.com\/pt\/wp-json\/wp\/v2\/media?parent=21230"}],"wp:term":[{"taxonomy":"product_brand","embeddable":true,"href":"https:\/\/www.ghostysky.com\/pt\/wp-json\/wp\/v2\/product_brand?post=21230"},{"taxonomy":"product_cat","embeddable":true,"href":"https:\/\/www.ghostysky.com\/pt\/wp-json\/wp\/v2\/product_cat?post=21230"},{"taxonomy":"product_tag","embeddable":true,"href":"https:\/\/www.ghostysky.com\/pt\/wp-json\/wp\/v2\/product_tag?post=21230"}],"curies":[{"name":"wp","href":"https:\/\/api.w.org\/{rel}","templated":true}]}}