{"id":21234,"date":"2025-10-16T05:26:30","date_gmt":"2025-10-16T05:26:30","guid":{"rendered":"https:\/\/www.ghostysky.com\/?post_type=product&#038;p=21234"},"modified":"2026-02-06T14:29:10","modified_gmt":"2026-02-06T14:29:10","slug":"unitree-go2-w-ultimate","status":"publish","type":"product","link":"https:\/\/www.ghostysky.com\/pt\/product\/unitree-go2-w-ultimate\/","title":{"rendered":"Unitree Go2 W Ultimate"},"content":{"rendered":"<p><b>Principais recursos do Go2 W Ultimate:<\/b><\/p>\n<ul>\n<li><b>Dom\u00ednio da Mobilidade H\u00edbrida (Plataforma Go2-W):<\/b><span class=\"citation-539 citation-end-539\"> Equipado com rodas motorizadas em suas quatro pernas e pneus pneum\u00e1ticos de 7 polegadas, ele transita perfeitamente entre dois modos:<\/span>\n<ul>\n<li><b><span class=\"citation-538\">Modo de rolamento:<\/span><\/b><span class=\"citation-538 citation-end-538\"> Atinge uma velocidade m\u00e1xima de at\u00e9 <\/span><span class=\"math-inline\" data-math=\"2.5 \\text{ m\/s}\">2,5 m\/s<\/span><span class=\"citation-537 citation-end-537\">\u00a0em superf\u00edcies planas com consumo de energia reduzido.<\/span><\/li>\n<li><b>Modo de caminhada:<\/b><span class=\"citation-536 citation-end-536\"> Usa suas pernas para navegar habilmente em terrenos desafiadores, escalar obst\u00e1culos at\u00e9 <\/span><span class=\"math-inline\" data-math=\"70 \\text{ cm}\">70 cm<\/span><span class=\"citation-535 citation-end-535\"> alto e lidar com declives com um \u00e2ngulo m\u00e1ximo de subida de <\/span><span class=\"math-inline\" data-math=\"35^\\circ\">35\u00ba<\/span><span class=\"citation-534 citation-end-534\">.<\/span><\/li>\n<\/ul>\n<\/li>\n<li><b>Su\u00edte Percep\u00e7\u00e3o Suprema:<\/b> O <b>Final<\/b> A vers\u00e3o se distingue pelo seu sistema de percep\u00e7\u00e3o de ponta:\n<ul>\n<li><b><span class=\"citation-533\">LiDAR 3D de \u00faltima gera\u00e7\u00e3o (Hesai XT16):<\/span><\/b><span class=\"citation-533 citation-end-533\"> Fornece mapeamento ambiental 3D e navega\u00e7\u00e3o de alta precis\u00e3o e superioridade, cruciais para opera\u00e7\u00e3o aut\u00f4noma e coleta detalhada de dados.<\/span><\/li>\n<li><b><span class=\"citation-532\">C\u00e2mera de profundidade Intel RealSense D435i:<\/span><\/b><span class=\"citation-532 citation-end-532\"> Aumenta a consci\u00eancia ambiental e o controle preciso dos movimentos.<\/span><\/li>\n<\/ul>\n<\/li>\n<li><b>Desempenho robusto:<\/b>\n<ul>\n<li><b><span class=\"citation-531\">Bateria de longa dura\u00e7\u00e3o:<\/span><\/b><span class=\"citation-531 citation-end-531\"> Apresenta um <\/span><span class=\"math-inline\" data-math=\"15,000 \\text{ mAh}\">15.000 mAh<\/span><span class=\"citation-530 citation-end-530\"> capacidade, oferta <\/span><span class=\"math-inline\" data-math=\"1.5 \\text{ to } 3 \\text{ hours}\">1,5 a 3 horas<\/span><span class=\"citation-529 citation-end-529\">\u00a0de opera\u00e7\u00e3o cont\u00ednua.<\/span><\/li>\n<li><b><span class=\"citation-528\">Capacidade de carga \u00fatil:<\/span><\/b><span class=\"citation-528 citation-end-528\"> Pode transportar uma carga \u00fatil substancial de aproximadamente <\/span><span class=\"math-inline\" data-math=\"8 \\text{ kg}\">8 kg<\/span><span class=\"citation-527 citation-end-527\"> (m\u00e1ximo <\/span><span class=\"math-inline\" data-math=\"\\sim 12 \\text{ kg}\">12 kg<\/span><span class=\"citation-526 citation-end-526\">).<\/span><\/li>\n<li><b>Processamento de alto desempenho:<\/b> Constru\u00eddo em torno de uma CPU de alto desempenho de 8 n\u00facleos.<\/li>\n<\/ul>\n<\/li>\n<li><b>Plataforma pronta para desenvolvedores:<\/b>\n<ul>\n<li><b>Desenvolvimento Secund\u00e1rio:<\/b><span class=\"citation-525\"> Suporta programa\u00e7\u00e3o e controle avan\u00e7ados, incluindo um m\u00f3dulo de expans\u00e3o com um <\/span><b><span class=\"citation-525\">NVIDIA Jetson Orin NX<\/span><\/b><span class=\"citation-525 citation-end-525\"> m\u00f3dulo aritm\u00e9tico (<\/span><span class=\"math-inline\" data-math=\"100 \\text{ TOPS}\">100 TOPS<\/span><span class=\"citation-524 citation-end-524\">) para IA de ponta, aprendizado de m\u00e1quina e desenvolvimento ROS 2.<\/span><\/li>\n<li><b><span class=\"citation-523\">Controle flex\u00edvel:<\/span><\/b><span class=\"citation-523 citation-end-523\"> Oferece APIs e SDKs abertos para controle de alto e baixo n\u00edvel usando Python e C++.<\/span><\/li>\n<\/ul>\n<\/li>\n<li><b><span class=\"citation-522\">Controle e intera\u00e7\u00e3o intuitivos:<\/span><\/b><span class=\"citation-522 citation-end-522\"> Control\u00e1vel por meio de um controlador manual, aplicativo m\u00f3vel e possui funcionalidade de voz para intera\u00e7\u00e3o.<\/span><\/li>\n<\/ul>\n<p>O <b>Unitree Go2 W Ultimate<\/b> \u00e9 a escolha definitiva para profissionais e pesquisadores que exigem uma plataforma rob\u00f3tica robusta, altamente aut\u00f4noma e adapt\u00e1vel, com recursos de detec\u00e7\u00e3o de ponta.<\/p>","protected":false},"excerpt":{"rendered":"<p><span class=\"citation-541\">O <\/span><b><span class=\"citation-541\">Unitree Go2 W Ultimate<\/span><\/b><span class=\"citation-541 citation-end-541\"> \u00e9 a vers\u00e3o de ponta do rob\u00f4 quadr\u00fapede com rodas avan\u00e7ado da Unitree Robotics, combinando a agilidade de um rob\u00f4 semelhante a um cachorro com a velocidade e a efici\u00eancia do movimento com rodas.<\/span><\/p>\n<p><span class=\"citation-540\">Este rob\u00f4 h\u00edbrido foi projetado para tarefas exigentes, oferecendo versatilidade incompar\u00e1vel para <\/span><b><span class=\"citation-540 citation-end-540\">inspe\u00e7\u00f5es industriais, pesquisa e desenvolvimento, patrulhas de seguran\u00e7a e educa\u00e7\u00e3o avan\u00e7ada em IA e rob\u00f3tica.<\/span><\/b><\/p>","protected":false},"featured_media":21233,"comment_status":"open","ping_status":"closed","template":"","meta":[],"product_brand":[1087],"product_cat":[1039,1037,1085],"product_tag":[1088,1092,1089,1090],"class_list":{"0":"post-21234","1":"product","2":"type-product","3":"status-publish","4":"has-post-thumbnail","6":"product_brand-unitree","7":"product_cat-quadruped","8":"product_cat-robotics","9":"product_cat-unitree-quad-robots","10":"product_tag-unitree","11":"product_tag-unitree-go2-series","12":"product_tag-unitree-quadruped","13":"product_tag-unitree-quadruped-robots","15":"first","16":"onbackorder","17":"taxable","18":"shipping-taxable","19":"purchasable","20":"product-type-simple"},"yoast_head":"<!-- This site is optimized with the Yoast SEO plugin v27.1.1 - https:\/\/yoast.com\/product\/yoast-seo-wordpress\/ -->\n<title>Unitree Go2 W Ultimate - Ghostysky<\/title>\n<meta name=\"description\" content=\"The Unitree Go2 W Ultimate is the top-tier version of Unitree Robotics&#039; advanced wheeled quadruped robot, combining the agility of a dog-like robot with the speed and efficiency of wheeled movement.This hybrid robot is engineered for demanding tasks, offering unparalleled versatility for industrial inspections, research and development, safety patrols, and advanced education in AI and robotics.\" \/>\n<meta name=\"robots\" content=\"index, follow, max-snippet:-1, max-image-preview:large, max-video-preview:-1\" \/>\n<link rel=\"canonical\" href=\"https:\/\/www.ghostysky.com\/pt\/produto-2\/unitree-go2-w-ultimate\/\" \/>\n<meta property=\"og:locale\" content=\"pt_PT\" \/>\n<meta property=\"og:type\" content=\"article\" \/>\n<meta property=\"og:title\" content=\"Unitree Go2 W Ultimate - Ghostysky\" \/>\n<meta property=\"og:description\" content=\"The Unitree Go2 W Ultimate is the top-tier version of Unitree Robotics&#039; advanced wheeled quadruped robot, combining the agility of a dog-like robot with the speed and efficiency of wheeled movement.This hybrid robot is engineered for demanding tasks, offering unparalleled versatility for industrial inspections, research and development, safety patrols, and advanced education in AI and robotics.\" \/>\n<meta property=\"og:url\" content=\"https:\/\/www.ghostysky.com\/pt\/produto-2\/unitree-go2-w-ultimate\/\" \/>\n<meta property=\"og:site_name\" content=\"Ghostysky\" \/>\n<meta property=\"article:publisher\" content=\"https:\/\/www.facebook.com\/people\/Ghostysky\/100057676170234\/\" \/>\n<meta property=\"article:modified_time\" content=\"2026-02-06T14:29:10+00:00\" \/>\n<meta property=\"og:image\" content=\"https:\/\/www.ghostysky.com\/wp-content\/uploads\/2025\/10\/GH_Unitree_GO2_W_1.png\" \/>\n\t<meta property=\"og:image:width\" content=\"650\" \/>\n\t<meta property=\"og:image:height\" content=\"650\" \/>\n\t<meta property=\"og:image:type\" content=\"image\/png\" \/>\n<meta name=\"twitter:card\" content=\"summary_large_image\" \/>\n<meta name=\"twitter:site\" content=\"@Gh0stysky\" \/>\n<meta name=\"twitter:label1\" content=\"Tempo estimado de leitura\" \/>\n\t<meta name=\"twitter:data1\" content=\"2 minutos\" \/>\n<script type=\"application\/ld+json\" class=\"yoast-schema-graph\">{\"@context\":\"https:\/\/schema.org\",\"@graph\":[{\"@type\":\"WebPage\",\"@id\":\"https:\/\/www.ghostysky.com\/product\/unitree-go2-w-ultimate\/\",\"url\":\"https:\/\/www.ghostysky.com\/product\/unitree-go2-w-ultimate\/\",\"name\":\"Unitree Go2 W Ultimate - Ghostysky\",\"isPartOf\":{\"@id\":\"https:\/\/www.ghostysky.com\/#website\"},\"primaryImageOfPage\":{\"@id\":\"https:\/\/www.ghostysky.com\/product\/unitree-go2-w-ultimate\/#primaryimage\"},\"image\":{\"@id\":\"https:\/\/www.ghostysky.com\/product\/unitree-go2-w-ultimate\/#primaryimage\"},\"thumbnailUrl\":\"https:\/\/www.ghostysky.com\/wp-content\/uploads\/2025\/10\/GH_Unitree_GO2_W_1.png\",\"datePublished\":\"2025-10-16T05:26:30+00:00\",\"dateModified\":\"2026-02-06T14:29:10+00:00\",\"description\":\"The Unitree Go2 W Ultimate is the top-tier version of Unitree Robotics' advanced wheeled quadruped robot, combining the agility of a dog-like robot with the speed and efficiency of wheeled movement.This hybrid robot is engineered for demanding tasks, offering unparalleled versatility for industrial inspections, research and development, safety patrols, and advanced education in AI and robotics.\",\"breadcrumb\":{\"@id\":\"https:\/\/www.ghostysky.com\/product\/unitree-go2-w-ultimate\/#breadcrumb\"},\"inLanguage\":\"pt-PT\",\"potentialAction\":[{\"@type\":\"ReadAction\",\"target\":[\"https:\/\/www.ghostysky.com\/product\/unitree-go2-w-ultimate\/\"]}]},{\"@type\":\"ImageObject\",\"inLanguage\":\"pt-PT\",\"@id\":\"https:\/\/www.ghostysky.com\/product\/unitree-go2-w-ultimate\/#primaryimage\",\"url\":\"https:\/\/www.ghostysky.com\/wp-content\/uploads\/2025\/10\/GH_Unitree_GO2_W_1.png\",\"contentUrl\":\"https:\/\/www.ghostysky.com\/wp-content\/uploads\/2025\/10\/GH_Unitree_GO2_W_1.png\",\"width\":650,\"height\":650},{\"@type\":\"BreadcrumbList\",\"@id\":\"https:\/\/www.ghostysky.com\/product\/unitree-go2-w-ultimate\/#breadcrumb\",\"itemListElement\":[{\"@type\":\"ListItem\",\"position\":1,\"name\":\"Home\",\"item\":\"https:\/\/www.ghostysky.com\/\"},{\"@type\":\"ListItem\",\"position\":2,\"name\":\"Shop\",\"item\":\"https:\/\/www.ghostysky.com\/shop\/\"},{\"@type\":\"ListItem\",\"position\":3,\"name\":\"Unitree Go2 W Ultimate\"}]},{\"@type\":\"WebSite\",\"@id\":\"https:\/\/www.ghostysky.com\/#website\",\"url\":\"https:\/\/www.ghostysky.com\/\",\"name\":\"Ghostysky\",\"description\":\"Delivering professional drones and services\",\"publisher\":{\"@id\":\"https:\/\/www.ghostysky.com\/#organization\"},\"potentialAction\":[{\"@type\":\"SearchAction\",\"target\":{\"@type\":\"EntryPoint\",\"urlTemplate\":\"https:\/\/www.ghostysky.com\/?s={search_term_string}\"},\"query-input\":{\"@type\":\"PropertyValueSpecification\",\"valueRequired\":true,\"valueName\":\"search_term_string\"}}],\"inLanguage\":\"pt-PT\"},{\"@type\":\"Organization\",\"@id\":\"https:\/\/www.ghostysky.com\/#organization\",\"name\":\"Ghostysky\",\"url\":\"https:\/\/www.ghostysky.com\/\",\"logo\":{\"@type\":\"ImageObject\",\"inLanguage\":\"pt-PT\",\"@id\":\"https:\/\/www.ghostysky.com\/#\/schema\/logo\/image\/\",\"url\":\"https:\/\/www.ghostysky.com\/wp-content\/uploads\/2020\/06\/cropped-ghostyskylogo_text_white2.png\",\"contentUrl\":\"https:\/\/www.ghostysky.com\/wp-content\/uploads\/2020\/06\/cropped-ghostyskylogo_text_white2.png\",\"width\":169,\"height\":56,\"caption\":\"Ghostysky\"},\"image\":{\"@id\":\"https:\/\/www.ghostysky.com\/#\/schema\/logo\/image\/\"},\"sameAs\":[\"https:\/\/www.facebook.com\/people\/Ghostysky\/100057676170234\/\",\"https:\/\/x.com\/Gh0stysky\",\"https:\/\/www.linkedin.com\/company\/34739653\",\"https:\/\/www.instagram.com\/gh0stysky\"]}]}<\/script>\n<!-- \/ Yoast SEO plugin. -->","yoast_head_json":{"title":"Unitree Go2 W Ultimate - Ghostysky","description":"O Unitree Go2 W Ultimate \u00e9 a vers\u00e3o de ponta do avan\u00e7ado rob\u00f4 quadr\u00fapede com rodas da Unitree Robotics, combinando a agilidade de um rob\u00f4 semelhante a um cachorro com a velocidade e a efici\u00eancia do movimento com rodas. Este rob\u00f4 h\u00edbrido foi projetado para tarefas exigentes, oferecendo versatilidade incompar\u00e1vel para inspe\u00e7\u00f5es industriais, pesquisa e desenvolvimento, patrulhas de seguran\u00e7a e educa\u00e7\u00e3o avan\u00e7ada em IA e rob\u00f3tica.","robots":{"index":"index","follow":"follow","max-snippet":"max-snippet:-1","max-image-preview":"max-image-preview:large","max-video-preview":"max-video-preview:-1"},"canonical":"https:\/\/www.ghostysky.com\/pt\/produto-2\/unitree-go2-w-ultimate\/","og_locale":"pt_PT","og_type":"article","og_title":"Unitree Go2 W Ultimate - Ghostysky","og_description":"The Unitree Go2 W Ultimate is the top-tier version of Unitree Robotics' advanced wheeled quadruped robot, combining the agility of a dog-like robot with the speed and efficiency of wheeled movement.This hybrid robot is engineered for demanding tasks, offering unparalleled versatility for industrial inspections, research and development, safety patrols, and advanced education in AI and robotics.","og_url":"https:\/\/www.ghostysky.com\/pt\/produto-2\/unitree-go2-w-ultimate\/","og_site_name":"Ghostysky","article_publisher":"https:\/\/www.facebook.com\/people\/Ghostysky\/100057676170234\/","article_modified_time":"2026-02-06T14:29:10+00:00","og_image":[{"width":650,"height":650,"url":"https:\/\/www.ghostysky.com\/wp-content\/uploads\/2025\/10\/GH_Unitree_GO2_W_1.png","type":"image\/png"}],"twitter_card":"summary_large_image","twitter_site":"@Gh0stysky","twitter_misc":{"Tempo estimado de leitura":"2 minutos"},"schema":{"@context":"https:\/\/schema.org","@graph":[{"@type":"WebPage","@id":"https:\/\/www.ghostysky.com\/product\/unitree-go2-w-ultimate\/","url":"https:\/\/www.ghostysky.com\/product\/unitree-go2-w-ultimate\/","name":"Unitree Go2 W Ultimate - Ghostysky","isPartOf":{"@id":"https:\/\/www.ghostysky.com\/#website"},"primaryImageOfPage":{"@id":"https:\/\/www.ghostysky.com\/product\/unitree-go2-w-ultimate\/#primaryimage"},"image":{"@id":"https:\/\/www.ghostysky.com\/product\/unitree-go2-w-ultimate\/#primaryimage"},"thumbnailUrl":"https:\/\/www.ghostysky.com\/wp-content\/uploads\/2025\/10\/GH_Unitree_GO2_W_1.png","datePublished":"2025-10-16T05:26:30+00:00","dateModified":"2026-02-06T14:29:10+00:00","description":"O Unitree Go2 W Ultimate \u00e9 a vers\u00e3o de ponta do avan\u00e7ado rob\u00f4 quadr\u00fapede com rodas da Unitree Robotics, combinando a agilidade de um rob\u00f4 semelhante a um cachorro com a velocidade e a efici\u00eancia do movimento com rodas. Este rob\u00f4 h\u00edbrido foi projetado para tarefas exigentes, oferecendo versatilidade incompar\u00e1vel para inspe\u00e7\u00f5es industriais, pesquisa e desenvolvimento, patrulhas de seguran\u00e7a e educa\u00e7\u00e3o avan\u00e7ada em IA e rob\u00f3tica.","breadcrumb":{"@id":"https:\/\/www.ghostysky.com\/product\/unitree-go2-w-ultimate\/#breadcrumb"},"inLanguage":"pt-PT","potentialAction":[{"@type":"ReadAction","target":["https:\/\/www.ghostysky.com\/product\/unitree-go2-w-ultimate\/"]}]},{"@type":"ImageObject","inLanguage":"pt-PT","@id":"https:\/\/www.ghostysky.com\/product\/unitree-go2-w-ultimate\/#primaryimage","url":"https:\/\/www.ghostysky.com\/wp-content\/uploads\/2025\/10\/GH_Unitree_GO2_W_1.png","contentUrl":"https:\/\/www.ghostysky.com\/wp-content\/uploads\/2025\/10\/GH_Unitree_GO2_W_1.png","width":650,"height":650},{"@type":"BreadcrumbList","@id":"https:\/\/www.ghostysky.com\/product\/unitree-go2-w-ultimate\/#breadcrumb","itemListElement":[{"@type":"ListItem","position":1,"name":"Home","item":"https:\/\/www.ghostysky.com\/"},{"@type":"ListItem","position":2,"name":"Shop","item":"https:\/\/www.ghostysky.com\/shop\/"},{"@type":"ListItem","position":3,"name":"Unitree Go2 W Ultimate"}]},{"@type":"WebSite","@id":"https:\/\/www.ghostysky.com\/#website","url":"https:\/\/www.ghostysky.com\/","name":"Ghostysky","description":"Fornecendo drones e servi\u00e7os profissionais","publisher":{"@id":"https:\/\/www.ghostysky.com\/#organization"},"potentialAction":[{"@type":"SearchAction","target":{"@type":"EntryPoint","urlTemplate":"https:\/\/www.ghostysky.com\/?s={search_term_string}"},"query-input":{"@type":"PropertyValueSpecification","valueRequired":true,"valueName":"search_term_string"}}],"inLanguage":"pt-PT"},{"@type":"Organization","@id":"https:\/\/www.ghostysky.com\/#organization","name":"Ghostysky","url":"https:\/\/www.ghostysky.com\/","logo":{"@type":"ImageObject","inLanguage":"pt-PT","@id":"https:\/\/www.ghostysky.com\/#\/schema\/logo\/image\/","url":"https:\/\/www.ghostysky.com\/wp-content\/uploads\/2020\/06\/cropped-ghostyskylogo_text_white2.png","contentUrl":"https:\/\/www.ghostysky.com\/wp-content\/uploads\/2020\/06\/cropped-ghostyskylogo_text_white2.png","width":169,"height":56,"caption":"Ghostysky"},"image":{"@id":"https:\/\/www.ghostysky.com\/#\/schema\/logo\/image\/"},"sameAs":["https:\/\/www.facebook.com\/people\/Ghostysky\/100057676170234\/","https:\/\/x.com\/Gh0stysky","https:\/\/www.linkedin.com\/company\/34739653","https:\/\/www.instagram.com\/gh0stysky"]}]}},"_links":{"self":[{"href":"https:\/\/www.ghostysky.com\/pt\/wp-json\/wp\/v2\/product\/21234","targetHints":{"allow":["GET"]}}],"collection":[{"href":"https:\/\/www.ghostysky.com\/pt\/wp-json\/wp\/v2\/product"}],"about":[{"href":"https:\/\/www.ghostysky.com\/pt\/wp-json\/wp\/v2\/types\/product"}],"replies":[{"embeddable":true,"href":"https:\/\/www.ghostysky.com\/pt\/wp-json\/wp\/v2\/comments?post=21234"}],"wp:featuredmedia":[{"embeddable":true,"href":"https:\/\/www.ghostysky.com\/pt\/wp-json\/wp\/v2\/media\/21233"}],"wp:attachment":[{"href":"https:\/\/www.ghostysky.com\/pt\/wp-json\/wp\/v2\/media?parent=21234"}],"wp:term":[{"taxonomy":"product_brand","embeddable":true,"href":"https:\/\/www.ghostysky.com\/pt\/wp-json\/wp\/v2\/product_brand?post=21234"},{"taxonomy":"product_cat","embeddable":true,"href":"https:\/\/www.ghostysky.com\/pt\/wp-json\/wp\/v2\/product_cat?post=21234"},{"taxonomy":"product_tag","embeddable":true,"href":"https:\/\/www.ghostysky.com\/pt\/wp-json\/wp\/v2\/product_tag?post=21234"}],"curies":[{"name":"wp","href":"https:\/\/api.w.org\/{rel}","templated":true}]}}