{"id":21235,"date":"2025-10-16T05:30:47","date_gmt":"2025-10-16T05:30:47","guid":{"rendered":"https:\/\/www.ghostysky.com\/?post_type=product&#038;p=21235"},"modified":"2026-02-06T14:30:44","modified_gmt":"2026-02-06T14:30:44","slug":"unitree-go2-w-inspection-edition","status":"publish","type":"product","link":"https:\/\/www.ghostysky.com\/pt\/product\/unitree-go2-w-inspection-edition\/","title":{"rendered":"Unitree Go2 W Inspection Edition"},"content":{"rendered":"<h3>Principais recursos da edi\u00e7\u00e3o de inspe\u00e7\u00e3o<\/h3>\n<ul>\n<li><b>Locomo\u00e7\u00e3o h\u00edbrida (quadr\u00fapede com rodas):<\/b><span class=\"citation-575 citation-end-575\"> Possui motores nas rodas e pneus pneum\u00e1ticos de 7 polegadas, permitindo alternar facilmente entre a opera\u00e7\u00e3o com rodas para velocidade e efici\u00eancia energ\u00e9tica e uma marcha com pernas para navegar por obst\u00e1culos desafiadores.<\/span>\n<ul>\n<li><b><span class=\"citation-574\">Capacidade todo-terreno:<\/span><\/b><span class=\"citation-574\"> Pode superar obst\u00e1culos de at\u00e9 <\/span><b><span class=\"citation-574\">70 cm<\/span><\/b><span class=\"citation-574 citation-end-574\"> alto e subir encostas\/escadas com um \u00e2ngulo m\u00e1ximo de subida de\u00a0 <\/span><b><span class=\"math-inline\" data-math=\"35^\\circ\">35\u00ba<\/span><\/b><span class=\"citation-573 citation-end-573\">.<\/span><\/li>\n<li><b>Velocidade m\u00e1xima:<\/b><span class=\"citation-572\"> At\u00e9 <\/span><b><span class=\"citation-572\">2,5 m\/s<\/span><\/b><span class=\"citation-572 citation-end-572\">.<\/span><\/li>\n<\/ul>\n<\/li>\n<li><b>Conjunto de sensores avan\u00e7ados para inspe\u00e7\u00e3o:<\/b> Esta edi\u00e7\u00e3o \u00e9 especificamente equipada para coleta de dados de alta precis\u00e3o:\n<ul>\n<li><b><span class=\"citation-571\">Gimbal \u00f3ptico duplo:<\/span><\/b><span class=\"citation-571 citation-end-571\"> Inclui um sistema de estabiliza\u00e7\u00e3o de tr\u00eas eixos de alta precis\u00e3o para imagens extremamente est\u00e1veis.<\/span>\n<ul>\n<li><b>Sensor de imagem t\u00e9rmica:<\/b><span class=\"citation-570 citation-end-570\"> Apresenta uma resolu\u00e7\u00e3o de <\/span><span class=\"math-inline\" data-math=\"640 \\times 512\">640 x 512<\/span><span class=\"citation-569 citation-end-569\">\u00a0para inspe\u00e7\u00f5es t\u00e9rmicas, com ampla faixa de medi\u00e7\u00e3o de temperatura e precis\u00e3o.<\/span><\/li>\n<\/ul>\n<\/li>\n<li><b><span class=\"citation-568\">LiDAR 3D de \u00faltima gera\u00e7\u00e3o (Hesai XT16):<\/span><\/b><span class=\"citation-568 citation-end-568\"> Oferece percep\u00e7\u00e3o ambiental superior e de alta resolu\u00e7\u00e3o e vem com um algoritmo de navega\u00e7\u00e3o.<\/span><\/li>\n<li><b><span class=\"citation-567\">Unitree 4D LiDAR L1:<\/span><\/b><span class=\"citation-567 citation-end-567\"> Fornece <\/span><span class=\"math-inline\" data-math=\"360^\\circ \\times 90^\\circ\">360\u00ba x 90\u00ba <\/span><span class=\"citation-566 citation-end-566\">reconhecimento ultra-amplo hemisf\u00e9rico para preven\u00e7\u00e3o avan\u00e7ada de obst\u00e1culos.<\/span><\/li>\n<\/ul>\n<\/li>\n<li><b>Computa\u00e7\u00e3o e desenvolvimento poderosos:<\/b>\n<ul>\n<li><b>Processador:<\/b><span class=\"citation-565 citation-end-565\"> Equipado com uma CPU de alto desempenho de 8 n\u00facleos.<\/span><\/li>\n<li><b>Suporte ROS 2:<\/b><span class=\"citation-564\"> A edi\u00e7\u00e3o de inspe\u00e7\u00e3o foi projetada para oferecer suporte <\/span><b><span class=\"citation-564\">desenvolvimento secund\u00e1rio baseado em ROS 2<\/span><\/b><span class=\"citation-564 citation-end-564\"> (Sistema Operacional de Rob\u00f4s 2), tornando-o uma excelente ferramenta para pesquisadores de rob\u00f3tica e profissionais da ind\u00fastria que precisam personalizar sua funcionalidade.<\/span><\/li>\n<li><b>APIs e SDKs abertos:<\/b><span class=\"citation-563 citation-end-563\"> O Unitree fornece interfaces abertas para controle de alto e baixo n\u00edvel (Python e C++), permitindo acesso granular \u00e0s posi\u00e7\u00f5es do motor, dados do sensor e muito mais.<\/span><\/li>\n<\/ul>\n<\/li>\n<li><b>Desempenho e resist\u00eancia:<\/b>\n<ul>\n<li><b>Bateria:<\/b><span class=\"citation-562\"> Bateria de longa dura\u00e7\u00e3o (<\/span><b><span class=\"citation-562\">15000 mAh<\/span><\/b><span class=\"citation-562 citation-end-562\">).<\/span><\/li>\n<li><b>Tempo de opera\u00e7\u00e3o:<\/b> Aprox. <b><span class=\"citation-561\">1,5 a 3 horas<\/span><\/b><span class=\"citation-561 citation-end-561\"> dependendo do uso.<\/span><\/li>\n<li><b>Carga \u00fatil:<\/b> At\u00e9 <b>8 kg<\/b> (limite <span class=\"math-inline\" data-math=\"\\approx 12\">~ 12<\/span>\u00a0kg).<\/li>\n<\/ul>\n<\/li>\n<\/ul>\n<p><span class=\"citation-560 citation-end-560\">O Unitree Go2 W Inspection Edition \u00e9 uma plataforma rob\u00f3tica de n\u00edvel profissional desenvolvida para opera\u00e7\u00e3o confi\u00e1vel, sofisticada e aut\u00f4noma em diversos ambientes industriais e de pesquisa.<\/span><\/p>","protected":false},"excerpt":{"rendered":"<p><span class=\"citation-577\">O <\/span><b><span class=\"citation-577\">Unitree Go2 W Inspection Edition<\/span><\/b><span class=\"citation-577\"> \u00e9 um rob\u00f4 quadr\u00fapede especializado, de alto desempenho e com rodas, projetado para aplica\u00e7\u00f5es profissionais exigentes, como <\/span><b><span class=\"citation-577\">inspe\u00e7\u00e3o industrial<\/span><\/b><span class=\"citation-577\">, <\/span><b><span class=\"citation-577\">patrulhas de seguran\u00e7a<\/span><\/b><span class=\"citation-577\">, e <\/span><b><span class=\"citation-577\">P&amp;D<\/span><\/b><span class=\"citation-577 citation-end-577\"> em ambientes complexos e variados.<\/span><\/p>\n<p><span class=\"citation-576 citation-end-576\">Combinando a agilidade de um quadr\u00fapede com a efici\u00eancia das rodas, o Go2-W \u00e9 uma plataforma vers\u00e1til capaz tanto de movimentos r\u00e1pidos e suaves em terrenos planos quanto de caminhadas\/escaladas robustas em terrenos acidentados.<\/span><\/p>","protected":false},"featured_media":21233,"comment_status":"open","ping_status":"closed","template":"","meta":[],"product_brand":[1087],"product_cat":[1039,1037,1085],"product_tag":[1088,1092,1089,1090],"class_list":{"0":"post-21235","1":"product","2":"type-product","3":"status-publish","4":"has-post-thumbnail","6":"product_brand-unitree","7":"product_cat-quadruped","8":"product_cat-robotics","9":"product_cat-unitree-quad-robots","10":"product_tag-unitree","11":"product_tag-unitree-go2-series","12":"product_tag-unitree-quadruped","13":"product_tag-unitree-quadruped-robots","15":"first","16":"onbackorder","17":"taxable","18":"shipping-taxable","19":"purchasable","20":"product-type-simple"},"yoast_head":"<!-- This site is optimized with the Yoast SEO plugin v27.4 - https:\/\/yoast.com\/product\/yoast-seo-wordpress\/ -->\n<title>Unitree Go2 W Inspection Edition - Ghostysky<\/title>\n<meta name=\"description\" content=\"The Unitree Go2 W Inspection Edition is a specialized, high-performance, wheeled quadruped robot designed for demanding professional applications such as industrial inspection, security patrols, and R&amp;D in complex, varied environments.Combining the agility of a quadruped with the efficiency of wheels, the Go2-W is a versatile platform capable of both fast, smooth movement on level ground and robust walking\/climbing on rough terrain.\" \/>\n<meta name=\"robots\" content=\"index, follow, max-snippet:-1, max-image-preview:large, max-video-preview:-1\" \/>\n<link rel=\"canonical\" href=\"https:\/\/www.ghostysky.com\/pt\/produto-2\/unitree-go2-w-inspection-edition\/\" \/>\n<meta property=\"og:locale\" content=\"pt_PT\" \/>\n<meta property=\"og:type\" content=\"article\" \/>\n<meta property=\"og:title\" content=\"Unitree Go2 W Inspection Edition - Ghostysky\" \/>\n<meta property=\"og:description\" content=\"The Unitree Go2 W Inspection Edition is a specialized, high-performance, wheeled quadruped robot designed for demanding professional applications such as industrial inspection, security patrols, and R&amp;D in complex, varied environments.Combining the agility of a quadruped with the efficiency of wheels, the Go2-W is a versatile platform capable of both fast, smooth movement on level ground and robust walking\/climbing on rough terrain.\" \/>\n<meta property=\"og:url\" content=\"https:\/\/www.ghostysky.com\/pt\/produto-2\/unitree-go2-w-inspection-edition\/\" \/>\n<meta property=\"og:site_name\" content=\"Ghostysky\" \/>\n<meta property=\"article:publisher\" content=\"https:\/\/www.facebook.com\/people\/Ghostysky\/100057676170234\/\" \/>\n<meta property=\"article:modified_time\" content=\"2026-02-06T14:30:44+00:00\" \/>\n<meta property=\"og:image\" content=\"https:\/\/www.ghostysky.com\/wp-content\/uploads\/2025\/10\/GH_Unitree_GO2_W_1.png\" \/>\n\t<meta property=\"og:image:width\" content=\"650\" \/>\n\t<meta property=\"og:image:height\" content=\"650\" \/>\n\t<meta property=\"og:image:type\" content=\"image\/png\" \/>\n<meta name=\"twitter:card\" content=\"summary_large_image\" \/>\n<meta name=\"twitter:site\" content=\"@Gh0stysky\" \/>\n<meta name=\"twitter:label1\" content=\"Tempo estimado de leitura\" \/>\n\t<meta name=\"twitter:data1\" content=\"2 minutos\" \/>\n<script type=\"application\/ld+json\" class=\"yoast-schema-graph\">{\"@context\":\"https:\\\/\\\/schema.org\",\"@graph\":[{\"@type\":\"WebPage\",\"@id\":\"https:\\\/\\\/www.ghostysky.com\\\/product\\\/unitree-go2-w-inspection-edition\\\/\",\"url\":\"https:\\\/\\\/www.ghostysky.com\\\/product\\\/unitree-go2-w-inspection-edition\\\/\",\"name\":\"Unitree Go2 W Inspection Edition - Ghostysky\",\"isPartOf\":{\"@id\":\"https:\\\/\\\/www.ghostysky.com\\\/#website\"},\"primaryImageOfPage\":{\"@id\":\"https:\\\/\\\/www.ghostysky.com\\\/product\\\/unitree-go2-w-inspection-edition\\\/#primaryimage\"},\"image\":{\"@id\":\"https:\\\/\\\/www.ghostysky.com\\\/product\\\/unitree-go2-w-inspection-edition\\\/#primaryimage\"},\"thumbnailUrl\":\"https:\\\/\\\/www.ghostysky.com\\\/wp-content\\\/uploads\\\/2025\\\/10\\\/GH_Unitree_GO2_W_1.png\",\"datePublished\":\"2025-10-16T05:30:47+00:00\",\"dateModified\":\"2026-02-06T14:30:44+00:00\",\"description\":\"The Unitree Go2 W Inspection Edition is a specialized, high-performance, wheeled quadruped robot designed for demanding professional applications such as industrial inspection, security patrols, and R&D in complex, varied environments.Combining the agility of a quadruped with the efficiency of wheels, the Go2-W is a versatile platform capable of both fast, smooth movement on level ground and robust walking\\\/climbing on rough terrain.\",\"breadcrumb\":{\"@id\":\"https:\\\/\\\/www.ghostysky.com\\\/product\\\/unitree-go2-w-inspection-edition\\\/#breadcrumb\"},\"inLanguage\":\"pt-PT\",\"potentialAction\":[{\"@type\":\"ReadAction\",\"target\":[\"https:\\\/\\\/www.ghostysky.com\\\/product\\\/unitree-go2-w-inspection-edition\\\/\"]}]},{\"@type\":\"ImageObject\",\"inLanguage\":\"pt-PT\",\"@id\":\"https:\\\/\\\/www.ghostysky.com\\\/product\\\/unitree-go2-w-inspection-edition\\\/#primaryimage\",\"url\":\"https:\\\/\\\/www.ghostysky.com\\\/wp-content\\\/uploads\\\/2025\\\/10\\\/GH_Unitree_GO2_W_1.png\",\"contentUrl\":\"https:\\\/\\\/www.ghostysky.com\\\/wp-content\\\/uploads\\\/2025\\\/10\\\/GH_Unitree_GO2_W_1.png\",\"width\":650,\"height\":650},{\"@type\":\"BreadcrumbList\",\"@id\":\"https:\\\/\\\/www.ghostysky.com\\\/product\\\/unitree-go2-w-inspection-edition\\\/#breadcrumb\",\"itemListElement\":[{\"@type\":\"ListItem\",\"position\":1,\"name\":\"Home\",\"item\":\"https:\\\/\\\/www.ghostysky.com\\\/\"},{\"@type\":\"ListItem\",\"position\":2,\"name\":\"Shop\",\"item\":\"https:\\\/\\\/www.ghostysky.com\\\/shop\\\/\"},{\"@type\":\"ListItem\",\"position\":3,\"name\":\"Unitree Go2 W Inspection Edition\"}]},{\"@type\":\"WebSite\",\"@id\":\"https:\\\/\\\/www.ghostysky.com\\\/#website\",\"url\":\"https:\\\/\\\/www.ghostysky.com\\\/\",\"name\":\"Ghostysky\",\"description\":\"Delivering professional drones and services\",\"publisher\":{\"@id\":\"https:\\\/\\\/www.ghostysky.com\\\/#organization\"},\"potentialAction\":[{\"@type\":\"SearchAction\",\"target\":{\"@type\":\"EntryPoint\",\"urlTemplate\":\"https:\\\/\\\/www.ghostysky.com\\\/?s={search_term_string}\"},\"query-input\":{\"@type\":\"PropertyValueSpecification\",\"valueRequired\":true,\"valueName\":\"search_term_string\"}}],\"inLanguage\":\"pt-PT\"},{\"@type\":\"Organization\",\"@id\":\"https:\\\/\\\/www.ghostysky.com\\\/#organization\",\"name\":\"Ghostysky\",\"url\":\"https:\\\/\\\/www.ghostysky.com\\\/\",\"logo\":{\"@type\":\"ImageObject\",\"inLanguage\":\"pt-PT\",\"@id\":\"https:\\\/\\\/www.ghostysky.com\\\/#\\\/schema\\\/logo\\\/image\\\/\",\"url\":\"https:\\\/\\\/www.ghostysky.com\\\/wp-content\\\/uploads\\\/2020\\\/06\\\/cropped-ghostyskylogo_text_white2.png\",\"contentUrl\":\"https:\\\/\\\/www.ghostysky.com\\\/wp-content\\\/uploads\\\/2020\\\/06\\\/cropped-ghostyskylogo_text_white2.png\",\"width\":169,\"height\":56,\"caption\":\"Ghostysky\"},\"image\":{\"@id\":\"https:\\\/\\\/www.ghostysky.com\\\/#\\\/schema\\\/logo\\\/image\\\/\"},\"sameAs\":[\"https:\\\/\\\/www.facebook.com\\\/people\\\/Ghostysky\\\/100057676170234\\\/\",\"https:\\\/\\\/x.com\\\/Gh0stysky\",\"https:\\\/\\\/www.linkedin.com\\\/company\\\/34739653\",\"https:\\\/\\\/www.instagram.com\\\/gh0stysky\"]}]}<\/script>\n<!-- \/ Yoast SEO plugin. -->","yoast_head_json":{"title":"Edi\u00e7\u00e3o de Inspe\u00e7\u00e3o Unitree Go2 W - Ghostysky","description":"O Unitree Go2 W Inspection Edition \u00e9 um rob\u00f4 quadr\u00fapede especializado, de alto desempenho, com rodas, projetado para aplica\u00e7\u00f5es profissionais exigentes, como inspe\u00e7\u00e3o industrial, patrulhas de seguran\u00e7a e P&amp;D em ambientes complexos e variados. Combinando a agilidade de um quadr\u00fapede com a efici\u00eancia das rodas, o Go2-W \u00e9 uma plataforma vers\u00e1til capaz de realizar movimentos r\u00e1pidos e suaves em terrenos planos e de caminhar\/escalar com firmeza em terrenos acidentados.","robots":{"index":"index","follow":"follow","max-snippet":"max-snippet:-1","max-image-preview":"max-image-preview:large","max-video-preview":"max-video-preview:-1"},"canonical":"https:\/\/www.ghostysky.com\/pt\/produto-2\/unitree-go2-w-inspection-edition\/","og_locale":"pt_PT","og_type":"article","og_title":"Unitree Go2 W Inspection Edition - Ghostysky","og_description":"The Unitree Go2 W Inspection Edition is a specialized, high-performance, wheeled quadruped robot designed for demanding professional applications such as industrial inspection, security patrols, and R&D in complex, varied environments.Combining the agility of a quadruped with the efficiency of wheels, the Go2-W is a versatile platform capable of both fast, smooth movement on level ground and robust walking\/climbing on rough terrain.","og_url":"https:\/\/www.ghostysky.com\/pt\/produto-2\/unitree-go2-w-inspection-edition\/","og_site_name":"Ghostysky","article_publisher":"https:\/\/www.facebook.com\/people\/Ghostysky\/100057676170234\/","article_modified_time":"2026-02-06T14:30:44+00:00","og_image":[{"width":650,"height":650,"url":"https:\/\/www.ghostysky.com\/wp-content\/uploads\/2025\/10\/GH_Unitree_GO2_W_1.png","type":"image\/png"}],"twitter_card":"summary_large_image","twitter_site":"@Gh0stysky","twitter_misc":{"Tempo estimado de leitura":"2 minutos"},"schema":{"@context":"https:\/\/schema.org","@graph":[{"@type":"WebPage","@id":"https:\/\/www.ghostysky.com\/product\/unitree-go2-w-inspection-edition\/","url":"https:\/\/www.ghostysky.com\/product\/unitree-go2-w-inspection-edition\/","name":"Edi\u00e7\u00e3o de Inspe\u00e7\u00e3o Unitree Go2 W - Ghostysky","isPartOf":{"@id":"https:\/\/www.ghostysky.com\/#website"},"primaryImageOfPage":{"@id":"https:\/\/www.ghostysky.com\/product\/unitree-go2-w-inspection-edition\/#primaryimage"},"image":{"@id":"https:\/\/www.ghostysky.com\/product\/unitree-go2-w-inspection-edition\/#primaryimage"},"thumbnailUrl":"https:\/\/www.ghostysky.com\/wp-content\/uploads\/2025\/10\/GH_Unitree_GO2_W_1.png","datePublished":"2025-10-16T05:30:47+00:00","dateModified":"2026-02-06T14:30:44+00:00","description":"O Unitree Go2 W Inspection Edition \u00e9 um rob\u00f4 quadr\u00fapede especializado, de alto desempenho, com rodas, projetado para aplica\u00e7\u00f5es profissionais exigentes, como inspe\u00e7\u00e3o industrial, patrulhas de seguran\u00e7a e P&amp;D em ambientes complexos e variados. Combinando a agilidade de um quadr\u00fapede com a efici\u00eancia das rodas, o Go2-W \u00e9 uma plataforma vers\u00e1til capaz de realizar movimentos r\u00e1pidos e suaves em terrenos planos e de caminhar\/escalar com firmeza em terrenos acidentados.","breadcrumb":{"@id":"https:\/\/www.ghostysky.com\/product\/unitree-go2-w-inspection-edition\/#breadcrumb"},"inLanguage":"pt-PT","potentialAction":[{"@type":"ReadAction","target":["https:\/\/www.ghostysky.com\/product\/unitree-go2-w-inspection-edition\/"]}]},{"@type":"ImageObject","inLanguage":"pt-PT","@id":"https:\/\/www.ghostysky.com\/product\/unitree-go2-w-inspection-edition\/#primaryimage","url":"https:\/\/www.ghostysky.com\/wp-content\/uploads\/2025\/10\/GH_Unitree_GO2_W_1.png","contentUrl":"https:\/\/www.ghostysky.com\/wp-content\/uploads\/2025\/10\/GH_Unitree_GO2_W_1.png","width":650,"height":650},{"@type":"BreadcrumbList","@id":"https:\/\/www.ghostysky.com\/product\/unitree-go2-w-inspection-edition\/#breadcrumb","itemListElement":[{"@type":"ListItem","position":1,"name":"Home","item":"https:\/\/www.ghostysky.com\/"},{"@type":"ListItem","position":2,"name":"Shop","item":"https:\/\/www.ghostysky.com\/shop\/"},{"@type":"ListItem","position":3,"name":"Unitree Go2 W Inspection Edition"}]},{"@type":"WebSite","@id":"https:\/\/www.ghostysky.com\/#website","url":"https:\/\/www.ghostysky.com\/","name":"Ghostysky","description":"Fornecendo drones e servi\u00e7os profissionais","publisher":{"@id":"https:\/\/www.ghostysky.com\/#organization"},"potentialAction":[{"@type":"SearchAction","target":{"@type":"EntryPoint","urlTemplate":"https:\/\/www.ghostysky.com\/?s={search_term_string}"},"query-input":{"@type":"PropertyValueSpecification","valueRequired":true,"valueName":"search_term_string"}}],"inLanguage":"pt-PT"},{"@type":"Organization","@id":"https:\/\/www.ghostysky.com\/#organization","name":"Ghostysky","url":"https:\/\/www.ghostysky.com\/","logo":{"@type":"ImageObject","inLanguage":"pt-PT","@id":"https:\/\/www.ghostysky.com\/#\/schema\/logo\/image\/","url":"https:\/\/www.ghostysky.com\/wp-content\/uploads\/2020\/06\/cropped-ghostyskylogo_text_white2.png","contentUrl":"https:\/\/www.ghostysky.com\/wp-content\/uploads\/2020\/06\/cropped-ghostyskylogo_text_white2.png","width":169,"height":56,"caption":"Ghostysky"},"image":{"@id":"https:\/\/www.ghostysky.com\/#\/schema\/logo\/image\/"},"sameAs":["https:\/\/www.facebook.com\/people\/Ghostysky\/100057676170234\/","https:\/\/x.com\/Gh0stysky","https:\/\/www.linkedin.com\/company\/34739653","https:\/\/www.instagram.com\/gh0stysky"]}]}},"_links":{"self":[{"href":"https:\/\/www.ghostysky.com\/pt\/wp-json\/wp\/v2\/product\/21235","targetHints":{"allow":["GET"]}}],"collection":[{"href":"https:\/\/www.ghostysky.com\/pt\/wp-json\/wp\/v2\/product"}],"about":[{"href":"https:\/\/www.ghostysky.com\/pt\/wp-json\/wp\/v2\/types\/product"}],"replies":[{"embeddable":true,"href":"https:\/\/www.ghostysky.com\/pt\/wp-json\/wp\/v2\/comments?post=21235"}],"version-history":[{"count":0,"href":"https:\/\/www.ghostysky.com\/pt\/wp-json\/wp\/v2\/product\/21235\/revisions"}],"wp:featuredmedia":[{"embeddable":true,"href":"https:\/\/www.ghostysky.com\/pt\/wp-json\/wp\/v2\/media\/21233"}],"wp:attachment":[{"href":"https:\/\/www.ghostysky.com\/pt\/wp-json\/wp\/v2\/media?parent=21235"}],"wp:term":[{"taxonomy":"product_brand","embeddable":true,"href":"https:\/\/www.ghostysky.com\/pt\/wp-json\/wp\/v2\/product_brand?post=21235"},{"taxonomy":"product_cat","embeddable":true,"href":"https:\/\/www.ghostysky.com\/pt\/wp-json\/wp\/v2\/product_cat?post=21235"},{"taxonomy":"product_tag","embeddable":true,"href":"https:\/\/www.ghostysky.com\/pt\/wp-json\/wp\/v2\/product_tag?post=21235"}],"curies":[{"name":"wp","href":"https:\/\/api.w.org\/{rel}","templated":true}]}}