{"id":21237,"date":"2025-10-16T05:41:41","date_gmt":"2025-10-16T05:41:41","guid":{"rendered":"https:\/\/www.ghostysky.com\/?post_type=product&#038;p=21237"},"modified":"2026-02-06T15:25:53","modified_gmt":"2026-02-06T15:25:53","slug":"unitree-go2-plus-with-upgrade-screen-remote-controller-version-dual-camera","status":"publish","type":"product","link":"https:\/\/www.ghostysky.com\/pt\/product\/unitree-go2-plus-with-upgrade-screen-remote-controller-version-dual-camera\/","title":{"rendered":"Unitree Go2 Plus com vers\u00e3o de controle remoto de tela atualizada (c\u00e2mera dupla)"},"content":{"rendered":"<h3><b>Principais recursos da plataforma Go2 Plus<\/b><\/h3>\n<ul>\n<li><b><span class=\"citation-645\">Revolucion\u00e1rio 4D LiDAR L1:<\/span><\/b><span class=\"citation-645\"> Apresenta o 4D LiDAR L1 desenvolvido pela Unitree, fornecendo um <\/span><b><span class=\"citation-645\">Reconhecimento ultra-amplo hemisf\u00e9rico de 360\u00b0 x 90\u00b0<\/span><\/b><span class=\"citation-645 citation-end-645\"> faixa.<\/span> <span class=\"citation-644 citation-end-644\">Este sistema melhora significativamente a percep\u00e7\u00e3o do rob\u00f4 para reconhecimento de todo o terreno, navega\u00e7\u00e3o precisa e preven\u00e7\u00e3o inteligente de obst\u00e1culos, mesmo a uma dist\u00e2ncia m\u00ednima de detec\u00e7\u00e3o t\u00e3o baixa quanto\u00a0<\/span><span class=\"math-inline\" data-math=\"0.05\\text{m}\">0,05 m<\/span><span class=\"citation-643 citation-end-643\">.<\/span><\/li>\n<li><b>Desempenho e agilidade aprimorados:<\/b><span class=\"citation-642 citation-end-642\"> O rob\u00f4 apresenta desempenho de motor aprimorado, apresentando\u00a0<\/span><span class=\"math-inline\" data-math=\"12\">12<\/span><span class=\"citation-641 citation-end-641\">\u00a0motores de articula\u00e7\u00e3o do joelho com um torque m\u00e1ximo de articula\u00e7\u00e3o de at\u00e9\u00a0<\/span><span class=\"math-inline\" data-math=\"45\\text{N}\\cdot\\text{m}\">45 N.m<\/span><span class=\"citation-640 citation-end-640\">\u00a0(dependendo da variante espec\u00edfica do Go2 Plus).<\/span> <span class=\"citation-639 citation-end-639\">Ele atinge uma velocidade m\u00e1xima de corrida de aproximadamente\u00a0<\/span><span class=\"math-inline\" data-math=\"3.7\\text{m\/s}\">3,7 m\/s<\/span><span class=\"citation-638 citation-end-638\"> e pode atravessar terrenos complexos, escalar quedas de at\u00e9 <\/span><span class=\"math-inline\" data-math=\"\\sim 16\\text{cm}\">16 cm<\/span><span class=\"citation-637 citation-end-637\">, e navegue pelas encostas at\u00e9 <\/span><span class=\"math-inline\" data-math=\"40^\\circ\">40\u00ba<\/span><span class=\"citation-636 citation-end-636\">.<\/span><\/li>\n<li><b>Sistema de acompanhamento lateral inteligente 2.0 (ISS 2.0):<\/b><span class=\"citation-635 citation-end-635\"> Utiliza nova tecnologia de posicionamento e controle vetorial sem fio, aumentando a precis\u00e3o do posicionamento por\u00a0<\/span><span class=\"math-inline\" data-math=\"50\\%\">50%<\/span><span class=\"citation-634 citation-end-634\">\u00a0e estendendo a dist\u00e2ncia do controle remoto para mais de\u00a0<\/span><span class=\"math-inline\" data-math=\"30\\text{m}\">30m<\/span><span class=\"citation-633 citation-end-633\">, permitindo um acompanhamento confi\u00e1vel e otimizado para evitar obst\u00e1culos.<\/span><\/li>\n<li><b>Resist\u00eancia aprimorada:<\/b> Vem de f\u00e1brica com um <span class=\"math-inline\" data-math=\"8000\\text{mAh}\">8000mAh<\/span> bateria, com um opcional <span class=\"math-inline\" data-math=\"15000\\text{mAh}\">15000 mAh<\/span> bateria de ultra longa dura\u00e7\u00e3o para um tempo m\u00e1ximo de opera\u00e7\u00e3o de<span class=\"math-inline\" data-math=\"\\sim 2-4\"> 2-4<\/span>\u00a0horas, dependendo do uso.<\/li>\n<li><b>IA e programa\u00e7\u00e3o avan\u00e7adas:<\/b><span class=\"citation-632 citation-end-632\"> Suporta andamentos controlados por IA (como capotamento adapt\u00e1vel e escalada de obst\u00e1culos), mapeamento 3D LiDAR para planejamento aut\u00f4nomo de caminhos por meio de um aplicativo dedicado, atualiza\u00e7\u00f5es Over-The-Air (OTA) e programa\u00e7\u00e3o gr\u00e1fica para f\u00e1cil personaliza\u00e7\u00e3o.<\/span><\/li>\n<\/ul>\n<p><b>Controle remoto de tela atualizado e sistema de c\u00e2mera dupla:<\/b><\/p>\n<p><span class=\"citation-631 citation-end-631\">Esta vers\u00e3o inclui o controle remoto de \u00faltima gera\u00e7\u00e3o, integrando uma tela sens\u00edvel ao toque vibrante e de alta defini\u00e7\u00e3o e um poderoso sistema de c\u00e2mera dupla para ampla percep\u00e7\u00e3o situacional em tempo real.<\/span><\/p>\n<ul>\n<li><b>Imagens HD com c\u00e2mera dupla:<\/b><span class=\"citation-630\"> O sistema integrado de detec\u00e7\u00e3o de imagem apresenta <\/span><b><span class=\"citation-630 citation-end-630\">dual <\/span><span class=\"math-inline\" data-math=\"1080\\text{P}\">1080P <\/span><span class=\"citation-629\">C\u00e2meras HD<\/span><\/b><span class=\"citation-629 citation-end-629\"> com um <\/span><span class=\"math-inline\" data-math=\"120^\\circ\">120\u00ba<\/span><span class=\"citation-628 citation-end-628\"> vis\u00e3o grande angular, complementada por luzes de preenchimento de alto brilho para uma vis\u00e3o noturna n\u00edtida.<\/span><\/li>\n<li><b><span class=\"citation-627\">Transmiss\u00e3o de v\u00eddeo em tempo real:<\/span><\/b><span class=\"citation-627 citation-end-627\"> Oferece transmiss\u00e3o de v\u00eddeo de baixa lat\u00eancia (t\u00e3o baixa quanto\u00a0<\/span><span class=\"math-inline\" data-math=\"180\\text{ms}\">180ms<\/span><span class=\"citation-626 citation-end-626\">) para a tela, suportando dois canais <\/span><span class=\"math-inline\" data-math=\"1080\\text{P}\">1080 P<\/span><span class=\"citation-625 citation-end-625\">\u00a0transmiss\u00f5es de v\u00eddeo para monitoramento claro e imediato.<\/span><\/li>\n<li><b>Conectividade robusta:<\/b><span class=\"citation-624\"> Garante opera\u00e7\u00e3o cont\u00ednua com <\/span><b><span class=\"citation-624\">links de comunica\u00e7\u00e3o de backup duplo<\/span><\/b><span class=\"citation-624 citation-end-624\">: prim\u00e1rio\u00a0<\/span><span class=\"math-inline\" data-math=\"5.8\\text{G}\">5,8 G<\/span><span class=\"citation-623 citation-end-623\"> transmiss\u00e3o digital de dados de imagem e telemetria e backup <\/span><span class=\"math-inline\" data-math=\"4\\text{G}\">4G<\/span><span class=\"citation-622 citation-end-622\">\u00a0Comunica\u00e7\u00e3o Netcom completa (com suporte para cart\u00e3o SIM).<\/span><\/li>\n<li><b><span class=\"citation-621\">Sistema integrado de resposta a emerg\u00eancias &#039;3 em 1&#039; (variante opcional\/espec\u00edfica):<\/span><\/b><span class=\"citation-621 citation-end-621\"> A vers\u00e3o mais potente deste controle remoto conta com um sistema de alta pot\u00eancia para aplica\u00e7\u00f5es cr\u00edticas:<\/span>\n<ul>\n<li><b><span class=\"citation-620\">Holofote de alta intensidade:<\/span><\/b><span class=\"citation-620 citation-end-620\"> UMA <\/span><span class=\"math-inline\" data-math=\"30\\text{W}\">30W<\/span><span class=\"citation-619 citation-end-619\">, <\/span><span class=\"math-inline\" data-math=\"3000\\text{ Lumen}\">3000 l\u00famens<\/span><span class=\"citation-618 citation-end-618\">\u00a0holofote para iluminar longas dist\u00e2ncias.<\/span><\/li>\n<li><b>Transmiss\u00e3o de voz digital:<\/b><span class=\"citation-617 citation-end-617\"> Um poderoso <\/span><span class=\"math-inline\" data-math=\"130\\text{dB}\">130dB<\/span><span class=\"citation-616 citation-end-616\"> alto-falante com alcance de transmiss\u00e3o de at\u00e9 <\/span><span class=\"math-inline\" data-math=\"500\\text{m}\">500m<\/span><span class=\"citation-615 citation-end-615\">, com suporte para gritos em tempo real, reprodu\u00e7\u00e3o de grava\u00e7\u00f5es, alarmes e convers\u00e3o de texto em fala.<\/span><\/li>\n<li><b><span class=\"citation-614\">Luzes de advert\u00eancia vermelhas e azuis:<\/span><\/b> <span class=\"math-inline\" data-math=\"10\\text{W}\">10W<\/span><span class=\"citation-613 citation-end-613\">\u00a0luzes de advert\u00eancia com v\u00e1rios modos de piscar no estilo policial para aplica\u00e7\u00e3o da lei ou sinaliza\u00e7\u00e3o de emerg\u00eancia.<\/span><\/li>\n<\/ul>\n<\/li>\n<li><b><span class=\"citation-612\">Tela sens\u00edvel ao toque \u00e0 prova de explos\u00e3o:<\/span><\/b><span class=\"citation-612 citation-end-612\"> Projetado para ambientes dif\u00edceis e de alto risco, o controle remoto geralmente apresenta um visor \u00e0 prova de explos\u00e3o, fornecendo uma interface integrada e baseada em aplicativo para controle de movimento, ilumina\u00e7\u00e3o e \u00e1udio.<\/span><\/li>\n<\/ul>\n<p>O Unitree Go2 Plus com controle remoto de tela de atualiza\u00e7\u00e3o (c\u00e2mera dupla) \u00e9 a ferramenta definitiva para desenvolvimento avan\u00e7ado, seguran\u00e7a profissional, inspe\u00e7\u00e3o de emerg\u00eancia e cen\u00e1rios de pesquisa complexos que exigem m\u00e1xima consci\u00eancia situacional e recursos de comunica\u00e7\u00e3o robustos.<\/p>","protected":false},"excerpt":{"rendered":"<p>O Unitree Go2 Plus com o Controle Remoto Upgrade Screen \u00e9 um rob\u00f4 quadr\u00fapede avan\u00e7ado e de alto desempenho que ultrapassa os limites da IA incorporada, vigil\u00e2ncia e intera\u00e7\u00e3o inteligente. Esta vers\u00e3o \u00e9 especialmente equipada para profissionais e usu\u00e1rios avan\u00e7ados que exigem recursos aprimorados de monitoramento e comunica\u00e7\u00e3o.<\/p>","protected":false},"featured_media":21240,"comment_status":"open","ping_status":"closed","template":"","meta":[],"product_brand":[1087],"product_cat":[1039,1037,1085],"product_tag":[1088,1093,1092,1089,1090],"class_list":{"0":"post-21237","1":"product","2":"type-product","3":"status-publish","4":"has-post-thumbnail","6":"product_brand-unitree","7":"product_cat-quadruped","8":"product_cat-robotics","9":"product_cat-unitree-quad-robots","10":"product_tag-unitree","11":"product_tag-unitree-go2-industry-series","12":"product_tag-unitree-go2-series","13":"product_tag-unitree-quadruped","14":"product_tag-unitree-quadruped-robots","16":"first","17":"onbackorder","18":"taxable","19":"shipping-taxable","20":"purchasable","21":"product-type-simple"},"yoast_head":"<!-- This site is optimized with the Yoast SEO plugin v27.4 - https:\/\/yoast.com\/product\/yoast-seo-wordpress\/ -->\n<title>Unitree Go2 Plus with upgrade screen remote controller version (dual camera) - Ghostysky<\/title>\n<meta name=\"description\" content=\"The Unitree Go2 Plus with the Upgrade Screen Remote Controller is an advanced, high-performance quadruped robot that pushes the boundaries of embodied AI, surveillance, and intelligent interaction. This version is specifically equipped for professionals and advanced users who require enhanced monitoring and communication capabilities.\" \/>\n<meta name=\"robots\" content=\"index, follow, max-snippet:-1, max-image-preview:large, max-video-preview:-1\" \/>\n<link rel=\"canonical\" href=\"https:\/\/www.ghostysky.com\/pt\/produto-2\/unitree-go2-plus-with-upgrade-screen-remote-controller-version-dual-camera\/\" \/>\n<meta property=\"og:locale\" content=\"pt_PT\" \/>\n<meta property=\"og:type\" content=\"article\" \/>\n<meta property=\"og:title\" content=\"Unitree Go2 Plus with upgrade screen remote controller version (dual camera) - Ghostysky\" \/>\n<meta property=\"og:description\" content=\"The Unitree Go2 Plus with the Upgrade Screen Remote Controller is an advanced, high-performance quadruped robot that pushes the boundaries of embodied AI, surveillance, and intelligent interaction. This version is specifically equipped for professionals and advanced users who require enhanced monitoring and communication capabilities.\" \/>\n<meta property=\"og:url\" content=\"https:\/\/www.ghostysky.com\/pt\/produto-2\/unitree-go2-plus-with-upgrade-screen-remote-controller-version-dual-camera\/\" \/>\n<meta property=\"og:site_name\" content=\"Ghostysky\" \/>\n<meta property=\"article:publisher\" content=\"https:\/\/www.facebook.com\/people\/Ghostysky\/100057676170234\/\" \/>\n<meta property=\"article:modified_time\" content=\"2026-02-06T15:25:53+00:00\" \/>\n<meta property=\"og:image\" content=\"https:\/\/www.ghostysky.com\/wp-content\/uploads\/2025\/10\/GHGo2-Plus-with-upgrade-screen-remote-controller-version-dual-camera_1.jpg\" \/>\n\t<meta property=\"og:image:width\" content=\"225\" \/>\n\t<meta property=\"og:image:height\" content=\"225\" \/>\n\t<meta property=\"og:image:type\" content=\"image\/jpeg\" \/>\n<meta name=\"twitter:card\" content=\"summary_large_image\" \/>\n<meta name=\"twitter:site\" content=\"@Gh0stysky\" \/>\n<meta name=\"twitter:label1\" content=\"Tempo estimado de leitura\" \/>\n\t<meta name=\"twitter:data1\" content=\"3 minutos\" \/>\n<script type=\"application\/ld+json\" class=\"yoast-schema-graph\">{\"@context\":\"https:\\\/\\\/schema.org\",\"@graph\":[{\"@type\":\"WebPage\",\"@id\":\"https:\\\/\\\/www.ghostysky.com\\\/product\\\/unitree-go2-plus-with-upgrade-screen-remote-controller-version-dual-camera\\\/\",\"url\":\"https:\\\/\\\/www.ghostysky.com\\\/product\\\/unitree-go2-plus-with-upgrade-screen-remote-controller-version-dual-camera\\\/\",\"name\":\"Unitree Go2 Plus with upgrade screen remote controller version (dual camera) - Ghostysky\",\"isPartOf\":{\"@id\":\"https:\\\/\\\/www.ghostysky.com\\\/#website\"},\"primaryImageOfPage\":{\"@id\":\"https:\\\/\\\/www.ghostysky.com\\\/product\\\/unitree-go2-plus-with-upgrade-screen-remote-controller-version-dual-camera\\\/#primaryimage\"},\"image\":{\"@id\":\"https:\\\/\\\/www.ghostysky.com\\\/product\\\/unitree-go2-plus-with-upgrade-screen-remote-controller-version-dual-camera\\\/#primaryimage\"},\"thumbnailUrl\":\"https:\\\/\\\/www.ghostysky.com\\\/wp-content\\\/uploads\\\/2025\\\/10\\\/GHGo2-Plus-with-upgrade-screen-remote-controller-version-dual-camera_1.jpg\",\"datePublished\":\"2025-10-16T05:41:41+00:00\",\"dateModified\":\"2026-02-06T15:25:53+00:00\",\"description\":\"The Unitree Go2 Plus with the Upgrade Screen Remote Controller is an advanced, high-performance quadruped robot that pushes the boundaries of embodied AI, surveillance, and intelligent interaction. This version is specifically equipped for professionals and advanced users who require enhanced monitoring and communication capabilities.\",\"breadcrumb\":{\"@id\":\"https:\\\/\\\/www.ghostysky.com\\\/product\\\/unitree-go2-plus-with-upgrade-screen-remote-controller-version-dual-camera\\\/#breadcrumb\"},\"inLanguage\":\"pt-PT\",\"potentialAction\":[{\"@type\":\"ReadAction\",\"target\":[\"https:\\\/\\\/www.ghostysky.com\\\/product\\\/unitree-go2-plus-with-upgrade-screen-remote-controller-version-dual-camera\\\/\"]}]},{\"@type\":\"ImageObject\",\"inLanguage\":\"pt-PT\",\"@id\":\"https:\\\/\\\/www.ghostysky.com\\\/product\\\/unitree-go2-plus-with-upgrade-screen-remote-controller-version-dual-camera\\\/#primaryimage\",\"url\":\"https:\\\/\\\/www.ghostysky.com\\\/wp-content\\\/uploads\\\/2025\\\/10\\\/GHGo2-Plus-with-upgrade-screen-remote-controller-version-dual-camera_1.jpg\",\"contentUrl\":\"https:\\\/\\\/www.ghostysky.com\\\/wp-content\\\/uploads\\\/2025\\\/10\\\/GHGo2-Plus-with-upgrade-screen-remote-controller-version-dual-camera_1.jpg\",\"width\":225,\"height\":225},{\"@type\":\"BreadcrumbList\",\"@id\":\"https:\\\/\\\/www.ghostysky.com\\\/product\\\/unitree-go2-plus-with-upgrade-screen-remote-controller-version-dual-camera\\\/#breadcrumb\",\"itemListElement\":[{\"@type\":\"ListItem\",\"position\":1,\"name\":\"Home\",\"item\":\"https:\\\/\\\/www.ghostysky.com\\\/\"},{\"@type\":\"ListItem\",\"position\":2,\"name\":\"Shop\",\"item\":\"https:\\\/\\\/www.ghostysky.com\\\/shop\\\/\"},{\"@type\":\"ListItem\",\"position\":3,\"name\":\"Unitree Go2 Plus with upgrade screen remote controller version (dual camera)\"}]},{\"@type\":\"WebSite\",\"@id\":\"https:\\\/\\\/www.ghostysky.com\\\/#website\",\"url\":\"https:\\\/\\\/www.ghostysky.com\\\/\",\"name\":\"Ghostysky\",\"description\":\"Delivering professional drones and robotics solutions\",\"publisher\":{\"@id\":\"https:\\\/\\\/www.ghostysky.com\\\/#organization\"},\"potentialAction\":[{\"@type\":\"SearchAction\",\"target\":{\"@type\":\"EntryPoint\",\"urlTemplate\":\"https:\\\/\\\/www.ghostysky.com\\\/?s={search_term_string}\"},\"query-input\":{\"@type\":\"PropertyValueSpecification\",\"valueRequired\":true,\"valueName\":\"search_term_string\"}}],\"inLanguage\":\"pt-PT\"},{\"@type\":\"Organization\",\"@id\":\"https:\\\/\\\/www.ghostysky.com\\\/#organization\",\"name\":\"Ghostysky\",\"url\":\"https:\\\/\\\/www.ghostysky.com\\\/\",\"logo\":{\"@type\":\"ImageObject\",\"inLanguage\":\"pt-PT\",\"@id\":\"https:\\\/\\\/www.ghostysky.com\\\/#\\\/schema\\\/logo\\\/image\\\/\",\"url\":\"https:\\\/\\\/www.ghostysky.com\\\/wp-content\\\/uploads\\\/2020\\\/06\\\/cropped-ghostyskylogo_text_white2.png\",\"contentUrl\":\"https:\\\/\\\/www.ghostysky.com\\\/wp-content\\\/uploads\\\/2020\\\/06\\\/cropped-ghostyskylogo_text_white2.png\",\"width\":169,\"height\":56,\"caption\":\"Ghostysky\"},\"image\":{\"@id\":\"https:\\\/\\\/www.ghostysky.com\\\/#\\\/schema\\\/logo\\\/image\\\/\"},\"sameAs\":[\"https:\\\/\\\/www.facebook.com\\\/people\\\/Ghostysky\\\/100057676170234\\\/\",\"https:\\\/\\\/x.com\\\/Gh0stysky\",\"https:\\\/\\\/www.linkedin.com\\\/company\\\/34739653\",\"https:\\\/\\\/www.instagram.com\\\/gh0stysky\"]}]}<\/script>\n<!-- \/ Yoast SEO plugin. -->","yoast_head_json":{"title":"Vers\u00e3o do controle remoto Unitree Go2 Plus com tela de atualiza\u00e7\u00e3o (c\u00e2mera dupla) - Ghostysky","description":"O Unitree Go2 Plus com o Controle Remoto Upgrade Screen \u00e9 um rob\u00f4 quadr\u00fapede avan\u00e7ado e de alto desempenho que ultrapassa os limites da IA incorporada, vigil\u00e2ncia e intera\u00e7\u00e3o inteligente. Esta vers\u00e3o \u00e9 especialmente equipada para profissionais e usu\u00e1rios avan\u00e7ados que exigem recursos aprimorados de monitoramento e comunica\u00e7\u00e3o.","robots":{"index":"index","follow":"follow","max-snippet":"max-snippet:-1","max-image-preview":"max-image-preview:large","max-video-preview":"max-video-preview:-1"},"canonical":"https:\/\/www.ghostysky.com\/pt\/produto-2\/unitree-go2-plus-with-upgrade-screen-remote-controller-version-dual-camera\/","og_locale":"pt_PT","og_type":"article","og_title":"Unitree Go2 Plus with upgrade screen remote controller version (dual camera) - Ghostysky","og_description":"The Unitree Go2 Plus with the Upgrade Screen Remote Controller is an advanced, high-performance quadruped robot that pushes the boundaries of embodied AI, surveillance, and intelligent interaction. This version is specifically equipped for professionals and advanced users who require enhanced monitoring and communication capabilities.","og_url":"https:\/\/www.ghostysky.com\/pt\/produto-2\/unitree-go2-plus-with-upgrade-screen-remote-controller-version-dual-camera\/","og_site_name":"Ghostysky","article_publisher":"https:\/\/www.facebook.com\/people\/Ghostysky\/100057676170234\/","article_modified_time":"2026-02-06T15:25:53+00:00","og_image":[{"width":225,"height":225,"url":"https:\/\/www.ghostysky.com\/wp-content\/uploads\/2025\/10\/GHGo2-Plus-with-upgrade-screen-remote-controller-version-dual-camera_1.jpg","type":"image\/jpeg"}],"twitter_card":"summary_large_image","twitter_site":"@Gh0stysky","twitter_misc":{"Tempo estimado de leitura":"3 minutos"},"schema":{"@context":"https:\/\/schema.org","@graph":[{"@type":"WebPage","@id":"https:\/\/www.ghostysky.com\/product\/unitree-go2-plus-with-upgrade-screen-remote-controller-version-dual-camera\/","url":"https:\/\/www.ghostysky.com\/product\/unitree-go2-plus-with-upgrade-screen-remote-controller-version-dual-camera\/","name":"Vers\u00e3o do controle remoto Unitree Go2 Plus com tela de atualiza\u00e7\u00e3o (c\u00e2mera dupla) - Ghostysky","isPartOf":{"@id":"https:\/\/www.ghostysky.com\/#website"},"primaryImageOfPage":{"@id":"https:\/\/www.ghostysky.com\/product\/unitree-go2-plus-with-upgrade-screen-remote-controller-version-dual-camera\/#primaryimage"},"image":{"@id":"https:\/\/www.ghostysky.com\/product\/unitree-go2-plus-with-upgrade-screen-remote-controller-version-dual-camera\/#primaryimage"},"thumbnailUrl":"https:\/\/www.ghostysky.com\/wp-content\/uploads\/2025\/10\/GHGo2-Plus-with-upgrade-screen-remote-controller-version-dual-camera_1.jpg","datePublished":"2025-10-16T05:41:41+00:00","dateModified":"2026-02-06T15:25:53+00:00","description":"O Unitree Go2 Plus com o Controle Remoto Upgrade Screen \u00e9 um rob\u00f4 quadr\u00fapede avan\u00e7ado e de alto desempenho que ultrapassa os limites da IA incorporada, vigil\u00e2ncia e intera\u00e7\u00e3o inteligente. Esta vers\u00e3o \u00e9 especialmente equipada para profissionais e usu\u00e1rios avan\u00e7ados que exigem recursos aprimorados de monitoramento e comunica\u00e7\u00e3o.","breadcrumb":{"@id":"https:\/\/www.ghostysky.com\/product\/unitree-go2-plus-with-upgrade-screen-remote-controller-version-dual-camera\/#breadcrumb"},"inLanguage":"pt-PT","potentialAction":[{"@type":"ReadAction","target":["https:\/\/www.ghostysky.com\/product\/unitree-go2-plus-with-upgrade-screen-remote-controller-version-dual-camera\/"]}]},{"@type":"ImageObject","inLanguage":"pt-PT","@id":"https:\/\/www.ghostysky.com\/product\/unitree-go2-plus-with-upgrade-screen-remote-controller-version-dual-camera\/#primaryimage","url":"https:\/\/www.ghostysky.com\/wp-content\/uploads\/2025\/10\/GHGo2-Plus-with-upgrade-screen-remote-controller-version-dual-camera_1.jpg","contentUrl":"https:\/\/www.ghostysky.com\/wp-content\/uploads\/2025\/10\/GHGo2-Plus-with-upgrade-screen-remote-controller-version-dual-camera_1.jpg","width":225,"height":225},{"@type":"BreadcrumbList","@id":"https:\/\/www.ghostysky.com\/product\/unitree-go2-plus-with-upgrade-screen-remote-controller-version-dual-camera\/#breadcrumb","itemListElement":[{"@type":"ListItem","position":1,"name":"Home","item":"https:\/\/www.ghostysky.com\/"},{"@type":"ListItem","position":2,"name":"Shop","item":"https:\/\/www.ghostysky.com\/shop\/"},{"@type":"ListItem","position":3,"name":"Unitree Go2 Plus with upgrade screen remote controller version (dual camera)"}]},{"@type":"WebSite","@id":"https:\/\/www.ghostysky.com\/#website","url":"https:\/\/www.ghostysky.com\/","name":"Ghostysky","description":"Fornecendo solu\u00e7\u00f5es profissionais em drones e rob\u00f3tica.","publisher":{"@id":"https:\/\/www.ghostysky.com\/#organization"},"potentialAction":[{"@type":"SearchAction","target":{"@type":"EntryPoint","urlTemplate":"https:\/\/www.ghostysky.com\/?s={search_term_string}"},"query-input":{"@type":"PropertyValueSpecification","valueRequired":true,"valueName":"search_term_string"}}],"inLanguage":"pt-PT"},{"@type":"Organization","@id":"https:\/\/www.ghostysky.com\/#organization","name":"Ghostysky","url":"https:\/\/www.ghostysky.com\/","logo":{"@type":"ImageObject","inLanguage":"pt-PT","@id":"https:\/\/www.ghostysky.com\/#\/schema\/logo\/image\/","url":"https:\/\/www.ghostysky.com\/wp-content\/uploads\/2020\/06\/cropped-ghostyskylogo_text_white2.png","contentUrl":"https:\/\/www.ghostysky.com\/wp-content\/uploads\/2020\/06\/cropped-ghostyskylogo_text_white2.png","width":169,"height":56,"caption":"Ghostysky"},"image":{"@id":"https:\/\/www.ghostysky.com\/#\/schema\/logo\/image\/"},"sameAs":["https:\/\/www.facebook.com\/people\/Ghostysky\/100057676170234\/","https:\/\/x.com\/Gh0stysky","https:\/\/www.linkedin.com\/company\/34739653","https:\/\/www.instagram.com\/gh0stysky"]}]}},"_links":{"self":[{"href":"https:\/\/www.ghostysky.com\/pt\/wp-json\/wp\/v2\/product\/21237","targetHints":{"allow":["GET"]}}],"collection":[{"href":"https:\/\/www.ghostysky.com\/pt\/wp-json\/wp\/v2\/product"}],"about":[{"href":"https:\/\/www.ghostysky.com\/pt\/wp-json\/wp\/v2\/types\/product"}],"replies":[{"embeddable":true,"href":"https:\/\/www.ghostysky.com\/pt\/wp-json\/wp\/v2\/comments?post=21237"}],"version-history":[{"count":0,"href":"https:\/\/www.ghostysky.com\/pt\/wp-json\/wp\/v2\/product\/21237\/revisions"}],"wp:featuredmedia":[{"embeddable":true,"href":"https:\/\/www.ghostysky.com\/pt\/wp-json\/wp\/v2\/media\/21240"}],"wp:attachment":[{"href":"https:\/\/www.ghostysky.com\/pt\/wp-json\/wp\/v2\/media?parent=21237"}],"wp:term":[{"taxonomy":"product_brand","embeddable":true,"href":"https:\/\/www.ghostysky.com\/pt\/wp-json\/wp\/v2\/product_brand?post=21237"},{"taxonomy":"product_cat","embeddable":true,"href":"https:\/\/www.ghostysky.com\/pt\/wp-json\/wp\/v2\/product_cat?post=21237"},{"taxonomy":"product_tag","embeddable":true,"href":"https:\/\/www.ghostysky.com\/pt\/wp-json\/wp\/v2\/product_tag?post=21237"}],"curies":[{"name":"wp","href":"https:\/\/api.w.org\/{rel}","templated":true}]}}