{"id":21243,"date":"2025-10-16T05:53:08","date_gmt":"2025-10-16T05:53:08","guid":{"rendered":"https:\/\/www.ghostysky.com\/?post_type=product&#038;p=21243"},"modified":"2025-10-16T05:53:38","modified_gmt":"2025-10-16T05:53:38","slug":"unitree-go2-ent-plus-3-go2-screen-remote-control-dual-camera6-38mm-transmitters","status":"publish","type":"product","link":"https:\/\/www.ghostysky.com\/pt\/product\/unitree-go2-ent-plus-3-go2-screen-remote-control-dual-camera6-38mm-transmitters\/","title":{"rendered":"Unitree Go2 Ent- Plus 3 (controle remoto de tela Go2 (c\u00e2mera dupla + 6 transmissores de 38 mm)"},"content":{"rendered":"<h3>Principais recursos do Go2 Ent-Plus 3<\/h3>\n<p><b>1. Capacidade de carga \u00fatil e miss\u00e3o aprimoradas:<\/b><\/p>\n<ul>\n<li><b><span class=\"citation-745\">Sistema transmissor de 6 canais de 38 mm:<\/span><\/b><span class=\"citation-745 citation-end-745\"> A caracter\u00edstica mais marcante deste modelo \u00e9 que ele \u00e9 equipado com um sistema de lan\u00e7ador de 38 mm de seis canais com modo de gatilho eletr\u00f4nico.<\/span><\/li>\n<li><b>Suporte de Muni\u00e7\u00e3o:<\/b><span class=\"citation-744 citation-end-744\"> Este sistema suporta diversas muni\u00e7\u00f5es el\u00e9tricas de 38 mm, como fuma\u00e7a, g\u00e1s lacrimog\u00eaneo ou proj\u00e9teis explosivos (quando permitido).<\/span><\/li>\n<li><b>Mira e montagem de precis\u00e3o:<\/b><span class=\"citation-743 citation-end-743\"> Possui um sistema de mira a laser e um \u00e2ngulo ajust\u00e1vel manualmente <sup class=\"superscript\" data-turn-source-index=\"5\">5<\/sup><\/span><span class=\"math-inline\" data-math=\"0^\\circ\">$0^\\circ$<\/span><span class=\"citation-742 citation-end-742\"> para <sup class=\"superscript\" data-turn-source-index=\"6\">6<\/sup><\/span><span class=\"math-inline\" data-math=\"90^\\circ\">$90^\\circ$<\/span><span class=\"citation-741 citation-end-741\"> para implanta\u00e7\u00e3o precisa.<sup class=\"superscript\" data-turn-source-index=\"7\">7<\/sup><\/span> O sistema utiliza materiais dur\u00e1veis de alum\u00ednio de avia\u00e7\u00e3o e fibra de carbono.<\/li>\n<\/ul>\n<p><b>2. Vis\u00e3o e controle superiores:<\/b><\/p>\n<ul>\n<li><b><span class=\"citation-740\">Controle remoto da tela:<\/span><\/b><span class=\"citation-740 citation-end-740\"> Fornece um controle remoto robusto e \u00e0 prova de explos\u00e3o com uma tela integrada para opera\u00e7\u00e3o clara e em tempo real, al\u00e9m de supervis\u00e3o da miss\u00e3o.<\/span><\/li>\n<li><b><span class=\"citation-739\">Sistema de c\u00e2mera dupla:<\/span><\/b><span class=\"citation-739\"> Inclui um sistema de detec\u00e7\u00e3o de imagem padr\u00e3o com <\/span><b><span class=\"citation-739\">c\u00e2meras duplas HD 1080P<\/span><\/b><span class=\"citation-739 citation-end-739\"> e um <sup class=\"superscript\" data-turn-source-index=\"9\">9<\/sup><\/span><span class=\"math-inline\" data-math=\"120^\\circ\">$120^\\circ$<\/span><span class=\"citation-738 citation-end-738\"> vis\u00e3o grande angular, complementada por quatro luzes de preenchimento de alto brilho para visibilidade ideal em condi\u00e7\u00f5es de pouca luz.<\/span><\/li>\n<li><b>Ilumina\u00e7\u00e3o de alta intensidade:<\/b><span class=\"citation-737\"> Integra um poderoso <\/span><b><span class=\"citation-737\">Holofote de 30W<\/span><\/b><span class=\"citation-737\"> com <\/span><b><span class=\"citation-737\">3000 l\u00famens<\/span><\/b><span class=\"citation-737\"> e um <\/span><b><span class=\"citation-737\">Sistema de luz de advert\u00eancia de 10 W<\/span><\/b><span class=\"citation-737 citation-end-737\"> oferecendo v\u00e1rios modos de luz policial vermelha e azul para sinaliza\u00e7\u00e3o e ilumina\u00e7\u00e3o claras durante as opera\u00e7\u00f5es.<\/span><\/li>\n<\/ul>\n<p><b>3. Comunica\u00e7\u00e3o Avan\u00e7ada e Consci\u00eancia Situacional:<\/b><\/p>\n<ul>\n<li><b><span class=\"citation-736\">Links de comunica\u00e7\u00e3o de backup duplo:<\/span><\/b><span class=\"citation-736 citation-end-736\"> Garante uma opera\u00e7\u00e3o confi\u00e1vel com um prim\u00e1rio <sup class=\"superscript\" data-turn-source-index=\"12\">12<\/sup><\/span><span class=\"math-inline\" data-math=\"5.8\\text{G}\">$5.8\\texto{G}$<\/span><span class=\"citation-735\"> link de telemetria e um backup <\/span><b><span class=\"citation-735\">4G Full Netcom<\/span><\/b><span class=\"citation-735 citation-end-735\"> conex\u00e3o.<\/span><\/li>\n<li><b>V\u00eddeo de baixa lat\u00eancia:<\/b><span class=\"citation-734\"> Entrega <\/span><b><span class=\"citation-734\">Transmiss\u00e3o de v\u00eddeo de alta defini\u00e7\u00e3o 1080P<\/span><\/b><span class=\"citation-734 citation-end-734\"> com uma lat\u00eancia baixa de aproximadamente <sup class=\"superscript\" data-turn-source-index=\"14\">14<\/sup><\/span><span class=\"math-inline\" data-math=\"180\\text{ms}\">$180\\texto{ms}$<\/span><span class=\"citation-733 citation-end-733\">.<\/span><\/li>\n<li><b>Transmiss\u00e3o de voz digital:<\/b><span class=\"citation-732\"> Equipado com um <\/span><b><span class=\"citation-732\">Sistema de alto-falantes digitais<\/span><\/b><span class=\"citation-732 citation-end-732\"> capaz de uma dist\u00e2ncia m\u00e1xima de propaga\u00e7\u00e3o de <sup class=\"superscript\" data-turn-source-index=\"16\">16<\/sup><\/span><span class=\"math-inline\" data-math=\"500\\text{m}\">$500\\texto{m}$<\/span><span class=\"citation-731 citation-end-731\"> para <sup class=\"superscript\" data-turn-source-index=\"17\">17<\/sup><\/span><span class=\"math-inline\" data-math=\"800\\text{m}\">$800\\texto{m}$<\/span><span class=\"citation-730 citation-end-730\"> para fun\u00e7\u00f5es de gritos em tempo real, reprodu\u00e7\u00e3o de \u00e1udio e convers\u00e3o de texto em fala.<\/span><\/li>\n<\/ul>\n<p><b>4. Plataforma de rob\u00f3tica de ponta:<\/b><\/p>\n<ul>\n<li><b>LiDAR L1 4D ultra-amplo:<\/b> Fornece <span class=\"math-inline\" data-math=\"360^\\circ \\times 90^\\circ\">$360^\\circ \\vezes 90^\\circ$<\/span> reconhecimento hemisf\u00e9rico e uma dist\u00e2ncia de detec\u00e7\u00e3o de at\u00e9 <span class=\"math-inline\" data-math=\"30\\text{m}\">$30\\texto{m}$<\/span>, permitindo reconhecimento superior em todos os terrenos e preven\u00e7\u00e3o inteligente de obst\u00e1culos.<\/li>\n<li><b>Movimento Inteligente:<\/b><span class=\"citation-729\"> Recursos <\/span><b><span class=\"citation-729\">12 motores de alto desempenho para articula\u00e7\u00e3o do joelho<\/span><\/b><span class=\"citation-729\"> e um atualizado <\/span><b><span class=\"citation-729\">Sistema de acompanhamento lateral inteligente (ISS 2.0)<\/span><\/b><span class=\"citation-729 citation-end-729\"> para movimentos suaves e precisos e maior capacidade de acompanhamento.<\/span><\/li>\n<li><b><span class=\"citation-728\">Resist\u00eancia estendida:<\/span><\/b><span class=\"citation-728\"> Alimentado por um padr\u00e3o <\/span><b><span class=\"citation-728\">Bateria de 8.000 mAh<\/span><\/b><span class=\"citation-728 citation-end-728\"> (com bateria opcional de ultra longa dura\u00e7\u00e3o de 15.000 mAh), oferecendo um tempo de execu\u00e7\u00e3o de at\u00e9 <sup class=\"superscript\" data-turn-source-index=\"20\">20<\/sup><\/span><span class=\"math-inline\" data-math=\"2\\text{ to }4\">$2\\texto{ para }4$<\/span><span class=\"citation-727 citation-end-727\"> horas.<\/span><\/li>\n<li><b>Aprimorado por IA:<\/b><span class=\"citation-726 citation-end-726\"> Aproveitando o treinamento de simula\u00e7\u00e3o de IA em larga escala, o rob\u00f4 exibe andamentos e estabilidade avan\u00e7ados.<\/span><\/li>\n<\/ul>","protected":false},"excerpt":{"rendered":"<p class=\"first-token\"><span class=\"\">O <\/span><b class=\"\">Unitree Go2 Ent-Plus 3<\/b><span class=\"\"> \u00e9 um rob\u00f4 quadr\u00fapede avan\u00e7ado de n\u00edvel empresarial,<\/span><span class=\"\"> projetado para aplica\u00e7\u00f5es profissionais exigentes, como busca e salvamento,<\/span><span class=\"\"> vigil\u00e2ncia,<\/span><span class=\"\"> e patrulhas de seguran\u00e7a.<\/span><\/p>\n<p><span class=\"\">Esta configura\u00e7\u00e3o espec\u00edfica,<\/span><span class=\"\"> apresentando o <\/span><b class=\"\">Controle remoto de tela Go2 (c\u00e2mera dupla + transmissores de 6-38 mm)<\/b><span class=\"\">,<\/span><span class=\"\"> transforma o rob\u00f4 Go2 altamente m\u00f3vel em um poderoso sistema operado remotamente.<\/span><\/p>","protected":false},"featured_media":21244,"comment_status":"open","ping_status":"closed","template":"","meta":[],"product_brand":[1087],"product_cat":[1039,1037,1085],"product_tag":[1088,1093,1092,1089,1090],"class_list":{"0":"post-21243","1":"product","2":"type-product","3":"status-publish","4":"has-post-thumbnail","6":"product_brand-unitree","7":"product_cat-quadruped","8":"product_cat-robotics","9":"product_cat-unitree-quad-robots","10":"product_tag-unitree","11":"product_tag-unitree-go2-industry-series","12":"product_tag-unitree-go2-series","13":"product_tag-unitree-quadruped","14":"product_tag-unitree-quadruped-robots","16":"first","17":"onbackorder","18":"taxable","19":"shipping-taxable","20":"purchasable","21":"product-type-simple"},"yoast_head":"<!-- This site is optimized with the Yoast SEO plugin v27.4 - https:\/\/yoast.com\/product\/yoast-seo-wordpress\/ -->\n<title>Unitree Go2 Ent- Plus 3 (Go2 screen remote control (dual camera+6 38mm transmitters) - Ghostysky<\/title>\n<meta name=\"description\" content=\"The Unitree Go2 Ent-Plus 3 is an advanced enterprise-level quadruped robot, designed for demanding professional applications such as search and rescue, surveillance, and security patrols.This specific configuration, featuring the Go2 screen remote control (dual camera + 6-38mm transmitters), transforms the highly mobile Go2 robot into a powerful remote-operated system.\" \/>\n<meta name=\"robots\" content=\"index, follow, max-snippet:-1, max-image-preview:large, max-video-preview:-1\" \/>\n<link rel=\"canonical\" href=\"https:\/\/www.ghostysky.com\/pt\/produto-2\/unitree-go2-ent-plus-3-go2-screen-remote-control-dual-camera6-38mm-transmitters\/\" \/>\n<meta property=\"og:locale\" content=\"pt_PT\" \/>\n<meta property=\"og:type\" content=\"article\" \/>\n<meta property=\"og:title\" content=\"Unitree Go2 Ent- Plus 3 (Go2 screen remote control (dual camera+6 38mm transmitters) - Ghostysky\" \/>\n<meta property=\"og:description\" content=\"The Unitree Go2 Ent-Plus 3 is an advanced enterprise-level quadruped robot, designed for demanding professional applications such as search and rescue, surveillance, and security patrols.This specific configuration, featuring the Go2 screen remote control (dual camera + 6-38mm transmitters), transforms the highly mobile Go2 robot into a powerful remote-operated system.\" \/>\n<meta property=\"og:url\" content=\"https:\/\/www.ghostysky.com\/pt\/produto-2\/unitree-go2-ent-plus-3-go2-screen-remote-control-dual-camera6-38mm-transmitters\/\" \/>\n<meta property=\"og:site_name\" content=\"Ghostysky\" \/>\n<meta property=\"article:publisher\" content=\"https:\/\/www.facebook.com\/people\/Ghostysky\/100057676170234\/\" \/>\n<meta property=\"article:modified_time\" content=\"2025-10-16T05:53:38+00:00\" \/>\n<meta property=\"og:image\" content=\"https:\/\/www.ghostysky.com\/wp-content\/uploads\/2025\/10\/GH_Unitree-Go2-Ent-Plus-3-Go2-screen-remote-control-dual-camera6-38mm-transmitters_1.jpg\" \/>\n\t<meta property=\"og:image:width\" content=\"182\" \/>\n\t<meta property=\"og:image:height\" content=\"277\" \/>\n\t<meta property=\"og:image:type\" content=\"image\/jpeg\" \/>\n<meta name=\"twitter:card\" content=\"summary_large_image\" \/>\n<meta name=\"twitter:site\" content=\"@Gh0stysky\" \/>\n<meta name=\"twitter:label1\" content=\"Tempo estimado de leitura\" \/>\n\t<meta name=\"twitter:data1\" content=\"2 minutos\" \/>\n<script type=\"application\/ld+json\" class=\"yoast-schema-graph\">{\"@context\":\"https:\\\/\\\/schema.org\",\"@graph\":[{\"@type\":\"WebPage\",\"@id\":\"https:\\\/\\\/www.ghostysky.com\\\/product\\\/unitree-go2-ent-plus-3-go2-screen-remote-control-dual-camera6-38mm-transmitters\\\/\",\"url\":\"https:\\\/\\\/www.ghostysky.com\\\/product\\\/unitree-go2-ent-plus-3-go2-screen-remote-control-dual-camera6-38mm-transmitters\\\/\",\"name\":\"Unitree Go2 Ent- Plus 3 (Go2 screen remote control (dual camera+6 38mm transmitters) - Ghostysky\",\"isPartOf\":{\"@id\":\"https:\\\/\\\/www.ghostysky.com\\\/#website\"},\"primaryImageOfPage\":{\"@id\":\"https:\\\/\\\/www.ghostysky.com\\\/product\\\/unitree-go2-ent-plus-3-go2-screen-remote-control-dual-camera6-38mm-transmitters\\\/#primaryimage\"},\"image\":{\"@id\":\"https:\\\/\\\/www.ghostysky.com\\\/product\\\/unitree-go2-ent-plus-3-go2-screen-remote-control-dual-camera6-38mm-transmitters\\\/#primaryimage\"},\"thumbnailUrl\":\"https:\\\/\\\/www.ghostysky.com\\\/wp-content\\\/uploads\\\/2025\\\/10\\\/GH_Unitree-Go2-Ent-Plus-3-Go2-screen-remote-control-dual-camera6-38mm-transmitters_1.jpg\",\"datePublished\":\"2025-10-16T05:53:08+00:00\",\"dateModified\":\"2025-10-16T05:53:38+00:00\",\"description\":\"The Unitree Go2 Ent-Plus 3 is an advanced enterprise-level quadruped robot, designed for demanding professional applications such as search and rescue, surveillance, and security patrols.This specific configuration, featuring the Go2 screen remote control (dual camera + 6-38mm transmitters), transforms the highly mobile Go2 robot into a powerful remote-operated system.\",\"breadcrumb\":{\"@id\":\"https:\\\/\\\/www.ghostysky.com\\\/product\\\/unitree-go2-ent-plus-3-go2-screen-remote-control-dual-camera6-38mm-transmitters\\\/#breadcrumb\"},\"inLanguage\":\"pt-PT\",\"potentialAction\":[{\"@type\":\"ReadAction\",\"target\":[\"https:\\\/\\\/www.ghostysky.com\\\/product\\\/unitree-go2-ent-plus-3-go2-screen-remote-control-dual-camera6-38mm-transmitters\\\/\"]}]},{\"@type\":\"ImageObject\",\"inLanguage\":\"pt-PT\",\"@id\":\"https:\\\/\\\/www.ghostysky.com\\\/product\\\/unitree-go2-ent-plus-3-go2-screen-remote-control-dual-camera6-38mm-transmitters\\\/#primaryimage\",\"url\":\"https:\\\/\\\/www.ghostysky.com\\\/wp-content\\\/uploads\\\/2025\\\/10\\\/GH_Unitree-Go2-Ent-Plus-3-Go2-screen-remote-control-dual-camera6-38mm-transmitters_1.jpg\",\"contentUrl\":\"https:\\\/\\\/www.ghostysky.com\\\/wp-content\\\/uploads\\\/2025\\\/10\\\/GH_Unitree-Go2-Ent-Plus-3-Go2-screen-remote-control-dual-camera6-38mm-transmitters_1.jpg\",\"width\":182,\"height\":277},{\"@type\":\"BreadcrumbList\",\"@id\":\"https:\\\/\\\/www.ghostysky.com\\\/product\\\/unitree-go2-ent-plus-3-go2-screen-remote-control-dual-camera6-38mm-transmitters\\\/#breadcrumb\",\"itemListElement\":[{\"@type\":\"ListItem\",\"position\":1,\"name\":\"Home\",\"item\":\"https:\\\/\\\/www.ghostysky.com\\\/\"},{\"@type\":\"ListItem\",\"position\":2,\"name\":\"Shop\",\"item\":\"https:\\\/\\\/www.ghostysky.com\\\/shop\\\/\"},{\"@type\":\"ListItem\",\"position\":3,\"name\":\"Unitree Go2 Ent- Plus 3 (Go2 screen remote control (dual camera+6 38mm transmitters)\"}]},{\"@type\":\"WebSite\",\"@id\":\"https:\\\/\\\/www.ghostysky.com\\\/#website\",\"url\":\"https:\\\/\\\/www.ghostysky.com\\\/\",\"name\":\"Ghostysky\",\"description\":\"Delivering professional drones and services\",\"publisher\":{\"@id\":\"https:\\\/\\\/www.ghostysky.com\\\/#organization\"},\"potentialAction\":[{\"@type\":\"SearchAction\",\"target\":{\"@type\":\"EntryPoint\",\"urlTemplate\":\"https:\\\/\\\/www.ghostysky.com\\\/?s={search_term_string}\"},\"query-input\":{\"@type\":\"PropertyValueSpecification\",\"valueRequired\":true,\"valueName\":\"search_term_string\"}}],\"inLanguage\":\"pt-PT\"},{\"@type\":\"Organization\",\"@id\":\"https:\\\/\\\/www.ghostysky.com\\\/#organization\",\"name\":\"Ghostysky\",\"url\":\"https:\\\/\\\/www.ghostysky.com\\\/\",\"logo\":{\"@type\":\"ImageObject\",\"inLanguage\":\"pt-PT\",\"@id\":\"https:\\\/\\\/www.ghostysky.com\\\/#\\\/schema\\\/logo\\\/image\\\/\",\"url\":\"https:\\\/\\\/www.ghostysky.com\\\/wp-content\\\/uploads\\\/2020\\\/06\\\/cropped-ghostyskylogo_text_white2.png\",\"contentUrl\":\"https:\\\/\\\/www.ghostysky.com\\\/wp-content\\\/uploads\\\/2020\\\/06\\\/cropped-ghostyskylogo_text_white2.png\",\"width\":169,\"height\":56,\"caption\":\"Ghostysky\"},\"image\":{\"@id\":\"https:\\\/\\\/www.ghostysky.com\\\/#\\\/schema\\\/logo\\\/image\\\/\"},\"sameAs\":[\"https:\\\/\\\/www.facebook.com\\\/people\\\/Ghostysky\\\/100057676170234\\\/\",\"https:\\\/\\\/x.com\\\/Gh0stysky\",\"https:\\\/\\\/www.linkedin.com\\\/company\\\/34739653\",\"https:\\\/\\\/www.instagram.com\\\/gh0stysky\"]}]}<\/script>\n<!-- \/ Yoast SEO plugin. -->","yoast_head_json":{"title":"Unitree Go2 Ent- Plus 3 (controle remoto de tela Go2 (c\u00e2mera dupla + 6 transmissores de 38 mm) - Ghostysky","description":"O Unitree Go2 Ent-Plus 3 \u00e9 um rob\u00f4 quadr\u00fapede avan\u00e7ado de n\u00edvel empresarial, projetado para aplica\u00e7\u00f5es profissionais exigentes, como busca e salvamento, vigil\u00e2ncia e patrulhas de seguran\u00e7a. Essa configura\u00e7\u00e3o espec\u00edfica, com o controle remoto de tela Go2 (c\u00e2mera dupla + transmissores de 6-38 mm), transforma o rob\u00f4 Go2 altamente m\u00f3vel em um poderoso sistema operado remotamente.","robots":{"index":"index","follow":"follow","max-snippet":"max-snippet:-1","max-image-preview":"max-image-preview:large","max-video-preview":"max-video-preview:-1"},"canonical":"https:\/\/www.ghostysky.com\/pt\/produto-2\/unitree-go2-ent-plus-3-go2-screen-remote-control-dual-camera6-38mm-transmitters\/","og_locale":"pt_PT","og_type":"article","og_title":"Unitree Go2 Ent- Plus 3 (Go2 screen remote control (dual camera+6 38mm transmitters) - Ghostysky","og_description":"The Unitree Go2 Ent-Plus 3 is an advanced enterprise-level quadruped robot, designed for demanding professional applications such as search and rescue, surveillance, and security patrols.This specific configuration, featuring the Go2 screen remote control (dual camera + 6-38mm transmitters), transforms the highly mobile Go2 robot into a powerful remote-operated system.","og_url":"https:\/\/www.ghostysky.com\/pt\/produto-2\/unitree-go2-ent-plus-3-go2-screen-remote-control-dual-camera6-38mm-transmitters\/","og_site_name":"Ghostysky","article_publisher":"https:\/\/www.facebook.com\/people\/Ghostysky\/100057676170234\/","article_modified_time":"2025-10-16T05:53:38+00:00","og_image":[{"width":182,"height":277,"url":"https:\/\/www.ghostysky.com\/wp-content\/uploads\/2025\/10\/GH_Unitree-Go2-Ent-Plus-3-Go2-screen-remote-control-dual-camera6-38mm-transmitters_1.jpg","type":"image\/jpeg"}],"twitter_card":"summary_large_image","twitter_site":"@Gh0stysky","twitter_misc":{"Tempo estimado de leitura":"2 minutos"},"schema":{"@context":"https:\/\/schema.org","@graph":[{"@type":"WebPage","@id":"https:\/\/www.ghostysky.com\/product\/unitree-go2-ent-plus-3-go2-screen-remote-control-dual-camera6-38mm-transmitters\/","url":"https:\/\/www.ghostysky.com\/product\/unitree-go2-ent-plus-3-go2-screen-remote-control-dual-camera6-38mm-transmitters\/","name":"Unitree Go2 Ent- Plus 3 (controle remoto de tela Go2 (c\u00e2mera dupla + 6 transmissores de 38 mm) - Ghostysky","isPartOf":{"@id":"https:\/\/www.ghostysky.com\/#website"},"primaryImageOfPage":{"@id":"https:\/\/www.ghostysky.com\/product\/unitree-go2-ent-plus-3-go2-screen-remote-control-dual-camera6-38mm-transmitters\/#primaryimage"},"image":{"@id":"https:\/\/www.ghostysky.com\/product\/unitree-go2-ent-plus-3-go2-screen-remote-control-dual-camera6-38mm-transmitters\/#primaryimage"},"thumbnailUrl":"https:\/\/www.ghostysky.com\/wp-content\/uploads\/2025\/10\/GH_Unitree-Go2-Ent-Plus-3-Go2-screen-remote-control-dual-camera6-38mm-transmitters_1.jpg","datePublished":"2025-10-16T05:53:08+00:00","dateModified":"2025-10-16T05:53:38+00:00","description":"O Unitree Go2 Ent-Plus 3 \u00e9 um rob\u00f4 quadr\u00fapede avan\u00e7ado de n\u00edvel empresarial, projetado para aplica\u00e7\u00f5es profissionais exigentes, como busca e salvamento, vigil\u00e2ncia e patrulhas de seguran\u00e7a. Essa configura\u00e7\u00e3o espec\u00edfica, com o controle remoto de tela Go2 (c\u00e2mera dupla + transmissores de 6-38 mm), transforma o rob\u00f4 Go2 altamente m\u00f3vel em um poderoso sistema operado remotamente.","breadcrumb":{"@id":"https:\/\/www.ghostysky.com\/product\/unitree-go2-ent-plus-3-go2-screen-remote-control-dual-camera6-38mm-transmitters\/#breadcrumb"},"inLanguage":"pt-PT","potentialAction":[{"@type":"ReadAction","target":["https:\/\/www.ghostysky.com\/product\/unitree-go2-ent-plus-3-go2-screen-remote-control-dual-camera6-38mm-transmitters\/"]}]},{"@type":"ImageObject","inLanguage":"pt-PT","@id":"https:\/\/www.ghostysky.com\/product\/unitree-go2-ent-plus-3-go2-screen-remote-control-dual-camera6-38mm-transmitters\/#primaryimage","url":"https:\/\/www.ghostysky.com\/wp-content\/uploads\/2025\/10\/GH_Unitree-Go2-Ent-Plus-3-Go2-screen-remote-control-dual-camera6-38mm-transmitters_1.jpg","contentUrl":"https:\/\/www.ghostysky.com\/wp-content\/uploads\/2025\/10\/GH_Unitree-Go2-Ent-Plus-3-Go2-screen-remote-control-dual-camera6-38mm-transmitters_1.jpg","width":182,"height":277},{"@type":"BreadcrumbList","@id":"https:\/\/www.ghostysky.com\/product\/unitree-go2-ent-plus-3-go2-screen-remote-control-dual-camera6-38mm-transmitters\/#breadcrumb","itemListElement":[{"@type":"ListItem","position":1,"name":"Home","item":"https:\/\/www.ghostysky.com\/"},{"@type":"ListItem","position":2,"name":"Shop","item":"https:\/\/www.ghostysky.com\/shop\/"},{"@type":"ListItem","position":3,"name":"Unitree Go2 Ent- Plus 3 (Go2 screen remote control (dual camera+6 38mm transmitters)"}]},{"@type":"WebSite","@id":"https:\/\/www.ghostysky.com\/#website","url":"https:\/\/www.ghostysky.com\/","name":"Ghostysky","description":"Fornecendo drones e servi\u00e7os profissionais","publisher":{"@id":"https:\/\/www.ghostysky.com\/#organization"},"potentialAction":[{"@type":"SearchAction","target":{"@type":"EntryPoint","urlTemplate":"https:\/\/www.ghostysky.com\/?s={search_term_string}"},"query-input":{"@type":"PropertyValueSpecification","valueRequired":true,"valueName":"search_term_string"}}],"inLanguage":"pt-PT"},{"@type":"Organization","@id":"https:\/\/www.ghostysky.com\/#organization","name":"Ghostysky","url":"https:\/\/www.ghostysky.com\/","logo":{"@type":"ImageObject","inLanguage":"pt-PT","@id":"https:\/\/www.ghostysky.com\/#\/schema\/logo\/image\/","url":"https:\/\/www.ghostysky.com\/wp-content\/uploads\/2020\/06\/cropped-ghostyskylogo_text_white2.png","contentUrl":"https:\/\/www.ghostysky.com\/wp-content\/uploads\/2020\/06\/cropped-ghostyskylogo_text_white2.png","width":169,"height":56,"caption":"Ghostysky"},"image":{"@id":"https:\/\/www.ghostysky.com\/#\/schema\/logo\/image\/"},"sameAs":["https:\/\/www.facebook.com\/people\/Ghostysky\/100057676170234\/","https:\/\/x.com\/Gh0stysky","https:\/\/www.linkedin.com\/company\/34739653","https:\/\/www.instagram.com\/gh0stysky"]}]}},"_links":{"self":[{"href":"https:\/\/www.ghostysky.com\/pt\/wp-json\/wp\/v2\/product\/21243","targetHints":{"allow":["GET"]}}],"collection":[{"href":"https:\/\/www.ghostysky.com\/pt\/wp-json\/wp\/v2\/product"}],"about":[{"href":"https:\/\/www.ghostysky.com\/pt\/wp-json\/wp\/v2\/types\/product"}],"replies":[{"embeddable":true,"href":"https:\/\/www.ghostysky.com\/pt\/wp-json\/wp\/v2\/comments?post=21243"}],"version-history":[{"count":0,"href":"https:\/\/www.ghostysky.com\/pt\/wp-json\/wp\/v2\/product\/21243\/revisions"}],"wp:featuredmedia":[{"embeddable":true,"href":"https:\/\/www.ghostysky.com\/pt\/wp-json\/wp\/v2\/media\/21244"}],"wp:attachment":[{"href":"https:\/\/www.ghostysky.com\/pt\/wp-json\/wp\/v2\/media?parent=21243"}],"wp:term":[{"taxonomy":"product_brand","embeddable":true,"href":"https:\/\/www.ghostysky.com\/pt\/wp-json\/wp\/v2\/product_brand?post=21243"},{"taxonomy":"product_cat","embeddable":true,"href":"https:\/\/www.ghostysky.com\/pt\/wp-json\/wp\/v2\/product_cat?post=21243"},{"taxonomy":"product_tag","embeddable":true,"href":"https:\/\/www.ghostysky.com\/pt\/wp-json\/wp\/v2\/product_tag?post=21243"}],"curies":[{"name":"wp","href":"https:\/\/api.w.org\/{rel}","templated":true}]}}