{"id":21275,"date":"2025-10-16T06:27:18","date_gmt":"2025-10-16T06:27:18","guid":{"rendered":"https:\/\/www.ghostysky.com\/?post_type=product&#038;p=21275"},"modified":"2025-10-16T06:27:57","modified_gmt":"2025-10-16T06:27:57","slug":"unitree-go2-battery-standard-version","status":"publish","type":"product","link":"https:\/\/www.ghostysky.com\/pt\/product\/unitree-go2-battery-standard-version\/","title":{"rendered":"Bateria Unitree Go2 (vers\u00e3o padr\u00e3o)"},"content":{"rendered":"<h3><b>Caracter\u00edsticas principais<\/b><\/h3>\n<ul>\n<li><b>Capacidade e pot\u00eancia:<\/b><span class=\"citation-874\"> Apresenta um <\/span><b><span class=\"citation-874\">capacidade nominal de 8000mAh (236,8 Wh)<\/span><\/b><span class=\"citation-874\">, proporcionando um tempo de opera\u00e7\u00e3o t\u00edpico de <\/span><b><span class=\"citation-874\">1 a 2 horas<\/span><\/b><span class=\"citation-874 citation-end-874\"> para o rob\u00f4 Go2.<\/span><\/li>\n<li><b>Gest\u00e3o Inteligente:<\/b><span class=\"citation-873\"> Equipado com Unitree&#039;s <\/span><b><span class=\"citation-873\">Sistema de gerenciamento de bateria (BMS) desenvolvido por n\u00f3s mesmos<\/span><\/b><span class=\"citation-873 citation-end-873\"> para garantir uma opera\u00e7\u00e3o est\u00e1vel e segura.<\/span><\/li>\n<li><b>Prote\u00e7\u00e3o abrangente:<\/b> O BMS inclui prote\u00e7\u00e3o multicamadas, como:\n<ul>\n<li><span class=\"citation-872 citation-end-872\">Exibi\u00e7\u00e3o de energia\/Indica\u00e7\u00e3o do n\u00edvel de carga (normalmente por meio de 4 LEDs).<\/span><\/li>\n<li><span class=\"citation-871 citation-end-871\">Prote\u00e7\u00e3o contra sobrecarga, descarga excessiva, sobrecorrente e curto-circuito.<\/span><\/li>\n<li><span class=\"citation-870 citation-end-870\">Prote\u00e7\u00e3o contra autodescarga de armazenamento de bateria.<\/span><\/li>\n<li>Prote\u00e7\u00e3o de carregamento de saldo.<\/li>\n<li><span class=\"citation-869 citation-end-869\">Prote\u00e7\u00e3o de temperatura de carregamento.<\/span><\/li>\n<\/ul>\n<\/li>\n<li><b>Especifica\u00e7\u00f5es:<\/b>\n<ul>\n<li><b><span class=\"citation-868\">Tens\u00e3o nominal:<\/span><\/b><span class=\"citation-868 citation-end-868\"> CC 29,6 V<\/span><\/li>\n<li><b>Tens\u00e3o limite de carga:<\/b> CC 33,6 V<\/li>\n<li><b><span class=\"citation-867\">Corrente de carga (carregador padr\u00e3o):<\/span><\/b><span class=\"citation-867 citation-end-867\"> 3,5 A (suporta carregamento r\u00e1pido de at\u00e9 9 A com um carregador r\u00e1pido opcional).<\/span><\/li>\n<li><b><span class=\"citation-866\">Dimens\u00f5es:<\/span><\/b><span class=\"citation-866 citation-end-866\"> <sup class=\"superscript\" data-turn-source-index=\"10\">10<\/sup><\/span><span class=\"math-inline\" data-math=\"120\\text{mm} \\times 80\\text{mm} \\times 182\\text{mm}\">$120\\texto{mm} \\vezes 80\\texto{mm} \\vezes 182\\texto{mm}$<\/span><\/li>\n<li><b><span class=\"citation-865\">Peso (aproximado):<\/span><\/b><span class=\"citation-865 citation-end-865\"> <sup class=\"superscript\" data-turn-source-index=\"11\">11<\/sup><\/span><span class=\"math-inline\" data-math=\"2.5 \\text{ kg}\">$2,5 \\texto{ kg}$<\/span><\/li>\n<\/ul>\n<\/li>\n<li><b><span class=\"citation-864\">Projeto:<\/span><\/b><span class=\"citation-864 citation-end-864\"> Carca\u00e7a robusta e compacta projetada para f\u00e1cil instala\u00e7\u00e3o e remo\u00e7\u00e3o do rob\u00f4 Go2.<\/span><\/li>\n<\/ul>\n<p><span class=\"citation-863 citation-end-863\">Esta bateria padr\u00e3o \u00e9 a escolha ideal para uso geral, educa\u00e7\u00e3o, testes e miss\u00f5es de curta dura\u00e7\u00e3o com seu rob\u00f4 Unitree Go2.<\/span><\/p>","protected":false},"excerpt":{"rendered":"<p><span class=\"citation-875\">O <\/span><b><span class=\"citation-875\">Bateria Unitree Go2 vers\u00e3o padr\u00e3o (modelo BT2-05)<\/span><\/b><span class=\"citation-875 citation-end-875\"> \u00e9 a fonte de energia essencial para o rob\u00f4 quadr\u00fapede Unitree Go2, projetado para desempenho robusto e seguran\u00e7a.<\/span><\/p>\n<div class=\"source-inline-chip-container ng-star-inserted\"><\/div>\n<p>&nbsp;<\/p>","protected":false},"featured_media":21278,"comment_status":"open","ping_status":"closed","template":"","meta":[],"product_brand":[1087],"product_cat":[1039,1037,1086],"product_tag":[1088,1094,1092],"class_list":{"0":"post-21275","1":"product","2":"type-product","3":"status-publish","4":"has-post-thumbnail","6":"product_brand-unitree","7":"product_cat-quadruped","8":"product_cat-robotics","9":"product_cat-unitree-quad-accessories","10":"product_tag-unitree","11":"product_tag-unitree-go2-accessories","12":"product_tag-unitree-go2-series","14":"first","15":"onbackorder","16":"taxable","17":"shipping-taxable","18":"purchasable","19":"product-type-simple"},"yoast_head":"<!-- This site is optimized with the Yoast SEO plugin v27.4 - https:\/\/yoast.com\/product\/yoast-seo-wordpress\/ -->\n<title>Unitree Go2 battery (standard version) - Ghostysky<\/title>\n<meta name=\"description\" content=\"The Unitree Go2 Standard Version Battery (Model BT2-05) is the essential power source for the Unitree Go2 quadruped robot, designed for robust performance and safety.\" \/>\n<meta name=\"robots\" content=\"index, follow, max-snippet:-1, max-image-preview:large, max-video-preview:-1\" \/>\n<link rel=\"canonical\" href=\"https:\/\/www.ghostysky.com\/pt\/produto-2\/unitree-go2-battery-standard-version\/\" \/>\n<meta property=\"og:locale\" content=\"pt_PT\" \/>\n<meta property=\"og:type\" content=\"article\" \/>\n<meta property=\"og:title\" content=\"Unitree Go2 battery (standard version) - Ghostysky\" \/>\n<meta property=\"og:description\" content=\"The Unitree Go2 Standard Version Battery (Model BT2-05) is the essential power source for the Unitree Go2 quadruped robot, designed for robust performance and safety.\" \/>\n<meta property=\"og:url\" content=\"https:\/\/www.ghostysky.com\/pt\/produto-2\/unitree-go2-battery-standard-version\/\" \/>\n<meta property=\"og:site_name\" content=\"Ghostysky\" \/>\n<meta property=\"article:publisher\" content=\"https:\/\/www.facebook.com\/people\/Ghostysky\/100057676170234\/\" \/>\n<meta property=\"article:modified_time\" content=\"2025-10-16T06:27:57+00:00\" \/>\n<meta property=\"og:image\" content=\"https:\/\/www.ghostysky.com\/wp-content\/uploads\/2025\/10\/GH_Go2-battery-standard-version_1.jpg\" \/>\n\t<meta property=\"og:image:width\" content=\"800\" \/>\n\t<meta property=\"og:image:height\" content=\"800\" \/>\n\t<meta property=\"og:image:type\" content=\"image\/jpeg\" \/>\n<meta name=\"twitter:card\" content=\"summary_large_image\" \/>\n<meta name=\"twitter:site\" content=\"@Gh0stysky\" \/>\n<meta name=\"twitter:label1\" content=\"Tempo estimado de leitura\" \/>\n\t<meta name=\"twitter:data1\" content=\"1 minuto\" \/>\n<script type=\"application\/ld+json\" class=\"yoast-schema-graph\">{\"@context\":\"https:\\\/\\\/schema.org\",\"@graph\":[{\"@type\":\"WebPage\",\"@id\":\"https:\\\/\\\/www.ghostysky.com\\\/product\\\/unitree-go2-battery-standard-version\\\/\",\"url\":\"https:\\\/\\\/www.ghostysky.com\\\/product\\\/unitree-go2-battery-standard-version\\\/\",\"name\":\"Unitree Go2 battery (standard version) - Ghostysky\",\"isPartOf\":{\"@id\":\"https:\\\/\\\/www.ghostysky.com\\\/#website\"},\"primaryImageOfPage\":{\"@id\":\"https:\\\/\\\/www.ghostysky.com\\\/product\\\/unitree-go2-battery-standard-version\\\/#primaryimage\"},\"image\":{\"@id\":\"https:\\\/\\\/www.ghostysky.com\\\/product\\\/unitree-go2-battery-standard-version\\\/#primaryimage\"},\"thumbnailUrl\":\"https:\\\/\\\/www.ghostysky.com\\\/wp-content\\\/uploads\\\/2025\\\/10\\\/GH_Go2-battery-standard-version_1.jpg\",\"datePublished\":\"2025-10-16T06:27:18+00:00\",\"dateModified\":\"2025-10-16T06:27:57+00:00\",\"description\":\"The Unitree Go2 Standard Version Battery (Model BT2-05) is the essential power source for the Unitree Go2 quadruped robot, designed for robust performance and safety.\",\"breadcrumb\":{\"@id\":\"https:\\\/\\\/www.ghostysky.com\\\/product\\\/unitree-go2-battery-standard-version\\\/#breadcrumb\"},\"inLanguage\":\"pt-PT\",\"potentialAction\":[{\"@type\":\"ReadAction\",\"target\":[\"https:\\\/\\\/www.ghostysky.com\\\/product\\\/unitree-go2-battery-standard-version\\\/\"]}]},{\"@type\":\"ImageObject\",\"inLanguage\":\"pt-PT\",\"@id\":\"https:\\\/\\\/www.ghostysky.com\\\/product\\\/unitree-go2-battery-standard-version\\\/#primaryimage\",\"url\":\"https:\\\/\\\/www.ghostysky.com\\\/wp-content\\\/uploads\\\/2025\\\/10\\\/GH_Go2-battery-standard-version_1.jpg\",\"contentUrl\":\"https:\\\/\\\/www.ghostysky.com\\\/wp-content\\\/uploads\\\/2025\\\/10\\\/GH_Go2-battery-standard-version_1.jpg\",\"width\":800,\"height\":800},{\"@type\":\"BreadcrumbList\",\"@id\":\"https:\\\/\\\/www.ghostysky.com\\\/product\\\/unitree-go2-battery-standard-version\\\/#breadcrumb\",\"itemListElement\":[{\"@type\":\"ListItem\",\"position\":1,\"name\":\"Home\",\"item\":\"https:\\\/\\\/www.ghostysky.com\\\/\"},{\"@type\":\"ListItem\",\"position\":2,\"name\":\"Shop\",\"item\":\"https:\\\/\\\/www.ghostysky.com\\\/shop\\\/\"},{\"@type\":\"ListItem\",\"position\":3,\"name\":\"Unitree Go2 battery (standard version)\"}]},{\"@type\":\"WebSite\",\"@id\":\"https:\\\/\\\/www.ghostysky.com\\\/#website\",\"url\":\"https:\\\/\\\/www.ghostysky.com\\\/\",\"name\":\"Ghostysky\",\"description\":\"Delivering professional drones and services\",\"publisher\":{\"@id\":\"https:\\\/\\\/www.ghostysky.com\\\/#organization\"},\"potentialAction\":[{\"@type\":\"SearchAction\",\"target\":{\"@type\":\"EntryPoint\",\"urlTemplate\":\"https:\\\/\\\/www.ghostysky.com\\\/?s={search_term_string}\"},\"query-input\":{\"@type\":\"PropertyValueSpecification\",\"valueRequired\":true,\"valueName\":\"search_term_string\"}}],\"inLanguage\":\"pt-PT\"},{\"@type\":\"Organization\",\"@id\":\"https:\\\/\\\/www.ghostysky.com\\\/#organization\",\"name\":\"Ghostysky\",\"url\":\"https:\\\/\\\/www.ghostysky.com\\\/\",\"logo\":{\"@type\":\"ImageObject\",\"inLanguage\":\"pt-PT\",\"@id\":\"https:\\\/\\\/www.ghostysky.com\\\/#\\\/schema\\\/logo\\\/image\\\/\",\"url\":\"https:\\\/\\\/www.ghostysky.com\\\/wp-content\\\/uploads\\\/2020\\\/06\\\/cropped-ghostyskylogo_text_white2.png\",\"contentUrl\":\"https:\\\/\\\/www.ghostysky.com\\\/wp-content\\\/uploads\\\/2020\\\/06\\\/cropped-ghostyskylogo_text_white2.png\",\"width\":169,\"height\":56,\"caption\":\"Ghostysky\"},\"image\":{\"@id\":\"https:\\\/\\\/www.ghostysky.com\\\/#\\\/schema\\\/logo\\\/image\\\/\"},\"sameAs\":[\"https:\\\/\\\/www.facebook.com\\\/people\\\/Ghostysky\\\/100057676170234\\\/\",\"https:\\\/\\\/x.com\\\/Gh0stysky\",\"https:\\\/\\\/www.linkedin.com\\\/company\\\/34739653\",\"https:\\\/\\\/www.instagram.com\\\/gh0stysky\"]}]}<\/script>\n<!-- \/ Yoast SEO plugin. -->","yoast_head_json":{"title":"Bateria Unitree Go2 (vers\u00e3o padr\u00e3o) - Ghostysky","description":"A bateria Unitree Go2 vers\u00e3o padr\u00e3o (modelo BT2-05) \u00e9 a fonte de energia essencial para o rob\u00f4 quadr\u00fapede Unitree Go2, projetada para desempenho robusto e seguran\u00e7a.","robots":{"index":"index","follow":"follow","max-snippet":"max-snippet:-1","max-image-preview":"max-image-preview:large","max-video-preview":"max-video-preview:-1"},"canonical":"https:\/\/www.ghostysky.com\/pt\/produto-2\/unitree-go2-battery-standard-version\/","og_locale":"pt_PT","og_type":"article","og_title":"Unitree Go2 battery (standard version) - Ghostysky","og_description":"The Unitree Go2 Standard Version Battery (Model BT2-05) is the essential power source for the Unitree Go2 quadruped robot, designed for robust performance and safety.","og_url":"https:\/\/www.ghostysky.com\/pt\/produto-2\/unitree-go2-battery-standard-version\/","og_site_name":"Ghostysky","article_publisher":"https:\/\/www.facebook.com\/people\/Ghostysky\/100057676170234\/","article_modified_time":"2025-10-16T06:27:57+00:00","og_image":[{"width":800,"height":800,"url":"https:\/\/www.ghostysky.com\/wp-content\/uploads\/2025\/10\/GH_Go2-battery-standard-version_1.jpg","type":"image\/jpeg"}],"twitter_card":"summary_large_image","twitter_site":"@Gh0stysky","twitter_misc":{"Tempo estimado de leitura":"1 minuto"},"schema":{"@context":"https:\/\/schema.org","@graph":[{"@type":"WebPage","@id":"https:\/\/www.ghostysky.com\/product\/unitree-go2-battery-standard-version\/","url":"https:\/\/www.ghostysky.com\/product\/unitree-go2-battery-standard-version\/","name":"Bateria Unitree Go2 (vers\u00e3o padr\u00e3o) - Ghostysky","isPartOf":{"@id":"https:\/\/www.ghostysky.com\/#website"},"primaryImageOfPage":{"@id":"https:\/\/www.ghostysky.com\/product\/unitree-go2-battery-standard-version\/#primaryimage"},"image":{"@id":"https:\/\/www.ghostysky.com\/product\/unitree-go2-battery-standard-version\/#primaryimage"},"thumbnailUrl":"https:\/\/www.ghostysky.com\/wp-content\/uploads\/2025\/10\/GH_Go2-battery-standard-version_1.jpg","datePublished":"2025-10-16T06:27:18+00:00","dateModified":"2025-10-16T06:27:57+00:00","description":"A bateria Unitree Go2 vers\u00e3o padr\u00e3o (modelo BT2-05) \u00e9 a fonte de energia essencial para o rob\u00f4 quadr\u00fapede Unitree Go2, projetada para desempenho robusto e seguran\u00e7a.","breadcrumb":{"@id":"https:\/\/www.ghostysky.com\/product\/unitree-go2-battery-standard-version\/#breadcrumb"},"inLanguage":"pt-PT","potentialAction":[{"@type":"ReadAction","target":["https:\/\/www.ghostysky.com\/product\/unitree-go2-battery-standard-version\/"]}]},{"@type":"ImageObject","inLanguage":"pt-PT","@id":"https:\/\/www.ghostysky.com\/product\/unitree-go2-battery-standard-version\/#primaryimage","url":"https:\/\/www.ghostysky.com\/wp-content\/uploads\/2025\/10\/GH_Go2-battery-standard-version_1.jpg","contentUrl":"https:\/\/www.ghostysky.com\/wp-content\/uploads\/2025\/10\/GH_Go2-battery-standard-version_1.jpg","width":800,"height":800},{"@type":"BreadcrumbList","@id":"https:\/\/www.ghostysky.com\/product\/unitree-go2-battery-standard-version\/#breadcrumb","itemListElement":[{"@type":"ListItem","position":1,"name":"Home","item":"https:\/\/www.ghostysky.com\/"},{"@type":"ListItem","position":2,"name":"Shop","item":"https:\/\/www.ghostysky.com\/shop\/"},{"@type":"ListItem","position":3,"name":"Unitree Go2 battery (standard version)"}]},{"@type":"WebSite","@id":"https:\/\/www.ghostysky.com\/#website","url":"https:\/\/www.ghostysky.com\/","name":"Ghostysky","description":"Fornecendo drones e servi\u00e7os profissionais","publisher":{"@id":"https:\/\/www.ghostysky.com\/#organization"},"potentialAction":[{"@type":"SearchAction","target":{"@type":"EntryPoint","urlTemplate":"https:\/\/www.ghostysky.com\/?s={search_term_string}"},"query-input":{"@type":"PropertyValueSpecification","valueRequired":true,"valueName":"search_term_string"}}],"inLanguage":"pt-PT"},{"@type":"Organization","@id":"https:\/\/www.ghostysky.com\/#organization","name":"Ghostysky","url":"https:\/\/www.ghostysky.com\/","logo":{"@type":"ImageObject","inLanguage":"pt-PT","@id":"https:\/\/www.ghostysky.com\/#\/schema\/logo\/image\/","url":"https:\/\/www.ghostysky.com\/wp-content\/uploads\/2020\/06\/cropped-ghostyskylogo_text_white2.png","contentUrl":"https:\/\/www.ghostysky.com\/wp-content\/uploads\/2020\/06\/cropped-ghostyskylogo_text_white2.png","width":169,"height":56,"caption":"Ghostysky"},"image":{"@id":"https:\/\/www.ghostysky.com\/#\/schema\/logo\/image\/"},"sameAs":["https:\/\/www.facebook.com\/people\/Ghostysky\/100057676170234\/","https:\/\/x.com\/Gh0stysky","https:\/\/www.linkedin.com\/company\/34739653","https:\/\/www.instagram.com\/gh0stysky"]}]}},"_links":{"self":[{"href":"https:\/\/www.ghostysky.com\/pt\/wp-json\/wp\/v2\/product\/21275","targetHints":{"allow":["GET"]}}],"collection":[{"href":"https:\/\/www.ghostysky.com\/pt\/wp-json\/wp\/v2\/product"}],"about":[{"href":"https:\/\/www.ghostysky.com\/pt\/wp-json\/wp\/v2\/types\/product"}],"replies":[{"embeddable":true,"href":"https:\/\/www.ghostysky.com\/pt\/wp-json\/wp\/v2\/comments?post=21275"}],"wp:featuredmedia":[{"embeddable":true,"href":"https:\/\/www.ghostysky.com\/pt\/wp-json\/wp\/v2\/media\/21278"}],"wp:attachment":[{"href":"https:\/\/www.ghostysky.com\/pt\/wp-json\/wp\/v2\/media?parent=21275"}],"wp:term":[{"taxonomy":"product_brand","embeddable":true,"href":"https:\/\/www.ghostysky.com\/pt\/wp-json\/wp\/v2\/product_brand?post=21275"},{"taxonomy":"product_cat","embeddable":true,"href":"https:\/\/www.ghostysky.com\/pt\/wp-json\/wp\/v2\/product_cat?post=21275"},{"taxonomy":"product_tag","embeddable":true,"href":"https:\/\/www.ghostysky.com\/pt\/wp-json\/wp\/v2\/product_tag?post=21275"}],"curies":[{"name":"wp","href":"https:\/\/api.w.org\/{rel}","templated":true}]}}