{"id":21281,"date":"2025-10-16T06:40:53","date_gmt":"2025-10-16T06:40:53","guid":{"rendered":"https:\/\/www.ghostysky.com\/?post_type=product&#038;p=21281"},"modified":"2026-04-07T10:58:55","modified_gmt":"2026-04-07T10:58:55","slug":"unitree-go2-battery-charger-fast-charge-version","status":"publish","type":"product","link":"https:\/\/www.ghostysky.com\/pt\/product\/unitree-go2-battery-charger-fast-charge-version\/","title":{"rendered":"Carregador de bateria Unitree GO2 (vers\u00e3o de carga r\u00e1pida)"},"content":{"rendered":"<div id=\"model-response-message-contentr_08bdb40276433113\" class=\"markdown markdown-main-panel stronger enable-updated-hr-color\" dir=\"ltr\">\n<p><b>Caracter\u00edsticas principais:<\/b><\/p>\n<ul>\n<li><b>Carregamento ultrarr\u00e1pido:<\/b><span class=\"citation-997 citation-end-997\"> Reduz drasticamente o tempo de espera.<\/span> <span class=\"citation-996\">Carregue totalmente o <\/span><b><span class=\"citation-996\">Bateria padr\u00e3o (8000mAh) em aproximadamente 0,8 horas<\/span><\/b><span class=\"citation-996\"> e o <\/span><b><span class=\"citation-996\">Bateria de longa dura\u00e7\u00e3o (15000mAh) em aproximadamente 1,5 horas<\/span><\/b><span class=\"citation-996 citation-end-996\">.<\/span><\/li>\n<li><b>Sa\u00edda de alta pot\u00eancia:<\/b><span class=\"citation-995\"> Apresenta uma sa\u00edda robusta de <\/span><b><span class=\"citation-995\">33,6 V, 9,0 A e 302,4 W<\/span><\/b><span class=\"citation-995 citation-end-995\"> para entrega de energia eficiente.<\/span><\/li>\n<li><b><span class=\"citation-994\">Prote\u00e7\u00e3o de seguran\u00e7a abrangente:<\/span><\/b><span class=\"citation-994\"> Projetado com o Unitree integrado <\/span><b><span class=\"citation-994\">sistema de seguran\u00e7a \u00f3ctuplo<\/span><\/b><span class=\"citation-994 citation-end-994\"> para proteger seu investimento, incluindo prote\u00e7\u00f5es contra sobrecarga, curto-circuito, temperatura excessiva e descarga excessiva.<\/span><\/li>\n<li><b><span class=\"citation-993\">Pot\u00eancia est\u00e1vel e otimizada:<\/span><\/b><span class=\"citation-993 citation-end-993\"> Fornece um fluxo de energia cont\u00ednuo e est\u00e1vel, otimizado para manter a sa\u00fade e prolongar a vida \u00fatil da sua bateria GO2 avan\u00e7ada.<\/span><\/li>\n<li><b><span class=\"citation-992\">Entrada universal:<\/span><\/b><span class=\"citation-992\"> Compat\u00edvel com uma ampla gama de fontes de energia, suportando <\/span><b><span class=\"citation-992 citation-end-992\">100-240V <\/span><span class=\"math-inline\" data-math=\"\\sim\"><span class=\"katex\"><span class=\"katex-html\" aria-hidden=\"true\"><span class=\"base\"><span class=\"mrel\">\u223c<\/span><\/span><\/span><\/span><\/span><span class=\"citation-991\"> 50\/60Hz<\/span><\/b><span class=\"citation-991 citation-end-991\"> entrada.<\/span><\/li>\n<li><b><span class=\"citation-990\">Design port\u00e1til:<\/span><\/b><span class=\"citation-990 citation-end-990\"> Seu formato compacto e leve facilita o transporte, garantindo que voc\u00ea possa recarregar seu GO2 rapidamente em campo, no laborat\u00f3rio ou em qualquer lugar que sua miss\u00e3o o leve.<\/span><\/li>\n<li><b>Acess\u00f3rio oficial da Unitree:<\/b><span class=\"citation-989 citation-end-989\"> Este \u00e9 um carregador oficial, desenvolvido especificamente para garantir compatibilidade perfeita e desempenho m\u00e1ximo com todos os modelos Unitree GO2 (incluindo GO2 Air, PRO e EDU).<\/span>\n<div class=\"source-inline-chip-container ng-star-inserted\"><\/div>\n<\/li>\n<\/ul>\n<p><b>Especifica\u00e7\u00f5es (vers\u00e3o de carregamento r\u00e1pido):<\/b><\/p>\n<ul>\n<li><b>Fonte de alimenta\u00e7\u00e3o de entrada:<\/b> <span class=\"math-inline\" data-math=\"100-240V \\sim 50\/60Hz, 4A, 350VA\"><span class=\"katex\"><span class=\"katex-html\" aria-hidden=\"true\"><span class=\"base\"><span class=\"mord\">100<\/span><span class=\"mbin\">\u2212<\/span><\/span><span class=\"base\"><span class=\"mord\">240<\/span><span class=\"mord mathnormal\">V<\/span><span class=\"mrel\">\u223c<\/span><\/span><span class=\"base\"><span class=\"mord\">50\/60<\/span><span class=\"mord mathnormal\">Hz<\/span><span class=\"mpunct\">,<\/span><span class=\"mord\">4<\/span><span class=\"mord mathnormal\">UMA<\/span><span class=\"mpunct\">,<\/span><span class=\"mord\">350<\/span><span class=\"mord mathnormal\">V<\/span><span class=\"mord mathnormal\">UMA<\/span><\/span><\/span><\/span><\/span><\/li>\n<li><b>Fonte de alimenta\u00e7\u00e3o de sa\u00edda:<\/b> <span class=\"math-inline\" data-math=\"33.6V, 9.0A, 302.4W\"><span class=\"katex\"><span class=\"katex-html\" aria-hidden=\"true\"><span class=\"base\"><span class=\"mord\">33.6<\/span><span class=\"mord mathnormal\">V<\/span><span class=\"mpunct\">,<\/span><span class=\"mord\">9.0<\/span><span class=\"mord mathnormal\">UMA<\/span><span class=\"mpunct\">,<\/span><span class=\"mord\">302.4<\/span><span class=\"mord mathnormal\">C<\/span><\/span><\/span><\/span><\/span><\/li>\n<li><b>Corrente de carga:<\/b> <span class=\"math-inline\" data-math=\"9.0A\"><span class=\"katex\"><span class=\"katex-html\" aria-hidden=\"true\"><span class=\"base\"><span class=\"mord\">9.0<\/span><span class=\"mord mathnormal\">UMA<\/span><\/span><\/span><\/span><\/span><\/li>\n<li><b><span class=\"citation-985\">Tempo de carga da bateria padr\u00e3o (8000mAh):<\/span><\/b> <span class=\"math-inline\" data-math=\"\\approx 0.8\"><span class=\"katex\"><span class=\"katex-html\" aria-hidden=\"true\"><span class=\"base\"><span class=\"mrel\">\u2248<\/span><\/span><span class=\"base\"><span class=\"mord\">0.8<\/span><\/span><\/span><\/span><\/span><span class=\"citation-984 citation-end-984\"> horas<\/span><\/li>\n<li><b><span class=\"citation-983\">Bateria de longa dura\u00e7\u00e3o (15000mAh) Tempo de carregamento:<\/span><\/b> <span class=\"math-inline\" data-math=\"\\approx 1.5\"><span class=\"katex\"><span class=\"katex-html\" aria-hidden=\"true\"><span class=\"base\"><span class=\"mrel\">\u2248<\/span><\/span><span class=\"base\"><span class=\"mord\">1.5<\/span><\/span><\/span><\/span><\/span><span class=\"citation-982 citation-end-982\"> horas<\/span><\/li>\n<li><b><span class=\"citation-981\">Tamanho do produto:<\/span><\/b> <span class=\"math-inline\" data-math=\"\\approx 210mm \\times 108mm \\times 48.2mm\"><span class=\"katex\"><span class=\"katex-html\" aria-hidden=\"true\"><span class=\"base\"><span class=\"mrel\">\u2248<\/span><\/span><span class=\"base\"><span class=\"mord\">210<\/span><span class=\"mord mathnormal\">mil\u00edmetros<\/span><span class=\"mbin\">\u00d7<\/span><\/span><span class=\"base\"><span class=\"mord\">108<\/span><span class=\"mord mathnormal\">mil\u00edmetros<\/span><span class=\"mbin\">\u00d7<\/span><\/span><span class=\"base\"><span class=\"mord\">48.2<\/span><span class=\"mord mathnormal\">mil\u00edmetros<\/span><\/span><\/span><\/span><\/span><span class=\"citation-980 citation-end-980\"> (ou similar, dependendo da regi\u00e3o\/modelo)<\/span><\/li>\n<\/ul>\n<p><span class=\"citation-979 citation-end-979\">Adquira o carregador r\u00e1pido Unitree GO2 e passe menos tempo preso a uma tomada e mais tempo comandando o futuro.<\/span><\/p>\n<div class=\"source-inline-chip-container ng-star-inserted\"><\/div>\n<\/div>","protected":false},"excerpt":{"rendered":"<p><span class=\"citation-999 citation-end-999\">O carregador de bateria r\u00e1pido Unitree GO2 \u00e9 o acess\u00f3rio essencial para usu\u00e1rios que exigem retorno r\u00e1pido e tempo de inatividade m\u00ednimo para seu rob\u00f4 quadr\u00fapede GO2.<\/span> <span class=\"citation-998 citation-end-998\">Projetado especificamente para o sistema de bateria inteligente do Unitree GO2, este carregador de alto desempenho oferece uma carga potente e acelerada, priorizando a seguran\u00e7a e a longevidade da bateria.<\/span><\/p>\n<div class=\"source-inline-chip-container ng-star-inserted\"><\/div>\n<div class=\"source-inline-chip-container ng-star-inserted\"><\/div>\n<p>&nbsp;<\/p>","protected":false},"featured_media":21283,"comment_status":"open","ping_status":"closed","template":"","meta":[],"product_brand":[1087],"product_cat":[1039,1037,1086],"product_tag":[1088,1094,1092],"class_list":{"0":"post-21281","1":"product","2":"type-product","3":"status-publish","4":"has-post-thumbnail","6":"product_brand-unitree","7":"product_cat-quadruped","8":"product_cat-robotics","9":"product_cat-unitree-quad-accessories","10":"product_tag-unitree","11":"product_tag-unitree-go2-accessories","12":"product_tag-unitree-go2-series","14":"first","15":"instock","16":"taxable","17":"shipping-taxable","18":"purchasable","19":"product-type-simple"},"yoast_head":"<!-- This site is optimized with the Yoast SEO plugin v27.4 - https:\/\/yoast.com\/product\/yoast-seo-wordpress\/ -->\n<title>Unitree GO2 Battery charger (fast Charge version) - Ghostysky<\/title>\n<meta name=\"description\" content=\"The Unitree GO2 Fast Charge Battery Charger is the essential accessory for users who demand rapid turnaround and minimal downtime for their GO2 quadruped robot. Specifically engineered for the Unitree GO2&#039;s intelligent battery system, this high-performance charger delivers a powerful, accelerated charge while prioritizing safety and battery longevity.\" \/>\n<meta name=\"robots\" content=\"index, follow, max-snippet:-1, max-image-preview:large, max-video-preview:-1\" \/>\n<link rel=\"canonical\" href=\"https:\/\/www.ghostysky.com\/pt\/produto-2\/unitree-go2-battery-charger-fast-charge-version\/\" \/>\n<meta property=\"og:locale\" content=\"pt_PT\" \/>\n<meta property=\"og:type\" content=\"article\" \/>\n<meta property=\"og:title\" content=\"Unitree GO2 Battery charger (fast Charge version) - Ghostysky\" \/>\n<meta property=\"og:description\" content=\"The Unitree GO2 Fast Charge Battery Charger is the essential accessory for users who demand rapid turnaround and minimal downtime for their GO2 quadruped robot. Specifically engineered for the Unitree GO2&#039;s intelligent battery system, this high-performance charger delivers a powerful, accelerated charge while prioritizing safety and battery longevity.\" \/>\n<meta property=\"og:url\" content=\"https:\/\/www.ghostysky.com\/pt\/produto-2\/unitree-go2-battery-charger-fast-charge-version\/\" \/>\n<meta property=\"og:site_name\" content=\"Ghostysky\" \/>\n<meta property=\"article:publisher\" content=\"https:\/\/www.facebook.com\/people\/Ghostysky\/100057676170234\/\" \/>\n<meta property=\"article:modified_time\" content=\"2026-04-07T10:58:55+00:00\" \/>\n<meta property=\"og:image\" content=\"https:\/\/www.ghostysky.com\/wp-content\/uploads\/2025\/10\/GH_Go2-Battery-Charger-standard-charge-version_1.jpg\" \/>\n\t<meta property=\"og:image:width\" content=\"800\" \/>\n\t<meta property=\"og:image:height\" content=\"800\" \/>\n\t<meta property=\"og:image:type\" content=\"image\/jpeg\" \/>\n<meta name=\"twitter:card\" content=\"summary_large_image\" \/>\n<meta name=\"twitter:site\" content=\"@Gh0stysky\" \/>\n<meta name=\"twitter:label1\" content=\"Tempo estimado de leitura\" \/>\n\t<meta name=\"twitter:data1\" content=\"2 minutos\" \/>\n<script type=\"application\/ld+json\" class=\"yoast-schema-graph\">{\"@context\":\"https:\\\/\\\/schema.org\",\"@graph\":[{\"@type\":\"WebPage\",\"@id\":\"https:\\\/\\\/www.ghostysky.com\\\/product\\\/unitree-go2-battery-charger-fast-charge-version\\\/\",\"url\":\"https:\\\/\\\/www.ghostysky.com\\\/product\\\/unitree-go2-battery-charger-fast-charge-version\\\/\",\"name\":\"Unitree GO2 Battery charger (fast Charge version) - Ghostysky\",\"isPartOf\":{\"@id\":\"https:\\\/\\\/www.ghostysky.com\\\/#website\"},\"primaryImageOfPage\":{\"@id\":\"https:\\\/\\\/www.ghostysky.com\\\/product\\\/unitree-go2-battery-charger-fast-charge-version\\\/#primaryimage\"},\"image\":{\"@id\":\"https:\\\/\\\/www.ghostysky.com\\\/product\\\/unitree-go2-battery-charger-fast-charge-version\\\/#primaryimage\"},\"thumbnailUrl\":\"https:\\\/\\\/www.ghostysky.com\\\/wp-content\\\/uploads\\\/2025\\\/10\\\/GH_Go2-Battery-Charger-standard-charge-version_1.jpg\",\"datePublished\":\"2025-10-16T06:40:53+00:00\",\"dateModified\":\"2026-04-07T10:58:55+00:00\",\"description\":\"The Unitree GO2 Fast Charge Battery Charger is the essential accessory for users who demand rapid turnaround and minimal downtime for their GO2 quadruped robot. Specifically engineered for the Unitree GO2's intelligent battery system, this high-performance charger delivers a powerful, accelerated charge while prioritizing safety and battery longevity.\",\"breadcrumb\":{\"@id\":\"https:\\\/\\\/www.ghostysky.com\\\/product\\\/unitree-go2-battery-charger-fast-charge-version\\\/#breadcrumb\"},\"inLanguage\":\"pt-PT\",\"potentialAction\":[{\"@type\":\"ReadAction\",\"target\":[\"https:\\\/\\\/www.ghostysky.com\\\/product\\\/unitree-go2-battery-charger-fast-charge-version\\\/\"]}]},{\"@type\":\"ImageObject\",\"inLanguage\":\"pt-PT\",\"@id\":\"https:\\\/\\\/www.ghostysky.com\\\/product\\\/unitree-go2-battery-charger-fast-charge-version\\\/#primaryimage\",\"url\":\"https:\\\/\\\/www.ghostysky.com\\\/wp-content\\\/uploads\\\/2025\\\/10\\\/GH_Go2-Battery-Charger-standard-charge-version_1.jpg\",\"contentUrl\":\"https:\\\/\\\/www.ghostysky.com\\\/wp-content\\\/uploads\\\/2025\\\/10\\\/GH_Go2-Battery-Charger-standard-charge-version_1.jpg\",\"width\":800,\"height\":800},{\"@type\":\"BreadcrumbList\",\"@id\":\"https:\\\/\\\/www.ghostysky.com\\\/product\\\/unitree-go2-battery-charger-fast-charge-version\\\/#breadcrumb\",\"itemListElement\":[{\"@type\":\"ListItem\",\"position\":1,\"name\":\"Home\",\"item\":\"https:\\\/\\\/www.ghostysky.com\\\/\"},{\"@type\":\"ListItem\",\"position\":2,\"name\":\"Shop\",\"item\":\"https:\\\/\\\/www.ghostysky.com\\\/shop\\\/\"},{\"@type\":\"ListItem\",\"position\":3,\"name\":\"Unitree GO2 Battery charger (fast Charge version)\"}]},{\"@type\":\"WebSite\",\"@id\":\"https:\\\/\\\/www.ghostysky.com\\\/#website\",\"url\":\"https:\\\/\\\/www.ghostysky.com\\\/\",\"name\":\"Ghostysky\",\"description\":\"Delivering professional drones and services\",\"publisher\":{\"@id\":\"https:\\\/\\\/www.ghostysky.com\\\/#organization\"},\"potentialAction\":[{\"@type\":\"SearchAction\",\"target\":{\"@type\":\"EntryPoint\",\"urlTemplate\":\"https:\\\/\\\/www.ghostysky.com\\\/?s={search_term_string}\"},\"query-input\":{\"@type\":\"PropertyValueSpecification\",\"valueRequired\":true,\"valueName\":\"search_term_string\"}}],\"inLanguage\":\"pt-PT\"},{\"@type\":\"Organization\",\"@id\":\"https:\\\/\\\/www.ghostysky.com\\\/#organization\",\"name\":\"Ghostysky\",\"url\":\"https:\\\/\\\/www.ghostysky.com\\\/\",\"logo\":{\"@type\":\"ImageObject\",\"inLanguage\":\"pt-PT\",\"@id\":\"https:\\\/\\\/www.ghostysky.com\\\/#\\\/schema\\\/logo\\\/image\\\/\",\"url\":\"https:\\\/\\\/www.ghostysky.com\\\/wp-content\\\/uploads\\\/2020\\\/06\\\/cropped-ghostyskylogo_text_white2.png\",\"contentUrl\":\"https:\\\/\\\/www.ghostysky.com\\\/wp-content\\\/uploads\\\/2020\\\/06\\\/cropped-ghostyskylogo_text_white2.png\",\"width\":169,\"height\":56,\"caption\":\"Ghostysky\"},\"image\":{\"@id\":\"https:\\\/\\\/www.ghostysky.com\\\/#\\\/schema\\\/logo\\\/image\\\/\"},\"sameAs\":[\"https:\\\/\\\/www.facebook.com\\\/people\\\/Ghostysky\\\/100057676170234\\\/\",\"https:\\\/\\\/x.com\\\/Gh0stysky\",\"https:\\\/\\\/www.linkedin.com\\\/company\\\/34739653\",\"https:\\\/\\\/www.instagram.com\\\/gh0stysky\"]}]}<\/script>\n<!-- \/ Yoast SEO plugin. -->","yoast_head_json":{"title":"Carregador de bateria Unitree GO2 (vers\u00e3o de carga r\u00e1pida) - Ghostysky","description":"O Carregador de Bateria de Carga R\u00e1pida Unitree GO2 \u00e9 o acess\u00f3rio essencial para usu\u00e1rios que exigem rapidez e tempo de inatividade m\u00ednimo para seu rob\u00f4 quadr\u00fapede GO2. Projetado especificamente para o sistema de bateria inteligente do Unitree GO2, este carregador de alto desempenho proporciona uma carga potente e acelerada, priorizando a seguran\u00e7a e a longevidade da bateria.","robots":{"index":"index","follow":"follow","max-snippet":"max-snippet:-1","max-image-preview":"max-image-preview:large","max-video-preview":"max-video-preview:-1"},"canonical":"https:\/\/www.ghostysky.com\/pt\/produto-2\/unitree-go2-battery-charger-fast-charge-version\/","og_locale":"pt_PT","og_type":"article","og_title":"Unitree GO2 Battery charger (fast Charge version) - Ghostysky","og_description":"The Unitree GO2 Fast Charge Battery Charger is the essential accessory for users who demand rapid turnaround and minimal downtime for their GO2 quadruped robot. Specifically engineered for the Unitree GO2's intelligent battery system, this high-performance charger delivers a powerful, accelerated charge while prioritizing safety and battery longevity.","og_url":"https:\/\/www.ghostysky.com\/pt\/produto-2\/unitree-go2-battery-charger-fast-charge-version\/","og_site_name":"Ghostysky","article_publisher":"https:\/\/www.facebook.com\/people\/Ghostysky\/100057676170234\/","article_modified_time":"2026-04-07T10:58:55+00:00","og_image":[{"width":800,"height":800,"url":"https:\/\/www.ghostysky.com\/wp-content\/uploads\/2025\/10\/GH_Go2-Battery-Charger-standard-charge-version_1.jpg","type":"image\/jpeg"}],"twitter_card":"summary_large_image","twitter_site":"@Gh0stysky","twitter_misc":{"Tempo estimado de leitura":"2 minutos"},"schema":{"@context":"https:\/\/schema.org","@graph":[{"@type":"WebPage","@id":"https:\/\/www.ghostysky.com\/product\/unitree-go2-battery-charger-fast-charge-version\/","url":"https:\/\/www.ghostysky.com\/product\/unitree-go2-battery-charger-fast-charge-version\/","name":"Carregador de bateria Unitree GO2 (vers\u00e3o de carga r\u00e1pida) - Ghostysky","isPartOf":{"@id":"https:\/\/www.ghostysky.com\/#website"},"primaryImageOfPage":{"@id":"https:\/\/www.ghostysky.com\/product\/unitree-go2-battery-charger-fast-charge-version\/#primaryimage"},"image":{"@id":"https:\/\/www.ghostysky.com\/product\/unitree-go2-battery-charger-fast-charge-version\/#primaryimage"},"thumbnailUrl":"https:\/\/www.ghostysky.com\/wp-content\/uploads\/2025\/10\/GH_Go2-Battery-Charger-standard-charge-version_1.jpg","datePublished":"2025-10-16T06:40:53+00:00","dateModified":"2026-04-07T10:58:55+00:00","description":"O Carregador de Bateria de Carga R\u00e1pida Unitree GO2 \u00e9 o acess\u00f3rio essencial para usu\u00e1rios que exigem rapidez e tempo de inatividade m\u00ednimo para seu rob\u00f4 quadr\u00fapede GO2. Projetado especificamente para o sistema de bateria inteligente do Unitree GO2, este carregador de alto desempenho proporciona uma carga potente e acelerada, priorizando a seguran\u00e7a e a longevidade da bateria.","breadcrumb":{"@id":"https:\/\/www.ghostysky.com\/product\/unitree-go2-battery-charger-fast-charge-version\/#breadcrumb"},"inLanguage":"pt-PT","potentialAction":[{"@type":"ReadAction","target":["https:\/\/www.ghostysky.com\/product\/unitree-go2-battery-charger-fast-charge-version\/"]}]},{"@type":"ImageObject","inLanguage":"pt-PT","@id":"https:\/\/www.ghostysky.com\/product\/unitree-go2-battery-charger-fast-charge-version\/#primaryimage","url":"https:\/\/www.ghostysky.com\/wp-content\/uploads\/2025\/10\/GH_Go2-Battery-Charger-standard-charge-version_1.jpg","contentUrl":"https:\/\/www.ghostysky.com\/wp-content\/uploads\/2025\/10\/GH_Go2-Battery-Charger-standard-charge-version_1.jpg","width":800,"height":800},{"@type":"BreadcrumbList","@id":"https:\/\/www.ghostysky.com\/product\/unitree-go2-battery-charger-fast-charge-version\/#breadcrumb","itemListElement":[{"@type":"ListItem","position":1,"name":"Home","item":"https:\/\/www.ghostysky.com\/"},{"@type":"ListItem","position":2,"name":"Shop","item":"https:\/\/www.ghostysky.com\/shop\/"},{"@type":"ListItem","position":3,"name":"Unitree GO2 Battery charger (fast Charge version)"}]},{"@type":"WebSite","@id":"https:\/\/www.ghostysky.com\/#website","url":"https:\/\/www.ghostysky.com\/","name":"Ghostysky","description":"Fornecendo drones e servi\u00e7os profissionais","publisher":{"@id":"https:\/\/www.ghostysky.com\/#organization"},"potentialAction":[{"@type":"SearchAction","target":{"@type":"EntryPoint","urlTemplate":"https:\/\/www.ghostysky.com\/?s={search_term_string}"},"query-input":{"@type":"PropertyValueSpecification","valueRequired":true,"valueName":"search_term_string"}}],"inLanguage":"pt-PT"},{"@type":"Organization","@id":"https:\/\/www.ghostysky.com\/#organization","name":"Ghostysky","url":"https:\/\/www.ghostysky.com\/","logo":{"@type":"ImageObject","inLanguage":"pt-PT","@id":"https:\/\/www.ghostysky.com\/#\/schema\/logo\/image\/","url":"https:\/\/www.ghostysky.com\/wp-content\/uploads\/2020\/06\/cropped-ghostyskylogo_text_white2.png","contentUrl":"https:\/\/www.ghostysky.com\/wp-content\/uploads\/2020\/06\/cropped-ghostyskylogo_text_white2.png","width":169,"height":56,"caption":"Ghostysky"},"image":{"@id":"https:\/\/www.ghostysky.com\/#\/schema\/logo\/image\/"},"sameAs":["https:\/\/www.facebook.com\/people\/Ghostysky\/100057676170234\/","https:\/\/x.com\/Gh0stysky","https:\/\/www.linkedin.com\/company\/34739653","https:\/\/www.instagram.com\/gh0stysky"]}]}},"_links":{"self":[{"href":"https:\/\/www.ghostysky.com\/pt\/wp-json\/wp\/v2\/product\/21281","targetHints":{"allow":["GET"]}}],"collection":[{"href":"https:\/\/www.ghostysky.com\/pt\/wp-json\/wp\/v2\/product"}],"about":[{"href":"https:\/\/www.ghostysky.com\/pt\/wp-json\/wp\/v2\/types\/product"}],"replies":[{"embeddable":true,"href":"https:\/\/www.ghostysky.com\/pt\/wp-json\/wp\/v2\/comments?post=21281"}],"version-history":[{"count":0,"href":"https:\/\/www.ghostysky.com\/pt\/wp-json\/wp\/v2\/product\/21281\/revisions"}],"wp:featuredmedia":[{"embeddable":true,"href":"https:\/\/www.ghostysky.com\/pt\/wp-json\/wp\/v2\/media\/21283"}],"wp:attachment":[{"href":"https:\/\/www.ghostysky.com\/pt\/wp-json\/wp\/v2\/media?parent=21281"}],"wp:term":[{"taxonomy":"product_brand","embeddable":true,"href":"https:\/\/www.ghostysky.com\/pt\/wp-json\/wp\/v2\/product_brand?post=21281"},{"taxonomy":"product_cat","embeddable":true,"href":"https:\/\/www.ghostysky.com\/pt\/wp-json\/wp\/v2\/product_cat?post=21281"},{"taxonomy":"product_tag","embeddable":true,"href":"https:\/\/www.ghostysky.com\/pt\/wp-json\/wp\/v2\/product_tag?post=21281"}],"curies":[{"name":"wp","href":"https:\/\/api.w.org\/{rel}","templated":true}]}}