{"id":21287,"date":"2025-10-16T06:50:26","date_gmt":"2025-10-16T06:50:26","guid":{"rendered":"https:\/\/www.ghostysky.com\/?post_type=product&#038;p=21287"},"modified":"2025-10-16T06:51:01","modified_gmt":"2025-10-16T06:51:01","slug":"unitree-l1-pm-lidar-precision-measurement","status":"publish","type":"product","link":"https:\/\/www.ghostysky.com\/pt\/product\/unitree-l1-pm-lidar-precision-measurement\/","title":{"rendered":"Unitree L1 PM LiDAR (Medi\u00e7\u00e3o de Precis\u00e3o)"},"content":{"rendered":"<p><b>Caracter\u00edsticas principais:<\/b><\/p>\n<ul>\n<li><b>Varredura ultra grande angular omnidirecional:<\/b><span class=\"citation-1063 citation-end-1063\"> Alcan\u00e7a uma quase hemisf\u00e9rica <sup class=\"superscript\" data-turn-source-index=\"3\">3<\/sup><\/span><b><span class=\"math-inline\" data-math=\"360^\\circ \\times 90^\\circ\">$360^\\circ \\vezes 90^\\circ$<\/span><span class=\"citation-1062\"> Campo de vis\u00e3o (FOV)<\/span><\/b><span class=\"citation-1062 citation-end-1062\">, fornecendo cobertura ambiental abrangente com pontos cegos m\u00ednimos para uma navega\u00e7\u00e3o segura e eficaz.<\/span><\/li>\n<li><b>Medi\u00e7\u00e3o de precis\u00e3o:<\/b><span class=\"citation-1061\"> Fornece dados confi\u00e1veis com um <\/span><b><span class=\"citation-1061 citation-end-1061\">precis\u00e3o de medi\u00e7\u00e3o de <sup class=\"superscript\" data-turn-source-index=\"5\">5<\/sup><\/span><span class=\"math-inline\" data-math=\"\\pm2.0 \\text{ cm}\">$\\pm2.0 \\texto{ cm}$<\/span><\/b><span class=\"citation-1060 citation-end-1060\">.<\/span><\/li>\n<li><b><span class=\"citation-1059\">Excelente detec\u00e7\u00e3o de curto alcance:<\/span><\/b><span class=\"citation-1059\"> Apresenta um ultrabaixo <\/span><b><span class=\"citation-1059 citation-end-1059\">\u00e1rea cega pr\u00f3xima de apenas <sup class=\"superscript\" data-turn-source-index=\"7\">7<\/sup><\/span><span class=\"math-inline\" data-math=\"0.05 \\text{ m}\">$0,05 \\texto{ m}$<\/span><\/b><span class=\"citation-1058 citation-end-1058\">, tornando-o ideal para detec\u00e7\u00e3o de proximidade e navega\u00e7\u00e3o em espa\u00e7os restritos.<\/span><\/li>\n<li><b>Dist\u00e2ncia efetiva de varredura:<\/b><span class=\"citation-1057 citation-end-1057\"> Oferece uma dist\u00e2ncia m\u00e1xima de digitaliza\u00e7\u00e3o de <sup class=\"superscript\" data-turn-source-index=\"9\">9<\/sup><\/span><b><span class=\"math-inline\" data-math=\"20 \\text{ m}\">$20 \\texto{ m}$<\/span><\/b><span class=\"citation-1056 citation-end-1056\"> (no <sup class=\"superscript\" data-turn-source-index=\"10\">10<\/sup><\/span><span class=\"math-inline\" data-math=\"90\\%\">$90\\%$<\/span><span class=\"citation-1055 citation-end-1055\"> refletividade) e <sup class=\"superscript\" data-turn-source-index=\"11\">11<\/sup><\/span><span class=\"math-inline\" data-math=\"10 \\text{ m}\">$10 \\texto{ m}$<\/span><span class=\"citation-1054 citation-end-1054\"> (no <sup class=\"superscript\" data-turn-source-index=\"12\">12<\/sup><\/span><span class=\"math-inline\" data-math=\"10\\%\">$10\\%$<\/span><span class=\"citation-1053 citation-end-1053\"> refletividade).<\/span><\/li>\n<li><b>Alta taxa de dados:<\/b><span class=\"citation-1052 citation-end-1052\"> Capaz de uma frequ\u00eancia de amostragem efetiva de alta velocidade de <sup class=\"superscript\" data-turn-source-index=\"14\">14<\/sup><\/span><b><span class=\"math-inline\" data-math=\"21,600 \\text{ points\/s}\">$21.600 \\text{ pontos\/s}$<\/span><\/b><span class=\"citation-1051 citation-end-1051\">, garantindo dados de nuvem de pontos de alta densidade para mapeamento e reconhecimento detalhados.<\/span><\/li>\n<li><b><span class=\"citation-1050\">IMU integrada:<\/span><\/b><span class=\"citation-1050\"> Constru\u00eddo em <\/span><b><span class=\"citation-1050\">Acelera\u00e7\u00e3o de 3 eixos e girosc\u00f3pio de 3 eixos<\/span><\/b><span class=\"citation-1050 citation-end-1050\"> (IMU) suporta algoritmos avan\u00e7ados como SLAM (Localiza\u00e7\u00e3o e Mapeamento Simult\u00e2neos) usando apenas a nuvem de pontos e dados IMU.<\/span><\/li>\n<li><b><span class=\"citation-1049\">Design compacto e leve:<\/span><\/b><span class=\"citation-1049 citation-end-1049\"> Com um tamanho de <sup class=\"superscript\" data-turn-source-index=\"17\">17<\/sup><\/span><b><span class=\"math-inline\" data-math=\"75 \\times 75 \\times 65 \\text{ mm}\">$75 \\vezes 75 \\vezes 65 \\texto{ mm}$<\/span><\/b><span class=\"citation-1048 citation-end-1048\"> e pesando apenas <sup class=\"superscript\" data-turn-source-index=\"18\">18<\/sup><\/span><b><span class=\"math-inline\" data-math=\"230 \\text{ g}\">$230 \\texto{ g}$<\/span><\/b><span class=\"citation-1047 citation-end-1047\">, \u00e9 altamente adequado para integra\u00e7\u00e3o flex\u00edvel em plataformas m\u00f3veis de pequeno e m\u00e9dio porte.<\/span><\/li>\n<li><b>Desempenho robusto:<\/b><span class=\"citation-1046 citation-end-1046\"> Apresenta capacidade antirreflexo eficaz (<sup class=\"superscript\" data-turn-source-index=\"20\">20<\/sup><\/span><span class=\"math-inline\" data-math=\"&gt;100 \\text{ Klux}\">$&gt;100 \\texto{ Klux}$<\/span><span class=\"citation-1045\">) e resist\u00eancia \u00e0 luz ambiente complexa, permitindo um alcance est\u00e1vel e um mapeamento de alta precis\u00e3o. <\/span><b><span class=\"citation-1045\">dentro e fora de casa<\/span><\/b><span class=\"citation-1045 citation-end-1045\">.<\/span><\/li>\n<li><b><span class=\"citation-1044\">Seguran\u00e7a e Versatilidade:<\/span><\/b><span class=\"citation-1044\"> Classificado como <\/span><b><span class=\"citation-1044\">Classe 1<\/span><\/b><span class=\"citation-1044 citation-end-1044\"> seguro para os olhos humanos (IEC60825-1:2014) e capaz de detectar objetos desafiadores como vidro.<\/span><\/li>\n<\/ul>\n<p>O Unitree L1 PM LiDAR \u00e9 uma excelente escolha para aplica\u00e7\u00f5es que exigem localiza\u00e7\u00e3o precisa, mapeamento, preven\u00e7\u00e3o de obst\u00e1culos e reconstru\u00e7\u00e3o 3D em campos como:<\/p>\n<ul>\n<li><span class=\"citation-1043 citation-end-1043\">Rob\u00f4s m\u00f3veis aut\u00f4nomos (como os rob\u00f4s quadr\u00fapedes da Unitree)<\/span><\/li>\n<li><span class=\"citation-1042 citation-end-1042\">Automa\u00e7\u00e3o de log\u00edstica e armazenagem<\/span><\/li>\n<li><span class=\"citation-1041 citation-end-1041\">Ind\u00fastria e agricultura inteligentes<\/span><\/li>\n<li><span class=\"citation-1040 citation-end-1040\">Rob\u00f4s de varredura e limpeza<\/span><\/li>\n<li><span class=\"citation-1039 citation-end-1039\">Patrulhamento de seguran\u00e7a<\/span><\/li>\n<\/ul>","protected":false},"excerpt":{"rendered":"<p><span class=\"citation-1065\">O <\/span><b><span class=\"citation-1065\">Unitree L1 PM LiDAR (Medi\u00e7\u00e3o de Precis\u00e3o)<\/span><\/b><span class=\"citation-1065 citation-end-1065\"> \u00e9 uma solu\u00e7\u00e3o LiDAR 4D compacta e de alto desempenho (posi\u00e7\u00e3o 3D + escala de cinza 1D) projetada para acelerar o desenvolvimento de rob\u00f4s m\u00f3veis de alto desempenho.<\/span> <span class=\"citation-1064 citation-end-1064\">Especificamente otimizado para aplica\u00e7\u00f5es de precis\u00e3o, o modelo L1 PM oferece uma combina\u00e7\u00e3o equilibrada de cobertura grande angular e alta precis\u00e3o.<\/span><\/p>","protected":false},"featured_media":21289,"comment_status":"open","ping_status":"closed","template":"","meta":[],"product_brand":[1087],"product_cat":[1039,1037,1086],"product_tag":[1088,1094,1092],"class_list":{"0":"post-21287","1":"product","2":"type-product","3":"status-publish","4":"has-post-thumbnail","6":"product_brand-unitree","7":"product_cat-quadruped","8":"product_cat-robotics","9":"product_cat-unitree-quad-accessories","10":"product_tag-unitree","11":"product_tag-unitree-go2-accessories","12":"product_tag-unitree-go2-series","14":"first","15":"onbackorder","16":"taxable","17":"shipping-taxable","18":"purchasable","19":"product-type-simple"},"yoast_head":"<!-- This site is optimized with the Yoast SEO plugin v27.4 - https:\/\/yoast.com\/product\/yoast-seo-wordpress\/ -->\n<title>Unitree L1 PM LiDAR (Precision Measurement) - Ghostysky<\/title>\n<meta name=\"description\" content=\"The Unitree L1 PM LiDAR (Precision Measurement) is a compact, high-performance 4D LiDAR (3D position + 1D grayscale) solution engineered to accelerate the development of high-performance mobile robots. Specifically optimized for precision applications, the L1 PM model offers a balanced combination of wide-angle coverage and high accuracy.\" \/>\n<meta name=\"robots\" content=\"index, follow, max-snippet:-1, max-image-preview:large, max-video-preview:-1\" \/>\n<link rel=\"canonical\" href=\"https:\/\/www.ghostysky.com\/pt\/produto-2\/unitree-l1-pm-lidar-precision-measurement\/\" \/>\n<meta property=\"og:locale\" content=\"pt_PT\" \/>\n<meta property=\"og:type\" content=\"article\" \/>\n<meta property=\"og:title\" content=\"Unitree L1 PM LiDAR (Precision Measurement) - Ghostysky\" \/>\n<meta property=\"og:description\" content=\"The Unitree L1 PM LiDAR (Precision Measurement) is a compact, high-performance 4D LiDAR (3D position + 1D grayscale) solution engineered to accelerate the development of high-performance mobile robots. Specifically optimized for precision applications, the L1 PM model offers a balanced combination of wide-angle coverage and high accuracy.\" \/>\n<meta property=\"og:url\" content=\"https:\/\/www.ghostysky.com\/pt\/produto-2\/unitree-l1-pm-lidar-precision-measurement\/\" \/>\n<meta property=\"og:site_name\" content=\"Ghostysky\" \/>\n<meta property=\"article:publisher\" content=\"https:\/\/www.facebook.com\/people\/Ghostysky\/100057676170234\/\" \/>\n<meta property=\"article:modified_time\" content=\"2025-10-16T06:51:01+00:00\" \/>\n<meta property=\"og:image\" content=\"https:\/\/www.ghostysky.com\/wp-content\/uploads\/2025\/10\/GH_L1-PM-LiDAR-Precision-Measurement_1.jpg\" \/>\n\t<meta property=\"og:image:width\" content=\"225\" \/>\n\t<meta property=\"og:image:height\" content=\"225\" \/>\n\t<meta property=\"og:image:type\" content=\"image\/jpeg\" \/>\n<meta name=\"twitter:card\" content=\"summary_large_image\" \/>\n<meta name=\"twitter:site\" content=\"@Gh0stysky\" \/>\n<meta name=\"twitter:label1\" content=\"Tempo estimado de leitura\" \/>\n\t<meta name=\"twitter:data1\" content=\"2 minutos\" \/>\n<script type=\"application\/ld+json\" class=\"yoast-schema-graph\">{\"@context\":\"https:\\\/\\\/schema.org\",\"@graph\":[{\"@type\":\"WebPage\",\"@id\":\"https:\\\/\\\/www.ghostysky.com\\\/product\\\/unitree-l1-pm-lidar-precision-measurement\\\/\",\"url\":\"https:\\\/\\\/www.ghostysky.com\\\/product\\\/unitree-l1-pm-lidar-precision-measurement\\\/\",\"name\":\"Unitree L1 PM LiDAR (Precision Measurement) - Ghostysky\",\"isPartOf\":{\"@id\":\"https:\\\/\\\/www.ghostysky.com\\\/#website\"},\"primaryImageOfPage\":{\"@id\":\"https:\\\/\\\/www.ghostysky.com\\\/product\\\/unitree-l1-pm-lidar-precision-measurement\\\/#primaryimage\"},\"image\":{\"@id\":\"https:\\\/\\\/www.ghostysky.com\\\/product\\\/unitree-l1-pm-lidar-precision-measurement\\\/#primaryimage\"},\"thumbnailUrl\":\"https:\\\/\\\/www.ghostysky.com\\\/wp-content\\\/uploads\\\/2025\\\/10\\\/GH_L1-PM-LiDAR-Precision-Measurement_1.jpg\",\"datePublished\":\"2025-10-16T06:50:26+00:00\",\"dateModified\":\"2025-10-16T06:51:01+00:00\",\"description\":\"The Unitree L1 PM LiDAR (Precision Measurement) is a compact, high-performance 4D LiDAR (3D position + 1D grayscale) solution engineered to accelerate the development of high-performance mobile robots. Specifically optimized for precision applications, the L1 PM model offers a balanced combination of wide-angle coverage and high accuracy.\",\"breadcrumb\":{\"@id\":\"https:\\\/\\\/www.ghostysky.com\\\/product\\\/unitree-l1-pm-lidar-precision-measurement\\\/#breadcrumb\"},\"inLanguage\":\"pt-PT\",\"potentialAction\":[{\"@type\":\"ReadAction\",\"target\":[\"https:\\\/\\\/www.ghostysky.com\\\/product\\\/unitree-l1-pm-lidar-precision-measurement\\\/\"]}]},{\"@type\":\"ImageObject\",\"inLanguage\":\"pt-PT\",\"@id\":\"https:\\\/\\\/www.ghostysky.com\\\/product\\\/unitree-l1-pm-lidar-precision-measurement\\\/#primaryimage\",\"url\":\"https:\\\/\\\/www.ghostysky.com\\\/wp-content\\\/uploads\\\/2025\\\/10\\\/GH_L1-PM-LiDAR-Precision-Measurement_1.jpg\",\"contentUrl\":\"https:\\\/\\\/www.ghostysky.com\\\/wp-content\\\/uploads\\\/2025\\\/10\\\/GH_L1-PM-LiDAR-Precision-Measurement_1.jpg\",\"width\":225,\"height\":225},{\"@type\":\"BreadcrumbList\",\"@id\":\"https:\\\/\\\/www.ghostysky.com\\\/product\\\/unitree-l1-pm-lidar-precision-measurement\\\/#breadcrumb\",\"itemListElement\":[{\"@type\":\"ListItem\",\"position\":1,\"name\":\"Home\",\"item\":\"https:\\\/\\\/www.ghostysky.com\\\/\"},{\"@type\":\"ListItem\",\"position\":2,\"name\":\"Shop\",\"item\":\"https:\\\/\\\/www.ghostysky.com\\\/shop\\\/\"},{\"@type\":\"ListItem\",\"position\":3,\"name\":\"Unitree L1 PM LiDAR (Precision Measurement)\"}]},{\"@type\":\"WebSite\",\"@id\":\"https:\\\/\\\/www.ghostysky.com\\\/#website\",\"url\":\"https:\\\/\\\/www.ghostysky.com\\\/\",\"name\":\"Ghostysky\",\"description\":\"Delivering professional drones and services\",\"publisher\":{\"@id\":\"https:\\\/\\\/www.ghostysky.com\\\/#organization\"},\"potentialAction\":[{\"@type\":\"SearchAction\",\"target\":{\"@type\":\"EntryPoint\",\"urlTemplate\":\"https:\\\/\\\/www.ghostysky.com\\\/?s={search_term_string}\"},\"query-input\":{\"@type\":\"PropertyValueSpecification\",\"valueRequired\":true,\"valueName\":\"search_term_string\"}}],\"inLanguage\":\"pt-PT\"},{\"@type\":\"Organization\",\"@id\":\"https:\\\/\\\/www.ghostysky.com\\\/#organization\",\"name\":\"Ghostysky\",\"url\":\"https:\\\/\\\/www.ghostysky.com\\\/\",\"logo\":{\"@type\":\"ImageObject\",\"inLanguage\":\"pt-PT\",\"@id\":\"https:\\\/\\\/www.ghostysky.com\\\/#\\\/schema\\\/logo\\\/image\\\/\",\"url\":\"https:\\\/\\\/www.ghostysky.com\\\/wp-content\\\/uploads\\\/2020\\\/06\\\/cropped-ghostyskylogo_text_white2.png\",\"contentUrl\":\"https:\\\/\\\/www.ghostysky.com\\\/wp-content\\\/uploads\\\/2020\\\/06\\\/cropped-ghostyskylogo_text_white2.png\",\"width\":169,\"height\":56,\"caption\":\"Ghostysky\"},\"image\":{\"@id\":\"https:\\\/\\\/www.ghostysky.com\\\/#\\\/schema\\\/logo\\\/image\\\/\"},\"sameAs\":[\"https:\\\/\\\/www.facebook.com\\\/people\\\/Ghostysky\\\/100057676170234\\\/\",\"https:\\\/\\\/x.com\\\/Gh0stysky\",\"https:\\\/\\\/www.linkedin.com\\\/company\\\/34739653\",\"https:\\\/\\\/www.instagram.com\\\/gh0stysky\"]}]}<\/script>\n<!-- \/ Yoast SEO plugin. -->","yoast_head_json":{"title":"Unitree L1 PM LiDAR (Medi\u00e7\u00e3o de Precis\u00e3o) - Ghostysky","description":"O LiDAR (Medi\u00e7\u00e3o de Precis\u00e3o) Unitree L1 PM \u00e9 uma solu\u00e7\u00e3o LiDAR 4D compacta e de alto desempenho (posi\u00e7\u00e3o 3D + escala de cinza 1D), projetada para acelerar o desenvolvimento de rob\u00f4s m\u00f3veis de alto desempenho. Otimizado especificamente para aplica\u00e7\u00f5es de precis\u00e3o, o modelo L1 PM oferece uma combina\u00e7\u00e3o equilibrada de cobertura de grande angular e alta precis\u00e3o.","robots":{"index":"index","follow":"follow","max-snippet":"max-snippet:-1","max-image-preview":"max-image-preview:large","max-video-preview":"max-video-preview:-1"},"canonical":"https:\/\/www.ghostysky.com\/pt\/produto-2\/unitree-l1-pm-lidar-precision-measurement\/","og_locale":"pt_PT","og_type":"article","og_title":"Unitree L1 PM LiDAR (Precision Measurement) - Ghostysky","og_description":"The Unitree L1 PM LiDAR (Precision Measurement) is a compact, high-performance 4D LiDAR (3D position + 1D grayscale) solution engineered to accelerate the development of high-performance mobile robots. Specifically optimized for precision applications, the L1 PM model offers a balanced combination of wide-angle coverage and high accuracy.","og_url":"https:\/\/www.ghostysky.com\/pt\/produto-2\/unitree-l1-pm-lidar-precision-measurement\/","og_site_name":"Ghostysky","article_publisher":"https:\/\/www.facebook.com\/people\/Ghostysky\/100057676170234\/","article_modified_time":"2025-10-16T06:51:01+00:00","og_image":[{"width":225,"height":225,"url":"https:\/\/www.ghostysky.com\/wp-content\/uploads\/2025\/10\/GH_L1-PM-LiDAR-Precision-Measurement_1.jpg","type":"image\/jpeg"}],"twitter_card":"summary_large_image","twitter_site":"@Gh0stysky","twitter_misc":{"Tempo estimado de leitura":"2 minutos"},"schema":{"@context":"https:\/\/schema.org","@graph":[{"@type":"WebPage","@id":"https:\/\/www.ghostysky.com\/product\/unitree-l1-pm-lidar-precision-measurement\/","url":"https:\/\/www.ghostysky.com\/product\/unitree-l1-pm-lidar-precision-measurement\/","name":"Unitree L1 PM LiDAR (Medi\u00e7\u00e3o de Precis\u00e3o) - Ghostysky","isPartOf":{"@id":"https:\/\/www.ghostysky.com\/#website"},"primaryImageOfPage":{"@id":"https:\/\/www.ghostysky.com\/product\/unitree-l1-pm-lidar-precision-measurement\/#primaryimage"},"image":{"@id":"https:\/\/www.ghostysky.com\/product\/unitree-l1-pm-lidar-precision-measurement\/#primaryimage"},"thumbnailUrl":"https:\/\/www.ghostysky.com\/wp-content\/uploads\/2025\/10\/GH_L1-PM-LiDAR-Precision-Measurement_1.jpg","datePublished":"2025-10-16T06:50:26+00:00","dateModified":"2025-10-16T06:51:01+00:00","description":"O LiDAR (Medi\u00e7\u00e3o de Precis\u00e3o) Unitree L1 PM \u00e9 uma solu\u00e7\u00e3o LiDAR 4D compacta e de alto desempenho (posi\u00e7\u00e3o 3D + escala de cinza 1D), projetada para acelerar o desenvolvimento de rob\u00f4s m\u00f3veis de alto desempenho. Otimizado especificamente para aplica\u00e7\u00f5es de precis\u00e3o, o modelo L1 PM oferece uma combina\u00e7\u00e3o equilibrada de cobertura de grande angular e alta precis\u00e3o.","breadcrumb":{"@id":"https:\/\/www.ghostysky.com\/product\/unitree-l1-pm-lidar-precision-measurement\/#breadcrumb"},"inLanguage":"pt-PT","potentialAction":[{"@type":"ReadAction","target":["https:\/\/www.ghostysky.com\/product\/unitree-l1-pm-lidar-precision-measurement\/"]}]},{"@type":"ImageObject","inLanguage":"pt-PT","@id":"https:\/\/www.ghostysky.com\/product\/unitree-l1-pm-lidar-precision-measurement\/#primaryimage","url":"https:\/\/www.ghostysky.com\/wp-content\/uploads\/2025\/10\/GH_L1-PM-LiDAR-Precision-Measurement_1.jpg","contentUrl":"https:\/\/www.ghostysky.com\/wp-content\/uploads\/2025\/10\/GH_L1-PM-LiDAR-Precision-Measurement_1.jpg","width":225,"height":225},{"@type":"BreadcrumbList","@id":"https:\/\/www.ghostysky.com\/product\/unitree-l1-pm-lidar-precision-measurement\/#breadcrumb","itemListElement":[{"@type":"ListItem","position":1,"name":"Home","item":"https:\/\/www.ghostysky.com\/"},{"@type":"ListItem","position":2,"name":"Shop","item":"https:\/\/www.ghostysky.com\/shop\/"},{"@type":"ListItem","position":3,"name":"Unitree L1 PM LiDAR (Precision Measurement)"}]},{"@type":"WebSite","@id":"https:\/\/www.ghostysky.com\/#website","url":"https:\/\/www.ghostysky.com\/","name":"Ghostysky","description":"Fornecendo drones e servi\u00e7os profissionais","publisher":{"@id":"https:\/\/www.ghostysky.com\/#organization"},"potentialAction":[{"@type":"SearchAction","target":{"@type":"EntryPoint","urlTemplate":"https:\/\/www.ghostysky.com\/?s={search_term_string}"},"query-input":{"@type":"PropertyValueSpecification","valueRequired":true,"valueName":"search_term_string"}}],"inLanguage":"pt-PT"},{"@type":"Organization","@id":"https:\/\/www.ghostysky.com\/#organization","name":"Ghostysky","url":"https:\/\/www.ghostysky.com\/","logo":{"@type":"ImageObject","inLanguage":"pt-PT","@id":"https:\/\/www.ghostysky.com\/#\/schema\/logo\/image\/","url":"https:\/\/www.ghostysky.com\/wp-content\/uploads\/2020\/06\/cropped-ghostyskylogo_text_white2.png","contentUrl":"https:\/\/www.ghostysky.com\/wp-content\/uploads\/2020\/06\/cropped-ghostyskylogo_text_white2.png","width":169,"height":56,"caption":"Ghostysky"},"image":{"@id":"https:\/\/www.ghostysky.com\/#\/schema\/logo\/image\/"},"sameAs":["https:\/\/www.facebook.com\/people\/Ghostysky\/100057676170234\/","https:\/\/x.com\/Gh0stysky","https:\/\/www.linkedin.com\/company\/34739653","https:\/\/www.instagram.com\/gh0stysky"]}]}},"_links":{"self":[{"href":"https:\/\/www.ghostysky.com\/pt\/wp-json\/wp\/v2\/product\/21287","targetHints":{"allow":["GET"]}}],"collection":[{"href":"https:\/\/www.ghostysky.com\/pt\/wp-json\/wp\/v2\/product"}],"about":[{"href":"https:\/\/www.ghostysky.com\/pt\/wp-json\/wp\/v2\/types\/product"}],"replies":[{"embeddable":true,"href":"https:\/\/www.ghostysky.com\/pt\/wp-json\/wp\/v2\/comments?post=21287"}],"version-history":[{"count":0,"href":"https:\/\/www.ghostysky.com\/pt\/wp-json\/wp\/v2\/product\/21287\/revisions"}],"wp:featuredmedia":[{"embeddable":true,"href":"https:\/\/www.ghostysky.com\/pt\/wp-json\/wp\/v2\/media\/21289"}],"wp:attachment":[{"href":"https:\/\/www.ghostysky.com\/pt\/wp-json\/wp\/v2\/media?parent=21287"}],"wp:term":[{"taxonomy":"product_brand","embeddable":true,"href":"https:\/\/www.ghostysky.com\/pt\/wp-json\/wp\/v2\/product_brand?post=21287"},{"taxonomy":"product_cat","embeddable":true,"href":"https:\/\/www.ghostysky.com\/pt\/wp-json\/wp\/v2\/product_cat?post=21287"},{"taxonomy":"product_tag","embeddable":true,"href":"https:\/\/www.ghostysky.com\/pt\/wp-json\/wp\/v2\/product_tag?post=21287"}],"curies":[{"name":"wp","href":"https:\/\/api.w.org\/{rel}","templated":true}]}}