{"id":21290,"date":"2025-10-16T06:53:50","date_gmt":"2025-10-16T06:53:50","guid":{"rendered":"https:\/\/www.ghostysky.com\/?post_type=product&#038;p=21290"},"modified":"2025-10-16T06:54:19","modified_gmt":"2025-10-16T06:54:19","slug":"unitree-l1-rm-lidar-remote-measurement","status":"publish","type":"product","link":"https:\/\/www.ghostysky.com\/pt\/product\/unitree-l1-rm-lidar-remote-measurement\/","title":{"rendered":"Unitree L1 RM LiDAR (Medi\u00e7\u00e3o Remota)"},"content":{"rendered":"<h3>Principais recursos e especifica\u00e7\u00f5es<\/h3>\n<ul>\n<li><b>Varredura ultra grande angular omnidirecional:<\/b><span class=\"citation-1100 citation-end-1100\"> Experimente uma cobertura ambiental completa com uma enorme <sup class=\"superscript\" data-turn-source-index=\"2\">2<\/sup><\/span><b><span class=\"math-inline\" data-math=\"360^{\\circ} \\times 90^{\\circ}\">$360^{\\circ} \\vezes 90^{\\circ}$<\/span><span class=\"citation-1099\"> Campo de vis\u00e3o (FOV)<\/span><\/b><span class=\"citation-1099 citation-end-1099\">, eliminando efetivamente pontos cegos e fornecendo uma \u00e1rea de detec\u00e7\u00e3o hemisf\u00e9rica.<\/span><\/li>\n<li><b>Capacidade de medi\u00e7\u00e3o remota:<\/b><span class=\"citation-1098 citation-end-1098\"> O modelo RM \u00e9 adaptado para aplica\u00e7\u00f5es de longo alcance, com uma dist\u00e2ncia de varredura de <sup class=\"superscript\" data-turn-source-index=\"4\">4<\/sup><\/span><b><span class=\"math-inline\" data-math=\"30 \\text{m}\">$30 \\texto{m}$<\/span><span class=\"citation-1097 citation-end-1097\"> (@<sup class=\"superscript\" data-turn-source-index=\"5\">5<\/sup><\/span><span class=\"math-inline\" data-math=\"90\\%\">$90\\%$<\/span><span class=\"citation-1096\"> refletividade)<\/span><\/b><span class=\"citation-1096 citation-end-1096\"> e <sup class=\"superscript\" data-turn-source-index=\"6\">6<\/sup><\/span><b><span class=\"math-inline\" data-math=\"15 \\text{m}\">$15 \\texto{m}$<\/span><span class=\"citation-1095 citation-end-1095\"> (@<sup class=\"superscript\" data-turn-source-index=\"7\">7<\/sup><\/span><span class=\"math-inline\" data-math=\"10\\%\">$10\\%$<\/span><span class=\"citation-1094\"> refletividade)<\/span><\/b><span class=\"citation-1094 citation-end-1094\">.<\/span><\/li>\n<li><b><span class=\"citation-1093\">Dados 4D de alta densidade:<\/span><\/b><span class=\"citation-1093\"> Capture informa\u00e7\u00f5es ambientais ricas com <\/span><b><span class=\"citation-1093\">Sa\u00edda de dados 4D (posi\u00e7\u00e3o 3D + escala de cinza 1D)<\/span><\/b><span class=\"citation-1093 citation-end-1093\">, suportando tarefas avan\u00e7adas de mapeamento, posicionamento e reconhecimento.<\/span><\/li>\n<li><b>Digitaliza\u00e7\u00e3o n\u00e3o repetitiva:<\/b><span class=\"citation-1092 citation-end-1092\"> O m\u00e9todo exclusivo de varredura de espelho rotativo sem escovas e sem contato permite a aquisi\u00e7\u00e3o de dados de nuvem de pontos de alta precis\u00e3o e alta densidade, semelhante a um efeito de varredura em n\u00edvel de imagem ao longo do tempo.<\/span><\/li>\n<li><b><span class=\"citation-1091\">\u00c1rea cega m\u00ednima:<\/span><\/b><span class=\"citation-1091 citation-end-1091\"> Detecte objetos o mais pr\u00f3ximo poss\u00edvel <sup class=\"superscript\" data-turn-source-index=\"11\">11<\/sup><\/span><b><span class=\"math-inline\" data-math=\"0.05 \\text{m}\">$0,05 \\texto{m}$<\/span><\/b><span class=\"citation-1090 citation-end-1090\">, facilitando a detec\u00e7\u00e3o de proximidade superior e a navega\u00e7\u00e3o em espa\u00e7os confinados ou desordenados.<\/span><\/li>\n<li><b><span class=\"citation-1089\">IMU integrada:<\/span><\/b><span class=\"citation-1089\"> Inclui um <\/span><b><span class=\"citation-1089\">Acelera\u00e7\u00e3o de 3 eixos e girosc\u00f3pio de 3 eixos<\/span><\/b><span class=\"citation-1089 citation-end-1089\"> para maior estabilidade de dados e recursos de Localiza\u00e7\u00e3o e Mapeamento Simult\u00e2neos (SLAM), mesmo sem depender de sensores de posicionamento externos.<\/span><\/li>\n<li><b>Robusto contra luz ambiente:<\/b><span class=\"citation-1088 citation-end-1088\"> Apresenta resist\u00eancia efetiva \u00e0 luz ambiente interna e ao brilho externo, garantindo alcance est\u00e1vel e constru\u00e7\u00e3o de mapas de alta precis\u00e3o, mesmo sob condi\u00e7\u00f5es intensas de luz externa (&gt;100 Klux).<\/span><\/li>\n<li><b><span class=\"citation-1087\">Design compacto e leve:<\/span><\/b><span class=\"citation-1087 citation-end-1087\"> Com dimens\u00f5es de <sup class=\"superscript\" data-turn-source-index=\"15\">15<\/sup><\/span><b><span class=\"math-inline\" data-math=\"75 \\times 75 \\times 65 \\text{mm}\">$75 \\vezes 75 \\vezes 65 \\texto{mm}$<\/span><\/b><span class=\"citation-1086 citation-end-1086\"> e pesando apenas <sup class=\"superscript\" data-turn-source-index=\"16\">16<\/sup><\/span><b><span class=\"math-inline\" data-math=\"230 \\text{g}\">$230 \\texto{g}$<\/span><\/b><span class=\"citation-1085 citation-end-1085\">, o L1 RM \u00e9 excepcionalmente flex\u00edvel para integra\u00e7\u00e3o em rob\u00f4s m\u00f3veis de pequeno e m\u00e9dio porte.<\/span><\/li>\n<li><b>Alta taxa de dados:<\/b> Fornece uma frequ\u00eancia de amostragem eficaz de <b><span class=\"math-inline\" data-math=\"21,600 \\text{ points\/s}\">$21.600 \\text{ pontos\/s}$<\/span><\/b>, garantindo densidade de nuvem de pontos suficiente para aplica\u00e7\u00f5es de rob\u00f4s m\u00f3veis em tempo real.<\/li>\n<li><b><span class=\"citation-1084\">Seguran\u00e7a ocular:<\/span><\/b><span class=\"citation-1084\"> Atende a <\/span><b><span class=\"citation-1084\">N\u00edvel de seguran\u00e7a para os olhos humanos Classe 1 (IEC60825-1:2014)<\/span><\/b><span class=\"citation-1084 citation-end-1084\">.<\/span><\/li>\n<\/ul>\n<h4>Aplica\u00e7\u00f5es ideais:<\/h4>\n<p>O LiDAR Unitree L1 RM \u00e9 uma solu\u00e7\u00e3o econ\u00f4mica e potente, ideal para <b>rob\u00f4s m\u00f3veis<\/b>, <b>rob\u00f4s quadr\u00fapedes<\/b>, <b>log\u00edstica e armazenagem<\/b>, <b>distribui\u00e7\u00e3o inteligente<\/b>, <b>automa\u00e7\u00e3o de f\u00e1brica inteligente<\/b>, <b>mapeamento<\/b>, <b>posicionamento<\/b>, <b>evitar obst\u00e1culos<\/b>, e <b>Reconstru\u00e7\u00e3o 3D<\/b> em ambientes internos e externos.<\/p>","protected":false},"excerpt":{"rendered":"<p><span class=\"citation-1101\">O <\/span><b><span class=\"citation-1101\">Unitree L1 RM (Medi\u00e7\u00e3o Remota) LiDAR<\/span><\/b><span class=\"citation-1101 citation-end-1101\"> \u00e9 um radar laser 4D pioneiro, compacto e de alto desempenho, projetado para acelerar a integra\u00e7\u00e3o de rob\u00f4s m\u00f3veis de alto desempenho em aplica\u00e7\u00f5es cotidianas.<\/span> Parte da s\u00e9rie Unitree L1, o modelo RM \u00e9 otimizado para detec\u00e7\u00e3o de longo alcance, oferecendo percep\u00e7\u00e3o ambiental robusta e confi\u00e1vel para sistemas aut\u00f4nomos.<\/p>","protected":false},"featured_media":21289,"comment_status":"open","ping_status":"closed","template":"","meta":[],"product_brand":[1087],"product_cat":[1039,1037,1086],"product_tag":[1088,1094,1092],"class_list":{"0":"post-21290","1":"product","2":"type-product","3":"status-publish","4":"has-post-thumbnail","6":"product_brand-unitree","7":"product_cat-quadruped","8":"product_cat-robotics","9":"product_cat-unitree-quad-accessories","10":"product_tag-unitree","11":"product_tag-unitree-go2-accessories","12":"product_tag-unitree-go2-series","14":"first","15":"onbackorder","16":"taxable","17":"shipping-taxable","18":"purchasable","19":"product-type-simple"},"yoast_head":"<!-- This site is optimized with the Yoast SEO plugin v27.4 - https:\/\/yoast.com\/product\/yoast-seo-wordpress\/ -->\n<title>Unitree L1 RM LiDAR (Remote Measurement) - Ghostysky<\/title>\n<meta name=\"description\" content=\"The Unitree L1 RM (Remote Measurement) LiDAR is a pioneering, compact, and high-performance 4D laser radar designed to accelerate the integration of high-performance mobile robots into everyday applications. Part of the Unitree L1 series, the RM model is optimized for longer-range detection, offering robust and reliable environmental perception for autonomous systems.\" \/>\n<meta name=\"robots\" content=\"index, follow, max-snippet:-1, max-image-preview:large, max-video-preview:-1\" \/>\n<link rel=\"canonical\" href=\"https:\/\/www.ghostysky.com\/pt\/produto-2\/unitree-l1-rm-lidar-remote-measurement\/\" \/>\n<meta property=\"og:locale\" content=\"pt_PT\" \/>\n<meta property=\"og:type\" content=\"article\" \/>\n<meta property=\"og:title\" content=\"Unitree L1 RM LiDAR (Remote Measurement) - Ghostysky\" \/>\n<meta property=\"og:description\" content=\"The Unitree L1 RM (Remote Measurement) LiDAR is a pioneering, compact, and high-performance 4D laser radar designed to accelerate the integration of high-performance mobile robots into everyday applications. Part of the Unitree L1 series, the RM model is optimized for longer-range detection, offering robust and reliable environmental perception for autonomous systems.\" \/>\n<meta property=\"og:url\" content=\"https:\/\/www.ghostysky.com\/pt\/produto-2\/unitree-l1-rm-lidar-remote-measurement\/\" \/>\n<meta property=\"og:site_name\" content=\"Ghostysky\" \/>\n<meta property=\"article:publisher\" content=\"https:\/\/www.facebook.com\/people\/Ghostysky\/100057676170234\/\" \/>\n<meta property=\"article:modified_time\" content=\"2025-10-16T06:54:19+00:00\" \/>\n<meta property=\"og:image\" content=\"https:\/\/www.ghostysky.com\/wp-content\/uploads\/2025\/10\/GH_L1-PM-LiDAR-Precision-Measurement_1.jpg\" \/>\n\t<meta property=\"og:image:width\" content=\"225\" \/>\n\t<meta property=\"og:image:height\" content=\"225\" \/>\n\t<meta property=\"og:image:type\" content=\"image\/jpeg\" \/>\n<meta name=\"twitter:card\" content=\"summary_large_image\" \/>\n<meta name=\"twitter:site\" content=\"@Gh0stysky\" \/>\n<meta name=\"twitter:label1\" content=\"Tempo estimado de leitura\" \/>\n\t<meta name=\"twitter:data1\" content=\"2 minutos\" \/>\n<script type=\"application\/ld+json\" class=\"yoast-schema-graph\">{\"@context\":\"https:\\\/\\\/schema.org\",\"@graph\":[{\"@type\":\"WebPage\",\"@id\":\"https:\\\/\\\/www.ghostysky.com\\\/product\\\/unitree-l1-rm-lidar-remote-measurement\\\/\",\"url\":\"https:\\\/\\\/www.ghostysky.com\\\/product\\\/unitree-l1-rm-lidar-remote-measurement\\\/\",\"name\":\"Unitree L1 RM LiDAR (Remote Measurement) - Ghostysky\",\"isPartOf\":{\"@id\":\"https:\\\/\\\/www.ghostysky.com\\\/#website\"},\"primaryImageOfPage\":{\"@id\":\"https:\\\/\\\/www.ghostysky.com\\\/product\\\/unitree-l1-rm-lidar-remote-measurement\\\/#primaryimage\"},\"image\":{\"@id\":\"https:\\\/\\\/www.ghostysky.com\\\/product\\\/unitree-l1-rm-lidar-remote-measurement\\\/#primaryimage\"},\"thumbnailUrl\":\"https:\\\/\\\/www.ghostysky.com\\\/wp-content\\\/uploads\\\/2025\\\/10\\\/GH_L1-PM-LiDAR-Precision-Measurement_1.jpg\",\"datePublished\":\"2025-10-16T06:53:50+00:00\",\"dateModified\":\"2025-10-16T06:54:19+00:00\",\"description\":\"The Unitree L1 RM (Remote Measurement) LiDAR is a pioneering, compact, and high-performance 4D laser radar designed to accelerate the integration of high-performance mobile robots into everyday applications. Part of the Unitree L1 series, the RM model is optimized for longer-range detection, offering robust and reliable environmental perception for autonomous systems.\",\"breadcrumb\":{\"@id\":\"https:\\\/\\\/www.ghostysky.com\\\/product\\\/unitree-l1-rm-lidar-remote-measurement\\\/#breadcrumb\"},\"inLanguage\":\"pt-PT\",\"potentialAction\":[{\"@type\":\"ReadAction\",\"target\":[\"https:\\\/\\\/www.ghostysky.com\\\/product\\\/unitree-l1-rm-lidar-remote-measurement\\\/\"]}]},{\"@type\":\"ImageObject\",\"inLanguage\":\"pt-PT\",\"@id\":\"https:\\\/\\\/www.ghostysky.com\\\/product\\\/unitree-l1-rm-lidar-remote-measurement\\\/#primaryimage\",\"url\":\"https:\\\/\\\/www.ghostysky.com\\\/wp-content\\\/uploads\\\/2025\\\/10\\\/GH_L1-PM-LiDAR-Precision-Measurement_1.jpg\",\"contentUrl\":\"https:\\\/\\\/www.ghostysky.com\\\/wp-content\\\/uploads\\\/2025\\\/10\\\/GH_L1-PM-LiDAR-Precision-Measurement_1.jpg\",\"width\":225,\"height\":225},{\"@type\":\"BreadcrumbList\",\"@id\":\"https:\\\/\\\/www.ghostysky.com\\\/product\\\/unitree-l1-rm-lidar-remote-measurement\\\/#breadcrumb\",\"itemListElement\":[{\"@type\":\"ListItem\",\"position\":1,\"name\":\"Home\",\"item\":\"https:\\\/\\\/www.ghostysky.com\\\/\"},{\"@type\":\"ListItem\",\"position\":2,\"name\":\"Shop\",\"item\":\"https:\\\/\\\/www.ghostysky.com\\\/shop\\\/\"},{\"@type\":\"ListItem\",\"position\":3,\"name\":\"Unitree L1 RM LiDAR (Remote Measurement)\"}]},{\"@type\":\"WebSite\",\"@id\":\"https:\\\/\\\/www.ghostysky.com\\\/#website\",\"url\":\"https:\\\/\\\/www.ghostysky.com\\\/\",\"name\":\"Ghostysky\",\"description\":\"Delivering professional drones and robotics solutions\",\"publisher\":{\"@id\":\"https:\\\/\\\/www.ghostysky.com\\\/#organization\"},\"potentialAction\":[{\"@type\":\"SearchAction\",\"target\":{\"@type\":\"EntryPoint\",\"urlTemplate\":\"https:\\\/\\\/www.ghostysky.com\\\/?s={search_term_string}\"},\"query-input\":{\"@type\":\"PropertyValueSpecification\",\"valueRequired\":true,\"valueName\":\"search_term_string\"}}],\"inLanguage\":\"pt-PT\"},{\"@type\":\"Organization\",\"@id\":\"https:\\\/\\\/www.ghostysky.com\\\/#organization\",\"name\":\"Ghostysky\",\"url\":\"https:\\\/\\\/www.ghostysky.com\\\/\",\"logo\":{\"@type\":\"ImageObject\",\"inLanguage\":\"pt-PT\",\"@id\":\"https:\\\/\\\/www.ghostysky.com\\\/#\\\/schema\\\/logo\\\/image\\\/\",\"url\":\"https:\\\/\\\/www.ghostysky.com\\\/wp-content\\\/uploads\\\/2020\\\/06\\\/cropped-ghostyskylogo_text_white2.png\",\"contentUrl\":\"https:\\\/\\\/www.ghostysky.com\\\/wp-content\\\/uploads\\\/2020\\\/06\\\/cropped-ghostyskylogo_text_white2.png\",\"width\":169,\"height\":56,\"caption\":\"Ghostysky\"},\"image\":{\"@id\":\"https:\\\/\\\/www.ghostysky.com\\\/#\\\/schema\\\/logo\\\/image\\\/\"},\"sameAs\":[\"https:\\\/\\\/www.facebook.com\\\/people\\\/Ghostysky\\\/100057676170234\\\/\",\"https:\\\/\\\/x.com\\\/Gh0stysky\",\"https:\\\/\\\/www.linkedin.com\\\/company\\\/34739653\",\"https:\\\/\\\/www.instagram.com\\\/gh0stysky\"]}]}<\/script>\n<!-- \/ Yoast SEO plugin. -->","yoast_head_json":{"title":"Unitree L1 RM LiDAR (Medi\u00e7\u00e3o Remota) - Ghostysky","description":"O LiDAR Unitree L1 RM (Medi\u00e7\u00e3o Remota) \u00e9 um radar laser 4D pioneiro, compacto e de alto desempenho, projetado para acelerar a integra\u00e7\u00e3o de rob\u00f4s m\u00f3veis de alto desempenho em aplica\u00e7\u00f5es cotidianas. Parte da s\u00e9rie Unitree L1, o modelo RM \u00e9 otimizado para detec\u00e7\u00e3o de longo alcance, oferecendo percep\u00e7\u00e3o ambiental robusta e confi\u00e1vel para sistemas aut\u00f4nomos.","robots":{"index":"index","follow":"follow","max-snippet":"max-snippet:-1","max-image-preview":"max-image-preview:large","max-video-preview":"max-video-preview:-1"},"canonical":"https:\/\/www.ghostysky.com\/pt\/produto-2\/unitree-l1-rm-lidar-remote-measurement\/","og_locale":"pt_PT","og_type":"article","og_title":"Unitree L1 RM LiDAR (Remote Measurement) - Ghostysky","og_description":"The Unitree L1 RM (Remote Measurement) LiDAR is a pioneering, compact, and high-performance 4D laser radar designed to accelerate the integration of high-performance mobile robots into everyday applications. Part of the Unitree L1 series, the RM model is optimized for longer-range detection, offering robust and reliable environmental perception for autonomous systems.","og_url":"https:\/\/www.ghostysky.com\/pt\/produto-2\/unitree-l1-rm-lidar-remote-measurement\/","og_site_name":"Ghostysky","article_publisher":"https:\/\/www.facebook.com\/people\/Ghostysky\/100057676170234\/","article_modified_time":"2025-10-16T06:54:19+00:00","og_image":[{"width":225,"height":225,"url":"https:\/\/www.ghostysky.com\/wp-content\/uploads\/2025\/10\/GH_L1-PM-LiDAR-Precision-Measurement_1.jpg","type":"image\/jpeg"}],"twitter_card":"summary_large_image","twitter_site":"@Gh0stysky","twitter_misc":{"Tempo estimado de leitura":"2 minutos"},"schema":{"@context":"https:\/\/schema.org","@graph":[{"@type":"WebPage","@id":"https:\/\/www.ghostysky.com\/product\/unitree-l1-rm-lidar-remote-measurement\/","url":"https:\/\/www.ghostysky.com\/product\/unitree-l1-rm-lidar-remote-measurement\/","name":"Unitree L1 RM LiDAR (Medi\u00e7\u00e3o Remota) - Ghostysky","isPartOf":{"@id":"https:\/\/www.ghostysky.com\/#website"},"primaryImageOfPage":{"@id":"https:\/\/www.ghostysky.com\/product\/unitree-l1-rm-lidar-remote-measurement\/#primaryimage"},"image":{"@id":"https:\/\/www.ghostysky.com\/product\/unitree-l1-rm-lidar-remote-measurement\/#primaryimage"},"thumbnailUrl":"https:\/\/www.ghostysky.com\/wp-content\/uploads\/2025\/10\/GH_L1-PM-LiDAR-Precision-Measurement_1.jpg","datePublished":"2025-10-16T06:53:50+00:00","dateModified":"2025-10-16T06:54:19+00:00","description":"O LiDAR Unitree L1 RM (Medi\u00e7\u00e3o Remota) \u00e9 um radar laser 4D pioneiro, compacto e de alto desempenho, projetado para acelerar a integra\u00e7\u00e3o de rob\u00f4s m\u00f3veis de alto desempenho em aplica\u00e7\u00f5es cotidianas. Parte da s\u00e9rie Unitree L1, o modelo RM \u00e9 otimizado para detec\u00e7\u00e3o de longo alcance, oferecendo percep\u00e7\u00e3o ambiental robusta e confi\u00e1vel para sistemas aut\u00f4nomos.","breadcrumb":{"@id":"https:\/\/www.ghostysky.com\/product\/unitree-l1-rm-lidar-remote-measurement\/#breadcrumb"},"inLanguage":"pt-PT","potentialAction":[{"@type":"ReadAction","target":["https:\/\/www.ghostysky.com\/product\/unitree-l1-rm-lidar-remote-measurement\/"]}]},{"@type":"ImageObject","inLanguage":"pt-PT","@id":"https:\/\/www.ghostysky.com\/product\/unitree-l1-rm-lidar-remote-measurement\/#primaryimage","url":"https:\/\/www.ghostysky.com\/wp-content\/uploads\/2025\/10\/GH_L1-PM-LiDAR-Precision-Measurement_1.jpg","contentUrl":"https:\/\/www.ghostysky.com\/wp-content\/uploads\/2025\/10\/GH_L1-PM-LiDAR-Precision-Measurement_1.jpg","width":225,"height":225},{"@type":"BreadcrumbList","@id":"https:\/\/www.ghostysky.com\/product\/unitree-l1-rm-lidar-remote-measurement\/#breadcrumb","itemListElement":[{"@type":"ListItem","position":1,"name":"Home","item":"https:\/\/www.ghostysky.com\/"},{"@type":"ListItem","position":2,"name":"Shop","item":"https:\/\/www.ghostysky.com\/shop\/"},{"@type":"ListItem","position":3,"name":"Unitree L1 RM LiDAR (Remote Measurement)"}]},{"@type":"WebSite","@id":"https:\/\/www.ghostysky.com\/#website","url":"https:\/\/www.ghostysky.com\/","name":"Ghostysky","description":"Fornecendo solu\u00e7\u00f5es profissionais em drones e rob\u00f3tica.","publisher":{"@id":"https:\/\/www.ghostysky.com\/#organization"},"potentialAction":[{"@type":"SearchAction","target":{"@type":"EntryPoint","urlTemplate":"https:\/\/www.ghostysky.com\/?s={search_term_string}"},"query-input":{"@type":"PropertyValueSpecification","valueRequired":true,"valueName":"search_term_string"}}],"inLanguage":"pt-PT"},{"@type":"Organization","@id":"https:\/\/www.ghostysky.com\/#organization","name":"Ghostysky","url":"https:\/\/www.ghostysky.com\/","logo":{"@type":"ImageObject","inLanguage":"pt-PT","@id":"https:\/\/www.ghostysky.com\/#\/schema\/logo\/image\/","url":"https:\/\/www.ghostysky.com\/wp-content\/uploads\/2020\/06\/cropped-ghostyskylogo_text_white2.png","contentUrl":"https:\/\/www.ghostysky.com\/wp-content\/uploads\/2020\/06\/cropped-ghostyskylogo_text_white2.png","width":169,"height":56,"caption":"Ghostysky"},"image":{"@id":"https:\/\/www.ghostysky.com\/#\/schema\/logo\/image\/"},"sameAs":["https:\/\/www.facebook.com\/people\/Ghostysky\/100057676170234\/","https:\/\/x.com\/Gh0stysky","https:\/\/www.linkedin.com\/company\/34739653","https:\/\/www.instagram.com\/gh0stysky"]}]}},"_links":{"self":[{"href":"https:\/\/www.ghostysky.com\/pt\/wp-json\/wp\/v2\/product\/21290","targetHints":{"allow":["GET"]}}],"collection":[{"href":"https:\/\/www.ghostysky.com\/pt\/wp-json\/wp\/v2\/product"}],"about":[{"href":"https:\/\/www.ghostysky.com\/pt\/wp-json\/wp\/v2\/types\/product"}],"replies":[{"embeddable":true,"href":"https:\/\/www.ghostysky.com\/pt\/wp-json\/wp\/v2\/comments?post=21290"}],"version-history":[{"count":0,"href":"https:\/\/www.ghostysky.com\/pt\/wp-json\/wp\/v2\/product\/21290\/revisions"}],"wp:featuredmedia":[{"embeddable":true,"href":"https:\/\/www.ghostysky.com\/pt\/wp-json\/wp\/v2\/media\/21289"}],"wp:attachment":[{"href":"https:\/\/www.ghostysky.com\/pt\/wp-json\/wp\/v2\/media?parent=21290"}],"wp:term":[{"taxonomy":"product_brand","embeddable":true,"href":"https:\/\/www.ghostysky.com\/pt\/wp-json\/wp\/v2\/product_brand?post=21290"},{"taxonomy":"product_cat","embeddable":true,"href":"https:\/\/www.ghostysky.com\/pt\/wp-json\/wp\/v2\/product_cat?post=21290"},{"taxonomy":"product_tag","embeddable":true,"href":"https:\/\/www.ghostysky.com\/pt\/wp-json\/wp\/v2\/product_tag?post=21290"}],"curies":[{"name":"wp","href":"https:\/\/api.w.org\/{rel}","templated":true}]}}