{"id":21309,"date":"2025-10-16T07:19:55","date_gmt":"2025-10-16T07:19:55","guid":{"rendered":"https:\/\/www.ghostysky.com\/?post_type=product&#038;p=21309"},"modified":"2025-10-16T07:20:40","modified_gmt":"2025-10-16T07:20:40","slug":"aliengo-with-2d-lidar","status":"publish","type":"product","link":"https:\/\/www.ghostysky.com\/pt\/product\/aliengo-with-2d-lidar\/","title":{"rendered":"Aliengo com lidar 2D"},"content":{"rendered":"<div id=\"model-response-message-contentr_a0bc0d7c3461447c\" class=\"markdown markdown-main-panel stronger enable-updated-hr-color\" dir=\"ltr\">\n<p><b>Principais recursos e capacidades:<\/b><\/p>\n<ul>\n<li><b><span class=\"citation-1190\">Percep\u00e7\u00e3o Ambiental Aprimorada:<\/span><\/b><span class=\"citation-1190\"> O integrado <\/span><b><span class=\"citation-1190\">Lidar 2D<\/span><\/b><span class=\"citation-1190 citation-end-1190\"> melhora drasticamente as capacidades de detec\u00e7\u00e3o do rob\u00f4, permitindo quatro fun\u00e7\u00f5es cr\u00edticas de percep\u00e7\u00e3o:<\/span>\n<ul>\n<li><b>Evita\u00e7\u00e3o din\u00e2mica de obst\u00e1culos:<\/b><span class=\"citation-1189 citation-end-1189\"> Navegue com seguran\u00e7a por ambientes complexos e m\u00f3veis.<\/span><\/li>\n<li><b>Planejamento de Navega\u00e7\u00e3o:<\/b> Calcule e execute rotas eficientes e inteligentes.<\/li>\n<li><b><span class=\"citation-1188\">Constru\u00e7\u00e3o de Mapas (SLAM):<\/span><\/b><span class=\"citation-1188 citation-end-1188\"> Crie mapas ambientais 2D em tempo real.<\/span><\/li>\n<li><b>Autoposicionamento:<\/b><span class=\"citation-1187 citation-end-1187\"> Determine com precis\u00e3o sua localiza\u00e7\u00e3o dentro do mapa gerado.<\/span><\/li>\n<\/ul>\n<\/li>\n<li><b>Mobilidade superior:<\/b><span class=\"citation-1186\"> Equipado com 12 servomotores de alto desempenho, o Aliengo oferece <\/span><b><span class=\"citation-1186\">desempenho atl\u00e9tico altamente explosivo<\/span><\/b><span class=\"citation-1186 citation-end-1186\">.<\/span> <span class=\"citation-1185\">Ele pode funcionar em velocidades superiores a <\/span><b><span class=\"citation-1185\">1,5 m\/s<\/span><\/b><span class=\"citation-1185 citation-end-1185\">, lidar com inclina\u00e7\u00f5es de at\u00e9 <\/span><b><span class=\"math-inline\" data-math=\"25^\\circ\"><span class=\"katex\"><span class=\"katex-html\" aria-hidden=\"true\"><span class=\"base\"><span class=\"mord\">2<\/span><span class=\"mord\">5<span class=\"msupsub\"><span class=\"vlist-t\"><span class=\"vlist-r\"><span class=\"vlist\"><span class=\"\"><span class=\"sizing reset-size6 size3 mtight\"><span class=\"mbin mtight\">\u2218<\/span><\/span><\/span><\/span><\/span><\/span><\/span><\/span><\/span><\/span><\/span><\/span><\/b><span class=\"citation-1184 citation-end-1184\">, e executar movimentos complexos como correr, pular, dar cambalhotas e se recuperar de uma queda.<\/span><\/li>\n<li><b>Adaptabilidade multiterreno:<\/b><span class=\"citation-1183\"> Gra\u00e7as \u00e0 tecnologia avan\u00e7ada de controle de for\u00e7a e seu design quadr\u00fapede \u00e1gil, a Aliengo mant\u00e9m <\/span><b><span class=\"citation-1183\">estabilidade incr\u00edvel<\/span><\/b><span class=\"citation-1183 citation-end-1183\"> e pode operar de forma confi\u00e1vel em estradas de cascalho acidentadas, grama e outras superf\u00edcies irregulares.<\/span><\/li>\n<li><b>Conjunto de sensores robustos:<\/b><span class=\"citation-1182\"> Al\u00e9m do Lidar 2D, ele inclui <\/span><b><span class=\"citation-1182\">duas c\u00e2meras de profundidade<\/span><\/b><span class=\"citation-1182\"> e um <\/span><b><span class=\"citation-1182\">c\u00e2mera de hod\u00f4metro visual<\/span><\/b><span class=\"citation-1182 citation-end-1182\"> para percep\u00e7\u00e3o profunda, transmiss\u00e3o de v\u00eddeo HD em tempo real, V-SLAM, reconhecimento de postura humana e rastreamento.<\/span><\/li>\n<li><b>Plataforma amig\u00e1vel ao desenvolvedor:<\/b><span class=\"citation-1181\"> Suportes <\/span><b><span class=\"citation-1181\">C\/C++, ROS<\/span><\/b><span class=\"citation-1181 citation-end-1181\">, e fornece APIs de controle de alto e baixo n\u00edvel, permitindo ampla personaliza\u00e7\u00e3o e integra\u00e7\u00e3o de m\u00f3dulos externos, como bra\u00e7os rob\u00f3ticos ou sensores adicionais por meio de suas ricas interfaces externas (Ethernet, USB, RS485).<\/span><\/li>\n<li><b>Resist\u00eancia Operacional:<\/b><span class=\"citation-1180\"> Possui uma bateria de longa dura\u00e7\u00e3o (12600 mAh) proporcionando um tempo de opera\u00e7\u00e3o de <\/span><b><span class=\"citation-1180\">2,5 a 4,6 horas<\/span><\/b><span class=\"citation-1180 citation-end-1180\">, dependendo do cen\u00e1rio de uso.<\/span><\/li>\n<li><b><span class=\"citation-1179\">Formul\u00e1rios:<\/span><\/b><span class=\"citation-1179\"> Ideal para <\/span><b><span class=\"citation-1179\">pesquisa e desenvolvimento<\/span><\/b><span class=\"citation-1179\">, aut\u00f4nomo <\/span><b><span class=\"citation-1179\">inspe\u00e7\u00e3o e monitoramento<\/span><\/b><span class=\"citation-1179 citation-end-1179\"> em ambientes industriais ou de terreno acidentado (f\u00e1bricas, canteiros de obras), seguran\u00e7a e at\u00e9 mesmo entretenimento.<\/span><\/li>\n<\/ul>\n<p><span class=\"citation-1178 citation-end-1178\">Com sua combina\u00e7\u00e3o de agilidade, pot\u00eancia e autonomia baseada em Lidar de alta precis\u00e3o, o Aliengo \u00e9 uma plataforma m\u00f3vel de ponta pronta para enfrentar tarefas complexas do mundo real.<\/span><\/p>\n<div class=\"source-inline-chip-container ng-star-inserted\"><\/div>\n<\/div>","protected":false},"excerpt":{"rendered":"<p><span class=\"citation-1191\">O <\/span><b><span class=\"citation-1191\">Unitree Aliengo com Lidar 2D<\/span><\/b><span class=\"citation-1191 citation-end-1191\"> \u00e9 uma plataforma rob\u00f3tica quadr\u00fapede de alto desempenho e n\u00edvel industrial, projetada para versatilidade em ambientes desafiadores e aplica\u00e7\u00f5es de pesquisa avan\u00e7adas.<\/span><\/p>","protected":false},"featured_media":21310,"comment_status":"open","ping_status":"closed","template":"","meta":[],"product_brand":[1087],"product_cat":[1039,1037,1085],"product_tag":[1088,1097,1089,1090],"class_list":{"0":"post-21309","1":"product","2":"type-product","3":"status-publish","4":"has-post-thumbnail","6":"product_brand-unitree","7":"product_cat-quadruped","8":"product_cat-robotics","9":"product_cat-unitree-quad-robots","10":"product_tag-unitree","11":"product_tag-unitree-aliengo-series","12":"product_tag-unitree-quadruped","13":"product_tag-unitree-quadruped-robots","15":"first","16":"onbackorder","17":"taxable","18":"shipping-taxable","19":"purchasable","20":"product-type-simple"},"yoast_head":"<!-- This site is optimized with the Yoast SEO plugin v27.4 - https:\/\/yoast.com\/product\/yoast-seo-wordpress\/ -->\n<title>Aliengo with 2D lidar - Ghostysky<\/title>\n<meta name=\"robots\" content=\"index, follow, max-snippet:-1, max-image-preview:large, max-video-preview:-1\" \/>\n<link rel=\"canonical\" href=\"https:\/\/www.ghostysky.com\/pt\/produto-2\/aliengo-with-2d-lidar\/\" \/>\n<meta property=\"og:locale\" content=\"pt_PT\" \/>\n<meta property=\"og:type\" content=\"article\" \/>\n<meta property=\"og:title\" content=\"Aliengo with 2D lidar - Ghostysky\" \/>\n<meta property=\"og:description\" content=\"The Unitree Aliengo with 2D Lidar is a high-performance, industrial-grade quadruped robot platform designed for versatility in challenging environments and advanced research applications.\" \/>\n<meta property=\"og:url\" content=\"https:\/\/www.ghostysky.com\/pt\/produto-2\/aliengo-with-2d-lidar\/\" \/>\n<meta property=\"og:site_name\" content=\"Ghostysky\" \/>\n<meta property=\"article:publisher\" content=\"https:\/\/www.facebook.com\/people\/Ghostysky\/100057676170234\/\" \/>\n<meta property=\"article:modified_time\" content=\"2025-10-16T07:20:40+00:00\" \/>\n<meta property=\"og:image\" content=\"https:\/\/www.ghostysky.com\/wp-content\/uploads\/2025\/10\/GH_Aliengo-add-2D-lidar_1.jpg\" \/>\n\t<meta property=\"og:image:width\" content=\"224\" \/>\n\t<meta property=\"og:image:height\" content=\"224\" \/>\n\t<meta property=\"og:image:type\" content=\"image\/jpeg\" \/>\n<meta name=\"twitter:card\" content=\"summary_large_image\" \/>\n<meta name=\"twitter:site\" content=\"@Gh0stysky\" \/>\n<meta name=\"twitter:label1\" content=\"Tempo estimado de leitura\" \/>\n\t<meta name=\"twitter:data1\" content=\"2 minutos\" \/>\n<script type=\"application\/ld+json\" class=\"yoast-schema-graph\">{\"@context\":\"https:\\\/\\\/schema.org\",\"@graph\":[{\"@type\":\"WebPage\",\"@id\":\"https:\\\/\\\/www.ghostysky.com\\\/product\\\/aliengo-with-2d-lidar\\\/\",\"url\":\"https:\\\/\\\/www.ghostysky.com\\\/product\\\/aliengo-with-2d-lidar\\\/\",\"name\":\"Aliengo with 2D lidar - Ghostysky\",\"isPartOf\":{\"@id\":\"https:\\\/\\\/www.ghostysky.com\\\/#website\"},\"primaryImageOfPage\":{\"@id\":\"https:\\\/\\\/www.ghostysky.com\\\/product\\\/aliengo-with-2d-lidar\\\/#primaryimage\"},\"image\":{\"@id\":\"https:\\\/\\\/www.ghostysky.com\\\/product\\\/aliengo-with-2d-lidar\\\/#primaryimage\"},\"thumbnailUrl\":\"https:\\\/\\\/www.ghostysky.com\\\/wp-content\\\/uploads\\\/2025\\\/10\\\/GH_Aliengo-add-2D-lidar_1.jpg\",\"datePublished\":\"2025-10-16T07:19:55+00:00\",\"dateModified\":\"2025-10-16T07:20:40+00:00\",\"breadcrumb\":{\"@id\":\"https:\\\/\\\/www.ghostysky.com\\\/product\\\/aliengo-with-2d-lidar\\\/#breadcrumb\"},\"inLanguage\":\"pt-PT\",\"potentialAction\":[{\"@type\":\"ReadAction\",\"target\":[\"https:\\\/\\\/www.ghostysky.com\\\/product\\\/aliengo-with-2d-lidar\\\/\"]}]},{\"@type\":\"ImageObject\",\"inLanguage\":\"pt-PT\",\"@id\":\"https:\\\/\\\/www.ghostysky.com\\\/product\\\/aliengo-with-2d-lidar\\\/#primaryimage\",\"url\":\"https:\\\/\\\/www.ghostysky.com\\\/wp-content\\\/uploads\\\/2025\\\/10\\\/GH_Aliengo-add-2D-lidar_1.jpg\",\"contentUrl\":\"https:\\\/\\\/www.ghostysky.com\\\/wp-content\\\/uploads\\\/2025\\\/10\\\/GH_Aliengo-add-2D-lidar_1.jpg\",\"width\":224,\"height\":224},{\"@type\":\"BreadcrumbList\",\"@id\":\"https:\\\/\\\/www.ghostysky.com\\\/product\\\/aliengo-with-2d-lidar\\\/#breadcrumb\",\"itemListElement\":[{\"@type\":\"ListItem\",\"position\":1,\"name\":\"Home\",\"item\":\"https:\\\/\\\/www.ghostysky.com\\\/\"},{\"@type\":\"ListItem\",\"position\":2,\"name\":\"Shop\",\"item\":\"https:\\\/\\\/www.ghostysky.com\\\/shop\\\/\"},{\"@type\":\"ListItem\",\"position\":3,\"name\":\"Aliengo with 2D lidar\"}]},{\"@type\":\"WebSite\",\"@id\":\"https:\\\/\\\/www.ghostysky.com\\\/#website\",\"url\":\"https:\\\/\\\/www.ghostysky.com\\\/\",\"name\":\"Ghostysky\",\"description\":\"Delivering professional drones and services\",\"publisher\":{\"@id\":\"https:\\\/\\\/www.ghostysky.com\\\/#organization\"},\"potentialAction\":[{\"@type\":\"SearchAction\",\"target\":{\"@type\":\"EntryPoint\",\"urlTemplate\":\"https:\\\/\\\/www.ghostysky.com\\\/?s={search_term_string}\"},\"query-input\":{\"@type\":\"PropertyValueSpecification\",\"valueRequired\":true,\"valueName\":\"search_term_string\"}}],\"inLanguage\":\"pt-PT\"},{\"@type\":\"Organization\",\"@id\":\"https:\\\/\\\/www.ghostysky.com\\\/#organization\",\"name\":\"Ghostysky\",\"url\":\"https:\\\/\\\/www.ghostysky.com\\\/\",\"logo\":{\"@type\":\"ImageObject\",\"inLanguage\":\"pt-PT\",\"@id\":\"https:\\\/\\\/www.ghostysky.com\\\/#\\\/schema\\\/logo\\\/image\\\/\",\"url\":\"https:\\\/\\\/www.ghostysky.com\\\/wp-content\\\/uploads\\\/2020\\\/06\\\/cropped-ghostyskylogo_text_white2.png\",\"contentUrl\":\"https:\\\/\\\/www.ghostysky.com\\\/wp-content\\\/uploads\\\/2020\\\/06\\\/cropped-ghostyskylogo_text_white2.png\",\"width\":169,\"height\":56,\"caption\":\"Ghostysky\"},\"image\":{\"@id\":\"https:\\\/\\\/www.ghostysky.com\\\/#\\\/schema\\\/logo\\\/image\\\/\"},\"sameAs\":[\"https:\\\/\\\/www.facebook.com\\\/people\\\/Ghostysky\\\/100057676170234\\\/\",\"https:\\\/\\\/x.com\\\/Gh0stysky\",\"https:\\\/\\\/www.linkedin.com\\\/company\\\/34739653\",\"https:\\\/\\\/www.instagram.com\\\/gh0stysky\"]}]}<\/script>\n<!-- \/ Yoast SEO plugin. -->","yoast_head_json":{"title":"Aliengo com lidar 2D - Ghostysky","robots":{"index":"index","follow":"follow","max-snippet":"max-snippet:-1","max-image-preview":"max-image-preview:large","max-video-preview":"max-video-preview:-1"},"canonical":"https:\/\/www.ghostysky.com\/pt\/produto-2\/aliengo-with-2d-lidar\/","og_locale":"pt_PT","og_type":"article","og_title":"Aliengo with 2D lidar - Ghostysky","og_description":"The Unitree Aliengo with 2D Lidar is a high-performance, industrial-grade quadruped robot platform designed for versatility in challenging environments and advanced research applications.","og_url":"https:\/\/www.ghostysky.com\/pt\/produto-2\/aliengo-with-2d-lidar\/","og_site_name":"Ghostysky","article_publisher":"https:\/\/www.facebook.com\/people\/Ghostysky\/100057676170234\/","article_modified_time":"2025-10-16T07:20:40+00:00","og_image":[{"width":224,"height":224,"url":"https:\/\/www.ghostysky.com\/wp-content\/uploads\/2025\/10\/GH_Aliengo-add-2D-lidar_1.jpg","type":"image\/jpeg"}],"twitter_card":"summary_large_image","twitter_site":"@Gh0stysky","twitter_misc":{"Tempo estimado de leitura":"2 minutos"},"schema":{"@context":"https:\/\/schema.org","@graph":[{"@type":"WebPage","@id":"https:\/\/www.ghostysky.com\/product\/aliengo-with-2d-lidar\/","url":"https:\/\/www.ghostysky.com\/product\/aliengo-with-2d-lidar\/","name":"Aliengo com lidar 2D - Ghostysky","isPartOf":{"@id":"https:\/\/www.ghostysky.com\/#website"},"primaryImageOfPage":{"@id":"https:\/\/www.ghostysky.com\/product\/aliengo-with-2d-lidar\/#primaryimage"},"image":{"@id":"https:\/\/www.ghostysky.com\/product\/aliengo-with-2d-lidar\/#primaryimage"},"thumbnailUrl":"https:\/\/www.ghostysky.com\/wp-content\/uploads\/2025\/10\/GH_Aliengo-add-2D-lidar_1.jpg","datePublished":"2025-10-16T07:19:55+00:00","dateModified":"2025-10-16T07:20:40+00:00","breadcrumb":{"@id":"https:\/\/www.ghostysky.com\/product\/aliengo-with-2d-lidar\/#breadcrumb"},"inLanguage":"pt-PT","potentialAction":[{"@type":"ReadAction","target":["https:\/\/www.ghostysky.com\/product\/aliengo-with-2d-lidar\/"]}]},{"@type":"ImageObject","inLanguage":"pt-PT","@id":"https:\/\/www.ghostysky.com\/product\/aliengo-with-2d-lidar\/#primaryimage","url":"https:\/\/www.ghostysky.com\/wp-content\/uploads\/2025\/10\/GH_Aliengo-add-2D-lidar_1.jpg","contentUrl":"https:\/\/www.ghostysky.com\/wp-content\/uploads\/2025\/10\/GH_Aliengo-add-2D-lidar_1.jpg","width":224,"height":224},{"@type":"BreadcrumbList","@id":"https:\/\/www.ghostysky.com\/product\/aliengo-with-2d-lidar\/#breadcrumb","itemListElement":[{"@type":"ListItem","position":1,"name":"Home","item":"https:\/\/www.ghostysky.com\/"},{"@type":"ListItem","position":2,"name":"Shop","item":"https:\/\/www.ghostysky.com\/shop\/"},{"@type":"ListItem","position":3,"name":"Aliengo with 2D lidar"}]},{"@type":"WebSite","@id":"https:\/\/www.ghostysky.com\/#website","url":"https:\/\/www.ghostysky.com\/","name":"Ghostysky","description":"Fornecendo drones e servi\u00e7os profissionais","publisher":{"@id":"https:\/\/www.ghostysky.com\/#organization"},"potentialAction":[{"@type":"SearchAction","target":{"@type":"EntryPoint","urlTemplate":"https:\/\/www.ghostysky.com\/?s={search_term_string}"},"query-input":{"@type":"PropertyValueSpecification","valueRequired":true,"valueName":"search_term_string"}}],"inLanguage":"pt-PT"},{"@type":"Organization","@id":"https:\/\/www.ghostysky.com\/#organization","name":"Ghostysky","url":"https:\/\/www.ghostysky.com\/","logo":{"@type":"ImageObject","inLanguage":"pt-PT","@id":"https:\/\/www.ghostysky.com\/#\/schema\/logo\/image\/","url":"https:\/\/www.ghostysky.com\/wp-content\/uploads\/2020\/06\/cropped-ghostyskylogo_text_white2.png","contentUrl":"https:\/\/www.ghostysky.com\/wp-content\/uploads\/2020\/06\/cropped-ghostyskylogo_text_white2.png","width":169,"height":56,"caption":"Ghostysky"},"image":{"@id":"https:\/\/www.ghostysky.com\/#\/schema\/logo\/image\/"},"sameAs":["https:\/\/www.facebook.com\/people\/Ghostysky\/100057676170234\/","https:\/\/x.com\/Gh0stysky","https:\/\/www.linkedin.com\/company\/34739653","https:\/\/www.instagram.com\/gh0stysky"]}]}},"_links":{"self":[{"href":"https:\/\/www.ghostysky.com\/pt\/wp-json\/wp\/v2\/product\/21309","targetHints":{"allow":["GET"]}}],"collection":[{"href":"https:\/\/www.ghostysky.com\/pt\/wp-json\/wp\/v2\/product"}],"about":[{"href":"https:\/\/www.ghostysky.com\/pt\/wp-json\/wp\/v2\/types\/product"}],"replies":[{"embeddable":true,"href":"https:\/\/www.ghostysky.com\/pt\/wp-json\/wp\/v2\/comments?post=21309"}],"version-history":[{"count":0,"href":"https:\/\/www.ghostysky.com\/pt\/wp-json\/wp\/v2\/product\/21309\/revisions"}],"wp:featuredmedia":[{"embeddable":true,"href":"https:\/\/www.ghostysky.com\/pt\/wp-json\/wp\/v2\/media\/21310"}],"wp:attachment":[{"href":"https:\/\/www.ghostysky.com\/pt\/wp-json\/wp\/v2\/media?parent=21309"}],"wp:term":[{"taxonomy":"product_brand","embeddable":true,"href":"https:\/\/www.ghostysky.com\/pt\/wp-json\/wp\/v2\/product_brand?post=21309"},{"taxonomy":"product_cat","embeddable":true,"href":"https:\/\/www.ghostysky.com\/pt\/wp-json\/wp\/v2\/product_cat?post=21309"},{"taxonomy":"product_tag","embeddable":true,"href":"https:\/\/www.ghostysky.com\/pt\/wp-json\/wp\/v2\/product_tag?post=21309"}],"curies":[{"name":"wp","href":"https:\/\/api.w.org\/{rel}","templated":true}]}}