{"id":21317,"date":"2025-10-16T07:32:39","date_gmt":"2025-10-16T07:32:39","guid":{"rendered":"https:\/\/www.ghostysky.com\/?post_type=product&#038;p=21317"},"modified":"2025-10-16T07:33:07","modified_gmt":"2025-10-16T07:33:07","slug":"unitree-aliengo-battery","status":"publish","type":"product","link":"https:\/\/www.ghostysky.com\/pt\/product\/unitree-aliengo-battery\/","title":{"rendered":"Bateria Unitree Aliengo"},"content":{"rendered":"<h3><b>Caracter\u00edsticas principais<\/b><\/h3>\n<ul>\n<li><b><span class=\"citation-1198\">Autonomia poderosa:<\/span><\/b><span class=\"citation-1198\"> Com uma substancial <\/span><b><span class=\"citation-1198\">capacidade nominal de 12.600 mAh (317,52 Wh)<\/span><\/b><span class=\"citation-1198\">, esta bateria fornece a energia necess\u00e1ria para as opera\u00e7\u00f5es de alto desempenho do rob\u00f4 Aliengo, oferecendo at\u00e9 <\/span><b><span class=\"citation-1198\">4,5 horas de resist\u00eancia<\/span><\/b><span class=\"citation-1198 citation-end-1198\"> com uma \u00fanica carga para tarefas de rotina.<\/span><\/li>\n<li><b><span class=\"citation-1197\">Sistema de Gest\u00e3o Inteligente (BMS):<\/span><\/b><span class=\"citation-1197\"> O BMS inteligente integrado monitora constantemente o status da bateria, garantindo a opera\u00e7\u00e3o est\u00e1vel de todas as fun\u00e7\u00f5es do Aliengo e fornecendo recursos de seguran\u00e7a cruciais como <\/span><b><span class=\"citation-1197\">prote\u00e7\u00e3o contra sobrecarga, circuito e superaquecimento<\/span><\/b><span class=\"citation-1197 citation-end-1197\">.<\/span><\/li>\n<li><b><span class=\"citation-1196\">Energia confi\u00e1vel:<\/span><\/b><span class=\"citation-1196\"> Opera em um <\/span><b><span class=\"citation-1196\">Tens\u00e3o nominal de 25,2 V<\/span><\/b><span class=\"citation-1196\"> e tem um <\/span><b><span class=\"citation-1196\">Tens\u00e3o limite de carga de 29,4 V<\/span><\/b><span class=\"citation-1196\">, com um <\/span><b><span class=\"citation-1196 citation-end-1196\">M\u00e1x.<\/span> Pot\u00eancia de carregamento de 352,8 W<\/b> para fornecimento e carregamento de energia seguros e eficientes.<\/li>\n<li><b>Design otimizado:<\/b> A bateria de pol\u00edmero de \u00edons de l\u00edtio faz parte do novo sistema de energia da Aliengo, contribuindo para a estrutura leve e integrada do rob\u00f4.<\/li>\n<\/ul>\n<p>Mantenha seu rob\u00f4 m\u00f3vel Aliengo funcionando de forma confi\u00e1vel com esta fonte de energia essencial, de alta capacidade e gerenciada por especialistas.<\/p>","protected":false},"excerpt":{"rendered":"<p><span class=\"citation-1199\">Alimente seu rob\u00f4 quadr\u00fapede Unitree Aliengo com o oficial <\/span><b><span class=\"citation-1199\">Bateria Aliengo (Modelo: AL01-BT01)<\/span><\/b><span class=\"citation-1199 citation-end-1199\">, uma bateria de pol\u00edmero de \u00edons de l\u00edtio (LiPo) potente e inteligente, projetada para aplica\u00e7\u00f5es rob\u00f3ticas exigentes.<\/span><\/p>\n<div class=\"source-inline-chip-container ng-star-inserted\"><\/div>\n<p>&nbsp;<\/p>","protected":false},"featured_media":21320,"comment_status":"open","ping_status":"closed","template":"","meta":[],"product_brand":[1087],"product_cat":[1039,1037,1086],"product_tag":[1088,1098,1097],"class_list":{"0":"post-21317","1":"product","2":"type-product","3":"status-publish","4":"has-post-thumbnail","6":"product_brand-unitree","7":"product_cat-quadruped","8":"product_cat-robotics","9":"product_cat-unitree-quad-accessories","10":"product_tag-unitree","11":"product_tag-unitree-aliengo-accessories","12":"product_tag-unitree-aliengo-series","14":"first","15":"onbackorder","16":"taxable","17":"shipping-taxable","18":"purchasable","19":"product-type-simple"},"yoast_head":"<!-- This site is optimized with the Yoast SEO plugin v27.4 - https:\/\/yoast.com\/product\/yoast-seo-wordpress\/ -->\n<title>Unitree Aliengo Battery - Ghostysky<\/title>\n<meta name=\"description\" content=\"Power your Unitree Aliengo quadruped robot with the official Aliengo Battery (Model: AL01-BT01), a powerful and intelligent lithium-ion polymer (LiPo) battery designed for demanding robotics applications.\" \/>\n<meta name=\"robots\" content=\"index, follow, max-snippet:-1, max-image-preview:large, max-video-preview:-1\" \/>\n<link rel=\"canonical\" href=\"https:\/\/www.ghostysky.com\/pt\/produto-2\/unitree-aliengo-battery\/\" \/>\n<meta property=\"og:locale\" content=\"pt_PT\" \/>\n<meta property=\"og:type\" content=\"article\" \/>\n<meta property=\"og:title\" content=\"Unitree Aliengo Battery - Ghostysky\" \/>\n<meta property=\"og:description\" content=\"Power your Unitree Aliengo quadruped robot with the official Aliengo Battery (Model: AL01-BT01), a powerful and intelligent lithium-ion polymer (LiPo) battery designed for demanding robotics applications.\" \/>\n<meta property=\"og:url\" content=\"https:\/\/www.ghostysky.com\/pt\/produto-2\/unitree-aliengo-battery\/\" \/>\n<meta property=\"og:site_name\" content=\"Ghostysky\" \/>\n<meta property=\"article:publisher\" content=\"https:\/\/www.facebook.com\/people\/Ghostysky\/100057676170234\/\" \/>\n<meta property=\"article:modified_time\" content=\"2025-10-16T07:33:07+00:00\" \/>\n<meta property=\"og:image\" content=\"https:\/\/www.ghostysky.com\/wp-content\/uploads\/2025\/10\/GH_Unitree_Aliengo_battery_1.jpg\" \/>\n\t<meta property=\"og:image:width\" content=\"872\" \/>\n\t<meta property=\"og:image:height\" content=\"872\" \/>\n\t<meta property=\"og:image:type\" content=\"image\/jpeg\" \/>\n<meta name=\"twitter:card\" content=\"summary_large_image\" \/>\n<meta name=\"twitter:site\" content=\"@Gh0stysky\" \/>\n<meta name=\"twitter:label1\" content=\"Tempo estimado de leitura\" \/>\n\t<meta name=\"twitter:data1\" content=\"1 minuto\" \/>\n<script type=\"application\/ld+json\" class=\"yoast-schema-graph\">{\"@context\":\"https:\\\/\\\/schema.org\",\"@graph\":[{\"@type\":\"WebPage\",\"@id\":\"https:\\\/\\\/www.ghostysky.com\\\/product\\\/unitree-aliengo-battery\\\/\",\"url\":\"https:\\\/\\\/www.ghostysky.com\\\/product\\\/unitree-aliengo-battery\\\/\",\"name\":\"Unitree Aliengo Battery - Ghostysky\",\"isPartOf\":{\"@id\":\"https:\\\/\\\/www.ghostysky.com\\\/#website\"},\"primaryImageOfPage\":{\"@id\":\"https:\\\/\\\/www.ghostysky.com\\\/product\\\/unitree-aliengo-battery\\\/#primaryimage\"},\"image\":{\"@id\":\"https:\\\/\\\/www.ghostysky.com\\\/product\\\/unitree-aliengo-battery\\\/#primaryimage\"},\"thumbnailUrl\":\"https:\\\/\\\/www.ghostysky.com\\\/wp-content\\\/uploads\\\/2025\\\/10\\\/GH_Unitree_Aliengo_battery_1.jpg\",\"datePublished\":\"2025-10-16T07:32:39+00:00\",\"dateModified\":\"2025-10-16T07:33:07+00:00\",\"description\":\"Power your Unitree Aliengo quadruped robot with the official Aliengo Battery (Model: AL01-BT01), a powerful and intelligent lithium-ion polymer (LiPo) battery designed for demanding robotics applications.\",\"breadcrumb\":{\"@id\":\"https:\\\/\\\/www.ghostysky.com\\\/product\\\/unitree-aliengo-battery\\\/#breadcrumb\"},\"inLanguage\":\"pt-PT\",\"potentialAction\":[{\"@type\":\"ReadAction\",\"target\":[\"https:\\\/\\\/www.ghostysky.com\\\/product\\\/unitree-aliengo-battery\\\/\"]}]},{\"@type\":\"ImageObject\",\"inLanguage\":\"pt-PT\",\"@id\":\"https:\\\/\\\/www.ghostysky.com\\\/product\\\/unitree-aliengo-battery\\\/#primaryimage\",\"url\":\"https:\\\/\\\/www.ghostysky.com\\\/wp-content\\\/uploads\\\/2025\\\/10\\\/GH_Unitree_Aliengo_battery_1.jpg\",\"contentUrl\":\"https:\\\/\\\/www.ghostysky.com\\\/wp-content\\\/uploads\\\/2025\\\/10\\\/GH_Unitree_Aliengo_battery_1.jpg\",\"width\":872,\"height\":872},{\"@type\":\"BreadcrumbList\",\"@id\":\"https:\\\/\\\/www.ghostysky.com\\\/product\\\/unitree-aliengo-battery\\\/#breadcrumb\",\"itemListElement\":[{\"@type\":\"ListItem\",\"position\":1,\"name\":\"Home\",\"item\":\"https:\\\/\\\/www.ghostysky.com\\\/\"},{\"@type\":\"ListItem\",\"position\":2,\"name\":\"Shop\",\"item\":\"https:\\\/\\\/www.ghostysky.com\\\/shop\\\/\"},{\"@type\":\"ListItem\",\"position\":3,\"name\":\"Unitree Aliengo Battery\"}]},{\"@type\":\"WebSite\",\"@id\":\"https:\\\/\\\/www.ghostysky.com\\\/#website\",\"url\":\"https:\\\/\\\/www.ghostysky.com\\\/\",\"name\":\"Ghostysky\",\"description\":\"Delivering professional drones and services\",\"publisher\":{\"@id\":\"https:\\\/\\\/www.ghostysky.com\\\/#organization\"},\"potentialAction\":[{\"@type\":\"SearchAction\",\"target\":{\"@type\":\"EntryPoint\",\"urlTemplate\":\"https:\\\/\\\/www.ghostysky.com\\\/?s={search_term_string}\"},\"query-input\":{\"@type\":\"PropertyValueSpecification\",\"valueRequired\":true,\"valueName\":\"search_term_string\"}}],\"inLanguage\":\"pt-PT\"},{\"@type\":\"Organization\",\"@id\":\"https:\\\/\\\/www.ghostysky.com\\\/#organization\",\"name\":\"Ghostysky\",\"url\":\"https:\\\/\\\/www.ghostysky.com\\\/\",\"logo\":{\"@type\":\"ImageObject\",\"inLanguage\":\"pt-PT\",\"@id\":\"https:\\\/\\\/www.ghostysky.com\\\/#\\\/schema\\\/logo\\\/image\\\/\",\"url\":\"https:\\\/\\\/www.ghostysky.com\\\/wp-content\\\/uploads\\\/2020\\\/06\\\/cropped-ghostyskylogo_text_white2.png\",\"contentUrl\":\"https:\\\/\\\/www.ghostysky.com\\\/wp-content\\\/uploads\\\/2020\\\/06\\\/cropped-ghostyskylogo_text_white2.png\",\"width\":169,\"height\":56,\"caption\":\"Ghostysky\"},\"image\":{\"@id\":\"https:\\\/\\\/www.ghostysky.com\\\/#\\\/schema\\\/logo\\\/image\\\/\"},\"sameAs\":[\"https:\\\/\\\/www.facebook.com\\\/people\\\/Ghostysky\\\/100057676170234\\\/\",\"https:\\\/\\\/x.com\\\/Gh0stysky\",\"https:\\\/\\\/www.linkedin.com\\\/company\\\/34739653\",\"https:\\\/\\\/www.instagram.com\\\/gh0stysky\"]}]}<\/script>\n<!-- \/ Yoast SEO plugin. -->","yoast_head_json":{"title":"Bateria Unitree Aliengo - Ghostysky","description":"Alimente seu rob\u00f4 quadr\u00fapede Unitree Aliengo com a bateria oficial Aliengo (modelo: AL01-BT01), uma bateria de pol\u00edmero de \u00edons de l\u00edtio (LiPo) potente e inteligente, projetada para aplica\u00e7\u00f5es rob\u00f3ticas exigentes.","robots":{"index":"index","follow":"follow","max-snippet":"max-snippet:-1","max-image-preview":"max-image-preview:large","max-video-preview":"max-video-preview:-1"},"canonical":"https:\/\/www.ghostysky.com\/pt\/produto-2\/unitree-aliengo-battery\/","og_locale":"pt_PT","og_type":"article","og_title":"Unitree Aliengo Battery - Ghostysky","og_description":"Power your Unitree Aliengo quadruped robot with the official Aliengo Battery (Model: AL01-BT01), a powerful and intelligent lithium-ion polymer (LiPo) battery designed for demanding robotics applications.","og_url":"https:\/\/www.ghostysky.com\/pt\/produto-2\/unitree-aliengo-battery\/","og_site_name":"Ghostysky","article_publisher":"https:\/\/www.facebook.com\/people\/Ghostysky\/100057676170234\/","article_modified_time":"2025-10-16T07:33:07+00:00","og_image":[{"width":872,"height":872,"url":"https:\/\/www.ghostysky.com\/wp-content\/uploads\/2025\/10\/GH_Unitree_Aliengo_battery_1.jpg","type":"image\/jpeg"}],"twitter_card":"summary_large_image","twitter_site":"@Gh0stysky","twitter_misc":{"Tempo estimado de leitura":"1 minuto"},"schema":{"@context":"https:\/\/schema.org","@graph":[{"@type":"WebPage","@id":"https:\/\/www.ghostysky.com\/product\/unitree-aliengo-battery\/","url":"https:\/\/www.ghostysky.com\/product\/unitree-aliengo-battery\/","name":"Bateria Unitree Aliengo - Ghostysky","isPartOf":{"@id":"https:\/\/www.ghostysky.com\/#website"},"primaryImageOfPage":{"@id":"https:\/\/www.ghostysky.com\/product\/unitree-aliengo-battery\/#primaryimage"},"image":{"@id":"https:\/\/www.ghostysky.com\/product\/unitree-aliengo-battery\/#primaryimage"},"thumbnailUrl":"https:\/\/www.ghostysky.com\/wp-content\/uploads\/2025\/10\/GH_Unitree_Aliengo_battery_1.jpg","datePublished":"2025-10-16T07:32:39+00:00","dateModified":"2025-10-16T07:33:07+00:00","description":"Alimente seu rob\u00f4 quadr\u00fapede Unitree Aliengo com a bateria oficial Aliengo (modelo: AL01-BT01), uma bateria de pol\u00edmero de \u00edons de l\u00edtio (LiPo) potente e inteligente, projetada para aplica\u00e7\u00f5es rob\u00f3ticas exigentes.","breadcrumb":{"@id":"https:\/\/www.ghostysky.com\/product\/unitree-aliengo-battery\/#breadcrumb"},"inLanguage":"pt-PT","potentialAction":[{"@type":"ReadAction","target":["https:\/\/www.ghostysky.com\/product\/unitree-aliengo-battery\/"]}]},{"@type":"ImageObject","inLanguage":"pt-PT","@id":"https:\/\/www.ghostysky.com\/product\/unitree-aliengo-battery\/#primaryimage","url":"https:\/\/www.ghostysky.com\/wp-content\/uploads\/2025\/10\/GH_Unitree_Aliengo_battery_1.jpg","contentUrl":"https:\/\/www.ghostysky.com\/wp-content\/uploads\/2025\/10\/GH_Unitree_Aliengo_battery_1.jpg","width":872,"height":872},{"@type":"BreadcrumbList","@id":"https:\/\/www.ghostysky.com\/product\/unitree-aliengo-battery\/#breadcrumb","itemListElement":[{"@type":"ListItem","position":1,"name":"Home","item":"https:\/\/www.ghostysky.com\/"},{"@type":"ListItem","position":2,"name":"Shop","item":"https:\/\/www.ghostysky.com\/shop\/"},{"@type":"ListItem","position":3,"name":"Unitree Aliengo Battery"}]},{"@type":"WebSite","@id":"https:\/\/www.ghostysky.com\/#website","url":"https:\/\/www.ghostysky.com\/","name":"Ghostysky","description":"Fornecendo drones e servi\u00e7os profissionais","publisher":{"@id":"https:\/\/www.ghostysky.com\/#organization"},"potentialAction":[{"@type":"SearchAction","target":{"@type":"EntryPoint","urlTemplate":"https:\/\/www.ghostysky.com\/?s={search_term_string}"},"query-input":{"@type":"PropertyValueSpecification","valueRequired":true,"valueName":"search_term_string"}}],"inLanguage":"pt-PT"},{"@type":"Organization","@id":"https:\/\/www.ghostysky.com\/#organization","name":"Ghostysky","url":"https:\/\/www.ghostysky.com\/","logo":{"@type":"ImageObject","inLanguage":"pt-PT","@id":"https:\/\/www.ghostysky.com\/#\/schema\/logo\/image\/","url":"https:\/\/www.ghostysky.com\/wp-content\/uploads\/2020\/06\/cropped-ghostyskylogo_text_white2.png","contentUrl":"https:\/\/www.ghostysky.com\/wp-content\/uploads\/2020\/06\/cropped-ghostyskylogo_text_white2.png","width":169,"height":56,"caption":"Ghostysky"},"image":{"@id":"https:\/\/www.ghostysky.com\/#\/schema\/logo\/image\/"},"sameAs":["https:\/\/www.facebook.com\/people\/Ghostysky\/100057676170234\/","https:\/\/x.com\/Gh0stysky","https:\/\/www.linkedin.com\/company\/34739653","https:\/\/www.instagram.com\/gh0stysky"]}]}},"_links":{"self":[{"href":"https:\/\/www.ghostysky.com\/pt\/wp-json\/wp\/v2\/product\/21317","targetHints":{"allow":["GET"]}}],"collection":[{"href":"https:\/\/www.ghostysky.com\/pt\/wp-json\/wp\/v2\/product"}],"about":[{"href":"https:\/\/www.ghostysky.com\/pt\/wp-json\/wp\/v2\/types\/product"}],"replies":[{"embeddable":true,"href":"https:\/\/www.ghostysky.com\/pt\/wp-json\/wp\/v2\/comments?post=21317"}],"version-history":[{"count":0,"href":"https:\/\/www.ghostysky.com\/pt\/wp-json\/wp\/v2\/product\/21317\/revisions"}],"wp:featuredmedia":[{"embeddable":true,"href":"https:\/\/www.ghostysky.com\/pt\/wp-json\/wp\/v2\/media\/21320"}],"wp:attachment":[{"href":"https:\/\/www.ghostysky.com\/pt\/wp-json\/wp\/v2\/media?parent=21317"}],"wp:term":[{"taxonomy":"product_brand","embeddable":true,"href":"https:\/\/www.ghostysky.com\/pt\/wp-json\/wp\/v2\/product_brand?post=21317"},{"taxonomy":"product_cat","embeddable":true,"href":"https:\/\/www.ghostysky.com\/pt\/wp-json\/wp\/v2\/product_cat?post=21317"},{"taxonomy":"product_tag","embeddable":true,"href":"https:\/\/www.ghostysky.com\/pt\/wp-json\/wp\/v2\/product_tag?post=21317"}],"curies":[{"name":"wp","href":"https:\/\/api.w.org\/{rel}","templated":true}]}}