{"id":21334,"date":"2025-10-16T11:30:58","date_gmt":"2025-10-16T11:30:58","guid":{"rendered":"https:\/\/www.ghostysky.com\/?post_type=product&#038;p=21334"},"modified":"2025-10-16T11:42:13","modified_gmt":"2025-10-16T11:42:13","slug":"unitree-z1-pro","status":"publish","type":"product","link":"https:\/\/www.ghostysky.com\/pt\/product\/unitree-z1-pro\/","title":{"rendered":"Unitree Z1 Pro"},"content":{"rendered":"<h3><b>Principais recursos e aplica\u00e7\u00f5es<\/b><\/h3>\n<ul>\n<li><b>Otimizado para plataformas m\u00f3veis:<\/b><span class=\"citation-86 citation-end-86\"> Projetado especificamente para ser leve (aprox.<sup class=\"superscript\" data-turn-source-index=\"2\">2<\/sup><\/span> <span class=\"math-inline\" data-math=\"4.3-4.5\\text{ kg}\">$4.3-4.5\\texto{ kg}$<\/span><span class=\"citation-85 citation-end-85\">) e facilmente integrados, transformando rob\u00f4s quadr\u00fapedes em manipuladores m\u00f3veis altamente funcionais, capazes de executar tarefas complexas em diversos ambientes.<\/span><\/li>\n<li><b><span class=\"citation-84\">Alta Destreza e Precis\u00e3o:<\/span><\/b><span class=\"citation-84 citation-end-84\"> Com 6 eixos de movimento e um alcance m\u00e1ximo de <sup class=\"superscript\" data-turn-source-index=\"4\">4<\/sup><\/span><span class=\"math-inline\" data-math=\"740\\text{ mm}\">$740\\texto{ mm}$<\/span><span class=\"citation-83 citation-end-83\">, o Z1 Pro oferece uma repetibilidade de <sup class=\"superscript\" data-turn-source-index=\"5\">5<\/sup><\/span><span class=\"math-inline\" data-math=\"\\pm 0.1\\text{ mm}\">$\\pm 0,1\\texto{ mm}$<\/span><span class=\"citation-82 citation-end-82\">, adequado para tarefas de precis\u00e3o.<\/span><\/li>\n<li><b>Capacidade de carga \u00fatil suficiente:<\/b><span class=\"citation-81 citation-end-81\"> A vers\u00e3o Pro suporta uma carga \u00fatil robusta de <sup class=\"superscript\" data-turn-source-index=\"7\">7<\/sup><\/span><span class=\"math-inline\" data-math=\"3\\text{ kg}\">$3\\texto{ kg}$<\/span><span class=\"citation-80 citation-end-80\"> at\u00e9 <sup class=\"superscript\" data-turn-source-index=\"8\">8<\/sup><\/span><span class=\"math-inline\" data-math=\"5\\text{ kg}\">$5\\texto{ kg}$<\/span><span class=\"citation-79 citation-end-79\"> (dependendo da configura\u00e7\u00e3o).<\/span><\/li>\n<li><b>Seguran\u00e7a e Controle:<\/b><span class=\"citation-78 citation-end-78\"> Possui controle de for\u00e7a conjunta e prote\u00e7\u00e3o sens\u00edvel contra colis\u00f5es, garantindo opera\u00e7\u00e3o segura ao lado de pessoas (bra\u00e7o rob\u00f3tico colaborativo).<sup class=\"superscript\" data-turn-source-index=\"10\">10<\/sup><\/span> <span class=\"citation-77 citation-end-77\">Ele tamb\u00e9m suporta ensino de arrasto manual para facilitar a programa\u00e7\u00e3o.<\/span><\/li>\n<li><b>Aberto e vers\u00e1til:<\/b><span class=\"citation-76\"> Ele opera em um <\/span><b><span class=\"citation-76\">Ubuntu<\/span><\/b><span class=\"citation-76\"> sistema operacional, fornecendo um <\/span><b><span class=\"citation-76\">interface de programa\u00e7\u00e3o aberta<\/span><\/b><span class=\"citation-76 citation-end-76\"> (com suporte a C++, ROS, etc.) e uma interface estendida que permite a substitui\u00e7\u00e3o r\u00e1pida de v\u00e1rios efetores finais (como pin\u00e7as, chaves de fenda, ventosas).<\/span><\/li>\n<li><b><span class=\"citation-75\">Componentes de n\u00edvel industrial:<\/span><\/b><span class=\"citation-75 citation-end-75\"> Constru\u00eddo com motores potentes (at\u00e9 <sup class=\"superscript\" data-turn-source-index=\"13\">13<\/sup><\/span><span class=\"math-inline\" data-math=\"33\\text{ N}\\cdot\\text{m}\">$33\\texto{ N}\\cdot\\texto{m}$<\/span><span class=\"citation-74 citation-end-74\"> torque m\u00e1ximo), redutores harm\u00f4nicos e codificadores de alta resolu\u00e7\u00e3o de 15 bits.<\/span><\/li>\n<li><b><span class=\"citation-73\">Ideal para:<\/span><\/b><span class=\"citation-73 citation-end-73\"> Pesquisa e desenvolvimento, log\u00edstica de com\u00e9rcio eletr\u00f4nico (coleta e classifica\u00e7\u00e3o), inspe\u00e7\u00e3o industrial (quando montado em um quadr\u00fapede) e aplica\u00e7\u00f5es de rob\u00f3tica de servi\u00e7o.<\/span><\/li>\n<\/ul>","protected":false},"excerpt":{"rendered":"<p><span class=\"citation-87\">A \u00c1rvore Unida <\/span><b><span class=\"citation-87\">Bra\u00e7o rob\u00f3tico Z1 Pro<\/span><\/b><span class=\"citation-87 citation-end-87\"> \u00e9 um manipulador compacto e de alto desempenho com 6 graus de liberdade (GDL), projetado para melhorar significativamente as capacidades das plataformas de rob\u00f4s m\u00f3veis, particularmente os rob\u00f4s quadr\u00fapedes Unitree Aliengo e B1<\/span><\/p>","protected":false},"featured_media":21335,"comment_status":"open","ping_status":"closed","template":"","meta":[],"product_brand":[1087],"product_cat":[1039,1037,1086],"product_tag":[1088,1098,1097],"class_list":{"0":"post-21334","1":"product","2":"type-product","3":"status-publish","4":"has-post-thumbnail","6":"product_brand-unitree","7":"product_cat-quadruped","8":"product_cat-robotics","9":"product_cat-unitree-quad-accessories","10":"product_tag-unitree","11":"product_tag-unitree-aliengo-accessories","12":"product_tag-unitree-aliengo-series","14":"first","15":"onbackorder","16":"taxable","17":"shipping-taxable","18":"purchasable","19":"product-type-simple"},"yoast_head":"<!-- This site is optimized with the Yoast SEO plugin v27.4 - https:\/\/yoast.com\/product\/yoast-seo-wordpress\/ -->\n<title>Unitree Z1 Pro - Ghostysky<\/title>\n<meta name=\"description\" content=\"The Unitree Z1 Pro Robotic Arm is a compact, high-performance 6-Degree-of-Freedom (DOF) manipulator designed to significantly enhance the capabilities of mobile robot platforms, particularly the Unitree Aliengo and B1 quadruped robots\" \/>\n<meta name=\"robots\" content=\"index, follow, max-snippet:-1, max-image-preview:large, max-video-preview:-1\" \/>\n<link rel=\"canonical\" href=\"https:\/\/www.ghostysky.com\/pt\/produto-2\/unitree-z1-pro\/\" \/>\n<meta property=\"og:locale\" content=\"pt_PT\" \/>\n<meta property=\"og:type\" content=\"article\" \/>\n<meta property=\"og:title\" content=\"Unitree Z1 Pro - Ghostysky\" \/>\n<meta property=\"og:description\" content=\"The Unitree Z1 Pro Robotic Arm is a compact, high-performance 6-Degree-of-Freedom (DOF) manipulator designed to significantly enhance the capabilities of mobile robot platforms, particularly the Unitree Aliengo and B1 quadruped robots\" \/>\n<meta property=\"og:url\" content=\"https:\/\/www.ghostysky.com\/pt\/produto-2\/unitree-z1-pro\/\" \/>\n<meta property=\"og:site_name\" content=\"Ghostysky\" \/>\n<meta property=\"article:publisher\" content=\"https:\/\/www.facebook.com\/people\/Ghostysky\/100057676170234\/\" \/>\n<meta property=\"article:modified_time\" content=\"2025-10-16T11:42:13+00:00\" \/>\n<meta property=\"og:image\" content=\"https:\/\/www.ghostysky.com\/wp-content\/uploads\/2025\/10\/GH_UnitreeZ1Pro_1.png\" \/>\n\t<meta property=\"og:image:width\" content=\"650\" \/>\n\t<meta property=\"og:image:height\" content=\"650\" \/>\n\t<meta property=\"og:image:type\" content=\"image\/png\" \/>\n<meta name=\"twitter:card\" content=\"summary_large_image\" \/>\n<meta name=\"twitter:site\" content=\"@Gh0stysky\" \/>\n<meta name=\"twitter:label1\" content=\"Tempo estimado de leitura\" \/>\n\t<meta name=\"twitter:data1\" content=\"2 minutos\" \/>\n<script type=\"application\/ld+json\" class=\"yoast-schema-graph\">{\"@context\":\"https:\\\/\\\/schema.org\",\"@graph\":[{\"@type\":\"WebPage\",\"@id\":\"https:\\\/\\\/www.ghostysky.com\\\/product\\\/unitree-z1-pro\\\/\",\"url\":\"https:\\\/\\\/www.ghostysky.com\\\/product\\\/unitree-z1-pro\\\/\",\"name\":\"Unitree Z1 Pro - Ghostysky\",\"isPartOf\":{\"@id\":\"https:\\\/\\\/www.ghostysky.com\\\/#website\"},\"primaryImageOfPage\":{\"@id\":\"https:\\\/\\\/www.ghostysky.com\\\/product\\\/unitree-z1-pro\\\/#primaryimage\"},\"image\":{\"@id\":\"https:\\\/\\\/www.ghostysky.com\\\/product\\\/unitree-z1-pro\\\/#primaryimage\"},\"thumbnailUrl\":\"https:\\\/\\\/www.ghostysky.com\\\/wp-content\\\/uploads\\\/2025\\\/10\\\/GH_UnitreeZ1Pro_1.png\",\"datePublished\":\"2025-10-16T11:30:58+00:00\",\"dateModified\":\"2025-10-16T11:42:13+00:00\",\"description\":\"The Unitree Z1 Pro Robotic Arm is a compact, high-performance 6-Degree-of-Freedom (DOF) manipulator designed to significantly enhance the capabilities of mobile robot platforms, particularly the Unitree Aliengo and B1 quadruped robots\",\"breadcrumb\":{\"@id\":\"https:\\\/\\\/www.ghostysky.com\\\/product\\\/unitree-z1-pro\\\/#breadcrumb\"},\"inLanguage\":\"pt-PT\",\"potentialAction\":[{\"@type\":\"ReadAction\",\"target\":[\"https:\\\/\\\/www.ghostysky.com\\\/product\\\/unitree-z1-pro\\\/\"]}]},{\"@type\":\"ImageObject\",\"inLanguage\":\"pt-PT\",\"@id\":\"https:\\\/\\\/www.ghostysky.com\\\/product\\\/unitree-z1-pro\\\/#primaryimage\",\"url\":\"https:\\\/\\\/www.ghostysky.com\\\/wp-content\\\/uploads\\\/2025\\\/10\\\/GH_UnitreeZ1Pro_1.png\",\"contentUrl\":\"https:\\\/\\\/www.ghostysky.com\\\/wp-content\\\/uploads\\\/2025\\\/10\\\/GH_UnitreeZ1Pro_1.png\",\"width\":650,\"height\":650},{\"@type\":\"BreadcrumbList\",\"@id\":\"https:\\\/\\\/www.ghostysky.com\\\/product\\\/unitree-z1-pro\\\/#breadcrumb\",\"itemListElement\":[{\"@type\":\"ListItem\",\"position\":1,\"name\":\"Home\",\"item\":\"https:\\\/\\\/www.ghostysky.com\\\/\"},{\"@type\":\"ListItem\",\"position\":2,\"name\":\"Shop\",\"item\":\"https:\\\/\\\/www.ghostysky.com\\\/shop\\\/\"},{\"@type\":\"ListItem\",\"position\":3,\"name\":\"Unitree Z1 Pro\"}]},{\"@type\":\"WebSite\",\"@id\":\"https:\\\/\\\/www.ghostysky.com\\\/#website\",\"url\":\"https:\\\/\\\/www.ghostysky.com\\\/\",\"name\":\"Ghostysky\",\"description\":\"Delivering professional drones and services\",\"publisher\":{\"@id\":\"https:\\\/\\\/www.ghostysky.com\\\/#organization\"},\"potentialAction\":[{\"@type\":\"SearchAction\",\"target\":{\"@type\":\"EntryPoint\",\"urlTemplate\":\"https:\\\/\\\/www.ghostysky.com\\\/?s={search_term_string}\"},\"query-input\":{\"@type\":\"PropertyValueSpecification\",\"valueRequired\":true,\"valueName\":\"search_term_string\"}}],\"inLanguage\":\"pt-PT\"},{\"@type\":\"Organization\",\"@id\":\"https:\\\/\\\/www.ghostysky.com\\\/#organization\",\"name\":\"Ghostysky\",\"url\":\"https:\\\/\\\/www.ghostysky.com\\\/\",\"logo\":{\"@type\":\"ImageObject\",\"inLanguage\":\"pt-PT\",\"@id\":\"https:\\\/\\\/www.ghostysky.com\\\/#\\\/schema\\\/logo\\\/image\\\/\",\"url\":\"https:\\\/\\\/www.ghostysky.com\\\/wp-content\\\/uploads\\\/2020\\\/06\\\/cropped-ghostyskylogo_text_white2.png\",\"contentUrl\":\"https:\\\/\\\/www.ghostysky.com\\\/wp-content\\\/uploads\\\/2020\\\/06\\\/cropped-ghostyskylogo_text_white2.png\",\"width\":169,\"height\":56,\"caption\":\"Ghostysky\"},\"image\":{\"@id\":\"https:\\\/\\\/www.ghostysky.com\\\/#\\\/schema\\\/logo\\\/image\\\/\"},\"sameAs\":[\"https:\\\/\\\/www.facebook.com\\\/people\\\/Ghostysky\\\/100057676170234\\\/\",\"https:\\\/\\\/x.com\\\/Gh0stysky\",\"https:\\\/\\\/www.linkedin.com\\\/company\\\/34739653\",\"https:\\\/\\\/www.instagram.com\\\/gh0stysky\"]}]}<\/script>\n<!-- \/ Yoast SEO plugin. -->","yoast_head_json":{"title":"Unitree Z1 Pro - Ghostysky","description":"O bra\u00e7o rob\u00f3tico Unitree Z1 Pro \u00e9 um manipulador compacto e de alto desempenho com 6 graus de liberdade (DOF) projetado para melhorar significativamente as capacidades das plataformas de rob\u00f4s m\u00f3veis, particularmente os rob\u00f4s quadr\u00fapedes Unitree Aliengo e B1","robots":{"index":"index","follow":"follow","max-snippet":"max-snippet:-1","max-image-preview":"max-image-preview:large","max-video-preview":"max-video-preview:-1"},"canonical":"https:\/\/www.ghostysky.com\/pt\/produto-2\/unitree-z1-pro\/","og_locale":"pt_PT","og_type":"article","og_title":"Unitree Z1 Pro - Ghostysky","og_description":"The Unitree Z1 Pro Robotic Arm is a compact, high-performance 6-Degree-of-Freedom (DOF) manipulator designed to significantly enhance the capabilities of mobile robot platforms, particularly the Unitree Aliengo and B1 quadruped robots","og_url":"https:\/\/www.ghostysky.com\/pt\/produto-2\/unitree-z1-pro\/","og_site_name":"Ghostysky","article_publisher":"https:\/\/www.facebook.com\/people\/Ghostysky\/100057676170234\/","article_modified_time":"2025-10-16T11:42:13+00:00","og_image":[{"width":650,"height":650,"url":"https:\/\/www.ghostysky.com\/wp-content\/uploads\/2025\/10\/GH_UnitreeZ1Pro_1.png","type":"image\/png"}],"twitter_card":"summary_large_image","twitter_site":"@Gh0stysky","twitter_misc":{"Tempo estimado de leitura":"2 minutos"},"schema":{"@context":"https:\/\/schema.org","@graph":[{"@type":"WebPage","@id":"https:\/\/www.ghostysky.com\/product\/unitree-z1-pro\/","url":"https:\/\/www.ghostysky.com\/product\/unitree-z1-pro\/","name":"Unitree Z1 Pro - Ghostysky","isPartOf":{"@id":"https:\/\/www.ghostysky.com\/#website"},"primaryImageOfPage":{"@id":"https:\/\/www.ghostysky.com\/product\/unitree-z1-pro\/#primaryimage"},"image":{"@id":"https:\/\/www.ghostysky.com\/product\/unitree-z1-pro\/#primaryimage"},"thumbnailUrl":"https:\/\/www.ghostysky.com\/wp-content\/uploads\/2025\/10\/GH_UnitreeZ1Pro_1.png","datePublished":"2025-10-16T11:30:58+00:00","dateModified":"2025-10-16T11:42:13+00:00","description":"O bra\u00e7o rob\u00f3tico Unitree Z1 Pro \u00e9 um manipulador compacto e de alto desempenho com 6 graus de liberdade (DOF) projetado para melhorar significativamente as capacidades das plataformas de rob\u00f4s m\u00f3veis, particularmente os rob\u00f4s quadr\u00fapedes Unitree Aliengo e B1","breadcrumb":{"@id":"https:\/\/www.ghostysky.com\/product\/unitree-z1-pro\/#breadcrumb"},"inLanguage":"pt-PT","potentialAction":[{"@type":"ReadAction","target":["https:\/\/www.ghostysky.com\/product\/unitree-z1-pro\/"]}]},{"@type":"ImageObject","inLanguage":"pt-PT","@id":"https:\/\/www.ghostysky.com\/product\/unitree-z1-pro\/#primaryimage","url":"https:\/\/www.ghostysky.com\/wp-content\/uploads\/2025\/10\/GH_UnitreeZ1Pro_1.png","contentUrl":"https:\/\/www.ghostysky.com\/wp-content\/uploads\/2025\/10\/GH_UnitreeZ1Pro_1.png","width":650,"height":650},{"@type":"BreadcrumbList","@id":"https:\/\/www.ghostysky.com\/product\/unitree-z1-pro\/#breadcrumb","itemListElement":[{"@type":"ListItem","position":1,"name":"Home","item":"https:\/\/www.ghostysky.com\/"},{"@type":"ListItem","position":2,"name":"Shop","item":"https:\/\/www.ghostysky.com\/shop\/"},{"@type":"ListItem","position":3,"name":"Unitree Z1 Pro"}]},{"@type":"WebSite","@id":"https:\/\/www.ghostysky.com\/#website","url":"https:\/\/www.ghostysky.com\/","name":"Ghostysky","description":"Fornecendo drones e servi\u00e7os profissionais","publisher":{"@id":"https:\/\/www.ghostysky.com\/#organization"},"potentialAction":[{"@type":"SearchAction","target":{"@type":"EntryPoint","urlTemplate":"https:\/\/www.ghostysky.com\/?s={search_term_string}"},"query-input":{"@type":"PropertyValueSpecification","valueRequired":true,"valueName":"search_term_string"}}],"inLanguage":"pt-PT"},{"@type":"Organization","@id":"https:\/\/www.ghostysky.com\/#organization","name":"Ghostysky","url":"https:\/\/www.ghostysky.com\/","logo":{"@type":"ImageObject","inLanguage":"pt-PT","@id":"https:\/\/www.ghostysky.com\/#\/schema\/logo\/image\/","url":"https:\/\/www.ghostysky.com\/wp-content\/uploads\/2020\/06\/cropped-ghostyskylogo_text_white2.png","contentUrl":"https:\/\/www.ghostysky.com\/wp-content\/uploads\/2020\/06\/cropped-ghostyskylogo_text_white2.png","width":169,"height":56,"caption":"Ghostysky"},"image":{"@id":"https:\/\/www.ghostysky.com\/#\/schema\/logo\/image\/"},"sameAs":["https:\/\/www.facebook.com\/people\/Ghostysky\/100057676170234\/","https:\/\/x.com\/Gh0stysky","https:\/\/www.linkedin.com\/company\/34739653","https:\/\/www.instagram.com\/gh0stysky"]}]}},"_links":{"self":[{"href":"https:\/\/www.ghostysky.com\/pt\/wp-json\/wp\/v2\/product\/21334","targetHints":{"allow":["GET"]}}],"collection":[{"href":"https:\/\/www.ghostysky.com\/pt\/wp-json\/wp\/v2\/product"}],"about":[{"href":"https:\/\/www.ghostysky.com\/pt\/wp-json\/wp\/v2\/types\/product"}],"replies":[{"embeddable":true,"href":"https:\/\/www.ghostysky.com\/pt\/wp-json\/wp\/v2\/comments?post=21334"}],"version-history":[{"count":0,"href":"https:\/\/www.ghostysky.com\/pt\/wp-json\/wp\/v2\/product\/21334\/revisions"}],"wp:featuredmedia":[{"embeddable":true,"href":"https:\/\/www.ghostysky.com\/pt\/wp-json\/wp\/v2\/media\/21335"}],"wp:attachment":[{"href":"https:\/\/www.ghostysky.com\/pt\/wp-json\/wp\/v2\/media?parent=21334"}],"wp:term":[{"taxonomy":"product_brand","embeddable":true,"href":"https:\/\/www.ghostysky.com\/pt\/wp-json\/wp\/v2\/product_brand?post=21334"},{"taxonomy":"product_cat","embeddable":true,"href":"https:\/\/www.ghostysky.com\/pt\/wp-json\/wp\/v2\/product_cat?post=21334"},{"taxonomy":"product_tag","embeddable":true,"href":"https:\/\/www.ghostysky.com\/pt\/wp-json\/wp\/v2\/product_tag?post=21334"}],"curies":[{"name":"wp","href":"https:\/\/api.w.org\/{rel}","templated":true}]}}