{"id":21336,"date":"2025-10-16T11:42:54","date_gmt":"2025-10-16T11:42:54","guid":{"rendered":"https:\/\/www.ghostysky.com\/?post_type=product&#038;p=21336"},"modified":"2025-10-16T11:43:31","modified_gmt":"2025-10-16T11:43:31","slug":"unitree-z1-gripper","status":"publish","type":"product","link":"https:\/\/www.ghostysky.com\/pt\/product\/unitree-z1-gripper\/","title":{"rendered":"Pin\u00e7a Unitree Z1"},"content":{"rendered":"<h3><b>Principais recursos e capacidades<\/b><\/h3>\n<ul>\n<li><b>Agarramento poderoso e preciso:<\/b><span class=\"citation-108\"> A pin\u00e7a oferece uma for\u00e7a de preens\u00e3o m\u00e1xima robusta de <\/span><b><span class=\"citation-108\">150N a 200N<\/span><\/b><span class=\"citation-108\"> e pode suportar uma carga \u00fatil m\u00e1xima de <\/span><b><span class=\"citation-108\">2kg<\/span><\/b><span class=\"citation-108 citation-end-108\">, garantindo uma pegada segura em v\u00e1rios objetos.<\/span><\/li>\n<li><b><span class=\"citation-107\">Opera\u00e7\u00e3o r\u00e1pida:<\/span><\/b><span class=\"citation-107\"> Apresenta um tempo r\u00e1pido de abertura e fechamento de apenas <\/span><b><span class=\"citation-107\">0,5 segundos<\/span><\/b><span class=\"citation-107 citation-end-107\">, aumentando a velocidade operacional e a produtividade em ambientes din\u00e2micos.<\/span><\/li>\n<li><b><span class=\"citation-106\">Aplica\u00e7\u00e3o vers\u00e1til:<\/span><\/b><span class=\"citation-106 citation-end-106\"> O Z1-Gripper \u00e9 ideal para uma ampla gama de tarefas em automa\u00e7\u00e3o industrial, pesquisa e log\u00edstica, incluindo pegar objetos, abrir e fechar portas, montagens simples como fixar parafusos e muito mais.<\/span><\/li>\n<li><b><span class=\"citation-105\">Design compacto e leve:<\/span><\/b><span class=\"citation-105 citation-end-105\"> Com dimens\u00f5es de aproximadamente <sup class=\"superscript\" data-turn-source-index=\"5\">5<\/sup><\/span><span class=\"math-inline\" data-math=\"139 \\text{ mm} \\times 80 \\text{ mm} \\times 68 \\text{ mm}\">$139 \\texto{ mm} \\vezes 80 \\texto{ mm} \\vezes 68 \\texto{ mm}$<\/span><span class=\"citation-104 citation-end-104\"> e um peso de apenas <sup class=\"superscript\" data-turn-source-index=\"6\">6<\/sup><\/span><b><span class=\"math-inline\" data-math=\"700 \\text{g} \\sim 750 \\text{g}\">$700 \\texto{g} \\sim 750 \\texto{g}$<\/span><\/b><span class=\"citation-103 citation-end-103\">, mant\u00e9m a agilidade e a portabilidade do sistema rob\u00f3tico.<\/span><\/li>\n<li><b><span class=\"citation-102\">Ampla amplitude de movimento:<\/span><\/b><span class=\"citation-102 citation-end-102\"> Ele fornece um \u00e2ngulo m\u00e1ximo de abertura\/fechamento de <sup class=\"superscript\" data-turn-source-index=\"8\">8<\/sup><\/span><b><span class=\"math-inline\" data-math=\"90^\\circ\">$90^\\circ$<\/span><\/b><span class=\"citation-101 citation-end-101\">, permitindo que ele se adapte a diferentes formatos e tamanhos de itens.<\/span><\/li>\n<li><b>Compatibilidade do sistema:<\/b><span class=\"citation-100\"> A pin\u00e7a \u00e9 totalmente compat\u00edvel com o bra\u00e7o rob\u00f3tico Unitree Z1 e pode ser usada com as plataformas m\u00f3veis da Unitree, como o <\/span><b><span class=\"citation-100\">Aliengo<\/span><\/b><span class=\"citation-100\"> e <\/span><b><span class=\"citation-100\">B1<\/span><\/b><span class=\"citation-100 citation-end-100\"> rob\u00f4s quadr\u00fapedes, bem como outros sistemas rob\u00f3ticos m\u00f3veis.<\/span><\/li>\n<li><b><span class=\"citation-99\">Integra\u00e7\u00e3o T\u00e9cnica:<\/span><\/b><span class=\"citation-99\"> Ele opera em <\/span><b><span class=\"citation-99\">24V<\/span><\/b><span class=\"citation-99\"> com um consumo de energia de pico de <\/span><b><span class=\"citation-99\">70W<\/span><\/b><span class=\"citation-99\"> e usos <\/span><b><span class=\"citation-99\">RS485<\/span><\/b><span class=\"citation-99 citation-end-99\"> para comunica\u00e7\u00e3o confi\u00e1vel.<\/span><\/li>\n<\/ul>\n<p>O Unitree Z1-Gripper \u00e9 uma ferramenta essencial para expandir a funcionalidade do bra\u00e7o rob\u00f3tico Z1, transformando-o em um manipulador capaz de aplica\u00e7\u00f5es do mundo real que exigem manuseio de objetos eficiente e confi\u00e1vel.<\/p>","protected":false},"excerpt":{"rendered":"<p><span class=\"citation-109\">O <\/span><b><span class=\"citation-109\">Pin\u00e7a Unitree Z1<\/span><\/b><span class=\"citation-109 citation-end-109\"> \u00e9 um efetor rob\u00f3tico compacto e de alto desempenho projetado para tarefas de manipula\u00e7\u00e3o de precis\u00e3o, servindo como um acess\u00f3rio vers\u00e1til para o bra\u00e7o rob\u00f3tico Unitree Z1.<\/span><\/p>","protected":false},"featured_media":21337,"comment_status":"open","ping_status":"closed","template":"","meta":[],"product_brand":[1087],"product_cat":[1039,1037,1086],"product_tag":[1095,1098,1089],"class_list":{"0":"post-21336","1":"product","2":"type-product","3":"status-publish","4":"has-post-thumbnail","6":"product_brand-unitree","7":"product_cat-quadruped","8":"product_cat-robotics","9":"product_cat-unitree-quad-accessories","10":"product_tag-unitre","11":"product_tag-unitree-aliengo-accessories","12":"product_tag-unitree-quadruped","14":"first","15":"onbackorder","16":"taxable","17":"shipping-taxable","18":"purchasable","19":"product-type-simple"},"yoast_head":"<!-- This site is optimized with the Yoast SEO plugin v27.1.1 - https:\/\/yoast.com\/product\/yoast-seo-wordpress\/ -->\n<title>Unitree Z1-Gripper - Ghostysky<\/title>\n<meta name=\"description\" content=\"The Unitree Z1-Gripper is a compact, high-performance robotic end-effector designed for precision manipulation tasks, serving as a versatile accessory for the Unitree Z1 robotic arm.\" \/>\n<meta name=\"robots\" content=\"index, follow, max-snippet:-1, max-image-preview:large, max-video-preview:-1\" \/>\n<link rel=\"canonical\" href=\"https:\/\/www.ghostysky.com\/pt\/produto-2\/unitree-z1-gripper\/\" \/>\n<meta property=\"og:locale\" content=\"pt_PT\" \/>\n<meta property=\"og:type\" content=\"article\" \/>\n<meta property=\"og:title\" content=\"Unitree Z1-Gripper - Ghostysky\" \/>\n<meta property=\"og:description\" content=\"The Unitree Z1-Gripper is a compact, high-performance robotic end-effector designed for precision manipulation tasks, serving as a versatile accessory for the Unitree Z1 robotic arm.\" \/>\n<meta property=\"og:url\" content=\"https:\/\/www.ghostysky.com\/pt\/produto-2\/unitree-z1-gripper\/\" \/>\n<meta property=\"og:site_name\" content=\"Ghostysky\" \/>\n<meta property=\"article:publisher\" content=\"https:\/\/www.facebook.com\/people\/Ghostysky\/100057676170234\/\" \/>\n<meta property=\"article:modified_time\" content=\"2025-10-16T11:43:31+00:00\" \/>\n<meta property=\"og:image\" content=\"https:\/\/www.ghostysky.com\/wp-content\/uploads\/2025\/10\/GH_Z1-Gripper_1.webp\" \/>\n\t<meta property=\"og:image:width\" content=\"800\" \/>\n\t<meta property=\"og:image:height\" content=\"800\" \/>\n\t<meta property=\"og:image:type\" content=\"image\/webp\" \/>\n<meta name=\"twitter:card\" content=\"summary_large_image\" \/>\n<meta name=\"twitter:site\" content=\"@Gh0stysky\" \/>\n<meta name=\"twitter:label1\" content=\"Tempo estimado de leitura\" \/>\n\t<meta name=\"twitter:data1\" content=\"2 minutos\" \/>\n<script type=\"application\/ld+json\" class=\"yoast-schema-graph\">{\"@context\":\"https:\/\/schema.org\",\"@graph\":[{\"@type\":\"WebPage\",\"@id\":\"https:\/\/www.ghostysky.com\/product\/unitree-z1-gripper\/\",\"url\":\"https:\/\/www.ghostysky.com\/product\/unitree-z1-gripper\/\",\"name\":\"Unitree Z1-Gripper - Ghostysky\",\"isPartOf\":{\"@id\":\"https:\/\/www.ghostysky.com\/#website\"},\"primaryImageOfPage\":{\"@id\":\"https:\/\/www.ghostysky.com\/product\/unitree-z1-gripper\/#primaryimage\"},\"image\":{\"@id\":\"https:\/\/www.ghostysky.com\/product\/unitree-z1-gripper\/#primaryimage\"},\"thumbnailUrl\":\"https:\/\/www.ghostysky.com\/wp-content\/uploads\/2025\/10\/GH_Z1-Gripper_1.webp\",\"datePublished\":\"2025-10-16T11:42:54+00:00\",\"dateModified\":\"2025-10-16T11:43:31+00:00\",\"description\":\"The Unitree Z1-Gripper is a compact, high-performance robotic end-effector designed for precision manipulation tasks, serving as a versatile accessory for the Unitree Z1 robotic arm.\",\"breadcrumb\":{\"@id\":\"https:\/\/www.ghostysky.com\/product\/unitree-z1-gripper\/#breadcrumb\"},\"inLanguage\":\"pt-PT\",\"potentialAction\":[{\"@type\":\"ReadAction\",\"target\":[\"https:\/\/www.ghostysky.com\/product\/unitree-z1-gripper\/\"]}]},{\"@type\":\"ImageObject\",\"inLanguage\":\"pt-PT\",\"@id\":\"https:\/\/www.ghostysky.com\/product\/unitree-z1-gripper\/#primaryimage\",\"url\":\"https:\/\/www.ghostysky.com\/wp-content\/uploads\/2025\/10\/GH_Z1-Gripper_1.webp\",\"contentUrl\":\"https:\/\/www.ghostysky.com\/wp-content\/uploads\/2025\/10\/GH_Z1-Gripper_1.webp\",\"width\":800,\"height\":800},{\"@type\":\"BreadcrumbList\",\"@id\":\"https:\/\/www.ghostysky.com\/product\/unitree-z1-gripper\/#breadcrumb\",\"itemListElement\":[{\"@type\":\"ListItem\",\"position\":1,\"name\":\"Home\",\"item\":\"https:\/\/www.ghostysky.com\/\"},{\"@type\":\"ListItem\",\"position\":2,\"name\":\"Shop\",\"item\":\"https:\/\/www.ghostysky.com\/shop\/\"},{\"@type\":\"ListItem\",\"position\":3,\"name\":\"Unitree Z1-Gripper\"}]},{\"@type\":\"WebSite\",\"@id\":\"https:\/\/www.ghostysky.com\/#website\",\"url\":\"https:\/\/www.ghostysky.com\/\",\"name\":\"Ghostysky\",\"description\":\"Delivering professional drones and services\",\"publisher\":{\"@id\":\"https:\/\/www.ghostysky.com\/#organization\"},\"potentialAction\":[{\"@type\":\"SearchAction\",\"target\":{\"@type\":\"EntryPoint\",\"urlTemplate\":\"https:\/\/www.ghostysky.com\/?s={search_term_string}\"},\"query-input\":{\"@type\":\"PropertyValueSpecification\",\"valueRequired\":true,\"valueName\":\"search_term_string\"}}],\"inLanguage\":\"pt-PT\"},{\"@type\":\"Organization\",\"@id\":\"https:\/\/www.ghostysky.com\/#organization\",\"name\":\"Ghostysky\",\"url\":\"https:\/\/www.ghostysky.com\/\",\"logo\":{\"@type\":\"ImageObject\",\"inLanguage\":\"pt-PT\",\"@id\":\"https:\/\/www.ghostysky.com\/#\/schema\/logo\/image\/\",\"url\":\"https:\/\/www.ghostysky.com\/wp-content\/uploads\/2020\/06\/cropped-ghostyskylogo_text_white2.png\",\"contentUrl\":\"https:\/\/www.ghostysky.com\/wp-content\/uploads\/2020\/06\/cropped-ghostyskylogo_text_white2.png\",\"width\":169,\"height\":56,\"caption\":\"Ghostysky\"},\"image\":{\"@id\":\"https:\/\/www.ghostysky.com\/#\/schema\/logo\/image\/\"},\"sameAs\":[\"https:\/\/www.facebook.com\/people\/Ghostysky\/100057676170234\/\",\"https:\/\/x.com\/Gh0stysky\",\"https:\/\/www.linkedin.com\/company\/34739653\",\"https:\/\/www.instagram.com\/gh0stysky\"]}]}<\/script>\n<!-- \/ Yoast SEO plugin. -->","yoast_head_json":{"title":"Pin\u00e7a Unitree Z1 - Ghostysky","description":"O Unitree Z1-Gripper \u00e9 um efetor rob\u00f3tico compacto e de alto desempenho, projetado para tarefas de manipula\u00e7\u00e3o de precis\u00e3o, servindo como um acess\u00f3rio vers\u00e1til para o bra\u00e7o rob\u00f3tico Unitree Z1.","robots":{"index":"index","follow":"follow","max-snippet":"max-snippet:-1","max-image-preview":"max-image-preview:large","max-video-preview":"max-video-preview:-1"},"canonical":"https:\/\/www.ghostysky.com\/pt\/produto-2\/unitree-z1-gripper\/","og_locale":"pt_PT","og_type":"article","og_title":"Unitree Z1-Gripper - Ghostysky","og_description":"The Unitree Z1-Gripper is a compact, high-performance robotic end-effector designed for precision manipulation tasks, serving as a versatile accessory for the Unitree Z1 robotic arm.","og_url":"https:\/\/www.ghostysky.com\/pt\/produto-2\/unitree-z1-gripper\/","og_site_name":"Ghostysky","article_publisher":"https:\/\/www.facebook.com\/people\/Ghostysky\/100057676170234\/","article_modified_time":"2025-10-16T11:43:31+00:00","og_image":[{"width":800,"height":800,"url":"https:\/\/www.ghostysky.com\/wp-content\/uploads\/2025\/10\/GH_Z1-Gripper_1.webp","type":"image\/webp"}],"twitter_card":"summary_large_image","twitter_site":"@Gh0stysky","twitter_misc":{"Tempo estimado de leitura":"2 minutos"},"schema":{"@context":"https:\/\/schema.org","@graph":[{"@type":"WebPage","@id":"https:\/\/www.ghostysky.com\/product\/unitree-z1-gripper\/","url":"https:\/\/www.ghostysky.com\/product\/unitree-z1-gripper\/","name":"Pin\u00e7a Unitree Z1 - Ghostysky","isPartOf":{"@id":"https:\/\/www.ghostysky.com\/#website"},"primaryImageOfPage":{"@id":"https:\/\/www.ghostysky.com\/product\/unitree-z1-gripper\/#primaryimage"},"image":{"@id":"https:\/\/www.ghostysky.com\/product\/unitree-z1-gripper\/#primaryimage"},"thumbnailUrl":"https:\/\/www.ghostysky.com\/wp-content\/uploads\/2025\/10\/GH_Z1-Gripper_1.webp","datePublished":"2025-10-16T11:42:54+00:00","dateModified":"2025-10-16T11:43:31+00:00","description":"O Unitree Z1-Gripper \u00e9 um efetor rob\u00f3tico compacto e de alto desempenho, projetado para tarefas de manipula\u00e7\u00e3o de precis\u00e3o, servindo como um acess\u00f3rio vers\u00e1til para o bra\u00e7o rob\u00f3tico Unitree Z1.","breadcrumb":{"@id":"https:\/\/www.ghostysky.com\/product\/unitree-z1-gripper\/#breadcrumb"},"inLanguage":"pt-PT","potentialAction":[{"@type":"ReadAction","target":["https:\/\/www.ghostysky.com\/product\/unitree-z1-gripper\/"]}]},{"@type":"ImageObject","inLanguage":"pt-PT","@id":"https:\/\/www.ghostysky.com\/product\/unitree-z1-gripper\/#primaryimage","url":"https:\/\/www.ghostysky.com\/wp-content\/uploads\/2025\/10\/GH_Z1-Gripper_1.webp","contentUrl":"https:\/\/www.ghostysky.com\/wp-content\/uploads\/2025\/10\/GH_Z1-Gripper_1.webp","width":800,"height":800},{"@type":"BreadcrumbList","@id":"https:\/\/www.ghostysky.com\/product\/unitree-z1-gripper\/#breadcrumb","itemListElement":[{"@type":"ListItem","position":1,"name":"Home","item":"https:\/\/www.ghostysky.com\/"},{"@type":"ListItem","position":2,"name":"Shop","item":"https:\/\/www.ghostysky.com\/shop\/"},{"@type":"ListItem","position":3,"name":"Unitree Z1-Gripper"}]},{"@type":"WebSite","@id":"https:\/\/www.ghostysky.com\/#website","url":"https:\/\/www.ghostysky.com\/","name":"Ghostysky","description":"Fornecendo drones e servi\u00e7os profissionais","publisher":{"@id":"https:\/\/www.ghostysky.com\/#organization"},"potentialAction":[{"@type":"SearchAction","target":{"@type":"EntryPoint","urlTemplate":"https:\/\/www.ghostysky.com\/?s={search_term_string}"},"query-input":{"@type":"PropertyValueSpecification","valueRequired":true,"valueName":"search_term_string"}}],"inLanguage":"pt-PT"},{"@type":"Organization","@id":"https:\/\/www.ghostysky.com\/#organization","name":"Ghostysky","url":"https:\/\/www.ghostysky.com\/","logo":{"@type":"ImageObject","inLanguage":"pt-PT","@id":"https:\/\/www.ghostysky.com\/#\/schema\/logo\/image\/","url":"https:\/\/www.ghostysky.com\/wp-content\/uploads\/2020\/06\/cropped-ghostyskylogo_text_white2.png","contentUrl":"https:\/\/www.ghostysky.com\/wp-content\/uploads\/2020\/06\/cropped-ghostyskylogo_text_white2.png","width":169,"height":56,"caption":"Ghostysky"},"image":{"@id":"https:\/\/www.ghostysky.com\/#\/schema\/logo\/image\/"},"sameAs":["https:\/\/www.facebook.com\/people\/Ghostysky\/100057676170234\/","https:\/\/x.com\/Gh0stysky","https:\/\/www.linkedin.com\/company\/34739653","https:\/\/www.instagram.com\/gh0stysky"]}]}},"_links":{"self":[{"href":"https:\/\/www.ghostysky.com\/pt\/wp-json\/wp\/v2\/product\/21336","targetHints":{"allow":["GET"]}}],"collection":[{"href":"https:\/\/www.ghostysky.com\/pt\/wp-json\/wp\/v2\/product"}],"about":[{"href":"https:\/\/www.ghostysky.com\/pt\/wp-json\/wp\/v2\/types\/product"}],"replies":[{"embeddable":true,"href":"https:\/\/www.ghostysky.com\/pt\/wp-json\/wp\/v2\/comments?post=21336"}],"wp:featuredmedia":[{"embeddable":true,"href":"https:\/\/www.ghostysky.com\/pt\/wp-json\/wp\/v2\/media\/21337"}],"wp:attachment":[{"href":"https:\/\/www.ghostysky.com\/pt\/wp-json\/wp\/v2\/media?parent=21336"}],"wp:term":[{"taxonomy":"product_brand","embeddable":true,"href":"https:\/\/www.ghostysky.com\/pt\/wp-json\/wp\/v2\/product_brand?post=21336"},{"taxonomy":"product_cat","embeddable":true,"href":"https:\/\/www.ghostysky.com\/pt\/wp-json\/wp\/v2\/product_cat?post=21336"},{"taxonomy":"product_tag","embeddable":true,"href":"https:\/\/www.ghostysky.com\/pt\/wp-json\/wp\/v2\/product_tag?post=21336"}],"curies":[{"name":"wp","href":"https:\/\/api.w.org\/{rel}","templated":true}]}}