{"id":21340,"date":"2025-10-16T11:55:11","date_gmt":"2025-10-16T11:55:11","guid":{"rendered":"https:\/\/www.ghostysky.com\/?post_type=product&#038;p=21340"},"modified":"2025-10-16T11:55:40","modified_gmt":"2025-10-16T11:55:40","slug":"unitree-a2-standard-version","status":"publish","type":"product","link":"https:\/\/www.ghostysky.com\/pt\/product\/unitree-a2-standard-version\/","title":{"rendered":"Vers\u00e3o padr\u00e3o Unitree A2"},"content":{"rendered":"<div id=\"model-response-message-contentr_bd6a1f62c43e6c21\" class=\"markdown markdown-main-panel stronger enable-updated-hr-color\" dir=\"ltr\">\n<h3><b>Caracter\u00edsticas principais<\/b><\/h3>\n<ul>\n<li><b>Capacidade de carga \u00fatil pesada:<\/b><span class=\"citation-141\"> Suporta um <\/span><b><span class=\"citation-141\">carga est\u00e1tica m\u00e1xima de at\u00e9 100 kg<\/span><\/b><span class=\"citation-141\"> e um <\/span><b><span class=\"citation-141\">carga \u00fatil cont\u00ednua de at\u00e9 25 kg<\/span><\/b><span class=\"citation-141 citation-end-141\">, tornando-o ideal para transportar ferramentas, equipamentos e conjuntos de sensores pesados.<\/span><\/li>\n<li><b><span class=\"citation-140\">Resist\u00eancia incompar\u00e1vel:<\/span><\/b><span class=\"citation-140\"> Equipado com um <\/span><b><span class=\"citation-140\">sistema de bateria dupla intercambi\u00e1vel a quente<\/span><\/b><span class=\"citation-140\"> (2x 9000mAh), o A2 pode atingir at\u00e9 <\/span><b><span class=\"citation-140 citation-end-140\">5 horas de caminhada cont\u00ednua (aprox.<\/span> <span class=\"citation-139\">20 km) quando descarregado<\/span><\/b><span class=\"citation-139\">, ou <\/span><b><span class=\"citation-139 citation-end-139\">3 horas (aprox.<\/span> <span class=\"citation-138\">12,5 km) com uma carga completa de 25 kg<\/span><\/b><span class=\"citation-138 citation-end-138\">, garantindo que as miss\u00f5es n\u00e3o sejam interrompidas.<\/span><\/li>\n<li><b><span class=\"citation-137\">Percep\u00e7\u00e3o de Ponto Cego Zero:<\/span><\/b><span class=\"citation-137\"> Recursos <\/span><b><span class=\"citation-137\">sensores LiDAR duplos de n\u00edvel industrial (dianteiro e traseiro)<\/span><\/b><span class=\"citation-137\"> combinado com um <\/span><b><span class=\"citation-137\">C\u00e2mera HD e luz frontal<\/span><\/b><span class=\"citation-137 citation-end-137\">.<\/span> <span class=\"citation-136\">Este sistema avan\u00e7ado fornece <\/span><b><span class=\"citation-136\">Consci\u00eancia situacional de 360\u00b0<\/span><\/b><span class=\"citation-136 citation-end-136\"> e mapeamento 3D preciso para navega\u00e7\u00e3o aut\u00f4noma e preven\u00e7\u00e3o de obst\u00e1culos.<\/span><\/li>\n<li><b><span class=\"citation-135\">Mobilidade Agressiva:<\/span><\/b><span class=\"citation-135 citation-end-135\"> Acionado por 12 motores de junta de alto torque (<\/span><span class=\"math-inline\" data-math=\"\\approx 180 \\text{ N}\\cdot\\text{m}\"><span class=\"katex\"><span class=\"katex-html\" aria-hidden=\"true\"><span class=\"base\"><span class=\"mrel\">\u2248<\/span><\/span><span class=\"base\"><span class=\"mord\">180<\/span><span class=\"mord text\"><span class=\"mord\">\u00a0N<\/span><\/span><span class=\"mbin\">\u22c5<\/span><\/span><span class=\"base\"><span class=\"mord text\"><span class=\"mord\">m<\/span><\/span><\/span><\/span><\/span><\/span><span class=\"citation-134 citation-end-134\">), o A2 \u00e9 altamente \u00e1gil, capaz de atingir uma velocidade m\u00e1xima de at\u00e9 <\/span><b><span class=\"math-inline\" data-math=\"5 \\text{ m\/s}\"><span class=\"katex\"><span class=\"katex-html\" aria-hidden=\"true\"><span class=\"base\"><span class=\"mord\">5<\/span><span class=\"mord text\"><span class=\"mord\">\u00a0EM<\/span><\/span><\/span><\/span><\/span><\/span><\/b><span class=\"citation-133 citation-end-133\">, escalando <\/span><b><span class=\"math-inline\" data-math=\"45^\\circ\"><span class=\"katex\"><span class=\"katex-html\" aria-hidden=\"true\"><span class=\"base\"><span class=\"mord\">4<\/span><span class=\"mord\">5<span class=\"msupsub\"><span class=\"vlist-t\"><span class=\"vlist-r\"><span class=\"vlist\"><span class=\"\"><span class=\"sizing reset-size6 size3 mtight\"><span class=\"mbin mtight\">\u2218<\/span><\/span><\/span><\/span><\/span><\/span><\/span><\/span><\/span><\/span><\/span><\/span><span class=\"citation-132\"> encostas<\/span><\/b><span class=\"citation-132 citation-end-132\">, e negociar etapas e obst\u00e1culos at\u00e9 <\/span><span class=\"math-inline\" data-math=\"1 \\text{ meter}\"><span class=\"katex\"><span class=\"katex-html\" aria-hidden=\"true\"><span class=\"base\"><span class=\"mord\">1<\/span><span class=\"mord text\"><span class=\"mord\">\u00a0metro<\/span><\/span><\/span><\/span><\/span><\/span><span class=\"citation-131 citation-end-131\"> alto.<\/span><\/li>\n<li><b>Confiabilidade Industrial:<\/b><span class=\"citation-130\"> Constru\u00eddo com uma liga de alum\u00ednio e chassi de pl\u00e1stico de engenharia de alta resist\u00eancia, o rob\u00f4 tem uma <\/span><b><span class=\"citation-130\">Classifica\u00e7\u00e3o IP56<\/span><\/b><span class=\"citation-130 citation-end-130\"> para opera\u00e7\u00e3o confi\u00e1vel em poeira e \u00e1gua, e pode funcionar em temperaturas extremas de <\/span><b><span class=\"math-inline\" data-math=\"-20^\\circ \\text{C}\"><span class=\"katex\"><span class=\"katex-html\" aria-hidden=\"true\"><span class=\"base\"><span class=\"mord\">\u2212<\/span><span class=\"mord\">2<\/span><span class=\"mord\">0<span class=\"msupsub\"><span class=\"vlist-t\"><span class=\"vlist-r\"><span class=\"vlist\"><span class=\"\"><span class=\"sizing reset-size6 size3 mtight\"><span class=\"mbin mtight\">\u2218<\/span><\/span><\/span><\/span><\/span><\/span><\/span><\/span><span class=\"mord text\"><span class=\"mord\">C<\/span><\/span><\/span><\/span><\/span><\/span><span class=\"citation-129 citation-end-129\"> para <\/span><span class=\"math-inline\" data-math=\"55^\\circ \\text{C}\"><span class=\"katex\"><span class=\"katex-html\" aria-hidden=\"true\"><span class=\"base\"><span class=\"mord\">5<\/span><span class=\"mord\">5<span class=\"msupsub\"><span class=\"vlist-t\"><span class=\"vlist-r\"><span class=\"vlist\"><span class=\"\"><span class=\"sizing reset-size6 size3 mtight\"><span class=\"mbin mtight\">\u2218<\/span><\/span><\/span><\/span><\/span><\/span><\/span><\/span><span class=\"mord text\"><span class=\"mord\">C<\/span><\/span><\/span><\/span><\/span><\/span><\/b><span class=\"citation-128 citation-end-128\">.<\/span><\/li>\n<li><b><span class=\"citation-127\">Plataforma de Desenvolvimento Aberto:<\/span><\/b><span class=\"citation-127\"> Apresenta um <\/span><b><span class=\"citation-127\">CPU de alto desempenho de 8 n\u00facleos<\/span><\/b><span class=\"citation-127\"> e um <\/span><b><span class=\"citation-127\">Intel Core i7<\/span><\/b><span class=\"citation-127 citation-end-127\"> processador para desenvolvimento do usu\u00e1rio, juntamente com m\u00faltiplas interfaces (Gigabit Ethernet, USB-C, CAN, RS485) para dar suporte a software personalizado e integra\u00e7\u00e3o de sensores.<\/span><\/li>\n<\/ul>\n<p>A vers\u00e3o padr\u00e3o do Unitree A2 \u00e9 a plataforma definitiva para profissionais que exigem um rob\u00f4 forte, r\u00e1pido e dur\u00e1vel que possa ser implantado em terrenos desafiadores para opera\u00e7\u00f5es prolongadas e cr\u00edticas \u00e0 miss\u00e3o.<\/p>\n<\/div>","protected":false},"excerpt":{"rendered":"<p><b><span class=\"citation-143 citation-end-143\">O Unitree A2 Standard Version \u00e9 um rob\u00f4 quadr\u00fapede de n\u00edvel industrial projetado para desempenho pesado, resist\u00eancia estendida e percep\u00e7\u00e3o ambiental avan\u00e7ada em aplica\u00e7\u00f5es exigentes.<\/span><\/b><\/p>\n<p><span class=\"citation-142 citation-end-142\">Como uma plataforma de hardware m\u00f3vel robusta, o A2 foi projetado para tarefas complexas em inspe\u00e7\u00e3o industrial, log\u00edstica, pesquisa e desenvolvimento e patrulhas de seguran\u00e7a.<\/span><\/p>\n<div class=\"source-inline-chip-container ng-star-inserted\"><\/div>\n<p>&nbsp;<\/p>","protected":false},"featured_media":21343,"comment_status":"open","ping_status":"closed","template":"","meta":[],"product_brand":[1087],"product_cat":[1039,1037,1085],"product_tag":[1088,1099,1090],"class_list":{"0":"post-21340","1":"product","2":"type-product","3":"status-publish","4":"has-post-thumbnail","6":"product_brand-unitree","7":"product_cat-quadruped","8":"product_cat-robotics","9":"product_cat-unitree-quad-robots","10":"product_tag-unitree","11":"product_tag-unitree-a2b2-series","12":"product_tag-unitree-quadruped-robots","14":"first","15":"onbackorder","16":"taxable","17":"shipping-taxable","18":"purchasable","19":"product-type-simple"},"yoast_head":"<!-- This site is optimized with the Yoast SEO plugin v27.1.1 - https:\/\/yoast.com\/product\/yoast-seo-wordpress\/ -->\n<title>Unitree A2 Standard Version - Ghostysky<\/title>\n<meta name=\"description\" content=\"The Unitree A2 Standard Version is an industrial-grade quadruped robot engineered for heavy-duty performance, extended endurance, and advanced environmental perception in demanding applications.As a robust mobile hardware platform, the A2 is designed for complex tasks in industrial inspection, logistics, research and development, and security patrols.\" \/>\n<meta name=\"robots\" content=\"index, follow, max-snippet:-1, max-image-preview:large, max-video-preview:-1\" \/>\n<link rel=\"canonical\" href=\"https:\/\/www.ghostysky.com\/pt\/produto-2\/unitree-a2-standard-version\/\" \/>\n<meta property=\"og:locale\" content=\"pt_PT\" \/>\n<meta property=\"og:type\" content=\"article\" \/>\n<meta property=\"og:title\" content=\"Unitree A2 Standard Version - Ghostysky\" \/>\n<meta property=\"og:description\" content=\"The Unitree A2 Standard Version is an industrial-grade quadruped robot engineered for heavy-duty performance, extended endurance, and advanced environmental perception in demanding applications.As a robust mobile hardware platform, the A2 is designed for complex tasks in industrial inspection, logistics, research and development, and security patrols.\" \/>\n<meta property=\"og:url\" content=\"https:\/\/www.ghostysky.com\/pt\/produto-2\/unitree-a2-standard-version\/\" \/>\n<meta property=\"og:site_name\" content=\"Ghostysky\" \/>\n<meta property=\"article:publisher\" content=\"https:\/\/www.facebook.com\/people\/Ghostysky\/100057676170234\/\" \/>\n<meta property=\"article:modified_time\" content=\"2025-10-16T11:55:40+00:00\" \/>\n<meta property=\"og:image\" content=\"https:\/\/www.ghostysky.com\/wp-content\/uploads\/2025\/10\/GH_UnitreeA2_1.webp\" \/>\n\t<meta property=\"og:image:width\" content=\"800\" \/>\n\t<meta property=\"og:image:height\" content=\"800\" \/>\n\t<meta property=\"og:image:type\" content=\"image\/webp\" \/>\n<meta name=\"twitter:card\" content=\"summary_large_image\" \/>\n<meta name=\"twitter:site\" content=\"@Gh0stysky\" \/>\n<meta name=\"twitter:label1\" content=\"Tempo estimado de leitura\" \/>\n\t<meta name=\"twitter:data1\" content=\"2 minutos\" \/>\n<script type=\"application\/ld+json\" class=\"yoast-schema-graph\">{\"@context\":\"https:\/\/schema.org\",\"@graph\":[{\"@type\":\"WebPage\",\"@id\":\"https:\/\/www.ghostysky.com\/product\/unitree-a2-standard-version\/\",\"url\":\"https:\/\/www.ghostysky.com\/product\/unitree-a2-standard-version\/\",\"name\":\"Unitree A2 Standard Version - Ghostysky\",\"isPartOf\":{\"@id\":\"https:\/\/www.ghostysky.com\/#website\"},\"primaryImageOfPage\":{\"@id\":\"https:\/\/www.ghostysky.com\/product\/unitree-a2-standard-version\/#primaryimage\"},\"image\":{\"@id\":\"https:\/\/www.ghostysky.com\/product\/unitree-a2-standard-version\/#primaryimage\"},\"thumbnailUrl\":\"https:\/\/www.ghostysky.com\/wp-content\/uploads\/2025\/10\/GH_UnitreeA2_1.webp\",\"datePublished\":\"2025-10-16T11:55:11+00:00\",\"dateModified\":\"2025-10-16T11:55:40+00:00\",\"description\":\"The Unitree A2 Standard Version is an industrial-grade quadruped robot engineered for heavy-duty performance, extended endurance, and advanced environmental perception in demanding applications.As a robust mobile hardware platform, the A2 is designed for complex tasks in industrial inspection, logistics, research and development, and security patrols.\",\"breadcrumb\":{\"@id\":\"https:\/\/www.ghostysky.com\/product\/unitree-a2-standard-version\/#breadcrumb\"},\"inLanguage\":\"pt-PT\",\"potentialAction\":[{\"@type\":\"ReadAction\",\"target\":[\"https:\/\/www.ghostysky.com\/product\/unitree-a2-standard-version\/\"]}]},{\"@type\":\"ImageObject\",\"inLanguage\":\"pt-PT\",\"@id\":\"https:\/\/www.ghostysky.com\/product\/unitree-a2-standard-version\/#primaryimage\",\"url\":\"https:\/\/www.ghostysky.com\/wp-content\/uploads\/2025\/10\/GH_UnitreeA2_1.webp\",\"contentUrl\":\"https:\/\/www.ghostysky.com\/wp-content\/uploads\/2025\/10\/GH_UnitreeA2_1.webp\",\"width\":800,\"height\":800},{\"@type\":\"BreadcrumbList\",\"@id\":\"https:\/\/www.ghostysky.com\/product\/unitree-a2-standard-version\/#breadcrumb\",\"itemListElement\":[{\"@type\":\"ListItem\",\"position\":1,\"name\":\"Home\",\"item\":\"https:\/\/www.ghostysky.com\/\"},{\"@type\":\"ListItem\",\"position\":2,\"name\":\"Shop\",\"item\":\"https:\/\/www.ghostysky.com\/shop\/\"},{\"@type\":\"ListItem\",\"position\":3,\"name\":\"Unitree A2 Standard Version\"}]},{\"@type\":\"WebSite\",\"@id\":\"https:\/\/www.ghostysky.com\/#website\",\"url\":\"https:\/\/www.ghostysky.com\/\",\"name\":\"Ghostysky\",\"description\":\"Delivering professional drones and services\",\"publisher\":{\"@id\":\"https:\/\/www.ghostysky.com\/#organization\"},\"potentialAction\":[{\"@type\":\"SearchAction\",\"target\":{\"@type\":\"EntryPoint\",\"urlTemplate\":\"https:\/\/www.ghostysky.com\/?s={search_term_string}\"},\"query-input\":{\"@type\":\"PropertyValueSpecification\",\"valueRequired\":true,\"valueName\":\"search_term_string\"}}],\"inLanguage\":\"pt-PT\"},{\"@type\":\"Organization\",\"@id\":\"https:\/\/www.ghostysky.com\/#organization\",\"name\":\"Ghostysky\",\"url\":\"https:\/\/www.ghostysky.com\/\",\"logo\":{\"@type\":\"ImageObject\",\"inLanguage\":\"pt-PT\",\"@id\":\"https:\/\/www.ghostysky.com\/#\/schema\/logo\/image\/\",\"url\":\"https:\/\/www.ghostysky.com\/wp-content\/uploads\/2020\/06\/cropped-ghostyskylogo_text_white2.png\",\"contentUrl\":\"https:\/\/www.ghostysky.com\/wp-content\/uploads\/2020\/06\/cropped-ghostyskylogo_text_white2.png\",\"width\":169,\"height\":56,\"caption\":\"Ghostysky\"},\"image\":{\"@id\":\"https:\/\/www.ghostysky.com\/#\/schema\/logo\/image\/\"},\"sameAs\":[\"https:\/\/www.facebook.com\/people\/Ghostysky\/100057676170234\/\",\"https:\/\/x.com\/Gh0stysky\",\"https:\/\/www.linkedin.com\/company\/34739653\",\"https:\/\/www.instagram.com\/gh0stysky\"]}]}<\/script>\n<!-- \/ Yoast SEO plugin. -->","yoast_head_json":{"title":"Unitree A2 Vers\u00e3o Padr\u00e3o - Ghostysky","description":"O Unitree A2 Standard Version \u00e9 um rob\u00f4 quadr\u00fapede de n\u00edvel industrial projetado para desempenho pesado, resist\u00eancia estendida e percep\u00e7\u00e3o ambiental avan\u00e7ada em aplica\u00e7\u00f5es exigentes. Como uma plataforma de hardware m\u00f3vel robusta, o A2 foi projetado para tarefas complexas em inspe\u00e7\u00e3o industrial, log\u00edstica, pesquisa e desenvolvimento e patrulhas de seguran\u00e7a.","robots":{"index":"index","follow":"follow","max-snippet":"max-snippet:-1","max-image-preview":"max-image-preview:large","max-video-preview":"max-video-preview:-1"},"canonical":"https:\/\/www.ghostysky.com\/pt\/produto-2\/unitree-a2-standard-version\/","og_locale":"pt_PT","og_type":"article","og_title":"Unitree A2 Standard Version - Ghostysky","og_description":"The Unitree A2 Standard Version is an industrial-grade quadruped robot engineered for heavy-duty performance, extended endurance, and advanced environmental perception in demanding applications.As a robust mobile hardware platform, the A2 is designed for complex tasks in industrial inspection, logistics, research and development, and security patrols.","og_url":"https:\/\/www.ghostysky.com\/pt\/produto-2\/unitree-a2-standard-version\/","og_site_name":"Ghostysky","article_publisher":"https:\/\/www.facebook.com\/people\/Ghostysky\/100057676170234\/","article_modified_time":"2025-10-16T11:55:40+00:00","og_image":[{"width":800,"height":800,"url":"https:\/\/www.ghostysky.com\/wp-content\/uploads\/2025\/10\/GH_UnitreeA2_1.webp","type":"image\/webp"}],"twitter_card":"summary_large_image","twitter_site":"@Gh0stysky","twitter_misc":{"Tempo estimado de leitura":"2 minutos"},"schema":{"@context":"https:\/\/schema.org","@graph":[{"@type":"WebPage","@id":"https:\/\/www.ghostysky.com\/product\/unitree-a2-standard-version\/","url":"https:\/\/www.ghostysky.com\/product\/unitree-a2-standard-version\/","name":"Unitree A2 Vers\u00e3o Padr\u00e3o - Ghostysky","isPartOf":{"@id":"https:\/\/www.ghostysky.com\/#website"},"primaryImageOfPage":{"@id":"https:\/\/www.ghostysky.com\/product\/unitree-a2-standard-version\/#primaryimage"},"image":{"@id":"https:\/\/www.ghostysky.com\/product\/unitree-a2-standard-version\/#primaryimage"},"thumbnailUrl":"https:\/\/www.ghostysky.com\/wp-content\/uploads\/2025\/10\/GH_UnitreeA2_1.webp","datePublished":"2025-10-16T11:55:11+00:00","dateModified":"2025-10-16T11:55:40+00:00","description":"O Unitree A2 Standard Version \u00e9 um rob\u00f4 quadr\u00fapede de n\u00edvel industrial projetado para desempenho pesado, resist\u00eancia estendida e percep\u00e7\u00e3o ambiental avan\u00e7ada em aplica\u00e7\u00f5es exigentes. Como uma plataforma de hardware m\u00f3vel robusta, o A2 foi projetado para tarefas complexas em inspe\u00e7\u00e3o industrial, log\u00edstica, pesquisa e desenvolvimento e patrulhas de seguran\u00e7a.","breadcrumb":{"@id":"https:\/\/www.ghostysky.com\/product\/unitree-a2-standard-version\/#breadcrumb"},"inLanguage":"pt-PT","potentialAction":[{"@type":"ReadAction","target":["https:\/\/www.ghostysky.com\/product\/unitree-a2-standard-version\/"]}]},{"@type":"ImageObject","inLanguage":"pt-PT","@id":"https:\/\/www.ghostysky.com\/product\/unitree-a2-standard-version\/#primaryimage","url":"https:\/\/www.ghostysky.com\/wp-content\/uploads\/2025\/10\/GH_UnitreeA2_1.webp","contentUrl":"https:\/\/www.ghostysky.com\/wp-content\/uploads\/2025\/10\/GH_UnitreeA2_1.webp","width":800,"height":800},{"@type":"BreadcrumbList","@id":"https:\/\/www.ghostysky.com\/product\/unitree-a2-standard-version\/#breadcrumb","itemListElement":[{"@type":"ListItem","position":1,"name":"Home","item":"https:\/\/www.ghostysky.com\/"},{"@type":"ListItem","position":2,"name":"Shop","item":"https:\/\/www.ghostysky.com\/shop\/"},{"@type":"ListItem","position":3,"name":"Unitree A2 Standard Version"}]},{"@type":"WebSite","@id":"https:\/\/www.ghostysky.com\/#website","url":"https:\/\/www.ghostysky.com\/","name":"Ghostysky","description":"Fornecendo drones e servi\u00e7os profissionais","publisher":{"@id":"https:\/\/www.ghostysky.com\/#organization"},"potentialAction":[{"@type":"SearchAction","target":{"@type":"EntryPoint","urlTemplate":"https:\/\/www.ghostysky.com\/?s={search_term_string}"},"query-input":{"@type":"PropertyValueSpecification","valueRequired":true,"valueName":"search_term_string"}}],"inLanguage":"pt-PT"},{"@type":"Organization","@id":"https:\/\/www.ghostysky.com\/#organization","name":"Ghostysky","url":"https:\/\/www.ghostysky.com\/","logo":{"@type":"ImageObject","inLanguage":"pt-PT","@id":"https:\/\/www.ghostysky.com\/#\/schema\/logo\/image\/","url":"https:\/\/www.ghostysky.com\/wp-content\/uploads\/2020\/06\/cropped-ghostyskylogo_text_white2.png","contentUrl":"https:\/\/www.ghostysky.com\/wp-content\/uploads\/2020\/06\/cropped-ghostyskylogo_text_white2.png","width":169,"height":56,"caption":"Ghostysky"},"image":{"@id":"https:\/\/www.ghostysky.com\/#\/schema\/logo\/image\/"},"sameAs":["https:\/\/www.facebook.com\/people\/Ghostysky\/100057676170234\/","https:\/\/x.com\/Gh0stysky","https:\/\/www.linkedin.com\/company\/34739653","https:\/\/www.instagram.com\/gh0stysky"]}]}},"_links":{"self":[{"href":"https:\/\/www.ghostysky.com\/pt\/wp-json\/wp\/v2\/product\/21340","targetHints":{"allow":["GET"]}}],"collection":[{"href":"https:\/\/www.ghostysky.com\/pt\/wp-json\/wp\/v2\/product"}],"about":[{"href":"https:\/\/www.ghostysky.com\/pt\/wp-json\/wp\/v2\/types\/product"}],"replies":[{"embeddable":true,"href":"https:\/\/www.ghostysky.com\/pt\/wp-json\/wp\/v2\/comments?post=21340"}],"wp:featuredmedia":[{"embeddable":true,"href":"https:\/\/www.ghostysky.com\/pt\/wp-json\/wp\/v2\/media\/21343"}],"wp:attachment":[{"href":"https:\/\/www.ghostysky.com\/pt\/wp-json\/wp\/v2\/media?parent=21340"}],"wp:term":[{"taxonomy":"product_brand","embeddable":true,"href":"https:\/\/www.ghostysky.com\/pt\/wp-json\/wp\/v2\/product_brand?post=21340"},{"taxonomy":"product_cat","embeddable":true,"href":"https:\/\/www.ghostysky.com\/pt\/wp-json\/wp\/v2\/product_cat?post=21340"},{"taxonomy":"product_tag","embeddable":true,"href":"https:\/\/www.ghostysky.com\/pt\/wp-json\/wp\/v2\/product_tag?post=21340"}],"curies":[{"name":"wp","href":"https:\/\/api.w.org\/{rel}","templated":true}]}}