{"id":21344,"date":"2025-10-16T11:59:10","date_gmt":"2025-10-16T11:59:10","guid":{"rendered":"https:\/\/www.ghostysky.com\/?post_type=product&#038;p=21344"},"modified":"2025-10-16T11:59:40","modified_gmt":"2025-10-16T11:59:40","slug":"unitree-a2-pro","status":"publish","type":"product","link":"https:\/\/www.ghostysky.com\/pt\/product\/unitree-a2-pro\/","title":{"rendered":"Unitree A2 Pro"},"content":{"rendered":"<h3><b>Principais recursos do A2 Pro<\/b><\/h3>\n<ul>\n<li><b><span class=\"citation-171\">Resist\u00eancia excepcional e opera\u00e7\u00e3o ininterrupta:<\/span><\/b><span class=\"citation-171\"> Equipado com um <\/span><b><span class=\"citation-171\">sistema de bateria dupla intercambi\u00e1vel a quente<\/span><\/b><span class=\"citation-171\">, o A2 Pro pode funcionar continuamente por at\u00e9 <\/span><b><span class=\"citation-171\">5 horas (descarregado) ou 3 horas (com carga total de 25 kg)<\/span><\/b><span class=\"citation-171\">, cobrindo uma gama de at\u00e9 <\/span><b><span class=\"citation-171\">20 km<\/span><\/b><span class=\"citation-171 citation-end-171\">.<sup class=\"superscript\" data-turn-source-index=\"3\">3<\/sup><\/span> <span class=\"citation-170 citation-end-170\">O design da bateria paralela permite trocas cont\u00ednuas durante a miss\u00e3o.<\/span><\/li>\n<li><b><span class=\"citation-169\">Capacidade de carga pesada:<\/span><\/b><span class=\"citation-169\"> Projetado para tarefas industriais, o rob\u00f4 pode transportar uma carga cont\u00ednua de at\u00e9 <\/span><b><span class=\"citation-169\">25 kg<\/span><\/b><span class=\"citation-169\"> e suportar uma carga est\u00e1tica de at\u00e9 <\/span><b><span class=\"citation-169\">100 kg<\/span><\/b><span class=\"citation-169 citation-end-169\">.<\/span><\/li>\n<li><b><span class=\"citation-168\">Percep\u00e7\u00e3o superior de 360\u00b0:<\/span><\/b><span class=\"citation-168\"> Recursos <\/span><b><span class=\"citation-168\">sensores industriais LiDAR duplos<\/span><\/b><span class=\"citation-168\"> (dianteiro e traseiro) e um <\/span><b><span class=\"citation-168\">C\u00e2mera HD com luz frontal<\/span><\/b><span class=\"citation-168 citation-end-168\">, proporcionando zero pontos cegos, mapeamento preciso do ambiente e preven\u00e7\u00e3o inteligente de obst\u00e1culos.<\/span><\/li>\n<li><b><span class=\"citation-167\">Autonomia aprimorada (atualiza\u00e7\u00e3o Pro):<\/span><\/b><span class=\"citation-167\"> A variante Pro inclui sensores de navega\u00e7\u00e3o avan\u00e7ados como <\/span><b><span class=\"citation-167\">GPS integrado<\/span><\/b><span class=\"citation-167\"> e um <\/span><b><span class=\"citation-167\">m\u00f3dulo de posicionamento vetorial sem fio<\/span><\/b><span class=\"citation-167 citation-end-167\"> para localiza\u00e7\u00e3o externa altamente precisa e autonomia aprimorada.<\/span><\/li>\n<li><b>Computa\u00e7\u00e3o poderosa e expans\u00edvel:<\/b><span class=\"citation-166\"> Vem com uma CPU integrada de alto desempenho e um <\/span><b><span class=\"citation-166\">Intel Core i7<\/span><\/b><span class=\"citation-166\"> para desenvolvimento do usu\u00e1rio, com o modelo Pro frequentemente apresentando um <\/span><b><span class=\"citation-166\">dock de computa\u00e7\u00e3o expandido<\/span><\/b><span class=\"citation-166 citation-end-166\"> e recursos avan\u00e7ados de processamento (por exemplo, Jetson Orin NX) para aplica\u00e7\u00f5es aut\u00f4nomas e de IA complexas em tempo real.<\/span><\/li>\n<li><b>Mobilidade robusta em todos os terrenos:<\/b><span class=\"citation-165\"> Seus 12 motores conjuntos de alto desempenho fornecem at\u00e9 <\/span><b><span class=\"citation-165\">180 N\u00b7m de torque<\/span><\/b><span class=\"citation-165\">, permitindo uma velocidade m\u00e1xima de at\u00e9 <\/span><b><span class=\"citation-165\">5 m\/s<\/span><\/b><span class=\"citation-165 citation-end-165\">.<sup class=\"superscript\" data-turn-source-index=\"9\">9<\/sup><\/span> <span class=\"citation-164\">Pode conquistar encostas de at\u00e9 <\/span><b><span class=\"citation-164\">45\u00b0<\/span><\/b><span class=\"citation-164\"> e navegar por obst\u00e1culos\/degraus at\u00e9 <\/span><b><span class=\"citation-164\">1 metro de altura<\/span><\/b><span class=\"citation-164 citation-end-164\">.<\/span><\/li>\n<li><b>Constru\u00e7\u00e3o de n\u00edvel industrial:<\/b><span class=\"citation-163\"> Constru\u00eddo em liga de alum\u00ednio e pl\u00e1sticos de engenharia de alta resist\u00eancia, o A2 Pro apresenta um <\/span><b><span class=\"citation-163\">IP56<\/span><\/b><span class=\"citation-163\"> classifica\u00e7\u00e3o do chassi, com componentes principais classificados at\u00e9 <\/span><b><span class=\"citation-163\">IP67<\/span><\/b><span class=\"citation-163 citation-end-163\">, garantindo uma opera\u00e7\u00e3o confi\u00e1vel em temperaturas extremas que variam de <sup class=\"superscript\" data-turn-source-index=\"11\">11<\/sup><\/span><b><span class=\"math-inline\" data-math=\"-20^\\circ \\text{C}\">$-20^\\circ \\texto{C}$<\/span><span class=\"citation-162 citation-end-162\"> para <sup class=\"superscript\" data-turn-source-index=\"12\">12<\/sup><\/span><span class=\"math-inline\" data-math=\"55^\\circ \\text{C}\">$55^\\circ \\texto{C}$<\/span><\/b><span class=\"citation-161 citation-end-161\">.<\/span><\/li>\n<li><b>Pronto para desenvolvedor:<\/b><span class=\"citation-160\"> Suporta desenvolvimento secund\u00e1rio aberto por meio de um SDK, \u00e9 <\/span><b><span class=\"citation-160\">Compat\u00edvel com ROS<\/span><\/b><span class=\"citation-160 citation-end-160\">, e oferece diversas interfaces externas (Gigabit Ethernet, USB-C, CAN, RS485) para integra\u00e7\u00e3o de sensores ou m\u00f3dulos personalizados.<sup class=\"superscript\" data-turn-source-index=\"14\">14<\/sup><\/span> <span class=\"citation-159\">Os recursos opcionais incluem <\/span><b><span class=\"citation-159\">Conectividade 4G<\/span><\/b><span class=\"citation-159 citation-end-159\"> para opera\u00e7\u00e3o remota.<\/span><\/li>\n<\/ul>","protected":false},"excerpt":{"rendered":"<p><span class=\"citation-173\">O <\/span><b><span class=\"citation-173\">Unitree A2 Pro<\/span><\/b><span class=\"citation-173 citation-end-173\"> \u00e9 um rob\u00f4 quadr\u00fapede avan\u00e7ado de n\u00edvel industrial, projetado para opera\u00e7\u00f5es de campo exigentes, inspe\u00e7\u00e3o, log\u00edstica e pesquisa.<\/span> <span class=\"citation-172 citation-end-172\">Ele se baseia nos recursos do modelo A2 padr\u00e3o com autonomia, robustez e poder de computa\u00e7\u00e3o aprimorados, tornando-o uma plataforma confi\u00e1vel e vers\u00e1til para aplica\u00e7\u00f5es complexas do mundo real.<\/span><\/p>","protected":false},"featured_media":21343,"comment_status":"open","ping_status":"closed","template":"","meta":[],"product_brand":[1087],"product_cat":[1039,1037,1085],"product_tag":[1088,1099,1089],"class_list":{"0":"post-21344","1":"product","2":"type-product","3":"status-publish","4":"has-post-thumbnail","6":"product_brand-unitree","7":"product_cat-quadruped","8":"product_cat-robotics","9":"product_cat-unitree-quad-robots","10":"product_tag-unitree","11":"product_tag-unitree-a2b2-series","12":"product_tag-unitree-quadruped","14":"first","15":"onbackorder","16":"taxable","17":"shipping-taxable","18":"purchasable","19":"product-type-simple"},"yoast_head":"<!-- This site is optimized with the Yoast SEO plugin v27.1.1 - https:\/\/yoast.com\/product\/yoast-seo-wordpress\/ -->\n<title>Unitree A2 Pro - Ghostysky<\/title>\n<meta name=\"description\" content=\"The Unitree A2 Pro is an advanced, industrial-grade quadruped robot engineered for demanding field operations, inspection, logistics, and research. It builds upon the capabilities of the standard A2 model with enhanced autonomy, ruggedization, and computing power, making it a reliable and versatile platform for complex, real-world applications.\" \/>\n<meta name=\"robots\" content=\"index, follow, max-snippet:-1, max-image-preview:large, max-video-preview:-1\" \/>\n<link rel=\"canonical\" href=\"https:\/\/www.ghostysky.com\/pt\/produto-2\/unitree-a2-pro\/\" \/>\n<meta property=\"og:locale\" content=\"pt_PT\" \/>\n<meta property=\"og:type\" content=\"article\" \/>\n<meta property=\"og:title\" content=\"Unitree A2 Pro - Ghostysky\" \/>\n<meta property=\"og:description\" content=\"The Unitree A2 Pro is an advanced, industrial-grade quadruped robot engineered for demanding field operations, inspection, logistics, and research. It builds upon the capabilities of the standard A2 model with enhanced autonomy, ruggedization, and computing power, making it a reliable and versatile platform for complex, real-world applications.\" \/>\n<meta property=\"og:url\" content=\"https:\/\/www.ghostysky.com\/pt\/produto-2\/unitree-a2-pro\/\" \/>\n<meta property=\"og:site_name\" content=\"Ghostysky\" \/>\n<meta property=\"article:publisher\" content=\"https:\/\/www.facebook.com\/people\/Ghostysky\/100057676170234\/\" \/>\n<meta property=\"article:modified_time\" content=\"2025-10-16T11:59:40+00:00\" \/>\n<meta property=\"og:image\" content=\"https:\/\/www.ghostysky.com\/wp-content\/uploads\/2025\/10\/GH_UnitreeA2_1.webp\" \/>\n\t<meta property=\"og:image:width\" content=\"800\" \/>\n\t<meta property=\"og:image:height\" content=\"800\" \/>\n\t<meta property=\"og:image:type\" content=\"image\/webp\" \/>\n<meta name=\"twitter:card\" content=\"summary_large_image\" \/>\n<meta name=\"twitter:site\" content=\"@Gh0stysky\" \/>\n<meta name=\"twitter:label1\" content=\"Tempo estimado de leitura\" \/>\n\t<meta name=\"twitter:data1\" content=\"2 minutos\" \/>\n<script type=\"application\/ld+json\" class=\"yoast-schema-graph\">{\"@context\":\"https:\/\/schema.org\",\"@graph\":[{\"@type\":\"WebPage\",\"@id\":\"https:\/\/www.ghostysky.com\/product\/unitree-a2-pro\/\",\"url\":\"https:\/\/www.ghostysky.com\/product\/unitree-a2-pro\/\",\"name\":\"Unitree A2 Pro - Ghostysky\",\"isPartOf\":{\"@id\":\"https:\/\/www.ghostysky.com\/#website\"},\"primaryImageOfPage\":{\"@id\":\"https:\/\/www.ghostysky.com\/product\/unitree-a2-pro\/#primaryimage\"},\"image\":{\"@id\":\"https:\/\/www.ghostysky.com\/product\/unitree-a2-pro\/#primaryimage\"},\"thumbnailUrl\":\"https:\/\/www.ghostysky.com\/wp-content\/uploads\/2025\/10\/GH_UnitreeA2_1.webp\",\"datePublished\":\"2025-10-16T11:59:10+00:00\",\"dateModified\":\"2025-10-16T11:59:40+00:00\",\"description\":\"The Unitree A2 Pro is an advanced, industrial-grade quadruped robot engineered for demanding field operations, inspection, logistics, and research. It builds upon the capabilities of the standard A2 model with enhanced autonomy, ruggedization, and computing power, making it a reliable and versatile platform for complex, real-world applications.\",\"breadcrumb\":{\"@id\":\"https:\/\/www.ghostysky.com\/product\/unitree-a2-pro\/#breadcrumb\"},\"inLanguage\":\"pt-PT\",\"potentialAction\":[{\"@type\":\"ReadAction\",\"target\":[\"https:\/\/www.ghostysky.com\/product\/unitree-a2-pro\/\"]}]},{\"@type\":\"ImageObject\",\"inLanguage\":\"pt-PT\",\"@id\":\"https:\/\/www.ghostysky.com\/product\/unitree-a2-pro\/#primaryimage\",\"url\":\"https:\/\/www.ghostysky.com\/wp-content\/uploads\/2025\/10\/GH_UnitreeA2_1.webp\",\"contentUrl\":\"https:\/\/www.ghostysky.com\/wp-content\/uploads\/2025\/10\/GH_UnitreeA2_1.webp\",\"width\":800,\"height\":800},{\"@type\":\"BreadcrumbList\",\"@id\":\"https:\/\/www.ghostysky.com\/product\/unitree-a2-pro\/#breadcrumb\",\"itemListElement\":[{\"@type\":\"ListItem\",\"position\":1,\"name\":\"Home\",\"item\":\"https:\/\/www.ghostysky.com\/\"},{\"@type\":\"ListItem\",\"position\":2,\"name\":\"Shop\",\"item\":\"https:\/\/www.ghostysky.com\/shop\/\"},{\"@type\":\"ListItem\",\"position\":3,\"name\":\"Unitree A2 Pro\"}]},{\"@type\":\"WebSite\",\"@id\":\"https:\/\/www.ghostysky.com\/#website\",\"url\":\"https:\/\/www.ghostysky.com\/\",\"name\":\"Ghostysky\",\"description\":\"Delivering professional drones and services\",\"publisher\":{\"@id\":\"https:\/\/www.ghostysky.com\/#organization\"},\"potentialAction\":[{\"@type\":\"SearchAction\",\"target\":{\"@type\":\"EntryPoint\",\"urlTemplate\":\"https:\/\/www.ghostysky.com\/?s={search_term_string}\"},\"query-input\":{\"@type\":\"PropertyValueSpecification\",\"valueRequired\":true,\"valueName\":\"search_term_string\"}}],\"inLanguage\":\"pt-PT\"},{\"@type\":\"Organization\",\"@id\":\"https:\/\/www.ghostysky.com\/#organization\",\"name\":\"Ghostysky\",\"url\":\"https:\/\/www.ghostysky.com\/\",\"logo\":{\"@type\":\"ImageObject\",\"inLanguage\":\"pt-PT\",\"@id\":\"https:\/\/www.ghostysky.com\/#\/schema\/logo\/image\/\",\"url\":\"https:\/\/www.ghostysky.com\/wp-content\/uploads\/2020\/06\/cropped-ghostyskylogo_text_white2.png\",\"contentUrl\":\"https:\/\/www.ghostysky.com\/wp-content\/uploads\/2020\/06\/cropped-ghostyskylogo_text_white2.png\",\"width\":169,\"height\":56,\"caption\":\"Ghostysky\"},\"image\":{\"@id\":\"https:\/\/www.ghostysky.com\/#\/schema\/logo\/image\/\"},\"sameAs\":[\"https:\/\/www.facebook.com\/people\/Ghostysky\/100057676170234\/\",\"https:\/\/x.com\/Gh0stysky\",\"https:\/\/www.linkedin.com\/company\/34739653\",\"https:\/\/www.instagram.com\/gh0stysky\"]}]}<\/script>\n<!-- \/ Yoast SEO plugin. -->","yoast_head_json":{"title":"Unitree A2 Pro - Ghostysky","description":"O Unitree A2 Pro \u00e9 um rob\u00f4 quadr\u00fapede avan\u00e7ado, de n\u00edvel industrial, projetado para opera\u00e7\u00f5es de campo exigentes, inspe\u00e7\u00e3o, log\u00edstica e pesquisa. Ele se baseia nas capacidades do modelo A2 padr\u00e3o, com autonomia, robustez e poder de computa\u00e7\u00e3o aprimorados, tornando-se uma plataforma confi\u00e1vel e vers\u00e1til para aplica\u00e7\u00f5es complexas do mundo real.","robots":{"index":"index","follow":"follow","max-snippet":"max-snippet:-1","max-image-preview":"max-image-preview:large","max-video-preview":"max-video-preview:-1"},"canonical":"https:\/\/www.ghostysky.com\/pt\/produto-2\/unitree-a2-pro\/","og_locale":"pt_PT","og_type":"article","og_title":"Unitree A2 Pro - Ghostysky","og_description":"The Unitree A2 Pro is an advanced, industrial-grade quadruped robot engineered for demanding field operations, inspection, logistics, and research. It builds upon the capabilities of the standard A2 model with enhanced autonomy, ruggedization, and computing power, making it a reliable and versatile platform for complex, real-world applications.","og_url":"https:\/\/www.ghostysky.com\/pt\/produto-2\/unitree-a2-pro\/","og_site_name":"Ghostysky","article_publisher":"https:\/\/www.facebook.com\/people\/Ghostysky\/100057676170234\/","article_modified_time":"2025-10-16T11:59:40+00:00","og_image":[{"width":800,"height":800,"url":"https:\/\/www.ghostysky.com\/wp-content\/uploads\/2025\/10\/GH_UnitreeA2_1.webp","type":"image\/webp"}],"twitter_card":"summary_large_image","twitter_site":"@Gh0stysky","twitter_misc":{"Tempo estimado de leitura":"2 minutos"},"schema":{"@context":"https:\/\/schema.org","@graph":[{"@type":"WebPage","@id":"https:\/\/www.ghostysky.com\/product\/unitree-a2-pro\/","url":"https:\/\/www.ghostysky.com\/product\/unitree-a2-pro\/","name":"Unitree A2 Pro - Ghostysky","isPartOf":{"@id":"https:\/\/www.ghostysky.com\/#website"},"primaryImageOfPage":{"@id":"https:\/\/www.ghostysky.com\/product\/unitree-a2-pro\/#primaryimage"},"image":{"@id":"https:\/\/www.ghostysky.com\/product\/unitree-a2-pro\/#primaryimage"},"thumbnailUrl":"https:\/\/www.ghostysky.com\/wp-content\/uploads\/2025\/10\/GH_UnitreeA2_1.webp","datePublished":"2025-10-16T11:59:10+00:00","dateModified":"2025-10-16T11:59:40+00:00","description":"O Unitree A2 Pro \u00e9 um rob\u00f4 quadr\u00fapede avan\u00e7ado, de n\u00edvel industrial, projetado para opera\u00e7\u00f5es de campo exigentes, inspe\u00e7\u00e3o, log\u00edstica e pesquisa. Ele se baseia nas capacidades do modelo A2 padr\u00e3o, com autonomia, robustez e poder de computa\u00e7\u00e3o aprimorados, tornando-se uma plataforma confi\u00e1vel e vers\u00e1til para aplica\u00e7\u00f5es complexas do mundo real.","breadcrumb":{"@id":"https:\/\/www.ghostysky.com\/product\/unitree-a2-pro\/#breadcrumb"},"inLanguage":"pt-PT","potentialAction":[{"@type":"ReadAction","target":["https:\/\/www.ghostysky.com\/product\/unitree-a2-pro\/"]}]},{"@type":"ImageObject","inLanguage":"pt-PT","@id":"https:\/\/www.ghostysky.com\/product\/unitree-a2-pro\/#primaryimage","url":"https:\/\/www.ghostysky.com\/wp-content\/uploads\/2025\/10\/GH_UnitreeA2_1.webp","contentUrl":"https:\/\/www.ghostysky.com\/wp-content\/uploads\/2025\/10\/GH_UnitreeA2_1.webp","width":800,"height":800},{"@type":"BreadcrumbList","@id":"https:\/\/www.ghostysky.com\/product\/unitree-a2-pro\/#breadcrumb","itemListElement":[{"@type":"ListItem","position":1,"name":"Home","item":"https:\/\/www.ghostysky.com\/"},{"@type":"ListItem","position":2,"name":"Shop","item":"https:\/\/www.ghostysky.com\/shop\/"},{"@type":"ListItem","position":3,"name":"Unitree A2 Pro"}]},{"@type":"WebSite","@id":"https:\/\/www.ghostysky.com\/#website","url":"https:\/\/www.ghostysky.com\/","name":"Ghostysky","description":"Fornecendo drones e servi\u00e7os profissionais","publisher":{"@id":"https:\/\/www.ghostysky.com\/#organization"},"potentialAction":[{"@type":"SearchAction","target":{"@type":"EntryPoint","urlTemplate":"https:\/\/www.ghostysky.com\/?s={search_term_string}"},"query-input":{"@type":"PropertyValueSpecification","valueRequired":true,"valueName":"search_term_string"}}],"inLanguage":"pt-PT"},{"@type":"Organization","@id":"https:\/\/www.ghostysky.com\/#organization","name":"Ghostysky","url":"https:\/\/www.ghostysky.com\/","logo":{"@type":"ImageObject","inLanguage":"pt-PT","@id":"https:\/\/www.ghostysky.com\/#\/schema\/logo\/image\/","url":"https:\/\/www.ghostysky.com\/wp-content\/uploads\/2020\/06\/cropped-ghostyskylogo_text_white2.png","contentUrl":"https:\/\/www.ghostysky.com\/wp-content\/uploads\/2020\/06\/cropped-ghostyskylogo_text_white2.png","width":169,"height":56,"caption":"Ghostysky"},"image":{"@id":"https:\/\/www.ghostysky.com\/#\/schema\/logo\/image\/"},"sameAs":["https:\/\/www.facebook.com\/people\/Ghostysky\/100057676170234\/","https:\/\/x.com\/Gh0stysky","https:\/\/www.linkedin.com\/company\/34739653","https:\/\/www.instagram.com\/gh0stysky"]}]}},"_links":{"self":[{"href":"https:\/\/www.ghostysky.com\/pt\/wp-json\/wp\/v2\/product\/21344","targetHints":{"allow":["GET"]}}],"collection":[{"href":"https:\/\/www.ghostysky.com\/pt\/wp-json\/wp\/v2\/product"}],"about":[{"href":"https:\/\/www.ghostysky.com\/pt\/wp-json\/wp\/v2\/types\/product"}],"replies":[{"embeddable":true,"href":"https:\/\/www.ghostysky.com\/pt\/wp-json\/wp\/v2\/comments?post=21344"}],"wp:featuredmedia":[{"embeddable":true,"href":"https:\/\/www.ghostysky.com\/pt\/wp-json\/wp\/v2\/media\/21343"}],"wp:attachment":[{"href":"https:\/\/www.ghostysky.com\/pt\/wp-json\/wp\/v2\/media?parent=21344"}],"wp:term":[{"taxonomy":"product_brand","embeddable":true,"href":"https:\/\/www.ghostysky.com\/pt\/wp-json\/wp\/v2\/product_brand?post=21344"},{"taxonomy":"product_cat","embeddable":true,"href":"https:\/\/www.ghostysky.com\/pt\/wp-json\/wp\/v2\/product_cat?post=21344"},{"taxonomy":"product_tag","embeddable":true,"href":"https:\/\/www.ghostysky.com\/pt\/wp-json\/wp\/v2\/product_tag?post=21344"}],"curies":[{"name":"wp","href":"https:\/\/api.w.org\/{rel}","templated":true}]}}