{"id":21381,"date":"2025-10-16T13:20:42","date_gmt":"2025-10-16T13:20:42","guid":{"rendered":"https:\/\/www.ghostysky.com\/?post_type=product&#038;p=21381"},"modified":"2025-10-16T13:21:16","modified_gmt":"2025-10-16T13:21:16","slug":"unitree-a2-w-standard-version","status":"publish","type":"product","link":"https:\/\/www.ghostysky.com\/pt\/product\/unitree-a2-w-standard-version\/","title":{"rendered":"Unitree A2-W Vers\u00e3o Padr\u00e3o"},"content":{"rendered":"<div id=\"model-response-message-contentr_7cc83d045269b947\" class=\"markdown markdown-main-panel animate stronger enable-updated-hr-color\" dir=\"ltr\">\n<h3 class=\"\">Caracter\u00edsticas principais<\/h3>\n<ul>\n<li class=\"animating\"><b>Capacidade de carga extrema e resist\u00eancia:<\/b>\n<ul>\n<li><span class=\"citation-255\">Suporta um <\/span><b><span class=\"citation-255\">Carga estacion\u00e1ria m\u00e1xima de 100 kg<\/span><\/b><span class=\"citation-255\"> e um <\/span><b><span class=\"citation-255\">Carga de caminhada cont\u00ednua de 25 kg<\/span><\/b><span class=\"citation-255 citation-end-255\">, tornando-se uma solu\u00e7\u00e3o resistente para transporte de equipamentos e sensores.<\/span><\/li>\n<li><span class=\"citation-254\">Apresenta um <\/span><b><span class=\"citation-254\">Sistema de bateria dupla intercambi\u00e1vel a quente<\/span><\/b><span class=\"citation-254\">, fornecendo at\u00e9 <\/span><b><span class=\"citation-254\">5 horas de autonomia sem carga (ou alcance de 20 km)<\/span><\/b><span class=\"citation-254\"> e <\/span><b><span class=\"citation-254\">3 horas com uma carga de 25 kg (ou alcance de 12,5 km)<\/span><\/b><span class=\"citation-254 citation-end-254\">, permitindo miss\u00f5es cont\u00ednuas e ininterruptas.<\/span><\/li>\n<\/ul>\n<\/li>\n<li><b>Mobilidade robusta:<\/b>\n<ul>\n<li><span class=\"citation-253\">Equipado com 12 motores de junta de alto desempenho, fornecendo at\u00e9 <\/span><b><span class=\"citation-253\">180 N\u00b7m de torque<\/span><\/b><span class=\"citation-253 citation-end-253\"> para movimentos din\u00e2micos e \u00e1geis.<\/span><\/li>\n<li><span class=\"citation-252\">Conquista uma variedade de terrenos dif\u00edceis, incluindo um <\/span><b><span class=\"citation-252\">Capacidade de inclina\u00e7\u00e3o de 45\u00b0<\/span><\/b><span class=\"citation-252\"> e a capacidade de subir degraus at\u00e9 <\/span><b><span class=\"citation-252\">30 cm<\/span><\/b><span class=\"citation-252\"> e obst\u00e1culos at\u00e9 <\/span><b><span class=\"citation-252\">1 metro<\/span><\/b><span class=\"citation-252 citation-end-252\"> alto.<\/span><\/li>\n<li><span class=\"citation-251\">Atinge uma velocidade m\u00e1xima de at\u00e9 <\/span><b><span class=\"citation-251\">5 m\/s<\/span><\/b><span class=\"citation-251 citation-end-251\">.<\/span><\/li>\n<\/ul>\n<\/li>\n<li><b>Percep\u00e7\u00e3o e Autonomia Avan\u00e7adas:<\/b>\n<ul>\n<li><span class=\"citation-250\">Apresenta um conjunto abrangente de sensores, incluindo <\/span><b><span class=\"citation-250\">LiDAR duplo de n\u00edvel industrial (dianteiro e traseiro)<\/span><\/b><span class=\"citation-250\"> e um <\/span><b><span class=\"citation-250\">C\u00e2mera HD<\/span><\/b><span class=\"citation-250\"> para <\/span><b><span class=\"citation-250\">Consci\u00eancia situacional de 360\u00b0<\/span><\/b><span class=\"citation-250 citation-end-250\"> e zero pontos cegos.<\/span><\/li>\n<li><span class=\"citation-249\">A vis\u00e3o e o controle com tecnologia de IA permitem <\/span><b><span class=\"citation-249\">navega\u00e7\u00e3o aut\u00f4noma, mapeamento (SLAM),<\/span><\/b><span class=\"citation-249 citation-end-249\"> e preven\u00e7\u00e3o de obst\u00e1culos em espa\u00e7os complexos.<\/span><\/li>\n<\/ul>\n<\/li>\n<li><b>Constru\u00e7\u00e3o industrial e conectividade:<\/b>\n<ul>\n<li><span class=\"citation-248\">Constru\u00eddo a partir de <\/span><b><span class=\"citation-248\">Liga de alum\u00ednio<\/span><\/b><span class=\"citation-248\"> e pl\u00e1stico de engenharia de alta resist\u00eancia, com uma <\/span><b><span class=\"citation-248\">IP56<\/span><\/b><span class=\"citation-248 citation-end-248\"> classifica\u00e7\u00e3o de prote\u00e7\u00e3o de entrada (componentes principais at\u00e9 IP67).<\/span><\/li>\n<li><span class=\"citation-247\">Projetado para opera\u00e7\u00e3o em temperaturas extremas, de <\/span><b><span class=\"citation-247\">-20\u00b0C a 55\u00b0C<\/span><\/b><span class=\"citation-247 citation-end-247\">.<\/span><\/li>\n<li><span class=\"citation-246\">Oferece conectividade robusta com <\/span><b><span class=\"citation-246\">Wi-Fi 6, Bluetooth 5.2, Gigabit Ethernet,<\/span><\/b><span class=\"citation-246 citation-end-246\"> e m\u00faltiplas interfaces (USB-C, CAN, RS485) para integra\u00e7\u00e3o perfeita de m\u00f3dulos externos.<\/span><\/li>\n<\/ul>\n<\/li>\n<li><b>Plataforma pronta para desenvolvedores:<\/b>\n<ul>\n<li><span class=\"citation-245\">Vem com computa\u00e7\u00e3o de alto desempenho, incluindo um <\/span><b><span class=\"citation-245\">CPU de alto desempenho de 8 n\u00facleos<\/span><\/b><span class=\"citation-245\"> e um slot dedicado para um <\/span><b><span class=\"citation-245\">Intel Core i7<\/span><\/b><span class=\"citation-245 citation-end-245\"> (para desenvolvimento do usu\u00e1rio).<\/span><\/li>\n<li><span class=\"citation-244\">Suportes <\/span><b><span class=\"citation-244\">desenvolvimento secund\u00e1rio<\/span><\/b><span class=\"citation-244\"> e pelo ar (<\/span><b><span class=\"citation-244\">OTA<\/span><\/b><span class=\"citation-244 citation-end-244\">) atualiza\u00e7\u00f5es de software, tornando-o uma plataforma aberta e flex\u00edvel para desenvolvedores e pesquisadores de rob\u00f3tica.<\/span><\/li>\n<\/ul>\n<\/li>\n<\/ul>\n<\/div>","protected":false},"excerpt":{"rendered":"<p class=\"first-token\"><span class=\"citation-257\">O <\/span><b class=\"\"><span class=\"citation-257\">Unitree A2-W Vers\u00e3o Padr\u00e3o<\/span><\/b><span class=\"citation-257 citation-end-257\"> \u00e9 um rob\u00f4 quadr\u00fapede com rodas de \u00faltima gera\u00e7\u00e3o, de n\u00edvel industrial, projetado para versatilidade, estabilidade e alto desempenho em ambientes desafiadores do mundo real.<\/span><\/p>\n<p><span class=\"citation-256 citation-end-256\">Combinando design mec\u00e2nico robusto com recursos aut\u00f4nomos avan\u00e7ados, o A2-W \u00e9 uma plataforma poderosa, ideal para aplica\u00e7\u00f5es de pesquisa, log\u00edstica, inspe\u00e7\u00e3o e seguran\u00e7a.<\/span><\/p>","protected":false},"featured_media":21382,"comment_status":"open","ping_status":"closed","template":"","meta":[],"product_brand":[1087],"product_cat":[1039,1037,1085],"product_tag":[1088,1099,1090],"class_list":{"0":"post-21381","1":"product","2":"type-product","3":"status-publish","4":"has-post-thumbnail","6":"product_brand-unitree","7":"product_cat-quadruped","8":"product_cat-robotics","9":"product_cat-unitree-quad-robots","10":"product_tag-unitree","11":"product_tag-unitree-a2b2-series","12":"product_tag-unitree-quadruped-robots","14":"first","15":"onbackorder","16":"taxable","17":"shipping-taxable","18":"purchasable","19":"product-type-simple"},"yoast_head":"<!-- This site is optimized with the Yoast SEO plugin v27.4 - https:\/\/yoast.com\/product\/yoast-seo-wordpress\/ -->\n<title>Unitree A2-W Standard Version - Ghostysky<\/title>\n<meta name=\"description\" content=\"The Unitree A2-W Standard Version is a next-generation, industrial-grade wheeled quadruped robot engineered for versatility, stability, and high performance in challenging real-world environments.Combining robust mechanical design with advanced autonomous features, the A2-W is a powerful platform ideal for research, logistics, inspection, and security applications.\" \/>\n<meta name=\"robots\" content=\"index, follow, max-snippet:-1, max-image-preview:large, max-video-preview:-1\" \/>\n<link rel=\"canonical\" href=\"https:\/\/www.ghostysky.com\/pt\/produto-2\/unitree-a2-w-standard-version\/\" \/>\n<meta property=\"og:locale\" content=\"pt_PT\" \/>\n<meta property=\"og:type\" content=\"article\" \/>\n<meta property=\"og:title\" content=\"Unitree A2-W Standard Version - Ghostysky\" \/>\n<meta property=\"og:description\" content=\"The Unitree A2-W Standard Version is a next-generation, industrial-grade wheeled quadruped robot engineered for versatility, stability, and high performance in challenging real-world environments.Combining robust mechanical design with advanced autonomous features, the A2-W is a powerful platform ideal for research, logistics, inspection, and security applications.\" \/>\n<meta property=\"og:url\" content=\"https:\/\/www.ghostysky.com\/pt\/produto-2\/unitree-a2-w-standard-version\/\" \/>\n<meta property=\"og:site_name\" content=\"Ghostysky\" \/>\n<meta property=\"article:publisher\" content=\"https:\/\/www.facebook.com\/people\/Ghostysky\/100057676170234\/\" \/>\n<meta property=\"article:modified_time\" content=\"2025-10-16T13:21:16+00:00\" \/>\n<meta property=\"og:image\" content=\"https:\/\/www.ghostysky.com\/wp-content\/uploads\/2025\/10\/GH_A2Wpro_1.webp\" \/>\n\t<meta property=\"og:image:width\" content=\"750\" \/>\n\t<meta property=\"og:image:height\" content=\"750\" \/>\n\t<meta property=\"og:image:type\" content=\"image\/webp\" \/>\n<meta name=\"twitter:card\" content=\"summary_large_image\" \/>\n<meta name=\"twitter:site\" content=\"@Gh0stysky\" \/>\n<meta name=\"twitter:label1\" content=\"Tempo estimado de leitura\" \/>\n\t<meta name=\"twitter:data1\" content=\"2 minutos\" \/>\n<script type=\"application\/ld+json\" class=\"yoast-schema-graph\">{\"@context\":\"https:\\\/\\\/schema.org\",\"@graph\":[{\"@type\":\"WebPage\",\"@id\":\"https:\\\/\\\/www.ghostysky.com\\\/product\\\/unitree-a2-w-standard-version\\\/\",\"url\":\"https:\\\/\\\/www.ghostysky.com\\\/product\\\/unitree-a2-w-standard-version\\\/\",\"name\":\"Unitree A2-W Standard Version - Ghostysky\",\"isPartOf\":{\"@id\":\"https:\\\/\\\/www.ghostysky.com\\\/#website\"},\"primaryImageOfPage\":{\"@id\":\"https:\\\/\\\/www.ghostysky.com\\\/product\\\/unitree-a2-w-standard-version\\\/#primaryimage\"},\"image\":{\"@id\":\"https:\\\/\\\/www.ghostysky.com\\\/product\\\/unitree-a2-w-standard-version\\\/#primaryimage\"},\"thumbnailUrl\":\"https:\\\/\\\/www.ghostysky.com\\\/wp-content\\\/uploads\\\/2025\\\/10\\\/GH_A2Wpro_1.webp\",\"datePublished\":\"2025-10-16T13:20:42+00:00\",\"dateModified\":\"2025-10-16T13:21:16+00:00\",\"description\":\"The Unitree A2-W Standard Version is a next-generation, industrial-grade wheeled quadruped robot engineered for versatility, stability, and high performance in challenging real-world environments.Combining robust mechanical design with advanced autonomous features, the A2-W is a powerful platform ideal for research, logistics, inspection, and security applications.\",\"breadcrumb\":{\"@id\":\"https:\\\/\\\/www.ghostysky.com\\\/product\\\/unitree-a2-w-standard-version\\\/#breadcrumb\"},\"inLanguage\":\"pt-PT\",\"potentialAction\":[{\"@type\":\"ReadAction\",\"target\":[\"https:\\\/\\\/www.ghostysky.com\\\/product\\\/unitree-a2-w-standard-version\\\/\"]}]},{\"@type\":\"ImageObject\",\"inLanguage\":\"pt-PT\",\"@id\":\"https:\\\/\\\/www.ghostysky.com\\\/product\\\/unitree-a2-w-standard-version\\\/#primaryimage\",\"url\":\"https:\\\/\\\/www.ghostysky.com\\\/wp-content\\\/uploads\\\/2025\\\/10\\\/GH_A2Wpro_1.webp\",\"contentUrl\":\"https:\\\/\\\/www.ghostysky.com\\\/wp-content\\\/uploads\\\/2025\\\/10\\\/GH_A2Wpro_1.webp\",\"width\":750,\"height\":750},{\"@type\":\"BreadcrumbList\",\"@id\":\"https:\\\/\\\/www.ghostysky.com\\\/product\\\/unitree-a2-w-standard-version\\\/#breadcrumb\",\"itemListElement\":[{\"@type\":\"ListItem\",\"position\":1,\"name\":\"Home\",\"item\":\"https:\\\/\\\/www.ghostysky.com\\\/\"},{\"@type\":\"ListItem\",\"position\":2,\"name\":\"Shop\",\"item\":\"https:\\\/\\\/www.ghostysky.com\\\/shop\\\/\"},{\"@type\":\"ListItem\",\"position\":3,\"name\":\"Unitree A2-W Standard Version\"}]},{\"@type\":\"WebSite\",\"@id\":\"https:\\\/\\\/www.ghostysky.com\\\/#website\",\"url\":\"https:\\\/\\\/www.ghostysky.com\\\/\",\"name\":\"Ghostysky\",\"description\":\"Delivering professional drones and services\",\"publisher\":{\"@id\":\"https:\\\/\\\/www.ghostysky.com\\\/#organization\"},\"potentialAction\":[{\"@type\":\"SearchAction\",\"target\":{\"@type\":\"EntryPoint\",\"urlTemplate\":\"https:\\\/\\\/www.ghostysky.com\\\/?s={search_term_string}\"},\"query-input\":{\"@type\":\"PropertyValueSpecification\",\"valueRequired\":true,\"valueName\":\"search_term_string\"}}],\"inLanguage\":\"pt-PT\"},{\"@type\":\"Organization\",\"@id\":\"https:\\\/\\\/www.ghostysky.com\\\/#organization\",\"name\":\"Ghostysky\",\"url\":\"https:\\\/\\\/www.ghostysky.com\\\/\",\"logo\":{\"@type\":\"ImageObject\",\"inLanguage\":\"pt-PT\",\"@id\":\"https:\\\/\\\/www.ghostysky.com\\\/#\\\/schema\\\/logo\\\/image\\\/\",\"url\":\"https:\\\/\\\/www.ghostysky.com\\\/wp-content\\\/uploads\\\/2020\\\/06\\\/cropped-ghostyskylogo_text_white2.png\",\"contentUrl\":\"https:\\\/\\\/www.ghostysky.com\\\/wp-content\\\/uploads\\\/2020\\\/06\\\/cropped-ghostyskylogo_text_white2.png\",\"width\":169,\"height\":56,\"caption\":\"Ghostysky\"},\"image\":{\"@id\":\"https:\\\/\\\/www.ghostysky.com\\\/#\\\/schema\\\/logo\\\/image\\\/\"},\"sameAs\":[\"https:\\\/\\\/www.facebook.com\\\/people\\\/Ghostysky\\\/100057676170234\\\/\",\"https:\\\/\\\/x.com\\\/Gh0stysky\",\"https:\\\/\\\/www.linkedin.com\\\/company\\\/34739653\",\"https:\\\/\\\/www.instagram.com\\\/gh0stysky\"]}]}<\/script>\n<!-- \/ Yoast SEO plugin. -->","yoast_head_json":{"title":"Unitree A2-W Vers\u00e3o Padr\u00e3o - Ghostysky","description":"O Unitree A2-W Standard Version \u00e9 um rob\u00f4 quadr\u00fapede com rodas de \u00faltima gera\u00e7\u00e3o, de n\u00edvel industrial, projetado para versatilidade, estabilidade e alto desempenho em ambientes desafiadores do mundo real. Combinando design mec\u00e2nico robusto com recursos aut\u00f4nomos avan\u00e7ados, o A2-W \u00e9 uma plataforma poderosa, ideal para aplica\u00e7\u00f5es de pesquisa, log\u00edstica, inspe\u00e7\u00e3o e seguran\u00e7a.","robots":{"index":"index","follow":"follow","max-snippet":"max-snippet:-1","max-image-preview":"max-image-preview:large","max-video-preview":"max-video-preview:-1"},"canonical":"https:\/\/www.ghostysky.com\/pt\/produto-2\/unitree-a2-w-standard-version\/","og_locale":"pt_PT","og_type":"article","og_title":"Unitree A2-W Standard Version - Ghostysky","og_description":"The Unitree A2-W Standard Version is a next-generation, industrial-grade wheeled quadruped robot engineered for versatility, stability, and high performance in challenging real-world environments.Combining robust mechanical design with advanced autonomous features, the A2-W is a powerful platform ideal for research, logistics, inspection, and security applications.","og_url":"https:\/\/www.ghostysky.com\/pt\/produto-2\/unitree-a2-w-standard-version\/","og_site_name":"Ghostysky","article_publisher":"https:\/\/www.facebook.com\/people\/Ghostysky\/100057676170234\/","article_modified_time":"2025-10-16T13:21:16+00:00","og_image":[{"width":750,"height":750,"url":"https:\/\/www.ghostysky.com\/wp-content\/uploads\/2025\/10\/GH_A2Wpro_1.webp","type":"image\/webp"}],"twitter_card":"summary_large_image","twitter_site":"@Gh0stysky","twitter_misc":{"Tempo estimado de leitura":"2 minutos"},"schema":{"@context":"https:\/\/schema.org","@graph":[{"@type":"WebPage","@id":"https:\/\/www.ghostysky.com\/product\/unitree-a2-w-standard-version\/","url":"https:\/\/www.ghostysky.com\/product\/unitree-a2-w-standard-version\/","name":"Unitree A2-W Vers\u00e3o Padr\u00e3o - Ghostysky","isPartOf":{"@id":"https:\/\/www.ghostysky.com\/#website"},"primaryImageOfPage":{"@id":"https:\/\/www.ghostysky.com\/product\/unitree-a2-w-standard-version\/#primaryimage"},"image":{"@id":"https:\/\/www.ghostysky.com\/product\/unitree-a2-w-standard-version\/#primaryimage"},"thumbnailUrl":"https:\/\/www.ghostysky.com\/wp-content\/uploads\/2025\/10\/GH_A2Wpro_1.webp","datePublished":"2025-10-16T13:20:42+00:00","dateModified":"2025-10-16T13:21:16+00:00","description":"O Unitree A2-W Standard Version \u00e9 um rob\u00f4 quadr\u00fapede com rodas de \u00faltima gera\u00e7\u00e3o, de n\u00edvel industrial, projetado para versatilidade, estabilidade e alto desempenho em ambientes desafiadores do mundo real. Combinando design mec\u00e2nico robusto com recursos aut\u00f4nomos avan\u00e7ados, o A2-W \u00e9 uma plataforma poderosa, ideal para aplica\u00e7\u00f5es de pesquisa, log\u00edstica, inspe\u00e7\u00e3o e seguran\u00e7a.","breadcrumb":{"@id":"https:\/\/www.ghostysky.com\/product\/unitree-a2-w-standard-version\/#breadcrumb"},"inLanguage":"pt-PT","potentialAction":[{"@type":"ReadAction","target":["https:\/\/www.ghostysky.com\/product\/unitree-a2-w-standard-version\/"]}]},{"@type":"ImageObject","inLanguage":"pt-PT","@id":"https:\/\/www.ghostysky.com\/product\/unitree-a2-w-standard-version\/#primaryimage","url":"https:\/\/www.ghostysky.com\/wp-content\/uploads\/2025\/10\/GH_A2Wpro_1.webp","contentUrl":"https:\/\/www.ghostysky.com\/wp-content\/uploads\/2025\/10\/GH_A2Wpro_1.webp","width":750,"height":750},{"@type":"BreadcrumbList","@id":"https:\/\/www.ghostysky.com\/product\/unitree-a2-w-standard-version\/#breadcrumb","itemListElement":[{"@type":"ListItem","position":1,"name":"Home","item":"https:\/\/www.ghostysky.com\/"},{"@type":"ListItem","position":2,"name":"Shop","item":"https:\/\/www.ghostysky.com\/shop\/"},{"@type":"ListItem","position":3,"name":"Unitree A2-W Standard Version"}]},{"@type":"WebSite","@id":"https:\/\/www.ghostysky.com\/#website","url":"https:\/\/www.ghostysky.com\/","name":"Ghostysky","description":"Fornecendo drones e servi\u00e7os profissionais","publisher":{"@id":"https:\/\/www.ghostysky.com\/#organization"},"potentialAction":[{"@type":"SearchAction","target":{"@type":"EntryPoint","urlTemplate":"https:\/\/www.ghostysky.com\/?s={search_term_string}"},"query-input":{"@type":"PropertyValueSpecification","valueRequired":true,"valueName":"search_term_string"}}],"inLanguage":"pt-PT"},{"@type":"Organization","@id":"https:\/\/www.ghostysky.com\/#organization","name":"Ghostysky","url":"https:\/\/www.ghostysky.com\/","logo":{"@type":"ImageObject","inLanguage":"pt-PT","@id":"https:\/\/www.ghostysky.com\/#\/schema\/logo\/image\/","url":"https:\/\/www.ghostysky.com\/wp-content\/uploads\/2020\/06\/cropped-ghostyskylogo_text_white2.png","contentUrl":"https:\/\/www.ghostysky.com\/wp-content\/uploads\/2020\/06\/cropped-ghostyskylogo_text_white2.png","width":169,"height":56,"caption":"Ghostysky"},"image":{"@id":"https:\/\/www.ghostysky.com\/#\/schema\/logo\/image\/"},"sameAs":["https:\/\/www.facebook.com\/people\/Ghostysky\/100057676170234\/","https:\/\/x.com\/Gh0stysky","https:\/\/www.linkedin.com\/company\/34739653","https:\/\/www.instagram.com\/gh0stysky"]}]}},"_links":{"self":[{"href":"https:\/\/www.ghostysky.com\/pt\/wp-json\/wp\/v2\/product\/21381","targetHints":{"allow":["GET"]}}],"collection":[{"href":"https:\/\/www.ghostysky.com\/pt\/wp-json\/wp\/v2\/product"}],"about":[{"href":"https:\/\/www.ghostysky.com\/pt\/wp-json\/wp\/v2\/types\/product"}],"replies":[{"embeddable":true,"href":"https:\/\/www.ghostysky.com\/pt\/wp-json\/wp\/v2\/comments?post=21381"}],"version-history":[{"count":0,"href":"https:\/\/www.ghostysky.com\/pt\/wp-json\/wp\/v2\/product\/21381\/revisions"}],"wp:featuredmedia":[{"embeddable":true,"href":"https:\/\/www.ghostysky.com\/pt\/wp-json\/wp\/v2\/media\/21382"}],"wp:attachment":[{"href":"https:\/\/www.ghostysky.com\/pt\/wp-json\/wp\/v2\/media?parent=21381"}],"wp:term":[{"taxonomy":"product_brand","embeddable":true,"href":"https:\/\/www.ghostysky.com\/pt\/wp-json\/wp\/v2\/product_brand?post=21381"},{"taxonomy":"product_cat","embeddable":true,"href":"https:\/\/www.ghostysky.com\/pt\/wp-json\/wp\/v2\/product_cat?post=21381"},{"taxonomy":"product_tag","embeddable":true,"href":"https:\/\/www.ghostysky.com\/pt\/wp-json\/wp\/v2\/product_tag?post=21381"}],"curies":[{"name":"wp","href":"https:\/\/api.w.org\/{rel}","templated":true}]}}