{"id":21383,"date":"2025-10-16T13:25:09","date_gmt":"2025-10-16T13:25:09","guid":{"rendered":"https:\/\/www.ghostysky.com\/?post_type=product&#038;p=21383"},"modified":"2025-10-16T13:25:43","modified_gmt":"2025-10-16T13:25:43","slug":"unitree-a2-w-pro","status":"publish","type":"product","link":"https:\/\/www.ghostysky.com\/pt\/product\/unitree-a2-w-pro\/","title":{"rendered":"Unitree A2-W Pro"},"content":{"rendered":"<p><b>Principais recursos do A2-W Pro:<\/b><\/p>\n<ul>\n<li><b>Mobilidade excepcional e agilidade em todos os terrenos:<\/b><span class=\"citation-317\"> Navega por terrenos acidentados e pode lidar com <\/span><b><span class=\"citation-317\">Declives de 45\u00b0<\/span><\/b><span class=\"citation-317\"> e <\/span><b><span class=\"citation-317\">degraus de at\u00e9 30 cm<\/span><\/b><span class=\"citation-317 citation-end-317\"> alto.<\/span> <span class=\"citation-316\">Oferece movimento din\u00e2mico e responsivo com 12 motores de articula\u00e7\u00e3o de alto desempenho, atingindo uma velocidade m\u00e1xima de at\u00e9 <\/span><b><span class=\"citation-316\">5 m\/s<\/span><\/b><span class=\"citation-316 citation-end-316\">.<\/span><\/li>\n<li><b><span class=\"citation-315\">Capacidade de carga pesada:<\/span><\/b><span class=\"citation-315\"> Projetado para tarefas industriais, ele pode sustentar uma carga de caminhada cont\u00ednua de at\u00e9 <\/span><b><span class=\"citation-315\">25 kg<\/span><\/b><span class=\"citation-315\"> e suportar uma carga estacion\u00e1ria m\u00e1xima de aproximadamente <\/span><b><span class=\"citation-315\">100 kg<\/span><\/b><span class=\"citation-315 citation-end-315\">.<\/span><\/li>\n<li><b><span class=\"citation-314\">Tempo de execu\u00e7\u00e3o ilimitado com sistema de bateria dupla:<\/span><\/b><span class=\"citation-314\"> Apresenta um design de bateria dupla intercambi\u00e1vel a quente, permitindo trocas de bateria cont\u00ednuas e <\/span><b><span class=\"citation-314\">opera\u00e7\u00e3o de miss\u00e3o ininterrupta<\/span><\/b><span class=\"citation-314 citation-end-314\">.<\/span> <span class=\"citation-313\">Oferece uma resist\u00eancia de mais de <\/span><b><span class=\"citation-313\">5 horas<\/span><\/b><span class=\"citation-313 citation-end-313\"> (aprox.<\/span> <b>20 km<\/b>) descarregado, ou <b>3+ horas<\/b> (~12,5 km) com uma carga de 25 kg.<\/li>\n<li><b><span class=\"citation-312\">Percep\u00e7\u00e3o de n\u00edvel profissional aprimorada:<\/span><\/b><span class=\"citation-312\"> A variante \u201cPro\u201d melhora significativamente a detec\u00e7\u00e3o com <\/span><b><span class=\"citation-312\">LiDAR duplo de n\u00edvel industrial<\/span><\/b><span class=\"citation-312\"> (dianteiro e traseiro) e um <\/span><b><span class=\"citation-312\">C\u00e2mera HD<\/span><\/b><span class=\"citation-312\"> para fornecer <\/span><b><span class=\"citation-312\">Consci\u00eancia 360\u00b0<\/span><\/b><span class=\"citation-312 citation-end-312\"> e \u201czero pontos cegos\u201d.<\/span> <span class=\"citation-311 citation-end-311\">Este robusto conjunto de sensores permite posicionamento SLAM avan\u00e7ado, mapeamento 3D e navega\u00e7\u00e3o totalmente aut\u00f4noma com preven\u00e7\u00e3o est\u00e1vel de obst\u00e1culos.<\/span><\/li>\n<li><b>Poder de computa\u00e7\u00e3o expandido:<\/b><span class=\"citation-310\"> Inclui um dock de expans\u00e3o de alto desempenho, aumentando o poder de computa\u00e7\u00e3o integrado com um <\/span><b><span class=\"citation-310\">CPU de 8 n\u00facleos<\/span><\/b><span class=\"citation-310\"> e um desenvolvimento focado no usu\u00e1rio <\/span><b><span class=\"citation-310\">Intel Core i7<\/span><\/b><span class=\"citation-310 citation-end-310\"> para tarefas complexas e aut\u00f4nomas.<\/span><\/li>\n<li><b>Constru\u00e7\u00e3o robusta e confi\u00e1vel:<\/b><span class=\"citation-309\"> Constru\u00eddo em liga de alum\u00ednio e pl\u00e1sticos de engenharia de alta resist\u00eancia com um <\/span><b><span class=\"citation-309\">IP56<\/span><\/b><span class=\"citation-309\"> classifica\u00e7\u00e3o (componentes principais at\u00e9 <\/span><b><span class=\"citation-309\">IP67<\/span><\/b><span class=\"citation-309\">) e uma faixa de temperatura operacional de <\/span><b><span class=\"citation-309\">-20 \u00b0C a 55 \u00b0C<\/span><\/b><span class=\"citation-309 citation-end-309\">.<\/span><\/li>\n<li><b>Plataforma aberta para desenvolvedores:<\/b><span class=\"citation-308 citation-end-308\"> Suporta desenvolvimento secund\u00e1rio com um SDK, compatibilidade ROS\/ROS2 e m\u00faltiplas interfaces (Wi-Fi 6, Bluetooth 5.2, Ethernet, USB, CAN) para f\u00e1cil integra\u00e7\u00e3o de sensores e m\u00f3dulos personalizados.<\/span><\/li>\n<\/ul>\n<p><b>Aplica\u00e7\u00f5es ideais:<\/b><\/p>\n<p>O Unitree A2-W Pro \u00e9 a plataforma m\u00f3vel ideal para:<\/p>\n<ul>\n<li><b><span class=\"citation-307\">Inspe\u00e7\u00e3o e monitoramento externo<\/span><\/b><span class=\"citation-307 citation-end-307\"> (dutos, infraestrutura, locais de servi\u00e7os p\u00fablicos)<\/span><\/li>\n<li><b><span class=\"citation-306\">Log\u00edstica Industrial e Transporte<\/span><\/b><span class=\"citation-306 citation-end-306\"> (transportando ferramentas, equipamentos e suprimentos em terrenos complexos)<\/span><\/li>\n<li><b>Resposta a emerg\u00eancias e busca e resgate<\/b><\/li>\n<li><b><span class=\"citation-305\">Topografia, Mapeamento e Pesquisa<\/span><\/b><span class=\"citation-305 citation-end-305\"> (como uma plataforma para sensores personalizados)<\/span><\/li>\n<li><b><span class=\"citation-304\">Patrulhas de Seguran\u00e7a<\/span><\/b><span class=\"citation-304 citation-end-304\"> em \u00e1reas grandes ou acidentadas.<\/span><\/li>\n<\/ul>\n<p><span class=\"citation-303 citation-end-303\">O A2-W Pro oferece resist\u00eancia industrial e autonomia avan\u00e7ada, tornando-o a escolha perfeita para profissionais e desenvolvedores que precisam de um companheiro rob\u00f3tico vers\u00e1til, dur\u00e1vel e de \u00faltima gera\u00e7\u00e3o para o campo.<\/span><\/p>","protected":false},"excerpt":{"rendered":"<p><span class=\"citation-319\">O <\/span><b><span class=\"citation-319\">C\u00e3o rob\u00f3tico com rodas Unitree A2-W Pro<\/span><\/b><span class=\"citation-319 citation-end-319\"> \u00e9 um rob\u00f4 quadr\u00fapede de \u00faltima gera\u00e7\u00e3o, de n\u00edvel industrial, projetado para versatilidade, estabilidade e desempenho de ponta em ambientes desafiadores.<\/span> <span class=\"citation-318 citation-end-318\">Combinando mobilidade avan\u00e7ada com um design robusto, o A2-W Pro \u00e9 uma das plataformas rob\u00f3ticas mais capazes dispon\u00edveis para aplica\u00e7\u00f5es de campo exigentes.<\/span><\/p>","protected":false},"featured_media":21382,"comment_status":"open","ping_status":"closed","template":"","meta":[],"product_brand":[1087],"product_cat":[1039,1037,1085],"product_tag":[1088,1099,1090],"class_list":{"0":"post-21383","1":"product","2":"type-product","3":"status-publish","4":"has-post-thumbnail","6":"product_brand-unitree","7":"product_cat-quadruped","8":"product_cat-robotics","9":"product_cat-unitree-quad-robots","10":"product_tag-unitree","11":"product_tag-unitree-a2b2-series","12":"product_tag-unitree-quadruped-robots","14":"first","15":"onbackorder","16":"taxable","17":"shipping-taxable","18":"purchasable","19":"product-type-simple"},"yoast_head":"<!-- This site is optimized with the Yoast SEO plugin v27.1.1 - https:\/\/yoast.com\/product\/yoast-seo-wordpress\/ -->\n<title>Unitree A2-W Pro - Ghostysky<\/title>\n<meta name=\"description\" content=\"The Unitree A2-W Pro Wheeled Robotic Dog is a next-generation, industrial-grade quadruped robot engineered for versatility, stability, and high-end performance in challenging environments. Combining advanced mobility with a rugged design, the A2-W Pro is one of the most capable robotic platforms available for demanding field applications.\" \/>\n<meta name=\"robots\" content=\"index, follow, max-snippet:-1, max-image-preview:large, max-video-preview:-1\" \/>\n<link rel=\"canonical\" href=\"https:\/\/www.ghostysky.com\/pt\/produto-2\/unitree-a2-w-pro\/\" \/>\n<meta property=\"og:locale\" content=\"pt_PT\" \/>\n<meta property=\"og:type\" content=\"article\" \/>\n<meta property=\"og:title\" content=\"Unitree A2-W Pro - Ghostysky\" \/>\n<meta property=\"og:description\" content=\"The Unitree A2-W Pro Wheeled Robotic Dog is a next-generation, industrial-grade quadruped robot engineered for versatility, stability, and high-end performance in challenging environments. Combining advanced mobility with a rugged design, the A2-W Pro is one of the most capable robotic platforms available for demanding field applications.\" \/>\n<meta property=\"og:url\" content=\"https:\/\/www.ghostysky.com\/pt\/produto-2\/unitree-a2-w-pro\/\" \/>\n<meta property=\"og:site_name\" content=\"Ghostysky\" \/>\n<meta property=\"article:publisher\" content=\"https:\/\/www.facebook.com\/people\/Ghostysky\/100057676170234\/\" \/>\n<meta property=\"article:modified_time\" content=\"2025-10-16T13:25:43+00:00\" \/>\n<meta property=\"og:image\" content=\"https:\/\/www.ghostysky.com\/wp-content\/uploads\/2025\/10\/GH_A2Wpro_1.webp\" \/>\n\t<meta property=\"og:image:width\" content=\"750\" \/>\n\t<meta property=\"og:image:height\" content=\"750\" \/>\n\t<meta property=\"og:image:type\" content=\"image\/webp\" \/>\n<meta name=\"twitter:card\" content=\"summary_large_image\" \/>\n<meta name=\"twitter:site\" content=\"@Gh0stysky\" \/>\n<meta name=\"twitter:label1\" content=\"Tempo estimado de leitura\" \/>\n\t<meta name=\"twitter:data1\" content=\"2 minutos\" \/>\n<script type=\"application\/ld+json\" class=\"yoast-schema-graph\">{\"@context\":\"https:\/\/schema.org\",\"@graph\":[{\"@type\":\"WebPage\",\"@id\":\"https:\/\/www.ghostysky.com\/product\/unitree-a2-w-pro\/\",\"url\":\"https:\/\/www.ghostysky.com\/product\/unitree-a2-w-pro\/\",\"name\":\"Unitree A2-W Pro - Ghostysky\",\"isPartOf\":{\"@id\":\"https:\/\/www.ghostysky.com\/#website\"},\"primaryImageOfPage\":{\"@id\":\"https:\/\/www.ghostysky.com\/product\/unitree-a2-w-pro\/#primaryimage\"},\"image\":{\"@id\":\"https:\/\/www.ghostysky.com\/product\/unitree-a2-w-pro\/#primaryimage\"},\"thumbnailUrl\":\"https:\/\/www.ghostysky.com\/wp-content\/uploads\/2025\/10\/GH_A2Wpro_1.webp\",\"datePublished\":\"2025-10-16T13:25:09+00:00\",\"dateModified\":\"2025-10-16T13:25:43+00:00\",\"description\":\"The Unitree A2-W Pro Wheeled Robotic Dog is a next-generation, industrial-grade quadruped robot engineered for versatility, stability, and high-end performance in challenging environments. Combining advanced mobility with a rugged design, the A2-W Pro is one of the most capable robotic platforms available for demanding field applications.\",\"breadcrumb\":{\"@id\":\"https:\/\/www.ghostysky.com\/product\/unitree-a2-w-pro\/#breadcrumb\"},\"inLanguage\":\"pt-PT\",\"potentialAction\":[{\"@type\":\"ReadAction\",\"target\":[\"https:\/\/www.ghostysky.com\/product\/unitree-a2-w-pro\/\"]}]},{\"@type\":\"ImageObject\",\"inLanguage\":\"pt-PT\",\"@id\":\"https:\/\/www.ghostysky.com\/product\/unitree-a2-w-pro\/#primaryimage\",\"url\":\"https:\/\/www.ghostysky.com\/wp-content\/uploads\/2025\/10\/GH_A2Wpro_1.webp\",\"contentUrl\":\"https:\/\/www.ghostysky.com\/wp-content\/uploads\/2025\/10\/GH_A2Wpro_1.webp\",\"width\":750,\"height\":750},{\"@type\":\"BreadcrumbList\",\"@id\":\"https:\/\/www.ghostysky.com\/product\/unitree-a2-w-pro\/#breadcrumb\",\"itemListElement\":[{\"@type\":\"ListItem\",\"position\":1,\"name\":\"Home\",\"item\":\"https:\/\/www.ghostysky.com\/\"},{\"@type\":\"ListItem\",\"position\":2,\"name\":\"Shop\",\"item\":\"https:\/\/www.ghostysky.com\/shop\/\"},{\"@type\":\"ListItem\",\"position\":3,\"name\":\"Unitree A2-W Pro\"}]},{\"@type\":\"WebSite\",\"@id\":\"https:\/\/www.ghostysky.com\/#website\",\"url\":\"https:\/\/www.ghostysky.com\/\",\"name\":\"Ghostysky\",\"description\":\"Delivering professional drones and services\",\"publisher\":{\"@id\":\"https:\/\/www.ghostysky.com\/#organization\"},\"potentialAction\":[{\"@type\":\"SearchAction\",\"target\":{\"@type\":\"EntryPoint\",\"urlTemplate\":\"https:\/\/www.ghostysky.com\/?s={search_term_string}\"},\"query-input\":{\"@type\":\"PropertyValueSpecification\",\"valueRequired\":true,\"valueName\":\"search_term_string\"}}],\"inLanguage\":\"pt-PT\"},{\"@type\":\"Organization\",\"@id\":\"https:\/\/www.ghostysky.com\/#organization\",\"name\":\"Ghostysky\",\"url\":\"https:\/\/www.ghostysky.com\/\",\"logo\":{\"@type\":\"ImageObject\",\"inLanguage\":\"pt-PT\",\"@id\":\"https:\/\/www.ghostysky.com\/#\/schema\/logo\/image\/\",\"url\":\"https:\/\/www.ghostysky.com\/wp-content\/uploads\/2020\/06\/cropped-ghostyskylogo_text_white2.png\",\"contentUrl\":\"https:\/\/www.ghostysky.com\/wp-content\/uploads\/2020\/06\/cropped-ghostyskylogo_text_white2.png\",\"width\":169,\"height\":56,\"caption\":\"Ghostysky\"},\"image\":{\"@id\":\"https:\/\/www.ghostysky.com\/#\/schema\/logo\/image\/\"},\"sameAs\":[\"https:\/\/www.facebook.com\/people\/Ghostysky\/100057676170234\/\",\"https:\/\/x.com\/Gh0stysky\",\"https:\/\/www.linkedin.com\/company\/34739653\",\"https:\/\/www.instagram.com\/gh0stysky\"]}]}<\/script>\n<!-- \/ Yoast SEO plugin. -->","yoast_head_json":{"title":"Unitree A2-W Pro - Ghostysky","description":"O C\u00e3o Rob\u00f3tico com Rodas Unitree A2-W Pro \u00e9 um rob\u00f4 quadr\u00fapede de \u00faltima gera\u00e7\u00e3o, de n\u00edvel industrial, projetado para versatilidade, estabilidade e desempenho de ponta em ambientes desafiadores. Combinando mobilidade avan\u00e7ada com um design robusto, o A2-W Pro \u00e9 uma das plataformas rob\u00f3ticas mais capazes dispon\u00edveis para aplica\u00e7\u00f5es de campo exigentes.","robots":{"index":"index","follow":"follow","max-snippet":"max-snippet:-1","max-image-preview":"max-image-preview:large","max-video-preview":"max-video-preview:-1"},"canonical":"https:\/\/www.ghostysky.com\/pt\/produto-2\/unitree-a2-w-pro\/","og_locale":"pt_PT","og_type":"article","og_title":"Unitree A2-W Pro - Ghostysky","og_description":"The Unitree A2-W Pro Wheeled Robotic Dog is a next-generation, industrial-grade quadruped robot engineered for versatility, stability, and high-end performance in challenging environments. Combining advanced mobility with a rugged design, the A2-W Pro is one of the most capable robotic platforms available for demanding field applications.","og_url":"https:\/\/www.ghostysky.com\/pt\/produto-2\/unitree-a2-w-pro\/","og_site_name":"Ghostysky","article_publisher":"https:\/\/www.facebook.com\/people\/Ghostysky\/100057676170234\/","article_modified_time":"2025-10-16T13:25:43+00:00","og_image":[{"width":750,"height":750,"url":"https:\/\/www.ghostysky.com\/wp-content\/uploads\/2025\/10\/GH_A2Wpro_1.webp","type":"image\/webp"}],"twitter_card":"summary_large_image","twitter_site":"@Gh0stysky","twitter_misc":{"Tempo estimado de leitura":"2 minutos"},"schema":{"@context":"https:\/\/schema.org","@graph":[{"@type":"WebPage","@id":"https:\/\/www.ghostysky.com\/product\/unitree-a2-w-pro\/","url":"https:\/\/www.ghostysky.com\/product\/unitree-a2-w-pro\/","name":"Unitree A2-W Pro - Ghostysky","isPartOf":{"@id":"https:\/\/www.ghostysky.com\/#website"},"primaryImageOfPage":{"@id":"https:\/\/www.ghostysky.com\/product\/unitree-a2-w-pro\/#primaryimage"},"image":{"@id":"https:\/\/www.ghostysky.com\/product\/unitree-a2-w-pro\/#primaryimage"},"thumbnailUrl":"https:\/\/www.ghostysky.com\/wp-content\/uploads\/2025\/10\/GH_A2Wpro_1.webp","datePublished":"2025-10-16T13:25:09+00:00","dateModified":"2025-10-16T13:25:43+00:00","description":"O C\u00e3o Rob\u00f3tico com Rodas Unitree A2-W Pro \u00e9 um rob\u00f4 quadr\u00fapede de \u00faltima gera\u00e7\u00e3o, de n\u00edvel industrial, projetado para versatilidade, estabilidade e desempenho de ponta em ambientes desafiadores. Combinando mobilidade avan\u00e7ada com um design robusto, o A2-W Pro \u00e9 uma das plataformas rob\u00f3ticas mais capazes dispon\u00edveis para aplica\u00e7\u00f5es de campo exigentes.","breadcrumb":{"@id":"https:\/\/www.ghostysky.com\/product\/unitree-a2-w-pro\/#breadcrumb"},"inLanguage":"pt-PT","potentialAction":[{"@type":"ReadAction","target":["https:\/\/www.ghostysky.com\/product\/unitree-a2-w-pro\/"]}]},{"@type":"ImageObject","inLanguage":"pt-PT","@id":"https:\/\/www.ghostysky.com\/product\/unitree-a2-w-pro\/#primaryimage","url":"https:\/\/www.ghostysky.com\/wp-content\/uploads\/2025\/10\/GH_A2Wpro_1.webp","contentUrl":"https:\/\/www.ghostysky.com\/wp-content\/uploads\/2025\/10\/GH_A2Wpro_1.webp","width":750,"height":750},{"@type":"BreadcrumbList","@id":"https:\/\/www.ghostysky.com\/product\/unitree-a2-w-pro\/#breadcrumb","itemListElement":[{"@type":"ListItem","position":1,"name":"Home","item":"https:\/\/www.ghostysky.com\/"},{"@type":"ListItem","position":2,"name":"Shop","item":"https:\/\/www.ghostysky.com\/shop\/"},{"@type":"ListItem","position":3,"name":"Unitree A2-W Pro"}]},{"@type":"WebSite","@id":"https:\/\/www.ghostysky.com\/#website","url":"https:\/\/www.ghostysky.com\/","name":"Ghostysky","description":"Fornecendo drones e servi\u00e7os profissionais","publisher":{"@id":"https:\/\/www.ghostysky.com\/#organization"},"potentialAction":[{"@type":"SearchAction","target":{"@type":"EntryPoint","urlTemplate":"https:\/\/www.ghostysky.com\/?s={search_term_string}"},"query-input":{"@type":"PropertyValueSpecification","valueRequired":true,"valueName":"search_term_string"}}],"inLanguage":"pt-PT"},{"@type":"Organization","@id":"https:\/\/www.ghostysky.com\/#organization","name":"Ghostysky","url":"https:\/\/www.ghostysky.com\/","logo":{"@type":"ImageObject","inLanguage":"pt-PT","@id":"https:\/\/www.ghostysky.com\/#\/schema\/logo\/image\/","url":"https:\/\/www.ghostysky.com\/wp-content\/uploads\/2020\/06\/cropped-ghostyskylogo_text_white2.png","contentUrl":"https:\/\/www.ghostysky.com\/wp-content\/uploads\/2020\/06\/cropped-ghostyskylogo_text_white2.png","width":169,"height":56,"caption":"Ghostysky"},"image":{"@id":"https:\/\/www.ghostysky.com\/#\/schema\/logo\/image\/"},"sameAs":["https:\/\/www.facebook.com\/people\/Ghostysky\/100057676170234\/","https:\/\/x.com\/Gh0stysky","https:\/\/www.linkedin.com\/company\/34739653","https:\/\/www.instagram.com\/gh0stysky"]}]}},"_links":{"self":[{"href":"https:\/\/www.ghostysky.com\/pt\/wp-json\/wp\/v2\/product\/21383","targetHints":{"allow":["GET"]}}],"collection":[{"href":"https:\/\/www.ghostysky.com\/pt\/wp-json\/wp\/v2\/product"}],"about":[{"href":"https:\/\/www.ghostysky.com\/pt\/wp-json\/wp\/v2\/types\/product"}],"replies":[{"embeddable":true,"href":"https:\/\/www.ghostysky.com\/pt\/wp-json\/wp\/v2\/comments?post=21383"}],"wp:featuredmedia":[{"embeddable":true,"href":"https:\/\/www.ghostysky.com\/pt\/wp-json\/wp\/v2\/media\/21382"}],"wp:attachment":[{"href":"https:\/\/www.ghostysky.com\/pt\/wp-json\/wp\/v2\/media?parent=21383"}],"wp:term":[{"taxonomy":"product_brand","embeddable":true,"href":"https:\/\/www.ghostysky.com\/pt\/wp-json\/wp\/v2\/product_brand?post=21383"},{"taxonomy":"product_cat","embeddable":true,"href":"https:\/\/www.ghostysky.com\/pt\/wp-json\/wp\/v2\/product_cat?post=21383"},{"taxonomy":"product_tag","embeddable":true,"href":"https:\/\/www.ghostysky.com\/pt\/wp-json\/wp\/v2\/product_tag?post=21383"}],"curies":[{"name":"wp","href":"https:\/\/api.w.org\/{rel}","templated":true}]}}