{"id":21386,"date":"2025-10-16T13:35:10","date_gmt":"2025-10-16T13:35:10","guid":{"rendered":"https:\/\/www.ghostysky.com\/?post_type=product&#038;p=21386"},"modified":"2025-10-16T13:35:46","modified_gmt":"2025-10-16T13:35:46","slug":"unitree-a2-charger","status":"publish","type":"product","link":"https:\/\/www.ghostysky.com\/pt\/product\/unitree-a2-charger\/","title":{"rendered":"Carregador Unitree A2"},"content":{"rendered":"<p><b>Caracter\u00edsticas principais:<\/b><\/p>\n<ul>\n<li><b><span class=\"citation-358\">Sa\u00edda de carregamento r\u00e1pido:<\/span><\/b><span class=\"citation-358\"> Fornece um poderoso <\/span><b><span class=\"citation-358\">58,8 V \/ 7 A<\/span><\/b><span class=\"citation-358 citation-end-358\"> sa\u00edda de carga para recarregar rapidamente as baterias duplas de 9000mAh (453,6Wh cada) do rob\u00f4, fazendo com que seu A2 volte a funcionar rapidamente.<\/span><\/li>\n<li><b>Entrada universal:<\/b><span class=\"citation-357\"> Apresenta uma ampla faixa de entrada de <\/span><b><span class=\"citation-357\">100\u2013240 V, 50\/60 Hz<\/span><\/b><span class=\"citation-357 citation-end-357\">, tornando-o adequado para uso global com o adaptador regional apropriado.<\/span><\/li>\n<li><b>Robusto e confi\u00e1vel:<\/b><span class=\"citation-356\"> Constru\u00eddo com um <\/span><b><span class=\"citation-356\">Classifica\u00e7\u00e3o IP67<\/span><\/b><span class=\"citation-356 citation-end-356\"> para resist\u00eancia \u00e0 poeira e \u00e0 \u00e1gua, garantindo durabilidade e desempenho confi\u00e1vel mesmo em ambientes industriais ou externos adversos.<\/span><\/li>\n<li><b>Otimizado para a S\u00e9rie A2:<\/b> Perfeitamente adaptado \u00e0s necessidades de energia dos modelos Unitree A2 e A2-W, suportando o sistema de bateria dupla intercambi\u00e1vel que fornece ao rob\u00f4 sua impressionante resist\u00eancia (at\u00e9 5 horas de caminhada sem carga).<\/li>\n<\/ul>\n<p>Garanta o desempenho cr\u00edtico do seu Unitree A2 em qualquer situa\u00e7\u00e3o. O carregador de bateria Unitree A2\/A2-W \u00e9 o acess\u00f3rio indispens\u00e1vel para opera\u00e7\u00e3o e efici\u00eancia cont\u00ednuas.<\/p>","protected":false},"excerpt":{"rendered":"<p>Mantenha seu rob\u00f4 quadr\u00fapede Unitree A2 ou A2-W de n\u00edvel industrial funcionando com o software oficial de alto desempenho <b>Carregador de bateria Unitree A2\/A2-W<\/b>. <span class=\"citation-359 citation-end-359\">Projetado especificamente para o poderoso sistema de bateria dupla do rob\u00f4, este carregador fornece energia r\u00e1pida, confi\u00e1vel e segura para garantir tempo de inatividade m\u00ednimo e m\u00e1xima prontid\u00e3o operacional.<\/span><\/p>","protected":false},"featured_media":21387,"comment_status":"open","ping_status":"closed","template":"","meta":[],"product_brand":[1087],"product_cat":[1039,1037,1086],"product_tag":[1088,1101,1099],"class_list":{"0":"post-21386","1":"product","2":"type-product","3":"status-publish","4":"has-post-thumbnail","6":"product_brand-unitree","7":"product_cat-quadruped","8":"product_cat-robotics","9":"product_cat-unitree-quad-accessories","10":"product_tag-unitree","11":"product_tag-unitree-a2-b2-accessories","12":"product_tag-unitree-a2b2-series","14":"first","15":"onbackorder","16":"taxable","17":"shipping-taxable","18":"purchasable","19":"product-type-simple"},"yoast_head":"<!-- This site is optimized with the Yoast SEO plugin v27.4 - https:\/\/yoast.com\/product\/yoast-seo-wordpress\/ -->\n<title>Unitree A2 charger - Ghostysky<\/title>\n<meta name=\"description\" content=\"Keep your industrial-grade Unitree A2 or A2-W quadruped robot running with the official, high-performance Unitree A2\/A2-W Battery Charger. Designed specifically for the robot&#039;s powerful dual-battery system, this charger delivers fast, reliable, and safe energy to ensure minimal downtime and maximum operational readiness.\" \/>\n<meta name=\"robots\" content=\"index, follow, max-snippet:-1, max-image-preview:large, max-video-preview:-1\" \/>\n<link rel=\"canonical\" href=\"https:\/\/www.ghostysky.com\/pt\/produto-2\/unitree-a2-charger\/\" \/>\n<meta property=\"og:locale\" content=\"pt_PT\" \/>\n<meta property=\"og:type\" content=\"article\" \/>\n<meta property=\"og:title\" content=\"Unitree A2 charger - Ghostysky\" \/>\n<meta property=\"og:description\" content=\"Keep your industrial-grade Unitree A2 or A2-W quadruped robot running with the official, high-performance Unitree A2\/A2-W Battery Charger. Designed specifically for the robot&#039;s powerful dual-battery system, this charger delivers fast, reliable, and safe energy to ensure minimal downtime and maximum operational readiness.\" \/>\n<meta property=\"og:url\" content=\"https:\/\/www.ghostysky.com\/pt\/produto-2\/unitree-a2-charger\/\" \/>\n<meta property=\"og:site_name\" content=\"Ghostysky\" \/>\n<meta property=\"article:publisher\" content=\"https:\/\/www.facebook.com\/people\/Ghostysky\/100057676170234\/\" \/>\n<meta property=\"article:modified_time\" content=\"2025-10-16T13:35:46+00:00\" \/>\n<meta property=\"og:image\" content=\"https:\/\/www.ghostysky.com\/wp-content\/uploads\/2025\/10\/GH_Unitree_A2_Charger_1.webp\" \/>\n\t<meta property=\"og:image:width\" content=\"1000\" \/>\n\t<meta property=\"og:image:height\" content=\"1000\" \/>\n\t<meta property=\"og:image:type\" content=\"image\/webp\" \/>\n<meta name=\"twitter:card\" content=\"summary_large_image\" \/>\n<meta name=\"twitter:site\" content=\"@Gh0stysky\" \/>\n<meta name=\"twitter:label1\" content=\"Tempo estimado de leitura\" \/>\n\t<meta name=\"twitter:data1\" content=\"1 minuto\" \/>\n<script type=\"application\/ld+json\" class=\"yoast-schema-graph\">{\"@context\":\"https:\\\/\\\/schema.org\",\"@graph\":[{\"@type\":\"WebPage\",\"@id\":\"https:\\\/\\\/www.ghostysky.com\\\/product\\\/unitree-a2-charger\\\/\",\"url\":\"https:\\\/\\\/www.ghostysky.com\\\/product\\\/unitree-a2-charger\\\/\",\"name\":\"Unitree A2 charger - Ghostysky\",\"isPartOf\":{\"@id\":\"https:\\\/\\\/www.ghostysky.com\\\/#website\"},\"primaryImageOfPage\":{\"@id\":\"https:\\\/\\\/www.ghostysky.com\\\/product\\\/unitree-a2-charger\\\/#primaryimage\"},\"image\":{\"@id\":\"https:\\\/\\\/www.ghostysky.com\\\/product\\\/unitree-a2-charger\\\/#primaryimage\"},\"thumbnailUrl\":\"https:\\\/\\\/www.ghostysky.com\\\/wp-content\\\/uploads\\\/2025\\\/10\\\/GH_Unitree_A2_Charger_1.webp\",\"datePublished\":\"2025-10-16T13:35:10+00:00\",\"dateModified\":\"2025-10-16T13:35:46+00:00\",\"description\":\"Keep your industrial-grade Unitree A2 or A2-W quadruped robot running with the official, high-performance Unitree A2\\\/A2-W Battery Charger. Designed specifically for the robot's powerful dual-battery system, this charger delivers fast, reliable, and safe energy to ensure minimal downtime and maximum operational readiness.\",\"breadcrumb\":{\"@id\":\"https:\\\/\\\/www.ghostysky.com\\\/product\\\/unitree-a2-charger\\\/#breadcrumb\"},\"inLanguage\":\"pt-PT\",\"potentialAction\":[{\"@type\":\"ReadAction\",\"target\":[\"https:\\\/\\\/www.ghostysky.com\\\/product\\\/unitree-a2-charger\\\/\"]}]},{\"@type\":\"ImageObject\",\"inLanguage\":\"pt-PT\",\"@id\":\"https:\\\/\\\/www.ghostysky.com\\\/product\\\/unitree-a2-charger\\\/#primaryimage\",\"url\":\"https:\\\/\\\/www.ghostysky.com\\\/wp-content\\\/uploads\\\/2025\\\/10\\\/GH_Unitree_A2_Charger_1.webp\",\"contentUrl\":\"https:\\\/\\\/www.ghostysky.com\\\/wp-content\\\/uploads\\\/2025\\\/10\\\/GH_Unitree_A2_Charger_1.webp\",\"width\":1000,\"height\":1000},{\"@type\":\"BreadcrumbList\",\"@id\":\"https:\\\/\\\/www.ghostysky.com\\\/product\\\/unitree-a2-charger\\\/#breadcrumb\",\"itemListElement\":[{\"@type\":\"ListItem\",\"position\":1,\"name\":\"Home\",\"item\":\"https:\\\/\\\/www.ghostysky.com\\\/\"},{\"@type\":\"ListItem\",\"position\":2,\"name\":\"Shop\",\"item\":\"https:\\\/\\\/www.ghostysky.com\\\/shop\\\/\"},{\"@type\":\"ListItem\",\"position\":3,\"name\":\"Unitree A2 charger\"}]},{\"@type\":\"WebSite\",\"@id\":\"https:\\\/\\\/www.ghostysky.com\\\/#website\",\"url\":\"https:\\\/\\\/www.ghostysky.com\\\/\",\"name\":\"Ghostysky\",\"description\":\"Delivering professional drones and services\",\"publisher\":{\"@id\":\"https:\\\/\\\/www.ghostysky.com\\\/#organization\"},\"potentialAction\":[{\"@type\":\"SearchAction\",\"target\":{\"@type\":\"EntryPoint\",\"urlTemplate\":\"https:\\\/\\\/www.ghostysky.com\\\/?s={search_term_string}\"},\"query-input\":{\"@type\":\"PropertyValueSpecification\",\"valueRequired\":true,\"valueName\":\"search_term_string\"}}],\"inLanguage\":\"pt-PT\"},{\"@type\":\"Organization\",\"@id\":\"https:\\\/\\\/www.ghostysky.com\\\/#organization\",\"name\":\"Ghostysky\",\"url\":\"https:\\\/\\\/www.ghostysky.com\\\/\",\"logo\":{\"@type\":\"ImageObject\",\"inLanguage\":\"pt-PT\",\"@id\":\"https:\\\/\\\/www.ghostysky.com\\\/#\\\/schema\\\/logo\\\/image\\\/\",\"url\":\"https:\\\/\\\/www.ghostysky.com\\\/wp-content\\\/uploads\\\/2020\\\/06\\\/cropped-ghostyskylogo_text_white2.png\",\"contentUrl\":\"https:\\\/\\\/www.ghostysky.com\\\/wp-content\\\/uploads\\\/2020\\\/06\\\/cropped-ghostyskylogo_text_white2.png\",\"width\":169,\"height\":56,\"caption\":\"Ghostysky\"},\"image\":{\"@id\":\"https:\\\/\\\/www.ghostysky.com\\\/#\\\/schema\\\/logo\\\/image\\\/\"},\"sameAs\":[\"https:\\\/\\\/www.facebook.com\\\/people\\\/Ghostysky\\\/100057676170234\\\/\",\"https:\\\/\\\/x.com\\\/Gh0stysky\",\"https:\\\/\\\/www.linkedin.com\\\/company\\\/34739653\",\"https:\\\/\\\/www.instagram.com\\\/gh0stysky\"]}]}<\/script>\n<!-- \/ Yoast SEO plugin. -->","yoast_head_json":{"title":"Carregador Unitree A2 - Ghostysky","description":"Mantenha seu rob\u00f4 quadr\u00fapede Unitree A2 ou A2-W de n\u00edvel industrial funcionando com o carregador de bateria oficial de alto desempenho Unitree A2\/A2-W. Projetado especificamente para o potente sistema de bateria dupla do rob\u00f4, este carregador fornece energia r\u00e1pida, confi\u00e1vel e segura para garantir tempo de inatividade m\u00ednimo e m\u00e1xima prontid\u00e3o operacional.","robots":{"index":"index","follow":"follow","max-snippet":"max-snippet:-1","max-image-preview":"max-image-preview:large","max-video-preview":"max-video-preview:-1"},"canonical":"https:\/\/www.ghostysky.com\/pt\/produto-2\/unitree-a2-charger\/","og_locale":"pt_PT","og_type":"article","og_title":"Unitree A2 charger - Ghostysky","og_description":"Keep your industrial-grade Unitree A2 or A2-W quadruped robot running with the official, high-performance Unitree A2\/A2-W Battery Charger. Designed specifically for the robot's powerful dual-battery system, this charger delivers fast, reliable, and safe energy to ensure minimal downtime and maximum operational readiness.","og_url":"https:\/\/www.ghostysky.com\/pt\/produto-2\/unitree-a2-charger\/","og_site_name":"Ghostysky","article_publisher":"https:\/\/www.facebook.com\/people\/Ghostysky\/100057676170234\/","article_modified_time":"2025-10-16T13:35:46+00:00","og_image":[{"width":1000,"height":1000,"url":"https:\/\/www.ghostysky.com\/wp-content\/uploads\/2025\/10\/GH_Unitree_A2_Charger_1.webp","type":"image\/webp"}],"twitter_card":"summary_large_image","twitter_site":"@Gh0stysky","twitter_misc":{"Tempo estimado de leitura":"1 minuto"},"schema":{"@context":"https:\/\/schema.org","@graph":[{"@type":"WebPage","@id":"https:\/\/www.ghostysky.com\/product\/unitree-a2-charger\/","url":"https:\/\/www.ghostysky.com\/product\/unitree-a2-charger\/","name":"Carregador Unitree A2 - Ghostysky","isPartOf":{"@id":"https:\/\/www.ghostysky.com\/#website"},"primaryImageOfPage":{"@id":"https:\/\/www.ghostysky.com\/product\/unitree-a2-charger\/#primaryimage"},"image":{"@id":"https:\/\/www.ghostysky.com\/product\/unitree-a2-charger\/#primaryimage"},"thumbnailUrl":"https:\/\/www.ghostysky.com\/wp-content\/uploads\/2025\/10\/GH_Unitree_A2_Charger_1.webp","datePublished":"2025-10-16T13:35:10+00:00","dateModified":"2025-10-16T13:35:46+00:00","description":"Mantenha seu rob\u00f4 quadr\u00fapede Unitree A2 ou A2-W de n\u00edvel industrial funcionando com o carregador de bateria oficial de alto desempenho Unitree A2\/A2-W. Projetado especificamente para o potente sistema de bateria dupla do rob\u00f4, este carregador fornece energia r\u00e1pida, confi\u00e1vel e segura para garantir tempo de inatividade m\u00ednimo e m\u00e1xima prontid\u00e3o operacional.","breadcrumb":{"@id":"https:\/\/www.ghostysky.com\/product\/unitree-a2-charger\/#breadcrumb"},"inLanguage":"pt-PT","potentialAction":[{"@type":"ReadAction","target":["https:\/\/www.ghostysky.com\/product\/unitree-a2-charger\/"]}]},{"@type":"ImageObject","inLanguage":"pt-PT","@id":"https:\/\/www.ghostysky.com\/product\/unitree-a2-charger\/#primaryimage","url":"https:\/\/www.ghostysky.com\/wp-content\/uploads\/2025\/10\/GH_Unitree_A2_Charger_1.webp","contentUrl":"https:\/\/www.ghostysky.com\/wp-content\/uploads\/2025\/10\/GH_Unitree_A2_Charger_1.webp","width":1000,"height":1000},{"@type":"BreadcrumbList","@id":"https:\/\/www.ghostysky.com\/product\/unitree-a2-charger\/#breadcrumb","itemListElement":[{"@type":"ListItem","position":1,"name":"Home","item":"https:\/\/www.ghostysky.com\/"},{"@type":"ListItem","position":2,"name":"Shop","item":"https:\/\/www.ghostysky.com\/shop\/"},{"@type":"ListItem","position":3,"name":"Unitree A2 charger"}]},{"@type":"WebSite","@id":"https:\/\/www.ghostysky.com\/#website","url":"https:\/\/www.ghostysky.com\/","name":"Ghostysky","description":"Fornecendo drones e servi\u00e7os profissionais","publisher":{"@id":"https:\/\/www.ghostysky.com\/#organization"},"potentialAction":[{"@type":"SearchAction","target":{"@type":"EntryPoint","urlTemplate":"https:\/\/www.ghostysky.com\/?s={search_term_string}"},"query-input":{"@type":"PropertyValueSpecification","valueRequired":true,"valueName":"search_term_string"}}],"inLanguage":"pt-PT"},{"@type":"Organization","@id":"https:\/\/www.ghostysky.com\/#organization","name":"Ghostysky","url":"https:\/\/www.ghostysky.com\/","logo":{"@type":"ImageObject","inLanguage":"pt-PT","@id":"https:\/\/www.ghostysky.com\/#\/schema\/logo\/image\/","url":"https:\/\/www.ghostysky.com\/wp-content\/uploads\/2020\/06\/cropped-ghostyskylogo_text_white2.png","contentUrl":"https:\/\/www.ghostysky.com\/wp-content\/uploads\/2020\/06\/cropped-ghostyskylogo_text_white2.png","width":169,"height":56,"caption":"Ghostysky"},"image":{"@id":"https:\/\/www.ghostysky.com\/#\/schema\/logo\/image\/"},"sameAs":["https:\/\/www.facebook.com\/people\/Ghostysky\/100057676170234\/","https:\/\/x.com\/Gh0stysky","https:\/\/www.linkedin.com\/company\/34739653","https:\/\/www.instagram.com\/gh0stysky"]}]}},"_links":{"self":[{"href":"https:\/\/www.ghostysky.com\/pt\/wp-json\/wp\/v2\/product\/21386","targetHints":{"allow":["GET"]}}],"collection":[{"href":"https:\/\/www.ghostysky.com\/pt\/wp-json\/wp\/v2\/product"}],"about":[{"href":"https:\/\/www.ghostysky.com\/pt\/wp-json\/wp\/v2\/types\/product"}],"replies":[{"embeddable":true,"href":"https:\/\/www.ghostysky.com\/pt\/wp-json\/wp\/v2\/comments?post=21386"}],"version-history":[{"count":0,"href":"https:\/\/www.ghostysky.com\/pt\/wp-json\/wp\/v2\/product\/21386\/revisions"}],"wp:featuredmedia":[{"embeddable":true,"href":"https:\/\/www.ghostysky.com\/pt\/wp-json\/wp\/v2\/media\/21387"}],"wp:attachment":[{"href":"https:\/\/www.ghostysky.com\/pt\/wp-json\/wp\/v2\/media?parent=21386"}],"wp:term":[{"taxonomy":"product_brand","embeddable":true,"href":"https:\/\/www.ghostysky.com\/pt\/wp-json\/wp\/v2\/product_brand?post=21386"},{"taxonomy":"product_cat","embeddable":true,"href":"https:\/\/www.ghostysky.com\/pt\/wp-json\/wp\/v2\/product_cat?post=21386"},{"taxonomy":"product_tag","embeddable":true,"href":"https:\/\/www.ghostysky.com\/pt\/wp-json\/wp\/v2\/product_tag?post=21386"}],"curies":[{"name":"wp","href":"https:\/\/api.w.org\/{rel}","templated":true}]}}