{"id":21391,"date":"2025-10-16T13:45:39","date_gmt":"2025-10-16T13:45:39","guid":{"rendered":"https:\/\/www.ghostysky.com\/?post_type=product&#038;p=21391"},"modified":"2025-10-16T13:46:09","modified_gmt":"2025-10-16T13:46:09","slug":"unitree-b2-with-32-channel-lidar","status":"publish","type":"product","link":"https:\/\/www.ghostysky.com\/pt\/product\/unitree-b2-with-32-channel-lidar\/","title":{"rendered":"Unitree B2 (com lidar de 32 canais)"},"content":{"rendered":"<p><b>Principais recursos e capacidades:<\/b><\/p>\n<ul>\n<li><b><span class=\"citation-406\">Percep\u00e7\u00e3o Ambiental 3D Avan\u00e7ada:<\/span><\/b><span class=\"citation-406\"> O integrado <\/span><b><span class=\"citation-406\">LiDAR de 32 linhas (ou 32 canais)<\/span><\/b><span class=\"citation-406 citation-end-406\"> (como o RS-Helios) fornece mapeamento 3D de alta resolu\u00e7\u00e3o em tempo real e detec\u00e7\u00e3o superior de obst\u00e1culos.<sup class=\"superscript\" data-turn-source-index=\"2\">2<\/sup><\/span> Este sensor de n\u00edvel automotivo \u00e9 crucial para navega\u00e7\u00e3o aut\u00f4noma avan\u00e7ada, permitindo que o B2 execute planejamento de caminhos complexos em terrenos din\u00e2micos e desordenados com maior seguran\u00e7a e precis\u00e3o.<\/li>\n<li><b>Mobilidade e velocidade extremas:<\/b><span class=\"citation-405 citation-end-405\"> Apresentando uma velocidade m\u00e1xima de corrida de <sup class=\"superscript\" data-turn-source-index=\"3\">3<\/sup><\/span><b><span class=\"math-inline\" data-math=\"&gt;6 \\text{ m\/s}\">$&gt;6 \\texto{ m\/s}$<\/span><\/b><span class=\"citation-404 citation-end-404\">, o B2 \u00e9 um dos rob\u00f4s quadr\u00fapedes industriais mais r\u00e1pidos do mundo.<sup class=\"superscript\" data-turn-source-index=\"4\">4<\/sup><\/span> <span class=\"citation-403 citation-end-403\">Apresenta um impressionante <sup class=\"superscript\" data-turn-source-index=\"5\">5<\/sup><\/span><span class=\"math-inline\" data-math=\"360 \\text{ N}\\cdot\\text{m}\">$360 \\texto{ N}\\cdot\\texto{m}$<\/span><span class=\"citation-402 citation-end-402\"> de torque articular, proporcionando pot\u00eancia e agilidade para navegar em declives de at\u00e9 <sup class=\"superscript\" data-turn-source-index=\"6\">6<\/sup><\/span><span class=\"math-inline\" data-math=\"&gt;45^\\circ\">$&gt;45^\\circ$<\/span><span class=\"citation-401 citation-end-401\">.<\/span><\/li>\n<li><b>Adaptabilidade superior em todos os terrenos:<\/b><span class=\"citation-400 citation-end-400\"> O rob\u00f4 enfrenta superf\u00edcies desafiadoras sem esfor\u00e7o.<sup class=\"superscript\" data-turn-source-index=\"8\">8<\/sup><\/span> <span class=\"citation-399 citation-end-399\">Ele pode escalar obst\u00e1culos individuais e subir degraus at\u00e9 <sup class=\"superscript\" data-turn-source-index=\"9\">9<\/sup><\/span><b><span class=\"math-inline\" data-math=\"40 \\text{ cm}\">$40 \\texto{ cm}$<\/span><\/b><span class=\"citation-398 citation-end-398\"> alto e sustenta a subida de escadas convencionais, permanecendo extremamente est\u00e1vel e equilibrado.<\/span><\/li>\n<li><b>Capacidade de carga pesada e longa durabilidade:<\/b><span class=\"citation-397 citation-end-397\"> O B2 foi desenvolvido para tarefas pesadas, suportando uma carga est\u00e1tica m\u00e1xima de <sup class=\"superscript\" data-turn-source-index=\"11\">11<\/sup><\/span><b><span class=\"math-inline\" data-math=\"120 \\text{ kg}\">$120 \\texto{ kg}$<\/span><\/b><span class=\"citation-396 citation-end-396\"> e uma carga de caminhada cont\u00ednua de <sup class=\"superscript\" data-turn-source-index=\"12\">12<\/sup><\/span><b><span class=\"math-inline\" data-math=\"\\geq 40 \\text{ kg}\">$\\geq 40 \\texto{ kg}$<\/span><\/b><span class=\"citation-395 citation-end-395\">.<\/span>\n<ul>\n<li><b>Resist\u00eancia:<\/b><span class=\"citation-394 citation-end-394\"> Oferece um longo tempo de execu\u00e7\u00e3o operacional, com uma resist\u00eancia de caminhada cont\u00ednua sem carga de <sup class=\"superscript\" data-turn-source-index=\"14\">14<\/sup><\/span><b><span class=\"math-inline\" data-math=\"&gt;5 \\text{ hours}\">$&gt;5 \\text{ horas}$<\/span><\/b><span class=\"citation-393 citation-end-393\"> (sobre <sup class=\"superscript\" data-turn-source-index=\"15\">15<\/sup><\/span><span class=\"math-inline\" data-math=\"20 \\text{ km}\">$20 \\texto{ km}$<\/span><span class=\"citation-392 citation-end-392\"> quilometragem) e mais <sup class=\"superscript\" data-turn-source-index=\"16\">16<\/sup><\/span><span class=\"math-inline\" data-math=\"4 \\text{ hours}\">$4 \\text{ horas}$<\/span><span class=\"citation-391 citation-end-391\"> ao carregar um <sup class=\"superscript\" data-turn-source-index=\"17\">17<\/sup><\/span><span class=\"math-inline\" data-math=\"20 \\text{ kg}\">$20 \\texto{ kg}$<\/span><span class=\"citation-390 citation-end-390\"> carga (acima de <sup class=\"superscript\" data-turn-source-index=\"18\">18<\/sup><\/span><span class=\"math-inline\" data-math=\"15 \\text{ km}\">$15 \\texto{ km}$<\/span><span class=\"citation-389 citation-end-389\"> quilometragem).<\/span><\/li>\n<\/ul>\n<\/li>\n<li><b>Conjunto de sensores abrangente:<\/b><span class=\"citation-388 citation-end-388\"> Al\u00e9m do LiDAR de 32 canais, o B2 normalmente \u00e9 equipado com diversas c\u00e2meras de profundidade e c\u00e2meras \u00f3pticas, permitindo uma fus\u00e3o robusta de sensores para troca de marcha em tempo real e planejamento preciso do apoio para os p\u00e9s.<\/span><\/li>\n<li><b><span class=\"citation-387\">Design de n\u00edvel industrial:<\/span><\/b><span class=\"citation-387\"> Com um <\/span><b><span class=\"citation-387\">Classifica\u00e7\u00e3o IP67<\/span><\/b><span class=\"citation-387 citation-end-387\">, o B2 \u00e9 totalmente protegido contra poeira e \u00e1gua e pode operar em uma ampla faixa de temperatura (por exemplo, <sup class=\"superscript\" data-turn-source-index=\"21\">21<\/sup><\/span><span class=\"math-inline\" data-math=\"-20^\\circ \\text{C}\">$-20^\\circ \\texto{C}$<\/span><span class=\"citation-386 citation-end-386\"> para <sup class=\"superscript\" data-turn-source-index=\"22\">22<\/sup><\/span><span class=\"math-inline\" data-math=\"55^\\circ \\text{C}\">$55^\\circ \\texto{C}$<\/span><span class=\"citation-385 citation-end-385\">), garantindo confiabilidade em condi\u00e7\u00f5es industriais e externas adversas.<\/span><\/li>\n<li><b><span class=\"citation-384\">Plataforma vers\u00e1til:<\/span><\/b><span class=\"citation-384\"> O B2 oferece suporte a recursos opcionais como um <\/span><b><span class=\"citation-384\">forma com pernas com rodas<\/span><\/b><span class=\"citation-384\"> (B2-W) para maior efici\u00eancia em terrenos planos e um <\/span><b><span class=\"citation-384\">bateria plug-in<\/span><\/b><span class=\"citation-384 citation-end-384\"> sistema com suporte para solu\u00e7\u00f5es de carregamento aut\u00f4nomo.<\/span><\/li>\n<\/ul>\n<p>O Unitree B2 com LiDAR de 32 canais \u00e9 mais do que um rob\u00f4; \u00e9 uma plataforma inteligente vers\u00e1til e de alto desempenho, pronta para redefinir a efici\u00eancia e a capacidade em aplica\u00e7\u00f5es de automa\u00e7\u00e3o industrial, inspe\u00e7\u00e3o e pesquisa.<\/p>","protected":false},"excerpt":{"rendered":"<p><span class=\"citation-407 citation-end-407\">O Unitree B2 com um LiDAR de 32 canais integrado \u00e9 um rob\u00f4 quadr\u00fapede de n\u00edvel industrial projetado para velocidade, for\u00e7a e autonomia inteligente inigual\u00e1veis nos ambientes mais exigentes.<\/span> Esta configura\u00e7\u00e3o aproveita a mobilidade l\u00edder do setor do B2 e a amplifica com percep\u00e7\u00e3o 3D de alta precis\u00e3o, tornando-o a solu\u00e7\u00e3o definitiva para inspe\u00e7\u00e3o industrial, log\u00edstica, pesquisa e resposta a emerg\u00eancias.<\/p>","protected":false},"featured_media":21392,"comment_status":"open","ping_status":"closed","template":"","meta":[],"product_brand":[1087],"product_cat":[1039,1037,1085],"product_tag":[1088,1099,1089],"class_list":{"0":"post-21391","1":"product","2":"type-product","3":"status-publish","4":"has-post-thumbnail","6":"product_brand-unitree","7":"product_cat-quadruped","8":"product_cat-robotics","9":"product_cat-unitree-quad-robots","10":"product_tag-unitree","11":"product_tag-unitree-a2b2-series","12":"product_tag-unitree-quadruped","14":"first","15":"onbackorder","16":"taxable","17":"shipping-taxable","18":"purchasable","19":"product-type-simple"},"yoast_head":"<!-- This site is optimized with the Yoast SEO plugin v27.1.1 - https:\/\/yoast.com\/product\/yoast-seo-wordpress\/ -->\n<title>Unitree B2 (with 32-channel lidar) - Ghostysky<\/title>\n<meta name=\"description\" content=\"The Unitree B2 with an integrated 32-Channel LiDAR is an industrial-grade quadruped robot engineered for unmatched speed, strength, and intelligent autonomy in the most demanding environments. This configuration takes the B2&#039;s industry-leading mobility and amplifies it with high-precision 3D perception, making it the ultimate solution for industrial inspection, logistics, research, and emergency response.\" \/>\n<meta name=\"robots\" content=\"index, follow, max-snippet:-1, max-image-preview:large, max-video-preview:-1\" \/>\n<link rel=\"canonical\" href=\"https:\/\/www.ghostysky.com\/pt\/produto-2\/unitree-b2-with-32-channel-lidar\/\" \/>\n<meta property=\"og:locale\" content=\"pt_PT\" \/>\n<meta property=\"og:type\" content=\"article\" \/>\n<meta property=\"og:title\" content=\"Unitree B2 (with 32-channel lidar) - Ghostysky\" \/>\n<meta property=\"og:description\" content=\"The Unitree B2 with an integrated 32-Channel LiDAR is an industrial-grade quadruped robot engineered for unmatched speed, strength, and intelligent autonomy in the most demanding environments. This configuration takes the B2&#039;s industry-leading mobility and amplifies it with high-precision 3D perception, making it the ultimate solution for industrial inspection, logistics, research, and emergency response.\" \/>\n<meta property=\"og:url\" content=\"https:\/\/www.ghostysky.com\/pt\/produto-2\/unitree-b2-with-32-channel-lidar\/\" \/>\n<meta property=\"og:site_name\" content=\"Ghostysky\" \/>\n<meta property=\"article:publisher\" content=\"https:\/\/www.facebook.com\/people\/Ghostysky\/100057676170234\/\" \/>\n<meta property=\"article:modified_time\" content=\"2025-10-16T13:46:09+00:00\" \/>\n<meta property=\"og:image\" content=\"https:\/\/www.ghostysky.com\/wp-content\/uploads\/2025\/10\/GH_B2-with-32-channel-lidar_1.jpg\" \/>\n\t<meta property=\"og:image:width\" content=\"720\" \/>\n\t<meta property=\"og:image:height\" content=\"720\" \/>\n\t<meta property=\"og:image:type\" content=\"image\/jpeg\" \/>\n<meta name=\"twitter:card\" content=\"summary_large_image\" \/>\n<meta name=\"twitter:site\" content=\"@Gh0stysky\" \/>\n<meta name=\"twitter:label1\" content=\"Tempo estimado de leitura\" \/>\n\t<meta name=\"twitter:data1\" content=\"2 minutos\" \/>\n<script type=\"application\/ld+json\" class=\"yoast-schema-graph\">{\"@context\":\"https:\/\/schema.org\",\"@graph\":[{\"@type\":\"WebPage\",\"@id\":\"https:\/\/www.ghostysky.com\/product\/unitree-b2-with-32-channel-lidar\/\",\"url\":\"https:\/\/www.ghostysky.com\/product\/unitree-b2-with-32-channel-lidar\/\",\"name\":\"Unitree B2 (with 32-channel lidar) - Ghostysky\",\"isPartOf\":{\"@id\":\"https:\/\/www.ghostysky.com\/#website\"},\"primaryImageOfPage\":{\"@id\":\"https:\/\/www.ghostysky.com\/product\/unitree-b2-with-32-channel-lidar\/#primaryimage\"},\"image\":{\"@id\":\"https:\/\/www.ghostysky.com\/product\/unitree-b2-with-32-channel-lidar\/#primaryimage\"},\"thumbnailUrl\":\"https:\/\/www.ghostysky.com\/wp-content\/uploads\/2025\/10\/GH_B2-with-32-channel-lidar_1.jpg\",\"datePublished\":\"2025-10-16T13:45:39+00:00\",\"dateModified\":\"2025-10-16T13:46:09+00:00\",\"description\":\"The Unitree B2 with an integrated 32-Channel LiDAR is an industrial-grade quadruped robot engineered for unmatched speed, strength, and intelligent autonomy in the most demanding environments. This configuration takes the B2's industry-leading mobility and amplifies it with high-precision 3D perception, making it the ultimate solution for industrial inspection, logistics, research, and emergency response.\",\"breadcrumb\":{\"@id\":\"https:\/\/www.ghostysky.com\/product\/unitree-b2-with-32-channel-lidar\/#breadcrumb\"},\"inLanguage\":\"pt-PT\",\"potentialAction\":[{\"@type\":\"ReadAction\",\"target\":[\"https:\/\/www.ghostysky.com\/product\/unitree-b2-with-32-channel-lidar\/\"]}]},{\"@type\":\"ImageObject\",\"inLanguage\":\"pt-PT\",\"@id\":\"https:\/\/www.ghostysky.com\/product\/unitree-b2-with-32-channel-lidar\/#primaryimage\",\"url\":\"https:\/\/www.ghostysky.com\/wp-content\/uploads\/2025\/10\/GH_B2-with-32-channel-lidar_1.jpg\",\"contentUrl\":\"https:\/\/www.ghostysky.com\/wp-content\/uploads\/2025\/10\/GH_B2-with-32-channel-lidar_1.jpg\",\"width\":720,\"height\":720},{\"@type\":\"BreadcrumbList\",\"@id\":\"https:\/\/www.ghostysky.com\/product\/unitree-b2-with-32-channel-lidar\/#breadcrumb\",\"itemListElement\":[{\"@type\":\"ListItem\",\"position\":1,\"name\":\"Home\",\"item\":\"https:\/\/www.ghostysky.com\/\"},{\"@type\":\"ListItem\",\"position\":2,\"name\":\"Shop\",\"item\":\"https:\/\/www.ghostysky.com\/shop\/\"},{\"@type\":\"ListItem\",\"position\":3,\"name\":\"Unitree B2 (with 32-channel lidar)\"}]},{\"@type\":\"WebSite\",\"@id\":\"https:\/\/www.ghostysky.com\/#website\",\"url\":\"https:\/\/www.ghostysky.com\/\",\"name\":\"Ghostysky\",\"description\":\"Delivering professional drones and services\",\"publisher\":{\"@id\":\"https:\/\/www.ghostysky.com\/#organization\"},\"potentialAction\":[{\"@type\":\"SearchAction\",\"target\":{\"@type\":\"EntryPoint\",\"urlTemplate\":\"https:\/\/www.ghostysky.com\/?s={search_term_string}\"},\"query-input\":{\"@type\":\"PropertyValueSpecification\",\"valueRequired\":true,\"valueName\":\"search_term_string\"}}],\"inLanguage\":\"pt-PT\"},{\"@type\":\"Organization\",\"@id\":\"https:\/\/www.ghostysky.com\/#organization\",\"name\":\"Ghostysky\",\"url\":\"https:\/\/www.ghostysky.com\/\",\"logo\":{\"@type\":\"ImageObject\",\"inLanguage\":\"pt-PT\",\"@id\":\"https:\/\/www.ghostysky.com\/#\/schema\/logo\/image\/\",\"url\":\"https:\/\/www.ghostysky.com\/wp-content\/uploads\/2020\/06\/cropped-ghostyskylogo_text_white2.png\",\"contentUrl\":\"https:\/\/www.ghostysky.com\/wp-content\/uploads\/2020\/06\/cropped-ghostyskylogo_text_white2.png\",\"width\":169,\"height\":56,\"caption\":\"Ghostysky\"},\"image\":{\"@id\":\"https:\/\/www.ghostysky.com\/#\/schema\/logo\/image\/\"},\"sameAs\":[\"https:\/\/www.facebook.com\/people\/Ghostysky\/100057676170234\/\",\"https:\/\/x.com\/Gh0stysky\",\"https:\/\/www.linkedin.com\/company\/34739653\",\"https:\/\/www.instagram.com\/gh0stysky\"]}]}<\/script>\n<!-- \/ Yoast SEO plugin. -->","yoast_head_json":{"title":"Unitree B2 (com lidar de 32 canais) - Ghostysky","description":"O Unitree B2 com LiDAR de 32 canais integrado \u00e9 um rob\u00f4 quadr\u00fapede de n\u00edvel industrial projetado para velocidade, resist\u00eancia e autonomia inteligente incompar\u00e1veis nos ambientes mais exigentes. Esta configura\u00e7\u00e3o aproveita a mobilidade l\u00edder do setor do B2 e a amplifica com percep\u00e7\u00e3o 3D de alta precis\u00e3o, tornando-o a solu\u00e7\u00e3o definitiva para inspe\u00e7\u00e3o industrial, log\u00edstica, pesquisa e resposta a emerg\u00eancias.","robots":{"index":"index","follow":"follow","max-snippet":"max-snippet:-1","max-image-preview":"max-image-preview:large","max-video-preview":"max-video-preview:-1"},"canonical":"https:\/\/www.ghostysky.com\/pt\/produto-2\/unitree-b2-with-32-channel-lidar\/","og_locale":"pt_PT","og_type":"article","og_title":"Unitree B2 (with 32-channel lidar) - Ghostysky","og_description":"The Unitree B2 with an integrated 32-Channel LiDAR is an industrial-grade quadruped robot engineered for unmatched speed, strength, and intelligent autonomy in the most demanding environments. This configuration takes the B2's industry-leading mobility and amplifies it with high-precision 3D perception, making it the ultimate solution for industrial inspection, logistics, research, and emergency response.","og_url":"https:\/\/www.ghostysky.com\/pt\/produto-2\/unitree-b2-with-32-channel-lidar\/","og_site_name":"Ghostysky","article_publisher":"https:\/\/www.facebook.com\/people\/Ghostysky\/100057676170234\/","article_modified_time":"2025-10-16T13:46:09+00:00","og_image":[{"width":720,"height":720,"url":"https:\/\/www.ghostysky.com\/wp-content\/uploads\/2025\/10\/GH_B2-with-32-channel-lidar_1.jpg","type":"image\/jpeg"}],"twitter_card":"summary_large_image","twitter_site":"@Gh0stysky","twitter_misc":{"Tempo estimado de leitura":"2 minutos"},"schema":{"@context":"https:\/\/schema.org","@graph":[{"@type":"WebPage","@id":"https:\/\/www.ghostysky.com\/product\/unitree-b2-with-32-channel-lidar\/","url":"https:\/\/www.ghostysky.com\/product\/unitree-b2-with-32-channel-lidar\/","name":"Unitree B2 (com lidar de 32 canais) - Ghostysky","isPartOf":{"@id":"https:\/\/www.ghostysky.com\/#website"},"primaryImageOfPage":{"@id":"https:\/\/www.ghostysky.com\/product\/unitree-b2-with-32-channel-lidar\/#primaryimage"},"image":{"@id":"https:\/\/www.ghostysky.com\/product\/unitree-b2-with-32-channel-lidar\/#primaryimage"},"thumbnailUrl":"https:\/\/www.ghostysky.com\/wp-content\/uploads\/2025\/10\/GH_B2-with-32-channel-lidar_1.jpg","datePublished":"2025-10-16T13:45:39+00:00","dateModified":"2025-10-16T13:46:09+00:00","description":"O Unitree B2 com LiDAR de 32 canais integrado \u00e9 um rob\u00f4 quadr\u00fapede de n\u00edvel industrial projetado para velocidade, resist\u00eancia e autonomia inteligente incompar\u00e1veis nos ambientes mais exigentes. Esta configura\u00e7\u00e3o aproveita a mobilidade l\u00edder do setor do B2 e a amplifica com percep\u00e7\u00e3o 3D de alta precis\u00e3o, tornando-o a solu\u00e7\u00e3o definitiva para inspe\u00e7\u00e3o industrial, log\u00edstica, pesquisa e resposta a emerg\u00eancias.","breadcrumb":{"@id":"https:\/\/www.ghostysky.com\/product\/unitree-b2-with-32-channel-lidar\/#breadcrumb"},"inLanguage":"pt-PT","potentialAction":[{"@type":"ReadAction","target":["https:\/\/www.ghostysky.com\/product\/unitree-b2-with-32-channel-lidar\/"]}]},{"@type":"ImageObject","inLanguage":"pt-PT","@id":"https:\/\/www.ghostysky.com\/product\/unitree-b2-with-32-channel-lidar\/#primaryimage","url":"https:\/\/www.ghostysky.com\/wp-content\/uploads\/2025\/10\/GH_B2-with-32-channel-lidar_1.jpg","contentUrl":"https:\/\/www.ghostysky.com\/wp-content\/uploads\/2025\/10\/GH_B2-with-32-channel-lidar_1.jpg","width":720,"height":720},{"@type":"BreadcrumbList","@id":"https:\/\/www.ghostysky.com\/product\/unitree-b2-with-32-channel-lidar\/#breadcrumb","itemListElement":[{"@type":"ListItem","position":1,"name":"Home","item":"https:\/\/www.ghostysky.com\/"},{"@type":"ListItem","position":2,"name":"Shop","item":"https:\/\/www.ghostysky.com\/shop\/"},{"@type":"ListItem","position":3,"name":"Unitree B2 (with 32-channel lidar)"}]},{"@type":"WebSite","@id":"https:\/\/www.ghostysky.com\/#website","url":"https:\/\/www.ghostysky.com\/","name":"Ghostysky","description":"Fornecendo drones e servi\u00e7os profissionais","publisher":{"@id":"https:\/\/www.ghostysky.com\/#organization"},"potentialAction":[{"@type":"SearchAction","target":{"@type":"EntryPoint","urlTemplate":"https:\/\/www.ghostysky.com\/?s={search_term_string}"},"query-input":{"@type":"PropertyValueSpecification","valueRequired":true,"valueName":"search_term_string"}}],"inLanguage":"pt-PT"},{"@type":"Organization","@id":"https:\/\/www.ghostysky.com\/#organization","name":"Ghostysky","url":"https:\/\/www.ghostysky.com\/","logo":{"@type":"ImageObject","inLanguage":"pt-PT","@id":"https:\/\/www.ghostysky.com\/#\/schema\/logo\/image\/","url":"https:\/\/www.ghostysky.com\/wp-content\/uploads\/2020\/06\/cropped-ghostyskylogo_text_white2.png","contentUrl":"https:\/\/www.ghostysky.com\/wp-content\/uploads\/2020\/06\/cropped-ghostyskylogo_text_white2.png","width":169,"height":56,"caption":"Ghostysky"},"image":{"@id":"https:\/\/www.ghostysky.com\/#\/schema\/logo\/image\/"},"sameAs":["https:\/\/www.facebook.com\/people\/Ghostysky\/100057676170234\/","https:\/\/x.com\/Gh0stysky","https:\/\/www.linkedin.com\/company\/34739653","https:\/\/www.instagram.com\/gh0stysky"]}]}},"_links":{"self":[{"href":"https:\/\/www.ghostysky.com\/pt\/wp-json\/wp\/v2\/product\/21391","targetHints":{"allow":["GET"]}}],"collection":[{"href":"https:\/\/www.ghostysky.com\/pt\/wp-json\/wp\/v2\/product"}],"about":[{"href":"https:\/\/www.ghostysky.com\/pt\/wp-json\/wp\/v2\/types\/product"}],"replies":[{"embeddable":true,"href":"https:\/\/www.ghostysky.com\/pt\/wp-json\/wp\/v2\/comments?post=21391"}],"wp:featuredmedia":[{"embeddable":true,"href":"https:\/\/www.ghostysky.com\/pt\/wp-json\/wp\/v2\/media\/21392"}],"wp:attachment":[{"href":"https:\/\/www.ghostysky.com\/pt\/wp-json\/wp\/v2\/media?parent=21391"}],"wp:term":[{"taxonomy":"product_brand","embeddable":true,"href":"https:\/\/www.ghostysky.com\/pt\/wp-json\/wp\/v2\/product_brand?post=21391"},{"taxonomy":"product_cat","embeddable":true,"href":"https:\/\/www.ghostysky.com\/pt\/wp-json\/wp\/v2\/product_cat?post=21391"},{"taxonomy":"product_tag","embeddable":true,"href":"https:\/\/www.ghostysky.com\/pt\/wp-json\/wp\/v2\/product_tag?post=21391"}],"curies":[{"name":"wp","href":"https:\/\/api.w.org\/{rel}","templated":true}]}}