{"id":21393,"date":"2025-10-16T14:36:56","date_gmt":"2025-10-16T14:36:56","guid":{"rendered":"https:\/\/www.ghostysky.com\/?post_type=product&#038;p=21393"},"modified":"2025-10-16T14:37:20","modified_gmt":"2025-10-16T14:37:20","slug":"unitree-b2-w-wheeled-robot","status":"publish","type":"product","link":"https:\/\/www.ghostysky.com\/pt\/product\/unitree-b2-w-wheeled-robot\/","title":{"rendered":"Unitree B2-W (rob\u00f4 com rodas)"},"content":{"rendered":"<div id=\"model-response-message-contentr_3cc1e582cb55b570\" class=\"markdown markdown-main-panel stronger enable-updated-hr-color\" dir=\"ltr\">\n<h3><b>Principais recursos e capacidades<\/b><\/h3>\n<ul>\n<li><b>Mobilidade h\u00edbrida de perna e roda:<\/b><span class=\"citation-457 citation-end-457\"> O design estrutural exclusivo permite uma altern\u00e2ncia din\u00e2mica entre formas com pernas e rodas (opcional), proporcionando versatilidade incompar\u00e1vel.<\/span> <span class=\"citation-456 citation-end-456\">Utilize as rodas para viagens de alta velocidade e longo alcance em superf\u00edcies planas e as pernas para estabilidade superior e supera\u00e7\u00e3o de obst\u00e1culos em terrenos complexos, como escadas, pilhas de pedras e encostas \u00edngremes.<\/span><\/li>\n<li><b>Desempenho extremo:<\/b><span class=\"citation-455\"> O B2-W foi desenvolvido para tarefas pesadas, apresentando uma excepcional <\/span><b><span class=\"citation-455\">carga \u00fatil m\u00e1xima de at\u00e9 120 kg<\/span><\/b><span class=\"citation-455\"> e uma sustentada <\/span><b><span class=\"citation-455\">carga \u00fatil m\u00f3vel de mais de 40 kg<\/span><\/b><span class=\"citation-455 citation-end-455\">.<\/span><\/li>\n<li><b><span class=\"citation-454\">Velocidade e resist\u00eancia incompar\u00e1veis:<\/span><\/b><span class=\"citation-454 citation-end-454\"> Alcance velocidades de at\u00e9 <\/span><b><span class=\"math-inline\" data-math=\"\\text{6 m\/s}\"><span class=\"katex\"><span class=\"katex-html\" aria-hidden=\"true\"><span class=\"base\"><span class=\"mord text\"><span class=\"mord\">6 m\/s<\/span><\/span><\/span><\/span><\/span><\/span><\/b><span class=\"citation-453 citation-end-453\"> ou <\/span><b><span class=\"math-inline\" data-math=\"\\text{20 km\/h}\"><span class=\"katex\"><span class=\"katex-html\" aria-hidden=\"true\"><span class=\"base\"><span class=\"mord text\"><span class=\"mord\">20 km\/h<\/span><\/span><\/span><\/span><\/span><\/span><\/b><span class=\"citation-452 citation-end-452\"> (no modo com rodas), superando significativamente a maioria dos quadr\u00fapedes.<\/span> <span class=\"citation-451 citation-end-451\">Sua alta capacidade <\/span><span class=\"math-inline\" data-math=\"\\text{2 kWh}\"><span class=\"katex\"><span class=\"katex-html\" aria-hidden=\"true\"><span class=\"base\"><span class=\"mord text\"><span class=\"mord\">2 kWh<\/span><\/span><\/span><\/span><\/span><\/span><span class=\"citation-450 citation-end-450\"> a bateria oferece resist\u00eancia operacional superior, permitindo viagens de at\u00e9 <\/span><b><span class=\"math-inline\" data-math=\"\\text{50 km}\"><span class=\"katex\"><span class=\"katex-html\" aria-hidden=\"true\"><span class=\"base\"><span class=\"mord text\"><span class=\"mord\">50 km<\/span><\/span><\/span><\/span><\/span><\/span><\/b><span class=\"citation-449 citation-end-449\"> com um <\/span><span class=\"math-inline\" data-math=\"\\text{40 kg}\"><span class=\"katex\"><span class=\"katex-html\" aria-hidden=\"true\"><span class=\"base\"><span class=\"mord text\"><span class=\"mord\">40 kg<\/span><\/span><\/span><\/span><\/span><\/span><span class=\"citation-448 citation-end-448\"> carregar.<\/span><\/li>\n<li><b>Dom\u00ednio em todos os terrenos:<\/b><span class=\"citation-447 citation-end-447\"> Equipado com rodas de alta confiabilidade que absorvem choques e controle de movimento avan\u00e7ado, o rob\u00f4 pode navegar por paisagens diversas e acidentadas com facilidade.<\/span> <span class=\"citation-446 citation-end-446\">\u00c9 capaz de subir escadas (at\u00e9 <\/span><span class=\"math-inline\" data-math=\"\\text{20-25 cm}\"><span class=\"katex\"><span class=\"katex-html\" aria-hidden=\"true\"><span class=\"base\"><span class=\"mord text\"><span class=\"mord\">20-25 cm<\/span><\/span><\/span><\/span><\/span><\/span><span class=\"citation-445 citation-end-445\"> em subida cont\u00ednua ou <\/span><span class=\"math-inline\" data-math=\"\\text{40 cm}\"><span class=\"katex\"><span class=\"katex-html\" aria-hidden=\"true\"><span class=\"base\"><span class=\"mord text\"><span class=\"mord\">40 cm<\/span><\/span><\/span><\/span><\/span><\/span><span class=\"citation-444 citation-end-444\"> para obst\u00e1culos individuais), lidando com \u00e2ngulos de escalada sobre <\/span><span class=\"math-inline\" data-math=\"\\text{45}^\\circ\"><span class=\"katex\"><span class=\"katex-html\" aria-hidden=\"true\"><span class=\"base\"><span class=\"mord\"><span class=\"mord text\">45<\/span><span class=\"msupsub\"><span class=\"vlist-t\"><span class=\"vlist-r\"><span class=\"vlist\"><span class=\"\"><span class=\"sizing reset-size6 size3 mtight\"><span class=\"mbin mtight\">\u2218<\/span><\/span><\/span><\/span><\/span><\/span><\/span><\/span><\/span><\/span><\/span><\/span><span class=\"citation-443 citation-end-443\">, e operando de forma confi\u00e1vel em temperaturas extremas (<\/span><span class=\"math-inline\" data-math=\"\\text{-20}^\\circ\\text{C}\"><span class=\"katex\"><span class=\"katex-html\" aria-hidden=\"true\"><span class=\"base\"><span class=\"mord\"><span class=\"mord text\">-20<\/span><span class=\"msupsub\"><span class=\"vlist-t\"><span class=\"vlist-r\"><span class=\"vlist\"><span class=\"\"><span class=\"sizing reset-size6 size3 mtight\"><span class=\"mbin mtight\">\u2218<\/span><\/span><\/span><\/span><\/span><\/span><\/span><\/span><span class=\"mord text\"><span class=\"mord\">C<\/span><\/span><\/span><\/span><\/span><\/span><span class=\"citation-442 citation-end-442\"> para <\/span><span class=\"math-inline\" data-math=\"\\text{55}^\\circ\\text{C}\"><span class=\"katex\"><span class=\"katex-html\" aria-hidden=\"true\"><span class=\"base\"><span class=\"mord\"><span class=\"mord text\">55<\/span><span class=\"msupsub\"><span class=\"vlist-t\"><span class=\"vlist-r\"><span class=\"vlist\"><span class=\"\"><span class=\"sizing reset-size6 size3 mtight\"><span class=\"mbin mtight\">\u2218<\/span><\/span><\/span><\/span><\/span><\/span><\/span><\/span><span class=\"mord text\"><span class=\"mord\">C<\/span><\/span><\/span><\/span><\/span><\/span><span class=\"citation-441 citation-end-441\">).<\/span><\/li>\n<li><b><span class=\"citation-440\">Autonomia Inteligente:<\/span><\/b><span class=\"citation-440 citation-end-440\"> Recursos avan\u00e7ados <\/span><span class=\"math-inline\" data-math=\"\\text{AI}\"><span class=\"katex\"><span class=\"katex-html\" aria-hidden=\"true\"><span class=\"base\"><span class=\"mord text\"><span class=\"mord\">IA<\/span><\/span><\/span><\/span><\/span><\/span><span class=\"citation-439 citation-end-439\">-navega\u00e7\u00e3o orientada por sensores sofisticada, incluindo uma configura\u00e7\u00e3o padr\u00e3o de c\u00e2meras de profundidade, c\u00e2meras \u00f3pticas e opcionais <\/span><span class=\"math-inline\" data-math=\"\\text{3D LiDAR}\"><span class=\"katex\"><span class=\"katex-html\" aria-hidden=\"true\"><span class=\"base\"><span class=\"mord text\"><span class=\"mord\">LiDAR 3D<\/span><\/span><\/span><\/span><\/span><\/span><span class=\"citation-438 citation-end-438\">.<\/span> <span class=\"citation-437 citation-end-437\">Isso garante percep\u00e7\u00e3o ambiental em tempo real, preven\u00e7\u00e3o aut\u00f4noma de obst\u00e1culos e mapeamento preciso para miss\u00f5es totalmente aut\u00f4nomas.<\/span><\/li>\n<li><b><span class=\"citation-436\">Robustez industrial:<\/span><\/b><span class=\"citation-436 citation-end-436\"> O design robusto \u00e9 apoiado por um <\/span><b><span class=\"math-inline\" data-math=\"\\text{IP67}\"><span class=\"katex\"><span class=\"katex-html\" aria-hidden=\"true\"><span class=\"base\"><span class=\"mord text\"><span class=\"mord\">IP67<\/span><\/span><\/span><\/span><\/span><\/span><span class=\"citation-435\"> Prote\u00e7\u00e3o de entrada<\/span><\/b><span class=\"citation-435 citation-end-435\"> classifica\u00e7\u00e3o, garantindo resili\u00eancia contra poeira e \u00e1gua em ambientes industriais adversos.<\/span><\/li>\n<\/ul>\n<p><b>Formul\u00e1rios:<\/b><\/p>\n<p>O Unitree B2-W \u00e9 uma ferramenta indispens\u00e1vel em uma ampla gama de ind\u00fastrias, incluindo <b>Inspe\u00e7\u00e3o Industrial<\/b>, <b>Patrulhamento e Seguran\u00e7a Aut\u00f4nomos<\/b>, <b>Log\u00edstica e Transporte de Materiais<\/b> em instala\u00e7\u00f5es desafiadoras, <b>Resgate de Emerg\u00eancia<\/b> opera\u00e7\u00f5es e avan\u00e7adas <b>Pesquisa Acad\u00eamica<\/b> em rob\u00f3tica e <span class=\"math-inline\" data-math=\"\\text{AI}\"><span class=\"katex\"><span class=\"katex-html\" aria-hidden=\"true\"><span class=\"base\"><span class=\"mord text\"><span class=\"mord\">IA<\/span><\/span><\/span><\/span><\/span><\/span>.<\/p>\n<p><b><span class=\"citation-434 citation-end-434\">O B2-W n\u00e3o \u00e9 apenas um rob\u00f4; \u00e9 uma solu\u00e7\u00e3o poderosa, flex\u00edvel e robusta que ultrapassa os limites da automa\u00e7\u00e3o industrial e da rob\u00f3tica m\u00f3vel.<\/span><\/b><\/p>\n<div class=\"source-inline-chip-container ng-star-inserted\"><\/div>\n<\/div>","protected":false},"excerpt":{"rendered":"<p><span class=\"citation-459\">O <\/span><b><span class=\"citation-459\">Unitree B2-W<\/span><\/b><span class=\"citation-459 citation-end-459\"> \u00e9 um rob\u00f4 quadr\u00fapede de \u00faltima gera\u00e7\u00e3o, de n\u00edvel industrial, projetado para redefinir desempenho, resist\u00eancia e adaptabilidade em ambientes desafiadores.<\/span> <span class=\"citation-458 citation-end-458\">Como um poderoso h\u00edbrido de pernas e rodas, o B2-W combina perfeitamente a agilidade em todos os terrenos de um quadr\u00fapede com a efici\u00eancia de alta velocidade da locomo\u00e7\u00e3o sobre rodas, tornando-o a plataforma m\u00f3vel definitiva para aplica\u00e7\u00f5es comerciais e de pesquisa exigentes.<\/span><\/p>","protected":false},"featured_media":21394,"comment_status":"open","ping_status":"closed","template":"","meta":[],"product_brand":[1087],"product_cat":[1039,1037,1085],"product_tag":[1088,1099,1089],"class_list":{"0":"post-21393","1":"product","2":"type-product","3":"status-publish","4":"has-post-thumbnail","6":"product_brand-unitree","7":"product_cat-quadruped","8":"product_cat-robotics","9":"product_cat-unitree-quad-robots","10":"product_tag-unitree","11":"product_tag-unitree-a2b2-series","12":"product_tag-unitree-quadruped","14":"first","15":"onbackorder","16":"taxable","17":"shipping-taxable","18":"purchasable","19":"product-type-simple"},"yoast_head":"<!-- This site is optimized with the Yoast SEO plugin v27.1.1 - https:\/\/yoast.com\/product\/yoast-seo-wordpress\/ -->\n<title>Unitree B2-W (Wheeled Robot) - Ghostysky<\/title>\n<meta name=\"description\" content=\"The Unitree B2-W is a cutting-edge, industrial-grade quadruped robot engineered to redefine performance, endurance, and adaptability in challenging environments. As a powerful leg-wheel hybrid, the B2-W seamlessly blends the all-terrain agility of a quadruped with the high-speed efficiency of wheeled locomotion, making it the ultimate mobile platform for demanding commercial and research applications.\" \/>\n<meta name=\"robots\" content=\"index, follow, max-snippet:-1, max-image-preview:large, max-video-preview:-1\" \/>\n<link rel=\"canonical\" href=\"https:\/\/www.ghostysky.com\/pt\/produto-2\/unitree-b2-w-wheeled-robot\/\" \/>\n<meta property=\"og:locale\" content=\"pt_PT\" \/>\n<meta property=\"og:type\" content=\"article\" \/>\n<meta property=\"og:title\" content=\"Unitree B2-W (Wheeled Robot) - Ghostysky\" \/>\n<meta property=\"og:description\" content=\"The Unitree B2-W is a cutting-edge, industrial-grade quadruped robot engineered to redefine performance, endurance, and adaptability in challenging environments. As a powerful leg-wheel hybrid, the B2-W seamlessly blends the all-terrain agility of a quadruped with the high-speed efficiency of wheeled locomotion, making it the ultimate mobile platform for demanding commercial and research applications.\" \/>\n<meta property=\"og:url\" content=\"https:\/\/www.ghostysky.com\/pt\/produto-2\/unitree-b2-w-wheeled-robot\/\" \/>\n<meta property=\"og:site_name\" content=\"Ghostysky\" \/>\n<meta property=\"article:publisher\" content=\"https:\/\/www.facebook.com\/people\/Ghostysky\/100057676170234\/\" \/>\n<meta property=\"article:modified_time\" content=\"2025-10-16T14:37:20+00:00\" \/>\n<meta property=\"og:image\" content=\"https:\/\/www.ghostysky.com\/wp-content\/uploads\/2025\/10\/GH_Unitree-B2-W-Wheeled-Robot_1.jpg\" \/>\n\t<meta property=\"og:image:width\" content=\"650\" \/>\n\t<meta property=\"og:image:height\" content=\"650\" \/>\n\t<meta property=\"og:image:type\" content=\"image\/jpeg\" \/>\n<meta name=\"twitter:card\" content=\"summary_large_image\" \/>\n<meta name=\"twitter:site\" content=\"@Gh0stysky\" \/>\n<meta name=\"twitter:label1\" content=\"Tempo estimado de leitura\" \/>\n\t<meta name=\"twitter:data1\" content=\"2 minutos\" \/>\n<script type=\"application\/ld+json\" class=\"yoast-schema-graph\">{\"@context\":\"https:\/\/schema.org\",\"@graph\":[{\"@type\":\"WebPage\",\"@id\":\"https:\/\/www.ghostysky.com\/product\/unitree-b2-w-wheeled-robot\/\",\"url\":\"https:\/\/www.ghostysky.com\/product\/unitree-b2-w-wheeled-robot\/\",\"name\":\"Unitree B2-W (Wheeled Robot) - Ghostysky\",\"isPartOf\":{\"@id\":\"https:\/\/www.ghostysky.com\/#website\"},\"primaryImageOfPage\":{\"@id\":\"https:\/\/www.ghostysky.com\/product\/unitree-b2-w-wheeled-robot\/#primaryimage\"},\"image\":{\"@id\":\"https:\/\/www.ghostysky.com\/product\/unitree-b2-w-wheeled-robot\/#primaryimage\"},\"thumbnailUrl\":\"https:\/\/www.ghostysky.com\/wp-content\/uploads\/2025\/10\/GH_Unitree-B2-W-Wheeled-Robot_1.jpg\",\"datePublished\":\"2025-10-16T14:36:56+00:00\",\"dateModified\":\"2025-10-16T14:37:20+00:00\",\"description\":\"The Unitree B2-W is a cutting-edge, industrial-grade quadruped robot engineered to redefine performance, endurance, and adaptability in challenging environments. As a powerful leg-wheel hybrid, the B2-W seamlessly blends the all-terrain agility of a quadruped with the high-speed efficiency of wheeled locomotion, making it the ultimate mobile platform for demanding commercial and research applications.\",\"breadcrumb\":{\"@id\":\"https:\/\/www.ghostysky.com\/product\/unitree-b2-w-wheeled-robot\/#breadcrumb\"},\"inLanguage\":\"pt-PT\",\"potentialAction\":[{\"@type\":\"ReadAction\",\"target\":[\"https:\/\/www.ghostysky.com\/product\/unitree-b2-w-wheeled-robot\/\"]}]},{\"@type\":\"ImageObject\",\"inLanguage\":\"pt-PT\",\"@id\":\"https:\/\/www.ghostysky.com\/product\/unitree-b2-w-wheeled-robot\/#primaryimage\",\"url\":\"https:\/\/www.ghostysky.com\/wp-content\/uploads\/2025\/10\/GH_Unitree-B2-W-Wheeled-Robot_1.jpg\",\"contentUrl\":\"https:\/\/www.ghostysky.com\/wp-content\/uploads\/2025\/10\/GH_Unitree-B2-W-Wheeled-Robot_1.jpg\",\"width\":650,\"height\":650},{\"@type\":\"BreadcrumbList\",\"@id\":\"https:\/\/www.ghostysky.com\/product\/unitree-b2-w-wheeled-robot\/#breadcrumb\",\"itemListElement\":[{\"@type\":\"ListItem\",\"position\":1,\"name\":\"Home\",\"item\":\"https:\/\/www.ghostysky.com\/\"},{\"@type\":\"ListItem\",\"position\":2,\"name\":\"Shop\",\"item\":\"https:\/\/www.ghostysky.com\/shop\/\"},{\"@type\":\"ListItem\",\"position\":3,\"name\":\"Unitree B2-W (Wheeled Robot)\"}]},{\"@type\":\"WebSite\",\"@id\":\"https:\/\/www.ghostysky.com\/#website\",\"url\":\"https:\/\/www.ghostysky.com\/\",\"name\":\"Ghostysky\",\"description\":\"Delivering professional drones and services\",\"publisher\":{\"@id\":\"https:\/\/www.ghostysky.com\/#organization\"},\"potentialAction\":[{\"@type\":\"SearchAction\",\"target\":{\"@type\":\"EntryPoint\",\"urlTemplate\":\"https:\/\/www.ghostysky.com\/?s={search_term_string}\"},\"query-input\":{\"@type\":\"PropertyValueSpecification\",\"valueRequired\":true,\"valueName\":\"search_term_string\"}}],\"inLanguage\":\"pt-PT\"},{\"@type\":\"Organization\",\"@id\":\"https:\/\/www.ghostysky.com\/#organization\",\"name\":\"Ghostysky\",\"url\":\"https:\/\/www.ghostysky.com\/\",\"logo\":{\"@type\":\"ImageObject\",\"inLanguage\":\"pt-PT\",\"@id\":\"https:\/\/www.ghostysky.com\/#\/schema\/logo\/image\/\",\"url\":\"https:\/\/www.ghostysky.com\/wp-content\/uploads\/2020\/06\/cropped-ghostyskylogo_text_white2.png\",\"contentUrl\":\"https:\/\/www.ghostysky.com\/wp-content\/uploads\/2020\/06\/cropped-ghostyskylogo_text_white2.png\",\"width\":169,\"height\":56,\"caption\":\"Ghostysky\"},\"image\":{\"@id\":\"https:\/\/www.ghostysky.com\/#\/schema\/logo\/image\/\"},\"sameAs\":[\"https:\/\/www.facebook.com\/people\/Ghostysky\/100057676170234\/\",\"https:\/\/x.com\/Gh0stysky\",\"https:\/\/www.linkedin.com\/company\/34739653\",\"https:\/\/www.instagram.com\/gh0stysky\"]}]}<\/script>\n<!-- \/ Yoast SEO plugin. -->","yoast_head_json":{"title":"Unitree B2-W (Rob\u00f4 com Rodas) - Ghostysky","description":"O Unitree B2-W \u00e9 um rob\u00f4 quadr\u00fapede de \u00faltima gera\u00e7\u00e3o, de n\u00edvel industrial, projetado para redefinir desempenho, resist\u00eancia e adaptabilidade em ambientes desafiadores. Como um potente h\u00edbrido de pernas e rodas, o B2-W combina perfeitamente a agilidade todo-terreno de um quadr\u00fapede com a efici\u00eancia de alta velocidade da locomo\u00e7\u00e3o sobre rodas, tornando-se a plataforma m\u00f3vel definitiva para aplica\u00e7\u00f5es comerciais e de pesquisa exigentes.","robots":{"index":"index","follow":"follow","max-snippet":"max-snippet:-1","max-image-preview":"max-image-preview:large","max-video-preview":"max-video-preview:-1"},"canonical":"https:\/\/www.ghostysky.com\/pt\/produto-2\/unitree-b2-w-wheeled-robot\/","og_locale":"pt_PT","og_type":"article","og_title":"Unitree B2-W (Wheeled Robot) - Ghostysky","og_description":"The Unitree B2-W is a cutting-edge, industrial-grade quadruped robot engineered to redefine performance, endurance, and adaptability in challenging environments. As a powerful leg-wheel hybrid, the B2-W seamlessly blends the all-terrain agility of a quadruped with the high-speed efficiency of wheeled locomotion, making it the ultimate mobile platform for demanding commercial and research applications.","og_url":"https:\/\/www.ghostysky.com\/pt\/produto-2\/unitree-b2-w-wheeled-robot\/","og_site_name":"Ghostysky","article_publisher":"https:\/\/www.facebook.com\/people\/Ghostysky\/100057676170234\/","article_modified_time":"2025-10-16T14:37:20+00:00","og_image":[{"width":650,"height":650,"url":"https:\/\/www.ghostysky.com\/wp-content\/uploads\/2025\/10\/GH_Unitree-B2-W-Wheeled-Robot_1.jpg","type":"image\/jpeg"}],"twitter_card":"summary_large_image","twitter_site":"@Gh0stysky","twitter_misc":{"Tempo estimado de leitura":"2 minutos"},"schema":{"@context":"https:\/\/schema.org","@graph":[{"@type":"WebPage","@id":"https:\/\/www.ghostysky.com\/product\/unitree-b2-w-wheeled-robot\/","url":"https:\/\/www.ghostysky.com\/product\/unitree-b2-w-wheeled-robot\/","name":"Unitree B2-W (Rob\u00f4 com Rodas) - Ghostysky","isPartOf":{"@id":"https:\/\/www.ghostysky.com\/#website"},"primaryImageOfPage":{"@id":"https:\/\/www.ghostysky.com\/product\/unitree-b2-w-wheeled-robot\/#primaryimage"},"image":{"@id":"https:\/\/www.ghostysky.com\/product\/unitree-b2-w-wheeled-robot\/#primaryimage"},"thumbnailUrl":"https:\/\/www.ghostysky.com\/wp-content\/uploads\/2025\/10\/GH_Unitree-B2-W-Wheeled-Robot_1.jpg","datePublished":"2025-10-16T14:36:56+00:00","dateModified":"2025-10-16T14:37:20+00:00","description":"O Unitree B2-W \u00e9 um rob\u00f4 quadr\u00fapede de \u00faltima gera\u00e7\u00e3o, de n\u00edvel industrial, projetado para redefinir desempenho, resist\u00eancia e adaptabilidade em ambientes desafiadores. Como um potente h\u00edbrido de pernas e rodas, o B2-W combina perfeitamente a agilidade todo-terreno de um quadr\u00fapede com a efici\u00eancia de alta velocidade da locomo\u00e7\u00e3o sobre rodas, tornando-se a plataforma m\u00f3vel definitiva para aplica\u00e7\u00f5es comerciais e de pesquisa exigentes.","breadcrumb":{"@id":"https:\/\/www.ghostysky.com\/product\/unitree-b2-w-wheeled-robot\/#breadcrumb"},"inLanguage":"pt-PT","potentialAction":[{"@type":"ReadAction","target":["https:\/\/www.ghostysky.com\/product\/unitree-b2-w-wheeled-robot\/"]}]},{"@type":"ImageObject","inLanguage":"pt-PT","@id":"https:\/\/www.ghostysky.com\/product\/unitree-b2-w-wheeled-robot\/#primaryimage","url":"https:\/\/www.ghostysky.com\/wp-content\/uploads\/2025\/10\/GH_Unitree-B2-W-Wheeled-Robot_1.jpg","contentUrl":"https:\/\/www.ghostysky.com\/wp-content\/uploads\/2025\/10\/GH_Unitree-B2-W-Wheeled-Robot_1.jpg","width":650,"height":650},{"@type":"BreadcrumbList","@id":"https:\/\/www.ghostysky.com\/product\/unitree-b2-w-wheeled-robot\/#breadcrumb","itemListElement":[{"@type":"ListItem","position":1,"name":"Home","item":"https:\/\/www.ghostysky.com\/"},{"@type":"ListItem","position":2,"name":"Shop","item":"https:\/\/www.ghostysky.com\/shop\/"},{"@type":"ListItem","position":3,"name":"Unitree B2-W (Wheeled Robot)"}]},{"@type":"WebSite","@id":"https:\/\/www.ghostysky.com\/#website","url":"https:\/\/www.ghostysky.com\/","name":"Ghostysky","description":"Fornecendo drones e servi\u00e7os profissionais","publisher":{"@id":"https:\/\/www.ghostysky.com\/#organization"},"potentialAction":[{"@type":"SearchAction","target":{"@type":"EntryPoint","urlTemplate":"https:\/\/www.ghostysky.com\/?s={search_term_string}"},"query-input":{"@type":"PropertyValueSpecification","valueRequired":true,"valueName":"search_term_string"}}],"inLanguage":"pt-PT"},{"@type":"Organization","@id":"https:\/\/www.ghostysky.com\/#organization","name":"Ghostysky","url":"https:\/\/www.ghostysky.com\/","logo":{"@type":"ImageObject","inLanguage":"pt-PT","@id":"https:\/\/www.ghostysky.com\/#\/schema\/logo\/image\/","url":"https:\/\/www.ghostysky.com\/wp-content\/uploads\/2020\/06\/cropped-ghostyskylogo_text_white2.png","contentUrl":"https:\/\/www.ghostysky.com\/wp-content\/uploads\/2020\/06\/cropped-ghostyskylogo_text_white2.png","width":169,"height":56,"caption":"Ghostysky"},"image":{"@id":"https:\/\/www.ghostysky.com\/#\/schema\/logo\/image\/"},"sameAs":["https:\/\/www.facebook.com\/people\/Ghostysky\/100057676170234\/","https:\/\/x.com\/Gh0stysky","https:\/\/www.linkedin.com\/company\/34739653","https:\/\/www.instagram.com\/gh0stysky"]}]}},"_links":{"self":[{"href":"https:\/\/www.ghostysky.com\/pt\/wp-json\/wp\/v2\/product\/21393","targetHints":{"allow":["GET"]}}],"collection":[{"href":"https:\/\/www.ghostysky.com\/pt\/wp-json\/wp\/v2\/product"}],"about":[{"href":"https:\/\/www.ghostysky.com\/pt\/wp-json\/wp\/v2\/types\/product"}],"replies":[{"embeddable":true,"href":"https:\/\/www.ghostysky.com\/pt\/wp-json\/wp\/v2\/comments?post=21393"}],"wp:featuredmedia":[{"embeddable":true,"href":"https:\/\/www.ghostysky.com\/pt\/wp-json\/wp\/v2\/media\/21394"}],"wp:attachment":[{"href":"https:\/\/www.ghostysky.com\/pt\/wp-json\/wp\/v2\/media?parent=21393"}],"wp:term":[{"taxonomy":"product_brand","embeddable":true,"href":"https:\/\/www.ghostysky.com\/pt\/wp-json\/wp\/v2\/product_brand?post=21393"},{"taxonomy":"product_cat","embeddable":true,"href":"https:\/\/www.ghostysky.com\/pt\/wp-json\/wp\/v2\/product_cat?post=21393"},{"taxonomy":"product_tag","embeddable":true,"href":"https:\/\/www.ghostysky.com\/pt\/wp-json\/wp\/v2\/product_tag?post=21393"}],"curies":[{"name":"wp","href":"https:\/\/api.w.org\/{rel}","templated":true}]}}