{"id":21405,"date":"2025-10-16T14:54:22","date_gmt":"2025-10-16T14:54:22","guid":{"rendered":"https:\/\/www.ghostysky.com\/?post_type=product&#038;p=21405"},"modified":"2025-10-16T14:58:01","modified_gmt":"2025-10-16T14:58:01","slug":"unitree-b2-charger","status":"publish","type":"product","link":"https:\/\/www.ghostysky.com\/pt\/product\/unitree-b2-charger\/","title":{"rendered":"Carregador Unitree B2"},"content":{"rendered":"<h3><b>Caracter\u00edsticas principais<\/b><\/h3>\n<ul>\n<li><b><span class=\"citation-532\">Design dedicado:<\/span><\/b><span class=\"citation-532 citation-end-532\"> Projetado especificamente para atender aos requisitos de energia da bateria de alta capacidade do rob\u00f4 Unitree B2 (normalmente em torno de 45 Ah, 58 V nominal).<\/span><\/li>\n<li><b><span class=\"citation-531\">Desempenho confi\u00e1vel:<\/span><\/b><span class=\"citation-531 citation-end-531\"> Projetado para carregamento seguro e consistente, ajudando a manter a sa\u00fade e a longevidade da poderosa bateria do B2.<\/span><\/li>\n<li><b>Ampla faixa de tens\u00e3o de entrada:<\/b><span class=\"citation-530\"> Suporta uma ampla tens\u00e3o de entrada de <\/span><b><span class=\"citation-530\">100\u2013240 V<\/span><\/b><span class=\"citation-530 citation-end-530\">, tornando-o compat\u00edvel com tomadas el\u00e9tricas padr\u00e3o em v\u00e1rias regi\u00f5es do mundo.<\/span><\/li>\n<li><b>Suporte para carregamento r\u00e1pido (dependendo da bateria):<\/b> Quando emparelhado com a bateria de alta capacidade apropriada (como o modelo industrial BT2-12), o carregador pode facilitar <b>carregamento r\u00e1pido<\/b>, muitas vezes atingindo uma carga completa em um per\u00edodo m\u00ednimo de tempo.<\/li>\n<li><b><span class=\"citation-529\">Compatibilidade de carregamento aut\u00f4nomo (opcional):<\/span><\/b><span class=\"citation-529\"> A plataforma B2 oferece suporte opcional <\/span><b><span class=\"citation-529\">solu\u00e7\u00f5es de carregamento aut\u00f4nomo<\/span><\/b><span class=\"citation-529 citation-end-529\"> como um kit de carregador de contato e uma base de carregamento.<\/span> <span class=\"citation-528 citation-end-528\">Este carregador ou componentes relacionados s\u00e3o cruciais para permitir que o rob\u00f4 se recarregue sozinho com interven\u00e7\u00e3o humana m\u00ednima, maximizando a efici\u00eancia operacional.<\/span><\/li>\n<\/ul>\n<p>Mantenha seu Unitree B2 de n\u00edvel industrial pronto para sua pr\u00f3xima miss\u00e3o com seu carregador confi\u00e1vel e desenvolvido especialmente para esse fim.<\/p>","protected":false},"excerpt":{"rendered":"<p>O carregador Unitree B2 \u00e9 o acess\u00f3rio de energia essencial para o avan\u00e7ado rob\u00f4 quadr\u00fapede industrial Unitree B2. <span class=\"citation-533 citation-end-533 interactive-span-hovered\">Projetado para efici\u00eancia e confiabilidade, este carregador garante que seu rob\u00f4 B2 mantenha o m\u00e1ximo de tempo de atividade para opera\u00e7\u00f5es industriais e de pesquisa cont\u00ednuas.<\/span><\/p>\n<div class=\"source-inline-chip-container ng-star-inserted\"><\/div>\n<p>&nbsp;<\/p>","protected":false},"featured_media":21407,"comment_status":"open","ping_status":"closed","template":"","meta":[],"product_brand":[1087],"product_cat":[1039,1037,1086],"product_tag":[1088,1101,1099,1089],"class_list":{"0":"post-21405","1":"product","2":"type-product","3":"status-publish","4":"has-post-thumbnail","6":"product_brand-unitree","7":"product_cat-quadruped","8":"product_cat-robotics","9":"product_cat-unitree-quad-accessories","10":"product_tag-unitree","11":"product_tag-unitree-a2-b2-accessories","12":"product_tag-unitree-a2b2-series","13":"product_tag-unitree-quadruped","15":"first","16":"onbackorder","17":"taxable","18":"shipping-taxable","19":"purchasable","20":"product-type-simple"},"yoast_head":"<!-- This site is optimized with the Yoast SEO plugin v27.1.1 - https:\/\/yoast.com\/product\/yoast-seo-wordpress\/ -->\n<title>Unitree B2 Charger - Ghostysky<\/title>\n<meta name=\"description\" content=\"The Unitree B2 Charger is the essential power accessory for the advanced Unitree B2 Industrial Quadruped Robot. Engineered for efficiency and reliability, this charger ensures your B2 robot maintains maximum uptime for continuous industrial and research operations.\" \/>\n<meta name=\"robots\" content=\"index, follow, max-snippet:-1, max-image-preview:large, max-video-preview:-1\" \/>\n<link rel=\"canonical\" href=\"https:\/\/www.ghostysky.com\/pt\/produto-2\/unitree-b2-charger\/\" \/>\n<meta property=\"og:locale\" content=\"pt_PT\" \/>\n<meta property=\"og:type\" content=\"article\" \/>\n<meta property=\"og:title\" content=\"Unitree B2 Charger - Ghostysky\" \/>\n<meta property=\"og:description\" content=\"The Unitree B2 Charger is the essential power accessory for the advanced Unitree B2 Industrial Quadruped Robot. Engineered for efficiency and reliability, this charger ensures your B2 robot maintains maximum uptime for continuous industrial and research operations.\" \/>\n<meta property=\"og:url\" content=\"https:\/\/www.ghostysky.com\/pt\/produto-2\/unitree-b2-charger\/\" \/>\n<meta property=\"og:site_name\" content=\"Ghostysky\" \/>\n<meta property=\"article:publisher\" content=\"https:\/\/www.facebook.com\/people\/Ghostysky\/100057676170234\/\" \/>\n<meta property=\"article:modified_time\" content=\"2025-10-16T14:58:01+00:00\" \/>\n<meta property=\"og:image\" content=\"https:\/\/www.ghostysky.com\/wp-content\/uploads\/2025\/10\/GH_UnitreeB2Charger_1.webp\" \/>\n\t<meta property=\"og:image:width\" content=\"1000\" \/>\n\t<meta property=\"og:image:height\" content=\"1000\" \/>\n\t<meta property=\"og:image:type\" content=\"image\/webp\" \/>\n<meta name=\"twitter:card\" content=\"summary_large_image\" \/>\n<meta name=\"twitter:site\" content=\"@Gh0stysky\" \/>\n<meta name=\"twitter:label1\" content=\"Tempo estimado de leitura\" \/>\n\t<meta name=\"twitter:data1\" content=\"1 minuto\" \/>\n<script type=\"application\/ld+json\" class=\"yoast-schema-graph\">{\"@context\":\"https:\/\/schema.org\",\"@graph\":[{\"@type\":\"WebPage\",\"@id\":\"https:\/\/www.ghostysky.com\/product\/unitree-b2-charger\/\",\"url\":\"https:\/\/www.ghostysky.com\/product\/unitree-b2-charger\/\",\"name\":\"Unitree B2 Charger - Ghostysky\",\"isPartOf\":{\"@id\":\"https:\/\/www.ghostysky.com\/#website\"},\"primaryImageOfPage\":{\"@id\":\"https:\/\/www.ghostysky.com\/product\/unitree-b2-charger\/#primaryimage\"},\"image\":{\"@id\":\"https:\/\/www.ghostysky.com\/product\/unitree-b2-charger\/#primaryimage\"},\"thumbnailUrl\":\"https:\/\/www.ghostysky.com\/wp-content\/uploads\/2025\/10\/GH_UnitreeB2Charger_1.webp\",\"datePublished\":\"2025-10-16T14:54:22+00:00\",\"dateModified\":\"2025-10-16T14:58:01+00:00\",\"description\":\"The Unitree B2 Charger is the essential power accessory for the advanced Unitree B2 Industrial Quadruped Robot. Engineered for efficiency and reliability, this charger ensures your B2 robot maintains maximum uptime for continuous industrial and research operations.\",\"breadcrumb\":{\"@id\":\"https:\/\/www.ghostysky.com\/product\/unitree-b2-charger\/#breadcrumb\"},\"inLanguage\":\"pt-PT\",\"potentialAction\":[{\"@type\":\"ReadAction\",\"target\":[\"https:\/\/www.ghostysky.com\/product\/unitree-b2-charger\/\"]}]},{\"@type\":\"ImageObject\",\"inLanguage\":\"pt-PT\",\"@id\":\"https:\/\/www.ghostysky.com\/product\/unitree-b2-charger\/#primaryimage\",\"url\":\"https:\/\/www.ghostysky.com\/wp-content\/uploads\/2025\/10\/GH_UnitreeB2Charger_1.webp\",\"contentUrl\":\"https:\/\/www.ghostysky.com\/wp-content\/uploads\/2025\/10\/GH_UnitreeB2Charger_1.webp\",\"width\":1000,\"height\":1000},{\"@type\":\"BreadcrumbList\",\"@id\":\"https:\/\/www.ghostysky.com\/product\/unitree-b2-charger\/#breadcrumb\",\"itemListElement\":[{\"@type\":\"ListItem\",\"position\":1,\"name\":\"Home\",\"item\":\"https:\/\/www.ghostysky.com\/\"},{\"@type\":\"ListItem\",\"position\":2,\"name\":\"Shop\",\"item\":\"https:\/\/www.ghostysky.com\/shop\/\"},{\"@type\":\"ListItem\",\"position\":3,\"name\":\"Unitree B2 Charger\"}]},{\"@type\":\"WebSite\",\"@id\":\"https:\/\/www.ghostysky.com\/#website\",\"url\":\"https:\/\/www.ghostysky.com\/\",\"name\":\"Ghostysky\",\"description\":\"Delivering professional drones and services\",\"publisher\":{\"@id\":\"https:\/\/www.ghostysky.com\/#organization\"},\"potentialAction\":[{\"@type\":\"SearchAction\",\"target\":{\"@type\":\"EntryPoint\",\"urlTemplate\":\"https:\/\/www.ghostysky.com\/?s={search_term_string}\"},\"query-input\":{\"@type\":\"PropertyValueSpecification\",\"valueRequired\":true,\"valueName\":\"search_term_string\"}}],\"inLanguage\":\"pt-PT\"},{\"@type\":\"Organization\",\"@id\":\"https:\/\/www.ghostysky.com\/#organization\",\"name\":\"Ghostysky\",\"url\":\"https:\/\/www.ghostysky.com\/\",\"logo\":{\"@type\":\"ImageObject\",\"inLanguage\":\"pt-PT\",\"@id\":\"https:\/\/www.ghostysky.com\/#\/schema\/logo\/image\/\",\"url\":\"https:\/\/www.ghostysky.com\/wp-content\/uploads\/2020\/06\/cropped-ghostyskylogo_text_white2.png\",\"contentUrl\":\"https:\/\/www.ghostysky.com\/wp-content\/uploads\/2020\/06\/cropped-ghostyskylogo_text_white2.png\",\"width\":169,\"height\":56,\"caption\":\"Ghostysky\"},\"image\":{\"@id\":\"https:\/\/www.ghostysky.com\/#\/schema\/logo\/image\/\"},\"sameAs\":[\"https:\/\/www.facebook.com\/people\/Ghostysky\/100057676170234\/\",\"https:\/\/x.com\/Gh0stysky\",\"https:\/\/www.linkedin.com\/company\/34739653\",\"https:\/\/www.instagram.com\/gh0stysky\"]}]}<\/script>\n<!-- \/ Yoast SEO plugin. -->","yoast_head_json":{"title":"Carregador Unitree B2 - Ghostysky","description":"O carregador Unitree B2 \u00e9 o acess\u00f3rio de energia essencial para o avan\u00e7ado rob\u00f4 quadr\u00fapede industrial Unitree B2. Projetado para efici\u00eancia e confiabilidade, este carregador garante que seu rob\u00f4 B2 mantenha o m\u00e1ximo de tempo de atividade para opera\u00e7\u00f5es industriais e de pesquisa cont\u00ednuas.","robots":{"index":"index","follow":"follow","max-snippet":"max-snippet:-1","max-image-preview":"max-image-preview:large","max-video-preview":"max-video-preview:-1"},"canonical":"https:\/\/www.ghostysky.com\/pt\/produto-2\/unitree-b2-charger\/","og_locale":"pt_PT","og_type":"article","og_title":"Unitree B2 Charger - Ghostysky","og_description":"The Unitree B2 Charger is the essential power accessory for the advanced Unitree B2 Industrial Quadruped Robot. Engineered for efficiency and reliability, this charger ensures your B2 robot maintains maximum uptime for continuous industrial and research operations.","og_url":"https:\/\/www.ghostysky.com\/pt\/produto-2\/unitree-b2-charger\/","og_site_name":"Ghostysky","article_publisher":"https:\/\/www.facebook.com\/people\/Ghostysky\/100057676170234\/","article_modified_time":"2025-10-16T14:58:01+00:00","og_image":[{"width":1000,"height":1000,"url":"https:\/\/www.ghostysky.com\/wp-content\/uploads\/2025\/10\/GH_UnitreeB2Charger_1.webp","type":"image\/webp"}],"twitter_card":"summary_large_image","twitter_site":"@Gh0stysky","twitter_misc":{"Tempo estimado de leitura":"1 minuto"},"schema":{"@context":"https:\/\/schema.org","@graph":[{"@type":"WebPage","@id":"https:\/\/www.ghostysky.com\/product\/unitree-b2-charger\/","url":"https:\/\/www.ghostysky.com\/product\/unitree-b2-charger\/","name":"Carregador Unitree B2 - Ghostysky","isPartOf":{"@id":"https:\/\/www.ghostysky.com\/#website"},"primaryImageOfPage":{"@id":"https:\/\/www.ghostysky.com\/product\/unitree-b2-charger\/#primaryimage"},"image":{"@id":"https:\/\/www.ghostysky.com\/product\/unitree-b2-charger\/#primaryimage"},"thumbnailUrl":"https:\/\/www.ghostysky.com\/wp-content\/uploads\/2025\/10\/GH_UnitreeB2Charger_1.webp","datePublished":"2025-10-16T14:54:22+00:00","dateModified":"2025-10-16T14:58:01+00:00","description":"O carregador Unitree B2 \u00e9 o acess\u00f3rio de energia essencial para o avan\u00e7ado rob\u00f4 quadr\u00fapede industrial Unitree B2. Projetado para efici\u00eancia e confiabilidade, este carregador garante que seu rob\u00f4 B2 mantenha o m\u00e1ximo de tempo de atividade para opera\u00e7\u00f5es industriais e de pesquisa cont\u00ednuas.","breadcrumb":{"@id":"https:\/\/www.ghostysky.com\/product\/unitree-b2-charger\/#breadcrumb"},"inLanguage":"pt-PT","potentialAction":[{"@type":"ReadAction","target":["https:\/\/www.ghostysky.com\/product\/unitree-b2-charger\/"]}]},{"@type":"ImageObject","inLanguage":"pt-PT","@id":"https:\/\/www.ghostysky.com\/product\/unitree-b2-charger\/#primaryimage","url":"https:\/\/www.ghostysky.com\/wp-content\/uploads\/2025\/10\/GH_UnitreeB2Charger_1.webp","contentUrl":"https:\/\/www.ghostysky.com\/wp-content\/uploads\/2025\/10\/GH_UnitreeB2Charger_1.webp","width":1000,"height":1000},{"@type":"BreadcrumbList","@id":"https:\/\/www.ghostysky.com\/product\/unitree-b2-charger\/#breadcrumb","itemListElement":[{"@type":"ListItem","position":1,"name":"Home","item":"https:\/\/www.ghostysky.com\/"},{"@type":"ListItem","position":2,"name":"Shop","item":"https:\/\/www.ghostysky.com\/shop\/"},{"@type":"ListItem","position":3,"name":"Unitree B2 Charger"}]},{"@type":"WebSite","@id":"https:\/\/www.ghostysky.com\/#website","url":"https:\/\/www.ghostysky.com\/","name":"Ghostysky","description":"Fornecendo drones e servi\u00e7os profissionais","publisher":{"@id":"https:\/\/www.ghostysky.com\/#organization"},"potentialAction":[{"@type":"SearchAction","target":{"@type":"EntryPoint","urlTemplate":"https:\/\/www.ghostysky.com\/?s={search_term_string}"},"query-input":{"@type":"PropertyValueSpecification","valueRequired":true,"valueName":"search_term_string"}}],"inLanguage":"pt-PT"},{"@type":"Organization","@id":"https:\/\/www.ghostysky.com\/#organization","name":"Ghostysky","url":"https:\/\/www.ghostysky.com\/","logo":{"@type":"ImageObject","inLanguage":"pt-PT","@id":"https:\/\/www.ghostysky.com\/#\/schema\/logo\/image\/","url":"https:\/\/www.ghostysky.com\/wp-content\/uploads\/2020\/06\/cropped-ghostyskylogo_text_white2.png","contentUrl":"https:\/\/www.ghostysky.com\/wp-content\/uploads\/2020\/06\/cropped-ghostyskylogo_text_white2.png","width":169,"height":56,"caption":"Ghostysky"},"image":{"@id":"https:\/\/www.ghostysky.com\/#\/schema\/logo\/image\/"},"sameAs":["https:\/\/www.facebook.com\/people\/Ghostysky\/100057676170234\/","https:\/\/x.com\/Gh0stysky","https:\/\/www.linkedin.com\/company\/34739653","https:\/\/www.instagram.com\/gh0stysky"]}]}},"_links":{"self":[{"href":"https:\/\/www.ghostysky.com\/pt\/wp-json\/wp\/v2\/product\/21405","targetHints":{"allow":["GET"]}}],"collection":[{"href":"https:\/\/www.ghostysky.com\/pt\/wp-json\/wp\/v2\/product"}],"about":[{"href":"https:\/\/www.ghostysky.com\/pt\/wp-json\/wp\/v2\/types\/product"}],"replies":[{"embeddable":true,"href":"https:\/\/www.ghostysky.com\/pt\/wp-json\/wp\/v2\/comments?post=21405"}],"wp:featuredmedia":[{"embeddable":true,"href":"https:\/\/www.ghostysky.com\/pt\/wp-json\/wp\/v2\/media\/21407"}],"wp:attachment":[{"href":"https:\/\/www.ghostysky.com\/pt\/wp-json\/wp\/v2\/media?parent=21405"}],"wp:term":[{"taxonomy":"product_brand","embeddable":true,"href":"https:\/\/www.ghostysky.com\/pt\/wp-json\/wp\/v2\/product_brand?post=21405"},{"taxonomy":"product_cat","embeddable":true,"href":"https:\/\/www.ghostysky.com\/pt\/wp-json\/wp\/v2\/product_cat?post=21405"},{"taxonomy":"product_tag","embeddable":true,"href":"https:\/\/www.ghostysky.com\/pt\/wp-json\/wp\/v2\/product_tag?post=21405"}],"curies":[{"name":"wp","href":"https:\/\/api.w.org\/{rel}","templated":true}]}}